{"id":18991,"date":"2025-05-23T08:09:05","date_gmt":"2025-05-23T08:09:05","guid":{"rendered":"https:\/\/staging.genekas24.ee\/?post_type=product&#038;p=18991"},"modified":"2025-12-31T08:46:14","modified_gmt":"2025-12-31T08:46:14","slug":"bensiinigeneraator-fv-13540-tra","status":"publish","type":"product","link":"https:\/\/staging.genekas24.ee\/fi\/tuote\/bensiinigeneraator-fv-13540-tra\/","title":{"rendered":"Bensiinigeneraator FV 13540 TRA"},"content":{"rendered":"<p>Fogo generaatorid tagavad pika ja t\u00f5husa t\u00f6\u00f6. Generaatorid on kavandatud ja valmistatud k\u00f5rgeima kvaliteediga komponentide p\u00f5hjal, t\u00e4ites rangeid standardite ja eeskirjade n\u00f5udeid. K\u00f5rge tootmiskvaliteet saavutatakse automatiseeritud ja robotiseeritud tootmisprotsessidest.<\/p>\n<article class=\"text-token-text-primary w-full\" dir=\"auto\" data-testid=\"conversation-turn-4\" data-scroll-anchor=\"true\">\n<div class=\"text-base my-auto mx-auto py-5 [--thread-content-margin:--spacing(4)] @[37rem]:[--thread-content-margin:--spacing(6)] @[72rem]:[--thread-content-margin:--spacing(16)] px-(--thread-content-margin)\">\n<div class=\"[--thread-content-max-width:32rem] @[34rem]:[--thread-content-max-width:40rem] @[64rem]:[--thread-content-max-width:48rem] mx-auto flex max-w-(--thread-content-max-width) flex-1 text-base gap-4 md:gap-5 lg:gap-6 group\/turn-messages focus-visible:outline-hidden\" tabindex=\"-1\">\n<div class=\"group\/conversation-turn relative flex w-full min-w-0 flex-col agent-turn\">\n<div class=\"relative flex-col gap-1 md:gap-3\">\n<div class=\"flex max-w-full flex-col grow\">\n<div class=\"min-h-8 text-message relative flex w-full flex-col items-end gap-2 text-start break-words whitespace-normal [.text-message+&amp;]:mt-5\" dir=\"auto\" data-message-author-role=\"assistant\" data-message-id=\"998a04df-ffcc-48d5-b88f-ee8639476577\" data-message-model-slug=\"gpt-4o\">\n<div class=\"flex w-full flex-col gap-1 empty:hidden first:pt-[3px]\">\n<div class=\"markdown prose dark:prose-invert w-full break-words dark\">\n<p data-start=\"0\" data-end=\"629\" data-is-last-node=\"\" data-is-only-node=\"\">Seade tagab pingestabiliseerimise \u00b12% ulatuses ning selle koguharmooniline moonutus (THD) on alla 4%, mis viitab k\u00f5rgele elektrienergia kvaliteedile. K\u00e4ivitust\u00f5ukevool \u00fcletab 350%, v\u00f5imaldades suure energiavajadusega seadmete t\u00f5rgeteta k\u00e4ivitamist. Generaatoril on H-klassi isolatsioon ja IP54 kaitseklass, mis tagavad t\u00f6\u00f6kindluse ka keerukates tingimustes. \u00dchefaasiline 32 A v\u00e4ljund v\u00f5imaldab \u00fchendada v\u00f5imsamaid seadmeid. T\u00f6\u00f6aeg 75% koormusel ulatub kuni 10 tunnini. Seade sobib v\u00e4listingimustes kasutamiseks ka ilma kaitsekorpuseta, maksimaalse m\u00fcratasemega 96 dB(A). Tugev konstruktsioon on tagatud 38 mm l\u00e4bim\u00f5\u00f5duga raamiga.<\/p>\n<\/div>\n<\/div>\n<\/div>\n<\/div>\n<\/div>\n<\/div>\n<\/div>\n<\/div>\n<\/article>\n<table style=\"border-collapse: collapse; width: 100%; height: 144px;\">\n<tbody>\n<tr style=\"height: 24px;\">\n<td style=\"width: 100%; text-align: center; height: 24px;\" colspan=\"2\"><strong>Standard varustus<\/strong><\/td>\n<\/tr>\n<tr style=\"height: 24px;\">\n<td style=\"width: 50%; height: 24px;\"><strong>AVR<\/strong> &#8211; automaatne pingeregulaator<\/td>\n<td style=\"width: 50%; height: 24px;\">400V 32A pistikupesa<\/td>\n<\/tr>\n<tr style=\"height: 24px;\">\n<td style=\"width: 50%; height: 24px;\">230V 32A pistikupesa<\/td>\n<td style=\"width: 50%; height: 24px;\">230V 16A pistikupesa<\/td>\n<\/tr>\n<tr style=\"height: 24px;\">\n<td style=\"width: 50%; height: 24px;\">\u00dclekoormuskaitse<\/td>\n<td style=\"width: 50%; height: 24px;\">\u00d5litaseme andur<\/td>\n<\/tr>\n<tr style=\"height: 24px;\">\n<td style=\"width: 50%; height: 24px;\">Aku<\/td>\n<td style=\"width: 50%; height: 24px;\">Tunnilugeja<\/td>\n<\/tr>\n<tr style=\"height: 24px;\">\n<td style=\"height: 24px; width: 50%; text-align: left;\">Summuti koos heitgaasi toru adapteriga<\/td>\n<td style=\"width: 50%; text-align: left;\">\u00dchendus ATS-paneeli jaoks<\/td>\n<\/tr>\n<\/tbody>\n<\/table>\n<table style=\"border-collapse: collapse; width: 100%;\">\n<tbody>\n<tr>\n<td style=\"width: 100%; text-align: center;\" colspan=\"2\"><strong>Lisa- ja hooldusvarustus<\/strong><\/td>\n<\/tr>\n<tr>\n<td style=\"width: 50%;\">Heitgaasi toru<\/td>\n<td style=\"width: 50%;\">Transpordi komplekt<\/td>\n<\/tr>\n<tr>\n<td style=\"width: 50%;\">Hoolduskomplekt(\u00f5hu filter, s\u00fc\u00fctek\u00fc\u00fcnal, mootori\u00f5li)<\/td>\n<td style=\"width: 50%;\">ATS paneel<\/td>\n<\/tr>\n<\/tbody>\n<\/table>","protected":false},"excerpt":{"rendered":"<table style=\"border-collapse: collapse; width: 88.0117%; height: 336px;\">\n<tbody>\n<tr style=\"height: 24px;\">\n<td style=\"width: 53.1288%; height: 24px;\">Taajuus, Hz<\/td>\n<td style=\"width: 78.5989%; height: 24px;\">50<\/td>\n<\/tr>\n<tr style=\"height: 24px;\">\n<td style=\"width: 53.1288%; height: 24px;\">J\u00e4nnite, V<\/td>\n<td style=\"width: 78.5989%; height: 24px;\">230\/400<\/td>\n<\/tr>\n<tr style=\"height: 24px;\">\n<td style=\"width: 53.1288%; height: 24px;\">Max v\u00f5imsus, kW (230V\/400V)<\/td>\n<td style=\"width: 78.5989%; height: 24px;\">6.6\/10.0<\/td>\n<\/tr>\n<tr style=\"height: 24px;\">\n<td style=\"width: 53.1288%; height: 24px;\">Nominaalne v\u00f5imsus, kW (230V\/400V)<\/td>\n<td style=\"width: 78.5989%; height: 24px;\">6.0\/9.0<\/td>\n<\/tr>\n<tr style=\"height: 24px;\">\n<td style=\"width: 53.1288%; height: 24px;\">Vool(max) (230V\/400V), A<\/td>\n<td style=\"width: 78.5989%; height: 24px;\">26.1\/16.4<\/td>\n<\/tr>\n<tr style=\"height: 24px;\">\n<td style=\"width: 53.1288%; height: 24px;\">Mootor<\/td>\n<td style=\"width: 78.5989%; height: 24px;\">Vanguard<\/td>\n<\/tr>\n<tr style=\"height: 24px;\">\n<td style=\"width: 53.1288%; height: 24px;\">Mudel<\/td>\n<td style=\"width: 78.5989%; height: 24px;\">3564<\/td>\n<\/tr>\n<tr style=\"height: 24px;\">\n<td style=\"width: 53.1288%; height: 24px;\">Kampikammion tilavuus, L<\/td>\n<td style=\"width: 78.5989%; height: 24px;\">1.7<\/td>\n<\/tr>\n<tr style=\"height: 24px;\">\n<td style=\"width: 53.1288%; height: 24px;\">Jahutus<\/td>\n<td style=\"width: 78.5989%; height: 24px;\">\u00d5hk<\/td>\n<\/tr>\n<tr style=\"height: 24px;\">\n<td style=\"width: 53.1288%; height: 24px;\">Moottorityyppi<\/td>\n<td style=\"width: 78.5989%; height: 24px;\">2-silindriline, 4-taktiline<\/td>\n<\/tr>\n<tr style=\"height: 24px;\">\n<td style=\"width: 53.1288%; height: 24px;\">K\u00e4ivitust\u00fc\u00fcp<\/td>\n<td style=\"width: 78.5989%; height: 24px;\">Manuaalne + elektriline<\/td>\n<\/tr>\n<tr style=\"height: 24px;\">\n<td style=\"width: 53.1288%; height: 24px;\">K\u00fctus<\/td>\n<td style=\"width: 78.5989%; height: 24px;\">Bensiin<\/td>\n<\/tr>\n<tr style=\"height: 24px;\">\n<td style=\"width: 53.1288%; height: 24px;\">K\u00fctusepaak, l<\/td>\n<td style=\"width: 78.5989%; height: 24px;\">45<\/td>\n<\/tr>\n<tr style=\"height: 24px;\">\n<td style=\"width: 53.1288%; height: 24px;\">K\u00fctusekulu (75% koormuse juuures), l\/h<\/td>\n<td style=\"width: 78.5989%; height: 24px;\">4.5<\/td>\n<\/tr>\n<tr>\n<td style=\"width: 53.1288%;\">M\u00fcratase, dB(A)<\/td>\n<td style=\"width: 78.5989%;\">96<\/td>\n<\/tr>\n<tr>\n<td style=\"width: 53.1288%;\">Paino, kg<\/td>\n<td style=\"width: 78.5989%;\">144<\/td>\n<\/tr>\n<tr>\n<td style=\"width: 53.1288%;\">M\u00f5\u00f5tmed (P,L,K), mm<\/td>\n<td style=\"width: 78.5989%;\">790x580x765<\/td>\n<\/tr>\n<tr>\n<td style=\"width: 53.1288%;\">Suojausluokka<\/td>\n<td style=\"width: 78.5989%;\">IP54<\/td>\n<\/tr>\n<\/tbody>\n<\/table>","protected":false},"featured_media":18993,"template":"","meta":{"_acf_changed":false,"inline_featured_image":false},"product_brand":[],"product_cat":[179,94,21],"product_tag":[],"class_list":{"0":"post-18991","1":"product","2":"type-product","3":"status-publish","4":"has-post-thumbnail","6":"product_cat-allahinnatud","7":"product_cat-generaatorid","8":"product_cat-bensiinigeneraatorid","9":"product_shipping_class-poolalus","10":"brand-fogo","12":"first","13":"instock","14":"sale","15":"taxable","16":"shipping-taxable","17":"purchasable","18":"product-type-simple"},"acf":[],"yoast_head":"<!-- This site is optimized with the Yoast SEO plugin v26.2 - https:\/\/yoast.com\/wordpress\/plugins\/seo\/ -->\n<title>Bensiinigeneraator FV 13540 TRA - Genekas24<\/title>\n<meta name=\"robots\" content=\"index, follow, max-snippet:-1, max-image-preview:large, max-video-preview:-1\" \/>\n<link rel=\"canonical\" href=\"https:\/\/staging.genekas24.ee\/fi\/tuote\/bensiinigeneraator-fv-13540-tra\/\" \/>\n<meta property=\"og:locale\" content=\"fi_FI\" \/>\n<meta property=\"og:type\" content=\"article\" \/>\n<meta property=\"og:title\" content=\"Bensiinigeneraator FV 13540 TRA - Genekas24\" \/>\n<meta property=\"og:description\" content=\"Sagedus, Hz 50   Pinge, V 230\/400   Max v\u00f5imsus, kW (230V\/400V) 6.6\/10.0   Nominaalne v\u00f5imsus, kW (230V\/400V) 6.0\/9.0   Vool(max) (230V\/400V), A 26.1\/16.4   Mootor Vanguard   Mudel 3564   Karteri maht, l 1.7   Jahutus \u00d5hk   Mootori t\u00fc\u00fcp 2-silindriline, 4-taktiline   K\u00e4ivitust\u00fc\u00fcp Manuaalne + elektriline   K\u00fctus Bensiin   K\u00fctusepaak, l 45   K\u00fctusekulu (75% koormuse juuures), l\/h 4.5   M\u00fcratase, dB(A) 96   Kaal, kg 144   M\u00f5\u00f5tmed (P,L,K), mm 790x580x765   Kaitseklass IP54\" \/>\n<meta property=\"og:url\" content=\"https:\/\/staging.genekas24.ee\/fi\/tuote\/bensiinigeneraator-fv-13540-tra\/\" \/>\n<meta property=\"og:site_name\" content=\"Genekas24\" \/>\n<meta property=\"article:modified_time\" content=\"2025-12-31T08:46:14+00:00\" \/>\n<meta property=\"og:image\" content=\"https:\/\/staging.genekas24.ee\/wp-content\/uploads\/2025\/05\/FV-13540-TRA.png\" \/>\n\t<meta property=\"og:image:width\" content=\"1459\" \/>\n\t<meta property=\"og:image:height\" content=\"834\" \/>\n\t<meta property=\"og:image:type\" content=\"image\/png\" \/>\n<meta name=\"twitter:card\" content=\"summary_large_image\" \/>\n<meta name=\"twitter:label1\" content=\"Arvioitu lukuaika\" \/>\n\t<meta name=\"twitter:data1\" content=\"1 minuutti\" \/>\n<script type=\"application\/ld+json\" class=\"yoast-schema-graph\">{\"@context\":\"https:\/\/schema.org\",\"@graph\":[{\"@type\":\"WebPage\",\"@id\":\"https:\/\/staging.genekas24.ee\/toode\/bensiinigeneraator-fv-13540-tra\/\",\"url\":\"https:\/\/staging.genekas24.ee\/toode\/bensiinigeneraator-fv-13540-tra\/\",\"name\":\"Bensiinigeneraator FV 13540 TRA - Genekas24\",\"isPartOf\":{\"@id\":\"https:\/\/staging.genekas24.ee\/#website\"},\"primaryImageOfPage\":{\"@id\":\"https:\/\/staging.genekas24.ee\/toode\/bensiinigeneraator-fv-13540-tra\/#primaryimage\"},\"image\":{\"@id\":\"https:\/\/staging.genekas24.ee\/toode\/bensiinigeneraator-fv-13540-tra\/#primaryimage\"},\"thumbnailUrl\":\"https:\/\/staging.genekas24.ee\/wp-content\/uploads\/2025\/05\/FV-13540-TRA.png\",\"datePublished\":\"2025-05-23T08:09:05+00:00\",\"dateModified\":\"2025-12-31T08:46:14+00:00\",\"breadcrumb\":{\"@id\":\"https:\/\/staging.genekas24.ee\/toode\/bensiinigeneraator-fv-13540-tra\/#breadcrumb\"},\"inLanguage\":\"fi\",\"potentialAction\":[{\"@type\":\"ReadAction\",\"target\":[\"https:\/\/staging.genekas24.ee\/toode\/bensiinigeneraator-fv-13540-tra\/\"]}]},{\"@type\":\"ImageObject\",\"inLanguage\":\"fi\",\"@id\":\"https:\/\/staging.genekas24.ee\/toode\/bensiinigeneraator-fv-13540-tra\/#primaryimage\",\"url\":\"https:\/\/staging.genekas24.ee\/wp-content\/uploads\/2025\/05\/FV-13540-TRA.png\",\"contentUrl\":\"https:\/\/staging.genekas24.ee\/wp-content\/uploads\/2025\/05\/FV-13540-TRA.png\",\"width\":1459,\"height\":834},{\"@type\":\"BreadcrumbList\",\"@id\":\"https:\/\/staging.genekas24.ee\/toode\/bensiinigeneraator-fv-13540-tra\/#breadcrumb\",\"itemListElement\":[{\"@type\":\"ListItem\",\"position\":1,\"name\":\"Home\",\"item\":\"https:\/\/staging.genekas24.ee\/\"},{\"@type\":\"ListItem\",\"position\":2,\"name\":\"Pood\",\"item\":\"https:\/\/staging.genekas24.ee\/pood\/\"},{\"@type\":\"ListItem\",\"position\":3,\"name\":\"Bensiinigeneraator FV 13540 TRA\"}]},{\"@type\":\"WebSite\",\"@id\":\"https:\/\/staging.genekas24.ee\/#website\",\"url\":\"https:\/\/staging.genekas24.ee\/\",\"name\":\"Genekas24\",\"description\":\"Generaatorid | K&ouml;nner S&ouml;hnen tooted | Genekas24\",\"publisher\":{\"@id\":\"https:\/\/staging.genekas24.ee\/#organization\"},\"potentialAction\":[{\"@type\":\"SearchAction\",\"target\":{\"@type\":\"EntryPoint\",\"urlTemplate\":\"https:\/\/staging.genekas24.ee\/?s={search_term_string}\"},\"query-input\":{\"@type\":\"PropertyValueSpecification\",\"valueRequired\":true,\"valueName\":\"search_term_string\"}}],\"inLanguage\":\"fi\"},{\"@type\":\"Organization\",\"@id\":\"https:\/\/staging.genekas24.ee\/#organization\",\"name\":\"Genekas24\",\"url\":\"https:\/\/staging.genekas24.ee\/\",\"logo\":{\"@type\":\"ImageObject\",\"inLanguage\":\"fi\",\"@id\":\"https:\/\/staging.genekas24.ee\/#\/schema\/logo\/image\/\",\"url\":\"https:\/\/staging.genekas24.ee\/wp-content\/uploads\/2026\/01\/genekas24-logo_black.svg\",\"contentUrl\":\"https:\/\/staging.genekas24.ee\/wp-content\/uploads\/2026\/01\/genekas24-logo_black.svg\",\"width\":840,\"height\":131,\"caption\":\"Genekas24\"},\"image\":{\"@id\":\"https:\/\/staging.genekas24.ee\/#\/schema\/logo\/image\/\"}}]}<\/script>\n<!-- \/ Yoast SEO plugin. -->","yoast_head_json":{"title":"Bensiinigeneraator FV 13540 TRA - Genekas24","robots":{"index":"index","follow":"follow","max-snippet":"max-snippet:-1","max-image-preview":"max-image-preview:large","max-video-preview":"max-video-preview:-1"},"canonical":"https:\/\/staging.genekas24.ee\/fi\/tuote\/bensiinigeneraator-fv-13540-tra\/","og_locale":"fi_FI","og_type":"article","og_title":"Bensiinigeneraator FV 13540 TRA - Genekas24","og_description":"Sagedus, Hz 50   Pinge, V 230\/400   Max v\u00f5imsus, kW (230V\/400V) 6.6\/10.0   Nominaalne v\u00f5imsus, kW (230V\/400V) 6.0\/9.0   Vool(max) (230V\/400V), A 26.1\/16.4   Mootor Vanguard   Mudel 3564   Karteri maht, l 1.7   Jahutus \u00d5hk   Mootori t\u00fc\u00fcp 2-silindriline, 4-taktiline   K\u00e4ivitust\u00fc\u00fcp Manuaalne + elektriline   K\u00fctus Bensiin   K\u00fctusepaak, l 45   K\u00fctusekulu (75% koormuse juuures), l\/h 4.5   M\u00fcratase, dB(A) 96   Kaal, kg 144   M\u00f5\u00f5tmed (P,L,K), mm 790x580x765   Kaitseklass IP54","og_url":"https:\/\/staging.genekas24.ee\/fi\/tuote\/bensiinigeneraator-fv-13540-tra\/","og_site_name":"Genekas24","article_modified_time":"2025-12-31T08:46:14+00:00","og_image":[{"width":1459,"height":834,"url":"https:\/\/staging.genekas24.ee\/wp-content\/uploads\/2025\/05\/FV-13540-TRA.png","type":"image\/png"}],"twitter_card":"summary_large_image","twitter_misc":{"Arvioitu lukuaika":"1 minuutti"},"schema":{"@context":"https:\/\/schema.org","@graph":[{"@type":"WebPage","@id":"https:\/\/staging.genekas24.ee\/toode\/bensiinigeneraator-fv-13540-tra\/","url":"https:\/\/staging.genekas24.ee\/toode\/bensiinigeneraator-fv-13540-tra\/","name":"Bensiinigeneraator FV 13540 TRA - Genekas24","isPartOf":{"@id":"https:\/\/staging.genekas24.ee\/#website"},"primaryImageOfPage":{"@id":"https:\/\/staging.genekas24.ee\/toode\/bensiinigeneraator-fv-13540-tra\/#primaryimage"},"image":{"@id":"https:\/\/staging.genekas24.ee\/toode\/bensiinigeneraator-fv-13540-tra\/#primaryimage"},"thumbnailUrl":"https:\/\/staging.genekas24.ee\/wp-content\/uploads\/2025\/05\/FV-13540-TRA.png","datePublished":"2025-05-23T08:09:05+00:00","dateModified":"2025-12-31T08:46:14+00:00","breadcrumb":{"@id":"https:\/\/staging.genekas24.ee\/toode\/bensiinigeneraator-fv-13540-tra\/#breadcrumb"},"inLanguage":"fi","potentialAction":[{"@type":"ReadAction","target":["https:\/\/staging.genekas24.ee\/toode\/bensiinigeneraator-fv-13540-tra\/"]}]},{"@type":"ImageObject","inLanguage":"fi","@id":"https:\/\/staging.genekas24.ee\/toode\/bensiinigeneraator-fv-13540-tra\/#primaryimage","url":"https:\/\/staging.genekas24.ee\/wp-content\/uploads\/2025\/05\/FV-13540-TRA.png","contentUrl":"https:\/\/staging.genekas24.ee\/wp-content\/uploads\/2025\/05\/FV-13540-TRA.png","width":1459,"height":834},{"@type":"BreadcrumbList","@id":"https:\/\/staging.genekas24.ee\/toode\/bensiinigeneraator-fv-13540-tra\/#breadcrumb","itemListElement":[{"@type":"ListItem","position":1,"name":"Home","item":"https:\/\/staging.genekas24.ee\/"},{"@type":"ListItem","position":2,"name":"Pood","item":"https:\/\/staging.genekas24.ee\/pood\/"},{"@type":"ListItem","position":3,"name":"Bensiinigeneraator FV 13540 TRA"}]},{"@type":"WebSite","@id":"https:\/\/staging.genekas24.ee\/#website","url":"https:\/\/staging.genekas24.ee\/","name":"Genekas24","description":"Generaatorid | K&ouml;nner S&ouml;hnen tooted | Genekas24","publisher":{"@id":"https:\/\/staging.genekas24.ee\/#organization"},"potentialAction":[{"@type":"SearchAction","target":{"@type":"EntryPoint","urlTemplate":"https:\/\/staging.genekas24.ee\/?s={search_term_string}"},"query-input":{"@type":"PropertyValueSpecification","valueRequired":true,"valueName":"search_term_string"}}],"inLanguage":"fi"},{"@type":"Organization","@id":"https:\/\/staging.genekas24.ee\/#organization","name":"Genekas24","url":"https:\/\/staging.genekas24.ee\/","logo":{"@type":"ImageObject","inLanguage":"fi","@id":"https:\/\/staging.genekas24.ee\/#\/schema\/logo\/image\/","url":"https:\/\/staging.genekas24.ee\/wp-content\/uploads\/2026\/01\/genekas24-logo_black.svg","contentUrl":"https:\/\/staging.genekas24.ee\/wp-content\/uploads\/2026\/01\/genekas24-logo_black.svg","width":840,"height":131,"caption":"Genekas24"},"image":{"@id":"https:\/\/staging.genekas24.ee\/#\/schema\/logo\/image\/"}}]}},"_links":{"self":[{"href":"https:\/\/staging.genekas24.ee\/fi\/wp-json\/wp\/v2\/product\/18991","targetHints":{"allow":["GET"]}}],"collection":[{"href":"https:\/\/staging.genekas24.ee\/fi\/wp-json\/wp\/v2\/product"}],"about":[{"href":"https:\/\/staging.genekas24.ee\/fi\/wp-json\/wp\/v2\/types\/product"}],"version-history":[{"count":5,"href":"https:\/\/staging.genekas24.ee\/fi\/wp-json\/wp\/v2\/product\/18991\/revisions"}],"predecessor-version":[{"id":19897,"href":"https:\/\/staging.genekas24.ee\/fi\/wp-json\/wp\/v2\/product\/18991\/revisions\/19897"}],"wp:featuredmedia":[{"embeddable":true,"href":"https:\/\/staging.genekas24.ee\/fi\/wp-json\/wp\/v2\/media\/18993"}],"wp:attachment":[{"href":"https:\/\/staging.genekas24.ee\/fi\/wp-json\/wp\/v2\/media?parent=18991"}],"wp:term":[{"taxonomy":"product_brand","embeddable":true,"href":"https:\/\/staging.genekas24.ee\/fi\/wp-json\/wp\/v2\/product_brand?post=18991"},{"taxonomy":"product_cat","embeddable":true,"href":"https:\/\/staging.genekas24.ee\/fi\/wp-json\/wp\/v2\/product_cat?post=18991"},{"taxonomy":"product_tag","embeddable":true,"href":"https:\/\/staging.genekas24.ee\/fi\/wp-json\/wp\/v2\/product_tag?post=18991"}],"curies":[{"name":"wp","href":"https:\/\/api.w.org\/{rel}","templated":true}]}}