{"id":18840,"date":"2025-05-21T12:14:21","date_gmt":"2025-05-21T12:14:21","guid":{"rendered":"https:\/\/staging.genekas24.ee\/?post_type=product&#038;p=18840"},"modified":"2025-12-31T08:47:50","modified_gmt":"2025-12-31T08:47:50","slug":"bensiinigeneraator-fh-3541","status":"publish","type":"product","link":"https:\/\/staging.genekas24.ee\/fi\/tuote\/bensiinigeneraator-fh-3541\/","title":{"rendered":"Bensiinigeneraator FH 3541"},"content":{"rendered":"<p>Fogo generaatorid tagavad pika ja t\u00f5husa t\u00f6\u00f6. Generaatorid on kavandatud ja valmistatud k\u00f5rgeima kvaliteediga komponentide p\u00f5hjal, t\u00e4ites rangeid standardite ja eeskirjade n\u00f5udeid. K\u00f5rge tootmiskvaliteet saavutatakse automatiseeritud ja robotiseeritud tootmisprotsessidest.<\/p>\n<p data-start=\"142\" data-end=\"307\"><strong data-start=\"69\" data-end=\"123\">Seade tagab stabiilse ja t\u00f6\u00f6kindla elektriv\u00e4ljundi<\/strong>, pakkudes pingestabiliseerimist vahemikus +5% \/ -10% ning madalat harmoonilist moonutust (THD \u2264 4%). Generaator suudab anda kuni 300% l\u00fchiajalist k\u00e4ivitusvoolu, mis sobib h\u00e4sti induktiivsete koormuste k\u00e4ivitamiseks. Isoleerimisklass H ja kaitseklass IP54 tagavad vastupidavuse nii k\u00f5rgel temperatuuril t\u00f6\u00f6tamisel kui ka keerukates keskkonnatingimustes.<\/p>\n<table style=\"border-collapse: collapse; width: 100%; height: 96px;\">\n<tbody>\n<tr style=\"height: 24px;\">\n<td style=\"width: 100%; text-align: center; height: 24px;\" colspan=\"2\"><strong>Standard varustus<\/strong><\/td>\n<\/tr>\n<tr style=\"height: 24px;\">\n<td style=\"width: 50%; height: 24px;\">230V 16A IP67 pistikupesa<\/td>\n<td style=\"width: 50%; height: 24px;\">230V 16A 3P IP67 pistikupesa<\/td>\n<\/tr>\n<tr style=\"height: 24px;\">\n<td style=\"width: 50%; height: 24px;\"><strong>CVR<\/strong> &#8211; Mahtuvus pingeregulaator<\/td>\n<td style=\"width: 50%; height: 24px;\">\u00d5litaseme andur<\/td>\n<\/tr>\n<tr style=\"height: 24px;\">\n<td style=\"height: 24px; text-align: left; width: 50%;\">Tunnilugeja<\/td>\n<td style=\"text-align: left; width: 50%;\">\u00dclekoormuskaitse<\/td>\n<\/tr>\n<\/tbody>\n<\/table>\n<table style=\"border-collapse: collapse; width: 100%;\">\n<tbody>\n<tr>\n<td style=\"width: 50%; text-align: center;\" colspan=\"2\"><strong>Lisa- ja hooldusvarustus<\/strong><\/td>\n<\/tr>\n<tr>\n<td style=\"width: 50%;\">Heitgaasi toru<\/td>\n<td style=\"width: 50%;\">Heitgaasi toru adapter<\/td>\n<\/tr>\n<tr>\n<td style=\"width: 50%; text-align: center;\" colspan=\"2\">Hoolduskomplekt(\u00f5hu filter, s\u00fc\u00fctek\u00fc\u00fcnal, mootori\u00f5li)<\/td>\n<\/tr>\n<\/tbody>\n<\/table>","protected":false},"excerpt":{"rendered":"<table style=\"border-collapse: collapse; width: 88.0117%; height: 408px;\">\n<tbody>\n<tr style=\"height: 24px;\">\n<td style=\"width: 53.1288%; height: 24px;\">Taajuus, Hz<\/td>\n<td style=\"width: 78.5989%; height: 24px;\">50<\/td>\n<\/tr>\n<tr style=\"height: 24px;\">\n<td style=\"width: 53.1288%; height: 24px;\">J\u00e4nnite, V<\/td>\n<td style=\"width: 78.5989%; height: 24px;\">230<\/td>\n<\/tr>\n<tr style=\"height: 24px;\">\n<td style=\"width: 53.1288%; height: 24px;\">Suurin teho, kW<\/td>\n<td style=\"width: 78.5989%; height: 24px;\">3.0<\/td>\n<\/tr>\n<tr style=\"height: 24px;\">\n<td style=\"width: 53.1288%; height: 24px;\">Nimellisteho, kW<\/td>\n<td style=\"width: 78.5989%; height: 24px;\">2.7<\/td>\n<\/tr>\n<tr style=\"height: 24px;\">\n<td style=\"width: 53.1288%; height: 24px;\">Vool(max), A<\/td>\n<td style=\"width: 78.5989%; height: 24px;\">11.7<\/td>\n<\/tr>\n<tr style=\"height: 24px;\">\n<td style=\"width: 53.1288%; height: 24px;\">Mootor<\/td>\n<td style=\"width: 78.5989%; height: 24px;\">Honda<\/td>\n<\/tr>\n<tr style=\"height: 24px;\">\n<td style=\"width: 53.1288%; height: 24px;\">Mudel<\/td>\n<td style=\"width: 78.5989%; height: 24px;\">GX 200<\/td>\n<\/tr>\n<tr style=\"height: 24px;\">\n<td style=\"width: 53.1288%; height: 24px;\">Kampikammion tilavuus, L<\/td>\n<td style=\"width: 78.5989%; height: 24px;\">0.6<\/td>\n<\/tr>\n<tr style=\"height: 24px;\">\n<td style=\"width: 53.1288%; height: 24px;\">Jahutus<\/td>\n<td style=\"width: 78.5989%; height: 24px;\">\u00d5hk<\/td>\n<\/tr>\n<tr style=\"height: 24px;\">\n<td style=\"width: 53.1288%; height: 24px;\">Moottorityyppi<\/td>\n<td style=\"width: 78.5989%; height: 24px;\">1-silindriline, 4-taktiline<\/td>\n<\/tr>\n<tr style=\"height: 24px;\">\n<td style=\"width: 53.1288%; height: 24px;\">K\u00e4ivitust\u00fc\u00fcp<\/td>\n<td style=\"width: 78.5989%; height: 24px;\">Manuaalinen<\/td>\n<\/tr>\n<tr style=\"height: 24px;\">\n<td style=\"width: 53.1288%; height: 24px;\">K\u00fctus<\/td>\n<td style=\"width: 78.5989%; height: 24px;\">Bensiin<\/td>\n<\/tr>\n<tr style=\"height: 24px;\">\n<td style=\"width: 53.1288%; height: 24px;\">K\u00fctusepaak, l<\/td>\n<td style=\"width: 78.5989%; height: 24px;\">3.1<\/td>\n<\/tr>\n<tr style=\"height: 24px;\">\n<td style=\"width: 53.1288%; height: 24px;\">K\u00fctusekulu (75% koormuse juuures), l\/h<\/td>\n<td style=\"width: 78.5989%; height: 24px;\">1.4<\/td>\n<\/tr>\n<tr style=\"height: 24px;\">\n<td style=\"width: 53.1288%; height: 24px;\">M\u00fcratase, dB(A)<\/td>\n<td style=\"width: 78.5989%; height: 24px;\">96<\/td>\n<\/tr>\n<tr style=\"height: 24px;\">\n<td style=\"width: 53.1288%; height: 24px;\">Paino, kg<\/td>\n<td style=\"width: 78.5989%; height: 24px;\">53<\/td>\n<\/tr>\n<tr style=\"height: 24px;\">\n<td style=\"width: 53.1288%; height: 24px;\">M\u00f5\u00f5tmed (P,L,K), mm<\/td>\n<td style=\"width: 78.5989%; height: 24px;\">580x420x430<\/td>\n<\/tr>\n<tr>\n<td style=\"width: 53.1288%;\">Suojausluokka<\/td>\n<td style=\"width: 78.5989%;\">IP54<\/td>\n<\/tr>\n<\/tbody>\n<\/table>","protected":false},"featured_media":18841,"template":"","meta":{"_acf_changed":false,"inline_featured_image":false},"product_brand":[],"product_cat":[94,21],"product_tag":[],"class_list":{"0":"post-18840","1":"product","2":"type-product","3":"status-publish","4":"has-post-thumbnail","6":"product_cat-generaatorid","7":"product_cat-bensiinigeneraatorid","8":"product_shipping_class-poolalus","9":"brand-fogo","11":"first","12":"instock","13":"sale","14":"taxable","15":"shipping-taxable","16":"purchasable","17":"product-type-simple"},"acf":[],"yoast_head":"<!-- This site is optimized with the Yoast SEO plugin v26.2 - https:\/\/yoast.com\/wordpress\/plugins\/seo\/ -->\n<title>Bensiinigeneraator FH 3541 - Genekas24<\/title>\n<meta name=\"robots\" content=\"index, follow, max-snippet:-1, max-image-preview:large, max-video-preview:-1\" \/>\n<link rel=\"canonical\" href=\"https:\/\/staging.genekas24.ee\/fi\/tuote\/bensiinigeneraator-fh-3541\/\" \/>\n<meta property=\"og:locale\" content=\"fi_FI\" \/>\n<meta property=\"og:type\" content=\"article\" \/>\n<meta property=\"og:title\" content=\"Bensiinigeneraator FH 3541 - Genekas24\" \/>\n<meta property=\"og:description\" content=\"Sagedus, Hz 50   Pinge, V 230   Max v\u00f5imsus, kW 3.0   Nominaalne v\u00f5imsus, kW 2.7   Vool(max), A 11.7   Mootor Honda   Mudel GX 200   Karteri maht, l 0.6   Jahutus \u00d5hk   Mootori t\u00fc\u00fcp 1-silindriline, 4-taktiline   K\u00e4ivitust\u00fc\u00fcp Manuaalne   K\u00fctus Bensiin   K\u00fctusepaak, l 3.1   K\u00fctusekulu (75% koormuse juuures), l\/h 1.4   M\u00fcratase, dB(A) 96   Kaal, kg 53   M\u00f5\u00f5tmed (P,L,K), mm 580x420x430   Kaitseklass IP54\" \/>\n<meta property=\"og:url\" content=\"https:\/\/staging.genekas24.ee\/fi\/tuote\/bensiinigeneraator-fh-3541\/\" \/>\n<meta property=\"og:site_name\" content=\"Genekas24\" \/>\n<meta property=\"article:modified_time\" content=\"2025-12-31T08:47:50+00:00\" \/>\n<meta property=\"og:image\" content=\"https:\/\/staging.genekas24.ee\/wp-content\/uploads\/2025\/05\/FH-3541.png\" \/>\n\t<meta property=\"og:image:width\" content=\"1459\" \/>\n\t<meta property=\"og:image:height\" content=\"834\" \/>\n\t<meta property=\"og:image:type\" content=\"image\/png\" \/>\n<meta name=\"twitter:card\" content=\"summary_large_image\" \/>\n<meta name=\"twitter:label1\" content=\"Arvioitu lukuaika\" \/>\n\t<meta name=\"twitter:data1\" content=\"1 minuutti\" \/>\n<script type=\"application\/ld+json\" class=\"yoast-schema-graph\">{\"@context\":\"https:\/\/schema.org\",\"@graph\":[{\"@type\":\"WebPage\",\"@id\":\"https:\/\/staging.genekas24.ee\/toode\/bensiinigeneraator-fh-3541\/\",\"url\":\"https:\/\/staging.genekas24.ee\/toode\/bensiinigeneraator-fh-3541\/\",\"name\":\"Bensiinigeneraator FH 3541 - Genekas24\",\"isPartOf\":{\"@id\":\"https:\/\/staging.genekas24.ee\/#website\"},\"primaryImageOfPage\":{\"@id\":\"https:\/\/staging.genekas24.ee\/toode\/bensiinigeneraator-fh-3541\/#primaryimage\"},\"image\":{\"@id\":\"https:\/\/staging.genekas24.ee\/toode\/bensiinigeneraator-fh-3541\/#primaryimage\"},\"thumbnailUrl\":\"https:\/\/staging.genekas24.ee\/wp-content\/uploads\/2025\/05\/FH-3541.png\",\"datePublished\":\"2025-05-21T12:14:21+00:00\",\"dateModified\":\"2025-12-31T08:47:50+00:00\",\"breadcrumb\":{\"@id\":\"https:\/\/staging.genekas24.ee\/toode\/bensiinigeneraator-fh-3541\/#breadcrumb\"},\"inLanguage\":\"fi\",\"potentialAction\":[{\"@type\":\"ReadAction\",\"target\":[\"https:\/\/staging.genekas24.ee\/toode\/bensiinigeneraator-fh-3541\/\"]}]},{\"@type\":\"ImageObject\",\"inLanguage\":\"fi\",\"@id\":\"https:\/\/staging.genekas24.ee\/toode\/bensiinigeneraator-fh-3541\/#primaryimage\",\"url\":\"https:\/\/staging.genekas24.ee\/wp-content\/uploads\/2025\/05\/FH-3541.png\",\"contentUrl\":\"https:\/\/staging.genekas24.ee\/wp-content\/uploads\/2025\/05\/FH-3541.png\",\"width\":1459,\"height\":834},{\"@type\":\"BreadcrumbList\",\"@id\":\"https:\/\/staging.genekas24.ee\/toode\/bensiinigeneraator-fh-3541\/#breadcrumb\",\"itemListElement\":[{\"@type\":\"ListItem\",\"position\":1,\"name\":\"Home\",\"item\":\"https:\/\/staging.genekas24.ee\/\"},{\"@type\":\"ListItem\",\"position\":2,\"name\":\"Pood\",\"item\":\"https:\/\/staging.genekas24.ee\/pood\/\"},{\"@type\":\"ListItem\",\"position\":3,\"name\":\"Bensiinigeneraator FH 3541\"}]},{\"@type\":\"WebSite\",\"@id\":\"https:\/\/staging.genekas24.ee\/#website\",\"url\":\"https:\/\/staging.genekas24.ee\/\",\"name\":\"Genekas24\",\"description\":\"Generaatorid | K&ouml;nner S&ouml;hnen tooted | Genekas24\",\"publisher\":{\"@id\":\"https:\/\/staging.genekas24.ee\/#organization\"},\"potentialAction\":[{\"@type\":\"SearchAction\",\"target\":{\"@type\":\"EntryPoint\",\"urlTemplate\":\"https:\/\/staging.genekas24.ee\/?s={search_term_string}\"},\"query-input\":{\"@type\":\"PropertyValueSpecification\",\"valueRequired\":true,\"valueName\":\"search_term_string\"}}],\"inLanguage\":\"fi\"},{\"@type\":\"Organization\",\"@id\":\"https:\/\/staging.genekas24.ee\/#organization\",\"name\":\"Genekas24\",\"url\":\"https:\/\/staging.genekas24.ee\/\",\"logo\":{\"@type\":\"ImageObject\",\"inLanguage\":\"fi\",\"@id\":\"https:\/\/staging.genekas24.ee\/#\/schema\/logo\/image\/\",\"url\":\"https:\/\/staging.genekas24.ee\/wp-content\/uploads\/2026\/01\/genekas24-logo_black.svg\",\"contentUrl\":\"https:\/\/staging.genekas24.ee\/wp-content\/uploads\/2026\/01\/genekas24-logo_black.svg\",\"width\":840,\"height\":131,\"caption\":\"Genekas24\"},\"image\":{\"@id\":\"https:\/\/staging.genekas24.ee\/#\/schema\/logo\/image\/\"}}]}<\/script>\n<!-- \/ Yoast SEO plugin. -->","yoast_head_json":{"title":"Bensiinigeneraator FH 3541 - Genekas24","robots":{"index":"index","follow":"follow","max-snippet":"max-snippet:-1","max-image-preview":"max-image-preview:large","max-video-preview":"max-video-preview:-1"},"canonical":"https:\/\/staging.genekas24.ee\/fi\/tuote\/bensiinigeneraator-fh-3541\/","og_locale":"fi_FI","og_type":"article","og_title":"Bensiinigeneraator FH 3541 - Genekas24","og_description":"Sagedus, Hz 50   Pinge, V 230   Max v\u00f5imsus, kW 3.0   Nominaalne v\u00f5imsus, kW 2.7   Vool(max), A 11.7   Mootor Honda   Mudel GX 200   Karteri maht, l 0.6   Jahutus \u00d5hk   Mootori t\u00fc\u00fcp 1-silindriline, 4-taktiline   K\u00e4ivitust\u00fc\u00fcp Manuaalne   K\u00fctus Bensiin   K\u00fctusepaak, l 3.1   K\u00fctusekulu (75% koormuse juuures), l\/h 1.4   M\u00fcratase, dB(A) 96   Kaal, kg 53   M\u00f5\u00f5tmed (P,L,K), mm 580x420x430   Kaitseklass IP54","og_url":"https:\/\/staging.genekas24.ee\/fi\/tuote\/bensiinigeneraator-fh-3541\/","og_site_name":"Genekas24","article_modified_time":"2025-12-31T08:47:50+00:00","og_image":[{"width":1459,"height":834,"url":"https:\/\/staging.genekas24.ee\/wp-content\/uploads\/2025\/05\/FH-3541.png","type":"image\/png"}],"twitter_card":"summary_large_image","twitter_misc":{"Arvioitu lukuaika":"1 minuutti"},"schema":{"@context":"https:\/\/schema.org","@graph":[{"@type":"WebPage","@id":"https:\/\/staging.genekas24.ee\/toode\/bensiinigeneraator-fh-3541\/","url":"https:\/\/staging.genekas24.ee\/toode\/bensiinigeneraator-fh-3541\/","name":"Bensiinigeneraator FH 3541 - Genekas24","isPartOf":{"@id":"https:\/\/staging.genekas24.ee\/#website"},"primaryImageOfPage":{"@id":"https:\/\/staging.genekas24.ee\/toode\/bensiinigeneraator-fh-3541\/#primaryimage"},"image":{"@id":"https:\/\/staging.genekas24.ee\/toode\/bensiinigeneraator-fh-3541\/#primaryimage"},"thumbnailUrl":"https:\/\/staging.genekas24.ee\/wp-content\/uploads\/2025\/05\/FH-3541.png","datePublished":"2025-05-21T12:14:21+00:00","dateModified":"2025-12-31T08:47:50+00:00","breadcrumb":{"@id":"https:\/\/staging.genekas24.ee\/toode\/bensiinigeneraator-fh-3541\/#breadcrumb"},"inLanguage":"fi","potentialAction":[{"@type":"ReadAction","target":["https:\/\/staging.genekas24.ee\/toode\/bensiinigeneraator-fh-3541\/"]}]},{"@type":"ImageObject","inLanguage":"fi","@id":"https:\/\/staging.genekas24.ee\/toode\/bensiinigeneraator-fh-3541\/#primaryimage","url":"https:\/\/staging.genekas24.ee\/wp-content\/uploads\/2025\/05\/FH-3541.png","contentUrl":"https:\/\/staging.genekas24.ee\/wp-content\/uploads\/2025\/05\/FH-3541.png","width":1459,"height":834},{"@type":"BreadcrumbList","@id":"https:\/\/staging.genekas24.ee\/toode\/bensiinigeneraator-fh-3541\/#breadcrumb","itemListElement":[{"@type":"ListItem","position":1,"name":"Home","item":"https:\/\/staging.genekas24.ee\/"},{"@type":"ListItem","position":2,"name":"Pood","item":"https:\/\/staging.genekas24.ee\/pood\/"},{"@type":"ListItem","position":3,"name":"Bensiinigeneraator FH 3541"}]},{"@type":"WebSite","@id":"https:\/\/staging.genekas24.ee\/#website","url":"https:\/\/staging.genekas24.ee\/","name":"Genekas24","description":"Generaatorid | K&ouml;nner S&ouml;hnen tooted | Genekas24","publisher":{"@id":"https:\/\/staging.genekas24.ee\/#organization"},"potentialAction":[{"@type":"SearchAction","target":{"@type":"EntryPoint","urlTemplate":"https:\/\/staging.genekas24.ee\/?s={search_term_string}"},"query-input":{"@type":"PropertyValueSpecification","valueRequired":true,"valueName":"search_term_string"}}],"inLanguage":"fi"},{"@type":"Organization","@id":"https:\/\/staging.genekas24.ee\/#organization","name":"Genekas24","url":"https:\/\/staging.genekas24.ee\/","logo":{"@type":"ImageObject","inLanguage":"fi","@id":"https:\/\/staging.genekas24.ee\/#\/schema\/logo\/image\/","url":"https:\/\/staging.genekas24.ee\/wp-content\/uploads\/2026\/01\/genekas24-logo_black.svg","contentUrl":"https:\/\/staging.genekas24.ee\/wp-content\/uploads\/2026\/01\/genekas24-logo_black.svg","width":840,"height":131,"caption":"Genekas24"},"image":{"@id":"https:\/\/staging.genekas24.ee\/#\/schema\/logo\/image\/"}}]}},"_links":{"self":[{"href":"https:\/\/staging.genekas24.ee\/fi\/wp-json\/wp\/v2\/product\/18840","targetHints":{"allow":["GET"]}}],"collection":[{"href":"https:\/\/staging.genekas24.ee\/fi\/wp-json\/wp\/v2\/product"}],"about":[{"href":"https:\/\/staging.genekas24.ee\/fi\/wp-json\/wp\/v2\/types\/product"}],"version-history":[{"count":7,"href":"https:\/\/staging.genekas24.ee\/fi\/wp-json\/wp\/v2\/product\/18840\/revisions"}],"predecessor-version":[{"id":19920,"href":"https:\/\/staging.genekas24.ee\/fi\/wp-json\/wp\/v2\/product\/18840\/revisions\/19920"}],"wp:featuredmedia":[{"embeddable":true,"href":"https:\/\/staging.genekas24.ee\/fi\/wp-json\/wp\/v2\/media\/18841"}],"wp:attachment":[{"href":"https:\/\/staging.genekas24.ee\/fi\/wp-json\/wp\/v2\/media?parent=18840"}],"wp:term":[{"taxonomy":"product_brand","embeddable":true,"href":"https:\/\/staging.genekas24.ee\/fi\/wp-json\/wp\/v2\/product_brand?post=18840"},{"taxonomy":"product_cat","embeddable":true,"href":"https:\/\/staging.genekas24.ee\/fi\/wp-json\/wp\/v2\/product_cat?post=18840"},{"taxonomy":"product_tag","embeddable":true,"href":"https:\/\/staging.genekas24.ee\/fi\/wp-json\/wp\/v2\/product_tag?post=18840"}],"curies":[{"name":"wp","href":"https:\/\/api.w.org\/{rel}","templated":true}]}}