{"id":18828,"date":"2025-05-21T11:31:23","date_gmt":"2025-05-21T11:31:23","guid":{"rendered":"https:\/\/staging.genekas24.ee\/?post_type=product&#038;p=18828"},"modified":"2025-12-31T08:47:52","modified_gmt":"2025-12-31T08:47:52","slug":"bensiinigeneraator-fh-9540-tra","status":"publish","type":"product","link":"https:\/\/staging.genekas24.ee\/fi\/tuote\/bensiinigeneraator-fh-9540-tra\/","title":{"rendered":"Bensiinigeneraator FH 9540 TRA"},"content":{"rendered":"<p>Fogo generaatorid tagavad pika ja t\u00f5husa t\u00f6\u00f6. Generaatorid on kavandatud ja valmistatud k\u00f5rgeima kvaliteediga komponentide p\u00f5hjal, t\u00e4ites rangeid standardite ja eeskirjade n\u00f5udeid. K\u00f5rge tootmiskvaliteet saavutatakse automatiseeritud ja robotiseeritud tootmisprotsessidest.<\/p>\n<p data-start=\"142\" data-end=\"307\"><strong data-start=\"85\" data-end=\"190\">Seade on varustatud t\u00f6\u00f6kindlust ja efektiivsust tagavate standardsete ning tehniliste komponentidega.<\/strong> Automaatne pingeregulaator (AVR) ja madal harmooniline moonutus (THD \u2264 4%) tagavad stabiilse ja seadmes\u00f5braliku elektrivoolu. Mitmekesised pistikupesad (400 V ja 230 V, kuni 32 A) v\u00f5imaldavad \u00fchendada erineva v\u00f5imsusega tarbijaid. Seade talub k\u00f5rget k\u00e4ivitusvoolu (&gt; 350%), sisaldab \u00fclekoormuskaitset, \u00f5litasemeandurit ja m\u00fcrasummutajat, ning t\u00f6\u00f6tab 75% koormusel kuni 16,7 tundi. Tugev raam (38 mm) ja IP54 kaitseklass tagavad vastupidavuse ka keerukates t\u00f6\u00f6tingimustes. Lisaks on seadmel t\u00f6\u00f6aja loendur ja summuti, mis aitavad seadme kasutust j\u00e4lgida ja m\u00fcrataset kontrollida.<\/p>\n<table style=\"border-collapse: collapse; width: 100%;\">\n<tbody>\n<tr>\n<td style=\"width: 50%; text-align: center;\" colspan=\"2\"><strong>Standard varustus<\/strong><\/td>\n<\/tr>\n<tr>\n<td style=\"width: 50%;\"><strong>AVR<\/strong> &#8211; automaatne pingeregulaator<\/td>\n<td style=\"width: 50%;\">400V 16A pistikupesa<\/td>\n<\/tr>\n<tr>\n<td style=\"width: 50%;\">230V 16A pistikupesa<\/td>\n<td style=\"width: 50%;\">230V 16A pistikupesa<\/td>\n<\/tr>\n<tr>\n<td style=\"width: 50%;\">\u00dclekoormuskaitse<\/td>\n<td style=\"width: 50%;\">\u00d5litaseme andur<\/td>\n<\/tr>\n<tr>\n<td style=\"width: 50%;\">Tunnilugeja<\/td>\n<td style=\"width: 50%;\">Aku<\/td>\n<\/tr>\n<tr>\n<td style=\"width: 50%; text-align: center;\" colspan=\"2\">Summuti koos heitgaasitoru adapteriga<\/td>\n<\/tr>\n<\/tbody>\n<\/table>\n<table style=\"border-collapse: collapse; width: 100%;\">\n<tbody>\n<tr>\n<td style=\"width: 50%; text-align: center;\" colspan=\"2\"><strong>Lisa- ja hooldusvarustus<\/strong><\/td>\n<\/tr>\n<tr>\n<td style=\"width: 50%;\">Heitgaasi toru<\/td>\n<td style=\"width: 50%;\">Transpordikomplekt<\/td>\n<\/tr>\n<tr>\n<td style=\"width: 50%;\">ATS paneel<\/td>\n<td style=\"width: 50%;\">Hoolduskomplekt(\u00f5hu filter, s\u00fc\u00fctek\u00fc\u00fcnal, mootori\u00f5li)<\/td>\n<\/tr>\n<\/tbody>\n<\/table>","protected":false},"excerpt":{"rendered":"<table style=\"border-collapse: collapse; width: 88.0117%; height: 336px;\">\n<tbody>\n<tr style=\"height: 24px;\">\n<td style=\"width: 53.1288%; height: 24px;\">Taajuus, Hz<\/td>\n<td style=\"width: 78.5989%; height: 24px;\">50<\/td>\n<\/tr>\n<tr style=\"height: 24px;\">\n<td style=\"width: 53.1288%; height: 24px;\">J\u00e4nnite, V<\/td>\n<td style=\"width: 78.5989%; height: 24px;\">230\/400<\/td>\n<\/tr>\n<tr style=\"height: 24px;\">\n<td style=\"width: 53.1288%; height: 24px;\">Max v\u00f5imsus, kW (230V\/400V)<\/td>\n<td style=\"width: 78.5989%; height: 24px;\">5.5\/6.4<\/td>\n<\/tr>\n<tr style=\"height: 24px;\">\n<td style=\"width: 53.1288%; height: 24px;\">Nominaalne v\u00f5imsus, kW (230V\/400V)<\/td>\n<td style=\"width: 78.5989%; height: 24px;\">5.0\/5.8<\/td>\n<\/tr>\n<tr style=\"height: 24px;\">\n<td style=\"width: 53.1288%; height: 24px;\">Vool(max) (230V\/400V), A<\/td>\n<td style=\"width: 78.5989%; height: 24px;\">19.6\/10.6<\/td>\n<\/tr>\n<tr style=\"height: 24px;\">\n<td style=\"width: 53.1288%; height: 24px;\">Mootor<\/td>\n<td style=\"width: 78.5989%; height: 24px;\">Honda<\/td>\n<\/tr>\n<tr style=\"height: 24px;\">\n<td style=\"width: 53.1288%; height: 24px;\">Mudel<\/td>\n<td style=\"width: 78.5989%; height: 24px;\">GX 390<\/td>\n<\/tr>\n<tr style=\"height: 24px;\">\n<td style=\"width: 53.1288%; height: 24px;\">Kampikammion tilavuus, L<\/td>\n<td style=\"width: 78.5989%; height: 24px;\">1.1<\/td>\n<\/tr>\n<tr style=\"height: 24px;\">\n<td style=\"width: 53.1288%; height: 24px;\">Jahutus<\/td>\n<td style=\"width: 78.5989%; height: 24px;\">\u00d5hk<\/td>\n<\/tr>\n<tr style=\"height: 24px;\">\n<td style=\"width: 53.1288%; height: 24px;\">Moottorityyppi<\/td>\n<td style=\"width: 78.5989%; height: 24px;\">1-silindriline, 4-taktiline<\/td>\n<\/tr>\n<tr style=\"height: 24px;\">\n<td style=\"width: 53.1288%; height: 24px;\">K\u00e4ivitust\u00fc\u00fcp<\/td>\n<td style=\"width: 78.5989%; height: 24px;\">Manuaalne + elektriline<\/td>\n<\/tr>\n<tr style=\"height: 24px;\">\n<td style=\"width: 53.1288%; height: 24px;\">K\u00fctus<\/td>\n<td style=\"width: 78.5989%; height: 24px;\">Bensiin<\/td>\n<\/tr>\n<tr style=\"height: 24px;\">\n<td style=\"width: 53.1288%; height: 24px;\">K\u00fctusepaak, l<\/td>\n<td style=\"width: 78.5989%; height: 24px;\">45<\/td>\n<\/tr>\n<tr style=\"height: 24px;\">\n<td style=\"width: 53.1288%; height: 24px;\">K\u00fctusekulu (75% koormuse juuures), l\/h<\/td>\n<td style=\"width: 78.5989%; height: 24px;\">2.7<\/td>\n<\/tr>\n<tr>\n<td style=\"width: 53.1288%;\">M\u00fcratase, dB(A)<\/td>\n<td style=\"width: 78.5989%;\">96<\/td>\n<\/tr>\n<tr>\n<td style=\"width: 53.1288%;\">Paino, kg<\/td>\n<td style=\"width: 78.5989%;\">124<\/td>\n<\/tr>\n<tr>\n<td style=\"width: 53.1288%;\">M\u00f5\u00f5tmed (P,L,K), mm<\/td>\n<td style=\"width: 78.5989%;\">790x580x765<\/td>\n<\/tr>\n<tr>\n<td style=\"width: 53.1288%;\">Suojausluokka<\/td>\n<td style=\"width: 78.5989%;\">IP54<\/td>\n<\/tr>\n<\/tbody>\n<\/table>","protected":false},"featured_media":18829,"template":"","meta":{"_acf_changed":false,"inline_featured_image":false},"product_brand":[],"product_cat":[94,21],"product_tag":[],"class_list":{"0":"post-18828","1":"product","2":"type-product","3":"status-publish","4":"has-post-thumbnail","6":"product_cat-generaatorid","7":"product_cat-bensiinigeneraatorid","8":"product_shipping_class-euroalus","9":"brand-fogo","11":"first","12":"instock","13":"sale","14":"taxable","15":"shipping-taxable","16":"purchasable","17":"product-type-simple"},"acf":[],"yoast_head":"<!-- This site is optimized with the Yoast SEO plugin v26.2 - https:\/\/yoast.com\/wordpress\/plugins\/seo\/ -->\n<title>Bensiinigeneraator FH 9540 TRA - Genekas24<\/title>\n<meta name=\"robots\" content=\"index, follow, max-snippet:-1, max-image-preview:large, max-video-preview:-1\" \/>\n<link rel=\"canonical\" href=\"https:\/\/staging.genekas24.ee\/fi\/tuote\/bensiinigeneraator-fh-9540-tra\/\" \/>\n<meta property=\"og:locale\" content=\"fi_FI\" \/>\n<meta property=\"og:type\" content=\"article\" \/>\n<meta property=\"og:title\" content=\"Bensiinigeneraator FH 9540 TRA - Genekas24\" \/>\n<meta property=\"og:description\" content=\"Sagedus, Hz 50   Pinge, V 230\/400   Max v\u00f5imsus, kW (230V\/400V) 5.5\/6.4   Nominaalne v\u00f5imsus, kW (230V\/400V) 5.0\/5.8   Vool(max) (230V\/400V), A 19.6\/10.6   Mootor Honda   Mudel GX 390   Karteri maht, l 1.1   Jahutus \u00d5hk   Mootori t\u00fc\u00fcp 1-silindriline, 4-taktiline   K\u00e4ivitust\u00fc\u00fcp Manuaalne + elektriline   K\u00fctus Bensiin   K\u00fctusepaak, l 45   K\u00fctusekulu (75% koormuse juuures), l\/h 2.7   M\u00fcratase, dB(A) 96   Kaal, kg 124   M\u00f5\u00f5tmed (P,L,K), mm 790x580x765   Kaitseklass IP54\" \/>\n<meta property=\"og:url\" content=\"https:\/\/staging.genekas24.ee\/fi\/tuote\/bensiinigeneraator-fh-9540-tra\/\" \/>\n<meta property=\"og:site_name\" content=\"Genekas24\" \/>\n<meta property=\"article:modified_time\" content=\"2025-12-31T08:47:52+00:00\" \/>\n<meta property=\"og:image\" content=\"https:\/\/staging.genekas24.ee\/wp-content\/uploads\/2025\/05\/FH-9540-TRA.png\" \/>\n\t<meta property=\"og:image:width\" content=\"1459\" \/>\n\t<meta property=\"og:image:height\" content=\"834\" \/>\n\t<meta property=\"og:image:type\" content=\"image\/png\" \/>\n<meta name=\"twitter:card\" content=\"summary_large_image\" \/>\n<meta name=\"twitter:label1\" content=\"Arvioitu lukuaika\" \/>\n\t<meta name=\"twitter:data1\" content=\"2 minuuttia\" \/>\n<script type=\"application\/ld+json\" class=\"yoast-schema-graph\">{\"@context\":\"https:\/\/schema.org\",\"@graph\":[{\"@type\":\"WebPage\",\"@id\":\"https:\/\/staging.genekas24.ee\/toode\/bensiinigeneraator-fh-9540-tra\/\",\"url\":\"https:\/\/staging.genekas24.ee\/toode\/bensiinigeneraator-fh-9540-tra\/\",\"name\":\"Bensiinigeneraator FH 9540 TRA - Genekas24\",\"isPartOf\":{\"@id\":\"https:\/\/staging.genekas24.ee\/#website\"},\"primaryImageOfPage\":{\"@id\":\"https:\/\/staging.genekas24.ee\/toode\/bensiinigeneraator-fh-9540-tra\/#primaryimage\"},\"image\":{\"@id\":\"https:\/\/staging.genekas24.ee\/toode\/bensiinigeneraator-fh-9540-tra\/#primaryimage\"},\"thumbnailUrl\":\"https:\/\/staging.genekas24.ee\/wp-content\/uploads\/2025\/05\/FH-9540-TRA.png\",\"datePublished\":\"2025-05-21T11:31:23+00:00\",\"dateModified\":\"2025-12-31T08:47:52+00:00\",\"breadcrumb\":{\"@id\":\"https:\/\/staging.genekas24.ee\/toode\/bensiinigeneraator-fh-9540-tra\/#breadcrumb\"},\"inLanguage\":\"fi\",\"potentialAction\":[{\"@type\":\"ReadAction\",\"target\":[\"https:\/\/staging.genekas24.ee\/toode\/bensiinigeneraator-fh-9540-tra\/\"]}]},{\"@type\":\"ImageObject\",\"inLanguage\":\"fi\",\"@id\":\"https:\/\/staging.genekas24.ee\/toode\/bensiinigeneraator-fh-9540-tra\/#primaryimage\",\"url\":\"https:\/\/staging.genekas24.ee\/wp-content\/uploads\/2025\/05\/FH-9540-TRA.png\",\"contentUrl\":\"https:\/\/staging.genekas24.ee\/wp-content\/uploads\/2025\/05\/FH-9540-TRA.png\",\"width\":1459,\"height\":834},{\"@type\":\"BreadcrumbList\",\"@id\":\"https:\/\/staging.genekas24.ee\/toode\/bensiinigeneraator-fh-9540-tra\/#breadcrumb\",\"itemListElement\":[{\"@type\":\"ListItem\",\"position\":1,\"name\":\"Home\",\"item\":\"https:\/\/staging.genekas24.ee\/\"},{\"@type\":\"ListItem\",\"position\":2,\"name\":\"Pood\",\"item\":\"https:\/\/staging.genekas24.ee\/pood\/\"},{\"@type\":\"ListItem\",\"position\":3,\"name\":\"Bensiinigeneraator FH 9540 TRA\"}]},{\"@type\":\"WebSite\",\"@id\":\"https:\/\/staging.genekas24.ee\/#website\",\"url\":\"https:\/\/staging.genekas24.ee\/\",\"name\":\"Genekas24\",\"description\":\"Generaatorid | K&ouml;nner S&ouml;hnen tooted | Genekas24\",\"publisher\":{\"@id\":\"https:\/\/staging.genekas24.ee\/#organization\"},\"potentialAction\":[{\"@type\":\"SearchAction\",\"target\":{\"@type\":\"EntryPoint\",\"urlTemplate\":\"https:\/\/staging.genekas24.ee\/?s={search_term_string}\"},\"query-input\":{\"@type\":\"PropertyValueSpecification\",\"valueRequired\":true,\"valueName\":\"search_term_string\"}}],\"inLanguage\":\"fi\"},{\"@type\":\"Organization\",\"@id\":\"https:\/\/staging.genekas24.ee\/#organization\",\"name\":\"Genekas24\",\"url\":\"https:\/\/staging.genekas24.ee\/\",\"logo\":{\"@type\":\"ImageObject\",\"inLanguage\":\"fi\",\"@id\":\"https:\/\/staging.genekas24.ee\/#\/schema\/logo\/image\/\",\"url\":\"https:\/\/staging.genekas24.ee\/wp-content\/uploads\/2026\/01\/genekas24-logo_black.svg\",\"contentUrl\":\"https:\/\/staging.genekas24.ee\/wp-content\/uploads\/2026\/01\/genekas24-logo_black.svg\",\"width\":840,\"height\":131,\"caption\":\"Genekas24\"},\"image\":{\"@id\":\"https:\/\/staging.genekas24.ee\/#\/schema\/logo\/image\/\"}}]}<\/script>\n<!-- \/ Yoast SEO plugin. -->","yoast_head_json":{"title":"Bensiinigeneraator FH 9540 TRA - Genekas24","robots":{"index":"index","follow":"follow","max-snippet":"max-snippet:-1","max-image-preview":"max-image-preview:large","max-video-preview":"max-video-preview:-1"},"canonical":"https:\/\/staging.genekas24.ee\/fi\/tuote\/bensiinigeneraator-fh-9540-tra\/","og_locale":"fi_FI","og_type":"article","og_title":"Bensiinigeneraator FH 9540 TRA - Genekas24","og_description":"Sagedus, Hz 50   Pinge, V 230\/400   Max v\u00f5imsus, kW (230V\/400V) 5.5\/6.4   Nominaalne v\u00f5imsus, kW (230V\/400V) 5.0\/5.8   Vool(max) (230V\/400V), A 19.6\/10.6   Mootor Honda   Mudel GX 390   Karteri maht, l 1.1   Jahutus \u00d5hk   Mootori t\u00fc\u00fcp 1-silindriline, 4-taktiline   K\u00e4ivitust\u00fc\u00fcp Manuaalne + elektriline   K\u00fctus Bensiin   K\u00fctusepaak, l 45   K\u00fctusekulu (75% koormuse juuures), l\/h 2.7   M\u00fcratase, dB(A) 96   Kaal, kg 124   M\u00f5\u00f5tmed (P,L,K), mm 790x580x765   Kaitseklass IP54","og_url":"https:\/\/staging.genekas24.ee\/fi\/tuote\/bensiinigeneraator-fh-9540-tra\/","og_site_name":"Genekas24","article_modified_time":"2025-12-31T08:47:52+00:00","og_image":[{"width":1459,"height":834,"url":"https:\/\/staging.genekas24.ee\/wp-content\/uploads\/2025\/05\/FH-9540-TRA.png","type":"image\/png"}],"twitter_card":"summary_large_image","twitter_misc":{"Arvioitu lukuaika":"2 minuuttia"},"schema":{"@context":"https:\/\/schema.org","@graph":[{"@type":"WebPage","@id":"https:\/\/staging.genekas24.ee\/toode\/bensiinigeneraator-fh-9540-tra\/","url":"https:\/\/staging.genekas24.ee\/toode\/bensiinigeneraator-fh-9540-tra\/","name":"Bensiinigeneraator FH 9540 TRA - Genekas24","isPartOf":{"@id":"https:\/\/staging.genekas24.ee\/#website"},"primaryImageOfPage":{"@id":"https:\/\/staging.genekas24.ee\/toode\/bensiinigeneraator-fh-9540-tra\/#primaryimage"},"image":{"@id":"https:\/\/staging.genekas24.ee\/toode\/bensiinigeneraator-fh-9540-tra\/#primaryimage"},"thumbnailUrl":"https:\/\/staging.genekas24.ee\/wp-content\/uploads\/2025\/05\/FH-9540-TRA.png","datePublished":"2025-05-21T11:31:23+00:00","dateModified":"2025-12-31T08:47:52+00:00","breadcrumb":{"@id":"https:\/\/staging.genekas24.ee\/toode\/bensiinigeneraator-fh-9540-tra\/#breadcrumb"},"inLanguage":"fi","potentialAction":[{"@type":"ReadAction","target":["https:\/\/staging.genekas24.ee\/toode\/bensiinigeneraator-fh-9540-tra\/"]}]},{"@type":"ImageObject","inLanguage":"fi","@id":"https:\/\/staging.genekas24.ee\/toode\/bensiinigeneraator-fh-9540-tra\/#primaryimage","url":"https:\/\/staging.genekas24.ee\/wp-content\/uploads\/2025\/05\/FH-9540-TRA.png","contentUrl":"https:\/\/staging.genekas24.ee\/wp-content\/uploads\/2025\/05\/FH-9540-TRA.png","width":1459,"height":834},{"@type":"BreadcrumbList","@id":"https:\/\/staging.genekas24.ee\/toode\/bensiinigeneraator-fh-9540-tra\/#breadcrumb","itemListElement":[{"@type":"ListItem","position":1,"name":"Home","item":"https:\/\/staging.genekas24.ee\/"},{"@type":"ListItem","position":2,"name":"Pood","item":"https:\/\/staging.genekas24.ee\/pood\/"},{"@type":"ListItem","position":3,"name":"Bensiinigeneraator FH 9540 TRA"}]},{"@type":"WebSite","@id":"https:\/\/staging.genekas24.ee\/#website","url":"https:\/\/staging.genekas24.ee\/","name":"Genekas24","description":"Generaatorid | K&ouml;nner S&ouml;hnen tooted | Genekas24","publisher":{"@id":"https:\/\/staging.genekas24.ee\/#organization"},"potentialAction":[{"@type":"SearchAction","target":{"@type":"EntryPoint","urlTemplate":"https:\/\/staging.genekas24.ee\/?s={search_term_string}"},"query-input":{"@type":"PropertyValueSpecification","valueRequired":true,"valueName":"search_term_string"}}],"inLanguage":"fi"},{"@type":"Organization","@id":"https:\/\/staging.genekas24.ee\/#organization","name":"Genekas24","url":"https:\/\/staging.genekas24.ee\/","logo":{"@type":"ImageObject","inLanguage":"fi","@id":"https:\/\/staging.genekas24.ee\/#\/schema\/logo\/image\/","url":"https:\/\/staging.genekas24.ee\/wp-content\/uploads\/2026\/01\/genekas24-logo_black.svg","contentUrl":"https:\/\/staging.genekas24.ee\/wp-content\/uploads\/2026\/01\/genekas24-logo_black.svg","width":840,"height":131,"caption":"Genekas24"},"image":{"@id":"https:\/\/staging.genekas24.ee\/#\/schema\/logo\/image\/"}}]}},"_links":{"self":[{"href":"https:\/\/staging.genekas24.ee\/fi\/wp-json\/wp\/v2\/product\/18828","targetHints":{"allow":["GET"]}}],"collection":[{"href":"https:\/\/staging.genekas24.ee\/fi\/wp-json\/wp\/v2\/product"}],"about":[{"href":"https:\/\/staging.genekas24.ee\/fi\/wp-json\/wp\/v2\/types\/product"}],"version-history":[{"count":8,"href":"https:\/\/staging.genekas24.ee\/fi\/wp-json\/wp\/v2\/product\/18828\/revisions"}],"predecessor-version":[{"id":19922,"href":"https:\/\/staging.genekas24.ee\/fi\/wp-json\/wp\/v2\/product\/18828\/revisions\/19922"}],"wp:featuredmedia":[{"embeddable":true,"href":"https:\/\/staging.genekas24.ee\/fi\/wp-json\/wp\/v2\/media\/18829"}],"wp:attachment":[{"href":"https:\/\/staging.genekas24.ee\/fi\/wp-json\/wp\/v2\/media?parent=18828"}],"wp:term":[{"taxonomy":"product_brand","embeddable":true,"href":"https:\/\/staging.genekas24.ee\/fi\/wp-json\/wp\/v2\/product_brand?post=18828"},{"taxonomy":"product_cat","embeddable":true,"href":"https:\/\/staging.genekas24.ee\/fi\/wp-json\/wp\/v2\/product_cat?post=18828"},{"taxonomy":"product_tag","embeddable":true,"href":"https:\/\/staging.genekas24.ee\/fi\/wp-json\/wp\/v2\/product_tag?post=18828"}],"curies":[{"name":"wp","href":"https:\/\/api.w.org\/{rel}","templated":true}]}}