{"id":18702,"date":"2025-05-19T08:25:57","date_gmt":"2025-05-19T08:25:57","guid":{"rendered":"https:\/\/staging.genekas24.ee\/?post_type=product&#038;p=18702"},"modified":"2025-12-02T09:56:26","modified_gmt":"2025-12-02T09:56:26","slug":"diisel-50hz-902-1534-kva","status":"publish","type":"product","link":"https:\/\/staging.genekas24.ee\/fi\/tuote\/diisel-50hz-902-1534-kva\/","title":{"rendered":"FOGO Diisel\/HVO"},"content":{"rendered":"<p>&nbsp;<\/p>\n<table style=\"border-collapse: collapse; width: 100%; height: 180px;\">\n<tbody>\n<tr style=\"height: 180px;\">\n<td style=\"width: 50%; height: 180px;\"><img fetchpriority=\"high\" decoding=\"async\" class=\"size-medium wp-image-18721 aligncenter\" src=\"https:\/\/staging.genekas24.ee\/wp-content\/uploads\/2025\/05\/WhatsApp-Image-2025-05-19-at-11.03.06_b05d241a-Edited-300x198.png\" alt=\"\" width=\"300\" height=\"198\" srcset=\"https:\/\/staging.genekas24.ee\/wp-content\/uploads\/2025\/05\/WhatsApp-Image-2025-05-19-at-11.03.06_b05d241a-Edited-300x198.png 300w, https:\/\/staging.genekas24.ee\/wp-content\/uploads\/2025\/05\/WhatsApp-Image-2025-05-19-at-11.03.06_b05d241a-Edited-18x12.png 18w, https:\/\/staging.genekas24.ee\/wp-content\/uploads\/2025\/05\/WhatsApp-Image-2025-05-19-at-11.03.06_b05d241a-Edited.png 363w\" sizes=\"(max-width: 300px) 100vw, 300px\" \/><\/td>\n<td style=\"width: 50%; height: 180px;\">\n<p class=\"\" data-start=\"0\" data-end=\"10\"><strong>FD 820 S-T<\/strong><\/p>\n<p class=\"\" data-start=\"12\" data-end=\"42\"><strong>Mootor<\/strong>: Scania DC13 072A 02-12<\/p>\n<p class=\"\" data-start=\"44\" data-end=\"90\"><strong>Heitgaaside emissioon<\/strong>: k\u00fctusekulu optimeeritud<\/p>\n<p class=\"\" data-start=\"92\" data-end=\"128\"><strong>K\u00fctuses\u00fcsteem<\/strong>: \u00fchiksissepritse (PDE)<\/p>\n<p class=\"\" data-start=\"130\" data-end=\"163\"><strong>P\u00f6\u00f6rete juhtimine<\/strong>: elektrooniline<\/p>\n<p class=\"\" data-start=\"165\" data-end=\"179\"><strong>Taajuus<\/strong>: 50 Hz<\/p>\n<p class=\"\" data-start=\"181\" data-end=\"224\"><strong>Maksimaalne v\u00f5imsus (ESP)<\/strong>: 900 kVA \/ 720 kW<\/p>\n<p class=\"\" data-start=\"226\" data-end=\"261\"><strong>Nimiv\u00f5imsus (PRP)<\/strong>: 820 kVA \/ 656 kW<\/p>\n<\/td>\n<\/tr>\n<\/tbody>\n<\/table>\n<table style=\"border-collapse: collapse; width: 100%;\">\n<tbody>\n<tr>\n<td style=\"width: 50%;\"><img fetchpriority=\"high\" decoding=\"async\" class=\"size-medium wp-image-18721 aligncenter\" src=\"https:\/\/staging.genekas24.ee\/wp-content\/uploads\/2025\/05\/WhatsApp-Image-2025-05-19-at-11.03.06_b05d241a-Edited-300x198.png\" alt=\"\" width=\"300\" height=\"198\" srcset=\"https:\/\/staging.genekas24.ee\/wp-content\/uploads\/2025\/05\/WhatsApp-Image-2025-05-19-at-11.03.06_b05d241a-Edited-300x198.png 300w, https:\/\/staging.genekas24.ee\/wp-content\/uploads\/2025\/05\/WhatsApp-Image-2025-05-19-at-11.03.06_b05d241a-Edited-18x12.png 18w, https:\/\/staging.genekas24.ee\/wp-content\/uploads\/2025\/05\/WhatsApp-Image-2025-05-19-at-11.03.06_b05d241a-Edited.png 363w\" sizes=\"(max-width: 300px) 100vw, 300px\" \/><\/td>\n<td style=\"width: 50%;\">\n<p class=\"\" data-start=\"52\" data-end=\"62\"><strong>FD 910 S-T<\/strong><\/p>\n<p class=\"\" data-start=\"64\" data-end=\"94\"><strong>Mootor<\/strong>: Scania DC13 072A 02-13<\/p>\n<p class=\"\" data-start=\"96\" data-end=\"146\"><strong>Heitgaaside emissioon<\/strong>: k\u00fctusekasutuse optimeeritud<\/p>\n<p class=\"\" data-start=\"148\" data-end=\"181\"><strong>K\u00fctuses\u00fcsteem<\/strong>: PDE \u00fchikpritsungid<\/p>\n<p class=\"\" data-start=\"183\" data-end=\"216\"><strong>Kiiruseregulaator<\/strong>: elektrooniline<\/p>\n<p class=\"\" data-start=\"218\" data-end=\"232\"><strong>Taajuus<\/strong>: 50 Hz<\/p>\n<p class=\"\" data-start=\"234\" data-end=\"276\"><strong>Maksimaalne v\u00f5imsus ESP<\/strong>: 1000 kVA \/ 800 kW<\/p>\n<p class=\"\" data-start=\"278\" data-end=\"311\"><strong>Nimiv\u00f5imsus PRP<\/strong>: 910 kVA \/ 728 kW<\/p>\n<\/td>\n<\/tr>\n<\/tbody>\n<\/table>\n<table style=\"border-collapse: collapse; width: 100%;\">\n<tbody>\n<tr>\n<td style=\"width: 50%;\"><img fetchpriority=\"high\" decoding=\"async\" class=\"size-medium wp-image-18721 aligncenter\" src=\"https:\/\/staging.genekas24.ee\/wp-content\/uploads\/2025\/05\/WhatsApp-Image-2025-05-19-at-11.03.06_b05d241a-Edited-300x198.png\" alt=\"\" width=\"300\" height=\"198\" srcset=\"https:\/\/staging.genekas24.ee\/wp-content\/uploads\/2025\/05\/WhatsApp-Image-2025-05-19-at-11.03.06_b05d241a-Edited-300x198.png 300w, https:\/\/staging.genekas24.ee\/wp-content\/uploads\/2025\/05\/WhatsApp-Image-2025-05-19-at-11.03.06_b05d241a-Edited-18x12.png 18w, https:\/\/staging.genekas24.ee\/wp-content\/uploads\/2025\/05\/WhatsApp-Image-2025-05-19-at-11.03.06_b05d241a-Edited.png 363w\" sizes=\"(max-width: 300px) 100vw, 300px\" \/><\/td>\n<td style=\"width: 50%;\">\n<p class=\"\" data-start=\"29\" data-end=\"40\"><strong>FD 1000 S-T<\/strong><\/p>\n<p class=\"\" data-start=\"42\" data-end=\"72\"><strong>Mootor<\/strong>: Scania DC13 072A 02-14<\/p>\n<p class=\"\" data-start=\"74\" data-end=\"124\"><strong>Heitgaaside emissioon<\/strong>: k\u00fctusekasutuse optimeeritud<\/p>\n<p class=\"\" data-start=\"126\" data-end=\"159\"><strong>K\u00fctuses\u00fcsteem<\/strong>: PDE \u00fchikpritsungid<\/p>\n<p class=\"\" data-start=\"161\" data-end=\"194\"><strong>Kiiruseregulaator<\/strong>: elektrooniline<\/p>\n<p class=\"\" data-start=\"196\" data-end=\"210\"><strong>Taajuus<\/strong>: 50 Hz<\/p>\n<p class=\"\" data-start=\"212\" data-end=\"254\"><strong>Maksimaalne v\u00f5imsus ESP<\/strong>: 1100 kVA \/ 880 kW<\/p>\n<p class=\"\" data-start=\"256\" data-end=\"290\"><strong>Nimiv\u00f5imsus PRP<\/strong>: 1000 kVA \/ 800 kW<\/p>\n<\/td>\n<\/tr>\n<\/tbody>\n<\/table>\n<table style=\"border-collapse: collapse; width: 100%;\">\n<tbody>\n<tr>\n<td style=\"width: 50%;\"><img fetchpriority=\"high\" decoding=\"async\" class=\"size-medium wp-image-18721 aligncenter\" src=\"https:\/\/staging.genekas24.ee\/wp-content\/uploads\/2025\/05\/WhatsApp-Image-2025-05-19-at-11.03.06_b05d241a-Edited-300x198.png\" alt=\"\" width=\"300\" height=\"198\" srcset=\"https:\/\/staging.genekas24.ee\/wp-content\/uploads\/2025\/05\/WhatsApp-Image-2025-05-19-at-11.03.06_b05d241a-Edited-300x198.png 300w, https:\/\/staging.genekas24.ee\/wp-content\/uploads\/2025\/05\/WhatsApp-Image-2025-05-19-at-11.03.06_b05d241a-Edited-18x12.png 18w, https:\/\/staging.genekas24.ee\/wp-content\/uploads\/2025\/05\/WhatsApp-Image-2025-05-19-at-11.03.06_b05d241a-Edited.png 363w\" sizes=\"(max-width: 300px) 100vw, 300px\" \/><\/td>\n<td style=\"width: 50%;\">\n<p class=\"\" data-start=\"0\" data-end=\"11\"><strong>FD 1200 S-T<\/strong><\/p>\n<p class=\"\" data-start=\"13\" data-end=\"43\"><strong>Mootor<\/strong>: Scania DC16 093A 02-53<\/p>\n<p class=\"\" data-start=\"45\" data-end=\"91\"><strong>Heitgaaside emissioon<\/strong>: k\u00fctusekulu optimeeritud<\/p>\n<p class=\"\" data-start=\"93\" data-end=\"129\"><strong>K\u00fctuses\u00fcsteem<\/strong>: \u00fchiksissepritse (PDE)<\/p>\n<p class=\"\" data-start=\"131\" data-end=\"164\"><strong>P\u00f6\u00f6rete juhtimine<\/strong>: elektrooniline<\/p>\n<p class=\"\" data-start=\"166\" data-end=\"180\"><strong>Taajuus<\/strong>: 50 Hz<\/p>\n<p class=\"\" data-start=\"182\" data-end=\"227\"><strong>Maksimaalne v\u00f5imsus (ESP):<\/strong> 1320 kVA \/ 1056 kW<\/p>\n<p class=\"\" data-start=\"229\" data-end=\"265\"><strong>Nimiv\u00f5imsus (PRP)<\/strong>: 1200 kVA \/ 960 kW<\/p>\n<\/td>\n<\/tr>\n<\/tbody>\n<\/table>\n<table style=\"border-collapse: collapse; width: 100%;\">\n<tbody>\n<tr>\n<td style=\"width: 50%;\"><img fetchpriority=\"high\" decoding=\"async\" class=\"size-medium wp-image-18721 aligncenter\" src=\"https:\/\/staging.genekas24.ee\/wp-content\/uploads\/2025\/05\/WhatsApp-Image-2025-05-19-at-11.03.06_b05d241a-Edited-300x198.png\" alt=\"\" width=\"300\" height=\"198\" srcset=\"https:\/\/staging.genekas24.ee\/wp-content\/uploads\/2025\/05\/WhatsApp-Image-2025-05-19-at-11.03.06_b05d241a-Edited-300x198.png 300w, https:\/\/staging.genekas24.ee\/wp-content\/uploads\/2025\/05\/WhatsApp-Image-2025-05-19-at-11.03.06_b05d241a-Edited-18x12.png 18w, https:\/\/staging.genekas24.ee\/wp-content\/uploads\/2025\/05\/WhatsApp-Image-2025-05-19-at-11.03.06_b05d241a-Edited.png 363w\" sizes=\"(max-width: 300px) 100vw, 300px\" \/><\/td>\n<td style=\"width: 50%;\">\n<p class=\"\" data-start=\"29\" data-end=\"40\"><strong>FD 1320 S-T<\/strong><\/p>\n<p class=\"\" data-start=\"42\" data-end=\"72\"><strong>Mootor<\/strong>: Scania DC16 093A 02-54<\/p>\n<p class=\"\" data-start=\"74\" data-end=\"124\"><strong>Heitgaaside emissioon<\/strong>: k\u00fctusekasutuse optimeeritud<\/p>\n<p class=\"\" data-start=\"126\" data-end=\"159\"><strong>K\u00fctuses\u00fcsteem<\/strong>: PDE \u00fchikpritsungid<\/p>\n<p class=\"\" data-start=\"161\" data-end=\"194\"><strong>Kiiruseregulaator<\/strong>: elektrooniline<\/p>\n<p class=\"\" data-start=\"196\" data-end=\"210\"><strong>Taajuus<\/strong>: 50 Hz<\/p>\n<p class=\"\" data-start=\"212\" data-end=\"255\"><strong>Maksimaalne v\u00f5imsus ESP<\/strong>: 1424 kVA \/ 1139 kW<\/p>\n<p class=\"\" data-start=\"257\" data-end=\"292\"><strong>Nimiv\u00f5imsus PRP<\/strong>: 1294 kVA \/ 1036 kW<\/p>\n<\/td>\n<\/tr>\n<\/tbody>\n<\/table>\n<table style=\"border-collapse: collapse; width: 100%;\">\n<tbody>\n<tr>\n<td style=\"width: 50%;\"><img fetchpriority=\"high\" decoding=\"async\" class=\"size-medium wp-image-18721 aligncenter\" src=\"https:\/\/staging.genekas24.ee\/wp-content\/uploads\/2025\/05\/WhatsApp-Image-2025-05-19-at-11.03.06_b05d241a-Edited-300x198.png\" alt=\"\" width=\"300\" height=\"198\" srcset=\"https:\/\/staging.genekas24.ee\/wp-content\/uploads\/2025\/05\/WhatsApp-Image-2025-05-19-at-11.03.06_b05d241a-Edited-300x198.png 300w, https:\/\/staging.genekas24.ee\/wp-content\/uploads\/2025\/05\/WhatsApp-Image-2025-05-19-at-11.03.06_b05d241a-Edited-18x12.png 18w, https:\/\/staging.genekas24.ee\/wp-content\/uploads\/2025\/05\/WhatsApp-Image-2025-05-19-at-11.03.06_b05d241a-Edited.png 363w\" sizes=\"(max-width: 300px) 100vw, 300px\" \/><\/td>\n<td style=\"width: 50%;\">\n<p class=\"\" data-start=\"0\" data-end=\"11\"><strong>FD 1460 S-T<\/strong><\/p>\n<p class=\"\" data-start=\"13\" data-end=\"37\"><strong>Mootor<\/strong>: Scania 4M10G88\/5<\/p>\n<p class=\"\" data-start=\"39\" data-end=\"85\"><strong>Heitgaaside emissioon<\/strong>: k\u00fctusekulu optimeeritud<\/p>\n<p class=\"\" data-start=\"87\" data-end=\"115\"><strong>K\u00fctuses\u00fcsteem<\/strong>: k\u00f5rgsurve XPI<\/p>\n<p class=\"\" data-start=\"117\" data-end=\"150\"><strong>P\u00f6\u00f6rete juhtimine<\/strong>: elektrooniline<\/p>\n<p class=\"\" data-start=\"152\" data-end=\"166\"><strong>Taajuus<\/strong>: 50 Hz<\/p>\n<p class=\"\" data-start=\"168\" data-end=\"213\"><strong>Maksimaalne v\u00f5imsus (ESP)<\/strong>: 1534 kVA \/ 1227 kW<\/p>\n<p class=\"\" data-start=\"215\" data-end=\"252\"><strong>Nimiv\u00f5imsus (PRP)<\/strong>: 1395 kVA \/ 1116 kW<\/p>\n<\/td>\n<\/tr>\n<\/tbody>\n<\/table>","protected":false},"excerpt":{"rendered":"<p>&nbsp; FD 820 S-T Mootor: Scania DC13 072A 02-12 Heitgaaside emissioon: k\u00fctusekulu optimeeritud K\u00fctuses\u00fcsteem: \u00fchiksissepritse (PDE) P\u00f6\u00f6rete juhtimine: elektrooniline Sagedus: 50 Hz Maksimaalne v\u00f5imsus (ESP): 900 kVA \/ 720 kW Nimiv\u00f5imsus (PRP): 820 kVA \/ 656 kW FD 910 S-T Mootor: Scania DC13 072A 02-13 Heitgaaside emissioon: k\u00fctusekasutuse optimeeritud K\u00fctuses\u00fcsteem: PDE \u00fchikpritsungid Kiiruseregulaator: elektrooniline Sagedus: [&hellip;]<\/p>","protected":false},"featured_media":18717,"template":"","meta":{"_acf_changed":false,"inline_featured_image":false},"product_brand":[],"product_cat":[22,37],"product_tag":[135],"class_list":{"0":"post-18702","1":"product","2":"type-product","3":"status-publish","4":"has-post-thumbnail","6":"product_cat-diiselgeneraatorid","7":"product_cat-diisel-joujaamad","8":"product_tag-fogo","9":"product_shipping_class-diisel-joujaamad","10":"brand-fogo","12":"first","13":"instock","14":"taxable","15":"shipping-taxable","16":"product-type-simple"},"acf":[],"yoast_head":"<!-- This site is optimized with the Yoast SEO plugin v26.2 - https:\/\/yoast.com\/wordpress\/plugins\/seo\/ -->\n<title>FOGO Diisel\/HVO - Genekas24<\/title>\n<meta name=\"robots\" content=\"index, follow, max-snippet:-1, max-image-preview:large, max-video-preview:-1\" \/>\n<link rel=\"canonical\" href=\"https:\/\/staging.genekas24.ee\/fi\/tuote\/diisel-50hz-902-1534-kva\/\" \/>\n<meta property=\"og:locale\" content=\"fi_FI\" \/>\n<meta property=\"og:type\" content=\"article\" \/>\n<meta property=\"og:title\" content=\"FOGO Diisel\/HVO - Genekas24\" \/>\n<meta property=\"og:description\" content=\"&nbsp; FD 820 S-T Mootor: Scania DC13 072A 02-12 Heitgaaside emissioon: k\u00fctusekulu optimeeritud K\u00fctuses\u00fcsteem: \u00fchiksissepritse (PDE) P\u00f6\u00f6rete juhtimine: elektrooniline Sagedus: 50 Hz Maksimaalne v\u00f5imsus (ESP): 900 kVA \/ 720 kW Nimiv\u00f5imsus (PRP): 820 kVA \/ 656 kW FD 910 S-T Mootor: Scania DC13 072A 02-13 Heitgaaside emissioon: k\u00fctusekasutuse optimeeritud K\u00fctuses\u00fcsteem: PDE \u00fchikpritsungid Kiiruseregulaator: elektrooniline Sagedus: [&hellip;]\" \/>\n<meta property=\"og:url\" content=\"https:\/\/staging.genekas24.ee\/fi\/tuote\/diisel-50hz-902-1534-kva\/\" \/>\n<meta property=\"og:site_name\" content=\"Genekas24\" \/>\n<meta property=\"article:modified_time\" content=\"2025-12-02T09:56:26+00:00\" \/>\n<meta property=\"og:image\" content=\"https:\/\/staging.genekas24.ee\/wp-content\/uploads\/2025\/05\/uus.jpg\" \/>\n\t<meta property=\"og:image:width\" content=\"363\" \/>\n\t<meta property=\"og:image:height\" content=\"240\" \/>\n\t<meta property=\"og:image:type\" content=\"image\/jpeg\" \/>\n<meta name=\"twitter:card\" content=\"summary_large_image\" \/>\n<meta name=\"twitter:label1\" content=\"Arvioitu lukuaika\" \/>\n\t<meta name=\"twitter:data1\" content=\"3 minuuttia\" \/>\n<script type=\"application\/ld+json\" class=\"yoast-schema-graph\">{\"@context\":\"https:\/\/schema.org\",\"@graph\":[{\"@type\":\"WebPage\",\"@id\":\"https:\/\/staging.genekas24.ee\/toode\/diisel-50hz-902-1534-kva\/\",\"url\":\"https:\/\/staging.genekas24.ee\/toode\/diisel-50hz-902-1534-kva\/\",\"name\":\"FOGO Diisel\/HVO - Genekas24\",\"isPartOf\":{\"@id\":\"https:\/\/staging.genekas24.ee\/#website\"},\"primaryImageOfPage\":{\"@id\":\"https:\/\/staging.genekas24.ee\/toode\/diisel-50hz-902-1534-kva\/#primaryimage\"},\"image\":{\"@id\":\"https:\/\/staging.genekas24.ee\/toode\/diisel-50hz-902-1534-kva\/#primaryimage\"},\"thumbnailUrl\":\"https:\/\/staging.genekas24.ee\/wp-content\/uploads\/2025\/05\/uus.jpg\",\"datePublished\":\"2025-05-19T08:25:57+00:00\",\"dateModified\":\"2025-12-02T09:56:26+00:00\",\"breadcrumb\":{\"@id\":\"https:\/\/staging.genekas24.ee\/toode\/diisel-50hz-902-1534-kva\/#breadcrumb\"},\"inLanguage\":\"fi\",\"potentialAction\":[{\"@type\":\"ReadAction\",\"target\":[\"https:\/\/staging.genekas24.ee\/toode\/diisel-50hz-902-1534-kva\/\"]}]},{\"@type\":\"ImageObject\",\"inLanguage\":\"fi\",\"@id\":\"https:\/\/staging.genekas24.ee\/toode\/diisel-50hz-902-1534-kva\/#primaryimage\",\"url\":\"https:\/\/staging.genekas24.ee\/wp-content\/uploads\/2025\/05\/uus.jpg\",\"contentUrl\":\"https:\/\/staging.genekas24.ee\/wp-content\/uploads\/2025\/05\/uus.jpg\",\"width\":363,\"height\":240},{\"@type\":\"BreadcrumbList\",\"@id\":\"https:\/\/staging.genekas24.ee\/toode\/diisel-50hz-902-1534-kva\/#breadcrumb\",\"itemListElement\":[{\"@type\":\"ListItem\",\"position\":1,\"name\":\"Home\",\"item\":\"https:\/\/staging.genekas24.ee\/\"},{\"@type\":\"ListItem\",\"position\":2,\"name\":\"Pood\",\"item\":\"https:\/\/staging.genekas24.ee\/pood\/\"},{\"@type\":\"ListItem\",\"position\":3,\"name\":\"FOGO Diisel\/HVO\"}]},{\"@type\":\"WebSite\",\"@id\":\"https:\/\/staging.genekas24.ee\/#website\",\"url\":\"https:\/\/staging.genekas24.ee\/\",\"name\":\"Genekas24\",\"description\":\"Generaatorid | K&ouml;nner S&ouml;hnen tooted | Genekas24\",\"publisher\":{\"@id\":\"https:\/\/staging.genekas24.ee\/#organization\"},\"potentialAction\":[{\"@type\":\"SearchAction\",\"target\":{\"@type\":\"EntryPoint\",\"urlTemplate\":\"https:\/\/staging.genekas24.ee\/?s={search_term_string}\"},\"query-input\":{\"@type\":\"PropertyValueSpecification\",\"valueRequired\":true,\"valueName\":\"search_term_string\"}}],\"inLanguage\":\"fi\"},{\"@type\":\"Organization\",\"@id\":\"https:\/\/staging.genekas24.ee\/#organization\",\"name\":\"Genekas24\",\"url\":\"https:\/\/staging.genekas24.ee\/\",\"logo\":{\"@type\":\"ImageObject\",\"inLanguage\":\"fi\",\"@id\":\"https:\/\/staging.genekas24.ee\/#\/schema\/logo\/image\/\",\"url\":\"https:\/\/staging.genekas24.ee\/wp-content\/uploads\/2026\/01\/genekas24-logo_black.svg\",\"contentUrl\":\"https:\/\/staging.genekas24.ee\/wp-content\/uploads\/2026\/01\/genekas24-logo_black.svg\",\"width\":840,\"height\":131,\"caption\":\"Genekas24\"},\"image\":{\"@id\":\"https:\/\/staging.genekas24.ee\/#\/schema\/logo\/image\/\"}}]}<\/script>\n<!-- \/ Yoast SEO plugin. -->","yoast_head_json":{"title":"FOGO Diisel\/HVO - Genekas24","robots":{"index":"index","follow":"follow","max-snippet":"max-snippet:-1","max-image-preview":"max-image-preview:large","max-video-preview":"max-video-preview:-1"},"canonical":"https:\/\/staging.genekas24.ee\/fi\/tuote\/diisel-50hz-902-1534-kva\/","og_locale":"fi_FI","og_type":"article","og_title":"FOGO Diisel\/HVO - Genekas24","og_description":"&nbsp; FD 820 S-T Mootor: Scania DC13 072A 02-12 Heitgaaside emissioon: k\u00fctusekulu optimeeritud K\u00fctuses\u00fcsteem: \u00fchiksissepritse (PDE) P\u00f6\u00f6rete juhtimine: elektrooniline Sagedus: 50 Hz Maksimaalne v\u00f5imsus (ESP): 900 kVA \/ 720 kW Nimiv\u00f5imsus (PRP): 820 kVA \/ 656 kW FD 910 S-T Mootor: Scania DC13 072A 02-13 Heitgaaside emissioon: k\u00fctusekasutuse optimeeritud K\u00fctuses\u00fcsteem: PDE \u00fchikpritsungid Kiiruseregulaator: elektrooniline Sagedus: [&hellip;]","og_url":"https:\/\/staging.genekas24.ee\/fi\/tuote\/diisel-50hz-902-1534-kva\/","og_site_name":"Genekas24","article_modified_time":"2025-12-02T09:56:26+00:00","og_image":[{"width":363,"height":240,"url":"https:\/\/staging.genekas24.ee\/wp-content\/uploads\/2025\/05\/uus.jpg","type":"image\/jpeg"}],"twitter_card":"summary_large_image","twitter_misc":{"Arvioitu lukuaika":"3 minuuttia"},"schema":{"@context":"https:\/\/schema.org","@graph":[{"@type":"WebPage","@id":"https:\/\/staging.genekas24.ee\/toode\/diisel-50hz-902-1534-kva\/","url":"https:\/\/staging.genekas24.ee\/toode\/diisel-50hz-902-1534-kva\/","name":"FOGO Diisel\/HVO - Genekas24","isPartOf":{"@id":"https:\/\/staging.genekas24.ee\/#website"},"primaryImageOfPage":{"@id":"https:\/\/staging.genekas24.ee\/toode\/diisel-50hz-902-1534-kva\/#primaryimage"},"image":{"@id":"https:\/\/staging.genekas24.ee\/toode\/diisel-50hz-902-1534-kva\/#primaryimage"},"thumbnailUrl":"https:\/\/staging.genekas24.ee\/wp-content\/uploads\/2025\/05\/uus.jpg","datePublished":"2025-05-19T08:25:57+00:00","dateModified":"2025-12-02T09:56:26+00:00","breadcrumb":{"@id":"https:\/\/staging.genekas24.ee\/toode\/diisel-50hz-902-1534-kva\/#breadcrumb"},"inLanguage":"fi","potentialAction":[{"@type":"ReadAction","target":["https:\/\/staging.genekas24.ee\/toode\/diisel-50hz-902-1534-kva\/"]}]},{"@type":"ImageObject","inLanguage":"fi","@id":"https:\/\/staging.genekas24.ee\/toode\/diisel-50hz-902-1534-kva\/#primaryimage","url":"https:\/\/staging.genekas24.ee\/wp-content\/uploads\/2025\/05\/uus.jpg","contentUrl":"https:\/\/staging.genekas24.ee\/wp-content\/uploads\/2025\/05\/uus.jpg","width":363,"height":240},{"@type":"BreadcrumbList","@id":"https:\/\/staging.genekas24.ee\/toode\/diisel-50hz-902-1534-kva\/#breadcrumb","itemListElement":[{"@type":"ListItem","position":1,"name":"Home","item":"https:\/\/staging.genekas24.ee\/"},{"@type":"ListItem","position":2,"name":"Pood","item":"https:\/\/staging.genekas24.ee\/pood\/"},{"@type":"ListItem","position":3,"name":"FOGO Diisel\/HVO"}]},{"@type":"WebSite","@id":"https:\/\/staging.genekas24.ee\/#website","url":"https:\/\/staging.genekas24.ee\/","name":"Genekas24","description":"Generaatorid | K&ouml;nner S&ouml;hnen tooted | Genekas24","publisher":{"@id":"https:\/\/staging.genekas24.ee\/#organization"},"potentialAction":[{"@type":"SearchAction","target":{"@type":"EntryPoint","urlTemplate":"https:\/\/staging.genekas24.ee\/?s={search_term_string}"},"query-input":{"@type":"PropertyValueSpecification","valueRequired":true,"valueName":"search_term_string"}}],"inLanguage":"fi"},{"@type":"Organization","@id":"https:\/\/staging.genekas24.ee\/#organization","name":"Genekas24","url":"https:\/\/staging.genekas24.ee\/","logo":{"@type":"ImageObject","inLanguage":"fi","@id":"https:\/\/staging.genekas24.ee\/#\/schema\/logo\/image\/","url":"https:\/\/staging.genekas24.ee\/wp-content\/uploads\/2026\/01\/genekas24-logo_black.svg","contentUrl":"https:\/\/staging.genekas24.ee\/wp-content\/uploads\/2026\/01\/genekas24-logo_black.svg","width":840,"height":131,"caption":"Genekas24"},"image":{"@id":"https:\/\/staging.genekas24.ee\/#\/schema\/logo\/image\/"}}]}},"_links":{"self":[{"href":"https:\/\/staging.genekas24.ee\/fi\/wp-json\/wp\/v2\/product\/18702","targetHints":{"allow":["GET"]}}],"collection":[{"href":"https:\/\/staging.genekas24.ee\/fi\/wp-json\/wp\/v2\/product"}],"about":[{"href":"https:\/\/staging.genekas24.ee\/fi\/wp-json\/wp\/v2\/types\/product"}],"version-history":[{"count":16,"href":"https:\/\/staging.genekas24.ee\/fi\/wp-json\/wp\/v2\/product\/18702\/revisions"}],"predecessor-version":[{"id":18790,"href":"https:\/\/staging.genekas24.ee\/fi\/wp-json\/wp\/v2\/product\/18702\/revisions\/18790"}],"wp:featuredmedia":[{"embeddable":true,"href":"https:\/\/staging.genekas24.ee\/fi\/wp-json\/wp\/v2\/media\/18717"}],"wp:attachment":[{"href":"https:\/\/staging.genekas24.ee\/fi\/wp-json\/wp\/v2\/media?parent=18702"}],"wp:term":[{"taxonomy":"product_brand","embeddable":true,"href":"https:\/\/staging.genekas24.ee\/fi\/wp-json\/wp\/v2\/product_brand?post=18702"},{"taxonomy":"product_cat","embeddable":true,"href":"https:\/\/staging.genekas24.ee\/fi\/wp-json\/wp\/v2\/product_cat?post=18702"},{"taxonomy":"product_tag","embeddable":true,"href":"https:\/\/staging.genekas24.ee\/fi\/wp-json\/wp\/v2\/product_tag?post=18702"}],"curies":[{"name":"wp","href":"https:\/\/api.w.org\/{rel}","templated":true}]}}