{"id":17536,"date":"2025-01-08T09:29:54","date_gmt":"2025-01-08T09:29:54","guid":{"rendered":"https:\/\/staging.genekas24.ee\/?post_type=product&#038;p=17536"},"modified":"2025-12-02T09:58:58","modified_gmt":"2025-12-02T09:58:58","slug":"mikroinverter-ks-mi800w","status":"publish","type":"product","link":"https:\/\/staging.genekas24.ee\/fi\/tuote\/mikroinverter-ks-mi800w\/","title":{"rendered":"Mikroinvertteri KS MI800W"},"content":{"rendered":"<p><strong>K\u00f6nner &amp; S\u00f6hnen\u00ae mikroinvertterill\u00e4 <\/strong>on korkea hy\u00f6tysuhde jopa 96,5 %, ja se tuottaa aurinkoenergiasta verkkoosiin joka tunti jopa 800 wattia s\u00e4hk\u00f6\u00e4!<\/p>\n<ul>\n<li>Maksimaalisen tehon seuranta (MPPT)<\/li>\n<li>Korkea hy\u00f6tysuhde jopa 96,5%<\/li>\n<li>Integroitu seuranta Wi-Fi-yhteyden kautta<\/li>\n<li>Parempi l\u00e4mm\u00f6npoisto<\/li>\n<li>Helppo asennus, helppo k\u00e4ytt\u00f6<\/li>\n<\/ul>\n<p>&nbsp;<\/p>\n<p><strong>MAKSIMAALIN SUOJAUS IP67<\/strong><\/p>\n<p>IP67-suojaluokka tarkoittaa, ett\u00e4 laite on t\u00e4ysin suojattu p\u00f6lylt\u00e4 ja vedelt\u00e4. T\u00e4m\u00e4 suojaluokka takaa laitteen toimivuuden monien vuosien ajan kaikissa s\u00e4\u00e4olosuhteissa.<\/p>","protected":false},"excerpt":{"rendered":"<p>Nimelliste l\u00e4ht\u00f6virta                                                 3,5 A<br \/>\nJ\u00e4nnite 230 V<br \/>\nVirta (max) 2\u00d713 A<\/p>\n<p>Koottu PRC.<\/p>","protected":false},"featured_media":17541,"template":"","meta":{"_acf_changed":false,"inline_featured_image":false},"product_brand":[],"product_cat":[131],"product_tag":[],"class_list":{"0":"post-17536","1":"product","2":"type-product","3":"status-publish","4":"has-post-thumbnail","6":"product_cat-paikesepaneelid","7":"product_shipping_class-vaikepakk","8":"brand-konner-sohnen","10":"first","11":"instock","12":"taxable","13":"shipping-taxable","14":"purchasable","15":"product-type-simple"},"acf":[],"yoast_head":"<!-- This site is optimized with the Yoast SEO plugin v26.2 - https:\/\/yoast.com\/wordpress\/plugins\/seo\/ -->\n<title>Mikroinverter KS MI800W - Genekas24<\/title>\n<meta name=\"robots\" content=\"index, follow, max-snippet:-1, max-image-preview:large, max-video-preview:-1\" \/>\n<link rel=\"canonical\" href=\"https:\/\/staging.genekas24.ee\/fi\/tuote\/mikroinverter-ks-mi800w\/\" \/>\n<meta property=\"og:locale\" content=\"fi_FI\" \/>\n<meta property=\"og:type\" content=\"article\" \/>\n<meta property=\"og:title\" content=\"Mikroinverter KS MI800W - Genekas24\" \/>\n<meta property=\"og:description\" content=\"Nimiv\u00e4ljundvool\u00a0 \u00a0 \u00a0 \u00a0 \u00a0 \u00a0 \u00a0 \u00a0 \u00a0 \u00a0 \u00a0 \u00a0 \u00a0 \u00a0 \u00a0 \u00a0 \u00a0 \u00a0 \u00a0 \u00a0 \u00a0 \u00a0 \u00a0 \u00a0 \u00a0 \u00a0 3,5 A Pinge\u00a0 \u00a0 \u00a0 \u00a0 \u00a0 \u00a0 \u00a0 \u00a0 \u00a0 \u00a0 \u00a0 \u00a0 \u00a0 \u00a0 \u00a0 \u00a0 \u00a0 \u00a0 \u00a0 \u00a0 \u00a0 \u00a0 \u00a0 \u00a0 \u00a0 \u00a0 \u00a0 \u00a0 \u00a0 \u00a0 \u00a0 \u00a0 \u00a0 \u00a0 \u00a0 \u00a0 230 V Voolutugevus (max)\u00a0 \u00a0 \u00a0 \u00a0 \u00a0 \u00a0 \u00a0 \u00a0 \u00a0 \u00a0 \u00a0 \u00a0 \u00a0 \u00a0 \u00a0 \u00a0 \u00a0 \u00a0 \u00a0 \u00a0 \u00a0 \u00a0 \u00a02x13 A  Kokkupandud HRV-s.\" \/>\n<meta property=\"og:url\" content=\"https:\/\/staging.genekas24.ee\/fi\/tuote\/mikroinverter-ks-mi800w\/\" \/>\n<meta property=\"og:site_name\" content=\"Genekas24\" \/>\n<meta property=\"article:modified_time\" content=\"2025-12-02T09:58:58+00:00\" \/>\n<meta property=\"og:image\" content=\"https:\/\/staging.genekas24.ee\/wp-content\/uploads\/2025\/01\/microinverter-ks-mi800w.jpg\" \/>\n\t<meta property=\"og:image:width\" content=\"1600\" \/>\n\t<meta property=\"og:image:height\" content=\"1200\" \/>\n\t<meta property=\"og:image:type\" content=\"image\/jpeg\" \/>\n<meta name=\"twitter:card\" content=\"summary_large_image\" \/>\n<meta name=\"twitter:label1\" content=\"Arvioitu lukuaika\" \/>\n\t<meta name=\"twitter:data1\" content=\"1 minuutti\" \/>\n<script type=\"application\/ld+json\" class=\"yoast-schema-graph\">{\"@context\":\"https:\/\/schema.org\",\"@graph\":[{\"@type\":\"WebPage\",\"@id\":\"https:\/\/staging.genekas24.ee\/toode\/mikroinverter-ks-mi800w\/\",\"url\":\"https:\/\/staging.genekas24.ee\/toode\/mikroinverter-ks-mi800w\/\",\"name\":\"Mikroinverter KS MI800W - Genekas24\",\"isPartOf\":{\"@id\":\"https:\/\/staging.genekas24.ee\/#website\"},\"primaryImageOfPage\":{\"@id\":\"https:\/\/staging.genekas24.ee\/toode\/mikroinverter-ks-mi800w\/#primaryimage\"},\"image\":{\"@id\":\"https:\/\/staging.genekas24.ee\/toode\/mikroinverter-ks-mi800w\/#primaryimage\"},\"thumbnailUrl\":\"https:\/\/staging.genekas24.ee\/wp-content\/uploads\/2025\/01\/microinverter-ks-mi800w.jpg\",\"datePublished\":\"2025-01-08T09:29:54+00:00\",\"dateModified\":\"2025-12-02T09:58:58+00:00\",\"breadcrumb\":{\"@id\":\"https:\/\/staging.genekas24.ee\/toode\/mikroinverter-ks-mi800w\/#breadcrumb\"},\"inLanguage\":\"fi\",\"potentialAction\":[{\"@type\":\"ReadAction\",\"target\":[\"https:\/\/staging.genekas24.ee\/toode\/mikroinverter-ks-mi800w\/\"]}]},{\"@type\":\"ImageObject\",\"inLanguage\":\"fi\",\"@id\":\"https:\/\/staging.genekas24.ee\/toode\/mikroinverter-ks-mi800w\/#primaryimage\",\"url\":\"https:\/\/staging.genekas24.ee\/wp-content\/uploads\/2025\/01\/microinverter-ks-mi800w.jpg\",\"contentUrl\":\"https:\/\/staging.genekas24.ee\/wp-content\/uploads\/2025\/01\/microinverter-ks-mi800w.jpg\",\"width\":1600,\"height\":1200},{\"@type\":\"BreadcrumbList\",\"@id\":\"https:\/\/staging.genekas24.ee\/toode\/mikroinverter-ks-mi800w\/#breadcrumb\",\"itemListElement\":[{\"@type\":\"ListItem\",\"position\":1,\"name\":\"Home\",\"item\":\"https:\/\/staging.genekas24.ee\/\"},{\"@type\":\"ListItem\",\"position\":2,\"name\":\"Pood\",\"item\":\"https:\/\/staging.genekas24.ee\/pood\/\"},{\"@type\":\"ListItem\",\"position\":3,\"name\":\"Mikroinverter KS MI800W\"}]},{\"@type\":\"WebSite\",\"@id\":\"https:\/\/staging.genekas24.ee\/#website\",\"url\":\"https:\/\/staging.genekas24.ee\/\",\"name\":\"Genekas24\",\"description\":\"Generaatorid | K&ouml;nner S&ouml;hnen tooted | Genekas24\",\"publisher\":{\"@id\":\"https:\/\/staging.genekas24.ee\/#organization\"},\"potentialAction\":[{\"@type\":\"SearchAction\",\"target\":{\"@type\":\"EntryPoint\",\"urlTemplate\":\"https:\/\/staging.genekas24.ee\/?s={search_term_string}\"},\"query-input\":{\"@type\":\"PropertyValueSpecification\",\"valueRequired\":true,\"valueName\":\"search_term_string\"}}],\"inLanguage\":\"fi\"},{\"@type\":\"Organization\",\"@id\":\"https:\/\/staging.genekas24.ee\/#organization\",\"name\":\"Genekas24\",\"url\":\"https:\/\/staging.genekas24.ee\/\",\"logo\":{\"@type\":\"ImageObject\",\"inLanguage\":\"fi\",\"@id\":\"https:\/\/staging.genekas24.ee\/#\/schema\/logo\/image\/\",\"url\":\"https:\/\/staging.genekas24.ee\/wp-content\/uploads\/2026\/01\/genekas24-logo_black.svg\",\"contentUrl\":\"https:\/\/staging.genekas24.ee\/wp-content\/uploads\/2026\/01\/genekas24-logo_black.svg\",\"width\":840,\"height\":131,\"caption\":\"Genekas24\"},\"image\":{\"@id\":\"https:\/\/staging.genekas24.ee\/#\/schema\/logo\/image\/\"}}]}<\/script>\n<!-- \/ Yoast SEO plugin. -->","yoast_head_json":{"title":"Mikroinverter KS MI800W - Genekas24","robots":{"index":"index","follow":"follow","max-snippet":"max-snippet:-1","max-image-preview":"max-image-preview:large","max-video-preview":"max-video-preview:-1"},"canonical":"https:\/\/staging.genekas24.ee\/fi\/tuote\/mikroinverter-ks-mi800w\/","og_locale":"fi_FI","og_type":"article","og_title":"Mikroinverter KS MI800W - Genekas24","og_description":"Nimiv\u00e4ljundvool\u00a0 \u00a0 \u00a0 \u00a0 \u00a0 \u00a0 \u00a0 \u00a0 \u00a0 \u00a0 \u00a0 \u00a0 \u00a0 \u00a0 \u00a0 \u00a0 \u00a0 \u00a0 \u00a0 \u00a0 \u00a0 \u00a0 \u00a0 \u00a0 \u00a0 \u00a0 3,5 A Pinge\u00a0 \u00a0 \u00a0 \u00a0 \u00a0 \u00a0 \u00a0 \u00a0 \u00a0 \u00a0 \u00a0 \u00a0 \u00a0 \u00a0 \u00a0 \u00a0 \u00a0 \u00a0 \u00a0 \u00a0 \u00a0 \u00a0 \u00a0 \u00a0 \u00a0 \u00a0 \u00a0 \u00a0 \u00a0 \u00a0 \u00a0 \u00a0 \u00a0 \u00a0 \u00a0 \u00a0 230 V Voolutugevus (max)\u00a0 \u00a0 \u00a0 \u00a0 \u00a0 \u00a0 \u00a0 \u00a0 \u00a0 \u00a0 \u00a0 \u00a0 \u00a0 \u00a0 \u00a0 \u00a0 \u00a0 \u00a0 \u00a0 \u00a0 \u00a0 \u00a0 \u00a02x13 A  Kokkupandud HRV-s.","og_url":"https:\/\/staging.genekas24.ee\/fi\/tuote\/mikroinverter-ks-mi800w\/","og_site_name":"Genekas24","article_modified_time":"2025-12-02T09:58:58+00:00","og_image":[{"width":1600,"height":1200,"url":"https:\/\/staging.genekas24.ee\/wp-content\/uploads\/2025\/01\/microinverter-ks-mi800w.jpg","type":"image\/jpeg"}],"twitter_card":"summary_large_image","twitter_misc":{"Arvioitu lukuaika":"1 minuutti"},"schema":{"@context":"https:\/\/schema.org","@graph":[{"@type":"WebPage","@id":"https:\/\/staging.genekas24.ee\/toode\/mikroinverter-ks-mi800w\/","url":"https:\/\/staging.genekas24.ee\/toode\/mikroinverter-ks-mi800w\/","name":"Mikroinverter KS MI800W - Genekas24","isPartOf":{"@id":"https:\/\/staging.genekas24.ee\/#website"},"primaryImageOfPage":{"@id":"https:\/\/staging.genekas24.ee\/toode\/mikroinverter-ks-mi800w\/#primaryimage"},"image":{"@id":"https:\/\/staging.genekas24.ee\/toode\/mikroinverter-ks-mi800w\/#primaryimage"},"thumbnailUrl":"https:\/\/staging.genekas24.ee\/wp-content\/uploads\/2025\/01\/microinverter-ks-mi800w.jpg","datePublished":"2025-01-08T09:29:54+00:00","dateModified":"2025-12-02T09:58:58+00:00","breadcrumb":{"@id":"https:\/\/staging.genekas24.ee\/toode\/mikroinverter-ks-mi800w\/#breadcrumb"},"inLanguage":"fi","potentialAction":[{"@type":"ReadAction","target":["https:\/\/staging.genekas24.ee\/toode\/mikroinverter-ks-mi800w\/"]}]},{"@type":"ImageObject","inLanguage":"fi","@id":"https:\/\/staging.genekas24.ee\/toode\/mikroinverter-ks-mi800w\/#primaryimage","url":"https:\/\/staging.genekas24.ee\/wp-content\/uploads\/2025\/01\/microinverter-ks-mi800w.jpg","contentUrl":"https:\/\/staging.genekas24.ee\/wp-content\/uploads\/2025\/01\/microinverter-ks-mi800w.jpg","width":1600,"height":1200},{"@type":"BreadcrumbList","@id":"https:\/\/staging.genekas24.ee\/toode\/mikroinverter-ks-mi800w\/#breadcrumb","itemListElement":[{"@type":"ListItem","position":1,"name":"Home","item":"https:\/\/staging.genekas24.ee\/"},{"@type":"ListItem","position":2,"name":"Pood","item":"https:\/\/staging.genekas24.ee\/pood\/"},{"@type":"ListItem","position":3,"name":"Mikroinverter KS MI800W"}]},{"@type":"WebSite","@id":"https:\/\/staging.genekas24.ee\/#website","url":"https:\/\/staging.genekas24.ee\/","name":"Genekas24","description":"Generaatorid | K&ouml;nner S&ouml;hnen tooted | Genekas24","publisher":{"@id":"https:\/\/staging.genekas24.ee\/#organization"},"potentialAction":[{"@type":"SearchAction","target":{"@type":"EntryPoint","urlTemplate":"https:\/\/staging.genekas24.ee\/?s={search_term_string}"},"query-input":{"@type":"PropertyValueSpecification","valueRequired":true,"valueName":"search_term_string"}}],"inLanguage":"fi"},{"@type":"Organization","@id":"https:\/\/staging.genekas24.ee\/#organization","name":"Genekas24","url":"https:\/\/staging.genekas24.ee\/","logo":{"@type":"ImageObject","inLanguage":"fi","@id":"https:\/\/staging.genekas24.ee\/#\/schema\/logo\/image\/","url":"https:\/\/staging.genekas24.ee\/wp-content\/uploads\/2026\/01\/genekas24-logo_black.svg","contentUrl":"https:\/\/staging.genekas24.ee\/wp-content\/uploads\/2026\/01\/genekas24-logo_black.svg","width":840,"height":131,"caption":"Genekas24"},"image":{"@id":"https:\/\/staging.genekas24.ee\/#\/schema\/logo\/image\/"}}]}},"_links":{"self":[{"href":"https:\/\/staging.genekas24.ee\/fi\/wp-json\/wp\/v2\/product\/17536","targetHints":{"allow":["GET"]}}],"collection":[{"href":"https:\/\/staging.genekas24.ee\/fi\/wp-json\/wp\/v2\/product"}],"about":[{"href":"https:\/\/staging.genekas24.ee\/fi\/wp-json\/wp\/v2\/types\/product"}],"version-history":[{"count":7,"href":"https:\/\/staging.genekas24.ee\/fi\/wp-json\/wp\/v2\/product\/17536\/revisions"}],"predecessor-version":[{"id":18397,"href":"https:\/\/staging.genekas24.ee\/fi\/wp-json\/wp\/v2\/product\/17536\/revisions\/18397"}],"wp:featuredmedia":[{"embeddable":true,"href":"https:\/\/staging.genekas24.ee\/fi\/wp-json\/wp\/v2\/media\/17541"}],"wp:attachment":[{"href":"https:\/\/staging.genekas24.ee\/fi\/wp-json\/wp\/v2\/media?parent=17536"}],"wp:term":[{"taxonomy":"product_brand","embeddable":true,"href":"https:\/\/staging.genekas24.ee\/fi\/wp-json\/wp\/v2\/product_brand?post=17536"},{"taxonomy":"product_cat","embeddable":true,"href":"https:\/\/staging.genekas24.ee\/fi\/wp-json\/wp\/v2\/product_cat?post=17536"},{"taxonomy":"product_tag","embeddable":true,"href":"https:\/\/staging.genekas24.ee\/fi\/wp-json\/wp\/v2\/product_tag?post=17536"}],"curies":[{"name":"wp","href":"https:\/\/api.w.org\/{rel}","templated":true}]}}