{"id":17522,"date":"2025-01-08T09:27:36","date_gmt":"2025-01-08T09:27:36","guid":{"rendered":"https:\/\/staging.genekas24.ee\/?post_type=product&#038;p=17522"},"modified":"2025-12-02T09:59:00","modified_gmt":"2025-12-02T09:59:00","slug":"paikesepaneelid-ks-sp430-hc","status":"publish","type":"product","link":"https:\/\/staging.genekas24.ee\/fi\/tuote\/paikesepaneelid-ks-sp430-hc\/","title":{"rendered":"Aurinkopaneelit KS SP430-HC"},"content":{"rendered":"<p>TOPCon aurinkopaneelit teknologia on huipputason kehitys, joka on huomattavasti tehokkaampi verrattuna PERC\/PERT aurinkopaneeleihin, jotka omaavat hyvin samanlaisen rakenteen. T\u00e4llaisilla paneeleilla on suurempi tehokkuus, ja muuntotehokkuus ylitt\u00e4\u00e4 25%. Matala l\u00e4mp\u00f6tilakerroin, alle 0,3 %\/\u00b0C, parantaa merkitt\u00e4v\u00e4sti niiden suorituskyky\u00e4 monissa \u00e4\u00e4rimm\u00e4isiss\u00e4 s\u00e4\u00e4olosuhteissa.<\/p>\n<p>PERC-p\u00e4iv\u00e4nvalokuvallisten moduulien kaksipuolinen kerroin on yleens\u00e4 noin 70 %. TOPCon aurinkopaneelien TOPCon-aurinkokennojen teknologia on huipputason kehitys, joka on huomattavasti tehokkaampi verrattuna PERC\/PERT-aurinkopaneeleihin, joilla on hyvin samanlainen rakenne. T\u00e4llaisilla paneeleilla on suurempi tehokkuus, ja muuntotehokkuus ylitt\u00e4\u00e4 25 %. Alhaisempi l\u00e4mp\u00f6tilakertoimen, alle 0,3 %\/\u00b0C, parantaa merkitt\u00e4v\u00e4sti niiden suorituskyky\u00e4 monissa \u00e4\u00e4rimm\u00e4isiss\u00e4 s\u00e4\u00e4olosuhteissa.<\/p>\n<p>PERC-p\u00e4iv\u00e4nvalokuvallisten moduulien kaksipuolinen kerroin on yleens\u00e4 noin 70 %. TOPCon aurinkopaneelien kaksipuolinen kerroin ulottuu jopa 85 %:iin. Lis\u00e4ksi t\u00e4llaisilla aurinkokennoilla on rakenne, joka on kest\u00e4v\u00e4mpi likaa ja roskia vastaan.<\/p>\n<p>1. Half-Cell \u2013 kaksoism\u00e4\u00e4r\u00e4 kennoja<br \/>\n2. TOPCon-teknologia<br \/>\n3. Monokristallinen piimoduuli<\/p>\n<p><strong>K\u00f6nner &amp; S\u00f6hnen\u00ae paneele k\u00e4ytt\u00e4vien TOPCon N-tyypin aurinkokennojen rakenne on tehokkaampi kuin P-tyypin rakenne ja erottuu suuremmalla kestokyvyll\u00e4 likaa vastaan!<\/strong><\/p>","protected":false},"excerpt":{"rendered":"<p>Maksimaalinen teho (Pmax) \u00a0 \u00a0 \u00a0 \u00a0 \u00a0 \u00a0 \u00a0 \u00a0 \u00a0 \u00a0 \u00a0 \u00a0 \u00a0 \u00a0 \u00a0 2\u00d7430 W<br \/>\nMuuntotehokkuus (tehokkuus, %) \u00a0 \u00a0 \u00a0 \u00a0 \u00a0 \u00a0 \u00a0 \u00a0 \u00a0 \u00a0 \u00a0 \u00a0 \u00a0 \u00a0 22<br \/>\nPakkauksessa 2 aurinkopaneelia \u00a0 \u00a0 \u00a0 \u00a0 \u00a0 \u00a0 \u00a0 \u00a0 \u00a0 \u00a0 \u00a0 \u00a0 \u00a0 \u00a0 \u00a0 430W<\/p>\n<p>Koottu PRC.<\/p>","protected":false},"featured_media":17532,"template":"","meta":{"_acf_changed":false,"inline_featured_image":false},"product_brand":[],"product_cat":[131],"product_tag":[],"class_list":{"0":"post-17522","1":"product","2":"type-product","3":"status-publish","4":"has-post-thumbnail","6":"product_cat-paikesepaneelid","7":"product_shipping_class-euroalus","8":"brand-konner-sohnen","10":"first","11":"instock","12":"taxable","13":"shipping-taxable","14":"purchasable","15":"product-type-simple"},"acf":[],"yoast_head":"<!-- This site is optimized with the Yoast SEO plugin v26.2 - https:\/\/yoast.com\/wordpress\/plugins\/seo\/ -->\n<title>P\u00e4ikesepaneelid KS SP430-HC - Genekas24<\/title>\n<meta name=\"robots\" content=\"index, follow, max-snippet:-1, max-image-preview:large, max-video-preview:-1\" \/>\n<link rel=\"canonical\" href=\"https:\/\/staging.genekas24.ee\/fi\/tuote\/paikesepaneelid-ks-sp430-hc\/\" \/>\n<meta property=\"og:locale\" content=\"fi_FI\" \/>\n<meta property=\"og:type\" content=\"article\" \/>\n<meta property=\"og:title\" content=\"P\u00e4ikesepaneelid KS SP430-HC - Genekas24\" \/>\n<meta property=\"og:description\" content=\"Maksimaalne v\u00f5imsus (Pmax)\u00a0 \u00a0 \u00a0 \u00a0 \u00a0 \u00a0 \u00a0 \u00a0 \u00a0 \u00a0 \u00a0 \u00a0 \u00a0 \u00a0 \u00a0 \u00a0 2x430 W Teisendustegur (efektiivsus, %)\u00a0 \u00a0 \u00a0 \u00a0 \u00a0 \u00a0 \u00a0 \u00a0 \u00a0 \u00a0 \u00a0 \u00a0 \u00a0 \u00a0 \u00a0 22 Komplektis 2 p\u00e4ikesepaneeli\u00a0 \u00a0 \u00a0 \u00a0 \u00a0 \u00a0 \u00a0 \u00a0 \u00a0 \u00a0 \u00a0 \u00a0 \u00a0 \u00a0 \u00a0 \u00a0 \u00a0 \u00a0430W  Kokkupandud HRV-s.\" \/>\n<meta property=\"og:url\" content=\"https:\/\/staging.genekas24.ee\/fi\/tuote\/paikesepaneelid-ks-sp430-hc\/\" \/>\n<meta property=\"og:site_name\" content=\"Genekas24\" \/>\n<meta property=\"article:modified_time\" content=\"2025-12-02T09:59:00+00:00\" \/>\n<meta property=\"og:image\" content=\"https:\/\/staging.genekas24.ee\/wp-content\/uploads\/2025\/01\/solar-panels-ks-sp430-hc_01-1.jpg\" \/>\n\t<meta property=\"og:image:width\" content=\"1600\" \/>\n\t<meta property=\"og:image:height\" content=\"1200\" \/>\n\t<meta property=\"og:image:type\" content=\"image\/jpeg\" \/>\n<meta name=\"twitter:card\" content=\"summary_large_image\" \/>\n<meta name=\"twitter:label1\" content=\"Arvioitu lukuaika\" \/>\n\t<meta name=\"twitter:data1\" content=\"1 minuutti\" \/>\n<script type=\"application\/ld+json\" class=\"yoast-schema-graph\">{\"@context\":\"https:\/\/schema.org\",\"@graph\":[{\"@type\":\"WebPage\",\"@id\":\"https:\/\/staging.genekas24.ee\/toode\/paikesepaneelid-ks-sp430-hc\/\",\"url\":\"https:\/\/staging.genekas24.ee\/toode\/paikesepaneelid-ks-sp430-hc\/\",\"name\":\"P\u00e4ikesepaneelid KS SP430-HC - Genekas24\",\"isPartOf\":{\"@id\":\"https:\/\/staging.genekas24.ee\/#website\"},\"primaryImageOfPage\":{\"@id\":\"https:\/\/staging.genekas24.ee\/toode\/paikesepaneelid-ks-sp430-hc\/#primaryimage\"},\"image\":{\"@id\":\"https:\/\/staging.genekas24.ee\/toode\/paikesepaneelid-ks-sp430-hc\/#primaryimage\"},\"thumbnailUrl\":\"https:\/\/staging.genekas24.ee\/wp-content\/uploads\/2025\/01\/solar-panels-ks-sp430-hc_01-1.jpg\",\"datePublished\":\"2025-01-08T09:27:36+00:00\",\"dateModified\":\"2025-12-02T09:59:00+00:00\",\"breadcrumb\":{\"@id\":\"https:\/\/staging.genekas24.ee\/toode\/paikesepaneelid-ks-sp430-hc\/#breadcrumb\"},\"inLanguage\":\"fi\",\"potentialAction\":[{\"@type\":\"ReadAction\",\"target\":[\"https:\/\/staging.genekas24.ee\/toode\/paikesepaneelid-ks-sp430-hc\/\"]}]},{\"@type\":\"ImageObject\",\"inLanguage\":\"fi\",\"@id\":\"https:\/\/staging.genekas24.ee\/toode\/paikesepaneelid-ks-sp430-hc\/#primaryimage\",\"url\":\"https:\/\/staging.genekas24.ee\/wp-content\/uploads\/2025\/01\/solar-panels-ks-sp430-hc_01-1.jpg\",\"contentUrl\":\"https:\/\/staging.genekas24.ee\/wp-content\/uploads\/2025\/01\/solar-panels-ks-sp430-hc_01-1.jpg\",\"width\":1600,\"height\":1200},{\"@type\":\"BreadcrumbList\",\"@id\":\"https:\/\/staging.genekas24.ee\/toode\/paikesepaneelid-ks-sp430-hc\/#breadcrumb\",\"itemListElement\":[{\"@type\":\"ListItem\",\"position\":1,\"name\":\"Home\",\"item\":\"https:\/\/staging.genekas24.ee\/\"},{\"@type\":\"ListItem\",\"position\":2,\"name\":\"Pood\",\"item\":\"https:\/\/staging.genekas24.ee\/pood\/\"},{\"@type\":\"ListItem\",\"position\":3,\"name\":\"P\u00e4ikesepaneelid KS SP430-HC\"}]},{\"@type\":\"WebSite\",\"@id\":\"https:\/\/staging.genekas24.ee\/#website\",\"url\":\"https:\/\/staging.genekas24.ee\/\",\"name\":\"Genekas24\",\"description\":\"Generaatorid | K&ouml;nner S&ouml;hnen tooted | Genekas24\",\"publisher\":{\"@id\":\"https:\/\/staging.genekas24.ee\/#organization\"},\"potentialAction\":[{\"@type\":\"SearchAction\",\"target\":{\"@type\":\"EntryPoint\",\"urlTemplate\":\"https:\/\/staging.genekas24.ee\/?s={search_term_string}\"},\"query-input\":{\"@type\":\"PropertyValueSpecification\",\"valueRequired\":true,\"valueName\":\"search_term_string\"}}],\"inLanguage\":\"fi\"},{\"@type\":\"Organization\",\"@id\":\"https:\/\/staging.genekas24.ee\/#organization\",\"name\":\"Genekas24\",\"url\":\"https:\/\/staging.genekas24.ee\/\",\"logo\":{\"@type\":\"ImageObject\",\"inLanguage\":\"fi\",\"@id\":\"https:\/\/staging.genekas24.ee\/#\/schema\/logo\/image\/\",\"url\":\"https:\/\/staging.genekas24.ee\/wp-content\/uploads\/2026\/01\/genekas24-logo_black.svg\",\"contentUrl\":\"https:\/\/staging.genekas24.ee\/wp-content\/uploads\/2026\/01\/genekas24-logo_black.svg\",\"width\":840,\"height\":131,\"caption\":\"Genekas24\"},\"image\":{\"@id\":\"https:\/\/staging.genekas24.ee\/#\/schema\/logo\/image\/\"}}]}<\/script>\n<!-- \/ Yoast SEO plugin. -->","yoast_head_json":{"title":"P\u00e4ikesepaneelid KS SP430-HC - Genekas24","robots":{"index":"index","follow":"follow","max-snippet":"max-snippet:-1","max-image-preview":"max-image-preview:large","max-video-preview":"max-video-preview:-1"},"canonical":"https:\/\/staging.genekas24.ee\/fi\/tuote\/paikesepaneelid-ks-sp430-hc\/","og_locale":"fi_FI","og_type":"article","og_title":"P\u00e4ikesepaneelid KS SP430-HC - Genekas24","og_description":"Maksimaalne v\u00f5imsus (Pmax)\u00a0 \u00a0 \u00a0 \u00a0 \u00a0 \u00a0 \u00a0 \u00a0 \u00a0 \u00a0 \u00a0 \u00a0 \u00a0 \u00a0 \u00a0 \u00a0 2x430 W Teisendustegur (efektiivsus, %)\u00a0 \u00a0 \u00a0 \u00a0 \u00a0 \u00a0 \u00a0 \u00a0 \u00a0 \u00a0 \u00a0 \u00a0 \u00a0 \u00a0 \u00a0 22 Komplektis 2 p\u00e4ikesepaneeli\u00a0 \u00a0 \u00a0 \u00a0 \u00a0 \u00a0 \u00a0 \u00a0 \u00a0 \u00a0 \u00a0 \u00a0 \u00a0 \u00a0 \u00a0 \u00a0 \u00a0 \u00a0430W  Kokkupandud HRV-s.","og_url":"https:\/\/staging.genekas24.ee\/fi\/tuote\/paikesepaneelid-ks-sp430-hc\/","og_site_name":"Genekas24","article_modified_time":"2025-12-02T09:59:00+00:00","og_image":[{"width":1600,"height":1200,"url":"https:\/\/staging.genekas24.ee\/wp-content\/uploads\/2025\/01\/solar-panels-ks-sp430-hc_01-1.jpg","type":"image\/jpeg"}],"twitter_card":"summary_large_image","twitter_misc":{"Arvioitu lukuaika":"1 minuutti"},"schema":{"@context":"https:\/\/schema.org","@graph":[{"@type":"WebPage","@id":"https:\/\/staging.genekas24.ee\/toode\/paikesepaneelid-ks-sp430-hc\/","url":"https:\/\/staging.genekas24.ee\/toode\/paikesepaneelid-ks-sp430-hc\/","name":"P\u00e4ikesepaneelid KS SP430-HC - Genekas24","isPartOf":{"@id":"https:\/\/staging.genekas24.ee\/#website"},"primaryImageOfPage":{"@id":"https:\/\/staging.genekas24.ee\/toode\/paikesepaneelid-ks-sp430-hc\/#primaryimage"},"image":{"@id":"https:\/\/staging.genekas24.ee\/toode\/paikesepaneelid-ks-sp430-hc\/#primaryimage"},"thumbnailUrl":"https:\/\/staging.genekas24.ee\/wp-content\/uploads\/2025\/01\/solar-panels-ks-sp430-hc_01-1.jpg","datePublished":"2025-01-08T09:27:36+00:00","dateModified":"2025-12-02T09:59:00+00:00","breadcrumb":{"@id":"https:\/\/staging.genekas24.ee\/toode\/paikesepaneelid-ks-sp430-hc\/#breadcrumb"},"inLanguage":"fi","potentialAction":[{"@type":"ReadAction","target":["https:\/\/staging.genekas24.ee\/toode\/paikesepaneelid-ks-sp430-hc\/"]}]},{"@type":"ImageObject","inLanguage":"fi","@id":"https:\/\/staging.genekas24.ee\/toode\/paikesepaneelid-ks-sp430-hc\/#primaryimage","url":"https:\/\/staging.genekas24.ee\/wp-content\/uploads\/2025\/01\/solar-panels-ks-sp430-hc_01-1.jpg","contentUrl":"https:\/\/staging.genekas24.ee\/wp-content\/uploads\/2025\/01\/solar-panels-ks-sp430-hc_01-1.jpg","width":1600,"height":1200},{"@type":"BreadcrumbList","@id":"https:\/\/staging.genekas24.ee\/toode\/paikesepaneelid-ks-sp430-hc\/#breadcrumb","itemListElement":[{"@type":"ListItem","position":1,"name":"Home","item":"https:\/\/staging.genekas24.ee\/"},{"@type":"ListItem","position":2,"name":"Pood","item":"https:\/\/staging.genekas24.ee\/pood\/"},{"@type":"ListItem","position":3,"name":"P\u00e4ikesepaneelid KS SP430-HC"}]},{"@type":"WebSite","@id":"https:\/\/staging.genekas24.ee\/#website","url":"https:\/\/staging.genekas24.ee\/","name":"Genekas24","description":"Generaatorid | K&ouml;nner S&ouml;hnen tooted | Genekas24","publisher":{"@id":"https:\/\/staging.genekas24.ee\/#organization"},"potentialAction":[{"@type":"SearchAction","target":{"@type":"EntryPoint","urlTemplate":"https:\/\/staging.genekas24.ee\/?s={search_term_string}"},"query-input":{"@type":"PropertyValueSpecification","valueRequired":true,"valueName":"search_term_string"}}],"inLanguage":"fi"},{"@type":"Organization","@id":"https:\/\/staging.genekas24.ee\/#organization","name":"Genekas24","url":"https:\/\/staging.genekas24.ee\/","logo":{"@type":"ImageObject","inLanguage":"fi","@id":"https:\/\/staging.genekas24.ee\/#\/schema\/logo\/image\/","url":"https:\/\/staging.genekas24.ee\/wp-content\/uploads\/2026\/01\/genekas24-logo_black.svg","contentUrl":"https:\/\/staging.genekas24.ee\/wp-content\/uploads\/2026\/01\/genekas24-logo_black.svg","width":840,"height":131,"caption":"Genekas24"},"image":{"@id":"https:\/\/staging.genekas24.ee\/#\/schema\/logo\/image\/"}}]}},"_links":{"self":[{"href":"https:\/\/staging.genekas24.ee\/fi\/wp-json\/wp\/v2\/product\/17522","targetHints":{"allow":["GET"]}}],"collection":[{"href":"https:\/\/staging.genekas24.ee\/fi\/wp-json\/wp\/v2\/product"}],"about":[{"href":"https:\/\/staging.genekas24.ee\/fi\/wp-json\/wp\/v2\/types\/product"}],"version-history":[{"count":11,"href":"https:\/\/staging.genekas24.ee\/fi\/wp-json\/wp\/v2\/product\/17522\/revisions"}],"predecessor-version":[{"id":20484,"href":"https:\/\/staging.genekas24.ee\/fi\/wp-json\/wp\/v2\/product\/17522\/revisions\/20484"}],"wp:featuredmedia":[{"embeddable":true,"href":"https:\/\/staging.genekas24.ee\/fi\/wp-json\/wp\/v2\/media\/17532"}],"wp:attachment":[{"href":"https:\/\/staging.genekas24.ee\/fi\/wp-json\/wp\/v2\/media?parent=17522"}],"wp:term":[{"taxonomy":"product_brand","embeddable":true,"href":"https:\/\/staging.genekas24.ee\/fi\/wp-json\/wp\/v2\/product_brand?post=17522"},{"taxonomy":"product_cat","embeddable":true,"href":"https:\/\/staging.genekas24.ee\/fi\/wp-json\/wp\/v2\/product_cat?post=17522"},{"taxonomy":"product_tag","embeddable":true,"href":"https:\/\/staging.genekas24.ee\/fi\/wp-json\/wp\/v2\/product_tag?post=17522"}],"curies":[{"name":"wp","href":"https:\/\/api.w.org\/{rel}","templated":true}]}}