{"id":17328,"date":"2024-12-10T09:34:40","date_gmt":"2024-12-10T09:34:40","guid":{"rendered":"https:\/\/staging.genekas24.ee\/?post_type=product&#038;p=17328"},"modified":"2025-12-02T09:59:02","modified_gmt":"2025-12-02T09:59:02","slug":"liitiumaku-ks-lb-48-100","status":"publish","type":"product","link":"https:\/\/staging.genekas24.ee\/fi\/tuote\/liitiumaku-ks-lb-48-100\/","title":{"rendered":"Litiumparisto KS LB 48-100"},"content":{"rendered":"<p>Litiumrautafosfaattiakku KS LB 24-100 on uusi energian varastointituote, joka voi tarjota luotettavaa ja vakaata virtaa erilaisille laitteille ja j\u00e4rjestelmille.<br \/>\nLiFePO4-akkujen k\u00e4ytt\u00f6 mahdollistaa aurinkopaneelien ja muiden energiaj\u00e4rjestelmien tuottaman energian varastoinnin, jolloin se on k\u00e4ytett\u00e4viss\u00e4 milloin tahansa vuorokauden aikana ja optimoi energiankulutusta. Teknisten ominaisuuksiensa ansiosta KS LB 24-100 -akut ovat ihanteellinen ratkaisu energian tuottamiseen monenlaisissa sovelluksissa \u2013 varavirran luomisesta koteihin ja kes\u00e4m\u00f6kkeihin kaupallisten tilojen, l\u00e4\u00e4ketieteellisten laitosten, urheilukeskusten ja muun infrastruktuurin virransy\u00f6tt\u00f6\u00f6n.<\/p>\n<p>\u2714 ENERGIAN VARASTOINTI. Litiumrautafosfaatti-LiFePO4-akuilla on nopea latausnopeus ja tehokas 100 A:n (1 C) purkausvirta, jolla on huomattavasti enemm\u00e4n lataus- ja purkaussyklej\u00e4 verrattuna muuntyyppisiin akkuihin, mik\u00e4 pident\u00e4\u00e4 merkitt\u00e4v\u00e4sti niiden k\u00e4ytt\u00f6ik\u00e4\u00e4.<br \/>\nHuoltovapaa.<\/p>\n<p>\u2714 Rakennusautomaation hallinta- ja valvontaj\u00e4rjestelm\u00e4. \u00c4lyk\u00e4s BMS-j\u00e4rjestelm\u00e4 varmistaa akkujen turvallisen ja tehokkaan toiminnan valvomalla t\u00e4rkeimpi\u00e4 parametreja ja suojaamalla niit\u00e4 vaurioilta: ylij\u00e4nnitesuoja, ylikuumenemissuoja, syv\u00e4purkaussuoja ja oikosulkusuoja.<\/p>\n<p>\u2714 TUKI USEIDEN AKKUJEN RINNAKKAISLIIT\u00c4NN\u00c4LLE. Modulaarinen rakenne mahdollistaa kapasiteetin helpon laajentamisen lis\u00e4\u00e4m\u00e4ll\u00e4 moduuleja pidemp\u00e4\u00e4 virtal\u00e4hdett\u00e4 varten, jolloin j\u00e4rjestelm\u00e4 voidaan r\u00e4\u00e4t\u00e4l\u00f6id\u00e4 tarkasti tiettyihin tehontarpeisiin. T\u00e4m\u00e4 on erityisen t\u00e4rke\u00e4\u00e4 uusiutuvia energial\u00e4hteit\u00e4 k\u00e4ytt\u00e4ville energiaj\u00e4rjestelmille.<\/p>\n<p>\u2714 YHTEENSOPIVUUS ERI LAITTEIDEN KANSSA. Sis\u00e4\u00e4nrakennetun Wi-Fi-yhteyden avulla voit seurata akun perusparametreja. RS232\/RS485\/CAN-tietoliikenneportit tarjoavat laajat tietoliikenneominaisuudet: et\u00e4valvontaan, tietojen lataamiseen ja kaikkien kytkettyjen akkujen tilan n\u00e4ytt\u00e4miseen.<\/p>\n<p>\u2714 LCD-N\u00c4YTT\u00d6 antaa arvokasta tietoa akun tilasta ja auttaa k\u00e4ytt\u00e4j\u00e4\u00e4 valvomaan sen toimintaa tehokkaammin.<\/p>\n<p>LiFePO4:n k\u00e4ytt\u00f6 avaa uusia mahdollisuuksia ja tarjoaa useita t\u00e4rkeit\u00e4 etuja:<\/p>\n<p>\u2013 Pitk\u00e4 k\u00e4ytt\u00f6ik\u00e4: Akut kest\u00e4v\u00e4t suuren m\u00e4\u00e4r\u00e4n lataus- ja purkaussyklej\u00e4 (jopa 6 000* sykli\u00e4) ilman merkitt\u00e4v\u00e4\u00e4 kapasiteetin menetyst\u00e4, mink\u00e4 ansiosta niit\u00e4 voidaan k\u00e4ytt\u00e4\u00e4 vuosia.<\/p>\n<p>\u2013 Korkea turvallisuustaso: niill\u00e4 on korkea kemiallinen stabiilius, mik\u00e4 v\u00e4hent\u00e4\u00e4 ylikuumenemisen, r\u00e4j\u00e4hdyksen tai tulipalon riski\u00e4. Ne toimivat tehokkaasti laajalla l\u00e4mp\u00f6tila-alueella, mink\u00e4 ansiosta niit\u00e4 voidaan k\u00e4ytt\u00e4\u00e4 erilaisissa ilmastoissa.<\/p>\n<p>\u2013 Nopea lataus: lyhent\u00e4\u00e4 latausaikaa merkitt\u00e4v\u00e4sti, mik\u00e4 on suuri etu monissa sovelluksissa. Niill\u00e4 on korkea hy\u00f6tysuhde, mik\u00e4 tarkoittaa pienemp\u00e4\u00e4 energiah\u00e4vi\u00f6t\u00e4 latauksen ja purkauksen aikana.<\/p>\n<p>\u2013 Suuri energiatiheys: Niill\u00e4 on suuri energiatiheys, mink\u00e4 ansiosta ne voivat varastoida enemm\u00e4n energiaa pienemp\u00e4\u00e4n tilavuuteen.<\/p>\n<p>\u2013 Ymp\u00e4rist\u00f6yst\u00e4v\u00e4llinen energial\u00e4hde: ne eiv\u00e4t saastuta ymp\u00e4rist\u00f6\u00e4 haitallisilla p\u00e4\u00e4st\u00f6ill\u00e4 k\u00e4yt\u00f6n aikana eiv\u00e4tk\u00e4 vaikuta paikalliseen ilmastoon. Niit\u00e4 voi k\u00e4ytt\u00e4\u00e4 miss\u00e4 tahansa h\u00e4iritsem\u00e4tt\u00e4 muita. Ne eiv\u00e4t tuota haitallisia kaasuja k\u00e4yt\u00f6n aikana, joten ne soveltuvat asennettaviksi suljettuihin tiloihin.<\/p>\n<p>Eritt\u00e4in helppok\u00e4ytt\u00f6inen. Niit\u00e4 on helppo huoltaa: ne eiv\u00e4t vaadi jatkuvaa tankkausta, voitelua, suodattimen vaihtoa tai elektrolyytin lis\u00e4\u00e4mist\u00e4.<br \/>\nAkussa on sis\u00e4\u00e4nrakennettu hallinta- ja valvontaj\u00e4rjestelm\u00e4 (BMS), jonka avulla voit hallita ja valvoa j\u00e4nnitett\u00e4, virtaa ja l\u00e4mp\u00f6tilaa varmistaen sen pitk\u00e4aikaisen toiminnan. Ohjaamalla kattavasti kaikkia akun parametreja BMS parantaa merkitt\u00e4v\u00e4sti sen turvallisuutta.<\/p>\n<p>BMS-j\u00e4rjestelm\u00e4n t\u00e4rkeimm\u00e4t edut:<\/p>\n<p>\u2013 Ylij\u00e4nnitesuoja: BMS est\u00e4\u00e4 akun ylilatautumisen, mik\u00e4 voi aiheuttaa sen heikkenemisen tai jopa r\u00e4j\u00e4hdyksen.<\/p>\n<p>\u2013 Syv\u00e4purkaussuoja: T\u00e4m\u00e4 valvoo akun varaustasoa ja est\u00e4\u00e4 sit\u00e4 purkautumasta sallitun tason alapuolelle, mik\u00e4 my\u00f6s vaikuttaa negatiivisesti akun k\u00e4ytt\u00f6ik\u00e4\u00e4n.<\/p>\n<p>\u2013 Kennojen tasapainotus: Akkujen hallintaj\u00e4rjestelm\u00e4 (AMS) varmistaa akun tasapainotuksen ja pit\u00e4\u00e4 jokaisen kennon lataustason samana, mik\u00e4 pident\u00e4\u00e4 sen k\u00e4ytt\u00f6ik\u00e4\u00e4.<\/p>\n<p>\u2013 L\u00e4mp\u00f6suojaus: Akkuautomaatioj\u00e4rjestelm\u00e4 valvoo akun l\u00e4mp\u00f6tilaa ja sammuttaa sen, jos se ylikuumenee tai j\u00e4\u00e4htyy liikaa, mik\u00e4 voi aiheuttaa vaurioita.<\/p>\n<p>\u2013 Oikosulkusuojaus: Oikosulun sattuessa BMS irrottaa akun nopeasti est\u00e4en vauriot ja mahdollisen tulipalon.<\/p>\n<p>\u2013 Latauksen ja purkauksen optimointi: BMS ohjaa lataus- ja purkausparametreja optimaalisilla alueilla, mik\u00e4 pident\u00e4\u00e4 k\u00e4ytt\u00f6ik\u00e4\u00e4 ja suojaa vaurioilta.<\/p>\n<p>\u2013 Akun tilan valvonta: Akkuautomaatioj\u00e4rjestelm\u00e4 ker\u00e4\u00e4 tietoja akun tilasta (j\u00e4nnite, virta, l\u00e4mp\u00f6tila jne.) ja l\u00e4hett\u00e4\u00e4 ne ulkoisiin laitteisiin.<\/p>\n<p>Kotelossa on LCD-n\u00e4ytt\u00f6, joka n\u00e4ytt\u00e4\u00e4 akun parametrit ja antaa tietoa sen tilasta.<\/p>\n<p>KS LB 48-100 eeliseks on ka v\u00f5imalus \u00fchendada paralleelselt mitut akut, mis v\u00f5imaldab suurendada energiasalvestuss\u00fcsteemi \u00fcldist v\u00f5imsust ja pikendada s\u00fcsteemi t\u00f6\u00f6aega. CAN-, RS232- ja RS485-sidepordid pakuvad laia valikut suhtlemis v\u00f5imalusi teiste seadmetega, v\u00f5imaldades konfigureerimist, kaugseiret, andmete allalaadimist, oleku kuvamist ja juurdep\u00e4\u00e4su muule teabele k\u00f5igist \u00fchendatud akudest.<\/p>\n<p>Ottaen huomioon edell\u00e4 mainitun: KS LB 24-100 -akut ovat optimaalinen ratkaisu nykyaikaisten energiaj\u00e4rjestelmien luomiseen, jotka t\u00e4ytt\u00e4v\u00e4t tehokkuuden, luotettavuuden ja joustavuuden vaatimukset.<\/p>","protected":false},"excerpt":{"rendered":"<p>&nbsp;<\/p>\n<table>\n<tbody>\n<tr class=\"odd\">\n<td>\n<div class=\"col-xs-6\">Akun kapasiteetti<\/div>\n<\/td>\n<td>\n<div class=\"attribute row\">\n<div class=\"col-xs-6\">100 Ah\/ 5120Wh<\/div>\n<\/div>\n<\/td>\n<\/tr>\n<tr class=\"even\">\n<td width=\"60%\">Akkutyyppi<\/td>\n<td>LiFePO\u2084 (liitium raud fosfaat aku)<\/td>\n<\/tr>\n<tr class=\"odd\">\n<td>Nimellisj\u00e4nnite, V<\/td>\n<td>51.2<\/td>\n<\/tr>\n<tr class=\"even\">\n<td>\n<div class=\"col-xs-6\">L\u00e4ht\u00f6j\u00e4nnite, V<\/div>\n<\/td>\n<td>43.2-58.4<\/td>\n<\/tr>\n<tr class=\"odd\">\n<td>\n<div class=\"col-xs-6\">Latausj\u00e4nnite, V<\/div>\n<\/td>\n<td>58.4<\/td>\n<\/tr>\n<tr class=\"even\">\n<td>\n<div class=\"col-xs-6\">Suositeltu lataus-\/purkausnopeus<\/div>\n<\/td>\n<td>\n<div class=\"attribute row\">\n<div class=\"col-xs-6\">50A (0.5C)<\/div>\n<\/div>\n<\/td>\n<\/tr>\n<tr class=\"odd\">\n<td>\n<div class=\"col-xs-6\">Suurin lataus\/purkaus<\/div>\n<\/td>\n<td>\n<div class=\"attribute row\">\n<div class=\"col-xs-6\">100A (1C)<\/div>\n<\/div>\n<\/td>\n<\/tr>\n<tr class=\"even\">\n<td>\n<div class=\"col-xs-6\">Viestint\u00e4<\/div>\n<\/td>\n<td>\n<div class=\"attribute row\">\n<div class=\"col-xs-6\">RS-485 \/ RS-232 \/ CAN-bus<\/div>\n<\/div>\n<\/td>\n<\/tr>\n<tr class=\"even\">\n<td>\n<div class=\"col-xs-6\">T\u00fchjendamise s\u00fcgavus<\/div>\n<\/td>\n<td>\n<div class=\"attribute row\">\n<div class=\"col-xs-6\">95%<\/div>\n<\/div>\n<\/td>\n<\/tr>\n<tr class=\"odd\">\n<td>\n<div class=\"col-xs-6\">Suojausluokka<\/div>\n<\/td>\n<td>\n<div class=\"attribute row\">\n<div class=\"col-xs-6\">IP21<\/div>\n<\/div>\n<\/td>\n<\/tr>\n<tr class=\"even\">\n<td>\n<div class=\"col-xs-6\">K\u00e4ytt\u00f6l\u00e4mp\u00f6tila, \u00b0C<\/div>\n<\/td>\n<td>\n<div class=\"attribute row\">\n<div class=\"col-xs-6\">0 \u00b0C to 45 \u00b0C Charge, -10 \u00b0C to 45 \u00b0C Discharge<\/div>\n<\/div>\n<\/td>\n<\/tr>\n<tr class=\"odd\">\n<td>\n<div class=\"col-xs-6\">Mitat (PxLxK), mm<\/div>\n<\/td>\n<td>700 x 569 x 327<\/td>\n<\/tr>\n<tr class=\"even\">\n<td>\n<div class=\"col-xs-6\">Paino, kg<\/div>\n<\/td>\n<td>45<\/td>\n<\/tr>\n<tr class=\"odd\">\n<td>\n<div class=\"col-xs-6\">EAN-koodi<\/div>\n<\/td>\n<td>4260405368020<\/td>\n<\/tr>\n<\/tbody>\n<\/table>\n<p>Koottu PRC.<\/p>","protected":false},"featured_media":17329,"template":"","meta":{"_acf_changed":false,"inline_featured_image":false},"product_brand":[],"product_cat":[116],"product_tag":[],"class_list":{"0":"post-17328","1":"product","2":"type-product","3":"status-publish","4":"has-post-thumbnail","6":"product_cat-akud","7":"brand-konner-sohnen","9":"first","10":"onbackorder","11":"taxable","12":"shipping-taxable","13":"purchasable","14":"product-type-simple"},"acf":[],"yoast_head":"<!-- This site is optimized with the Yoast SEO plugin v26.2 - https:\/\/yoast.com\/wordpress\/plugins\/seo\/ -->\n<title>Liitiumaku KS LB 48-100 - Genekas24<\/title>\n<meta name=\"robots\" content=\"index, follow, max-snippet:-1, max-image-preview:large, max-video-preview:-1\" \/>\n<link rel=\"canonical\" href=\"https:\/\/staging.genekas24.ee\/fi\/tuote\/liitiumaku-ks-lb-48-100\/\" \/>\n<meta property=\"og:locale\" content=\"fi_FI\" \/>\n<meta property=\"og:type\" content=\"article\" \/>\n<meta property=\"og:title\" content=\"Liitiumaku KS LB 48-100 - Genekas24\" \/>\n<meta property=\"og:description\" content=\"&nbsp;     Aku mahutavus   100 Ah\/ 5120Wh    Akut\u00fc\u00fcp LiFePO\u2084 (liitium raud fosfaat aku)   Nimipinge, V 51.2    V\u00e4ljavoolu pinge, V 43.2-58.4    Laadimispinge, V 58.4    Soovitatav laadimis-\/v\u00e4ljavool   50A (0.5C)     Maksimum laadimis-\/v\u00e4ljavool   100A (1C)     Suhtlus   RS-485 \/ RS-232 \/ CAN-bus     T\u00fchjendamise s\u00fcgavus   95%     Kaitseklass   IP21     T\u00f6\u00f6tamistemperatuur, \u00b0C   0 \u00b0C to 45 \u00b0C Charge, -10 \u00b0C to 45 \u00b0C Discharge     M\u00f5\u00f5dud (LxWxH), mm 700 x 569 x 327    Kaal, kg 45    EAN kood 4260405368020    Kokku pandud HRV-s.\" \/>\n<meta property=\"og:url\" content=\"https:\/\/staging.genekas24.ee\/fi\/tuote\/liitiumaku-ks-lb-48-100\/\" \/>\n<meta property=\"og:site_name\" content=\"Genekas24\" \/>\n<meta property=\"article:modified_time\" content=\"2025-12-02T09:59:02+00:00\" \/>\n<meta property=\"og:image\" content=\"https:\/\/staging.genekas24.ee\/wp-content\/uploads\/2024\/12\/ks-lb-48-100-01.jpg\" \/>\n\t<meta property=\"og:image:width\" content=\"1600\" \/>\n\t<meta property=\"og:image:height\" content=\"1200\" \/>\n\t<meta property=\"og:image:type\" content=\"image\/jpeg\" \/>\n<meta name=\"twitter:card\" content=\"summary_large_image\" \/>\n<meta name=\"twitter:label1\" content=\"Arvioitu lukuaika\" \/>\n\t<meta name=\"twitter:data1\" content=\"4 minuuttia\" \/>\n<script type=\"application\/ld+json\" class=\"yoast-schema-graph\">{\"@context\":\"https:\/\/schema.org\",\"@graph\":[{\"@type\":\"WebPage\",\"@id\":\"https:\/\/staging.genekas24.ee\/toode\/liitiumaku-ks-lb-48-100\/\",\"url\":\"https:\/\/staging.genekas24.ee\/toode\/liitiumaku-ks-lb-48-100\/\",\"name\":\"Liitiumaku KS LB 48-100 - Genekas24\",\"isPartOf\":{\"@id\":\"https:\/\/staging.genekas24.ee\/#website\"},\"primaryImageOfPage\":{\"@id\":\"https:\/\/staging.genekas24.ee\/toode\/liitiumaku-ks-lb-48-100\/#primaryimage\"},\"image\":{\"@id\":\"https:\/\/staging.genekas24.ee\/toode\/liitiumaku-ks-lb-48-100\/#primaryimage\"},\"thumbnailUrl\":\"https:\/\/staging.genekas24.ee\/wp-content\/uploads\/2024\/12\/ks-lb-48-100-01.jpg\",\"datePublished\":\"2024-12-10T09:34:40+00:00\",\"dateModified\":\"2025-12-02T09:59:02+00:00\",\"breadcrumb\":{\"@id\":\"https:\/\/staging.genekas24.ee\/toode\/liitiumaku-ks-lb-48-100\/#breadcrumb\"},\"inLanguage\":\"fi\",\"potentialAction\":[{\"@type\":\"ReadAction\",\"target\":[\"https:\/\/staging.genekas24.ee\/toode\/liitiumaku-ks-lb-48-100\/\"]}]},{\"@type\":\"ImageObject\",\"inLanguage\":\"fi\",\"@id\":\"https:\/\/staging.genekas24.ee\/toode\/liitiumaku-ks-lb-48-100\/#primaryimage\",\"url\":\"https:\/\/staging.genekas24.ee\/wp-content\/uploads\/2024\/12\/ks-lb-48-100-01.jpg\",\"contentUrl\":\"https:\/\/staging.genekas24.ee\/wp-content\/uploads\/2024\/12\/ks-lb-48-100-01.jpg\",\"width\":1600,\"height\":1200},{\"@type\":\"BreadcrumbList\",\"@id\":\"https:\/\/staging.genekas24.ee\/toode\/liitiumaku-ks-lb-48-100\/#breadcrumb\",\"itemListElement\":[{\"@type\":\"ListItem\",\"position\":1,\"name\":\"Home\",\"item\":\"https:\/\/staging.genekas24.ee\/\"},{\"@type\":\"ListItem\",\"position\":2,\"name\":\"Pood\",\"item\":\"https:\/\/staging.genekas24.ee\/pood\/\"},{\"@type\":\"ListItem\",\"position\":3,\"name\":\"Liitiumaku KS LB 48-100\"}]},{\"@type\":\"WebSite\",\"@id\":\"https:\/\/staging.genekas24.ee\/#website\",\"url\":\"https:\/\/staging.genekas24.ee\/\",\"name\":\"Genekas24\",\"description\":\"Generaatorid | K&ouml;nner S&ouml;hnen tooted | Genekas24\",\"publisher\":{\"@id\":\"https:\/\/staging.genekas24.ee\/#organization\"},\"potentialAction\":[{\"@type\":\"SearchAction\",\"target\":{\"@type\":\"EntryPoint\",\"urlTemplate\":\"https:\/\/staging.genekas24.ee\/?s={search_term_string}\"},\"query-input\":{\"@type\":\"PropertyValueSpecification\",\"valueRequired\":true,\"valueName\":\"search_term_string\"}}],\"inLanguage\":\"fi\"},{\"@type\":\"Organization\",\"@id\":\"https:\/\/staging.genekas24.ee\/#organization\",\"name\":\"Genekas24\",\"url\":\"https:\/\/staging.genekas24.ee\/\",\"logo\":{\"@type\":\"ImageObject\",\"inLanguage\":\"fi\",\"@id\":\"https:\/\/staging.genekas24.ee\/#\/schema\/logo\/image\/\",\"url\":\"https:\/\/staging.genekas24.ee\/wp-content\/uploads\/2026\/01\/genekas24-logo_black.svg\",\"contentUrl\":\"https:\/\/staging.genekas24.ee\/wp-content\/uploads\/2026\/01\/genekas24-logo_black.svg\",\"width\":840,\"height\":131,\"caption\":\"Genekas24\"},\"image\":{\"@id\":\"https:\/\/staging.genekas24.ee\/#\/schema\/logo\/image\/\"}}]}<\/script>\n<!-- \/ Yoast SEO plugin. -->","yoast_head_json":{"title":"Liitiumaku KS LB 48-100 - Genekas24","robots":{"index":"index","follow":"follow","max-snippet":"max-snippet:-1","max-image-preview":"max-image-preview:large","max-video-preview":"max-video-preview:-1"},"canonical":"https:\/\/staging.genekas24.ee\/fi\/tuote\/liitiumaku-ks-lb-48-100\/","og_locale":"fi_FI","og_type":"article","og_title":"Liitiumaku KS LB 48-100 - Genekas24","og_description":"&nbsp;     Aku mahutavus   100 Ah\/ 5120Wh    Akut\u00fc\u00fcp LiFePO\u2084 (liitium raud fosfaat aku)   Nimipinge, V 51.2    V\u00e4ljavoolu pinge, V 43.2-58.4    Laadimispinge, V 58.4    Soovitatav laadimis-\/v\u00e4ljavool   50A (0.5C)     Maksimum laadimis-\/v\u00e4ljavool   100A (1C)     Suhtlus   RS-485 \/ RS-232 \/ CAN-bus     T\u00fchjendamise s\u00fcgavus   95%     Kaitseklass   IP21     T\u00f6\u00f6tamistemperatuur, \u00b0C   0 \u00b0C to 45 \u00b0C Charge, -10 \u00b0C to 45 \u00b0C Discharge     M\u00f5\u00f5dud (LxWxH), mm 700 x 569 x 327    Kaal, kg 45    EAN kood 4260405368020    Kokku pandud HRV-s.","og_url":"https:\/\/staging.genekas24.ee\/fi\/tuote\/liitiumaku-ks-lb-48-100\/","og_site_name":"Genekas24","article_modified_time":"2025-12-02T09:59:02+00:00","og_image":[{"width":1600,"height":1200,"url":"https:\/\/staging.genekas24.ee\/wp-content\/uploads\/2024\/12\/ks-lb-48-100-01.jpg","type":"image\/jpeg"}],"twitter_card":"summary_large_image","twitter_misc":{"Arvioitu lukuaika":"4 minuuttia"},"schema":{"@context":"https:\/\/schema.org","@graph":[{"@type":"WebPage","@id":"https:\/\/staging.genekas24.ee\/toode\/liitiumaku-ks-lb-48-100\/","url":"https:\/\/staging.genekas24.ee\/toode\/liitiumaku-ks-lb-48-100\/","name":"Liitiumaku KS LB 48-100 - Genekas24","isPartOf":{"@id":"https:\/\/staging.genekas24.ee\/#website"},"primaryImageOfPage":{"@id":"https:\/\/staging.genekas24.ee\/toode\/liitiumaku-ks-lb-48-100\/#primaryimage"},"image":{"@id":"https:\/\/staging.genekas24.ee\/toode\/liitiumaku-ks-lb-48-100\/#primaryimage"},"thumbnailUrl":"https:\/\/staging.genekas24.ee\/wp-content\/uploads\/2024\/12\/ks-lb-48-100-01.jpg","datePublished":"2024-12-10T09:34:40+00:00","dateModified":"2025-12-02T09:59:02+00:00","breadcrumb":{"@id":"https:\/\/staging.genekas24.ee\/toode\/liitiumaku-ks-lb-48-100\/#breadcrumb"},"inLanguage":"fi","potentialAction":[{"@type":"ReadAction","target":["https:\/\/staging.genekas24.ee\/toode\/liitiumaku-ks-lb-48-100\/"]}]},{"@type":"ImageObject","inLanguage":"fi","@id":"https:\/\/staging.genekas24.ee\/toode\/liitiumaku-ks-lb-48-100\/#primaryimage","url":"https:\/\/staging.genekas24.ee\/wp-content\/uploads\/2024\/12\/ks-lb-48-100-01.jpg","contentUrl":"https:\/\/staging.genekas24.ee\/wp-content\/uploads\/2024\/12\/ks-lb-48-100-01.jpg","width":1600,"height":1200},{"@type":"BreadcrumbList","@id":"https:\/\/staging.genekas24.ee\/toode\/liitiumaku-ks-lb-48-100\/#breadcrumb","itemListElement":[{"@type":"ListItem","position":1,"name":"Home","item":"https:\/\/staging.genekas24.ee\/"},{"@type":"ListItem","position":2,"name":"Pood","item":"https:\/\/staging.genekas24.ee\/pood\/"},{"@type":"ListItem","position":3,"name":"Liitiumaku KS LB 48-100"}]},{"@type":"WebSite","@id":"https:\/\/staging.genekas24.ee\/#website","url":"https:\/\/staging.genekas24.ee\/","name":"Genekas24","description":"Generaatorid | K&ouml;nner S&ouml;hnen tooted | Genekas24","publisher":{"@id":"https:\/\/staging.genekas24.ee\/#organization"},"potentialAction":[{"@type":"SearchAction","target":{"@type":"EntryPoint","urlTemplate":"https:\/\/staging.genekas24.ee\/?s={search_term_string}"},"query-input":{"@type":"PropertyValueSpecification","valueRequired":true,"valueName":"search_term_string"}}],"inLanguage":"fi"},{"@type":"Organization","@id":"https:\/\/staging.genekas24.ee\/#organization","name":"Genekas24","url":"https:\/\/staging.genekas24.ee\/","logo":{"@type":"ImageObject","inLanguage":"fi","@id":"https:\/\/staging.genekas24.ee\/#\/schema\/logo\/image\/","url":"https:\/\/staging.genekas24.ee\/wp-content\/uploads\/2026\/01\/genekas24-logo_black.svg","contentUrl":"https:\/\/staging.genekas24.ee\/wp-content\/uploads\/2026\/01\/genekas24-logo_black.svg","width":840,"height":131,"caption":"Genekas24"},"image":{"@id":"https:\/\/staging.genekas24.ee\/#\/schema\/logo\/image\/"}}]}},"_links":{"self":[{"href":"https:\/\/staging.genekas24.ee\/fi\/wp-json\/wp\/v2\/product\/17328","targetHints":{"allow":["GET"]}}],"collection":[{"href":"https:\/\/staging.genekas24.ee\/fi\/wp-json\/wp\/v2\/product"}],"about":[{"href":"https:\/\/staging.genekas24.ee\/fi\/wp-json\/wp\/v2\/types\/product"}],"version-history":[{"count":4,"href":"https:\/\/staging.genekas24.ee\/fi\/wp-json\/wp\/v2\/product\/17328\/revisions"}],"predecessor-version":[{"id":19096,"href":"https:\/\/staging.genekas24.ee\/fi\/wp-json\/wp\/v2\/product\/17328\/revisions\/19096"}],"wp:featuredmedia":[{"embeddable":true,"href":"https:\/\/staging.genekas24.ee\/fi\/wp-json\/wp\/v2\/media\/17329"}],"wp:attachment":[{"href":"https:\/\/staging.genekas24.ee\/fi\/wp-json\/wp\/v2\/media?parent=17328"}],"wp:term":[{"taxonomy":"product_brand","embeddable":true,"href":"https:\/\/staging.genekas24.ee\/fi\/wp-json\/wp\/v2\/product_brand?post=17328"},{"taxonomy":"product_cat","embeddable":true,"href":"https:\/\/staging.genekas24.ee\/fi\/wp-json\/wp\/v2\/product_cat?post=17328"},{"taxonomy":"product_tag","embeddable":true,"href":"https:\/\/staging.genekas24.ee\/fi\/wp-json\/wp\/v2\/product_tag?post=17328"}],"curies":[{"name":"wp","href":"https:\/\/api.w.org\/{rel}","templated":true}]}}