{"id":17136,"date":"2024-12-05T12:22:22","date_gmt":"2024-12-05T12:22:22","guid":{"rendered":"https:\/\/staging.genekas24.ee\/?post_type=product&#038;p=17136"},"modified":"2025-12-02T09:59:46","modified_gmt":"2025-12-02T09:59:46","slug":"pto-generaator-av-22","status":"publish","type":"product","link":"https:\/\/staging.genekas24.ee\/fi\/tuote\/pto-generaator-av-22\/","title":{"rendered":"PTO-generaattori AV 22"},"content":{"rendered":"<table>\n<tbody>\n<tr>\n<td><strong>Tavavarustus<\/strong><\/td>\n<\/tr>\n<tr>\n<td>1x 32A 400V pistikupesa<\/td>\n<\/tr>\n<tr>\n<td>2x 16A 230V Schuko<\/td>\n<\/tr>\n<tr>\n<td>Automaatkaitsmed 400V<\/td>\n<\/tr>\n<tr>\n<td>Termol\u00fcliti 230V<\/td>\n<\/tr>\n<tr>\n<td>Rikkevoolukaitse<\/td>\n<\/tr>\n<tr>\n<td>Taimer V, Hz, A, kVA<\/td>\n<\/tr>\n<tr>\n<td>Traktoriga \u00fchendamise komplekt<\/td>\n<\/tr>\n<tr>\n<td>K\u00e4igukast t\u00e4idetud \u00f5liga<\/td>\n<\/tr>\n<\/tbody>\n<\/table>\n<table style=\"border-collapse: collapse;\">\n<tbody>\n<tr style=\"height: 24px;\">\n<td style=\"width: 100%; height: 24px;\"><strong>Standardid ja direktiivid<\/strong><\/td>\n<\/tr>\n<tr style=\"height: 24px;\">\n<td style=\"width: 100%; height: 24px;\"><strong>\u00a7 2000\/14\/WE &#8211; <\/strong>M\u00fcraemissiooni direktiiv ja selle muudatus 2005\/88\/WE<\/td>\n<\/tr>\n<tr style=\"height: 24px;\">\n<td style=\"width: 100%; height: 24px;\"><strong>\u00a7 2006\/42\/WE &#8211; <\/strong>Masinate direktiiv<strong><br \/>\n<\/strong><\/td>\n<\/tr>\n<tr>\n<td style=\"width: 100%;\"><strong>\u00a7 2014\/35\/WE &#8211;\u00a0<\/strong>Madalpinge direktiiv<\/td>\n<\/tr>\n<tr>\n<td style=\"width: 100%;\"><strong>\u00a7 2014\/30\/WE &#8211;<\/strong> Elektromagnetilise \u00fchilduvuse direktiiv<\/td>\n<\/tr>\n<\/tbody>\n<\/table>","protected":false},"excerpt":{"rendered":"<table style=\"width: 100%; height: 486px;\">\n<tbody>\n<tr class=\"even\" style=\"height: 24px;\">\n<td style=\"height: 24px;\" width=\"60%\">J\u00e4nnite-s\u00e4\u00e4dins<\/td>\n<td style=\"height: 24px;\">Standard CVR<\/td>\n<\/tr>\n<tr class=\"odd\" style=\"height: 24px;\">\n<td style=\"height: 24px;\">\n<div class=\"col-xs-6\">J\u00e4nnitteen vakautus<\/div>\n<\/td>\n<td style=\"height: 24px;\">\u00b15-10 %<\/td>\n<\/tr>\n<tr class=\"even\" style=\"height: 24px;\">\n<td style=\"height: 24px;\">\n<div class=\"col-xs-6\">Taajuus, Hz<\/div>\n<\/td>\n<td style=\"height: 24px;\">50<\/td>\n<\/tr>\n<tr class=\"odd\" style=\"height: 24px;\">\n<td style=\"height: 24px;\"><strong>Kolmivaiheinen j\u00e4nnite, V<\/strong><\/td>\n<td style=\"height: 24px;\">400<\/td>\n<\/tr>\n<tr class=\"even\" style=\"height: 24px;\">\n<td style=\"height: 24px;\">\n<div class=\"col-xs-6\">Tehokerroin,  cos \u2c77<\/div>\n<\/td>\n<td style=\"height: 24px;\">0,8<\/td>\n<\/tr>\n<tr class=\"odd\" style=\"height: 48px;\">\n<td style=\"height: 48px;\">Maksimaalinen teho, kVA<\/td>\n<td style=\"height: 48px;\">\n<div class=\"attribute row\">\n<div class=\"col-xs-6\">24.4<\/div>\n<\/div>\n<\/td>\n<\/tr>\n<tr class=\"odd\" style=\"height: 24px;\">\n<td style=\"height: 10px;\">Nimellisteho, kVA<\/td>\n<td style=\"height: 10px;\">22<\/td>\n<\/tr>\n<tr class=\"even\" style=\"height: 24px;\">\n<td style=\"height: 24px;\">Nimivool, A,<\/td>\n<td style=\"height: 24px;\">31.9<\/td>\n<\/tr>\n<tr class=\"odd\" style=\"height: 48px;\">\n<td style=\"height: 48px;\"><strong>Yksivaihej\u00e4nnite, V<\/strong><\/td>\n<td style=\"height: 48px;\">\n<div class=\"attribute row\">\n<div class=\"col-xs-6\">230<\/div>\n<\/div>\n<\/td>\n<\/tr>\n<tr class=\"even\" style=\"height: 24px;\">\n<td style=\"height: 24px;\">\n<div class=\"col-xs-6\">Tehokerroin,  cos \u2c77<\/div>\n<\/td>\n<td style=\"height: 24px;\">\n<div class=\"attribute row\">\n<div class=\"col-xs-6\">1<\/div>\n<\/div>\n<\/td>\n<\/tr>\n<tr class=\"odd\" style=\"height: 24px;\">\n<td style=\"height: 24px;\">\n<div class=\"col-xs-6\">Maksimaalinen teho, kVA<\/div>\n<\/td>\n<td style=\"height: 24px;\">\n<div class=\"attribute row\">\n<div class=\"col-xs-6\">9.7<\/div>\n<\/div>\n<\/td>\n<\/tr>\n<tr class=\"even\" style=\"height: 72px;\">\n<td style=\"height: 10px;\">Nimellisteho, kVA<\/td>\n<td style=\"height: 10px;\">8.8<\/td>\n<\/tr>\n<tr class=\"odd\" style=\"height: 24px;\">\n<td style=\"height: 10px;\">\n<div class=\"col-xs-6\">Nimellisvirta, A<\/div>\n<\/td>\n<td style=\"height: 10px;\">\n<div class=\"attribute row\">\n<div class=\"col-xs-6\">38.3<\/div>\n<\/div>\n<\/td>\n<\/tr>\n<tr class=\"even\" style=\"height: 24px;\">\n<td style=\"height: 24px;\">\n<div class=\"col-xs-6\">Paino, kg<\/div>\n<\/td>\n<td style=\"height: 24px;\">130<\/td>\n<\/tr>\n<tr class=\"odd\" style=\"height: 24px;\">\n<td style=\"height: 24px;\">\n<div class=\"col-xs-6\">Mitat (PxLxK), mm<\/div>\n<\/td>\n<td style=\"height: 24px;\">\n<div class=\"attribute row\">\n<div class=\"col-xs-6\">950x800x933<\/div>\n<\/div>\n<\/td>\n<\/tr>\n<tr class=\"even\" style=\"height: 24px;\">\n<td style=\"height: 24px;\">\n<div class=\"col-xs-6\">Suojausluokka<\/div>\n<\/td>\n<td style=\"height: 24px;\">IP23<\/td>\n<\/tr>\n<tr class=\"odd\" style=\"height: 24px;\">\n<td style=\"height: 24px;\">\n<div class=\"col-xs-6\">Kierrokset, rpm<\/div>\n<\/td>\n<td style=\"height: 24px;\">3000<\/td>\n<\/tr>\n<tr class=\"even\" style=\"height: 24px;\">\n<td style=\"height: 24px;\" width=\"60%\">Alternaator<\/td>\n<td style=\"height: 24px;\">S\u00fcnkroonne<\/td>\n<\/tr>\n<tr class=\"even\" style=\"height: 24px;\">\n<td style=\"height: 24px;\">\n<div class=\"col-xs-6\">\u00d6ljytyyppi<\/div>\n<\/td>\n<td style=\"height: 24px;\">SAE 80W-90<\/td>\n<\/tr>\n<tr class=\"odd\" style=\"height: 24px;\">\n<td style=\"height: 24px;\">\n<div class=\"col-xs-6\">\u00d6ljyn m\u00e4\u00e4r\u00e4, l<\/div>\n<\/td>\n<td style=\"height: 24px;\">\n<div class=\"attribute row\">\n<div class=\"col-xs-6\">0.9<\/div>\n<\/div>\n<\/td>\n<\/tr>\n<tr>\n<td>\n<div class=\"col-xs-6\"><strong>N\u00f5uded traktorile<\/strong><\/div>\n<\/td>\n<td>\n<div class=\"attribute row\">\n<div class=\"col-xs-6\"><\/div>\n<\/div>\n<\/td>\n<\/tr>\n<tr>\n<td>\n<div class=\"col-xs-6\">PTO kiirus<\/div>\n<\/td>\n<td>\n<div class=\"attribute row\">\n<div class=\"col-xs-6\">430 p\u00f6\u00f6ret\/min<\/div>\n<\/div>\n<\/td>\n<\/tr>\n<tr>\n<td>\n<div class=\"col-xs-6\">PTO j\u00f5ud<\/div>\n<\/td>\n<td>\n<div class=\"attribute row\">\n<div class=\"col-xs-6\">22\/29 kW\/HP<\/div>\n<\/div>\n<\/td>\n<\/tr>\n<tr>\n<td>\n<div class=\"col-xs-6\">PTO v\u00f5lli m\u00f5\u00f5tmed<\/div>\n<\/td>\n<td>\n<div class=\"attribute row\">\n<div class=\"col-xs-6\">36\/49 kW\/HP<\/div>\n<\/div>\n<\/td>\n<\/tr>\n<tr>\n<td>\n<div class=\"col-xs-6\">PTO v\u00f5lli m\u00f5\u00f5tmed<\/div>\n<\/td>\n<td>\n<div class=\"attribute row\">\n<div class=\"col-xs-6\">628 Nm<\/div>\n<\/div>\n<\/td>\n<\/tr>\n<\/tbody>\n<\/table>","protected":false},"featured_media":17735,"template":"","meta":{"_acf_changed":false,"inline_featured_image":false},"product_brand":[],"product_cat":[115,94],"product_tag":[],"class_list":{"0":"post-17136","1":"product","2":"type-product","3":"status-publish","4":"has-post-thumbnail","6":"product_cat-pto-generaatorid","7":"product_cat-generaatorid","8":"product_shipping_class-euroalus","9":"brand-fogo","11":"first","12":"instock","13":"taxable","14":"shipping-taxable","15":"purchasable","16":"product-type-simple"},"acf":[],"yoast_head":"<!-- This site is optimized with the Yoast SEO plugin v26.2 - https:\/\/yoast.com\/wordpress\/plugins\/seo\/ -->\n<title>PTO generaator AV 22 - Genekas24<\/title>\n<meta name=\"description\" content=\"PTO generaatorid pakuvad usaldusv\u00e4\u00e4rset ja t\u00f5husat elektritootmist traktori j\u00f5u\u00fclekande kaudu, sobides ideaalselt p\u00f5llumajandus- ja t\u00f6\u00f6stusotstarbeks.\" \/>\n<meta name=\"robots\" content=\"index, follow, max-snippet:-1, max-image-preview:large, max-video-preview:-1\" \/>\n<link rel=\"canonical\" href=\"https:\/\/staging.genekas24.ee\/fi\/tuote\/pto-generaator-av-22\/\" \/>\n<meta property=\"og:locale\" content=\"fi_FI\" \/>\n<meta property=\"og:type\" content=\"article\" \/>\n<meta property=\"og:title\" content=\"PTO generaator AV 22 - Genekas24\" \/>\n<meta property=\"og:description\" content=\"PTO generaatorid pakuvad usaldusv\u00e4\u00e4rset ja t\u00f5husat elektritootmist traktori j\u00f5u\u00fclekande kaudu, sobides ideaalselt p\u00f5llumajandus- ja t\u00f6\u00f6stusotstarbeks.\" \/>\n<meta property=\"og:url\" content=\"https:\/\/staging.genekas24.ee\/fi\/tuote\/pto-generaator-av-22\/\" \/>\n<meta property=\"og:site_name\" content=\"Genekas24\" \/>\n<meta property=\"article:modified_time\" content=\"2025-12-02T09:59:46+00:00\" \/>\n<meta property=\"og:image\" content=\"https:\/\/staging.genekas24.ee\/wp-content\/uploads\/2024\/12\/AV-22.png\" \/>\n\t<meta property=\"og:image:width\" content=\"1459\" \/>\n\t<meta property=\"og:image:height\" content=\"834\" \/>\n\t<meta property=\"og:image:type\" content=\"image\/png\" \/>\n<meta name=\"twitter:card\" content=\"summary_large_image\" \/>\n<meta name=\"twitter:label1\" content=\"Arvioitu lukuaika\" \/>\n\t<meta name=\"twitter:data1\" content=\"1 minuutti\" \/>\n<script type=\"application\/ld+json\" class=\"yoast-schema-graph\">{\"@context\":\"https:\/\/schema.org\",\"@graph\":[{\"@type\":\"WebPage\",\"@id\":\"https:\/\/staging.genekas24.ee\/toode\/pto-generaator-av-22\/\",\"url\":\"https:\/\/staging.genekas24.ee\/toode\/pto-generaator-av-22\/\",\"name\":\"PTO generaator AV 22 - Genekas24\",\"isPartOf\":{\"@id\":\"https:\/\/staging.genekas24.ee\/#website\"},\"primaryImageOfPage\":{\"@id\":\"https:\/\/staging.genekas24.ee\/toode\/pto-generaator-av-22\/#primaryimage\"},\"image\":{\"@id\":\"https:\/\/staging.genekas24.ee\/toode\/pto-generaator-av-22\/#primaryimage\"},\"thumbnailUrl\":\"https:\/\/staging.genekas24.ee\/wp-content\/uploads\/2024\/12\/AV-22.png\",\"datePublished\":\"2024-12-05T12:22:22+00:00\",\"dateModified\":\"2025-12-02T09:59:46+00:00\",\"description\":\"PTO generaatorid pakuvad usaldusv\u00e4\u00e4rset ja t\u00f5husat elektritootmist traktori j\u00f5u\u00fclekande kaudu, sobides ideaalselt p\u00f5llumajandus- ja t\u00f6\u00f6stusotstarbeks.\",\"breadcrumb\":{\"@id\":\"https:\/\/staging.genekas24.ee\/toode\/pto-generaator-av-22\/#breadcrumb\"},\"inLanguage\":\"fi\",\"potentialAction\":[{\"@type\":\"ReadAction\",\"target\":[\"https:\/\/staging.genekas24.ee\/toode\/pto-generaator-av-22\/\"]}]},{\"@type\":\"ImageObject\",\"inLanguage\":\"fi\",\"@id\":\"https:\/\/staging.genekas24.ee\/toode\/pto-generaator-av-22\/#primaryimage\",\"url\":\"https:\/\/staging.genekas24.ee\/wp-content\/uploads\/2024\/12\/AV-22.png\",\"contentUrl\":\"https:\/\/staging.genekas24.ee\/wp-content\/uploads\/2024\/12\/AV-22.png\",\"width\":1459,\"height\":834},{\"@type\":\"BreadcrumbList\",\"@id\":\"https:\/\/staging.genekas24.ee\/toode\/pto-generaator-av-22\/#breadcrumb\",\"itemListElement\":[{\"@type\":\"ListItem\",\"position\":1,\"name\":\"Home\",\"item\":\"https:\/\/staging.genekas24.ee\/\"},{\"@type\":\"ListItem\",\"position\":2,\"name\":\"Pood\",\"item\":\"https:\/\/staging.genekas24.ee\/pood\/\"},{\"@type\":\"ListItem\",\"position\":3,\"name\":\"PTO generaator AV 22\"}]},{\"@type\":\"WebSite\",\"@id\":\"https:\/\/staging.genekas24.ee\/#website\",\"url\":\"https:\/\/staging.genekas24.ee\/\",\"name\":\"Genekas24\",\"description\":\"Generaatorid | K&ouml;nner S&ouml;hnen tooted | Genekas24\",\"publisher\":{\"@id\":\"https:\/\/staging.genekas24.ee\/#organization\"},\"potentialAction\":[{\"@type\":\"SearchAction\",\"target\":{\"@type\":\"EntryPoint\",\"urlTemplate\":\"https:\/\/staging.genekas24.ee\/?s={search_term_string}\"},\"query-input\":{\"@type\":\"PropertyValueSpecification\",\"valueRequired\":true,\"valueName\":\"search_term_string\"}}],\"inLanguage\":\"fi\"},{\"@type\":\"Organization\",\"@id\":\"https:\/\/staging.genekas24.ee\/#organization\",\"name\":\"Genekas24\",\"url\":\"https:\/\/staging.genekas24.ee\/\",\"logo\":{\"@type\":\"ImageObject\",\"inLanguage\":\"fi\",\"@id\":\"https:\/\/staging.genekas24.ee\/#\/schema\/logo\/image\/\",\"url\":\"https:\/\/staging.genekas24.ee\/wp-content\/uploads\/2026\/01\/genekas24-logo_black.svg\",\"contentUrl\":\"https:\/\/staging.genekas24.ee\/wp-content\/uploads\/2026\/01\/genekas24-logo_black.svg\",\"width\":840,\"height\":131,\"caption\":\"Genekas24\"},\"image\":{\"@id\":\"https:\/\/staging.genekas24.ee\/#\/schema\/logo\/image\/\"}}]}<\/script>\n<!-- \/ Yoast SEO plugin. -->","yoast_head_json":{"title":"PTO generaator AV 22 - Genekas24","description":"PTO generaatorid pakuvad usaldusv\u00e4\u00e4rset ja t\u00f5husat elektritootmist traktori j\u00f5u\u00fclekande kaudu, sobides ideaalselt p\u00f5llumajandus- ja t\u00f6\u00f6stusotstarbeks.","robots":{"index":"index","follow":"follow","max-snippet":"max-snippet:-1","max-image-preview":"max-image-preview:large","max-video-preview":"max-video-preview:-1"},"canonical":"https:\/\/staging.genekas24.ee\/fi\/tuote\/pto-generaator-av-22\/","og_locale":"fi_FI","og_type":"article","og_title":"PTO generaator AV 22 - Genekas24","og_description":"PTO generaatorid pakuvad usaldusv\u00e4\u00e4rset ja t\u00f5husat elektritootmist traktori j\u00f5u\u00fclekande kaudu, sobides ideaalselt p\u00f5llumajandus- ja t\u00f6\u00f6stusotstarbeks.","og_url":"https:\/\/staging.genekas24.ee\/fi\/tuote\/pto-generaator-av-22\/","og_site_name":"Genekas24","article_modified_time":"2025-12-02T09:59:46+00:00","og_image":[{"width":1459,"height":834,"url":"https:\/\/staging.genekas24.ee\/wp-content\/uploads\/2024\/12\/AV-22.png","type":"image\/png"}],"twitter_card":"summary_large_image","twitter_misc":{"Arvioitu lukuaika":"1 minuutti"},"schema":{"@context":"https:\/\/schema.org","@graph":[{"@type":"WebPage","@id":"https:\/\/staging.genekas24.ee\/toode\/pto-generaator-av-22\/","url":"https:\/\/staging.genekas24.ee\/toode\/pto-generaator-av-22\/","name":"PTO generaator AV 22 - Genekas24","isPartOf":{"@id":"https:\/\/staging.genekas24.ee\/#website"},"primaryImageOfPage":{"@id":"https:\/\/staging.genekas24.ee\/toode\/pto-generaator-av-22\/#primaryimage"},"image":{"@id":"https:\/\/staging.genekas24.ee\/toode\/pto-generaator-av-22\/#primaryimage"},"thumbnailUrl":"https:\/\/staging.genekas24.ee\/wp-content\/uploads\/2024\/12\/AV-22.png","datePublished":"2024-12-05T12:22:22+00:00","dateModified":"2025-12-02T09:59:46+00:00","description":"PTO generaatorid pakuvad usaldusv\u00e4\u00e4rset ja t\u00f5husat elektritootmist traktori j\u00f5u\u00fclekande kaudu, sobides ideaalselt p\u00f5llumajandus- ja t\u00f6\u00f6stusotstarbeks.","breadcrumb":{"@id":"https:\/\/staging.genekas24.ee\/toode\/pto-generaator-av-22\/#breadcrumb"},"inLanguage":"fi","potentialAction":[{"@type":"ReadAction","target":["https:\/\/staging.genekas24.ee\/toode\/pto-generaator-av-22\/"]}]},{"@type":"ImageObject","inLanguage":"fi","@id":"https:\/\/staging.genekas24.ee\/toode\/pto-generaator-av-22\/#primaryimage","url":"https:\/\/staging.genekas24.ee\/wp-content\/uploads\/2024\/12\/AV-22.png","contentUrl":"https:\/\/staging.genekas24.ee\/wp-content\/uploads\/2024\/12\/AV-22.png","width":1459,"height":834},{"@type":"BreadcrumbList","@id":"https:\/\/staging.genekas24.ee\/toode\/pto-generaator-av-22\/#breadcrumb","itemListElement":[{"@type":"ListItem","position":1,"name":"Home","item":"https:\/\/staging.genekas24.ee\/"},{"@type":"ListItem","position":2,"name":"Pood","item":"https:\/\/staging.genekas24.ee\/pood\/"},{"@type":"ListItem","position":3,"name":"PTO generaator AV 22"}]},{"@type":"WebSite","@id":"https:\/\/staging.genekas24.ee\/#website","url":"https:\/\/staging.genekas24.ee\/","name":"Genekas24","description":"Generaatorid | K&ouml;nner S&ouml;hnen tooted | Genekas24","publisher":{"@id":"https:\/\/staging.genekas24.ee\/#organization"},"potentialAction":[{"@type":"SearchAction","target":{"@type":"EntryPoint","urlTemplate":"https:\/\/staging.genekas24.ee\/?s={search_term_string}"},"query-input":{"@type":"PropertyValueSpecification","valueRequired":true,"valueName":"search_term_string"}}],"inLanguage":"fi"},{"@type":"Organization","@id":"https:\/\/staging.genekas24.ee\/#organization","name":"Genekas24","url":"https:\/\/staging.genekas24.ee\/","logo":{"@type":"ImageObject","inLanguage":"fi","@id":"https:\/\/staging.genekas24.ee\/#\/schema\/logo\/image\/","url":"https:\/\/staging.genekas24.ee\/wp-content\/uploads\/2026\/01\/genekas24-logo_black.svg","contentUrl":"https:\/\/staging.genekas24.ee\/wp-content\/uploads\/2026\/01\/genekas24-logo_black.svg","width":840,"height":131,"caption":"Genekas24"},"image":{"@id":"https:\/\/staging.genekas24.ee\/#\/schema\/logo\/image\/"}}]}},"_links":{"self":[{"href":"https:\/\/staging.genekas24.ee\/fi\/wp-json\/wp\/v2\/product\/17136","targetHints":{"allow":["GET"]}}],"collection":[{"href":"https:\/\/staging.genekas24.ee\/fi\/wp-json\/wp\/v2\/product"}],"about":[{"href":"https:\/\/staging.genekas24.ee\/fi\/wp-json\/wp\/v2\/types\/product"}],"version-history":[{"count":9,"href":"https:\/\/staging.genekas24.ee\/fi\/wp-json\/wp\/v2\/product\/17136\/revisions"}],"predecessor-version":[{"id":20113,"href":"https:\/\/staging.genekas24.ee\/fi\/wp-json\/wp\/v2\/product\/17136\/revisions\/20113"}],"wp:featuredmedia":[{"embeddable":true,"href":"https:\/\/staging.genekas24.ee\/fi\/wp-json\/wp\/v2\/media\/17735"}],"wp:attachment":[{"href":"https:\/\/staging.genekas24.ee\/fi\/wp-json\/wp\/v2\/media?parent=17136"}],"wp:term":[{"taxonomy":"product_brand","embeddable":true,"href":"https:\/\/staging.genekas24.ee\/fi\/wp-json\/wp\/v2\/product_brand?post=17136"},{"taxonomy":"product_cat","embeddable":true,"href":"https:\/\/staging.genekas24.ee\/fi\/wp-json\/wp\/v2\/product_cat?post=17136"},{"taxonomy":"product_tag","embeddable":true,"href":"https:\/\/staging.genekas24.ee\/fi\/wp-json\/wp\/v2\/product_tag?post=17136"}],"curies":[{"name":"wp","href":"https:\/\/api.w.org\/{rel}","templated":true}]}}