{"id":17099,"date":"2024-12-04T10:29:30","date_gmt":"2024-12-04T10:29:30","guid":{"rendered":"https:\/\/staging.genekas24.ee\/?post_type=product&#038;p=17099"},"modified":"2025-12-02T09:59:48","modified_gmt":"2025-12-02T09:59:48","slug":"automaatne-akulaadija-ks-b2a","status":"publish","type":"product","link":"https:\/\/staging.genekas24.ee\/fi\/tuote\/automaatne-akulaadija-ks-b2a\/","title":{"rendered":"Automaatne akulaadija KS-B2A"},"content":{"rendered":"<p>Lihtsalt kasutatav laadija on m\u00f5eldud 6 V ja 12 V pingega LiFePo4, AGM, plii-happe- ja geellakude, samuti 12,8 V nimipingega LiFePo4 akude (4 elementi) laadimiseks. Selliseid akusid kasutatakse autodes, kergveokites, traktorites, generaatorites, kaubikutes, haagissuvilates, mootorpaatides jne mahutavusega kuni 45 Ah.<\/p>\n<p><strong>Automaattisessa laturissa on suoja seuraavia vastaan:<\/strong><\/p>\n<ul>\n<li>ylikuumeneminen<\/li>\n<li>oikosulku<\/li>\n<li>k\u00e4\u00e4nteinen napaisuus<\/li>\n<li>aku \u00fclelaadimine pliiakude laadimiseks.<\/li>\n<\/ul>\n<p>See automaatlaadija on m\u00f5eldud kasutamiseks toiteallikast, mille nimipinge on 230 V. Sellel on laadimisjuhtmel SAE-pistik, mis v\u00f5imaldab muuta krokodilliklambrite v\u00f5i r\u00f5nga (komplektis kaasas) t\u00fc\u00fcpi ning seadmega kaasas oleva spetsiaalse otsiku abil saab muuta krokodilliklambrite juhtme polaarsust.<\/p>\n<p>Ekraan n\u00e4itab pinget, aku taset ja laadimisvoolu reaalajas. Nutikas laadija anal\u00fc\u00fcsib aku parameetreid ja viis minutit p\u00e4rast laadimise algusest kuvab laetuse taset reaalajas. Laadija reguleerib laadimisvoolu automaatselt s\u00f5ltuvalt aku mahutavusest, et seda t\u00f5husalt ja ohutult t\u00e4ielikult laadida.<\/p>","protected":false},"excerpt":{"rendered":"<p><strong>Automaattinen akkulaturi<\/strong><\/p>\n<p>Lihtsalt kasutatav kompaktne automaatlaadija, mis on loodud 6V \/ 12 \/ 12,8 V pliiakude laadimiseks.<\/p>\n<p>Seda kasutatakse kuni 45 A\u00b7h v\u00f5imsusega generaatorite, kultivaatorite, mootorrataste, mootorsaanide, paatide, ATV-de jms akude laadimiseks. Juhtme pikkuseks on 1,8m.<\/p>\n<p>Kun asianmukainen j\u00e4nnite on valittu, lataus tehd\u00e4\u00e4n automaattisesti.<\/p>","protected":false},"featured_media":16976,"template":"","meta":{"_acf_changed":false,"inline_featured_image":false},"product_brand":[],"product_cat":[175,156,28],"product_tag":[],"class_list":{"0":"post-17099","1":"product","2":"type-product","3":"status-publish","4":"has-post-thumbnail","6":"product_cat-akulaadijad","7":"product_cat-generaatori-tarvikud","8":"product_cat-kaablid","9":"product_shipping_class-vaikepakk","10":"brand-konner-sohnen","12":"first","13":"instock","14":"taxable","15":"shipping-taxable","16":"purchasable","17":"product-type-simple"},"acf":[],"yoast_head":"<!-- This site is optimized with the Yoast SEO plugin v26.2 - https:\/\/yoast.com\/wordpress\/plugins\/seo\/ -->\n<title>Automaatne akulaadija KS-B2A - Genekas24<\/title>\n<meta name=\"description\" content=\"KS B2A automaatlaadija 6V\/12V akudele, kaitstud \u00fclekuumenemise ja l\u00fchise eest, kuvab andmeid ekraanil reaalajas.\" \/>\n<meta name=\"robots\" content=\"index, follow, max-snippet:-1, max-image-preview:large, max-video-preview:-1\" \/>\n<link rel=\"canonical\" href=\"https:\/\/staging.genekas24.ee\/fi\/tuote\/automaatne-akulaadija-ks-b2a\/\" \/>\n<meta property=\"og:locale\" content=\"fi_FI\" \/>\n<meta property=\"og:type\" content=\"article\" \/>\n<meta property=\"og:title\" content=\"Automaatne akulaadija KS-B2A - Genekas24\" \/>\n<meta property=\"og:description\" content=\"KS B2A automaatlaadija 6V\/12V akudele, kaitstud \u00fclekuumenemise ja l\u00fchise eest, kuvab andmeid ekraanil reaalajas.\" \/>\n<meta property=\"og:url\" content=\"https:\/\/staging.genekas24.ee\/fi\/tuote\/automaatne-akulaadija-ks-b2a\/\" \/>\n<meta property=\"og:site_name\" content=\"Genekas24\" \/>\n<meta property=\"article:modified_time\" content=\"2025-12-02T09:59:48+00:00\" \/>\n<meta property=\"og:image\" content=\"https:\/\/staging.genekas24.ee\/wp-content\/uploads\/2024\/11\/ks-b2a-en.jpg\" \/>\n\t<meta property=\"og:image:width\" content=\"1600\" \/>\n\t<meta property=\"og:image:height\" content=\"1200\" \/>\n\t<meta property=\"og:image:type\" content=\"image\/jpeg\" \/>\n<meta name=\"twitter:card\" content=\"summary_large_image\" \/>\n<meta name=\"twitter:label1\" content=\"Arvioitu lukuaika\" \/>\n\t<meta name=\"twitter:data1\" content=\"1 minuutti\" \/>\n<script type=\"application\/ld+json\" class=\"yoast-schema-graph\">{\"@context\":\"https:\/\/schema.org\",\"@graph\":[{\"@type\":\"WebPage\",\"@id\":\"https:\/\/staging.genekas24.ee\/toode\/automaatne-akulaadija-ks-b2a\/\",\"url\":\"https:\/\/staging.genekas24.ee\/toode\/automaatne-akulaadija-ks-b2a\/\",\"name\":\"Automaatne akulaadija KS-B2A - Genekas24\",\"isPartOf\":{\"@id\":\"https:\/\/staging.genekas24.ee\/#website\"},\"primaryImageOfPage\":{\"@id\":\"https:\/\/staging.genekas24.ee\/toode\/automaatne-akulaadija-ks-b2a\/#primaryimage\"},\"image\":{\"@id\":\"https:\/\/staging.genekas24.ee\/toode\/automaatne-akulaadija-ks-b2a\/#primaryimage\"},\"thumbnailUrl\":\"https:\/\/staging.genekas24.ee\/wp-content\/uploads\/2024\/11\/ks-b2a-en.jpg\",\"datePublished\":\"2024-12-04T10:29:30+00:00\",\"dateModified\":\"2025-12-02T09:59:48+00:00\",\"description\":\"KS B2A automaatlaadija 6V\/12V akudele, kaitstud \u00fclekuumenemise ja l\u00fchise eest, kuvab andmeid ekraanil reaalajas.\",\"breadcrumb\":{\"@id\":\"https:\/\/staging.genekas24.ee\/toode\/automaatne-akulaadija-ks-b2a\/#breadcrumb\"},\"inLanguage\":\"fi\",\"potentialAction\":[{\"@type\":\"ReadAction\",\"target\":[\"https:\/\/staging.genekas24.ee\/toode\/automaatne-akulaadija-ks-b2a\/\"]}]},{\"@type\":\"ImageObject\",\"inLanguage\":\"fi\",\"@id\":\"https:\/\/staging.genekas24.ee\/toode\/automaatne-akulaadija-ks-b2a\/#primaryimage\",\"url\":\"https:\/\/staging.genekas24.ee\/wp-content\/uploads\/2024\/11\/ks-b2a-en.jpg\",\"contentUrl\":\"https:\/\/staging.genekas24.ee\/wp-content\/uploads\/2024\/11\/ks-b2a-en.jpg\",\"width\":1600,\"height\":1200},{\"@type\":\"BreadcrumbList\",\"@id\":\"https:\/\/staging.genekas24.ee\/toode\/automaatne-akulaadija-ks-b2a\/#breadcrumb\",\"itemListElement\":[{\"@type\":\"ListItem\",\"position\":1,\"name\":\"Home\",\"item\":\"https:\/\/staging.genekas24.ee\/\"},{\"@type\":\"ListItem\",\"position\":2,\"name\":\"Pood\",\"item\":\"https:\/\/staging.genekas24.ee\/pood\/\"},{\"@type\":\"ListItem\",\"position\":3,\"name\":\"Automaatne akulaadija KS-B2A\"}]},{\"@type\":\"WebSite\",\"@id\":\"https:\/\/staging.genekas24.ee\/#website\",\"url\":\"https:\/\/staging.genekas24.ee\/\",\"name\":\"Genekas24\",\"description\":\"Generaatorid | K&ouml;nner S&ouml;hnen tooted | Genekas24\",\"publisher\":{\"@id\":\"https:\/\/staging.genekas24.ee\/#organization\"},\"potentialAction\":[{\"@type\":\"SearchAction\",\"target\":{\"@type\":\"EntryPoint\",\"urlTemplate\":\"https:\/\/staging.genekas24.ee\/?s={search_term_string}\"},\"query-input\":{\"@type\":\"PropertyValueSpecification\",\"valueRequired\":true,\"valueName\":\"search_term_string\"}}],\"inLanguage\":\"fi\"},{\"@type\":\"Organization\",\"@id\":\"https:\/\/staging.genekas24.ee\/#organization\",\"name\":\"Genekas24\",\"url\":\"https:\/\/staging.genekas24.ee\/\",\"logo\":{\"@type\":\"ImageObject\",\"inLanguage\":\"fi\",\"@id\":\"https:\/\/staging.genekas24.ee\/#\/schema\/logo\/image\/\",\"url\":\"https:\/\/staging.genekas24.ee\/wp-content\/uploads\/2026\/01\/genekas24-logo_black.svg\",\"contentUrl\":\"https:\/\/staging.genekas24.ee\/wp-content\/uploads\/2026\/01\/genekas24-logo_black.svg\",\"width\":840,\"height\":131,\"caption\":\"Genekas24\"},\"image\":{\"@id\":\"https:\/\/staging.genekas24.ee\/#\/schema\/logo\/image\/\"}}]}<\/script>\n<!-- \/ Yoast SEO plugin. -->","yoast_head_json":{"title":"Automaatne akulaadija KS-B2A - Genekas24","description":"KS B2A automaatlaadija 6V\/12V akudele, kaitstud \u00fclekuumenemise ja l\u00fchise eest, kuvab andmeid ekraanil reaalajas.","robots":{"index":"index","follow":"follow","max-snippet":"max-snippet:-1","max-image-preview":"max-image-preview:large","max-video-preview":"max-video-preview:-1"},"canonical":"https:\/\/staging.genekas24.ee\/fi\/tuote\/automaatne-akulaadija-ks-b2a\/","og_locale":"fi_FI","og_type":"article","og_title":"Automaatne akulaadija KS-B2A - Genekas24","og_description":"KS B2A automaatlaadija 6V\/12V akudele, kaitstud \u00fclekuumenemise ja l\u00fchise eest, kuvab andmeid ekraanil reaalajas.","og_url":"https:\/\/staging.genekas24.ee\/fi\/tuote\/automaatne-akulaadija-ks-b2a\/","og_site_name":"Genekas24","article_modified_time":"2025-12-02T09:59:48+00:00","og_image":[{"width":1600,"height":1200,"url":"https:\/\/staging.genekas24.ee\/wp-content\/uploads\/2024\/11\/ks-b2a-en.jpg","type":"image\/jpeg"}],"twitter_card":"summary_large_image","twitter_misc":{"Arvioitu lukuaika":"1 minuutti"},"schema":{"@context":"https:\/\/schema.org","@graph":[{"@type":"WebPage","@id":"https:\/\/staging.genekas24.ee\/toode\/automaatne-akulaadija-ks-b2a\/","url":"https:\/\/staging.genekas24.ee\/toode\/automaatne-akulaadija-ks-b2a\/","name":"Automaatne akulaadija KS-B2A - Genekas24","isPartOf":{"@id":"https:\/\/staging.genekas24.ee\/#website"},"primaryImageOfPage":{"@id":"https:\/\/staging.genekas24.ee\/toode\/automaatne-akulaadija-ks-b2a\/#primaryimage"},"image":{"@id":"https:\/\/staging.genekas24.ee\/toode\/automaatne-akulaadija-ks-b2a\/#primaryimage"},"thumbnailUrl":"https:\/\/staging.genekas24.ee\/wp-content\/uploads\/2024\/11\/ks-b2a-en.jpg","datePublished":"2024-12-04T10:29:30+00:00","dateModified":"2025-12-02T09:59:48+00:00","description":"KS B2A automaatlaadija 6V\/12V akudele, kaitstud \u00fclekuumenemise ja l\u00fchise eest, kuvab andmeid ekraanil reaalajas.","breadcrumb":{"@id":"https:\/\/staging.genekas24.ee\/toode\/automaatne-akulaadija-ks-b2a\/#breadcrumb"},"inLanguage":"fi","potentialAction":[{"@type":"ReadAction","target":["https:\/\/staging.genekas24.ee\/toode\/automaatne-akulaadija-ks-b2a\/"]}]},{"@type":"ImageObject","inLanguage":"fi","@id":"https:\/\/staging.genekas24.ee\/toode\/automaatne-akulaadija-ks-b2a\/#primaryimage","url":"https:\/\/staging.genekas24.ee\/wp-content\/uploads\/2024\/11\/ks-b2a-en.jpg","contentUrl":"https:\/\/staging.genekas24.ee\/wp-content\/uploads\/2024\/11\/ks-b2a-en.jpg","width":1600,"height":1200},{"@type":"BreadcrumbList","@id":"https:\/\/staging.genekas24.ee\/toode\/automaatne-akulaadija-ks-b2a\/#breadcrumb","itemListElement":[{"@type":"ListItem","position":1,"name":"Home","item":"https:\/\/staging.genekas24.ee\/"},{"@type":"ListItem","position":2,"name":"Pood","item":"https:\/\/staging.genekas24.ee\/pood\/"},{"@type":"ListItem","position":3,"name":"Automaatne akulaadija KS-B2A"}]},{"@type":"WebSite","@id":"https:\/\/staging.genekas24.ee\/#website","url":"https:\/\/staging.genekas24.ee\/","name":"Genekas24","description":"Generaatorid | K&ouml;nner S&ouml;hnen tooted | Genekas24","publisher":{"@id":"https:\/\/staging.genekas24.ee\/#organization"},"potentialAction":[{"@type":"SearchAction","target":{"@type":"EntryPoint","urlTemplate":"https:\/\/staging.genekas24.ee\/?s={search_term_string}"},"query-input":{"@type":"PropertyValueSpecification","valueRequired":true,"valueName":"search_term_string"}}],"inLanguage":"fi"},{"@type":"Organization","@id":"https:\/\/staging.genekas24.ee\/#organization","name":"Genekas24","url":"https:\/\/staging.genekas24.ee\/","logo":{"@type":"ImageObject","inLanguage":"fi","@id":"https:\/\/staging.genekas24.ee\/#\/schema\/logo\/image\/","url":"https:\/\/staging.genekas24.ee\/wp-content\/uploads\/2026\/01\/genekas24-logo_black.svg","contentUrl":"https:\/\/staging.genekas24.ee\/wp-content\/uploads\/2026\/01\/genekas24-logo_black.svg","width":840,"height":131,"caption":"Genekas24"},"image":{"@id":"https:\/\/staging.genekas24.ee\/#\/schema\/logo\/image\/"}}]}},"_links":{"self":[{"href":"https:\/\/staging.genekas24.ee\/fi\/wp-json\/wp\/v2\/product\/17099","targetHints":{"allow":["GET"]}}],"collection":[{"href":"https:\/\/staging.genekas24.ee\/fi\/wp-json\/wp\/v2\/product"}],"about":[{"href":"https:\/\/staging.genekas24.ee\/fi\/wp-json\/wp\/v2\/types\/product"}],"version-history":[{"count":12,"href":"https:\/\/staging.genekas24.ee\/fi\/wp-json\/wp\/v2\/product\/17099\/revisions"}],"predecessor-version":[{"id":20739,"href":"https:\/\/staging.genekas24.ee\/fi\/wp-json\/wp\/v2\/product\/17099\/revisions\/20739"}],"wp:featuredmedia":[{"embeddable":true,"href":"https:\/\/staging.genekas24.ee\/fi\/wp-json\/wp\/v2\/media\/16976"}],"wp:attachment":[{"href":"https:\/\/staging.genekas24.ee\/fi\/wp-json\/wp\/v2\/media?parent=17099"}],"wp:term":[{"taxonomy":"product_brand","embeddable":true,"href":"https:\/\/staging.genekas24.ee\/fi\/wp-json\/wp\/v2\/product_brand?post=17099"},{"taxonomy":"product_cat","embeddable":true,"href":"https:\/\/staging.genekas24.ee\/fi\/wp-json\/wp\/v2\/product_cat?post=17099"},{"taxonomy":"product_tag","embeddable":true,"href":"https:\/\/staging.genekas24.ee\/fi\/wp-json\/wp\/v2\/product_tag?post=17099"}],"curies":[{"name":"wp","href":"https:\/\/api.w.org\/{rel}","templated":true}]}}