{"id":17039,"date":"2024-12-02T18:04:16","date_gmt":"2024-12-02T18:04:16","guid":{"rendered":"https:\/\/staging.genekas24.ee\/?post_type=product&#038;p=17039"},"modified":"2025-12-22T15:22:15","modified_gmt":"2025-12-22T15:22:15","slug":"invertergeneraator-f-2001-is","status":"publish","type":"product","link":"https:\/\/staging.genekas24.ee\/fi\/tuote\/invertergeneraator-f-2001-is\/","title":{"rendered":"Invertterigeneraattori F 2001 iS"},"content":{"rendered":"<p>Fogo generaatorid tagavad pika ja t\u00f5husa t\u00f6\u00f6. Generaatorid on kavandatud ja valmistatud k\u00f5rgeima kvaliteediga komponentide p\u00f5hjal, t\u00e4ites rangeid standardite ja eeskirjade n\u00f5udeid. K\u00f5rge tootmiskvaliteet saavutatakse automatiseeritud ja robotiseeritud tootmisprotsessidest.<\/p>\n<p>Bensiinigeneraatori F 2001 iS k\u00fctuse s\u00e4\u00e4stufunktsioon v\u00e4hendab mootori p\u00f6\u00f6rlemiskiirust madalal koormusel. Lisaks on kahe F 2001 iS seadme s\u00fcnkroonimise v\u00f5imalus. Standardvarustusse kuulub \u00fclekoormuskaitse, \u00fclekoormuse signaalimine, madala \u00f5litaseme hoiatusdiood ning kaablid aku laadimiseks 12 V 8,3 A.<\/p>","protected":false},"excerpt":{"rendered":"<table style=\"width: 100%; height: 744px;\">\n<tbody>\n<tr class=\"even\" style=\"height: 24px;\">\n<td style=\"height: 24px;\" width=\"60%\">J\u00e4nnite<\/td>\n<td style=\"height: 24px;\">230<\/td>\n<\/tr>\n<tr class=\"odd\" style=\"height: 24px;\">\n<td style=\"height: 24px;\">\n<div class=\"col-xs-6\">Suurin teho, kW<\/div>\n<\/td>\n<td style=\"height: 24px;\">2.0<\/td>\n<\/tr>\n<tr class=\"even\" style=\"height: 24px;\">\n<td style=\"height: 24px;\">\n<div class=\"col-xs-6\">Nimellisteho, kW<\/div>\n<\/td>\n<td style=\"height: 24px;\">1.8<\/td>\n<\/tr>\n<tr class=\"odd\" style=\"height: 24px;\">\n<td style=\"height: 24px;\">\n<div class=\"col-xs-6\">Taajuus, Hz<\/div>\n<\/td>\n<td style=\"height: 24px;\">50<\/td>\n<\/tr>\n<tr class=\"even\" style=\"height: 24px;\">\n<td style=\"height: 24px;\">\n<div class=\"col-xs-6\">Virta (max.), A<\/div>\n<\/td>\n<td style=\"height: 24px;\">7.8<\/td>\n<\/tr>\n<tr class=\"odd\" style=\"height: 48px;\">\n<td style=\"height: 48px;\">L\u00e4hd\u00f6t<\/td>\n<td style=\"height: 48px;\">\n<div class=\"attribute row\">\n<div class=\"col-xs-6\">2 x 230 V 16 AV<\/div>\n<div class=\"col-xs-6\"><\/div>\n<\/div>\n<\/td>\n<\/tr>\n<tr class=\"odd\" style=\"height: 24px;\">\n<td style=\"height: 24px;\">\n<div class=\"col-xs-6\">Polttoaines\u00e4ili\u00f6n tilavuus, L<\/div>\n<\/td>\n<td style=\"height: 24px;\">4<\/td>\n<\/tr>\n<tr class=\"even\" style=\"height: 24px;\">\n<td style=\"height: 24px;\">\n<div class=\"col-xs-6\">Keskmine t\u00f6\u00f6aeg (power 50% \/ 100%), l\/ h***<\/div>\n<\/td>\n<td style=\"height: 24px;\">0,67<\/td>\n<\/tr>\n<tr class=\"odd\" style=\"height: 48px;\">\n<td style=\"height: 48px;\">\n<div class=\"col-xs-6\">LED-n\u00e4ytt\u00f6<\/div>\n<\/td>\n<td style=\"height: 48px;\">\n<div class=\"col-xs-6\">&#8211;<\/div>\n<\/td>\n<\/tr>\n<tr class=\"even\" style=\"height: 24px;\">\n<td style=\"height: 24px;\">\n<div class=\"col-xs-6\">M\u00fcratase Lwa, dB (A)<\/div>\n<\/td>\n<td style=\"height: 24px;\">\n<div class=\"attribute row\">\n<div class=\"col-xs-6\">91<\/div>\n<\/div>\n<\/td>\n<\/tr>\n<tr class=\"even\" style=\"height: 72px;\">\n<td style=\"height: 72px;\">\n<div class=\"col-xs-6\">Moottorityyppi<\/div>\n<\/td>\n<td style=\"height: 72px;\">\n<div class=\"attribute row\">\n<div class=\"col-xs-6\">\u00dchesilindriline bensiinimootor, neljataktilise \u00f5hujahutusega<\/div>\n<\/div>\n<\/td>\n<\/tr>\n<tr class=\"odd\" style=\"height: 24px;\">\n<td style=\"height: 24px;\">\n<div class=\"col-xs-6\">Moottorin malli<\/div>\n<\/td>\n<td style=\"height: 24px;\">\n<div class=\"attribute row\">\n<div class=\"col-xs-6\">R 80I<\/div>\n<\/div>\n<\/td>\n<\/tr>\n<tr class=\"even\" style=\"height: 24px;\">\n<td style=\"height: 24px;\">\n<div class=\"col-xs-6\">Moottorin sylinteritilavuus, cm3<\/div>\n<\/td>\n<td style=\"height: 24px;\">79.9<\/td>\n<\/tr>\n<tr class=\"even\" style=\"height: 24px;\">\n<td style=\"height: 24px;\">\n<div class=\"col-xs-6\">Kampikammion tilavuus, L<\/div>\n<\/td>\n<td style=\"height: 24px;\">0.35<\/td>\n<\/tr>\n<tr class=\"odd\" style=\"height: 24px;\">\n<td style=\"height: 24px;\">\n<div class=\"col-xs-6\">Moottorin k\u00e4ynnistys<\/div>\n<\/td>\n<td style=\"height: 24px;\">\n<div class=\"attribute row\">\n<div class=\"col-xs-6\">Manuaalinen<\/div>\n<\/div>\n<\/td>\n<\/tr>\n<tr class=\"odd\" style=\"height: 24px;\">\n<td style=\"height: 24px;\">\n<div class=\"col-xs-6\">Suojausluokka<\/div>\n<\/td>\n<td style=\"height: 24px;\">\n<div class=\"attribute row\">\n<div class=\"col-xs-6\">IP23<\/div>\n<\/div>\n<\/td>\n<\/tr>\n<tr style=\"height: 24px;\">\n<td style=\"height: 24px;\">Neto m\u00f5\u00f5dud (PxLxK),? mm<\/td>\n<td style=\"height: 24px;\">498x290x459<\/td>\n<\/tr>\n<tr style=\"height: 24px;\">\n<td style=\"height: 24px;\">Nettopaino, kg<\/td>\n<td style=\"height: 24px;\">22<\/td>\n<\/tr>\n<\/tbody>\n<\/table>\n<p>***Polttoaineenkulutus riippuu monista tekij\u00f6ist\u00e4, kuten kuormituksesta, polttoaineen laadusta, vuodenajasta, korkeudesta, generaattorin teknisest\u00e4 kunnosta.<\/p>\n<p>Toodetud Poolas.<\/p>","protected":false},"featured_media":17742,"template":"","meta":{"_acf_changed":false,"inline_featured_image":false},"product_brand":[],"product_cat":[179,94,23],"product_tag":[],"class_list":{"0":"post-17039","1":"product","2":"type-product","3":"status-publish","4":"has-post-thumbnail","6":"product_cat-allahinnatud","7":"product_cat-generaatorid","8":"product_cat-invertergeneraatorid","9":"brand-fogo","11":"first","12":"instock","13":"sale","14":"taxable","15":"shipping-taxable","16":"purchasable","17":"product-type-simple"},"acf":[],"yoast_head":"<!-- This site is optimized with the Yoast SEO plugin v26.2 - https:\/\/yoast.com\/wordpress\/plugins\/seo\/ -->\n<title>Invertergeneraator F 2001 iS - Genekas24<\/title>\n<meta name=\"robots\" content=\"index, follow, max-snippet:-1, max-image-preview:large, max-video-preview:-1\" \/>\n<link rel=\"canonical\" href=\"https:\/\/staging.genekas24.ee\/fi\/tuote\/invertergeneraator-f-2001-is\/\" \/>\n<meta property=\"og:locale\" content=\"fi_FI\" \/>\n<meta property=\"og:type\" content=\"article\" \/>\n<meta property=\"og:title\" content=\"Invertergeneraator F 2001 iS - Genekas24\" \/>\n<meta property=\"og:description\" content=\"Pinge 230    Max v\u00f5imsus, kW 2.0    Nominaalne v\u00f5imsus, kW 1.8    Sagedus, Hz 50    Vool (max), \u0410 7.8   Pistikupesad   2 x 230 V 16 AV      K\u00fctusepaagi maht, l 4    Keskmine t\u00f6\u00f6aeg (power 50% \/ 100%), l\/ h*** 0,67    LED-ekraan  -    M\u00fcratase Lwa, dB (A)   91     Mootori t\u00fc\u00fcp   \u00dchesilindriline bensiinimootor, neljataktilise \u00f5hujahutusega     Mootori mudel   R 80I     Mootori silindri t\u00f6\u00f6maht, cm3 79.9    Karteri maht, l 0.35    Mootori k\u00e4ivitamine   Manuaalne     Kaitseklass   IP23    Neto m\u00f5\u00f5dud (PxLxK),? mm 498x290x459   Netokaal, kg 22    *** K\u00fctusekulu s\u00f5ltub paljudest teguritest: nagu koormus, k\u00fctuse kvaliteet, aastaaeg, k\u00f5rgus merepinnast, generaatori tehniline seisukord.  Toodetud Poolas.\" \/>\n<meta property=\"og:url\" content=\"https:\/\/staging.genekas24.ee\/fi\/tuote\/invertergeneraator-f-2001-is\/\" \/>\n<meta property=\"og:site_name\" content=\"Genekas24\" \/>\n<meta property=\"article:modified_time\" content=\"2025-12-22T15:22:15+00:00\" \/>\n<meta property=\"og:image\" content=\"https:\/\/staging.genekas24.ee\/wp-content\/uploads\/2024\/12\/F2001-iS.png\" \/>\n\t<meta property=\"og:image:width\" content=\"1459\" \/>\n\t<meta property=\"og:image:height\" content=\"834\" \/>\n\t<meta property=\"og:image:type\" content=\"image\/png\" \/>\n<meta name=\"twitter:card\" content=\"summary_large_image\" \/>\n<meta name=\"twitter:label1\" content=\"Arvioitu lukuaika\" \/>\n\t<meta name=\"twitter:data1\" content=\"1 minuutti\" \/>\n<script type=\"application\/ld+json\" class=\"yoast-schema-graph\">{\"@context\":\"https:\/\/schema.org\",\"@graph\":[{\"@type\":\"WebPage\",\"@id\":\"https:\/\/staging.genekas24.ee\/toode\/invertergeneraator-f-2001-is\/\",\"url\":\"https:\/\/staging.genekas24.ee\/toode\/invertergeneraator-f-2001-is\/\",\"name\":\"Invertergeneraator F 2001 iS - Genekas24\",\"isPartOf\":{\"@id\":\"https:\/\/staging.genekas24.ee\/#website\"},\"primaryImageOfPage\":{\"@id\":\"https:\/\/staging.genekas24.ee\/toode\/invertergeneraator-f-2001-is\/#primaryimage\"},\"image\":{\"@id\":\"https:\/\/staging.genekas24.ee\/toode\/invertergeneraator-f-2001-is\/#primaryimage\"},\"thumbnailUrl\":\"https:\/\/staging.genekas24.ee\/wp-content\/uploads\/2024\/12\/F2001-iS.png\",\"datePublished\":\"2024-12-02T18:04:16+00:00\",\"dateModified\":\"2025-12-22T15:22:15+00:00\",\"breadcrumb\":{\"@id\":\"https:\/\/staging.genekas24.ee\/toode\/invertergeneraator-f-2001-is\/#breadcrumb\"},\"inLanguage\":\"fi\",\"potentialAction\":[{\"@type\":\"ReadAction\",\"target\":[\"https:\/\/staging.genekas24.ee\/toode\/invertergeneraator-f-2001-is\/\"]}]},{\"@type\":\"ImageObject\",\"inLanguage\":\"fi\",\"@id\":\"https:\/\/staging.genekas24.ee\/toode\/invertergeneraator-f-2001-is\/#primaryimage\",\"url\":\"https:\/\/staging.genekas24.ee\/wp-content\/uploads\/2024\/12\/F2001-iS.png\",\"contentUrl\":\"https:\/\/staging.genekas24.ee\/wp-content\/uploads\/2024\/12\/F2001-iS.png\",\"width\":1459,\"height\":834},{\"@type\":\"BreadcrumbList\",\"@id\":\"https:\/\/staging.genekas24.ee\/toode\/invertergeneraator-f-2001-is\/#breadcrumb\",\"itemListElement\":[{\"@type\":\"ListItem\",\"position\":1,\"name\":\"Home\",\"item\":\"https:\/\/staging.genekas24.ee\/\"},{\"@type\":\"ListItem\",\"position\":2,\"name\":\"Pood\",\"item\":\"https:\/\/staging.genekas24.ee\/pood\/\"},{\"@type\":\"ListItem\",\"position\":3,\"name\":\"Invertergeneraator F 2001 iS\"}]},{\"@type\":\"WebSite\",\"@id\":\"https:\/\/staging.genekas24.ee\/#website\",\"url\":\"https:\/\/staging.genekas24.ee\/\",\"name\":\"Genekas24\",\"description\":\"Generaatorid | K&ouml;nner S&ouml;hnen tooted | Genekas24\",\"publisher\":{\"@id\":\"https:\/\/staging.genekas24.ee\/#organization\"},\"potentialAction\":[{\"@type\":\"SearchAction\",\"target\":{\"@type\":\"EntryPoint\",\"urlTemplate\":\"https:\/\/staging.genekas24.ee\/?s={search_term_string}\"},\"query-input\":{\"@type\":\"PropertyValueSpecification\",\"valueRequired\":true,\"valueName\":\"search_term_string\"}}],\"inLanguage\":\"fi\"},{\"@type\":\"Organization\",\"@id\":\"https:\/\/staging.genekas24.ee\/#organization\",\"name\":\"Genekas24\",\"url\":\"https:\/\/staging.genekas24.ee\/\",\"logo\":{\"@type\":\"ImageObject\",\"inLanguage\":\"fi\",\"@id\":\"https:\/\/staging.genekas24.ee\/#\/schema\/logo\/image\/\",\"url\":\"https:\/\/staging.genekas24.ee\/wp-content\/uploads\/2026\/01\/genekas24-logo_black.svg\",\"contentUrl\":\"https:\/\/staging.genekas24.ee\/wp-content\/uploads\/2026\/01\/genekas24-logo_black.svg\",\"width\":840,\"height\":131,\"caption\":\"Genekas24\"},\"image\":{\"@id\":\"https:\/\/staging.genekas24.ee\/#\/schema\/logo\/image\/\"}}]}<\/script>\n<!-- \/ Yoast SEO plugin. -->","yoast_head_json":{"title":"Invertergeneraator F 2001 iS - Genekas24","robots":{"index":"index","follow":"follow","max-snippet":"max-snippet:-1","max-image-preview":"max-image-preview:large","max-video-preview":"max-video-preview:-1"},"canonical":"https:\/\/staging.genekas24.ee\/fi\/tuote\/invertergeneraator-f-2001-is\/","og_locale":"fi_FI","og_type":"article","og_title":"Invertergeneraator F 2001 iS - Genekas24","og_description":"Pinge 230    Max v\u00f5imsus, kW 2.0    Nominaalne v\u00f5imsus, kW 1.8    Sagedus, Hz 50    Vool (max), \u0410 7.8   Pistikupesad   2 x 230 V 16 AV      K\u00fctusepaagi maht, l 4    Keskmine t\u00f6\u00f6aeg (power 50% \/ 100%), l\/ h*** 0,67    LED-ekraan  -    M\u00fcratase Lwa, dB (A)   91     Mootori t\u00fc\u00fcp   \u00dchesilindriline bensiinimootor, neljataktilise \u00f5hujahutusega     Mootori mudel   R 80I     Mootori silindri t\u00f6\u00f6maht, cm3 79.9    Karteri maht, l 0.35    Mootori k\u00e4ivitamine   Manuaalne     Kaitseklass   IP23    Neto m\u00f5\u00f5dud (PxLxK),? mm 498x290x459   Netokaal, kg 22    *** K\u00fctusekulu s\u00f5ltub paljudest teguritest: nagu koormus, k\u00fctuse kvaliteet, aastaaeg, k\u00f5rgus merepinnast, generaatori tehniline seisukord.  Toodetud Poolas.","og_url":"https:\/\/staging.genekas24.ee\/fi\/tuote\/invertergeneraator-f-2001-is\/","og_site_name":"Genekas24","article_modified_time":"2025-12-22T15:22:15+00:00","og_image":[{"width":1459,"height":834,"url":"https:\/\/staging.genekas24.ee\/wp-content\/uploads\/2024\/12\/F2001-iS.png","type":"image\/png"}],"twitter_card":"summary_large_image","twitter_misc":{"Arvioitu lukuaika":"1 minuutti"},"schema":{"@context":"https:\/\/schema.org","@graph":[{"@type":"WebPage","@id":"https:\/\/staging.genekas24.ee\/toode\/invertergeneraator-f-2001-is\/","url":"https:\/\/staging.genekas24.ee\/toode\/invertergeneraator-f-2001-is\/","name":"Invertergeneraator F 2001 iS - Genekas24","isPartOf":{"@id":"https:\/\/staging.genekas24.ee\/#website"},"primaryImageOfPage":{"@id":"https:\/\/staging.genekas24.ee\/toode\/invertergeneraator-f-2001-is\/#primaryimage"},"image":{"@id":"https:\/\/staging.genekas24.ee\/toode\/invertergeneraator-f-2001-is\/#primaryimage"},"thumbnailUrl":"https:\/\/staging.genekas24.ee\/wp-content\/uploads\/2024\/12\/F2001-iS.png","datePublished":"2024-12-02T18:04:16+00:00","dateModified":"2025-12-22T15:22:15+00:00","breadcrumb":{"@id":"https:\/\/staging.genekas24.ee\/toode\/invertergeneraator-f-2001-is\/#breadcrumb"},"inLanguage":"fi","potentialAction":[{"@type":"ReadAction","target":["https:\/\/staging.genekas24.ee\/toode\/invertergeneraator-f-2001-is\/"]}]},{"@type":"ImageObject","inLanguage":"fi","@id":"https:\/\/staging.genekas24.ee\/toode\/invertergeneraator-f-2001-is\/#primaryimage","url":"https:\/\/staging.genekas24.ee\/wp-content\/uploads\/2024\/12\/F2001-iS.png","contentUrl":"https:\/\/staging.genekas24.ee\/wp-content\/uploads\/2024\/12\/F2001-iS.png","width":1459,"height":834},{"@type":"BreadcrumbList","@id":"https:\/\/staging.genekas24.ee\/toode\/invertergeneraator-f-2001-is\/#breadcrumb","itemListElement":[{"@type":"ListItem","position":1,"name":"Home","item":"https:\/\/staging.genekas24.ee\/"},{"@type":"ListItem","position":2,"name":"Pood","item":"https:\/\/staging.genekas24.ee\/pood\/"},{"@type":"ListItem","position":3,"name":"Invertergeneraator F 2001 iS"}]},{"@type":"WebSite","@id":"https:\/\/staging.genekas24.ee\/#website","url":"https:\/\/staging.genekas24.ee\/","name":"Genekas24","description":"Generaatorid | K&ouml;nner S&ouml;hnen tooted | Genekas24","publisher":{"@id":"https:\/\/staging.genekas24.ee\/#organization"},"potentialAction":[{"@type":"SearchAction","target":{"@type":"EntryPoint","urlTemplate":"https:\/\/staging.genekas24.ee\/?s={search_term_string}"},"query-input":{"@type":"PropertyValueSpecification","valueRequired":true,"valueName":"search_term_string"}}],"inLanguage":"fi"},{"@type":"Organization","@id":"https:\/\/staging.genekas24.ee\/#organization","name":"Genekas24","url":"https:\/\/staging.genekas24.ee\/","logo":{"@type":"ImageObject","inLanguage":"fi","@id":"https:\/\/staging.genekas24.ee\/#\/schema\/logo\/image\/","url":"https:\/\/staging.genekas24.ee\/wp-content\/uploads\/2026\/01\/genekas24-logo_black.svg","contentUrl":"https:\/\/staging.genekas24.ee\/wp-content\/uploads\/2026\/01\/genekas24-logo_black.svg","width":840,"height":131,"caption":"Genekas24"},"image":{"@id":"https:\/\/staging.genekas24.ee\/#\/schema\/logo\/image\/"}}]}},"_links":{"self":[{"href":"https:\/\/staging.genekas24.ee\/fi\/wp-json\/wp\/v2\/product\/17039","targetHints":{"allow":["GET"]}}],"collection":[{"href":"https:\/\/staging.genekas24.ee\/fi\/wp-json\/wp\/v2\/product"}],"about":[{"href":"https:\/\/staging.genekas24.ee\/fi\/wp-json\/wp\/v2\/types\/product"}],"version-history":[{"count":13,"href":"https:\/\/staging.genekas24.ee\/fi\/wp-json\/wp\/v2\/product\/17039\/revisions"}],"predecessor-version":[{"id":19472,"href":"https:\/\/staging.genekas24.ee\/fi\/wp-json\/wp\/v2\/product\/17039\/revisions\/19472"}],"wp:featuredmedia":[{"embeddable":true,"href":"https:\/\/staging.genekas24.ee\/fi\/wp-json\/wp\/v2\/media\/17742"}],"wp:attachment":[{"href":"https:\/\/staging.genekas24.ee\/fi\/wp-json\/wp\/v2\/media?parent=17039"}],"wp:term":[{"taxonomy":"product_brand","embeddable":true,"href":"https:\/\/staging.genekas24.ee\/fi\/wp-json\/wp\/v2\/product_brand?post=17039"},{"taxonomy":"product_cat","embeddable":true,"href":"https:\/\/staging.genekas24.ee\/fi\/wp-json\/wp\/v2\/product_cat?post=17039"},{"taxonomy":"product_tag","embeddable":true,"href":"https:\/\/staging.genekas24.ee\/fi\/wp-json\/wp\/v2\/product_tag?post=17039"}],"curies":[{"name":"wp","href":"https:\/\/api.w.org\/{rel}","templated":true}]}}