{"id":16600,"date":"2024-07-08T09:26:05","date_gmt":"2024-07-08T09:26:05","guid":{"rendered":"https:\/\/staging.genekas24.ee\/?post_type=product&#038;p=16600"},"modified":"2025-12-31T11:19:08","modified_gmt":"2025-12-31T11:19:08","slug":"invertergeneraator-ks-5500ieg-s","status":"publish","type":"product","link":"https:\/\/staging.genekas24.ee\/fi\/tuote\/inverter-generator-ks-5500ieg-s\/","title":{"rendered":"Invertterigeneraattori KS 5500iEG S"},"content":{"rendered":"<p>The KS 5500iEG S LPG\/gasoline inverter generator of the German brand \u201cK\u00f6nner &amp; S\u00f6hnen\u201d is a convenient and compact source of electric power with a low noise level. One of the main features of this model is that it produces electric current with the pure sine wave.<\/p>\n<p>All models are based on robust engines, which meet all European quality standards, including EURO V. Engines of K&amp;S inverter generators have an Economy mode, which allows using the generator at low speeds and reduces fuel consumption by up to 50%. Alternator with copper winding and high-performance K&amp;S engine guarantee trouble-free and long-term operation and meet all European quality standards. The LED display makes it possible to monitor the operation of the generator and to carry out its maintenance in time.<\/p>\n<p>&nbsp;<\/p>\n<table>\n<tbody>\n<tr class=\"even\">\n<td><img fetchpriority=\"high\" decoding=\"async\" class=\"alignnone size-medium wp-image-2888\" src=\"https:\/\/staging.genekas24.ee\/wp-content\/uploads\/2021\/12\/Pure-sine-wave-300x237.jpg\" alt=\"\" width=\"300\" height=\"237\" \/><\/td>\n<td><strong>POWER DELIVERY -TEHONTUOTTO<\/strong><\/p>\n<p>Sis\u00e4\u00e4nrakennettu mikroprosessoriohjauksella varustettu elektroninen yksikk\u00f6 valvoo generaattorin toimintaa ja tarjoaa vakaan 230 V:n 50 Hz:n sinimuotoisen l\u00e4ht\u00f6j\u00e4nnitteen, joka soveltuu herk\u00e4n elektroniikan luotettavaan toimintaan.<\/td>\n<\/tr>\n<tr class=\"even\">\n<td><img decoding=\"async\" class=\"alignnone size-medium wp-image-2935\" src=\"https:\/\/staging.genekas24.ee\/wp-content\/uploads\/2022\/12\/ks_4000ieg_s_lpg.jpg\" alt=\"\" width=\"300\" height=\"236\" \/><\/td>\n<td><strong>NESTEKAASU\/BENSIINI<\/strong><\/p>\n<p>Generaattori k\u00e4y sek\u00e4 bensiinill\u00e4 ett\u00e4 nesteytetyll\u00e4 kaasulla (propaani-butaani) ja sis\u00e4lt\u00e4\u00e4 kaiken sis\u00e4lt\u00e4\u00e4 kaiken tarvittavan nestekaasun k\u00e4ytt\u00e4miseen polttoaineena: supistajalla varustetun letkun, joka mahdollistaa kaasupullon luotettavan liitt\u00e4misen generaattoriin.. Liit\u00e4t vain generaattorin kaasupulloon ja k\u00e4ynnist\u00e4t moottorin.<\/td>\n<\/tr>\n<tr class=\"even\">\n<td><img decoding=\"async\" class=\"alignnone size-medium wp-image-2941\" src=\"https:\/\/staging.genekas24.ee\/wp-content\/uploads\/2022\/12\/gas-holder_macro.png\" alt=\"\" width=\"300\" height=\"300\" \/><\/td>\n<td><strong>MONIPUOLISET K\u00c4YTT\u00d6MAHDOLLISUUDET<\/strong><\/p>\n<p>Voit k\u00e4ytt\u00e4\u00e4 generaattoria sek\u00e4 kannettavalla kaasupullolla ett\u00e4 kiinte\u00e4ll\u00e4 kaasus\u00e4ili\u00f6ll\u00e4. Liit\u00e4nt\u00e4 tulee antaa sertifioidun asiantuntijan teht\u00e4v\u00e4ksi. Sy\u00f6tt\u00f6j\u00e4rjestelm\u00e4n paine saa olla enint\u00e4\u00e4n 16 bar.<\/td>\n<\/tr>\n<tr class=\"even\">\n<td><img loading=\"lazy\" decoding=\"async\" class=\"alignnone size-medium wp-image-2913\" src=\"https:\/\/staging.genekas24.ee\/wp-content\/uploads\/2022\/12\/ks_4000ieg_s_noise.jpg\" alt=\"\" width=\"300\" height=\"300\" \/><\/td>\n<td><strong>ALHAINEN MELUTASO<\/strong><\/p>\n<p>Erityisen suojakotelon ansiosta minimimelutaso on 66 dB ja laitteen k\u00e4ytt\u00f6 mahdollisimman k\u00e4tev\u00e4\u00e4 ja muita h\u00e4iritsem\u00e4t\u00f6nt\u00e4.<\/td>\n<\/tr>\n<tr class=\"even\">\n<td><img loading=\"lazy\" decoding=\"async\" class=\"alignnone size-medium wp-image-2901\" src=\"https:\/\/staging.genekas24.ee\/wp-content\/uploads\/2022\/12\/ks_4000ieg_s_eco.png\" alt=\"\" width=\"300\" height=\"270\" \/><\/td>\n<td><strong>ECONOMY-TILA<\/strong><\/p>\n<p>Ergonomisessa ohjauspaneelissa on polttoainetaloudellisen tilan kytkin. T\u00e4m\u00e4 tila v\u00e4hent\u00e4\u00e4 polttoaineenkulutusta jopa 50 % pienill\u00e4 kuormituksilla moottorin alhaisemman kierrosluvun ansiosta.<\/td>\n<\/tr>\n<tr class=\"odd\">\n<td><img loading=\"lazy\" decoding=\"async\" class=\"alignnone size-medium wp-image-2894\" src=\"https:\/\/staging.genekas24.ee\/wp-content\/uploads\/2021\/12\/robust-engine-300x300.png\" alt=\"\" width=\"300\" height=\"300\" \/><\/td>\n<td><strong>KEST\u00c4V\u00c4 MOOTTORI<\/strong><\/p>\n<p>Luotettava K\u00f6nner &amp; S\u00f6hnen -moottori on tavanomaista kest\u00e4v\u00e4mpi, joten se takaa pitk\u00e4n ja vakaan k\u00e4yt\u00f6n, ja se t\u00e4ytt\u00e4\u00e4 kaikki eurooppalaiset laatustandardit, EURO V mukaan lukien.<\/td>\n<\/tr>\n<tr class=\"odd\">\n<td><img loading=\"lazy\" decoding=\"async\" class=\"alignnone size-medium wp-image-2907\" src=\"https:\/\/staging.genekas24.ee\/wp-content\/uploads\/2022\/12\/KS_4000iEG_S_panel.jpg\" alt=\"\" width=\"300\" height=\"300\" \/><\/td>\n<td><strong>ERGONOMINEN OHJAUSPANEELI<\/strong><\/p>\n<p>Kaikkien toimintojen k\u00e4tev\u00e4 sijainti: LED-monitoimin\u00e4ytt\u00f6 (k\u00e4ytt\u00f6tuntimittari, taajuus, j\u00e4nnite), k\u00e4ytt\u00f6tilan osoitin, ylikuormitus- ja oikosulkusuoja, v\u00e4h\u00e4isen \u00f6ljym\u00e4\u00e4r\u00e4n anturi, nollauspainike ohjausj\u00e4rjestelm\u00e4n nollaamiseen ja j\u00e4nnitteensy\u00f6t\u00f6n palauttamiseen, liitin generaattorien rinnankytkent\u00e4\u00e4n, kaksi USB-l\u00e4ht\u00f6\u00e4 (5 V \/ 1 A, 5 V \/ 2,1 A) erilaisille laitteille, 230 V:n pistorasiat ja maadoitusliitin.<\/td>\n<\/tr>\n<tr class=\"odd\">\n<td><img loading=\"lazy\" decoding=\"async\" class=\"alignnone size-medium wp-image-2919\" src=\"https:\/\/staging.genekas24.ee\/wp-content\/uploads\/2022\/12\/alternator-inverter.png\" alt=\"\" width=\"300\" height=\"260\" \/><\/td>\n<td><strong>LAADUKAS VAIHTOVIRTALATURI<\/strong><\/p>\n<p>K\u00f6nner &amp; S\u00f6hnen -generaattorit on varustettu tehokkaalla synkronisella vaihtovirtalaturilla, jossa on t\u00e4yskuparinen k\u00e4\u00e4mitys. T\u00e4m\u00e4 on ainoa kuparik\u00e4\u00e4mitys, joka kest\u00e4\u00e4 maksimikuormat vaurioitta, mik\u00e4 takaa generaattorin pitk\u00e4aikaisen luotettavan toiminnan.<\/td>\n<\/tr>\n<tr class=\"even\">\n<td><img loading=\"lazy\" decoding=\"async\" class=\"alignnone size-medium wp-image-2925\" src=\"https:\/\/staging.genekas24.ee\/wp-content\/uploads\/2022\/12\/ks_4000ieg_s_parallel.png\" alt=\"\" width=\"300\" height=\"300\" \/><\/td>\n<td class=\"accessories-block\">\n<p class=\"h3\"><strong><span style=\"font-family: inherit; font-size: inherit;\">RINNANKYTKENT\u00c4<\/span><\/strong><\/p>\n<div id=\"text-64\" class=\"widget widget_text widget-shortcode area-arbitrary\">\n<p>RINNAKKAISLIIT\u00c4NT\u00c4 TAKAA PAREMMAN TEHON. KUN LIIT\u00c4T RINNAKKAISLIIT\u00c4NN\u00c4LL\u00c4 VARUSTETUN LAITTEEN SILLE TARKOITETTUUN GENERAATTORILIIT\u00c4NT\u00c4\u00c4N, VOIT LIITT\u00c4\u00c4 GENERAATTOREITA PAREIKSI JA YHDIST\u00c4\u00c4 LAITTEITA SUUREMPITEHOISIKSI KOKONAISUUKSIKSI. <strong>SE SOPII KAIKKIIN K\u00d6NNER &amp; S\u00d6HNEN -INVERTTERIGENERAATTOREIHIN SARJAN KS 8100 MALLEJA (KS 8100IE, KS 8100IEG, KS 8100IE ATSR, KS 8100IEG ATSR) LUKUUN OTTAMATTA.<\/strong>.<\/p>\n<\/div>\n<\/td>\n<\/tr>\n<tr class=\"odd\">\n<td><img loading=\"lazy\" decoding=\"async\" class=\"alignnone size-medium wp-image-3039\" src=\"https:\/\/staging.genekas24.ee\/wp-content\/uploads\/2022\/12\/ks-4000ie-s_wheels.jpg\" alt=\"\" width=\"300\" height=\"300\" \/><\/td>\n<td><strong>KULJETUSSARJA<\/strong><\/p>\n<p>K\u00f6nner &amp; S\u00f6hnen -invertterigeneraattorit on varustettu kuljetusj\u00e4rjestelm\u00e4ll\u00e4 liikuttelun helpottamiseksi. Kaksi py\u00f6r\u00e4\u00e4 ja generaattorin siirt\u00e4misen ajaksi yl\u00f6s nouseva kahva takaavat helpon kuljetuksen ja liikutettavuuden.<\/td>\n<\/tr>\n<tr class=\"odd\">\n<td><img loading=\"lazy\" decoding=\"async\" class=\"alignnone size-medium wp-image-3038\" src=\"https:\/\/staging.genekas24.ee\/wp-content\/uploads\/2022\/12\/ks-8100ie-atsr_kit.jpg\" alt=\"\" width=\"300\" height=\"300\" \/><\/td>\n<td><strong>LIS\u00c4TARVIKKEET<\/strong><\/p>\n<p>Generaator on varustatud lisatarvikutega: s\u00fc\u00fctek\u00fc\u00fcnla mutriv\u00f5ti, t\u00e4itelehter, paralleel\u00fchenduskaabel, r\u00f5hualandajaga voolik, 16 \u0410 Schuko pistik, PH2 kruvikeeraja 6,0 mm, 32 \u0410 CEE pistik.<\/td>\n<\/tr>\n<\/tbody>\n<\/table>\n<p><em><span style=\"font-size: 14px;\">***Polttoaineen kulutus riippuu monista tekij\u00f6ist\u00e4: kuormituksesta, polttoaineen laadusta, vuodenajasta, korkeudesta ja generaattorin teknisest\u00e4 kunnosta.<\/span><\/em><\/p>","protected":false},"excerpt":{"rendered":"<table>\n<tbody>\n<tr class=\"even\">\n<td width=\"60%\">J\u00e4nnite<\/td>\n<td>230<\/td>\n<\/tr>\n<tr class=\"odd\">\n<td>\n<div class=\"col-xs-6\">Suurin teho, kW<\/div>\n<\/td>\n<td>\n<div class=\"attribute row\">\n<div class=\"col-xs-6\">5.5<\/div>\n<\/div>\n<\/td>\n<\/tr>\n<tr class=\"even\">\n<td>\n<div class=\"col-xs-6\">Nimellisteho, kW<\/div>\n<\/td>\n<td>\n<div class=\"attribute row\">\n<div class=\"col-xs-6\">5.0<\/div>\n<\/div>\n<\/td>\n<\/tr>\n<tr class=\"odd\">\n<td>\n<div class=\"col-xs-6\">Taajuus, Hz<\/div>\n<\/td>\n<td>50<\/td>\n<\/tr>\n<tr class=\"even\">\n<td>\n<div class=\"col-xs-6\">Virta (max.), A<\/div>\n<\/td>\n<td>\n<div class=\"attribute row\">\n<div class=\"col-xs-6\">23.9<\/div>\n<\/div>\n<\/td>\n<\/tr>\n<tr class=\"odd\">\n<td>L\u00e4hd\u00f6t<\/td>\n<td>\n<div class=\"attribute row\">\n<div class=\"col-xs-6\">1 x Schuko 230 V, 1 x CEE 230 V 32 A<\/div>\n<\/div>\n<\/td>\n<\/tr>\n<tr class=\"even\">\n<td>\n<div class=\"col-xs-6\">Moottorin k\u00e4ynnistys<\/div>\n<\/td>\n<td>\n<div class=\"attribute row\">\n<div class=\"col-xs-6\">Manuaalinen\/s\u00e4hk\u00f6inen<\/div>\n<\/div>\n<\/td>\n<\/tr>\n<tr class=\"odd\">\n<td>\n<div class=\"col-xs-6\">Polttoaines\u00e4ili\u00f6n tilavuus, L<\/div>\n<\/td>\n<td>13.5<\/td>\n<\/tr>\n<tr class=\"even\">\n<td>\n<div class=\"col-xs-6\">Keskim. k\u00e4ytt\u00f6aika (teho 50 %), h***<\/div>\n<\/td>\n<td>\n<div class=\"attribute row\">\n<div class=\"col-xs-6\">8.4<\/div>\n<\/div>\n<\/td>\n<\/tr>\n<tr class=\"odd\">\n<td>\n<div class=\"col-xs-6\">LED-n\u00e4ytt\u00f6<\/div>\n<\/td>\n<td>\n<div class=\"attribute row\">\n<div class=\"col-xs-6\">Kuormitus, polttoaineen taso, j\u00e4nnite, taajuus, k\u00e4ytt\u00f6tunnit, ylikuormituksen merkkivalo, j\u00e4nnitemittari, \u00f6ljyn m\u00e4\u00e4r\u00e4n merkkivalo.<\/div>\n<\/div>\n<\/td>\n<\/tr>\n<tr class=\"even\">\n<td>\n<div class=\"col-xs-6\">Melutaso Lpa (7 m) \/ Lwa, dB<\/div>\n<\/td>\n<td>\n<div class=\"attribute row\">\n<div class=\"col-xs-6\">66\/91<\/div>\n<\/div>\n<\/td>\n<\/tr>\n<tr class=\"odd\">\n<td>\n<div class=\"col-xs-6\">Antoteho DC, V\/A<\/div>\n<\/td>\n<td>12V\/8.3A<\/td>\n<\/tr>\n<tr class=\"even\">\n<td>\n<div class=\"col-xs-6\">USB-l\u00e4hd\u00f6t<\/div>\n<\/td>\n<td>\n<div class=\"attribute row\">\n<div class=\"col-xs-6\">5V\/1A<br \/>\n5V\/2.1A<\/div>\n<\/div>\n<\/td>\n<\/tr>\n<tr class=\"odd\">\n<td>\n<div class=\"col-xs-6\">Moottorin malli<\/div>\n<\/td>\n<td>\n<div class=\"attribute row\">\n<div class=\"col-xs-6\">KS 330i<\/div>\n<\/div>\n<\/td>\n<\/tr>\n<tr class=\"even\">\n<td>\n<div class=\"col-xs-6\">Moottorin sylinteritilavuus, cm3<\/div>\n<\/td>\n<td>312<\/td>\n<\/tr>\n<tr class=\"odd\">\n<td>\n<div class=\"col-xs-6\">Moottorityyppi<\/div>\n<\/td>\n<td>\n<div class=\"attribute row\">\n<div class=\"col-xs-6\">Nestekaasu-\/bensiinik\u00e4ytt\u00f6inen, yksisylinterinen, nelitahtinen, ilmaj\u00e4\u00e4hdytteinen<\/div>\n<\/div>\n<\/td>\n<\/tr>\n<tr class=\"even\">\n<td>\n<div class=\"col-xs-6\">Moottoriteho, hv<\/div>\n<\/td>\n<td>\n<div class=\"attribute row\">\n<div class=\"col-xs-6\">9.5<\/div>\n<\/div>\n<\/td>\n<\/tr>\n<tr class=\"odd\">\n<td>\n<div class=\"col-xs-6\">Rinnakkaisliit\u00e4nt\u00e4mahdollisuus<\/div>\n<\/td>\n<td>+<\/td>\n<\/tr>\n<tr class=\"even\">\n<td>\n<div class=\"col-xs-6\">Kampikammion tilavuus, L<\/div>\n<\/td>\n<td>0.85<\/td>\n<\/tr>\n<tr class=\"odd\">\n<td>\n<div class=\"col-xs-6\">Akku, Ah<\/div>\n<\/td>\n<td>\n<div class=\"attribute row\">\n<div class=\"col-xs-6\">1.6<\/div>\n<\/div>\n<\/td>\n<\/tr>\n<tr class=\"even\">\n<td>\n<div class=\"col-xs-6\">Suojausluokka<\/div>\n<\/td>\n<td>IP23M<\/td>\n<\/tr>\n<tr>\n<td>Sis\u00e4mitat (PxLxK), mm<\/td>\n<td>610x470x535<\/td>\n<\/tr>\n<tr>\n<td>Bruttomitat (P x L x K), mm<\/td>\n<td>680\u0445510\u0445605<\/td>\n<\/tr>\n<tr>\n<td>Nettopaino, kg<\/td>\n<td>52<\/td>\n<\/tr>\n<tr>\n<td>Bruttopaino, kg<\/td>\n<td>57.8<\/td>\n<\/tr>\n<tr>\n<td>EAN-koodi<\/td>\n<td>4260405365579<\/td>\n<\/tr>\n<\/tbody>\n<\/table>\n<p>&nbsp;<\/p>\n<p>***Nestekaasuk\u00e4ytt\u00f6 laskee generaattorin tehoa 10 %.<\/p>\n<p>***Polttoaineenkulutus riippuu monista tekij\u00f6ist\u00e4, kuten kuormituksesta, polttoaineen laadusta, vuodenajasta, korkeudesta, generaattorin teknisest\u00e4 kunnosta.<\/p>\n<p>Koottu PRC.<\/p>","protected":false},"featured_media":17663,"template":"","meta":{"_acf_changed":false,"inline_featured_image":false},"product_brand":[],"product_cat":[179,94,23,24],"product_tag":[],"class_list":{"0":"post-16600","1":"product","2":"type-product","3":"status-publish","4":"has-post-thumbnail","6":"product_cat-allahinnatud","7":"product_cat-generaatorid","8":"product_cat-invertergeneraatorid","9":"product_cat-lpg-bensiinigeneraatorid","10":"product_shipping_class-poolalus","11":"brand-konner-sohnen","13":"first","14":"onbackorder","15":"sale","16":"featured","17":"taxable","18":"shipping-taxable","19":"purchasable","20":"product-type-simple"},"acf":[],"yoast_head":"<!-- This site is optimized with the Yoast SEO plugin v26.2 - https:\/\/yoast.com\/wordpress\/plugins\/seo\/ -->\n<title>Invertergeneraator KS 5500iEG S - Genekas24<\/title>\n<meta name=\"robots\" content=\"index, follow, max-snippet:-1, max-image-preview:large, max-video-preview:-1\" \/>\n<link rel=\"canonical\" href=\"https:\/\/staging.genekas24.ee\/fi\/tuote\/inverter-generator-ks-5500ieg-s\/\" \/>\n<meta property=\"og:locale\" content=\"fi_FI\" \/>\n<meta property=\"og:type\" content=\"article\" \/>\n<meta property=\"og:title\" content=\"Invertergeneraator KS 5500iEG S - Genekas24\" \/>\n<meta property=\"og:description\" content=\"Pinge 230    Max v\u00f5imsus, kW   5.5     Nominaalne v\u00f5imsus, kW   5.0     Sagedus, Hz 50    Vool (max), \u0410   23.9    Pistikupesad   1 x Schuko 230 V, 1 x CEE 230 V 32 A     Mootori k\u00e4ivitamine   Manuaal\/elektriline     K\u00fctusepaagi maht, l 13.5    Keskmine t\u00f6\u00f6aeg (power 50%), h***   8.4     LED-ekraan   Koormus, k\u00fctusetase, pinge, sagedus, t\u00f6\u00f6aeg; \u00fclekoormusn\u00e4idik, pingen\u00e4idik, \u00f5litaseme n\u00e4idik.     M\u00fcratase Lpa (7m)\/Lwa, dB   66\/91     V\u00f5imsus DC, V\/\u0410 12V\/8.3A    USB-v\u00e4ljund   5V\/1A 5V\/2.1A     Mootori mudel   KS 330i     Mootori silindri maht, cm3 312    Mootori t\u00fc\u00fcp   LPG\/bensiinmootoriga \u00fchesilindriline, neljataktiline \u00f5hkjahutusega     Mootori v\u00f5imsus, hp   9.5     Paralleel\u00fchenduse v\u00f5imalus +    Karteri maht, l 0.85    Aku, A\u00b7h   1.6     Kaitseklass IP23M   Neto m\u00f5\u00f5dud (PxLxK), mm 610x470x535   Bruto m\u00f5\u00f5dud (PxLxK), mm 680\u0445510\u0445605   Netokaal, kg 52   Brutokaal, kg 57.8   EAN kood 4260405365579    &nbsp;  **Vedelgaasiga t\u00f6\u00f6tamine v\u00e4hendab generaatori v\u00f5imsust 10%.  *** K\u00fctusekulu s\u00f5ltub paljudest teguritest: nagu koormus, k\u00fctuse kvaliteet, aastaaeg, k\u00f5rgus merepinnast, generaatori tehniline seisukord.  Kokku pandud HRV-s.\" \/>\n<meta property=\"og:url\" content=\"https:\/\/staging.genekas24.ee\/fi\/tuote\/inverter-generator-ks-5500ieg-s\/\" \/>\n<meta property=\"og:site_name\" content=\"Genekas24\" \/>\n<meta property=\"article:modified_time\" content=\"2025-12-31T11:19:08+00:00\" \/>\n<meta property=\"og:image\" content=\"https:\/\/staging.genekas24.ee\/wp-content\/uploads\/2024\/07\/KS-5500iEG-S.png\" \/>\n\t<meta property=\"og:image:width\" content=\"768\" \/>\n\t<meta property=\"og:image:height\" content=\"608\" \/>\n\t<meta property=\"og:image:type\" content=\"image\/png\" \/>\n<meta name=\"twitter:card\" content=\"summary_large_image\" \/>\n<meta name=\"twitter:label1\" content=\"Arvioitu lukuaika\" \/>\n\t<meta name=\"twitter:data1\" content=\"5 minuuttia\" \/>\n<script type=\"application\/ld+json\" class=\"yoast-schema-graph\">{\"@context\":\"https:\/\/schema.org\",\"@graph\":[{\"@type\":\"WebPage\",\"@id\":\"https:\/\/staging.genekas24.ee\/toode\/invertergeneraator-ks-5500ieg-s\/\",\"url\":\"https:\/\/staging.genekas24.ee\/toode\/invertergeneraator-ks-5500ieg-s\/\",\"name\":\"Invertergeneraator KS 5500iEG S - Genekas24\",\"isPartOf\":{\"@id\":\"https:\/\/staging.genekas24.ee\/#website\"},\"primaryImageOfPage\":{\"@id\":\"https:\/\/staging.genekas24.ee\/toode\/invertergeneraator-ks-5500ieg-s\/#primaryimage\"},\"image\":{\"@id\":\"https:\/\/staging.genekas24.ee\/toode\/invertergeneraator-ks-5500ieg-s\/#primaryimage\"},\"thumbnailUrl\":\"https:\/\/staging.genekas24.ee\/wp-content\/uploads\/2024\/07\/KS-5500iEG-S.png\",\"datePublished\":\"2024-07-08T09:26:05+00:00\",\"dateModified\":\"2025-12-31T11:19:08+00:00\",\"breadcrumb\":{\"@id\":\"https:\/\/staging.genekas24.ee\/toode\/invertergeneraator-ks-5500ieg-s\/#breadcrumb\"},\"inLanguage\":\"fi\",\"potentialAction\":[{\"@type\":\"ReadAction\",\"target\":[\"https:\/\/staging.genekas24.ee\/toode\/invertergeneraator-ks-5500ieg-s\/\"]}]},{\"@type\":\"ImageObject\",\"inLanguage\":\"fi\",\"@id\":\"https:\/\/staging.genekas24.ee\/toode\/invertergeneraator-ks-5500ieg-s\/#primaryimage\",\"url\":\"https:\/\/staging.genekas24.ee\/wp-content\/uploads\/2024\/07\/KS-5500iEG-S.png\",\"contentUrl\":\"https:\/\/staging.genekas24.ee\/wp-content\/uploads\/2024\/07\/KS-5500iEG-S.png\",\"width\":768,\"height\":608},{\"@type\":\"BreadcrumbList\",\"@id\":\"https:\/\/staging.genekas24.ee\/toode\/invertergeneraator-ks-5500ieg-s\/#breadcrumb\",\"itemListElement\":[{\"@type\":\"ListItem\",\"position\":1,\"name\":\"Home\",\"item\":\"https:\/\/staging.genekas24.ee\/\"},{\"@type\":\"ListItem\",\"position\":2,\"name\":\"Pood\",\"item\":\"https:\/\/staging.genekas24.ee\/pood\/\"},{\"@type\":\"ListItem\",\"position\":3,\"name\":\"Invertergeneraator KS 5500iEG S\"}]},{\"@type\":\"WebSite\",\"@id\":\"https:\/\/staging.genekas24.ee\/#website\",\"url\":\"https:\/\/staging.genekas24.ee\/\",\"name\":\"Genekas24\",\"description\":\"Generaatorid | K&ouml;nner S&ouml;hnen tooted | Genekas24\",\"publisher\":{\"@id\":\"https:\/\/staging.genekas24.ee\/#organization\"},\"potentialAction\":[{\"@type\":\"SearchAction\",\"target\":{\"@type\":\"EntryPoint\",\"urlTemplate\":\"https:\/\/staging.genekas24.ee\/?s={search_term_string}\"},\"query-input\":{\"@type\":\"PropertyValueSpecification\",\"valueRequired\":true,\"valueName\":\"search_term_string\"}}],\"inLanguage\":\"fi\"},{\"@type\":\"Organization\",\"@id\":\"https:\/\/staging.genekas24.ee\/#organization\",\"name\":\"Genekas24\",\"url\":\"https:\/\/staging.genekas24.ee\/\",\"logo\":{\"@type\":\"ImageObject\",\"inLanguage\":\"fi\",\"@id\":\"https:\/\/staging.genekas24.ee\/#\/schema\/logo\/image\/\",\"url\":\"https:\/\/staging.genekas24.ee\/wp-content\/uploads\/2026\/01\/genekas24-logo_black.svg\",\"contentUrl\":\"https:\/\/staging.genekas24.ee\/wp-content\/uploads\/2026\/01\/genekas24-logo_black.svg\",\"width\":840,\"height\":131,\"caption\":\"Genekas24\"},\"image\":{\"@id\":\"https:\/\/staging.genekas24.ee\/#\/schema\/logo\/image\/\"}}]}<\/script>\n<!-- \/ Yoast SEO plugin. -->","yoast_head_json":{"title":"LPG\/gasoline inverter generator KS 5500iEG S - Genekas24","robots":{"index":"index","follow":"follow","max-snippet":"max-snippet:-1","max-image-preview":"max-image-preview:large","max-video-preview":"max-video-preview:-1"},"canonical":"https:\/\/staging.genekas24.ee\/fi\/tuote\/inverter-generator-ks-5500ieg-s\/","og_locale":"fi_FI","og_type":"article","og_title":"Invertergeneraator KS 5500iEG S - Genekas24","og_description":"Pinge 230    Max v\u00f5imsus, kW   5.5     Nominaalne v\u00f5imsus, kW   5.0     Sagedus, Hz 50    Vool (max), \u0410   23.9    Pistikupesad   1 x Schuko 230 V, 1 x CEE 230 V 32 A     Mootori k\u00e4ivitamine   Manuaal\/elektriline     K\u00fctusepaagi maht, l 13.5    Keskmine t\u00f6\u00f6aeg (power 50%), h***   8.4     LED-ekraan   Koormus, k\u00fctusetase, pinge, sagedus, t\u00f6\u00f6aeg; \u00fclekoormusn\u00e4idik, pingen\u00e4idik, \u00f5litaseme n\u00e4idik.     M\u00fcratase Lpa (7m)\/Lwa, dB   66\/91     V\u00f5imsus DC, V\/\u0410 12V\/8.3A    USB-v\u00e4ljund   5V\/1A 5V\/2.1A     Mootori mudel   KS 330i     Mootori silindri maht, cm3 312    Mootori t\u00fc\u00fcp   LPG\/bensiinmootoriga \u00fchesilindriline, neljataktiline \u00f5hkjahutusega     Mootori v\u00f5imsus, hp   9.5     Paralleel\u00fchenduse v\u00f5imalus +    Karteri maht, l 0.85    Aku, A\u00b7h   1.6     Kaitseklass IP23M   Neto m\u00f5\u00f5dud (PxLxK), mm 610x470x535   Bruto m\u00f5\u00f5dud (PxLxK), mm 680\u0445510\u0445605   Netokaal, kg 52   Brutokaal, kg 57.8   EAN kood 4260405365579    &nbsp;  **Vedelgaasiga t\u00f6\u00f6tamine v\u00e4hendab generaatori v\u00f5imsust 10%.  *** K\u00fctusekulu s\u00f5ltub paljudest teguritest: nagu koormus, k\u00fctuse kvaliteet, aastaaeg, k\u00f5rgus merepinnast, generaatori tehniline seisukord.  Kokku pandud HRV-s.","og_url":"https:\/\/staging.genekas24.ee\/fi\/tuote\/inverter-generator-ks-5500ieg-s\/","og_site_name":"Genekas24","article_modified_time":"2025-12-31T11:19:08+00:00","og_image":[{"width":768,"height":608,"url":"https:\/\/staging.genekas24.ee\/wp-content\/uploads\/2024\/07\/KS-5500iEG-S.png","type":"image\/png"}],"twitter_card":"summary_large_image","twitter_misc":{"Arvioitu lukuaika":"5 minuuttia"},"schema":{"@context":"https:\/\/schema.org","@graph":[{"@type":"WebPage","@id":"https:\/\/staging.genekas24.ee\/toode\/invertergeneraator-ks-5500ieg-s\/","url":"https:\/\/staging.genekas24.ee\/toode\/invertergeneraator-ks-5500ieg-s\/","name":"LPG\/gasoline inverter generator KS 5500iEG S - Genekas24","isPartOf":{"@id":"https:\/\/staging.genekas24.ee\/#website"},"primaryImageOfPage":{"@id":"https:\/\/staging.genekas24.ee\/toode\/invertergeneraator-ks-5500ieg-s\/#primaryimage"},"image":{"@id":"https:\/\/staging.genekas24.ee\/toode\/invertergeneraator-ks-5500ieg-s\/#primaryimage"},"thumbnailUrl":"https:\/\/staging.genekas24.ee\/wp-content\/uploads\/2024\/07\/KS-5500iEG-S.png","datePublished":"2024-07-08T09:26:05+00:00","dateModified":"2025-12-31T11:19:08+00:00","breadcrumb":{"@id":"https:\/\/staging.genekas24.ee\/toode\/invertergeneraator-ks-5500ieg-s\/#breadcrumb"},"inLanguage":"fi","potentialAction":[{"@type":"ReadAction","target":["https:\/\/staging.genekas24.ee\/toode\/invertergeneraator-ks-5500ieg-s\/"]}]},{"@type":"ImageObject","inLanguage":"fi","@id":"https:\/\/staging.genekas24.ee\/toode\/invertergeneraator-ks-5500ieg-s\/#primaryimage","url":"https:\/\/staging.genekas24.ee\/wp-content\/uploads\/2024\/07\/KS-5500iEG-S.png","contentUrl":"https:\/\/staging.genekas24.ee\/wp-content\/uploads\/2024\/07\/KS-5500iEG-S.png","width":768,"height":608},{"@type":"BreadcrumbList","@id":"https:\/\/staging.genekas24.ee\/toode\/invertergeneraator-ks-5500ieg-s\/#breadcrumb","itemListElement":[{"@type":"ListItem","position":1,"name":"Home","item":"https:\/\/staging.genekas24.ee\/"},{"@type":"ListItem","position":2,"name":"Pood","item":"https:\/\/staging.genekas24.ee\/pood\/"},{"@type":"ListItem","position":3,"name":"Invertergeneraator KS 5500iEG S"}]},{"@type":"WebSite","@id":"https:\/\/staging.genekas24.ee\/#website","url":"https:\/\/staging.genekas24.ee\/","name":"Genekas24","description":"Generaatorid | K&ouml;nner S&ouml;hnen tooted | Genekas24","publisher":{"@id":"https:\/\/staging.genekas24.ee\/#organization"},"potentialAction":[{"@type":"SearchAction","target":{"@type":"EntryPoint","urlTemplate":"https:\/\/staging.genekas24.ee\/?s={search_term_string}"},"query-input":{"@type":"PropertyValueSpecification","valueRequired":true,"valueName":"search_term_string"}}],"inLanguage":"fi"},{"@type":"Organization","@id":"https:\/\/staging.genekas24.ee\/#organization","name":"Genekas24","url":"https:\/\/staging.genekas24.ee\/","logo":{"@type":"ImageObject","inLanguage":"fi","@id":"https:\/\/staging.genekas24.ee\/#\/schema\/logo\/image\/","url":"https:\/\/staging.genekas24.ee\/wp-content\/uploads\/2026\/01\/genekas24-logo_black.svg","contentUrl":"https:\/\/staging.genekas24.ee\/wp-content\/uploads\/2026\/01\/genekas24-logo_black.svg","width":840,"height":131,"caption":"Genekas24"},"image":{"@id":"https:\/\/staging.genekas24.ee\/#\/schema\/logo\/image\/"}}]}},"_links":{"self":[{"href":"https:\/\/staging.genekas24.ee\/fi\/wp-json\/wp\/v2\/product\/16600","targetHints":{"allow":["GET"]}}],"collection":[{"href":"https:\/\/staging.genekas24.ee\/fi\/wp-json\/wp\/v2\/product"}],"about":[{"href":"https:\/\/staging.genekas24.ee\/fi\/wp-json\/wp\/v2\/types\/product"}],"version-history":[{"count":3,"href":"https:\/\/staging.genekas24.ee\/fi\/wp-json\/wp\/v2\/product\/16600\/revisions"}],"predecessor-version":[{"id":18510,"href":"https:\/\/staging.genekas24.ee\/fi\/wp-json\/wp\/v2\/product\/16600\/revisions\/18510"}],"wp:featuredmedia":[{"embeddable":true,"href":"https:\/\/staging.genekas24.ee\/fi\/wp-json\/wp\/v2\/media\/17663"}],"wp:attachment":[{"href":"https:\/\/staging.genekas24.ee\/fi\/wp-json\/wp\/v2\/media?parent=16600"}],"wp:term":[{"taxonomy":"product_brand","embeddable":true,"href":"https:\/\/staging.genekas24.ee\/fi\/wp-json\/wp\/v2\/product_brand?post=16600"},{"taxonomy":"product_cat","embeddable":true,"href":"https:\/\/staging.genekas24.ee\/fi\/wp-json\/wp\/v2\/product_cat?post=16600"},{"taxonomy":"product_tag","embeddable":true,"href":"https:\/\/staging.genekas24.ee\/fi\/wp-json\/wp\/v2\/product_tag?post=16600"}],"curies":[{"name":"wp","href":"https:\/\/api.w.org\/{rel}","templated":true}]}}