{"id":16518,"date":"2024-07-08T08:17:20","date_gmt":"2024-07-08T08:17:20","guid":{"rendered":"https:\/\/staging.genekas24.ee\/?post_type=product&#038;p=16518"},"modified":"2025-12-17T16:34:58","modified_gmt":"2025-12-17T16:34:58","slug":"invertergeneraator-ks-2100i-s","status":"publish","type":"product","link":"https:\/\/staging.genekas24.ee\/fi\/tuote\/inverter-generator-ks-2100i-s\/","title":{"rendered":"Invertterigeneraattori KS 2100i S"},"content":{"rendered":"<p>The KS 2100i S inverter generator of the German brand \"K\u00f6nner &amp; S\u00f6hnen\" is a convenient and compact source of electric power with a low noise level. One of the main features of this model is that it produces electric current with the pure sine wave.<\/p>\n<p>Kaikki mallit pohjautuvat kest\u00e4viin moottoreihin, jotka t\u00e4ytt\u00e4v\u00e4t kaikki eurooppalaiset laatustandardit, mukaan lukien EURO V. K&amp;S-invertterigeneraattoreiden moottoreissa on Economy-tila, jonka ansiosta generaattoreita voidaan k\u00e4ytt\u00e4\u00e4 alhaisilla nopeuksilla, jolloin polttoaineen kulutus voi pienenty\u00e4 jopa 50 %. Kuparik\u00e4\u00e4mityksell\u00e4 varustettu vaihtovirtalaturi ja tehokas K&amp;S-moottori takaavat h\u00e4iri\u00f6tt\u00f6m\u00e4n ja pitk\u00e4aikaisen toiminnan ja t\u00e4ytt\u00e4v\u00e4t kaikki eurooppalaiset laatustandardit. LED-n\u00e4yt\u00f6n ansiosta generaattorin toimintaa voidaan valvoa ja suorittaa sen huolto ajoissa.<\/p>\n<table style=\"width: 100%;\">\n<tbody>\n<tr class=\"even\">\n<td style=\"width: 8.43621%;\"><img fetchpriority=\"high\" decoding=\"async\" class=\"alignnone size-medium wp-image-2888\" src=\"https:\/\/staging.genekas24.ee\/wp-content\/uploads\/2021\/12\/Pure-sine-wave-300x237.jpg\" alt=\"\" width=\"300\" height=\"237\" \/><\/td>\n<td style=\"width: 90.9465%;\"><strong>PUHDAS SINIAALTO<\/strong><\/p>\n<p>Sis\u00e4\u00e4nrakennettu mikroprosessoriohjauksella varustettu elektroninen yksikk\u00f6 valvoo generaattorin toimintaa ja tarjoaa vakaan 230 V:n 50 Hz:n sinimuotoisen l\u00e4ht\u00f6j\u00e4nnitteen, joka soveltuu herk\u00e4n elektroniikan luotettavaan toimintaan.<\/td>\n<\/tr>\n<tr class=\"odd\">\n<td style=\"width: 8.43621%;\"><img decoding=\"async\" class=\"alignnone size-medium wp-image-2894\" src=\"https:\/\/staging.genekas24.ee\/wp-content\/uploads\/2021\/12\/robust-engine-300x300.png\" alt=\"\" width=\"300\" height=\"300\" \/><\/td>\n<td style=\"width: 90.9465%;\"><strong>KEST\u00c4V\u00c4 MOOTTORI<\/strong><\/p>\n<p>K\u00f6nner &amp; S\u00f6hneni t\u00f6\u00f6kindlat mootorit iseloomustab suurenenud vastupidavus, pikk ja stabiilne t\u00f6\u00f6 ning see vastab k\u00f5igile Euroopa kvaliteedistandarditele, sealhulgas EURO V.<\/td>\n<\/tr>\n<tr class=\"even\">\n<td style=\"width: 8.43621%;\"><img decoding=\"async\" class=\"alignnone size-medium wp-image-2901\" src=\"https:\/\/staging.genekas24.ee\/wp-content\/uploads\/2021\/12\/economy-mode-300x270.png\" alt=\"\" width=\"300\" height=\"270\" \/><\/td>\n<td style=\"width: 90.9465%;\"><strong>ECONOMY-TILA<\/strong><\/p>\n<p>Ergonomisessa ohjauspaneelissa on polttoainetaloudellisen tilan kytkin. T\u00e4m\u00e4 tila v\u00e4hent\u00e4\u00e4 polttoaineenkulutusta jopa 50 % pienill\u00e4 kuormituksilla moottorin alhaisemman kierrosluvun ansiosta.<\/td>\n<\/tr>\n<tr class=\"odd\">\n<td style=\"width: 8.43621%;\"><img loading=\"lazy\" decoding=\"async\" class=\"alignnone size-medium wp-image-2907\" src=\"https:\/\/staging.genekas24.ee\/wp-content\/uploads\/2021\/12\/ergonomic-control-panel-300x300.png\" alt=\"\" width=\"300\" height=\"300\" \/><\/td>\n<td style=\"width: 90.9465%;\"><strong>ERGONOMINEN OHJAUSPANEELI<\/strong><\/p>\n<p>K\u00f5igi funktsioonide mugav asukoht: LED-ekraan (tunniloendur, sagedus, pinge), t\u00f6\u00f6re\u017eiimi indikaator, \u00fclekoormus- ja l\u00fchisekaitse, madala \u00f5litaseme andur, Reset nupp juhtimiss\u00fcsteemi l\u00e4htestamiseks ja pingevarustuse taastamiseks, pistik generaatorite paralleelseks \u00fchendamiseks ja maandusklemm.<\/td>\n<\/tr>\n<tr class=\"even\">\n<td style=\"width: 8.43621%;\"><img loading=\"lazy\" decoding=\"async\" class=\"alignnone size-medium wp-image-2913\" src=\"https:\/\/staging.genekas24.ee\/wp-content\/uploads\/2022\/12\/ks-2000i-s_soundproof.png\" alt=\"\" width=\"300\" height=\"300\" \/><\/td>\n<td style=\"width: 90.9465%;\"><strong>ALHAINEN MELUTASO<\/strong><\/p>\n<p>Erityisen suojakotelon ansiosta minimimelutaso on 62 dB ja laitteen k\u00e4ytt\u00f6 mahdollisimman k\u00e4tev\u00e4\u00e4 ja muita h\u00e4iritsem\u00e4t\u00f6nt\u00e4.<\/td>\n<\/tr>\n<tr class=\"odd\">\n<td style=\"width: 8.43621%;\"><img loading=\"lazy\" decoding=\"async\" class=\"alignnone size-medium wp-image-2919\" src=\"https:\/\/staging.genekas24.ee\/wp-content\/uploads\/2022\/12\/alternator-inverter.png\" alt=\"\" width=\"300\" height=\"260\" \/><\/td>\n<td style=\"width: 90.9465%;\"><strong>K\u00d5RGE KVALITEEDIGA ALTERNAATOR<\/strong><\/p>\n<p>K\u00f6nner &amp; S\u00f6hnen -generaattorit on varustettu tehokkaalla synkronisella vaihtovirtalaturilla, jossa on t\u00e4yskuparinen k\u00e4\u00e4mitys. T\u00e4m\u00e4 on ainoa kuparik\u00e4\u00e4mitys, joka kest\u00e4\u00e4 maksimikuormat vaurioitta, mik\u00e4 takaa generaattorin pitk\u00e4aikaisen luotettavan toiminnan.<\/td>\n<\/tr>\n<tr class=\"even\">\n<td style=\"width: 8.43621%;\"><img loading=\"lazy\" decoding=\"async\" class=\"alignnone size-medium wp-image-2924\" src=\"https:\/\/staging.genekas24.ee\/wp-content\/uploads\/2022\/12\/ks_4000ieg_s_parallel.png\" alt=\"\" width=\"300\" height=\"300\" \/><\/td>\n<td class=\"accessories-block\" style=\"width: 90.9465%;\">\n<p class=\"h3\"><strong>RINNANKYTKENT\u00c4<\/strong><\/p>\n<p>Kahe generaatori paralleel\u00fchenduse v\u00f5imalus koguv\u00f5imsuse suurendamiseks ja v\u00f5imsamate seadmete kasutamise v\u00f5imalus. Komplektis oleva paralleel\u00fchenduse kaabliga saate \u00fchendada kaks invertergeneraatorit ja saada v\u00e4ljundv\u00f5imsust, mis on v\u00f5rdne nende mudelite nimiv\u00f5imsuse summaga.\u00a0<strong>Soveltuu kaikille K\u00f6nner &amp; S\u00f6hnen -invertterigeneraattoreille, lukuun ottamatta KS 8100 -sarjan malleja (KS 8100iE, KS 8100iEG, KS 8100iE ATSR, KS 8100iEG ATSR).<\/strong>.<\/td>\n<\/tr>\n<tr class=\"odd\">\n<td style=\"width: 8.43621%;\"><img loading=\"lazy\" decoding=\"async\" class=\"alignnone size-medium wp-image-2919\" src=\"https:\/\/staging.genekas24.ee\/wp-content\/uploads\/2022\/12\/ks-8100ie-atsr_kit.jpg\" alt=\"\" width=\"300\" height=\"260\" \/><\/td>\n<td style=\"width: 90.9465%;\"><strong>LIS\u00c4TARVIKKEET<\/strong><\/p>\n<p>Toimitukseen sis\u00e4ltyv\u00e4t: ruuvitaltta, tulppa-avain.<\/td>\n<\/tr>\n<\/tbody>\n<\/table>\n<p><em><span style=\"font-size: 14px;\">***Polttoaineen kulutus riippuu monista tekij\u00f6ist\u00e4: kuormituksesta, polttoaineen laadusta, vuodenajasta, korkeudesta ja generaattorin teknisest\u00e4 kunnosta.<\/span><\/em><\/p>","protected":false},"excerpt":{"rendered":"<table>\n<tbody>\n<tr class=\"even\">\n<td width=\"60%\">J\u00e4nnite<\/td>\n<td>230<\/td>\n<\/tr>\n<tr class=\"odd\">\n<td>\n<div class=\"col-xs-6\">Suurin teho, kW<\/div>\n<\/td>\n<td>2.0<\/td>\n<\/tr>\n<tr class=\"even\">\n<td>\n<div class=\"col-xs-6\">Nimellisteho, kW<\/div>\n<\/td>\n<td>\n<div class=\"attribute row\">\n<div class=\"col-xs-6\">1.8<\/div>\n<\/div>\n<\/td>\n<\/tr>\n<tr class=\"odd\">\n<td>\n<div class=\"col-xs-6\">Taajuus, Hz<\/div>\n<\/td>\n<td>50<\/td>\n<\/tr>\n<tr class=\"even\">\n<td>\n<div class=\"col-xs-6\">Virta (max.), A<\/div>\n<\/td>\n<td>\n<div class=\"attribute row\">\n<div class=\"col-xs-6\">8.7<\/div>\n<\/div>\n<\/td>\n<\/tr>\n<tr class=\"odd\">\n<td>L\u00e4hd\u00f6t<\/td>\n<td>\n<div class=\"attribute row\">\n<div class=\"col-xs-6\">1 x Schuko 230 V<\/div>\n<\/div>\n<\/td>\n<\/tr>\n<tr class=\"even\">\n<td>\n<div class=\"col-xs-6\">Moottorin k\u00e4ynnistys<\/div>\n<\/td>\n<td>Manuaalinen<\/td>\n<\/tr>\n<tr class=\"odd\">\n<td>\n<div class=\"col-xs-6\">Polttoaines\u00e4ili\u00f6n tilavuus, L<\/div>\n<\/td>\n<td>4.0<\/td>\n<\/tr>\n<tr class=\"even\">\n<td>\n<div class=\"col-xs-6\">Keskmine. t\u00f6\u00f6aeg (power 50%), h***<\/div>\n<\/td>\n<td>\n<div class=\"attribute row\">\n<div class=\"col-xs-6\">4.5<\/div>\n<\/div>\n<\/td>\n<\/tr>\n<tr class=\"odd\">\n<td>\n<div class=\"col-xs-6\">LED-n\u00e4ytt\u00f6<\/div>\n<\/td>\n<td>\n<div class=\"attribute row\">\n<div class=\"col-xs-6\">J\u00e4nnite, taajuus, k\u00e4ytt\u00f6tunnit<\/div>\n<\/div>\n<\/td>\n<\/tr>\n<tr class=\"even\">\n<td>\n<div class=\"col-xs-6\">Melutaso Lpa (7 m) \/ Lwa, dB<\/div>\n<\/td>\n<td>\n<div class=\"attribute row\">\n<div class=\"col-xs-6\">62\/87<\/div>\n<\/div>\n<\/td>\n<\/tr>\n<tr class=\"odd\">\n<td>\n<div class=\"col-xs-6\">Antoteho DC, V\/A<\/div>\n<\/td>\n<td>12V\/8.3A<\/td>\n<\/tr>\n<tr class=\"even\">\n<td>\n<div class=\"col-xs-6\">USB-l\u00e4hd\u00f6t<\/div>\n<\/td>\n<td>\n<div class=\"attribute row\">\n<div class=\"col-xs-6\">5V\/1A, 5V\/2.1A<\/div>\n<\/div>\n<\/td>\n<\/tr>\n<tr class=\"odd\">\n<td>\n<div class=\"col-xs-6\">Moottorin malli<\/div>\n<\/td>\n<td>\n<div class=\"attribute row\">\n<div class=\"col-xs-6\">KS 110i<\/div>\n<\/div>\n<\/td>\n<\/tr>\n<tr class=\"even\">\n<td>\n<div class=\"col-xs-6\">Moottorin sylinteritilavuus, cm3<\/div>\n<\/td>\n<td>\n<div class=\"attribute row\">\n<div class=\"col-xs-6\">79.7<\/div>\n<\/div>\n<\/td>\n<\/tr>\n<tr class=\"odd\">\n<td>\n<div class=\"col-xs-6\">Moottorityyppi<\/div>\n<\/td>\n<td>\n<div class=\"attribute row\">\n<div class=\"col-xs-6\">Bensiinik\u00e4ytt\u00f6inen, yksisylinterinen, nelitahtinen, ilmaj\u00e4\u00e4hdytteinen<\/div>\n<\/div>\n<\/td>\n<\/tr>\n<tr class=\"even\">\n<td>\n<div class=\"col-xs-6\">Moottoriteho, hv<\/div>\n<\/td>\n<td>\n<div class=\"attribute row\">\n<div class=\"col-xs-6\">3.3<\/div>\n<\/div>\n<\/td>\n<\/tr>\n<tr class=\"odd\">\n<td>\n<div class=\"col-xs-6\">Rinnakkaisliit\u00e4nt\u00e4mahdollisuus<\/div>\n<\/td>\n<td>+<\/td>\n<\/tr>\n<tr class=\"even\">\n<td>\n<div class=\"col-xs-6\">Kampikammion tilavuus, L<\/div>\n<\/td>\n<td>0.35<\/td>\n<\/tr>\n<tr class=\"odd\">\n<td>\n<div class=\"col-xs-6\">Akku, Ah<\/div>\n<\/td>\n<td>&#8211;<\/td>\n<\/tr>\n<tr class=\"even\">\n<td>\n<div class=\"col-xs-6\">Suojausluokka<\/div>\n<\/td>\n<td>IP23M<\/td>\n<\/tr>\n<tr>\n<td>Sis\u00e4mitat (PxLxK), mm<\/td>\n<td>480x290x430<\/td>\n<\/tr>\n<tr>\n<td>Bruttomitat (P x L x K), mm<\/td>\n<td>510\u0445320\u0445475<\/td>\n<\/tr>\n<tr>\n<td>Nettopaino, kg<\/td>\n<td>18.5<\/td>\n<\/tr>\n<tr>\n<td>Bruttopaino, kg<\/td>\n<td>21.2<\/td>\n<\/tr>\n<tr>\n<td>EAN-koodi<\/td>\n<td>4260405365531<\/td>\n<\/tr>\n<\/tbody>\n<\/table>\n<p>***Polttoaineenkulutus riippuu monista tekij\u00f6ist\u00e4, kuten kuormituksesta, polttoaineen laadusta, vuodenajasta, korkeudesta, generaattorin teknisest\u00e4 kunnosta.<\/p>\n<p>Koottu PRC.<\/p>","protected":false},"featured_media":17667,"template":"","meta":{"_acf_changed":false,"inline_featured_image":false},"product_brand":[],"product_cat":[179,94,23],"product_tag":[],"class_list":{"0":"post-16518","1":"product","2":"type-product","3":"status-publish","4":"has-post-thumbnail","6":"product_cat-allahinnatud","7":"product_cat-generaatorid","8":"product_cat-invertergeneraatorid","9":"product_shipping_class-poolalus","10":"brand-konner-sohnen","12":"first","13":"instock","14":"sale","15":"featured","16":"taxable","17":"shipping-taxable","18":"purchasable","19":"product-type-simple"},"acf":[],"yoast_head":"<!-- This site is optimized with the Yoast SEO plugin v26.2 - https:\/\/yoast.com\/wordpress\/plugins\/seo\/ -->\n<title>Invertergeneraator KS 2100i S - Genekas24<\/title>\n<meta name=\"robots\" content=\"index, follow, max-snippet:-1, max-image-preview:large, max-video-preview:-1\" \/>\n<link rel=\"canonical\" href=\"https:\/\/staging.genekas24.ee\/fi\/tuote\/inverter-generator-ks-2100i-s\/\" \/>\n<meta property=\"og:locale\" content=\"fi_FI\" \/>\n<meta property=\"og:type\" content=\"article\" \/>\n<meta property=\"og:title\" content=\"Invertergeneraator KS 2100i S - Genekas24\" \/>\n<meta property=\"og:description\" content=\"Pinge 230    Max v\u00f5imsus, kW 2.0    Nominaalne v\u00f5imsus, kW   1.8     Sagedus, Hz 50    Vool (max), \u0410   8.7    Pistikupesad   1 x Schuko 230 V     Mootori k\u00e4ivitamine Manuaalne    K\u00fctusepaagi maht, l 4.0    Keskmine. t\u00f6\u00f6aeg (power 50%), h***   4.5     LED-ekraan   Pinge, sagedus, t\u00f6\u00f6aeg     M\u00fcratase Lpa (7m)\/Lwa, dB   62\/87     V\u00f5imsus DC, V\/\u0410 12V\/8.3A    USB-v\u00e4ljund   5V\/1A, 5V\/2.1A     Mootori mudel   KS 110i     Mootori silindri maht, cm3   79.7     Mootori t\u00fc\u00fcp   Bensiinimootoriga \u00fchesilindriline, neljataktiline \u00f5hkjahutusega     Mootori v\u00f5imsus, hp   3.3     Paralleel\u00fchenduse v\u00f5imalus +    Karteri maht, l 0.35    Aku, A\u00b7h -    Kaitseklass IP23M   Neto m\u00f5\u00f5dud (PxLxK), mm 480x290x430   Bruto m\u00f5\u00f5dud (PxLxK), mm 510\u0445320\u0445475   Netokaal, kg 18.5   Brutokaal, kg 21.2   EAN kood 4260405365531    *** K\u00fctusekulu s\u00f5ltub paljudest teguritest: koormus, k\u00fctuse kvaliteet, aastaaeg, k\u00f5rgus merepinnast, generaatori tehniline seisukord.  Kokku pandud HRV-s.\" \/>\n<meta property=\"og:url\" content=\"https:\/\/staging.genekas24.ee\/fi\/tuote\/inverter-generator-ks-2100i-s\/\" \/>\n<meta property=\"og:site_name\" content=\"Genekas24\" \/>\n<meta property=\"article:modified_time\" content=\"2025-12-17T16:34:58+00:00\" \/>\n<meta property=\"og:image\" content=\"https:\/\/staging.genekas24.ee\/wp-content\/uploads\/2024\/07\/KS-2100i-S.png\" \/>\n\t<meta property=\"og:image:width\" content=\"768\" \/>\n\t<meta property=\"og:image:height\" content=\"608\" \/>\n\t<meta property=\"og:image:type\" content=\"image\/png\" \/>\n<meta name=\"twitter:card\" content=\"summary_large_image\" \/>\n<meta name=\"twitter:label1\" content=\"Arvioitu lukuaika\" \/>\n\t<meta name=\"twitter:data1\" content=\"4 minuuttia\" \/>\n<script type=\"application\/ld+json\" class=\"yoast-schema-graph\">{\"@context\":\"https:\/\/schema.org\",\"@graph\":[{\"@type\":\"WebPage\",\"@id\":\"https:\/\/staging.genekas24.ee\/toode\/invertergeneraator-ks-2100i-s\/\",\"url\":\"https:\/\/staging.genekas24.ee\/toode\/invertergeneraator-ks-2100i-s\/\",\"name\":\"Invertergeneraator KS 2100i S - Genekas24\",\"isPartOf\":{\"@id\":\"https:\/\/staging.genekas24.ee\/#website\"},\"primaryImageOfPage\":{\"@id\":\"https:\/\/staging.genekas24.ee\/toode\/invertergeneraator-ks-2100i-s\/#primaryimage\"},\"image\":{\"@id\":\"https:\/\/staging.genekas24.ee\/toode\/invertergeneraator-ks-2100i-s\/#primaryimage\"},\"thumbnailUrl\":\"https:\/\/staging.genekas24.ee\/wp-content\/uploads\/2024\/07\/KS-2100i-S.png\",\"datePublished\":\"2024-07-08T08:17:20+00:00\",\"dateModified\":\"2025-12-17T16:34:58+00:00\",\"breadcrumb\":{\"@id\":\"https:\/\/staging.genekas24.ee\/toode\/invertergeneraator-ks-2100i-s\/#breadcrumb\"},\"inLanguage\":\"fi\",\"potentialAction\":[{\"@type\":\"ReadAction\",\"target\":[\"https:\/\/staging.genekas24.ee\/toode\/invertergeneraator-ks-2100i-s\/\"]}]},{\"@type\":\"ImageObject\",\"inLanguage\":\"fi\",\"@id\":\"https:\/\/staging.genekas24.ee\/toode\/invertergeneraator-ks-2100i-s\/#primaryimage\",\"url\":\"https:\/\/staging.genekas24.ee\/wp-content\/uploads\/2024\/07\/KS-2100i-S.png\",\"contentUrl\":\"https:\/\/staging.genekas24.ee\/wp-content\/uploads\/2024\/07\/KS-2100i-S.png\",\"width\":768,\"height\":608},{\"@type\":\"BreadcrumbList\",\"@id\":\"https:\/\/staging.genekas24.ee\/toode\/invertergeneraator-ks-2100i-s\/#breadcrumb\",\"itemListElement\":[{\"@type\":\"ListItem\",\"position\":1,\"name\":\"Home\",\"item\":\"https:\/\/staging.genekas24.ee\/\"},{\"@type\":\"ListItem\",\"position\":2,\"name\":\"Pood\",\"item\":\"https:\/\/staging.genekas24.ee\/pood\/\"},{\"@type\":\"ListItem\",\"position\":3,\"name\":\"Invertergeneraator KS 2100i S\"}]},{\"@type\":\"WebSite\",\"@id\":\"https:\/\/staging.genekas24.ee\/#website\",\"url\":\"https:\/\/staging.genekas24.ee\/\",\"name\":\"Genekas24\",\"description\":\"Generaatorid | K&ouml;nner S&ouml;hnen tooted | Genekas24\",\"publisher\":{\"@id\":\"https:\/\/staging.genekas24.ee\/#organization\"},\"potentialAction\":[{\"@type\":\"SearchAction\",\"target\":{\"@type\":\"EntryPoint\",\"urlTemplate\":\"https:\/\/staging.genekas24.ee\/?s={search_term_string}\"},\"query-input\":{\"@type\":\"PropertyValueSpecification\",\"valueRequired\":true,\"valueName\":\"search_term_string\"}}],\"inLanguage\":\"fi\"},{\"@type\":\"Organization\",\"@id\":\"https:\/\/staging.genekas24.ee\/#organization\",\"name\":\"Genekas24\",\"url\":\"https:\/\/staging.genekas24.ee\/\",\"logo\":{\"@type\":\"ImageObject\",\"inLanguage\":\"fi\",\"@id\":\"https:\/\/staging.genekas24.ee\/#\/schema\/logo\/image\/\",\"url\":\"https:\/\/staging.genekas24.ee\/wp-content\/uploads\/2026\/01\/genekas24-logo_black.svg\",\"contentUrl\":\"https:\/\/staging.genekas24.ee\/wp-content\/uploads\/2026\/01\/genekas24-logo_black.svg\",\"width\":840,\"height\":131,\"caption\":\"Genekas24\"},\"image\":{\"@id\":\"https:\/\/staging.genekas24.ee\/#\/schema\/logo\/image\/\"}}]}<\/script>\n<!-- \/ Yoast SEO plugin. -->","yoast_head_json":{"title":"Inverter generator KS 2100i S","robots":{"index":"index","follow":"follow","max-snippet":"max-snippet:-1","max-image-preview":"max-image-preview:large","max-video-preview":"max-video-preview:-1"},"canonical":"https:\/\/staging.genekas24.ee\/fi\/tuote\/inverter-generator-ks-2100i-s\/","og_locale":"fi_FI","og_type":"article","og_title":"Invertergeneraator KS 2100i S - Genekas24","og_description":"Pinge 230    Max v\u00f5imsus, kW 2.0    Nominaalne v\u00f5imsus, kW   1.8     Sagedus, Hz 50    Vool (max), \u0410   8.7    Pistikupesad   1 x Schuko 230 V     Mootori k\u00e4ivitamine Manuaalne    K\u00fctusepaagi maht, l 4.0    Keskmine. t\u00f6\u00f6aeg (power 50%), h***   4.5     LED-ekraan   Pinge, sagedus, t\u00f6\u00f6aeg     M\u00fcratase Lpa (7m)\/Lwa, dB   62\/87     V\u00f5imsus DC, V\/\u0410 12V\/8.3A    USB-v\u00e4ljund   5V\/1A, 5V\/2.1A     Mootori mudel   KS 110i     Mootori silindri maht, cm3   79.7     Mootori t\u00fc\u00fcp   Bensiinimootoriga \u00fchesilindriline, neljataktiline \u00f5hkjahutusega     Mootori v\u00f5imsus, hp   3.3     Paralleel\u00fchenduse v\u00f5imalus +    Karteri maht, l 0.35    Aku, A\u00b7h -    Kaitseklass IP23M   Neto m\u00f5\u00f5dud (PxLxK), mm 480x290x430   Bruto m\u00f5\u00f5dud (PxLxK), mm 510\u0445320\u0445475   Netokaal, kg 18.5   Brutokaal, kg 21.2   EAN kood 4260405365531    *** K\u00fctusekulu s\u00f5ltub paljudest teguritest: koormus, k\u00fctuse kvaliteet, aastaaeg, k\u00f5rgus merepinnast, generaatori tehniline seisukord.  Kokku pandud HRV-s.","og_url":"https:\/\/staging.genekas24.ee\/fi\/tuote\/inverter-generator-ks-2100i-s\/","og_site_name":"Genekas24","article_modified_time":"2025-12-17T16:34:58+00:00","og_image":[{"width":768,"height":608,"url":"https:\/\/staging.genekas24.ee\/wp-content\/uploads\/2024\/07\/KS-2100i-S.png","type":"image\/png"}],"twitter_card":"summary_large_image","twitter_misc":{"Arvioitu lukuaika":"4 minuuttia"},"schema":{"@context":"https:\/\/schema.org","@graph":[{"@type":"WebPage","@id":"https:\/\/staging.genekas24.ee\/toode\/invertergeneraator-ks-2100i-s\/","url":"https:\/\/staging.genekas24.ee\/toode\/invertergeneraator-ks-2100i-s\/","name":"Inverter generator KS 2100i S","isPartOf":{"@id":"https:\/\/staging.genekas24.ee\/#website"},"primaryImageOfPage":{"@id":"https:\/\/staging.genekas24.ee\/toode\/invertergeneraator-ks-2100i-s\/#primaryimage"},"image":{"@id":"https:\/\/staging.genekas24.ee\/toode\/invertergeneraator-ks-2100i-s\/#primaryimage"},"thumbnailUrl":"https:\/\/staging.genekas24.ee\/wp-content\/uploads\/2024\/07\/KS-2100i-S.png","datePublished":"2024-07-08T08:17:20+00:00","dateModified":"2025-12-17T16:34:58+00:00","breadcrumb":{"@id":"https:\/\/staging.genekas24.ee\/toode\/invertergeneraator-ks-2100i-s\/#breadcrumb"},"inLanguage":"fi","potentialAction":[{"@type":"ReadAction","target":["https:\/\/staging.genekas24.ee\/toode\/invertergeneraator-ks-2100i-s\/"]}]},{"@type":"ImageObject","inLanguage":"fi","@id":"https:\/\/staging.genekas24.ee\/toode\/invertergeneraator-ks-2100i-s\/#primaryimage","url":"https:\/\/staging.genekas24.ee\/wp-content\/uploads\/2024\/07\/KS-2100i-S.png","contentUrl":"https:\/\/staging.genekas24.ee\/wp-content\/uploads\/2024\/07\/KS-2100i-S.png","width":768,"height":608},{"@type":"BreadcrumbList","@id":"https:\/\/staging.genekas24.ee\/toode\/invertergeneraator-ks-2100i-s\/#breadcrumb","itemListElement":[{"@type":"ListItem","position":1,"name":"Home","item":"https:\/\/staging.genekas24.ee\/"},{"@type":"ListItem","position":2,"name":"Pood","item":"https:\/\/staging.genekas24.ee\/pood\/"},{"@type":"ListItem","position":3,"name":"Invertergeneraator KS 2100i S"}]},{"@type":"WebSite","@id":"https:\/\/staging.genekas24.ee\/#website","url":"https:\/\/staging.genekas24.ee\/","name":"Genekas24","description":"Generaatorid | K&ouml;nner S&ouml;hnen tooted | Genekas24","publisher":{"@id":"https:\/\/staging.genekas24.ee\/#organization"},"potentialAction":[{"@type":"SearchAction","target":{"@type":"EntryPoint","urlTemplate":"https:\/\/staging.genekas24.ee\/?s={search_term_string}"},"query-input":{"@type":"PropertyValueSpecification","valueRequired":true,"valueName":"search_term_string"}}],"inLanguage":"fi"},{"@type":"Organization","@id":"https:\/\/staging.genekas24.ee\/#organization","name":"Genekas24","url":"https:\/\/staging.genekas24.ee\/","logo":{"@type":"ImageObject","inLanguage":"fi","@id":"https:\/\/staging.genekas24.ee\/#\/schema\/logo\/image\/","url":"https:\/\/staging.genekas24.ee\/wp-content\/uploads\/2026\/01\/genekas24-logo_black.svg","contentUrl":"https:\/\/staging.genekas24.ee\/wp-content\/uploads\/2026\/01\/genekas24-logo_black.svg","width":840,"height":131,"caption":"Genekas24"},"image":{"@id":"https:\/\/staging.genekas24.ee\/#\/schema\/logo\/image\/"}}]}},"_links":{"self":[{"href":"https:\/\/staging.genekas24.ee\/fi\/wp-json\/wp\/v2\/product\/16518","targetHints":{"allow":["GET"]}}],"collection":[{"href":"https:\/\/staging.genekas24.ee\/fi\/wp-json\/wp\/v2\/product"}],"about":[{"href":"https:\/\/staging.genekas24.ee\/fi\/wp-json\/wp\/v2\/types\/product"}],"version-history":[{"count":3,"href":"https:\/\/staging.genekas24.ee\/fi\/wp-json\/wp\/v2\/product\/16518\/revisions"}],"predecessor-version":[{"id":18515,"href":"https:\/\/staging.genekas24.ee\/fi\/wp-json\/wp\/v2\/product\/16518\/revisions\/18515"}],"wp:featuredmedia":[{"embeddable":true,"href":"https:\/\/staging.genekas24.ee\/fi\/wp-json\/wp\/v2\/media\/17667"}],"wp:attachment":[{"href":"https:\/\/staging.genekas24.ee\/fi\/wp-json\/wp\/v2\/media?parent=16518"}],"wp:term":[{"taxonomy":"product_brand","embeddable":true,"href":"https:\/\/staging.genekas24.ee\/fi\/wp-json\/wp\/v2\/product_brand?post=16518"},{"taxonomy":"product_cat","embeddable":true,"href":"https:\/\/staging.genekas24.ee\/fi\/wp-json\/wp\/v2\/product_cat?post=16518"},{"taxonomy":"product_tag","embeddable":true,"href":"https:\/\/staging.genekas24.ee\/fi\/wp-json\/wp\/v2\/product_tag?post=16518"}],"curies":[{"name":"wp","href":"https:\/\/api.w.org\/{rel}","templated":true}]}}