{"id":16227,"date":"2024-05-28T14:19:43","date_gmt":"2024-05-28T14:19:43","guid":{"rendered":"https:\/\/staging.genekas24.ee\/?post_type=product&#038;p=16227"},"modified":"2025-12-10T09:33:11","modified_gmt":"2025-12-10T09:33:11","slug":"12v-akuabi-ja-kompressor-ks-jsp-2000","status":"publish","type":"product","link":"https:\/\/staging.genekas24.ee\/fi\/tuote\/jump-starter-compressor-ks-jsp-2000\/","title":{"rendered":"12V akun tehostin ja kompressori KS JSP-2000"},"content":{"rendered":"<p>Saksalainen br\u00e4ndi K\u00f6nner &amp; S\u00f6hnen esittelee akkukompressorilla varustetun 4-in-1 KS JSP-2000 k\u00e4ynnistysapulaiteen \u2013 monik\u00e4ytt\u00f6isen laitteen, joka on v\u00e4ltt\u00e4m\u00e4t\u00f6n autollesi. Se yhdist\u00e4\u00e4 k\u00e4ynnistysapurin ja bensiinimoottori- tai dieselmoottoriautojen akkulaturin toiminnot, akkuvirralla toimivan kompressorin monenlaisiin teht\u00e4viin sek\u00e4 toimii my\u00f6s varavirtal\u00e4hteen\u00e4 ja taskulamppuna. K\u00f6nner &amp; S\u00f6hnenin tuotteita on myyty menestyksekk\u00e4\u00e4sti yli 20 Euroopan maassa, ja vaativat eurooppalaiset kuluttajat ovat testanneet niit\u00e4 vuosien ajan ja saaneet lukuisia positiivisia arvosteluja.<\/p>\n<table style=\"height: auto;\" width=\"100%\">\n<tbody>\n<tr class=\"even\">\n<td style=\"height: auto;\" width=\"20%\"><img fetchpriority=\"high\" decoding=\"async\" class=\"alignnone size-medium wp-image-16238\" src=\"https:\/\/staging.genekas24.ee\/wp-content\/uploads\/2024\/05\/ks-jsp-2000-starter-macro-02-300x300.jpg\" alt=\"\" width=\"300\" height=\"300\" srcset=\"https:\/\/staging.genekas24.ee\/wp-content\/uploads\/2024\/05\/ks-jsp-2000-starter-macro-02-300x300.jpg 300w, https:\/\/staging.genekas24.ee\/wp-content\/uploads\/2024\/05\/ks-jsp-2000-starter-macro-02-150x150.jpg 150w, https:\/\/staging.genekas24.ee\/wp-content\/uploads\/2024\/05\/ks-jsp-2000-starter-macro-02-768x768.jpg 768w, https:\/\/staging.genekas24.ee\/wp-content\/uploads\/2024\/05\/ks-jsp-2000-starter-macro-02-12x12.jpg 12w, https:\/\/staging.genekas24.ee\/wp-content\/uploads\/2024\/05\/ks-jsp-2000-starter-macro-02-600x600.jpg 600w, https:\/\/staging.genekas24.ee\/wp-content\/uploads\/2024\/05\/ks-jsp-2000-starter-macro-02-100x100.jpg 100w, https:\/\/staging.genekas24.ee\/wp-content\/uploads\/2024\/05\/ks-jsp-2000-starter-macro-02.jpg 1000w\" sizes=\"(max-width: 300px) 100vw, 300px\" \/><\/td>\n<td><strong>AUTON NOPEA K\u00c4YNNISTYS<\/strong><\/p>\n<p>Moderni, korkealaatuinen 14 800 mAh suurivirtaisella litiumioniakulla varustettu laite soveltuu jopa 8-litraisille bensiinimoottoreille ja jopa 5-litraisille dieselmoottoreille. Laite takaa v\u00e4litt\u00f6m\u00e4n huippovirran jopa 2000 A, mik\u00e4 mahdollistaa auton moottorin k\u00e4ynnist\u00e4misen vain muutamassa sekunnissa.<\/td>\n<\/tr>\n<tr class=\"even\">\n<td style=\"height: auto;\" width=\"20%\"><img decoding=\"async\" class=\"alignnone size-medium wp-image-16235\" src=\"https:\/\/staging.genekas24.ee\/wp-content\/uploads\/2024\/05\/ks-jsp-2000-max-macro-01-300x300.jpg\" alt=\"\" width=\"300\" height=\"300\" srcset=\"https:\/\/staging.genekas24.ee\/wp-content\/uploads\/2024\/05\/ks-jsp-2000-max-macro-01-300x300.jpg 300w, https:\/\/staging.genekas24.ee\/wp-content\/uploads\/2024\/05\/ks-jsp-2000-max-macro-01-150x150.jpg 150w, https:\/\/staging.genekas24.ee\/wp-content\/uploads\/2024\/05\/ks-jsp-2000-max-macro-01-768x768.jpg 768w, https:\/\/staging.genekas24.ee\/wp-content\/uploads\/2024\/05\/ks-jsp-2000-max-macro-01-12x12.jpg 12w, https:\/\/staging.genekas24.ee\/wp-content\/uploads\/2024\/05\/ks-jsp-2000-max-macro-01-600x600.jpg 600w, https:\/\/staging.genekas24.ee\/wp-content\/uploads\/2024\/05\/ks-jsp-2000-max-macro-01-100x100.jpg 100w, https:\/\/staging.genekas24.ee\/wp-content\/uploads\/2024\/05\/ks-jsp-2000-max-macro-01.jpg 1000w\" sizes=\"(max-width: 300px) 100vw, 300px\" \/><\/td>\n<td>\n<div class=\"feature-title\">\n<p><strong>AKKUVOIMAISEN KORKEAPAINEILMAKOMPRESSORI<\/strong><\/p>\n<p>140 PSI kompressorin t\u00e4ytt\u00f6nopeus on 22 l\/min, mik\u00e4 mahdollistaa laitteiden nopean t\u00e4ytt\u00e4misen ja tyhjent\u00e4misen ilman virtal\u00e4hdett\u00e4. Sit\u00e4 voidaan k\u00e4ytt\u00e4\u00e4 my\u00f6s manometrin\u00e4 rengaspaineen mittaamiseen.<\/p>\n<\/div>\n<\/td>\n<\/tr>\n<tr class=\"even\">\n<td style=\"height: auto;\" width=\"20%\"><img decoding=\"async\" class=\"alignnone size-medium wp-image-16232\" src=\"https:\/\/staging.genekas24.ee\/wp-content\/uploads\/2024\/05\/ks-jsp-2000-display-macro-03-300x300.jpg\" alt=\"\" width=\"300\" height=\"300\" srcset=\"https:\/\/staging.genekas24.ee\/wp-content\/uploads\/2024\/05\/ks-jsp-2000-display-macro-03-300x300.jpg 300w, https:\/\/staging.genekas24.ee\/wp-content\/uploads\/2024\/05\/ks-jsp-2000-display-macro-03-150x150.jpg 150w, https:\/\/staging.genekas24.ee\/wp-content\/uploads\/2024\/05\/ks-jsp-2000-display-macro-03-768x768.jpg 768w, https:\/\/staging.genekas24.ee\/wp-content\/uploads\/2024\/05\/ks-jsp-2000-display-macro-03-12x12.jpg 12w, https:\/\/staging.genekas24.ee\/wp-content\/uploads\/2024\/05\/ks-jsp-2000-display-macro-03-600x600.jpg 600w, https:\/\/staging.genekas24.ee\/wp-content\/uploads\/2024\/05\/ks-jsp-2000-display-macro-03-100x100.jpg 100w, https:\/\/staging.genekas24.ee\/wp-content\/uploads\/2024\/05\/ks-jsp-2000-display-macro-03.jpg 1000w\" sizes=\"(max-width: 300px) 100vw, 300px\" \/><\/td>\n<td>\n<div class=\"feature-title\">\n<p><strong>DIGITAALINEN N\u00c4YTT\u00d6<\/strong><\/p>\n<p>N\u00e4ytt\u00f6 helpottaa laitteen k\u00e4ytt\u00f6\u00e4, mahdollistaen inflaatioparametrien tarkastelun valituissa mittayksik\u00f6iss\u00e4 (PSI, baari). Se tukee pys\u00e4htymist\u00e4 asetetuissa arvoissa ja n\u00e4ytt\u00e4\u00e4 my\u00f6s akun lataustason tiedot.<\/p>\n<\/div>\n<\/td>\n<\/tr>\n<tr class=\"odd\">\n<td style=\"height: auto;\" width=\"20%\"><img loading=\"lazy\" decoding=\"async\" class=\"alignnone size-medium wp-image-16233\" src=\"https:\/\/staging.genekas24.ee\/wp-content\/uploads\/2024\/05\/ks-jsp-2000-led-macro-04-300x300.jpg\" alt=\"\" width=\"300\" height=\"300\" srcset=\"https:\/\/staging.genekas24.ee\/wp-content\/uploads\/2024\/05\/ks-jsp-2000-led-macro-04-300x300.jpg 300w, https:\/\/staging.genekas24.ee\/wp-content\/uploads\/2024\/05\/ks-jsp-2000-led-macro-04-150x150.jpg 150w, https:\/\/staging.genekas24.ee\/wp-content\/uploads\/2024\/05\/ks-jsp-2000-led-macro-04-768x768.jpg 768w, https:\/\/staging.genekas24.ee\/wp-content\/uploads\/2024\/05\/ks-jsp-2000-led-macro-04-12x12.jpg 12w, https:\/\/staging.genekas24.ee\/wp-content\/uploads\/2024\/05\/ks-jsp-2000-led-macro-04-600x600.jpg 600w, https:\/\/staging.genekas24.ee\/wp-content\/uploads\/2024\/05\/ks-jsp-2000-led-macro-04-100x100.jpg 100w, https:\/\/staging.genekas24.ee\/wp-content\/uploads\/2024\/05\/ks-jsp-2000-led-macro-04.jpg 1000w\" sizes=\"(max-width: 300px) 100vw, 300px\" \/><\/td>\n<td>\n<div class=\"feature-title\">\n<p><strong>MONITOIMINTOINEN LED VALO<\/strong><\/p>\n<p>Kotelon sis\u00e4\u00e4nrakennettu kirkas valo on hy\u00f6dyllinen ty\u00f6alueen valaisemiseksi pime\u00e4ss\u00e4 tai heikossa valaistuksessa. Siin\u00e4 on kolme k\u00e4ytt\u00f6tilaa: valaistus, vilkkuminen ja SOS-tila.<\/p>\n<\/div>\n<\/td>\n<\/tr>\n<tr class=\"even\">\n<td style=\"height: auto;\" width=\"20%\"><img loading=\"lazy\" decoding=\"async\" class=\"alignnone size-medium wp-image-16237\" src=\"https:\/\/staging.genekas24.ee\/wp-content\/uploads\/2024\/05\/ks-jsp-2000-prot-macro-en-300x300.jpg\" alt=\"\" width=\"300\" height=\"300\" srcset=\"https:\/\/staging.genekas24.ee\/wp-content\/uploads\/2024\/05\/ks-jsp-2000-prot-macro-en-300x300.jpg 300w, https:\/\/staging.genekas24.ee\/wp-content\/uploads\/2024\/05\/ks-jsp-2000-prot-macro-en-150x150.jpg 150w, https:\/\/staging.genekas24.ee\/wp-content\/uploads\/2024\/05\/ks-jsp-2000-prot-macro-en-768x768.jpg 768w, https:\/\/staging.genekas24.ee\/wp-content\/uploads\/2024\/05\/ks-jsp-2000-prot-macro-en-12x12.jpg 12w, https:\/\/staging.genekas24.ee\/wp-content\/uploads\/2024\/05\/ks-jsp-2000-prot-macro-en-600x600.jpg 600w, https:\/\/staging.genekas24.ee\/wp-content\/uploads\/2024\/05\/ks-jsp-2000-prot-macro-en-100x100.jpg 100w, https:\/\/staging.genekas24.ee\/wp-content\/uploads\/2024\/05\/ks-jsp-2000-prot-macro-en.jpg 1000w\" sizes=\"(max-width: 300px) 100vw, 300px\" \/><\/td>\n<td>\n<div class=\"feature-title\">\n<div class=\"feature-title\"><strong>MAKSIMAALINEN SUOJAUS<\/strong><\/div>\n<div class=\"feature-title\">Laite on suojattu ylivirrasta, ylilatauksesta, liiallisesta purkautumisesta, ylikuumenemisesta, k\u00e4\u00e4nteispolariteetista ja ylij\u00e4nnitteest\u00e4.<\/div>\n<\/div>\n<\/td>\n<\/tr>\n<tr class=\"odd\">\n<td style=\"height: auto;\" width=\"20%\"><img loading=\"lazy\" decoding=\"async\" class=\"alignnone size-medium wp-image-16236\" src=\"https:\/\/staging.genekas24.ee\/wp-content\/uploads\/2024\/05\/ks-jsp-2000-powerbank-macro-06-300x300.jpg\" alt=\"\" width=\"300\" height=\"300\" srcset=\"https:\/\/staging.genekas24.ee\/wp-content\/uploads\/2024\/05\/ks-jsp-2000-powerbank-macro-06-300x300.jpg 300w, https:\/\/staging.genekas24.ee\/wp-content\/uploads\/2024\/05\/ks-jsp-2000-powerbank-macro-06-150x150.jpg 150w, https:\/\/staging.genekas24.ee\/wp-content\/uploads\/2024\/05\/ks-jsp-2000-powerbank-macro-06-768x768.jpg 768w, https:\/\/staging.genekas24.ee\/wp-content\/uploads\/2024\/05\/ks-jsp-2000-powerbank-macro-06-12x12.jpg 12w, https:\/\/staging.genekas24.ee\/wp-content\/uploads\/2024\/05\/ks-jsp-2000-powerbank-macro-06-600x600.jpg 600w, https:\/\/staging.genekas24.ee\/wp-content\/uploads\/2024\/05\/ks-jsp-2000-powerbank-macro-06-100x100.jpg 100w, https:\/\/staging.genekas24.ee\/wp-content\/uploads\/2024\/05\/ks-jsp-2000-powerbank-macro-06.jpg 1000w\" sizes=\"(max-width: 300px) 100vw, 300px\" \/><\/td>\n<td>\n<div class=\"feature-title\">\n<p><strong>POWER BANK -TOIMINTO<\/strong><\/p>\n<p>Integroitu kompakti kannettava akku, jonka kapasiteetti on 14 800 mAh, mahdollistaa laitteen toimimisen laitteiden lataamisen virtapankkina, jossa on 2A USB-l\u00e4ht\u00f6.<\/p>\n<\/div>\n<\/td>\n<\/tr>\n<tr class=\"even\">\n<td style=\"height: auto;\" width=\"20%\"><img loading=\"lazy\" decoding=\"async\" class=\"alignnone size-medium wp-image-16234\" src=\"https:\/\/staging.genekas24.ee\/wp-content\/uploads\/2024\/05\/ks-jsp-2000-matras-macro-07-300x300.jpg\" alt=\"\" width=\"300\" height=\"300\" srcset=\"https:\/\/staging.genekas24.ee\/wp-content\/uploads\/2024\/05\/ks-jsp-2000-matras-macro-07-300x300.jpg 300w, https:\/\/staging.genekas24.ee\/wp-content\/uploads\/2024\/05\/ks-jsp-2000-matras-macro-07-1024x1024.jpg 1024w, https:\/\/staging.genekas24.ee\/wp-content\/uploads\/2024\/05\/ks-jsp-2000-matras-macro-07-150x150.jpg 150w, https:\/\/staging.genekas24.ee\/wp-content\/uploads\/2024\/05\/ks-jsp-2000-matras-macro-07-768x768.jpg 768w, https:\/\/staging.genekas24.ee\/wp-content\/uploads\/2024\/05\/ks-jsp-2000-matras-macro-07-12x12.jpg 12w, https:\/\/staging.genekas24.ee\/wp-content\/uploads\/2024\/05\/ks-jsp-2000-matras-macro-07-600x600.jpg 600w, https:\/\/staging.genekas24.ee\/wp-content\/uploads\/2024\/05\/ks-jsp-2000-matras-macro-07-100x100.jpg 100w, https:\/\/staging.genekas24.ee\/wp-content\/uploads\/2024\/05\/ks-jsp-2000-matras-macro-07.jpg 1246w\" sizes=\"(max-width: 300px) 100vw, 300px\" \/><\/td>\n<td>\n<div class=\"feature-title\">\n<p><strong>5 MODES<\/strong><\/p>\n<p>Laitteessa on 5 t\u00e4ytt\u00f6tilaa: auto, moottoripy\u00f6r\u00e4, py\u00f6r\u00e4, urheiluv\u00e4lineet ja suuri virtaustila. Se on varustettu ilman t\u00e4yt\u00f6n automaattisella pys\u00e4ytystoiminnolla, kun m\u00e4\u00e4ritetyt arvot on saavutettu.<\/p>\n<\/div>\n<\/td>\n<\/tr>\n<\/tbody>\n<\/table>\n<p>&nbsp;<\/p>\n<p>KS JSP-2000 kompressorilla varustettu k\u00e4ynnistyslaite on varustettu modernilla, korkealaatuisella 14 800 mAh litiumioniakulla, jonka korkea ulostuloj\u00e4nnite on jopa 2000 A, mik\u00e4 mahdollistaa jopa 8-litraisten bensiinimoottoreiden ja jopa 200 A dieselmoottoreiden k\u00e4ynnist\u00e4misen vain muutamassa sekunnissa. Puristimissa on lis\u00e4kiinnityksell\u00e4 varustetut kaapelit, jotka lis\u00e4\u00e4v\u00e4t kosketuspintaa ja v\u00e4hent\u00e4v\u00e4t vastusta tehonsiirrossa. Se tarjoaa maksimisuojan: ylivirrasta, ylilatauksesta, liiallisesta purkautumisesta, ylikuumenemisesta, k\u00e4\u00e4nteispolariteetista ja ylij\u00e4nnitteest\u00e4.<\/p>\n<p>KS JSP-2000 laite on varustettu 2A USB-l\u00e4ht\u00f6portilla, ja suuren sis\u00e4\u00e4nrakennetun akun ansiosta se voi ladata monia erilaisia laitteita.<\/p>\n<p>Laitteen kotelossa oleva digitaalinen n\u00e4ytt\u00f6 n\u00e4ytt\u00e4\u00e4 k\u00e4ytt\u00f6tilan, akun lataustason ja paineen.<\/p>\n<p>LED-taskulampissa on kolme k\u00e4ytt\u00f6tilaa: valaistus, vilkkuminen ja SOS-tila. Erityinen vilkkumistila auttaa v\u00e4ltt\u00e4m\u00e4\u00e4n onnettomuuksia renkaan tyhjent\u00e4misen tai y\u00f6n h\u00e4t\u00e4tilanteen aikana. SOS-tila: vuorotellen 3 lyhytt\u00e4 ja 3 pitk\u00e4\u00e4 valosignaalia avun saamiseksi.<\/p>\n<p>Pakettiin kuuluu USB-kaapeli laitteen lataamiseen, jonka t\u00e4yteen latausaika on jopa 6 tuntia. T\u00e4m\u00e4n k\u00e4tev\u00e4n kompaktin 4-in-1 KS JSP-2000 laitteen mukana tulee s\u00e4ilytyspussi, akkupuristimilla varustettu kaapeli, kaksi ilmavirtausputkea, 7 kompressoriadapterin suutinta, latauskaapeli ja varmistusprotektion. Nyt tarvitset auton moottorin k\u00e4ynnist\u00e4miseen vain minimaalisen vaivann\u00e4\u00f6n.<\/p>","protected":false},"excerpt":{"rendered":"<div class=\"attribute row\">\n<div class=\"col-xs-6\">\n<table>\n<tbody>\n<tr class=\"odd\">\n<td>\n<div class=\"col-xs-6\">Akku, mAh<\/div>\n<\/td>\n<td>\n<div class=\"attribute row\">\n<div class=\"col-xs-6\">14800<\/div>\n<\/div>\n<\/td>\n<\/tr>\n<tr class=\"even\">\n<td width=\"60%\">Akun tyyppi<\/td>\n<td>Lithium-ion rechargeable battery<\/td>\n<\/tr>\n<tr class=\"odd\">\n<td>J\u00e4nnite, V<\/td>\n<td>15<\/td>\n<\/tr>\n<tr class=\"even\">\n<td>\n<div class=\"col-xs-6\">Maksimaalinen pneumaattinen paine,  psi<\/div>\n<\/td>\n<td>140<\/td>\n<\/tr>\n<tr class=\"odd\">\n<td>\n<div class=\"col-xs-6\">Nopeus, l\/min<\/div>\n<\/td>\n<td>22<\/td>\n<\/tr>\n<tr class=\"even\">\n<td>\n<div class=\"col-xs-6\">Maksimaalinen ilmam\u00e4\u00e4r\u00e4, l\/min<\/div>\n<\/td>\n<td>\n<div class=\"attribute row\">\n<div class=\"col-xs-6\">360<\/div>\n<\/div>\n<\/td>\n<\/tr>\n<tr class=\"odd\">\n<td>\n<div class=\"col-xs-6\">Jatkuva k\u00e4ytt\u00f6aika, min<\/div>\n<\/td>\n<td>\n<div class=\"attribute row\">\n<div class=\"col-xs-6\">8<\/div>\n<\/div>\n<\/td>\n<\/tr>\n<tr class=\"even\">\n<td>\n<div class=\"col-xs-6\">K\u00e4ytett\u00e4viss\u00e4 olevat yksik\u00f6t<\/div>\n<\/td>\n<td>\n<div class=\"attribute row\">\n<div class=\"col-xs-6\">PSI, BAR<\/div>\n<\/div>\n<\/td>\n<\/tr>\n<tr class=\"odd\">\n<td>\n<div class=\"col-xs-6\">USB-l\u00e4ht\u00f6<\/div>\n<\/td>\n<td>5V\/2A<\/td>\n<\/tr>\n<tr class=\"even\">\n<td>\n<div class=\"col-xs-6\">Nimellisk\u00e4ynnistysvirta, A<\/div>\n<\/td>\n<td>\n<div class=\"attribute row\">\n<div class=\"col-xs-6\">800<\/div>\n<\/div>\n<\/td>\n<\/tr>\n<tr class=\"odd\">\n<td>\n<div class=\"col-xs-6\">Huippuvirta, A<\/div>\n<\/td>\n<td>2000<\/td>\n<\/tr>\n<tr class=\"even\">\n<td>\n<div class=\"col-xs-6\">Latausaika, tuntia<\/div>\n<\/td>\n<td>6<\/td>\n<\/tr>\n<tr class=\"odd\">\n<td>\n<div class=\"col-xs-6\">K\u00e4ytt\u00f6l\u00e4mp\u00f6tila, \u00b0C<\/div>\n<\/td>\n<td>-4 \u00b0C &#8230; +50 \u00b0C<\/td>\n<\/tr>\n<tr class=\"odd\">\n<td>\n<div class=\"col-xs-6\">Nettomitat (PxLxK), mm<\/div>\n<\/td>\n<td>205\u00d777\u00d7114<\/td>\n<\/tr>\n<tr class=\"even\">\n<td>\n<div class=\"col-xs-6\">Bruttomitat (PxLxK), mm<\/div>\n<\/td>\n<td>245x134x168<\/td>\n<\/tr>\n<tr class=\"odd\">\n<td>\n<div class=\"col-xs-6\">Paino, kg<\/div>\n<\/td>\n<td>1,6<\/td>\n<\/tr>\n<tr class=\"odd\">\n<td>\n<div class=\"col-xs-6\">EAN-koodi<\/div>\n<\/td>\n<td>4260405366842<\/td>\n<\/tr>\n<\/tbody>\n<\/table>\n<\/div>\n<\/div>\n<p>Koottu PRC.<\/p>","protected":false},"featured_media":16228,"template":"","meta":{"_acf_changed":false,"inline_featured_image":false},"product_brand":[],"product_cat":[109,181],"product_tag":[],"class_list":{"0":"post-16227","1":"product","2":"type-product","3":"status-publish","4":"has-post-thumbnail","6":"product_cat-12v-akuabi","7":"product_cat-laos-olemas","8":"product_shipping_class-vaikepakk","9":"brand-konner-sohnen","11":"first","12":"instock","13":"taxable","14":"shipping-taxable","15":"purchasable","16":"product-type-simple"},"acf":[],"yoast_head":"<!-- This site is optimized with the Yoast SEO plugin v26.2 - https:\/\/yoast.com\/wordpress\/plugins\/seo\/ -->\n<title>12V akuabi ja kompressor KS JSP-2000 - Genekas24<\/title>\n<meta name=\"robots\" content=\"index, follow, max-snippet:-1, max-image-preview:large, max-video-preview:-1\" \/>\n<link rel=\"canonical\" href=\"https:\/\/staging.genekas24.ee\/fi\/tuote\/jump-starter-compressor-ks-jsp-2000\/\" \/>\n<meta property=\"og:locale\" content=\"fi_FI\" \/>\n<meta property=\"og:type\" content=\"article\" \/>\n<meta property=\"og:title\" content=\"12V akuabi ja kompressor KS JSP-2000 - Genekas24\" \/>\n<meta property=\"og:description\" content=\"Aku, mAh   14800    Aku t\u00fc\u00fcp Liitiumioon aku   Pinge, V 15    Max pneumaatiline surve, psi 140    Kiirus, l\/min 22    Maksimaalne \u00f5huhulk, l\/min   360     J\u00e4rjestikune t\u00f6\u00f6aeg, min   8     Kasutada olevad \u00fchikud   PSI, BAR     USB v\u00e4ljund 5V\/2A    Nimik\u00e4ivitusvool, A   800     Tippvool, A 2000    Laadimisaeg, tunnid 6    T\u00f6\u00f6temperatuur, \u00b0C -4 \u00b0C ... +50 \u00b0C    Netom\u00f5\u00f5tmed, mm 205\u00d777\u00d7114    Brutom\u00f5\u00f5tmed, mm 245x134x168    Kaal, kg 1,6    EAN kood 4260405366842      Kokku pandud HRV-s.\" \/>\n<meta property=\"og:url\" content=\"https:\/\/staging.genekas24.ee\/fi\/tuote\/jump-starter-compressor-ks-jsp-2000\/\" \/>\n<meta property=\"og:site_name\" content=\"Genekas24\" \/>\n<meta property=\"article:modified_time\" content=\"2025-12-10T09:33:11+00:00\" \/>\n<meta property=\"og:image\" content=\"https:\/\/staging.genekas24.ee\/wp-content\/uploads\/2024\/05\/ks-jsp-2000-01.jpg\" \/>\n\t<meta property=\"og:image:width\" content=\"1600\" \/>\n\t<meta property=\"og:image:height\" content=\"1200\" \/>\n\t<meta property=\"og:image:type\" content=\"image\/jpeg\" \/>\n<meta name=\"twitter:card\" content=\"summary_large_image\" \/>\n<meta name=\"twitter:label1\" content=\"Arvioitu lukuaika\" \/>\n\t<meta name=\"twitter:data1\" content=\"4 minuuttia\" \/>\n<script type=\"application\/ld+json\" class=\"yoast-schema-graph\">{\"@context\":\"https:\/\/schema.org\",\"@graph\":[{\"@type\":\"WebPage\",\"@id\":\"https:\/\/staging.genekas24.ee\/toode\/12v-akuabi-ja-kompressor-ks-jsp-2000\/\",\"url\":\"https:\/\/staging.genekas24.ee\/toode\/12v-akuabi-ja-kompressor-ks-jsp-2000\/\",\"name\":\"12V akuabi ja kompressor KS JSP-2000 - Genekas24\",\"isPartOf\":{\"@id\":\"https:\/\/staging.genekas24.ee\/#website\"},\"primaryImageOfPage\":{\"@id\":\"https:\/\/staging.genekas24.ee\/toode\/12v-akuabi-ja-kompressor-ks-jsp-2000\/#primaryimage\"},\"image\":{\"@id\":\"https:\/\/staging.genekas24.ee\/toode\/12v-akuabi-ja-kompressor-ks-jsp-2000\/#primaryimage\"},\"thumbnailUrl\":\"https:\/\/staging.genekas24.ee\/wp-content\/uploads\/2024\/05\/ks-jsp-2000-01.jpg\",\"datePublished\":\"2024-05-28T14:19:43+00:00\",\"dateModified\":\"2025-12-10T09:33:11+00:00\",\"breadcrumb\":{\"@id\":\"https:\/\/staging.genekas24.ee\/toode\/12v-akuabi-ja-kompressor-ks-jsp-2000\/#breadcrumb\"},\"inLanguage\":\"fi\",\"potentialAction\":[{\"@type\":\"ReadAction\",\"target\":[\"https:\/\/staging.genekas24.ee\/toode\/12v-akuabi-ja-kompressor-ks-jsp-2000\/\"]}]},{\"@type\":\"ImageObject\",\"inLanguage\":\"fi\",\"@id\":\"https:\/\/staging.genekas24.ee\/toode\/12v-akuabi-ja-kompressor-ks-jsp-2000\/#primaryimage\",\"url\":\"https:\/\/staging.genekas24.ee\/wp-content\/uploads\/2024\/05\/ks-jsp-2000-01.jpg\",\"contentUrl\":\"https:\/\/staging.genekas24.ee\/wp-content\/uploads\/2024\/05\/ks-jsp-2000-01.jpg\",\"width\":1600,\"height\":1200},{\"@type\":\"BreadcrumbList\",\"@id\":\"https:\/\/staging.genekas24.ee\/toode\/12v-akuabi-ja-kompressor-ks-jsp-2000\/#breadcrumb\",\"itemListElement\":[{\"@type\":\"ListItem\",\"position\":1,\"name\":\"Home\",\"item\":\"https:\/\/staging.genekas24.ee\/\"},{\"@type\":\"ListItem\",\"position\":2,\"name\":\"Pood\",\"item\":\"https:\/\/staging.genekas24.ee\/pood\/\"},{\"@type\":\"ListItem\",\"position\":3,\"name\":\"12V akuabi ja kompressor KS JSP-2000\"}]},{\"@type\":\"WebSite\",\"@id\":\"https:\/\/staging.genekas24.ee\/#website\",\"url\":\"https:\/\/staging.genekas24.ee\/\",\"name\":\"Genekas24\",\"description\":\"Generaatorid | K&ouml;nner S&ouml;hnen tooted | Genekas24\",\"publisher\":{\"@id\":\"https:\/\/staging.genekas24.ee\/#organization\"},\"potentialAction\":[{\"@type\":\"SearchAction\",\"target\":{\"@type\":\"EntryPoint\",\"urlTemplate\":\"https:\/\/staging.genekas24.ee\/?s={search_term_string}\"},\"query-input\":{\"@type\":\"PropertyValueSpecification\",\"valueRequired\":true,\"valueName\":\"search_term_string\"}}],\"inLanguage\":\"fi\"},{\"@type\":\"Organization\",\"@id\":\"https:\/\/staging.genekas24.ee\/#organization\",\"name\":\"Genekas24\",\"url\":\"https:\/\/staging.genekas24.ee\/\",\"logo\":{\"@type\":\"ImageObject\",\"inLanguage\":\"fi\",\"@id\":\"https:\/\/staging.genekas24.ee\/#\/schema\/logo\/image\/\",\"url\":\"https:\/\/staging.genekas24.ee\/wp-content\/uploads\/2026\/01\/genekas24-logo_black.svg\",\"contentUrl\":\"https:\/\/staging.genekas24.ee\/wp-content\/uploads\/2026\/01\/genekas24-logo_black.svg\",\"width\":840,\"height\":131,\"caption\":\"Genekas24\"},\"image\":{\"@id\":\"https:\/\/staging.genekas24.ee\/#\/schema\/logo\/image\/\"}}]}<\/script>\n<!-- \/ Yoast SEO plugin. -->","yoast_head_json":{"title":"Jump starter with a battery-powered compressor KS JSP-2000 - Genekas24","robots":{"index":"index","follow":"follow","max-snippet":"max-snippet:-1","max-image-preview":"max-image-preview:large","max-video-preview":"max-video-preview:-1"},"canonical":"https:\/\/staging.genekas24.ee\/fi\/tuote\/jump-starter-compressor-ks-jsp-2000\/","og_locale":"fi_FI","og_type":"article","og_title":"12V akuabi ja kompressor KS JSP-2000 - Genekas24","og_description":"Aku, mAh   14800    Aku t\u00fc\u00fcp Liitiumioon aku   Pinge, V 15    Max pneumaatiline surve, psi 140    Kiirus, l\/min 22    Maksimaalne \u00f5huhulk, l\/min   360     J\u00e4rjestikune t\u00f6\u00f6aeg, min   8     Kasutada olevad \u00fchikud   PSI, BAR     USB v\u00e4ljund 5V\/2A    Nimik\u00e4ivitusvool, A   800     Tippvool, A 2000    Laadimisaeg, tunnid 6    T\u00f6\u00f6temperatuur, \u00b0C -4 \u00b0C ... +50 \u00b0C    Netom\u00f5\u00f5tmed, mm 205\u00d777\u00d7114    Brutom\u00f5\u00f5tmed, mm 245x134x168    Kaal, kg 1,6    EAN kood 4260405366842      Kokku pandud HRV-s.","og_url":"https:\/\/staging.genekas24.ee\/fi\/tuote\/jump-starter-compressor-ks-jsp-2000\/","og_site_name":"Genekas24","article_modified_time":"2025-12-10T09:33:11+00:00","og_image":[{"width":1600,"height":1200,"url":"https:\/\/staging.genekas24.ee\/wp-content\/uploads\/2024\/05\/ks-jsp-2000-01.jpg","type":"image\/jpeg"}],"twitter_card":"summary_large_image","twitter_misc":{"Arvioitu lukuaika":"4 minuuttia"},"schema":{"@context":"https:\/\/schema.org","@graph":[{"@type":"WebPage","@id":"https:\/\/staging.genekas24.ee\/toode\/12v-akuabi-ja-kompressor-ks-jsp-2000\/","url":"https:\/\/staging.genekas24.ee\/toode\/12v-akuabi-ja-kompressor-ks-jsp-2000\/","name":"Jump starter with a battery-powered compressor KS JSP-2000 - Genekas24","isPartOf":{"@id":"https:\/\/staging.genekas24.ee\/#website"},"primaryImageOfPage":{"@id":"https:\/\/staging.genekas24.ee\/toode\/12v-akuabi-ja-kompressor-ks-jsp-2000\/#primaryimage"},"image":{"@id":"https:\/\/staging.genekas24.ee\/toode\/12v-akuabi-ja-kompressor-ks-jsp-2000\/#primaryimage"},"thumbnailUrl":"https:\/\/staging.genekas24.ee\/wp-content\/uploads\/2024\/05\/ks-jsp-2000-01.jpg","datePublished":"2024-05-28T14:19:43+00:00","dateModified":"2025-12-10T09:33:11+00:00","breadcrumb":{"@id":"https:\/\/staging.genekas24.ee\/toode\/12v-akuabi-ja-kompressor-ks-jsp-2000\/#breadcrumb"},"inLanguage":"fi","potentialAction":[{"@type":"ReadAction","target":["https:\/\/staging.genekas24.ee\/toode\/12v-akuabi-ja-kompressor-ks-jsp-2000\/"]}]},{"@type":"ImageObject","inLanguage":"fi","@id":"https:\/\/staging.genekas24.ee\/toode\/12v-akuabi-ja-kompressor-ks-jsp-2000\/#primaryimage","url":"https:\/\/staging.genekas24.ee\/wp-content\/uploads\/2024\/05\/ks-jsp-2000-01.jpg","contentUrl":"https:\/\/staging.genekas24.ee\/wp-content\/uploads\/2024\/05\/ks-jsp-2000-01.jpg","width":1600,"height":1200},{"@type":"BreadcrumbList","@id":"https:\/\/staging.genekas24.ee\/toode\/12v-akuabi-ja-kompressor-ks-jsp-2000\/#breadcrumb","itemListElement":[{"@type":"ListItem","position":1,"name":"Home","item":"https:\/\/staging.genekas24.ee\/"},{"@type":"ListItem","position":2,"name":"Pood","item":"https:\/\/staging.genekas24.ee\/pood\/"},{"@type":"ListItem","position":3,"name":"12V akuabi ja kompressor KS JSP-2000"}]},{"@type":"WebSite","@id":"https:\/\/staging.genekas24.ee\/#website","url":"https:\/\/staging.genekas24.ee\/","name":"Genekas24","description":"Generaatorid | K&ouml;nner S&ouml;hnen tooted | Genekas24","publisher":{"@id":"https:\/\/staging.genekas24.ee\/#organization"},"potentialAction":[{"@type":"SearchAction","target":{"@type":"EntryPoint","urlTemplate":"https:\/\/staging.genekas24.ee\/?s={search_term_string}"},"query-input":{"@type":"PropertyValueSpecification","valueRequired":true,"valueName":"search_term_string"}}],"inLanguage":"fi"},{"@type":"Organization","@id":"https:\/\/staging.genekas24.ee\/#organization","name":"Genekas24","url":"https:\/\/staging.genekas24.ee\/","logo":{"@type":"ImageObject","inLanguage":"fi","@id":"https:\/\/staging.genekas24.ee\/#\/schema\/logo\/image\/","url":"https:\/\/staging.genekas24.ee\/wp-content\/uploads\/2026\/01\/genekas24-logo_black.svg","contentUrl":"https:\/\/staging.genekas24.ee\/wp-content\/uploads\/2026\/01\/genekas24-logo_black.svg","width":840,"height":131,"caption":"Genekas24"},"image":{"@id":"https:\/\/staging.genekas24.ee\/#\/schema\/logo\/image\/"}}]}},"_links":{"self":[{"href":"https:\/\/staging.genekas24.ee\/fi\/wp-json\/wp\/v2\/product\/16227","targetHints":{"allow":["GET"]}}],"collection":[{"href":"https:\/\/staging.genekas24.ee\/fi\/wp-json\/wp\/v2\/product"}],"about":[{"href":"https:\/\/staging.genekas24.ee\/fi\/wp-json\/wp\/v2\/types\/product"}],"version-history":[{"count":8,"href":"https:\/\/staging.genekas24.ee\/fi\/wp-json\/wp\/v2\/product\/16227\/revisions"}],"predecessor-version":[{"id":21244,"href":"https:\/\/staging.genekas24.ee\/fi\/wp-json\/wp\/v2\/product\/16227\/revisions\/21244"}],"wp:featuredmedia":[{"embeddable":true,"href":"https:\/\/staging.genekas24.ee\/fi\/wp-json\/wp\/v2\/media\/16228"}],"wp:attachment":[{"href":"https:\/\/staging.genekas24.ee\/fi\/wp-json\/wp\/v2\/media?parent=16227"}],"wp:term":[{"taxonomy":"product_brand","embeddable":true,"href":"https:\/\/staging.genekas24.ee\/fi\/wp-json\/wp\/v2\/product_brand?post=16227"},{"taxonomy":"product_cat","embeddable":true,"href":"https:\/\/staging.genekas24.ee\/fi\/wp-json\/wp\/v2\/product_cat?post=16227"},{"taxonomy":"product_tag","embeddable":true,"href":"https:\/\/staging.genekas24.ee\/fi\/wp-json\/wp\/v2\/product_tag?post=16227"}],"curies":[{"name":"wp","href":"https:\/\/api.w.org\/{rel}","templated":true}]}}