{"id":16213,"date":"2024-05-28T14:02:05","date_gmt":"2024-05-28T14:02:05","guid":{"rendered":"https:\/\/staging.genekas24.ee\/?post_type=product&#038;p=16213"},"modified":"2025-12-10T09:31:45","modified_gmt":"2025-12-10T09:31:45","slug":"12v-akuabi-ks-jsp-1200","status":"publish","type":"product","link":"https:\/\/staging.genekas24.ee\/fi\/tuote\/jump-starter-ks-jsp-1200\/","title":{"rendered":"12V akkutehostin ja kompressori KS JSP-1200"},"content":{"rendered":"<p>Ilmakompressorilla varustettu KS JSP-1200 -k\u00e4ynnistin on hy\u00f6dyllinen, kun autosi akku on tyhj\u00e4 tai liian heikko moottorin k\u00e4ynnist\u00e4miseen tai renkaiden tai urheiluv\u00e4lineiden pumppaamiseen. Siin\u00e4 on edistyksellinen, korkealaatuinen 14 000 mAh litiumioniakku, joka on riitt\u00e4v\u00e4n vahva antamaan jopa 1 200 ampeerin k\u00e4ynnistystehoa, jolloin voit k\u00e4ynnist\u00e4\u00e4 autoja jopa 8 litran bensiinimoottoreilla ja jopa 4 litran dieselmoottoreilla. muutamassa sekunnissa. Kiinnittimiss\u00e4 on lis\u00e4johtoliitin asennuslevyihin asennuspinnan lis\u00e4\u00e4miseksi ja voimansiirron vastuksen v\u00e4hent\u00e4miseksi.<\/p>\n<p>KS JSP-1200 -pikak\u00e4ynnistimess\u00e4 on kaksi USB 2 A -l\u00e4ht\u00f6\u00e4, joiden avulla voit ladata monenlaisia \u200b\u200blaitteita.<\/p>\n<p>T\u00e4m\u00e4 k\u00e4tev\u00e4 ja tilaa s\u00e4\u00e4st\u00e4v\u00e4 4-in-1 KS JS-1200 akkulaturi mahtuu helposti autosi hansikaslokeroon ja sen mukana tulee kantolaukku, pidikkeet, akkukaapeli ja latauskaapeli. Nyt auton moottorin k\u00e4ynnist\u00e4minen vaatii vain v\u00e4h\u00e4n vaivaa.<\/p>\n<p>&nbsp;<\/p>\n<table style=\"height: auto;\" width=\"100%\">\n<tbody>\n<tr class=\"even\">\n<td style=\"height: auto;\" width=\"20%\"><img fetchpriority=\"high\" decoding=\"async\" class=\"alignnone size-medium wp-image-16215\" src=\"https:\/\/staging.genekas24.ee\/wp-content\/uploads\/2024\/05\/ks-jsp-1-quick-start-car-300x300.jpg\" alt=\"\" width=\"300\" height=\"300\" srcset=\"https:\/\/staging.genekas24.ee\/wp-content\/uploads\/2024\/05\/ks-jsp-1-quick-start-car-300x300.jpg 300w, https:\/\/staging.genekas24.ee\/wp-content\/uploads\/2024\/05\/ks-jsp-1-quick-start-car-150x150.jpg 150w, https:\/\/staging.genekas24.ee\/wp-content\/uploads\/2024\/05\/ks-jsp-1-quick-start-car-12x12.jpg 12w, https:\/\/staging.genekas24.ee\/wp-content\/uploads\/2024\/05\/ks-jsp-1-quick-start-car-100x100.jpg 100w, https:\/\/staging.genekas24.ee\/wp-content\/uploads\/2024\/05\/ks-jsp-1-quick-start-car.jpg 570w\" sizes=\"(max-width: 300px) 100vw, 300px\" \/><\/td>\n<td><strong>PIKAK\u00c4YNNISTYS AUTOSI<\/strong><\/p>\n<p>Antaa v\u00e4litt\u00f6m\u00e4sti jopa 1200 huippuampeerin k\u00e4ynnistystehoa k\u00e4ynnist\u00e4\u00e4ksesi autosi nopeasti sekunneissa. Edistyksellinen korkealaatuinen 14 000 mAh:n suurvirta-litiumioniakku on suunniteltu enint\u00e4\u00e4n 8 litran bensiinimoottoreille ja enint\u00e4\u00e4n 4 litran dieselmoottoreille.<\/td>\n<\/tr>\n<tr class=\"even\">\n<td style=\"height: auto;\" width=\"20%\"><img decoding=\"async\" class=\"alignnone size-medium wp-image-16216\" src=\"https:\/\/staging.genekas24.ee\/wp-content\/uploads\/2024\/05\/ks-jsp-2-maximum-protection-300x300.jpg\" alt=\"\" width=\"300\" height=\"300\" srcset=\"https:\/\/staging.genekas24.ee\/wp-content\/uploads\/2024\/05\/ks-jsp-2-maximum-protection-300x300.jpg 300w, https:\/\/staging.genekas24.ee\/wp-content\/uploads\/2024\/05\/ks-jsp-2-maximum-protection-150x150.jpg 150w, https:\/\/staging.genekas24.ee\/wp-content\/uploads\/2024\/05\/ks-jsp-2-maximum-protection-768x768.jpg 768w, https:\/\/staging.genekas24.ee\/wp-content\/uploads\/2024\/05\/ks-jsp-2-maximum-protection-12x12.jpg 12w, https:\/\/staging.genekas24.ee\/wp-content\/uploads\/2024\/05\/ks-jsp-2-maximum-protection-600x600.jpg 600w, https:\/\/staging.genekas24.ee\/wp-content\/uploads\/2024\/05\/ks-jsp-2-maximum-protection-100x100.jpg 100w, https:\/\/staging.genekas24.ee\/wp-content\/uploads\/2024\/05\/ks-jsp-2-maximum-protection.jpg 1000w\" sizes=\"(max-width: 300px) 100vw, 300px\" \/><\/td>\n<td>\n<div class=\"feature-title\">\n<p><strong>MAKSIMAALINEN SUOJAUS<\/strong><\/p>\n<p>Se tarjoaa maksimaalisen suojan ylivirtoja, ylilatauksia, ylipurkauksia, ylikuumenemista, k\u00e4\u00e4nteist\u00e4 napaisuutta ja ylij\u00e4nnitett\u00e4 vastaan.<\/p>\n<\/div>\n<\/td>\n<\/tr>\n<tr class=\"even\">\n<td style=\"height: auto;\" width=\"20%\"><img decoding=\"async\" class=\"alignnone size-medium wp-image-16217\" src=\"https:\/\/staging.genekas24.ee\/wp-content\/uploads\/2024\/05\/ks-jsp-3-\u0441ompressor-300x300.jpg\" alt=\"\" width=\"300\" height=\"300\" srcset=\"https:\/\/staging.genekas24.ee\/wp-content\/uploads\/2024\/05\/ks-jsp-3-\u0441ompressor-300x300.jpg 300w, https:\/\/staging.genekas24.ee\/wp-content\/uploads\/2024\/05\/ks-jsp-3-\u0441ompressor-150x150.jpg 150w, https:\/\/staging.genekas24.ee\/wp-content\/uploads\/2024\/05\/ks-jsp-3-\u0441ompressor-12x12.jpg 12w, https:\/\/staging.genekas24.ee\/wp-content\/uploads\/2024\/05\/ks-jsp-3-\u0441ompressor-100x100.jpg 100w, https:\/\/staging.genekas24.ee\/wp-content\/uploads\/2024\/05\/ks-jsp-3-\u0441ompressor.jpg 570w\" sizes=\"(max-width: 300px) 100vw, 300px\" \/><\/td>\n<td>\n<div class=\"feature-title\">\n<p><strong>4-TILAN KOMPRESSORITOIMINTO<\/strong><\/p>\n<p>150 psi:n suurvirtausilmakompressori digitaalisella \u00e4lyn\u00e4yt\u00f6ll\u00e4 tukee paineen esiasetuksia ja vaihtoa mittayksik\u00f6iden v\u00e4lill\u00e4 (psi, bar, kPa, kg\/cm2). Siin\u00e4 on kolme erilaista suutinta. Lis\u00e4ksi johdotonta ilmakompressoria voidaan k\u00e4ytt\u00e4\u00e4 my\u00f6s rengaspainemittarina.<\/p>\n<\/div>\n<\/td>\n<\/tr>\n<tr class=\"odd\">\n<td style=\"height: auto;\" width=\"20%\"><img loading=\"lazy\" decoding=\"async\" class=\"alignnone size-medium wp-image-16218\" src=\"https:\/\/staging.genekas24.ee\/wp-content\/uploads\/2024\/05\/ks-jsp-4-high-quality-clips-300x300.jpg\" alt=\"\" width=\"300\" height=\"300\" srcset=\"https:\/\/staging.genekas24.ee\/wp-content\/uploads\/2024\/05\/ks-jsp-4-high-quality-clips-300x300.jpg 300w, https:\/\/staging.genekas24.ee\/wp-content\/uploads\/2024\/05\/ks-jsp-4-high-quality-clips-1024x1024.jpg 1024w, https:\/\/staging.genekas24.ee\/wp-content\/uploads\/2024\/05\/ks-jsp-4-high-quality-clips-150x150.jpg 150w, https:\/\/staging.genekas24.ee\/wp-content\/uploads\/2024\/05\/ks-jsp-4-high-quality-clips-768x768.jpg 768w, https:\/\/staging.genekas24.ee\/wp-content\/uploads\/2024\/05\/ks-jsp-4-high-quality-clips-1536x1536.jpg 1536w, https:\/\/staging.genekas24.ee\/wp-content\/uploads\/2024\/05\/ks-jsp-4-high-quality-clips-2048x2048.jpg 2048w, https:\/\/staging.genekas24.ee\/wp-content\/uploads\/2024\/05\/ks-jsp-4-high-quality-clips-12x12.jpg 12w, https:\/\/staging.genekas24.ee\/wp-content\/uploads\/2024\/05\/ks-jsp-4-high-quality-clips-600x600.jpg 600w, https:\/\/staging.genekas24.ee\/wp-content\/uploads\/2024\/05\/ks-jsp-4-high-quality-clips-100x100.jpg 100w\" sizes=\"(max-width: 300px) 100vw, 300px\" \/><\/td>\n<td>\n<div class=\"feature-title\">\n<p><strong>LAADUKKAAT KIRISTIN <\/strong><\/p>\n<p>Laadukkaissa puristimissa on ylim\u00e4\u00e4r\u00e4inen johdinliit\u00e4nt\u00e4 kiinnityslevyjen v\u00e4lill\u00e4 kiristyspinnan lis\u00e4\u00e4miseksi ja voimansiirron vastuksen v\u00e4hent\u00e4miseksi.<\/p>\n<\/div>\n<\/td>\n<\/tr>\n<tr class=\"even\">\n<td style=\"height: auto;\" width=\"20%\"><img loading=\"lazy\" decoding=\"async\" class=\"alignnone size-medium wp-image-16219\" src=\"https:\/\/staging.genekas24.ee\/wp-content\/uploads\/2024\/05\/ks-jsp-5-power-bank-function-300x300.jpg\" alt=\"\" width=\"300\" height=\"300\" srcset=\"https:\/\/staging.genekas24.ee\/wp-content\/uploads\/2024\/05\/ks-jsp-5-power-bank-function-300x300.jpg 300w, https:\/\/staging.genekas24.ee\/wp-content\/uploads\/2024\/05\/ks-jsp-5-power-bank-function-150x150.jpg 150w, https:\/\/staging.genekas24.ee\/wp-content\/uploads\/2024\/05\/ks-jsp-5-power-bank-function-12x12.jpg 12w, https:\/\/staging.genekas24.ee\/wp-content\/uploads\/2024\/05\/ks-jsp-5-power-bank-function-100x100.jpg 100w, https:\/\/staging.genekas24.ee\/wp-content\/uploads\/2024\/05\/ks-jsp-5-power-bank-function.jpg 569w\" sizes=\"(max-width: 300px) 100vw, 300px\" \/><\/td>\n<td>\n<div class=\"feature-title\">\n<div class=\"feature-title\"><strong>POWER BANK -TOIMINTO<\/strong><br \/>\nPower bank -toiminto sis\u00e4\u00e4nrakennetulla 14 000 mAh:n suurikapasiteettisella kompaktilla kannettavalla akulla ja kahdella USB 2A -ulostulolla<\/div>\n<\/div>\n<\/td>\n<\/tr>\n<tr class=\"odd\">\n<td style=\"height: auto;\" width=\"20%\"><img loading=\"lazy\" decoding=\"async\" class=\"alignnone size-medium wp-image-16220\" src=\"https:\/\/staging.genekas24.ee\/wp-content\/uploads\/2024\/05\/ks-jsp-6-flashlight-300x300.jpg\" alt=\"\" width=\"300\" height=\"300\" srcset=\"https:\/\/staging.genekas24.ee\/wp-content\/uploads\/2024\/05\/ks-jsp-6-flashlight-300x300.jpg 300w, https:\/\/staging.genekas24.ee\/wp-content\/uploads\/2024\/05\/ks-jsp-6-flashlight-150x150.jpg 150w, https:\/\/staging.genekas24.ee\/wp-content\/uploads\/2024\/05\/ks-jsp-6-flashlight-12x12.jpg 12w, https:\/\/staging.genekas24.ee\/wp-content\/uploads\/2024\/05\/ks-jsp-6-flashlight-100x100.jpg 100w, https:\/\/staging.genekas24.ee\/wp-content\/uploads\/2024\/05\/ks-jsp-6-flashlight.jpg 543w\" sizes=\"(max-width: 300px) 100vw, 300px\" \/><\/td>\n<td>\n<div class=\"feature-title\">\n<p><strong>MONITOIMIVALTOINEN LED-TASKULAMPPU<\/strong><\/p>\n<p>LED-taskulamppussa on kolme tilaa: jatkuva suoratoisto, v\u00e4l\u00e4hdys (ajoittain vilkkuva) ja SOS (h\u00e4t\u00e4signaali). Vilkkuva vilkkuva tila auttaa est\u00e4m\u00e4\u00e4n onnettomuuksia, jos rengas rikkoutuu tai joudut h\u00e4t\u00e4tilanteeseen y\u00f6ll\u00e4. SOS-tilassa se vilkkuu kolme nopeaa ja kolme hidasta v\u00e4l\u00e4hdyst\u00e4 vuorotellen kutsuakseen apua.<\/p>\n<\/div>\n<\/td>\n<\/tr>\n<tr class=\"even\">\n<td style=\"height: auto;\" width=\"20%\"><img loading=\"lazy\" decoding=\"async\" class=\"alignnone size-medium wp-image-16221\" src=\"https:\/\/staging.genekas24.ee\/wp-content\/uploads\/2024\/05\/ks-jsp-7-digital-smart-display-300x300.jpg\" alt=\"\" width=\"300\" height=\"300\" srcset=\"https:\/\/staging.genekas24.ee\/wp-content\/uploads\/2024\/05\/ks-jsp-7-digital-smart-display-300x300.jpg 300w, https:\/\/staging.genekas24.ee\/wp-content\/uploads\/2024\/05\/ks-jsp-7-digital-smart-display-1024x1024.jpg 1024w, https:\/\/staging.genekas24.ee\/wp-content\/uploads\/2024\/05\/ks-jsp-7-digital-smart-display-150x150.jpg 150w, https:\/\/staging.genekas24.ee\/wp-content\/uploads\/2024\/05\/ks-jsp-7-digital-smart-display-768x768.jpg 768w, https:\/\/staging.genekas24.ee\/wp-content\/uploads\/2024\/05\/ks-jsp-7-digital-smart-display-12x12.jpg 12w, https:\/\/staging.genekas24.ee\/wp-content\/uploads\/2024\/05\/ks-jsp-7-digital-smart-display-600x600.jpg 600w, https:\/\/staging.genekas24.ee\/wp-content\/uploads\/2024\/05\/ks-jsp-7-digital-smart-display-100x100.jpg 100w, https:\/\/staging.genekas24.ee\/wp-content\/uploads\/2024\/05\/ks-jsp-7-digital-smart-display.jpg 1469w\" sizes=\"(max-width: 300px) 100vw, 300px\" \/><\/td>\n<td>\n<div class=\"feature-title\">\n<p><strong>DIGITAALINEN \u00c4LYK\u00c4YTT\u00d6<\/strong><\/p>\n<p>K\u00e4ynnistyskytkinkotelossa oleva digitaalinen \u00e4lyn\u00e4ytt\u00f6 n\u00e4ytt\u00e4\u00e4 akun lataustason prosentteina. Laitteen lataaminen t\u00e4yteen mukana tulevalla USB-latauskaapelilla kest\u00e4\u00e4 jopa 5 tuntia.<\/p>\n<\/div>\n<\/td>\n<\/tr>\n<tr class=\"odd\">\n<td style=\"height: auto;\" width=\"20%\"><strong><img loading=\"lazy\" decoding=\"async\" class=\"alignnone size-medium wp-image-16214\" src=\"https:\/\/staging.genekas24.ee\/wp-content\/uploads\/2024\/05\/ks-js-excellent-adaptability-1-300x300.jpg\" alt=\"\" width=\"300\" height=\"300\" srcset=\"https:\/\/staging.genekas24.ee\/wp-content\/uploads\/2024\/05\/ks-js-excellent-adaptability-1-300x300.jpg 300w, https:\/\/staging.genekas24.ee\/wp-content\/uploads\/2024\/05\/ks-js-excellent-adaptability-1-150x150.jpg 150w, https:\/\/staging.genekas24.ee\/wp-content\/uploads\/2024\/05\/ks-js-excellent-adaptability-1-768x768.jpg 768w, https:\/\/staging.genekas24.ee\/wp-content\/uploads\/2024\/05\/ks-js-excellent-adaptability-1-12x12.jpg 12w, https:\/\/staging.genekas24.ee\/wp-content\/uploads\/2024\/05\/ks-js-excellent-adaptability-1-600x600.jpg 600w, https:\/\/staging.genekas24.ee\/wp-content\/uploads\/2024\/05\/ks-js-excellent-adaptability-1-100x100.jpg 100w, https:\/\/staging.genekas24.ee\/wp-content\/uploads\/2024\/05\/ks-js-excellent-adaptability-1.jpg 1000w\" sizes=\"(max-width: 300px) 100vw, 300px\" \/><\/strong><\/td>\n<td>\n<div class=\"feature-title\">\n<p><strong>HYV\u00c4 MUKAUTETTAVUUS<\/strong><\/p>\n<p>Toimii hyvin talvella matalissa l\u00e4mp\u00f6tiloissa aina -20\u00b0C asti ja kes\u00e4ll\u00e4 eritt\u00e4in kuumissa l\u00e4mp\u00f6tiloissa aina 60\u00b0C asti.<\/p>\n<\/div>\n<\/td>\n<\/tr>\n<\/tbody>\n<\/table>\n<p>&nbsp;<\/p>","protected":false},"excerpt":{"rendered":"<table>\n<tbody>\n<tr class=\"odd\">\n<td>\n<div class=\"col-xs-6\">Akku, mAh<\/div>\n<\/td>\n<td>\n<div class=\"attribute row\">\n<div class=\"col-xs-6\">14000<\/div>\n<\/div>\n<\/td>\n<\/tr>\n<tr class=\"even\">\n<td width=\"60%\">Nimellisk\u00e4ynnistysvirta, A<\/td>\n<td>600<\/td>\n<\/tr>\n<tr class=\"odd\">\n<td>Huippuvirta, A<\/td>\n<td>1200<\/td>\n<\/tr>\n<tr class=\"even\">\n<td>\n<div class=\"col-xs-6\">LED-taskulamppu<\/div>\n<\/td>\n<td>+<\/td>\n<\/tr>\n<tr class=\"odd\">\n<td>\n<div class=\"col-xs-6\">USB-l\u00e4hd\u00f6t<\/div>\n<\/td>\n<td>2x 5V\/2A<\/td>\n<\/tr>\n<tr class=\"even\">\n<td>\n<div class=\"col-xs-6\">Latausaika, tuntia<\/div>\n<\/td>\n<td>\n<div class=\"attribute row\">\n<div class=\"col-xs-6\">4-5<\/div>\n<\/div>\n<\/td>\n<\/tr>\n<tr class=\"odd\">\n<td>\n<div class=\"col-xs-6\">K\u00e4ytt\u00f6l\u00e4mp\u00f6tila, \u00b0C<\/div>\n<\/td>\n<td>\n<div class=\"attribute row\">\n<div class=\"col-xs-6\">-20 \u00b0C &#8230; +60 \u00b0C<\/div>\n<\/div>\n<\/td>\n<\/tr>\n<tr class=\"even\">\n<td>\n<div class=\"col-xs-6\">Nettomitat (PxLxK), mm<\/div>\n<\/td>\n<td>\n<div class=\"attribute row\">\n<div class=\"col-xs-6\">200 \u0445 130 \u0445 52<\/div>\n<\/div>\n<\/td>\n<\/tr>\n<tr class=\"odd\">\n<td>\n<div class=\"col-xs-6\">Bruttomitat (PxLxK), mm<\/div>\n<\/td>\n<td>\n<div class=\"attribute row\">\n<div class=\"col-xs-6\">262 \u0445 182 \u0445 112<\/div>\n<\/div>\n<\/td>\n<\/tr>\n<tr class=\"even\">\n<td>Paino, kg<\/td>\n<td>\n<div class=\"attribute row\">\n<div class=\"col-xs-6\">1,45<\/div>\n<\/div>\n<\/td>\n<\/tr>\n<tr class=\"odd\">\n<td>\n<div class=\"col-xs-6\">EAN-koodi<\/div>\n<\/td>\n<td>4260405366774<\/td>\n<\/tr>\n<\/tbody>\n<\/table>\n<p>Koottu PRC.<\/p>","protected":false},"featured_media":16222,"template":"","meta":{"_acf_changed":false,"inline_featured_image":false},"product_brand":[],"product_cat":[109,181],"product_tag":[],"class_list":{"0":"post-16213","1":"product","2":"type-product","3":"status-publish","4":"has-post-thumbnail","6":"product_cat-12v-akuabi","7":"product_cat-laos-olemas","8":"product_shipping_class-vaikepakk","9":"brand-konner-sohnen","11":"first","12":"instock","13":"taxable","14":"shipping-taxable","15":"purchasable","16":"product-type-simple"},"acf":[],"yoast_head":"<!-- This site is optimized with the Yoast SEO plugin v26.2 - https:\/\/yoast.com\/wordpress\/plugins\/seo\/ -->\n<title>12V akuabi ja kompressor KS JSP-1200 - Genekas24<\/title>\n<meta name=\"robots\" content=\"index, follow, max-snippet:-1, max-image-preview:large, max-video-preview:-1\" \/>\n<link rel=\"canonical\" href=\"https:\/\/staging.genekas24.ee\/fi\/tuote\/jump-starter-ks-jsp-1200\/\" \/>\n<meta property=\"og:locale\" content=\"fi_FI\" \/>\n<meta property=\"og:type\" content=\"article\" \/>\n<meta property=\"og:title\" content=\"12V akuabi ja kompressor KS JSP-1200 - Genekas24\" \/>\n<meta property=\"og:description\" content=\"Aku, mAh   14000    Nimik\u00e4ivitusvool, A 600   Tippvool, A 1200    LED taskulamp +    USB v\u00e4ljundid 2x 5V\/2A    Laadimisaeg, tunnid   4-5     T\u00f6\u00f6temperatuur, \u00b0C   -20 \u00b0C ... +60 \u00b0C     Netom\u00f5\u00f5tmed, mm   200 \u0445 130 \u0445 52     Brutom\u00f5\u00f5tmed, mm   262 \u0445 182 \u0445 112    Kaal, kg   1,45     EAN kood 4260405366774    Kokku pandud HRV-s.\" \/>\n<meta property=\"og:url\" content=\"https:\/\/staging.genekas24.ee\/fi\/tuote\/jump-starter-ks-jsp-1200\/\" \/>\n<meta property=\"og:site_name\" content=\"Genekas24\" \/>\n<meta property=\"article:modified_time\" content=\"2025-12-10T09:31:45+00:00\" \/>\n<meta property=\"og:image\" content=\"https:\/\/staging.genekas24.ee\/wp-content\/uploads\/2024\/05\/ks-jsp-1200-01.jpg\" \/>\n\t<meta property=\"og:image:width\" content=\"1600\" \/>\n\t<meta property=\"og:image:height\" content=\"1200\" \/>\n\t<meta property=\"og:image:type\" content=\"image\/jpeg\" \/>\n<meta name=\"twitter:card\" content=\"summary_large_image\" \/>\n<meta name=\"twitter:label1\" content=\"Arvioitu lukuaika\" \/>\n\t<meta name=\"twitter:data1\" content=\"4 minuuttia\" \/>\n<script type=\"application\/ld+json\" class=\"yoast-schema-graph\">{\"@context\":\"https:\/\/schema.org\",\"@graph\":[{\"@type\":\"WebPage\",\"@id\":\"https:\/\/staging.genekas24.ee\/toode\/12v-akuabi-ks-jsp-1200\/\",\"url\":\"https:\/\/staging.genekas24.ee\/toode\/12v-akuabi-ks-jsp-1200\/\",\"name\":\"12V akuabi ja kompressor KS JSP-1200 - Genekas24\",\"isPartOf\":{\"@id\":\"https:\/\/staging.genekas24.ee\/#website\"},\"primaryImageOfPage\":{\"@id\":\"https:\/\/staging.genekas24.ee\/toode\/12v-akuabi-ks-jsp-1200\/#primaryimage\"},\"image\":{\"@id\":\"https:\/\/staging.genekas24.ee\/toode\/12v-akuabi-ks-jsp-1200\/#primaryimage\"},\"thumbnailUrl\":\"https:\/\/staging.genekas24.ee\/wp-content\/uploads\/2024\/05\/ks-jsp-1200-01.jpg\",\"datePublished\":\"2024-05-28T14:02:05+00:00\",\"dateModified\":\"2025-12-10T09:31:45+00:00\",\"breadcrumb\":{\"@id\":\"https:\/\/staging.genekas24.ee\/toode\/12v-akuabi-ks-jsp-1200\/#breadcrumb\"},\"inLanguage\":\"fi\",\"potentialAction\":[{\"@type\":\"ReadAction\",\"target\":[\"https:\/\/staging.genekas24.ee\/toode\/12v-akuabi-ks-jsp-1200\/\"]}]},{\"@type\":\"ImageObject\",\"inLanguage\":\"fi\",\"@id\":\"https:\/\/staging.genekas24.ee\/toode\/12v-akuabi-ks-jsp-1200\/#primaryimage\",\"url\":\"https:\/\/staging.genekas24.ee\/wp-content\/uploads\/2024\/05\/ks-jsp-1200-01.jpg\",\"contentUrl\":\"https:\/\/staging.genekas24.ee\/wp-content\/uploads\/2024\/05\/ks-jsp-1200-01.jpg\",\"width\":1600,\"height\":1200},{\"@type\":\"BreadcrumbList\",\"@id\":\"https:\/\/staging.genekas24.ee\/toode\/12v-akuabi-ks-jsp-1200\/#breadcrumb\",\"itemListElement\":[{\"@type\":\"ListItem\",\"position\":1,\"name\":\"Home\",\"item\":\"https:\/\/staging.genekas24.ee\/\"},{\"@type\":\"ListItem\",\"position\":2,\"name\":\"Pood\",\"item\":\"https:\/\/staging.genekas24.ee\/pood\/\"},{\"@type\":\"ListItem\",\"position\":3,\"name\":\"12V akuabi ja kompressor KS JSP-1200\"}]},{\"@type\":\"WebSite\",\"@id\":\"https:\/\/staging.genekas24.ee\/#website\",\"url\":\"https:\/\/staging.genekas24.ee\/\",\"name\":\"Genekas24\",\"description\":\"Generaatorid | K&ouml;nner S&ouml;hnen tooted | Genekas24\",\"publisher\":{\"@id\":\"https:\/\/staging.genekas24.ee\/#organization\"},\"potentialAction\":[{\"@type\":\"SearchAction\",\"target\":{\"@type\":\"EntryPoint\",\"urlTemplate\":\"https:\/\/staging.genekas24.ee\/?s={search_term_string}\"},\"query-input\":{\"@type\":\"PropertyValueSpecification\",\"valueRequired\":true,\"valueName\":\"search_term_string\"}}],\"inLanguage\":\"fi\"},{\"@type\":\"Organization\",\"@id\":\"https:\/\/staging.genekas24.ee\/#organization\",\"name\":\"Genekas24\",\"url\":\"https:\/\/staging.genekas24.ee\/\",\"logo\":{\"@type\":\"ImageObject\",\"inLanguage\":\"fi\",\"@id\":\"https:\/\/staging.genekas24.ee\/#\/schema\/logo\/image\/\",\"url\":\"https:\/\/staging.genekas24.ee\/wp-content\/uploads\/2026\/01\/genekas24-logo_black.svg\",\"contentUrl\":\"https:\/\/staging.genekas24.ee\/wp-content\/uploads\/2026\/01\/genekas24-logo_black.svg\",\"width\":840,\"height\":131,\"caption\":\"Genekas24\"},\"image\":{\"@id\":\"https:\/\/staging.genekas24.ee\/#\/schema\/logo\/image\/\"}}]}<\/script>\n<!-- \/ Yoast SEO plugin. -->","yoast_head_json":{"title":"Jump starter with air compressor KS JSP-1200 - Genekas24","robots":{"index":"index","follow":"follow","max-snippet":"max-snippet:-1","max-image-preview":"max-image-preview:large","max-video-preview":"max-video-preview:-1"},"canonical":"https:\/\/staging.genekas24.ee\/fi\/tuote\/jump-starter-ks-jsp-1200\/","og_locale":"fi_FI","og_type":"article","og_title":"12V akuabi ja kompressor KS JSP-1200 - Genekas24","og_description":"Aku, mAh   14000    Nimik\u00e4ivitusvool, A 600   Tippvool, A 1200    LED taskulamp +    USB v\u00e4ljundid 2x 5V\/2A    Laadimisaeg, tunnid   4-5     T\u00f6\u00f6temperatuur, \u00b0C   -20 \u00b0C ... +60 \u00b0C     Netom\u00f5\u00f5tmed, mm   200 \u0445 130 \u0445 52     Brutom\u00f5\u00f5tmed, mm   262 \u0445 182 \u0445 112    Kaal, kg   1,45     EAN kood 4260405366774    Kokku pandud HRV-s.","og_url":"https:\/\/staging.genekas24.ee\/fi\/tuote\/jump-starter-ks-jsp-1200\/","og_site_name":"Genekas24","article_modified_time":"2025-12-10T09:31:45+00:00","og_image":[{"width":1600,"height":1200,"url":"https:\/\/staging.genekas24.ee\/wp-content\/uploads\/2024\/05\/ks-jsp-1200-01.jpg","type":"image\/jpeg"}],"twitter_card":"summary_large_image","twitter_misc":{"Arvioitu lukuaika":"4 minuuttia"},"schema":{"@context":"https:\/\/schema.org","@graph":[{"@type":"WebPage","@id":"https:\/\/staging.genekas24.ee\/toode\/12v-akuabi-ks-jsp-1200\/","url":"https:\/\/staging.genekas24.ee\/toode\/12v-akuabi-ks-jsp-1200\/","name":"Jump starter with air compressor KS JSP-1200 - Genekas24","isPartOf":{"@id":"https:\/\/staging.genekas24.ee\/#website"},"primaryImageOfPage":{"@id":"https:\/\/staging.genekas24.ee\/toode\/12v-akuabi-ks-jsp-1200\/#primaryimage"},"image":{"@id":"https:\/\/staging.genekas24.ee\/toode\/12v-akuabi-ks-jsp-1200\/#primaryimage"},"thumbnailUrl":"https:\/\/staging.genekas24.ee\/wp-content\/uploads\/2024\/05\/ks-jsp-1200-01.jpg","datePublished":"2024-05-28T14:02:05+00:00","dateModified":"2025-12-10T09:31:45+00:00","breadcrumb":{"@id":"https:\/\/staging.genekas24.ee\/toode\/12v-akuabi-ks-jsp-1200\/#breadcrumb"},"inLanguage":"fi","potentialAction":[{"@type":"ReadAction","target":["https:\/\/staging.genekas24.ee\/toode\/12v-akuabi-ks-jsp-1200\/"]}]},{"@type":"ImageObject","inLanguage":"fi","@id":"https:\/\/staging.genekas24.ee\/toode\/12v-akuabi-ks-jsp-1200\/#primaryimage","url":"https:\/\/staging.genekas24.ee\/wp-content\/uploads\/2024\/05\/ks-jsp-1200-01.jpg","contentUrl":"https:\/\/staging.genekas24.ee\/wp-content\/uploads\/2024\/05\/ks-jsp-1200-01.jpg","width":1600,"height":1200},{"@type":"BreadcrumbList","@id":"https:\/\/staging.genekas24.ee\/toode\/12v-akuabi-ks-jsp-1200\/#breadcrumb","itemListElement":[{"@type":"ListItem","position":1,"name":"Home","item":"https:\/\/staging.genekas24.ee\/"},{"@type":"ListItem","position":2,"name":"Pood","item":"https:\/\/staging.genekas24.ee\/pood\/"},{"@type":"ListItem","position":3,"name":"12V akuabi ja kompressor KS JSP-1200"}]},{"@type":"WebSite","@id":"https:\/\/staging.genekas24.ee\/#website","url":"https:\/\/staging.genekas24.ee\/","name":"Genekas24","description":"Generaatorid | K&ouml;nner S&ouml;hnen tooted | Genekas24","publisher":{"@id":"https:\/\/staging.genekas24.ee\/#organization"},"potentialAction":[{"@type":"SearchAction","target":{"@type":"EntryPoint","urlTemplate":"https:\/\/staging.genekas24.ee\/?s={search_term_string}"},"query-input":{"@type":"PropertyValueSpecification","valueRequired":true,"valueName":"search_term_string"}}],"inLanguage":"fi"},{"@type":"Organization","@id":"https:\/\/staging.genekas24.ee\/#organization","name":"Genekas24","url":"https:\/\/staging.genekas24.ee\/","logo":{"@type":"ImageObject","inLanguage":"fi","@id":"https:\/\/staging.genekas24.ee\/#\/schema\/logo\/image\/","url":"https:\/\/staging.genekas24.ee\/wp-content\/uploads\/2026\/01\/genekas24-logo_black.svg","contentUrl":"https:\/\/staging.genekas24.ee\/wp-content\/uploads\/2026\/01\/genekas24-logo_black.svg","width":840,"height":131,"caption":"Genekas24"},"image":{"@id":"https:\/\/staging.genekas24.ee\/#\/schema\/logo\/image\/"}}]}},"_links":{"self":[{"href":"https:\/\/staging.genekas24.ee\/fi\/wp-json\/wp\/v2\/product\/16213","targetHints":{"allow":["GET"]}}],"collection":[{"href":"https:\/\/staging.genekas24.ee\/fi\/wp-json\/wp\/v2\/product"}],"about":[{"href":"https:\/\/staging.genekas24.ee\/fi\/wp-json\/wp\/v2\/types\/product"}],"version-history":[{"count":11,"href":"https:\/\/staging.genekas24.ee\/fi\/wp-json\/wp\/v2\/product\/16213\/revisions"}],"predecessor-version":[{"id":21243,"href":"https:\/\/staging.genekas24.ee\/fi\/wp-json\/wp\/v2\/product\/16213\/revisions\/21243"}],"wp:featuredmedia":[{"embeddable":true,"href":"https:\/\/staging.genekas24.ee\/fi\/wp-json\/wp\/v2\/media\/16222"}],"wp:attachment":[{"href":"https:\/\/staging.genekas24.ee\/fi\/wp-json\/wp\/v2\/media?parent=16213"}],"wp:term":[{"taxonomy":"product_brand","embeddable":true,"href":"https:\/\/staging.genekas24.ee\/fi\/wp-json\/wp\/v2\/product_brand?post=16213"},{"taxonomy":"product_cat","embeddable":true,"href":"https:\/\/staging.genekas24.ee\/fi\/wp-json\/wp\/v2\/product_cat?post=16213"},{"taxonomy":"product_tag","embeddable":true,"href":"https:\/\/staging.genekas24.ee\/fi\/wp-json\/wp\/v2\/product_tag?post=16213"}],"curies":[{"name":"wp","href":"https:\/\/api.w.org\/{rel}","templated":true}]}}