{"id":15405,"date":"2023-11-13T12:41:26","date_gmt":"2023-11-13T12:41:26","guid":{"rendered":"https:\/\/staging.genekas24.ee\/?post_type=product&#038;p=15405"},"modified":"2025-12-22T15:28:46","modified_gmt":"2025-12-22T15:28:46","slug":"invertergeneraator-ks-6000ie-s","status":"publish","type":"product","link":"https:\/\/staging.genekas24.ee\/fi\/tuote\/invertterigeneraattori-ks-6000ie-s\/","title":{"rendered":"Invertterigeneraattori KS 6000iE S"},"content":{"rendered":"<p>&nbsp;<\/p>\n<table>\n<tbody>\n<tr class=\"even\">\n<td><img fetchpriority=\"high\" decoding=\"async\" class=\"alignnone size-medium wp-image-2887\" src=\"https:\/\/staging.genekas24.ee\/wp-content\/uploads\/2021\/12\/Pure-sine-wave-300x237.jpg\" alt=\"\" width=\"300\" height=\"237\" srcset=\"https:\/\/staging.genekas24.ee\/wp-content\/uploads\/2021\/12\/Pure-sine-wave-300x237.jpg 300w, https:\/\/staging.genekas24.ee\/wp-content\/uploads\/2021\/12\/Pure-sine-wave-600x474.jpg 600w, https:\/\/staging.genekas24.ee\/wp-content\/uploads\/2021\/12\/Pure-sine-wave-768x607.jpg 768w, https:\/\/staging.genekas24.ee\/wp-content\/uploads\/2021\/12\/Pure-sine-wave-15x12.jpg 15w, https:\/\/staging.genekas24.ee\/wp-content\/uploads\/2021\/12\/Pure-sine-wave.jpg 1013w\" sizes=\"(max-width: 300px) 100vw, 300px\" \/><\/td>\n<td>\n<p class=\"h3\"><strong>POWER DELIVERY -TEHONTUOTTO<\/strong><\/p>\n<p class=\"h3\">Sis\u00e4\u00e4nrakennettu mikroprosessoriohjauksella varustettu elektroninen yksikk\u00f6 valvoo generaattorin toimintaa ja tarjoaa vakaan 230 V:n 50 Hz:n sinimuotoisen l\u00e4ht\u00f6j\u00e4nnitteen, joka soveltuu herk\u00e4n elektroniikan luotettavaan toimintaan.<\/p>\n<\/td>\n<\/tr>\n<tr class=\"even\">\n<td><img decoding=\"async\" class=\"alignnone wp-image-10181 size-medium\" src=\"https:\/\/staging.genekas24.ee\/wp-content\/uploads\/2023\/03\/dvigun-300x300.png\" alt=\"\" width=\"300\" height=\"300\" \/><\/td>\n<td><strong>KEST\u00c4V\u00c4 MOOTTORI<\/strong><\/p>\n<p>Luotettava K\u00f6nner &amp; S\u00f6hnen -moottori on tavanomaista kest\u00e4v\u00e4mpi, joten se takaa pitk\u00e4n ja vakaan k\u00e4yt\u00f6n, ja se t\u00e4ytt\u00e4\u00e4 kaikki eurooppalaiset laatustandardit, EURO V mukaan lukien.<\/td>\n<\/tr>\n<tr class=\"even\">\n<td><img decoding=\"async\" class=\"alignnone wp-image-10370 size-medium\" src=\"https:\/\/staging.genekas24.ee\/wp-content\/uploads\/2023\/03\/ks-6000ie-s_eco-mode-300x300.jpg\" alt=\"\" width=\"300\" height=\"300\" \/><\/td>\n<td><strong>ECONOMY-TILA<\/strong><\/p>\n<p>Ergonomisessa ohjauspaneelissa on polttoainetaloudellisen tilan kytkin. T\u00e4m\u00e4 tila v\u00e4hent\u00e4\u00e4 polttoaineenkulutusta jopa 50 % pienill\u00e4 kuormituksilla moottorin alhaisemman kierrosluvun ansiosta.<\/td>\n<\/tr>\n<tr class=\"odd\">\n<td><img loading=\"lazy\" decoding=\"async\" class=\"alignnone size-medium wp-image-3724\" src=\"https:\/\/staging.genekas24.ee\/wp-content\/uploads\/2022\/02\/automatic-transfer-swithc-300x300.png\" alt=\"\" width=\"300\" height=\"300\" srcset=\"https:\/\/staging.genekas24.ee\/wp-content\/uploads\/2022\/02\/automatic-transfer-swithc-300x300.png 300w, https:\/\/staging.genekas24.ee\/wp-content\/uploads\/2022\/02\/automatic-transfer-swithc-100x100.png 100w, https:\/\/staging.genekas24.ee\/wp-content\/uploads\/2022\/02\/automatic-transfer-swithc-150x150.png 150w, https:\/\/staging.genekas24.ee\/wp-content\/uploads\/2022\/02\/automatic-transfer-swithc-12x12.png 12w, https:\/\/staging.genekas24.ee\/wp-content\/uploads\/2022\/02\/automatic-transfer-swithc.png 400w\" sizes=\"(max-width: 300px) 100vw, 300px\" \/><\/td>\n<td><strong>AUTOMAATTINEN VAIHTOKYTKIN<\/strong><\/p>\n<p class=\"translation-block\">ATS-kytkin (Automatic transfer switch) k\u00e4ynnist\u00e4\u00e4 generaattorin automaattisesti ja siirt\u00e4\u00e4 sille kuorman, kun yhteys verkkovirtaan katkeaa, sek\u00e4 pys\u00e4ytt\u00e4\u00e4 generaattorin automaattisesti, kun verkkovirta palautuu. ATS-l\u00e4hd\u00f6ss\u00e4 on 8-nastainen pistoke ATS-laitteelle KS ATS 4\/25 bensiiniliit\u00e4nt\u00e4\u00e4 varten.<\/td>\n<\/tr>\n<tr class=\"even\">\n<td><img loading=\"lazy\" decoding=\"async\" class=\"alignnone size-medium wp-image-15406\" src=\"https:\/\/staging.genekas24.ee\/wp-content\/uploads\/2023\/11\/ks-6000ie-s_display-300x300.jpg\" alt=\"\" width=\"300\" height=\"300\" srcset=\"https:\/\/staging.genekas24.ee\/wp-content\/uploads\/2023\/11\/ks-6000ie-s_display-300x300.jpg 300w, https:\/\/staging.genekas24.ee\/wp-content\/uploads\/2023\/11\/ks-6000ie-s_display-150x150.jpg 150w, https:\/\/staging.genekas24.ee\/wp-content\/uploads\/2023\/11\/ks-6000ie-s_display-12x12.jpg 12w, https:\/\/staging.genekas24.ee\/wp-content\/uploads\/2023\/11\/ks-6000ie-s_display-600x599.jpg 600w, https:\/\/staging.genekas24.ee\/wp-content\/uploads\/2023\/11\/ks-6000ie-s_display-100x100.jpg 100w, https:\/\/staging.genekas24.ee\/wp-content\/uploads\/2023\/11\/ks-6000ie-s_display.jpg 700w\" sizes=\"(max-width: 300px) 100vw, 300px\" \/><\/td>\n<td>\n<div class=\"feature-title\">\n<div class=\"feature-title\">\n<p><strong>6-IN-1 MONITOIMIN\u00c4YTT\u00d6<\/strong><\/p>\n<\/div>\n<\/div>\n<div class=\"product-feature row\">\n<div class=\"feature-content col-xs-12 col-sm-8 col-md-9\">\n<div class=\"feature-description\">\n<p>Monitoiminen 6-in-1 LED-n\u00e4yt\u00f6ss\u00e4 on seuraavat merkkivalot ja ilmaisimet: kuormitus, polttoaineen m\u00e4\u00e4r\u00e4, k\u00e4ytt\u00f6tuntimittari, j\u00e4nnite, taajuus, \u00f6ljyn m\u00e4\u00e4r\u00e4, ylikuormitus, ty\u00f6skentelytila.<\/p>\n<\/div>\n<\/div>\n<\/div>\n<\/td>\n<\/tr>\n<tr class=\"odd\">\n<td><img loading=\"lazy\" decoding=\"async\" class=\"alignnone wp-image-10382 size-medium\" src=\"https:\/\/staging.genekas24.ee\/wp-content\/uploads\/2023\/03\/ks-6000ie-s_panel-300x300.jpg\" alt=\"\" width=\"300\" height=\"300\" \/><\/td>\n<td>\n<p class=\"h3\"><strong>ERGONOMINEN OHJAUSPANEELI<\/strong><\/p>\n<p class=\"h3\">Kaikki toiminnot on sijoitettu k\u00e4tev\u00e4sti k\u00e4den ulottuville: LED-monitoimin\u00e4ytt\u00f6 (k\u00e4ytt\u00f6tuntimittari, taajuus, j\u00e4nnite), toimintatilan ilmaisin, ylikuormitus- ja oikosulkusuojaus, liian v\u00e4h\u00e4isen \u00f6ljyn m\u00e4\u00e4r\u00e4n anturi, resetointipainike ohjausj\u00e4rjestelm\u00e4n resetointiin ja j\u00e4nnitteensy\u00f6t\u00f6n palautukseen, liitin generaattoreiden rinnakkaisliit\u00e4nn\u00e4lle ja maadoitusliitin.<\/p>\n<\/td>\n<\/tr>\n<tr class=\"even\">\n<td><img loading=\"lazy\" decoding=\"async\" class=\"alignnone wp-image-10388 size-medium\" src=\"https:\/\/staging.genekas24.ee\/wp-content\/uploads\/2023\/03\/ks-6000ie-s_soundproof-300x300.jpg\" alt=\"\" width=\"300\" height=\"300\" \/><\/td>\n<td>\n<p class=\"h3\"><strong>ALHAINEN MELUTASO<\/strong><\/p>\n<p class=\"h3\">Thanks to the special protective case, which ensures a minimum noise level of 70 dB (Lpa 7 m), convenient to use and transport. The product is equipped with a transport system.<\/p>\n<\/td>\n<\/tr>\n<tr class=\"odd\">\n<td><img loading=\"lazy\" decoding=\"async\" class=\"alignnone wp-image-10193 size-medium\" src=\"https:\/\/staging.genekas24.ee\/wp-content\/uploads\/2023\/03\/alternator-inverter-300x300.png\" alt=\"\" width=\"300\" height=\"300\" \/><\/td>\n<td>\n<p class=\"h3\"><strong>LAADUKAS VAIHTOVIRTALATURI<\/strong><\/p>\n<p class=\"h3\">K\u00f6nner &amp; S\u00f6hnen -generaattorit on varustettu tehokkaalla synkronisella vaihtovirtalaturilla, jossa on t\u00e4yskuparinen k\u00e4\u00e4mitys. T\u00e4m\u00e4 on ainoa kuparik\u00e4\u00e4mitys, joka kest\u00e4\u00e4 maksimikuormat vaurioitta, mik\u00e4 takaa generaattorin pitk\u00e4aikaisen luotettavan toiminnan.<\/p>\n<\/td>\n<\/tr>\n<tr class=\"even\">\n<td><img loading=\"lazy\" decoding=\"async\" class=\"alignnone size-medium wp-image-5588\" src=\"https:\/\/staging.genekas24.ee\/wp-content\/uploads\/2022\/09\/2000i_s2000ig_s_parallel-300x274.jpg\" alt=\"\" width=\"300\" height=\"274\" srcset=\"https:\/\/staging.genekas24.ee\/wp-content\/uploads\/2022\/09\/2000i_s2000ig_s_parallel-300x274.jpg 300w, https:\/\/staging.genekas24.ee\/wp-content\/uploads\/2022\/09\/2000i_s2000ig_s_parallel-600x548.jpg 600w, https:\/\/staging.genekas24.ee\/wp-content\/uploads\/2022\/09\/2000i_s2000ig_s_parallel-13x12.jpg 13w, https:\/\/staging.genekas24.ee\/wp-content\/uploads\/2022\/09\/2000i_s2000ig_s_parallel.jpg 756w\" sizes=\"(max-width: 300px) 100vw, 300px\" \/><\/td>\n<td>\n<p class=\"h3\"><strong>RINNANKYTKENT\u00c4<\/strong><\/p>\n<p class=\"translation-block\">KS PU1 generator parallel unit from K\u00f6nner &amp; S\u00f6hnen\u00ae allows to increase the total output power of generators by connecting two inverter generators together. Parallel connection of any two generator models provides output power equal to the combined rated powers of these models. At the same time, parallel connection of generators entails a power loss of 0.2 kW of the aggregate rated power which can be obtained. It is suitable for all K\u00f6nner &amp; S\u00f6hnen\u00ae inverter generators which are parallel ready: KS 2000i S, KS 2000iG S, KS 4000iE S, KS 4000iEG S, KS 4100iEG, KS 6000iE S<\/td>\n<\/tr>\n<tr class=\"odd\">\n<td><img loading=\"lazy\" decoding=\"async\" class=\"alignnone wp-image-10400 size-medium\" src=\"https:\/\/staging.genekas24.ee\/wp-content\/uploads\/2023\/03\/ks-6000ie-s_wheels-300x300.jpg\" alt=\"\" width=\"300\" height=\"300\" \/><\/td>\n<td>\n<p class=\"h3\"><strong>KULJETUSSARJA<\/strong><\/p>\n<p class=\"h3\">K\u00f6nner &amp; S\u00f6hnen -invertterigeneraattorit on varustettu kuljetusj\u00e4rjestelm\u00e4ll\u00e4 liikuttelun helpottamiseksi. Kaksi py\u00f6r\u00e4\u00e4 ja generaattorin siirt\u00e4misen ajaksi yl\u00f6s nouseva kahva takaavat helpon kuljetuksen ja liikutettavuuden.<\/p>\n<\/td>\n<\/tr>\n<\/tbody>\n<\/table>","protected":false},"excerpt":{"rendered":"<table>\n<tbody>\n<tr class=\"odd\">\n<td>J\u00e4nnite, V<\/td>\n<td>230<\/td>\n<\/tr>\n<tr class=\"even\">\n<td width=\"60%\">Suurin teho, kW<\/td>\n<td>5.5<\/td>\n<\/tr>\n<tr class=\"odd\">\n<td>Nimellisteho, kW<\/td>\n<td>5.0<\/td>\n<\/tr>\n<tr class=\"even\">\n<td>Taajuus, Hz<\/td>\n<td>50<\/td>\n<\/tr>\n<tr class=\"odd\">\n<td>Virta (max.), A<\/td>\n<td>23.9<\/td>\n<\/tr>\n<tr class=\"even\">\n<td>L\u00e4hd\u00f6t<\/td>\n<td>1 x Schuko 230 V, 1 x CEE 230 V 32 A<\/td>\n<\/tr>\n<tr class=\"odd\">\n<td>Moottorin k\u00e4ynnistys<\/td>\n<td>Manuaalinen\/s\u00e4hk\u00f6inen<\/td>\n<\/tr>\n<tr class=\"even\">\n<td>Polttoaines\u00e4ili\u00f6n tilavuus, L<\/td>\n<td>11<\/td>\n<\/tr>\n<tr class=\"odd\">\n<td>LED-n\u00e4ytt\u00f6<\/td>\n<td>Kuormitus, polttoaineen taso, j\u00e4nnite, taajuus, k\u00e4ytt\u00f6tunnit, ylikuormituksen merkkivalo, j\u00e4nnitemittari, \u00f6ljyn m\u00e4\u00e4r\u00e4n merkkivalo.<\/td>\n<\/tr>\n<tr class=\"even\">\n<td>Melutaso Lpa (7 m) \/ Lwa, dB<\/td>\n<td>70\/95<\/td>\n<\/tr>\n<tr class=\"odd\">\n<td>Antoteho DC, V\/A<\/td>\n<td>12V\/8.3A<\/td>\n<\/tr>\n<tr class=\"even\">\n<td>USB-l\u00e4hd\u00f6t<\/td>\n<td>5V\/1A, 5V\/2.1A<\/td>\n<\/tr>\n<tr class=\"odd\">\n<td>Moottorin malli<\/td>\n<td>KS 240i<\/td>\n<\/tr>\n<tr class=\"even\">\n<td>Moottorin sylinteritilavuus, cm3<\/td>\n<td>3223<\/td>\n<\/tr>\n<tr class=\"odd\">\n<td>Moottorityyppi<\/td>\n<td>Bensiinik\u00e4ytt\u00f6inen, yksisylinterinen, nelitahtinen, ilmaj\u00e4\u00e4hdytteinen<\/td>\n<\/tr>\n<tr class=\"even\">\n<td>Engine power, hp<\/td>\n<td>7.5<\/td>\n<\/tr>\n<tr class=\"odd\">\n<td>Rinnakkaisliit\u00e4nt\u00e4mahdollisuus<\/td>\n<td>+<\/td>\n<\/tr>\n<tr class=\"even\">\n<td>L\u00e4ht\u00f6 ATS:lle<\/td>\n<td>+<\/td>\n<\/tr>\n<tr class=\"even\">\n<td>Kampikammion tilavuus, L<\/td>\n<td>0.7<\/td>\n<\/tr>\n<tr class=\"even\">\n<td>Alternator winding<\/td>\n<td>kupari<\/td>\n<\/tr>\n<tr>\n<td>Suojausluokka<\/td>\n<td>IP23M<\/td>\n<\/tr>\n<tr class=\"odd\">\n<td>Bruttomitat (P x L x K), mm<\/td>\n<td>640\u0445425\u0445600<\/td>\n<\/tr>\n<tr class=\"even\">\n<td>Net weight, kg<\/td>\n<td>39.5<\/td>\n<\/tr>\n<tr class=\"odd\">\n<td>Gross weight, kg<\/td>\n<td>43.4<\/td>\n<\/tr>\n<tr class=\"even\">\n<td>EAN-koodi<\/td>\n<td>4260405365791<\/td>\n<\/tr>\n<\/tbody>\n<\/table>\n<p>Koottu PRC.<\/p>\n<p>***Polttoaineenkulutus riippuu monista tekij\u00f6ist\u00e4, kuten kuormituksesta, polttoaineen laadusta, vuodenajasta, korkeudesta, generaattorin teknisest\u00e4 kunnosta.<\/p>","protected":false},"featured_media":17670,"template":"","meta":{"_acf_changed":false,"inline_featured_image":false},"product_brand":[],"product_cat":[179,94,23],"product_tag":[],"class_list":{"0":"post-15405","1":"product","2":"type-product","3":"status-publish","4":"has-post-thumbnail","6":"product_cat-allahinnatud","7":"product_cat-generaatorid","8":"product_cat-invertergeneraatorid","9":"product_shipping_class-poolalus","10":"brand-konner-sohnen","12":"first","13":"instock","14":"sale","15":"taxable","16":"shipping-taxable","17":"purchasable","18":"product-type-simple"},"acf":[],"yoast_head":"<!-- This site is optimized with the Yoast SEO plugin v26.2 - https:\/\/yoast.com\/wordpress\/plugins\/seo\/ -->\n<title>Invertergeneraator KS 6000iE S - Genekas24<\/title>\n<meta name=\"robots\" content=\"index, follow, max-snippet:-1, max-image-preview:large, max-video-preview:-1\" \/>\n<link rel=\"canonical\" href=\"https:\/\/staging.genekas24.ee\/fi\/tuote\/invertterigeneraattori-ks-6000ie-s\/\" \/>\n<meta property=\"og:locale\" content=\"fi_FI\" \/>\n<meta property=\"og:type\" content=\"article\" \/>\n<meta property=\"og:title\" content=\"Invertergeneraator KS 6000iE S - Genekas24\" \/>\n<meta property=\"og:description\" content=\"Pinge, V 230   Max v\u00f5imsus, kW 5.5   Nominaalne v\u00f5imsus, kW 5.0   Sagedus, Hz 50   Vool(max), \u0410 23.9   Pistikupesad 1 x Schuko 230 V, 1 x CEE 230 V 32 A   Mootori k\u00e4ivitamine Manuaalne\/elektriline   K\u00fctusepaagi maht, l 11   LED-ekraan Koormus, k\u00fctusetase, pinge, sagedus, t\u00f6\u00f6aeg; \u00fclekoormuse indikaator, pingeindikaator, \u00f5litaseme indikaator   M\u00fcratase Lpa (7m)\/Lwa, dB 70\/95   V\u00f5imsus DC, V\/\u0410 12V\/8.3A   USB-v\u00e4ljund 5V\/1A, 5V\/2.1A   Mootori mudel KS 240i   Mootori silindri maht, cm3 3223   Mootori t\u00fc\u00fcp Bensiinimootoriga \u00fchesilindriline, neljataktiline, \u00f5hkjahutusega   Mootori v\u00f5imus, hp 7.5   Paralleel\u00fchenduse v\u00f5imalus +   ATS- v\u00e4ljund +   Karteri maht, l 0.7   Alternator winding Vask   Kaitseklass IP23M   Bruto m\u00f5\u00f5dud\u00a0 (LxWxH), mm 640\u0445425\u0445600   Neto kaal, kg 39.5   Bruto kaal, kg 43.4   EAN kood 4260405365791    Kokku pandud HRV-s.  ***K\u00fctusekulu s\u00f5ltub paljudest teguritest, nagu koormus, k\u00fctuse kvaliteet, aastaaeg, k\u00f5rgus merepinnast, generaatori tehniline seisukord.\" \/>\n<meta property=\"og:url\" content=\"https:\/\/staging.genekas24.ee\/fi\/tuote\/invertterigeneraattori-ks-6000ie-s\/\" \/>\n<meta property=\"og:site_name\" content=\"Genekas24\" \/>\n<meta property=\"article:modified_time\" content=\"2025-12-22T15:28:46+00:00\" \/>\n<meta property=\"og:image\" content=\"https:\/\/staging.genekas24.ee\/wp-content\/uploads\/2023\/11\/KS-6000iE-S.png\" \/>\n\t<meta property=\"og:image:width\" content=\"768\" \/>\n\t<meta property=\"og:image:height\" content=\"576\" \/>\n\t<meta property=\"og:image:type\" content=\"image\/png\" \/>\n<meta name=\"twitter:card\" content=\"summary_large_image\" \/>\n<meta name=\"twitter:label1\" content=\"Arvioitu lukuaika\" \/>\n\t<meta name=\"twitter:data1\" content=\"4 minuuttia\" \/>\n<script type=\"application\/ld+json\" class=\"yoast-schema-graph\">{\"@context\":\"https:\/\/schema.org\",\"@graph\":[{\"@type\":\"WebPage\",\"@id\":\"https:\/\/staging.genekas24.ee\/toode\/invertergeneraator-ks-6000ie-s\/\",\"url\":\"https:\/\/staging.genekas24.ee\/toode\/invertergeneraator-ks-6000ie-s\/\",\"name\":\"Invertergeneraator KS 6000iE S - Genekas24\",\"isPartOf\":{\"@id\":\"https:\/\/staging.genekas24.ee\/#website\"},\"primaryImageOfPage\":{\"@id\":\"https:\/\/staging.genekas24.ee\/toode\/invertergeneraator-ks-6000ie-s\/#primaryimage\"},\"image\":{\"@id\":\"https:\/\/staging.genekas24.ee\/toode\/invertergeneraator-ks-6000ie-s\/#primaryimage\"},\"thumbnailUrl\":\"https:\/\/staging.genekas24.ee\/wp-content\/uploads\/2023\/11\/KS-6000iE-S.png\",\"datePublished\":\"2023-11-13T12:41:26+00:00\",\"dateModified\":\"2025-12-22T15:28:46+00:00\",\"breadcrumb\":{\"@id\":\"https:\/\/staging.genekas24.ee\/toode\/invertergeneraator-ks-6000ie-s\/#breadcrumb\"},\"inLanguage\":\"fi\",\"potentialAction\":[{\"@type\":\"ReadAction\",\"target\":[\"https:\/\/staging.genekas24.ee\/toode\/invertergeneraator-ks-6000ie-s\/\"]}]},{\"@type\":\"ImageObject\",\"inLanguage\":\"fi\",\"@id\":\"https:\/\/staging.genekas24.ee\/toode\/invertergeneraator-ks-6000ie-s\/#primaryimage\",\"url\":\"https:\/\/staging.genekas24.ee\/wp-content\/uploads\/2023\/11\/KS-6000iE-S.png\",\"contentUrl\":\"https:\/\/staging.genekas24.ee\/wp-content\/uploads\/2023\/11\/KS-6000iE-S.png\",\"width\":768,\"height\":576},{\"@type\":\"BreadcrumbList\",\"@id\":\"https:\/\/staging.genekas24.ee\/toode\/invertergeneraator-ks-6000ie-s\/#breadcrumb\",\"itemListElement\":[{\"@type\":\"ListItem\",\"position\":1,\"name\":\"Home\",\"item\":\"https:\/\/staging.genekas24.ee\/\"},{\"@type\":\"ListItem\",\"position\":2,\"name\":\"Pood\",\"item\":\"https:\/\/staging.genekas24.ee\/pood\/\"},{\"@type\":\"ListItem\",\"position\":3,\"name\":\"Invertergeneraator KS 6000iE S\"}]},{\"@type\":\"WebSite\",\"@id\":\"https:\/\/staging.genekas24.ee\/#website\",\"url\":\"https:\/\/staging.genekas24.ee\/\",\"name\":\"Genekas24\",\"description\":\"Generaatorid | K&ouml;nner S&ouml;hnen tooted | Genekas24\",\"publisher\":{\"@id\":\"https:\/\/staging.genekas24.ee\/#organization\"},\"potentialAction\":[{\"@type\":\"SearchAction\",\"target\":{\"@type\":\"EntryPoint\",\"urlTemplate\":\"https:\/\/staging.genekas24.ee\/?s={search_term_string}\"},\"query-input\":{\"@type\":\"PropertyValueSpecification\",\"valueRequired\":true,\"valueName\":\"search_term_string\"}}],\"inLanguage\":\"fi\"},{\"@type\":\"Organization\",\"@id\":\"https:\/\/staging.genekas24.ee\/#organization\",\"name\":\"Genekas24\",\"url\":\"https:\/\/staging.genekas24.ee\/\",\"logo\":{\"@type\":\"ImageObject\",\"inLanguage\":\"fi\",\"@id\":\"https:\/\/staging.genekas24.ee\/#\/schema\/logo\/image\/\",\"url\":\"https:\/\/staging.genekas24.ee\/wp-content\/uploads\/2026\/01\/genekas24-logo_black.svg\",\"contentUrl\":\"https:\/\/staging.genekas24.ee\/wp-content\/uploads\/2026\/01\/genekas24-logo_black.svg\",\"width\":840,\"height\":131,\"caption\":\"Genekas24\"},\"image\":{\"@id\":\"https:\/\/staging.genekas24.ee\/#\/schema\/logo\/image\/\"}}]}<\/script>\n<!-- \/ Yoast SEO plugin. -->","yoast_head_json":{"title":"Invertterigeneraattori KS 6000iE S - Genekas24","robots":{"index":"index","follow":"follow","max-snippet":"max-snippet:-1","max-image-preview":"max-image-preview:large","max-video-preview":"max-video-preview:-1"},"canonical":"https:\/\/staging.genekas24.ee\/fi\/tuote\/invertterigeneraattori-ks-6000ie-s\/","og_locale":"fi_FI","og_type":"article","og_title":"Invertergeneraator KS 6000iE S - Genekas24","og_description":"Pinge, V 230   Max v\u00f5imsus, kW 5.5   Nominaalne v\u00f5imsus, kW 5.0   Sagedus, Hz 50   Vool(max), \u0410 23.9   Pistikupesad 1 x Schuko 230 V, 1 x CEE 230 V 32 A   Mootori k\u00e4ivitamine Manuaalne\/elektriline   K\u00fctusepaagi maht, l 11   LED-ekraan Koormus, k\u00fctusetase, pinge, sagedus, t\u00f6\u00f6aeg; \u00fclekoormuse indikaator, pingeindikaator, \u00f5litaseme indikaator   M\u00fcratase Lpa (7m)\/Lwa, dB 70\/95   V\u00f5imsus DC, V\/\u0410 12V\/8.3A   USB-v\u00e4ljund 5V\/1A, 5V\/2.1A   Mootori mudel KS 240i   Mootori silindri maht, cm3 3223   Mootori t\u00fc\u00fcp Bensiinimootoriga \u00fchesilindriline, neljataktiline, \u00f5hkjahutusega   Mootori v\u00f5imus, hp 7.5   Paralleel\u00fchenduse v\u00f5imalus +   ATS- v\u00e4ljund +   Karteri maht, l 0.7   Alternator winding Vask   Kaitseklass IP23M   Bruto m\u00f5\u00f5dud\u00a0 (LxWxH), mm 640\u0445425\u0445600   Neto kaal, kg 39.5   Bruto kaal, kg 43.4   EAN kood 4260405365791    Kokku pandud HRV-s.  ***K\u00fctusekulu s\u00f5ltub paljudest teguritest, nagu koormus, k\u00fctuse kvaliteet, aastaaeg, k\u00f5rgus merepinnast, generaatori tehniline seisukord.","og_url":"https:\/\/staging.genekas24.ee\/fi\/tuote\/invertterigeneraattori-ks-6000ie-s\/","og_site_name":"Genekas24","article_modified_time":"2025-12-22T15:28:46+00:00","og_image":[{"width":768,"height":576,"url":"https:\/\/staging.genekas24.ee\/wp-content\/uploads\/2023\/11\/KS-6000iE-S.png","type":"image\/png"}],"twitter_card":"summary_large_image","twitter_misc":{"Arvioitu lukuaika":"4 minuuttia"},"schema":{"@context":"https:\/\/schema.org","@graph":[{"@type":"WebPage","@id":"https:\/\/staging.genekas24.ee\/toode\/invertergeneraator-ks-6000ie-s\/","url":"https:\/\/staging.genekas24.ee\/toode\/invertergeneraator-ks-6000ie-s\/","name":"Invertterigeneraattori KS 6000iE S - Genekas24","isPartOf":{"@id":"https:\/\/staging.genekas24.ee\/#website"},"primaryImageOfPage":{"@id":"https:\/\/staging.genekas24.ee\/toode\/invertergeneraator-ks-6000ie-s\/#primaryimage"},"image":{"@id":"https:\/\/staging.genekas24.ee\/toode\/invertergeneraator-ks-6000ie-s\/#primaryimage"},"thumbnailUrl":"https:\/\/staging.genekas24.ee\/wp-content\/uploads\/2023\/11\/KS-6000iE-S.png","datePublished":"2023-11-13T12:41:26+00:00","dateModified":"2025-12-22T15:28:46+00:00","breadcrumb":{"@id":"https:\/\/staging.genekas24.ee\/toode\/invertergeneraator-ks-6000ie-s\/#breadcrumb"},"inLanguage":"fi","potentialAction":[{"@type":"ReadAction","target":["https:\/\/staging.genekas24.ee\/toode\/invertergeneraator-ks-6000ie-s\/"]}]},{"@type":"ImageObject","inLanguage":"fi","@id":"https:\/\/staging.genekas24.ee\/toode\/invertergeneraator-ks-6000ie-s\/#primaryimage","url":"https:\/\/staging.genekas24.ee\/wp-content\/uploads\/2023\/11\/KS-6000iE-S.png","contentUrl":"https:\/\/staging.genekas24.ee\/wp-content\/uploads\/2023\/11\/KS-6000iE-S.png","width":768,"height":576},{"@type":"BreadcrumbList","@id":"https:\/\/staging.genekas24.ee\/toode\/invertergeneraator-ks-6000ie-s\/#breadcrumb","itemListElement":[{"@type":"ListItem","position":1,"name":"Home","item":"https:\/\/staging.genekas24.ee\/"},{"@type":"ListItem","position":2,"name":"Pood","item":"https:\/\/staging.genekas24.ee\/pood\/"},{"@type":"ListItem","position":3,"name":"Invertergeneraator KS 6000iE S"}]},{"@type":"WebSite","@id":"https:\/\/staging.genekas24.ee\/#website","url":"https:\/\/staging.genekas24.ee\/","name":"Genekas24","description":"Generaatorid | K&ouml;nner S&ouml;hnen tooted | Genekas24","publisher":{"@id":"https:\/\/staging.genekas24.ee\/#organization"},"potentialAction":[{"@type":"SearchAction","target":{"@type":"EntryPoint","urlTemplate":"https:\/\/staging.genekas24.ee\/?s={search_term_string}"},"query-input":{"@type":"PropertyValueSpecification","valueRequired":true,"valueName":"search_term_string"}}],"inLanguage":"fi"},{"@type":"Organization","@id":"https:\/\/staging.genekas24.ee\/#organization","name":"Genekas24","url":"https:\/\/staging.genekas24.ee\/","logo":{"@type":"ImageObject","inLanguage":"fi","@id":"https:\/\/staging.genekas24.ee\/#\/schema\/logo\/image\/","url":"https:\/\/staging.genekas24.ee\/wp-content\/uploads\/2026\/01\/genekas24-logo_black.svg","contentUrl":"https:\/\/staging.genekas24.ee\/wp-content\/uploads\/2026\/01\/genekas24-logo_black.svg","width":840,"height":131,"caption":"Genekas24"},"image":{"@id":"https:\/\/staging.genekas24.ee\/#\/schema\/logo\/image\/"}}]}},"_links":{"self":[{"href":"https:\/\/staging.genekas24.ee\/fi\/wp-json\/wp\/v2\/product\/15405","targetHints":{"allow":["GET"]}}],"collection":[{"href":"https:\/\/staging.genekas24.ee\/fi\/wp-json\/wp\/v2\/product"}],"about":[{"href":"https:\/\/staging.genekas24.ee\/fi\/wp-json\/wp\/v2\/types\/product"}],"version-history":[{"count":14,"href":"https:\/\/staging.genekas24.ee\/fi\/wp-json\/wp\/v2\/product\/15405\/revisions"}],"predecessor-version":[{"id":19751,"href":"https:\/\/staging.genekas24.ee\/fi\/wp-json\/wp\/v2\/product\/15405\/revisions\/19751"}],"wp:featuredmedia":[{"embeddable":true,"href":"https:\/\/staging.genekas24.ee\/fi\/wp-json\/wp\/v2\/media\/17670"}],"wp:attachment":[{"href":"https:\/\/staging.genekas24.ee\/fi\/wp-json\/wp\/v2\/media?parent=15405"}],"wp:term":[{"taxonomy":"product_brand","embeddable":true,"href":"https:\/\/staging.genekas24.ee\/fi\/wp-json\/wp\/v2\/product_brand?post=15405"},{"taxonomy":"product_cat","embeddable":true,"href":"https:\/\/staging.genekas24.ee\/fi\/wp-json\/wp\/v2\/product_cat?post=15405"},{"taxonomy":"product_tag","embeddable":true,"href":"https:\/\/staging.genekas24.ee\/fi\/wp-json\/wp\/v2\/product_tag?post=15405"}],"curies":[{"name":"wp","href":"https:\/\/api.w.org\/{rel}","templated":true}]}}