{"id":14715,"date":"2023-10-03T14:12:23","date_gmt":"2023-10-03T14:12:23","guid":{"rendered":"https:\/\/staging.genekas24.ee\/?post_type=product&#038;p=14715"},"modified":"2025-12-10T09:36:06","modified_gmt":"2025-12-10T09:36:06","slug":"laadimisjaam-elektrisoidukile-ks-slc","status":"publish","type":"product","link":"https:\/\/staging.genekas24.ee\/fi\/tuote\/charging-station-for-electric-vehicle-ks-slc\/","title":{"rendered":"Latausasema s\u00e4hk\u00f6autoille KS SLC"},"content":{"rendered":"<p>Suosittelemme k\u00e4ytt\u00e4m\u00e4\u00e4n K\u00f6nner &amp; S\u00f6hnen\u00ae \u00e4lyk\u00e4st\u00e4 kuormans\u00e4\u00e4dint\u00e4 KS SLC suojaamaan verkkoa ylikuormitukselta s\u00e4hk\u00f6n huippukulutuksen aikoina, kun verkkoon on kytketty latausaseman lis\u00e4ksi useita s\u00e4hk\u00f6n kuluttajia samanaikaisesti.<\/p>\n<p>T\u00e4m\u00e4 laite tarkkailee verkkoon tulevaa kokonaisvirransy\u00f6tt\u00f6\u00e4, ja jos kokonaistulovirta ylitt\u00e4\u00e4 sallitun rajan ajoneuvoasi latauksen aikana, KS SLC \u00e4lyk\u00e4s kuormaohjain v\u00e4hent\u00e4\u00e4 automaattisesti EV-latausaseman l\u00e4ht\u00f6virtaa varmistaakseen kodinkoneidesi toiminnan. Sitten, kun kodinkoneidesi virrankulutus on laskenut, s\u00e4hk\u00f6autosi alkaa latautua taas normaalitilassa eli s\u00e4hk\u00f6auton latausl\u00e4ht\u00f6virta kasvaa automaattisesti.<\/p>\n<p>&nbsp;<\/p>\n<table style=\"height: auto;\" width=\"100%\">\n<tbody>\n<tr class=\"even\">\n<td style=\"height: auto;\" width=\"20%\"><img fetchpriority=\"high\" decoding=\"async\" class=\"alignnone size-full wp-image-14717\" src=\"https:\/\/staging.genekas24.ee\/wp-content\/uploads\/2023\/10\/ks-slc_current-sensor.jpg\" alt=\"\" width=\"1200\" height=\"1200\" \/><\/td>\n<td>\n<div>\n<p><strong>VIRTA-ANTURIT<\/strong><\/p>\n<\/div>\n<div>\n<p>\u00c4lyk\u00e4s kuormanohjain KS SLC valitsi virta-anturiksi CT:n (virtamuuntajan), jonka etuna on avoin ja suljettu asennus, k\u00e4tev\u00e4 ja nopea johdotus. Yksi \u00e4lyk\u00e4s kuormanohjain KS SLC on varustettu kolmella avoimen tyypin CT:ll\u00e4 kokonaistulovirran havaitsemiseksi.<\/p>\n<\/div>\n<\/td>\n<\/tr>\n<\/tbody>\n<\/table>","protected":false},"excerpt":{"rendered":"<p>&nbsp;<\/p>\n<table>\n<tbody>\n<tr class=\"odd\">\n<td>\n<div class=\"col-xs-6\">Nimellisj\u00e4nnite, V<\/div>\n<\/td>\n<td>\n<div class=\"attribute row\">\n<div class=\"col-xs-6\">230\/400<\/div>\n<\/div>\n<\/td>\n<\/tr>\n<tr class=\"even\">\n<td width=\"60%\">N\u00e4ytt\u00f6<\/td>\n<td>1.3-inch OLED screen<\/td>\n<\/tr>\n<tr class=\"odd\">\n<td>CT-rei\u00e4n halkaisija, mm<\/td>\n<td>16<\/td>\n<\/tr>\n<tr class=\"even\">\n<td>\n<div class=\"col-xs-6\">Nykyinen tunnistus, A<\/div>\n<\/td>\n<td>0~ 100<\/td>\n<\/tr>\n<tr class=\"odd\">\n<td>Yhteys<\/td>\n<td>PLC (Power Line Communication)<\/td>\n<\/tr>\n<tr class=\"even\">\n<td>\n<div class=\"col-xs-6\">Sopiva m\u00e4\u00e4r\u00e4<\/div>\n<\/td>\n<td>\u22643<\/td>\n<\/tr>\n<tr class=\"odd\">\n<td>\n<div class=\"col-xs-6\">Asennuspaikka<\/div>\n<\/td>\n<td>\n<div class=\"attribute row\">\n<div class=\"col-xs-6\">Indoor<\/div>\n<\/div>\n<\/td>\n<\/tr>\n<tr class=\"even\">\n<td>\n<div class=\"col-xs-6\">Korkeus, mm<\/div>\n<\/td>\n<td>\n<div class=\"attribute row\">\n<div class=\"col-xs-6\">\u2264 2000<\/div>\n<\/div>\n<\/td>\n<\/tr>\n<tr class=\"odd\">\n<td>\n<div class=\"col-xs-6\">K\u00e4ytt\u00f6l\u00e4mp\u00f6tila, \u00b0C<\/div>\n<\/td>\n<td>\n<div class=\"attribute row\">\n<div class=\"col-xs-6\">-20&#8230;+55<\/div>\n<\/div>\n<\/td>\n<\/tr>\n<tr class=\"even\">\n<td>\n<div class=\"col-xs-6\">Kosteus<\/div>\n<\/td>\n<td>\n<div class=\"attribute row\">\n<div class=\"col-xs-6\">\u2264 95 % suhteellinen kosteus, ei tiivisty<\/div>\n<\/div>\n<\/td>\n<\/tr>\n<tr class=\"odd\">\n<td>\n<div class=\"col-xs-6\">Sis\u00e4mitat (PxLxK), mm<\/div>\n<\/td>\n<td>\n<div class=\"attribute row\">\n<div class=\"col-xs-6\">76x89x76<\/div>\n<\/div>\n<\/td>\n<\/tr>\n<tr class=\"even\">\n<td>\n<div class=\"col-xs-6\">Nettopaino, kg<\/div>\n<\/td>\n<td>&lt; 0.5<\/td>\n<\/tr>\n<tr class=\"odd\">\n<td>\n<div class=\"col-xs-6\">Suojausluokka<\/div>\n<\/td>\n<td>IP00<\/td>\n<\/tr>\n<tr class=\"even\">\n<td>\n<div class=\"col-xs-6\">EAN-koodi<\/div>\n<\/td>\n<td>4260405366415<\/td>\n<\/tr>\n<\/tbody>\n<\/table>\n<p>Koottu PRC.<\/p>\n<p>&nbsp;<\/p>","protected":false},"featured_media":14716,"template":"","meta":{"_acf_changed":false,"inline_featured_image":false},"product_brand":[],"product_cat":[181,92],"product_tag":[],"class_list":{"0":"post-14715","1":"product","2":"type-product","3":"status-publish","4":"has-post-thumbnail","6":"product_cat-laos-olemas","7":"product_cat-laadimisjaamad","8":"product_shipping_class-vaikepakk","9":"brand-konner-sohnen","11":"first","12":"instock","13":"taxable","14":"shipping-taxable","15":"purchasable","16":"product-type-simple"},"acf":[],"yoast_head":"<!-- This site is optimized with the Yoast SEO plugin v26.2 - https:\/\/yoast.com\/wordpress\/plugins\/seo\/ -->\n<title>Laadimisjaam elektris\u00f5idukile KS SLC - Genekas24<\/title>\n<meta name=\"robots\" content=\"index, follow, max-snippet:-1, max-image-preview:large, max-video-preview:-1\" \/>\n<link rel=\"canonical\" href=\"https:\/\/staging.genekas24.ee\/fi\/tuote\/charging-station-for-electric-vehicle-ks-slc\/\" \/>\n<meta property=\"og:locale\" content=\"fi_FI\" \/>\n<meta property=\"og:type\" content=\"article\" \/>\n<meta property=\"og:title\" content=\"Laadimisjaam elektris\u00f5idukile KS SLC - Genekas24\" \/>\n<meta property=\"og:description\" content=\"&nbsp;     Nimipinge, V   230\/400    Ekraan 1,3-tolline OLED ekraan   CT ava l\u00e4bim\u00f5\u00f5t, mm 16    Voolu tuvastamine, A 0~ 100   Side PLC (Power Line Communication)    Sobiv kogus \u22643    Paigalduskoht   Siseruumides     K\u00f5rgus, mm   \u2264 2000     T\u00f6\u00f6temperatuur, \u00b0C   -20...+55     Niiskus   \u2264 95% suhteline \u00f5huniiskus, ilma kondenseerumiseta     Neto m\u00f5\u00f5dud (PxLxK), mm   76x89x76     Netokaal, kg &lt; 0.5    Kaitseklass IP00    EAN kood 4260405366415    Kokku pandud HRV-s.  &nbsp;\" \/>\n<meta property=\"og:url\" content=\"https:\/\/staging.genekas24.ee\/fi\/tuote\/charging-station-for-electric-vehicle-ks-slc\/\" \/>\n<meta property=\"og:site_name\" content=\"Genekas24\" \/>\n<meta property=\"article:modified_time\" content=\"2025-12-10T09:36:06+00:00\" \/>\n<meta property=\"og:image\" content=\"https:\/\/staging.genekas24.ee\/wp-content\/uploads\/2023\/10\/ks-slc.jpg\" \/>\n\t<meta property=\"og:image:width\" content=\"1600\" \/>\n\t<meta property=\"og:image:height\" content=\"1200\" \/>\n\t<meta property=\"og:image:type\" content=\"image\/jpeg\" \/>\n<meta name=\"twitter:card\" content=\"summary_large_image\" \/>\n<meta name=\"twitter:label1\" content=\"Arvioitu lukuaika\" \/>\n\t<meta name=\"twitter:data1\" content=\"2 minuuttia\" \/>\n<script type=\"application\/ld+json\" class=\"yoast-schema-graph\">{\"@context\":\"https:\/\/schema.org\",\"@graph\":[{\"@type\":\"WebPage\",\"@id\":\"https:\/\/staging.genekas24.ee\/toode\/laadimisjaam-elektrisoidukile-ks-slc\/\",\"url\":\"https:\/\/staging.genekas24.ee\/toode\/laadimisjaam-elektrisoidukile-ks-slc\/\",\"name\":\"Laadimisjaam elektris\u00f5idukile KS SLC - Genekas24\",\"isPartOf\":{\"@id\":\"https:\/\/staging.genekas24.ee\/#website\"},\"primaryImageOfPage\":{\"@id\":\"https:\/\/staging.genekas24.ee\/toode\/laadimisjaam-elektrisoidukile-ks-slc\/#primaryimage\"},\"image\":{\"@id\":\"https:\/\/staging.genekas24.ee\/toode\/laadimisjaam-elektrisoidukile-ks-slc\/#primaryimage\"},\"thumbnailUrl\":\"https:\/\/staging.genekas24.ee\/wp-content\/uploads\/2023\/10\/ks-slc.jpg\",\"datePublished\":\"2023-10-03T14:12:23+00:00\",\"dateModified\":\"2025-12-10T09:36:06+00:00\",\"breadcrumb\":{\"@id\":\"https:\/\/staging.genekas24.ee\/toode\/laadimisjaam-elektrisoidukile-ks-slc\/#breadcrumb\"},\"inLanguage\":\"fi\",\"potentialAction\":[{\"@type\":\"ReadAction\",\"target\":[\"https:\/\/staging.genekas24.ee\/toode\/laadimisjaam-elektrisoidukile-ks-slc\/\"]}]},{\"@type\":\"ImageObject\",\"inLanguage\":\"fi\",\"@id\":\"https:\/\/staging.genekas24.ee\/toode\/laadimisjaam-elektrisoidukile-ks-slc\/#primaryimage\",\"url\":\"https:\/\/staging.genekas24.ee\/wp-content\/uploads\/2023\/10\/ks-slc.jpg\",\"contentUrl\":\"https:\/\/staging.genekas24.ee\/wp-content\/uploads\/2023\/10\/ks-slc.jpg\",\"width\":1600,\"height\":1200},{\"@type\":\"BreadcrumbList\",\"@id\":\"https:\/\/staging.genekas24.ee\/toode\/laadimisjaam-elektrisoidukile-ks-slc\/#breadcrumb\",\"itemListElement\":[{\"@type\":\"ListItem\",\"position\":1,\"name\":\"Home\",\"item\":\"https:\/\/staging.genekas24.ee\/\"},{\"@type\":\"ListItem\",\"position\":2,\"name\":\"Pood\",\"item\":\"https:\/\/staging.genekas24.ee\/pood\/\"},{\"@type\":\"ListItem\",\"position\":3,\"name\":\"Laadimisjaam elektris\u00f5idukile KS SLC\"}]},{\"@type\":\"WebSite\",\"@id\":\"https:\/\/staging.genekas24.ee\/#website\",\"url\":\"https:\/\/staging.genekas24.ee\/\",\"name\":\"Genekas24\",\"description\":\"Generaatorid | K&ouml;nner S&ouml;hnen tooted | Genekas24\",\"publisher\":{\"@id\":\"https:\/\/staging.genekas24.ee\/#organization\"},\"potentialAction\":[{\"@type\":\"SearchAction\",\"target\":{\"@type\":\"EntryPoint\",\"urlTemplate\":\"https:\/\/staging.genekas24.ee\/?s={search_term_string}\"},\"query-input\":{\"@type\":\"PropertyValueSpecification\",\"valueRequired\":true,\"valueName\":\"search_term_string\"}}],\"inLanguage\":\"fi\"},{\"@type\":\"Organization\",\"@id\":\"https:\/\/staging.genekas24.ee\/#organization\",\"name\":\"Genekas24\",\"url\":\"https:\/\/staging.genekas24.ee\/\",\"logo\":{\"@type\":\"ImageObject\",\"inLanguage\":\"fi\",\"@id\":\"https:\/\/staging.genekas24.ee\/#\/schema\/logo\/image\/\",\"url\":\"https:\/\/staging.genekas24.ee\/wp-content\/uploads\/2026\/01\/genekas24-logo_black.svg\",\"contentUrl\":\"https:\/\/staging.genekas24.ee\/wp-content\/uploads\/2026\/01\/genekas24-logo_black.svg\",\"width\":840,\"height\":131,\"caption\":\"Genekas24\"},\"image\":{\"@id\":\"https:\/\/staging.genekas24.ee\/#\/schema\/logo\/image\/\"}}]}<\/script>\n<!-- \/ Yoast SEO plugin. -->","yoast_head_json":{"title":"Laadimisjaam elektris\u00f5idukile KS SLC - Genekas24","robots":{"index":"index","follow":"follow","max-snippet":"max-snippet:-1","max-image-preview":"max-image-preview:large","max-video-preview":"max-video-preview:-1"},"canonical":"https:\/\/staging.genekas24.ee\/fi\/tuote\/charging-station-for-electric-vehicle-ks-slc\/","og_locale":"fi_FI","og_type":"article","og_title":"Laadimisjaam elektris\u00f5idukile KS SLC - Genekas24","og_description":"&nbsp;     Nimipinge, V   230\/400    Ekraan 1,3-tolline OLED ekraan   CT ava l\u00e4bim\u00f5\u00f5t, mm 16    Voolu tuvastamine, A 0~ 100   Side PLC (Power Line Communication)    Sobiv kogus \u22643    Paigalduskoht   Siseruumides     K\u00f5rgus, mm   \u2264 2000     T\u00f6\u00f6temperatuur, \u00b0C   -20...+55     Niiskus   \u2264 95% suhteline \u00f5huniiskus, ilma kondenseerumiseta     Neto m\u00f5\u00f5dud (PxLxK), mm   76x89x76     Netokaal, kg &lt; 0.5    Kaitseklass IP00    EAN kood 4260405366415    Kokku pandud HRV-s.  &nbsp;","og_url":"https:\/\/staging.genekas24.ee\/fi\/tuote\/charging-station-for-electric-vehicle-ks-slc\/","og_site_name":"Genekas24","article_modified_time":"2025-12-10T09:36:06+00:00","og_image":[{"width":1600,"height":1200,"url":"https:\/\/staging.genekas24.ee\/wp-content\/uploads\/2023\/10\/ks-slc.jpg","type":"image\/jpeg"}],"twitter_card":"summary_large_image","twitter_misc":{"Arvioitu lukuaika":"2 minuuttia"},"schema":{"@context":"https:\/\/schema.org","@graph":[{"@type":"WebPage","@id":"https:\/\/staging.genekas24.ee\/toode\/laadimisjaam-elektrisoidukile-ks-slc\/","url":"https:\/\/staging.genekas24.ee\/toode\/laadimisjaam-elektrisoidukile-ks-slc\/","name":"Laadimisjaam elektris\u00f5idukile KS SLC - Genekas24","isPartOf":{"@id":"https:\/\/staging.genekas24.ee\/#website"},"primaryImageOfPage":{"@id":"https:\/\/staging.genekas24.ee\/toode\/laadimisjaam-elektrisoidukile-ks-slc\/#primaryimage"},"image":{"@id":"https:\/\/staging.genekas24.ee\/toode\/laadimisjaam-elektrisoidukile-ks-slc\/#primaryimage"},"thumbnailUrl":"https:\/\/staging.genekas24.ee\/wp-content\/uploads\/2023\/10\/ks-slc.jpg","datePublished":"2023-10-03T14:12:23+00:00","dateModified":"2025-12-10T09:36:06+00:00","breadcrumb":{"@id":"https:\/\/staging.genekas24.ee\/toode\/laadimisjaam-elektrisoidukile-ks-slc\/#breadcrumb"},"inLanguage":"fi","potentialAction":[{"@type":"ReadAction","target":["https:\/\/staging.genekas24.ee\/toode\/laadimisjaam-elektrisoidukile-ks-slc\/"]}]},{"@type":"ImageObject","inLanguage":"fi","@id":"https:\/\/staging.genekas24.ee\/toode\/laadimisjaam-elektrisoidukile-ks-slc\/#primaryimage","url":"https:\/\/staging.genekas24.ee\/wp-content\/uploads\/2023\/10\/ks-slc.jpg","contentUrl":"https:\/\/staging.genekas24.ee\/wp-content\/uploads\/2023\/10\/ks-slc.jpg","width":1600,"height":1200},{"@type":"BreadcrumbList","@id":"https:\/\/staging.genekas24.ee\/toode\/laadimisjaam-elektrisoidukile-ks-slc\/#breadcrumb","itemListElement":[{"@type":"ListItem","position":1,"name":"Home","item":"https:\/\/staging.genekas24.ee\/"},{"@type":"ListItem","position":2,"name":"Pood","item":"https:\/\/staging.genekas24.ee\/pood\/"},{"@type":"ListItem","position":3,"name":"Laadimisjaam elektris\u00f5idukile KS SLC"}]},{"@type":"WebSite","@id":"https:\/\/staging.genekas24.ee\/#website","url":"https:\/\/staging.genekas24.ee\/","name":"Genekas24","description":"Generaatorid | K&ouml;nner S&ouml;hnen tooted | Genekas24","publisher":{"@id":"https:\/\/staging.genekas24.ee\/#organization"},"potentialAction":[{"@type":"SearchAction","target":{"@type":"EntryPoint","urlTemplate":"https:\/\/staging.genekas24.ee\/?s={search_term_string}"},"query-input":{"@type":"PropertyValueSpecification","valueRequired":true,"valueName":"search_term_string"}}],"inLanguage":"fi"},{"@type":"Organization","@id":"https:\/\/staging.genekas24.ee\/#organization","name":"Genekas24","url":"https:\/\/staging.genekas24.ee\/","logo":{"@type":"ImageObject","inLanguage":"fi","@id":"https:\/\/staging.genekas24.ee\/#\/schema\/logo\/image\/","url":"https:\/\/staging.genekas24.ee\/wp-content\/uploads\/2026\/01\/genekas24-logo_black.svg","contentUrl":"https:\/\/staging.genekas24.ee\/wp-content\/uploads\/2026\/01\/genekas24-logo_black.svg","width":840,"height":131,"caption":"Genekas24"},"image":{"@id":"https:\/\/staging.genekas24.ee\/#\/schema\/logo\/image\/"}}]}},"_links":{"self":[{"href":"https:\/\/staging.genekas24.ee\/fi\/wp-json\/wp\/v2\/product\/14715","targetHints":{"allow":["GET"]}}],"collection":[{"href":"https:\/\/staging.genekas24.ee\/fi\/wp-json\/wp\/v2\/product"}],"about":[{"href":"https:\/\/staging.genekas24.ee\/fi\/wp-json\/wp\/v2\/types\/product"}],"version-history":[{"count":10,"href":"https:\/\/staging.genekas24.ee\/fi\/wp-json\/wp\/v2\/product\/14715\/revisions"}],"predecessor-version":[{"id":21249,"href":"https:\/\/staging.genekas24.ee\/fi\/wp-json\/wp\/v2\/product\/14715\/revisions\/21249"}],"wp:featuredmedia":[{"embeddable":true,"href":"https:\/\/staging.genekas24.ee\/fi\/wp-json\/wp\/v2\/media\/14716"}],"wp:attachment":[{"href":"https:\/\/staging.genekas24.ee\/fi\/wp-json\/wp\/v2\/media?parent=14715"}],"wp:term":[{"taxonomy":"product_brand","embeddable":true,"href":"https:\/\/staging.genekas24.ee\/fi\/wp-json\/wp\/v2\/product_brand?post=14715"},{"taxonomy":"product_cat","embeddable":true,"href":"https:\/\/staging.genekas24.ee\/fi\/wp-json\/wp\/v2\/product_cat?post=14715"},{"taxonomy":"product_tag","embeddable":true,"href":"https:\/\/staging.genekas24.ee\/fi\/wp-json\/wp\/v2\/product_tag?post=14715"}],"curies":[{"name":"wp","href":"https:\/\/api.w.org\/{rel}","templated":true}]}}