{"id":14342,"date":"2023-08-30T13:45:54","date_gmt":"2023-08-30T13:45:54","guid":{"rendered":"https:\/\/staging.genekas24.ee\/?post_type=product&#038;p=14342"},"modified":"2025-12-23T10:10:09","modified_gmt":"2025-12-23T10:10:09","slug":"pikendusjuhe-rull-ks-crm-30m","status":"publish","type":"product","link":"https:\/\/staging.genekas24.ee\/fi\/tuote\/jatkojohto-ks-crm-30m\/","title":{"rendered":"Jatkojohto KS CRM-30M"},"content":{"rendered":"<p><span data-sheets-value=\"{&quot;1&quot;:2,&quot;2&quot;:&quot;Pikendusjuhe rull KS CRM-30M kaabli pikkusega 30 meetrit sobib kuni 4 elektriseadme \u00fcheaegseks kaug\u00fchendamiseks 230 V v\u00f5rku. Sellel on IP44 kaitseklass, mis v\u00f5imaldab kasutada nii v\u00e4litingimustes kui ka k\u00f5rge \u00f5huniiskusega, kuna see on kaitstud juhuslike veepiiskade ja tahkete osakeste sissetungimise eest.&quot;}\" data-sheets-userformat=\"{&quot;2&quot;:9089,&quot;3&quot;:{&quot;1&quot;:0},&quot;10&quot;:0,&quot;11&quot;:4,&quot;12&quot;:0,&quot;16&quot;:9}\">Kaapelikela KS CRM-30M, jonka kaapelin pituus on 30 metri\u00e4, soveltuu enint\u00e4\u00e4n nelj\u00e4n s\u00e4hk\u00f6laitteen samanaikaiseen liit\u00e4nt\u00e4\u00e4n 230 V:n verkkoon, kun kiinte\u00e4t pistorasiat ovat kaukana. Sen suojausluokka on IP44, joten sit\u00e4 voi k\u00e4ytt\u00e4\u00e4 ulkotiloissa ja suuressa ilmankosteudessa, sill\u00e4 se on suojattu roiskuvaa vett\u00e4 ja kiinteiden hiukkasten tunkeutumista vastaan.<\/span><\/p>\n<table>\n<tbody>\n<tr class=\"even\">\n<td><img fetchpriority=\"high\" decoding=\"async\" class=\"alignnone size-medium wp-image-20431\" src=\"https:\/\/staging.genekas24.ee\/wp-content\/uploads\/2023\/08\/cord-reel_rubber30m-300x300.webp\" alt=\"\" width=\"300\" height=\"300\" srcset=\"https:\/\/staging.genekas24.ee\/wp-content\/uploads\/2023\/08\/cord-reel_rubber30m-300x300.webp 300w, https:\/\/staging.genekas24.ee\/wp-content\/uploads\/2023\/08\/cord-reel_rubber30m-150x150.webp 150w, https:\/\/staging.genekas24.ee\/wp-content\/uploads\/2023\/08\/cord-reel_rubber30m-12x12.webp 12w, https:\/\/staging.genekas24.ee\/wp-content\/uploads\/2023\/08\/cord-reel_rubber30m-100x100.webp 100w, https:\/\/staging.genekas24.ee\/wp-content\/uploads\/2023\/08\/cord-reel_rubber30m.webp 500w\" sizes=\"(max-width: 300px) 100vw, 300px\" \/><\/td>\n<td><strong>T\u00c4YDELLINEN SUOJAUS<\/strong><\/p>\n<p>Kuminen jatkojohto on suojattu t\u00e4ysin kosteutta, teollisuus- ja maatalouskemikaaleja, auringonvaloa ja kiinteit\u00e4 hiukkasia vastaan. Se s\u00e4ilytt\u00e4\u00e4 elastisuutensa kaikissa l\u00e4mp\u00f6tiloissa, joten sit\u00e4 voi k\u00e4ytt\u00e4\u00e4 kaikkina vuodenaikoina sek\u00e4 sis\u00e4ll\u00e4 ett\u00e4 ulkona. Kelan pistorasioissa on suojakannet.<\/td>\n<\/tr>\n<tr class=\"even\">\n<td><img decoding=\"async\" class=\"alignnone size-medium wp-image-20430\" src=\"https:\/\/staging.genekas24.ee\/wp-content\/uploads\/2023\/08\/cord-reel_kscrm30m-300x300.webp\" alt=\"\" width=\"300\" height=\"300\" srcset=\"https:\/\/staging.genekas24.ee\/wp-content\/uploads\/2023\/08\/cord-reel_kscrm30m-300x300.webp 300w, https:\/\/staging.genekas24.ee\/wp-content\/uploads\/2023\/08\/cord-reel_kscrm30m-150x150.webp 150w, https:\/\/staging.genekas24.ee\/wp-content\/uploads\/2023\/08\/cord-reel_kscrm30m-12x12.webp 12w, https:\/\/staging.genekas24.ee\/wp-content\/uploads\/2023\/08\/cord-reel_kscrm30m-100x100.webp 100w, https:\/\/staging.genekas24.ee\/wp-content\/uploads\/2023\/08\/cord-reel_kscrm30m.webp 500w\" sizes=\"(max-width: 300px) 100vw, 300px\" \/><\/td>\n<td><strong>KAAPELIN PITUUS<\/strong><\/p>\n<p>Jatkojohtokelan kaapelin pituus on 30 metri\u00e4, ja se soveltuu enint\u00e4\u00e4n nelj\u00e4n s\u00e4hk\u00f6laitteen samanaikaiseen liit\u00e4nt\u00e4\u00e4n, kun kiinte\u00e4t pistorasiat ovat kaukana. Sit\u00e4 voidaan k\u00e4ytt\u00e4\u00e4 rakennus- ja korjaust\u00f6iss\u00e4, maataloudessa, tehtaissa ja varastoissa. Se on luotettava apuri leireilyss\u00e4 ja maaseudulla.<\/td>\n<\/tr>\n<tr class=\"even\">\n<td><img decoding=\"async\" class=\"alignnone size-medium wp-image-20432\" src=\"https:\/\/staging.genekas24.ee\/wp-content\/uploads\/2023\/08\/cord-reel_handle30-300x300.webp\" alt=\"\" width=\"300\" height=\"300\" srcset=\"https:\/\/staging.genekas24.ee\/wp-content\/uploads\/2023\/08\/cord-reel_handle30-300x300.webp 300w, https:\/\/staging.genekas24.ee\/wp-content\/uploads\/2023\/08\/cord-reel_handle30-150x150.webp 150w, https:\/\/staging.genekas24.ee\/wp-content\/uploads\/2023\/08\/cord-reel_handle30-12x12.webp 12w, https:\/\/staging.genekas24.ee\/wp-content\/uploads\/2023\/08\/cord-reel_handle30-100x100.webp 100w, https:\/\/staging.genekas24.ee\/wp-content\/uploads\/2023\/08\/cord-reel_handle30.webp 500w\" sizes=\"(max-width: 300px) 100vw, 300px\" \/><\/td>\n<td><strong>ERGONOMINEN KAHVA<\/strong><\/p>\n<p>Pehme\u00e4n kumip\u00e4\u00e4llysteisen kahvan ansiosta kelan kuljettaminen k\u00e4y helposti ja mukavasti. Kohokuvioitu kumitekstuuri est\u00e4\u00e4 kelaa luistamasta.<\/td>\n<\/tr>\n<tr class=\"even\">\n<td><img loading=\"lazy\" decoding=\"async\" class=\"alignnone size-medium wp-image-20434\" src=\"https:\/\/staging.genekas24.ee\/wp-content\/uploads\/2023\/08\/ks-crm-30m_02-300x238.webp\" alt=\"\" width=\"300\" height=\"238\" srcset=\"https:\/\/staging.genekas24.ee\/wp-content\/uploads\/2023\/08\/ks-crm-30m_02-300x238.webp 300w, https:\/\/staging.genekas24.ee\/wp-content\/uploads\/2023\/08\/ks-crm-30m_02-768x608.webp 768w, https:\/\/staging.genekas24.ee\/wp-content\/uploads\/2023\/08\/ks-crm-30m_02-15x12.webp 15w, https:\/\/staging.genekas24.ee\/wp-content\/uploads\/2023\/08\/ks-crm-30m_02-600x475.webp 600w, https:\/\/staging.genekas24.ee\/wp-content\/uploads\/2023\/08\/ks-crm-30m_02.webp 900w\" sizes=\"(max-width: 300px) 100vw, 300px\" \/><\/td>\n<td><strong>KAAPELIPIDIKE<\/strong><\/p>\n<p>Kelan kehyksen alaosassa olevan kaapelipidikkeen avulla voit kelata kaapelia turvallisesti auki ja takaisin kelalle sek\u00e4 kiinnitt\u00e4\u00e4 kaapelin turvallisesti ja nopeasti kuljetuksen ajaksi tai s\u00e4ilytt\u00e4\u00e4ksesi laitetta tilaa s\u00e4\u00e4st\u00e4en.<\/td>\n<\/tr>\n<tr class=\"even\">\n<td><img loading=\"lazy\" decoding=\"async\" class=\"alignnone size-medium wp-image-20433\" src=\"https:\/\/staging.genekas24.ee\/wp-content\/uploads\/2023\/08\/cord-reel_copper-300x300.webp\" alt=\"\" width=\"300\" height=\"300\" srcset=\"https:\/\/staging.genekas24.ee\/wp-content\/uploads\/2023\/08\/cord-reel_copper-300x300.webp 300w, https:\/\/staging.genekas24.ee\/wp-content\/uploads\/2023\/08\/cord-reel_copper-150x150.webp 150w, https:\/\/staging.genekas24.ee\/wp-content\/uploads\/2023\/08\/cord-reel_copper-12x12.webp 12w, https:\/\/staging.genekas24.ee\/wp-content\/uploads\/2023\/08\/cord-reel_copper-100x100.webp 100w, https:\/\/staging.genekas24.ee\/wp-content\/uploads\/2023\/08\/cord-reel_copper.webp 500w\" sizes=\"(max-width: 300px) 100vw, 300px\" \/><\/td>\n<td><strong>100% KUPARIA<\/strong><\/p>\n<p>Kela on varustettu 100 %:n kuparikaapelilla 3\u00d71,5 mm2. Vain kupari kest\u00e4\u00e4 pitk\u00e4kestoiset enimm\u00e4iskuormitukset, joten kaapeli on kest\u00e4v\u00e4 ja sen k\u00e4ytt\u00f6aika on pidempi.<\/td>\n<\/tr>\n<\/tbody>\n<\/table>","protected":false},"excerpt":{"rendered":"<table>\n<tbody>\n<tr class=\"even\">\n<td>Kokonaisteho (kaapeli kelalle kelattuna)<\/td>\n<td>1200 W<\/td>\n<\/tr>\n<tr class=\"even\">\n<td>Kokonaisteho (kaapeli auki kelattuna)<\/td>\n<td>3600 W<\/td>\n<\/tr>\n<tr class=\"odd\">\n<td>Pistoke<\/td>\n<td>1*16\u0410\/230V<\/td>\n<\/tr>\n<tr class=\"even\">\n<td>Suojakannelliset pistorasiat<\/td>\n<td>4*16\u0410\/230V<\/td>\n<\/tr>\n<tr class=\"odd\">\n<td>Kaapelin pituus<\/td>\n<td>30 m<\/td>\n<\/tr>\n<tr class=\"even\">\n<td>Kaapeli (100 % kuparia)<\/td>\n<td>3*2.5 mm<sup>2<\/sup><\/td>\n<\/tr>\n<tr class=\"odd\">\n<td>Jatkojohtokelan materiaali<\/td>\n<td>Metalli<\/td>\n<\/tr>\n<tr class=\"even\">\n<td>Suojausluokka<\/td>\n<td>IP44<\/td>\n<\/tr>\n<\/tbody>\n<\/table>","protected":false},"featured_media":14345,"template":"","meta":{"_acf_changed":false,"inline_featured_image":false},"product_brand":[],"product_cat":[179,156,181,28],"product_tag":[],"class_list":{"0":"post-14342","1":"product","2":"type-product","3":"status-publish","4":"has-post-thumbnail","6":"product_cat-allahinnatud","7":"product_cat-generaatori-tarvikud","8":"product_cat-laos-olemas","9":"product_cat-kaablid","10":"product_shipping_class-vaikepakk","11":"brand-konner-sohnen","13":"first","14":"instock","15":"sale","16":"taxable","17":"shipping-taxable","18":"purchasable","19":"product-type-simple"},"acf":[],"yoast_head":"<!-- This site is optimized with the Yoast SEO plugin v26.2 - https:\/\/yoast.com\/wordpress\/plugins\/seo\/ -->\n<title>Pikendusjuhe rull KS CRM-30M - Genekas24<\/title>\n<meta name=\"robots\" content=\"index, follow, max-snippet:-1, max-image-preview:large, max-video-preview:-1\" \/>\n<link rel=\"canonical\" href=\"https:\/\/staging.genekas24.ee\/fi\/tuote\/jatkojohto-ks-crm-30m\/\" \/>\n<meta property=\"og:locale\" content=\"fi_FI\" \/>\n<meta property=\"og:type\" content=\"article\" \/>\n<meta property=\"og:title\" content=\"Pikendusjuhe rull KS CRM-30M - Genekas24\" \/>\n<meta property=\"og:description\" content=\"Koguv\u00f5imsus (rullis kaabel) 1200 W   Koguv\u00f5imsus (lahti keritud kaabel) 3600 W   Pistik 1*16\u0410\/230V   Kaitsekorgiga pistikupesad 4*16\u0410\/230V   Kaabli pikkus 30 m   Kaabel (100% vask) 3*2.5 mm2   Pikendusplaadi rulli materjal Metall   Kaitseklass IP44\" \/>\n<meta property=\"og:url\" content=\"https:\/\/staging.genekas24.ee\/fi\/tuote\/jatkojohto-ks-crm-30m\/\" \/>\n<meta property=\"og:site_name\" content=\"Genekas24\" \/>\n<meta property=\"article:modified_time\" content=\"2025-12-23T10:10:09+00:00\" \/>\n<meta property=\"og:image\" content=\"https:\/\/staging.genekas24.ee\/wp-content\/uploads\/2023\/08\/KS-CRM-30M.png\" \/>\n\t<meta property=\"og:image:width\" content=\"900\" \/>\n\t<meta property=\"og:image:height\" content=\"713\" \/>\n\t<meta property=\"og:image:type\" content=\"image\/png\" \/>\n<meta name=\"twitter:card\" content=\"summary_large_image\" \/>\n<meta name=\"twitter:label1\" content=\"Arvioitu lukuaika\" \/>\n\t<meta name=\"twitter:data1\" content=\"3 minuuttia\" \/>\n<script type=\"application\/ld+json\" class=\"yoast-schema-graph\">{\"@context\":\"https:\/\/schema.org\",\"@graph\":[{\"@type\":\"WebPage\",\"@id\":\"https:\/\/staging.genekas24.ee\/toode\/pikendusjuhe-rull-ks-crm-30m\/\",\"url\":\"https:\/\/staging.genekas24.ee\/toode\/pikendusjuhe-rull-ks-crm-30m\/\",\"name\":\"Pikendusjuhe rull KS CRM-30M - Genekas24\",\"isPartOf\":{\"@id\":\"https:\/\/staging.genekas24.ee\/#website\"},\"primaryImageOfPage\":{\"@id\":\"https:\/\/staging.genekas24.ee\/toode\/pikendusjuhe-rull-ks-crm-30m\/#primaryimage\"},\"image\":{\"@id\":\"https:\/\/staging.genekas24.ee\/toode\/pikendusjuhe-rull-ks-crm-30m\/#primaryimage\"},\"thumbnailUrl\":\"https:\/\/staging.genekas24.ee\/wp-content\/uploads\/2023\/08\/KS-CRM-30M.png\",\"datePublished\":\"2023-08-30T13:45:54+00:00\",\"dateModified\":\"2025-12-23T10:10:09+00:00\",\"breadcrumb\":{\"@id\":\"https:\/\/staging.genekas24.ee\/toode\/pikendusjuhe-rull-ks-crm-30m\/#breadcrumb\"},\"inLanguage\":\"fi\",\"potentialAction\":[{\"@type\":\"ReadAction\",\"target\":[\"https:\/\/staging.genekas24.ee\/toode\/pikendusjuhe-rull-ks-crm-30m\/\"]}]},{\"@type\":\"ImageObject\",\"inLanguage\":\"fi\",\"@id\":\"https:\/\/staging.genekas24.ee\/toode\/pikendusjuhe-rull-ks-crm-30m\/#primaryimage\",\"url\":\"https:\/\/staging.genekas24.ee\/wp-content\/uploads\/2023\/08\/KS-CRM-30M.png\",\"contentUrl\":\"https:\/\/staging.genekas24.ee\/wp-content\/uploads\/2023\/08\/KS-CRM-30M.png\",\"width\":900,\"height\":713},{\"@type\":\"BreadcrumbList\",\"@id\":\"https:\/\/staging.genekas24.ee\/toode\/pikendusjuhe-rull-ks-crm-30m\/#breadcrumb\",\"itemListElement\":[{\"@type\":\"ListItem\",\"position\":1,\"name\":\"Home\",\"item\":\"https:\/\/staging.genekas24.ee\/\"},{\"@type\":\"ListItem\",\"position\":2,\"name\":\"Pood\",\"item\":\"https:\/\/staging.genekas24.ee\/pood\/\"},{\"@type\":\"ListItem\",\"position\":3,\"name\":\"Pikendusjuhe rull KS CRM-30M\"}]},{\"@type\":\"WebSite\",\"@id\":\"https:\/\/staging.genekas24.ee\/#website\",\"url\":\"https:\/\/staging.genekas24.ee\/\",\"name\":\"Genekas24\",\"description\":\"Generaatorid | K&ouml;nner S&ouml;hnen tooted | Genekas24\",\"publisher\":{\"@id\":\"https:\/\/staging.genekas24.ee\/#organization\"},\"potentialAction\":[{\"@type\":\"SearchAction\",\"target\":{\"@type\":\"EntryPoint\",\"urlTemplate\":\"https:\/\/staging.genekas24.ee\/?s={search_term_string}\"},\"query-input\":{\"@type\":\"PropertyValueSpecification\",\"valueRequired\":true,\"valueName\":\"search_term_string\"}}],\"inLanguage\":\"fi\"},{\"@type\":\"Organization\",\"@id\":\"https:\/\/staging.genekas24.ee\/#organization\",\"name\":\"Genekas24\",\"url\":\"https:\/\/staging.genekas24.ee\/\",\"logo\":{\"@type\":\"ImageObject\",\"inLanguage\":\"fi\",\"@id\":\"https:\/\/staging.genekas24.ee\/#\/schema\/logo\/image\/\",\"url\":\"https:\/\/staging.genekas24.ee\/wp-content\/uploads\/2026\/01\/genekas24-logo_black.svg\",\"contentUrl\":\"https:\/\/staging.genekas24.ee\/wp-content\/uploads\/2026\/01\/genekas24-logo_black.svg\",\"width\":840,\"height\":131,\"caption\":\"Genekas24\"},\"image\":{\"@id\":\"https:\/\/staging.genekas24.ee\/#\/schema\/logo\/image\/\"}}]}<\/script>\n<!-- \/ Yoast SEO plugin. -->","yoast_head_json":{"title":"Pikendusjuhe rull KS CRM-30M - Genekas24","robots":{"index":"index","follow":"follow","max-snippet":"max-snippet:-1","max-image-preview":"max-image-preview:large","max-video-preview":"max-video-preview:-1"},"canonical":"https:\/\/staging.genekas24.ee\/fi\/tuote\/jatkojohto-ks-crm-30m\/","og_locale":"fi_FI","og_type":"article","og_title":"Pikendusjuhe rull KS CRM-30M - Genekas24","og_description":"Koguv\u00f5imsus (rullis kaabel) 1200 W   Koguv\u00f5imsus (lahti keritud kaabel) 3600 W   Pistik 1*16\u0410\/230V   Kaitsekorgiga pistikupesad 4*16\u0410\/230V   Kaabli pikkus 30 m   Kaabel (100% vask) 3*2.5 mm2   Pikendusplaadi rulli materjal Metall   Kaitseklass IP44","og_url":"https:\/\/staging.genekas24.ee\/fi\/tuote\/jatkojohto-ks-crm-30m\/","og_site_name":"Genekas24","article_modified_time":"2025-12-23T10:10:09+00:00","og_image":[{"width":900,"height":713,"url":"https:\/\/staging.genekas24.ee\/wp-content\/uploads\/2023\/08\/KS-CRM-30M.png","type":"image\/png"}],"twitter_card":"summary_large_image","twitter_misc":{"Arvioitu lukuaika":"3 minuuttia"},"schema":{"@context":"https:\/\/schema.org","@graph":[{"@type":"WebPage","@id":"https:\/\/staging.genekas24.ee\/toode\/pikendusjuhe-rull-ks-crm-30m\/","url":"https:\/\/staging.genekas24.ee\/toode\/pikendusjuhe-rull-ks-crm-30m\/","name":"Pikendusjuhe rull KS CRM-30M - Genekas24","isPartOf":{"@id":"https:\/\/staging.genekas24.ee\/#website"},"primaryImageOfPage":{"@id":"https:\/\/staging.genekas24.ee\/toode\/pikendusjuhe-rull-ks-crm-30m\/#primaryimage"},"image":{"@id":"https:\/\/staging.genekas24.ee\/toode\/pikendusjuhe-rull-ks-crm-30m\/#primaryimage"},"thumbnailUrl":"https:\/\/staging.genekas24.ee\/wp-content\/uploads\/2023\/08\/KS-CRM-30M.png","datePublished":"2023-08-30T13:45:54+00:00","dateModified":"2025-12-23T10:10:09+00:00","breadcrumb":{"@id":"https:\/\/staging.genekas24.ee\/toode\/pikendusjuhe-rull-ks-crm-30m\/#breadcrumb"},"inLanguage":"fi","potentialAction":[{"@type":"ReadAction","target":["https:\/\/staging.genekas24.ee\/toode\/pikendusjuhe-rull-ks-crm-30m\/"]}]},{"@type":"ImageObject","inLanguage":"fi","@id":"https:\/\/staging.genekas24.ee\/toode\/pikendusjuhe-rull-ks-crm-30m\/#primaryimage","url":"https:\/\/staging.genekas24.ee\/wp-content\/uploads\/2023\/08\/KS-CRM-30M.png","contentUrl":"https:\/\/staging.genekas24.ee\/wp-content\/uploads\/2023\/08\/KS-CRM-30M.png","width":900,"height":713},{"@type":"BreadcrumbList","@id":"https:\/\/staging.genekas24.ee\/toode\/pikendusjuhe-rull-ks-crm-30m\/#breadcrumb","itemListElement":[{"@type":"ListItem","position":1,"name":"Home","item":"https:\/\/staging.genekas24.ee\/"},{"@type":"ListItem","position":2,"name":"Pood","item":"https:\/\/staging.genekas24.ee\/pood\/"},{"@type":"ListItem","position":3,"name":"Pikendusjuhe rull KS CRM-30M"}]},{"@type":"WebSite","@id":"https:\/\/staging.genekas24.ee\/#website","url":"https:\/\/staging.genekas24.ee\/","name":"Genekas24","description":"Generaatorid | K&ouml;nner S&ouml;hnen tooted | Genekas24","publisher":{"@id":"https:\/\/staging.genekas24.ee\/#organization"},"potentialAction":[{"@type":"SearchAction","target":{"@type":"EntryPoint","urlTemplate":"https:\/\/staging.genekas24.ee\/?s={search_term_string}"},"query-input":{"@type":"PropertyValueSpecification","valueRequired":true,"valueName":"search_term_string"}}],"inLanguage":"fi"},{"@type":"Organization","@id":"https:\/\/staging.genekas24.ee\/#organization","name":"Genekas24","url":"https:\/\/staging.genekas24.ee\/","logo":{"@type":"ImageObject","inLanguage":"fi","@id":"https:\/\/staging.genekas24.ee\/#\/schema\/logo\/image\/","url":"https:\/\/staging.genekas24.ee\/wp-content\/uploads\/2026\/01\/genekas24-logo_black.svg","contentUrl":"https:\/\/staging.genekas24.ee\/wp-content\/uploads\/2026\/01\/genekas24-logo_black.svg","width":840,"height":131,"caption":"Genekas24"},"image":{"@id":"https:\/\/staging.genekas24.ee\/#\/schema\/logo\/image\/"}}]}},"_links":{"self":[{"href":"https:\/\/staging.genekas24.ee\/fi\/wp-json\/wp\/v2\/product\/14342","targetHints":{"allow":["GET"]}}],"collection":[{"href":"https:\/\/staging.genekas24.ee\/fi\/wp-json\/wp\/v2\/product"}],"about":[{"href":"https:\/\/staging.genekas24.ee\/fi\/wp-json\/wp\/v2\/types\/product"}],"version-history":[{"count":6,"href":"https:\/\/staging.genekas24.ee\/fi\/wp-json\/wp\/v2\/product\/14342\/revisions"}],"predecessor-version":[{"id":20436,"href":"https:\/\/staging.genekas24.ee\/fi\/wp-json\/wp\/v2\/product\/14342\/revisions\/20436"}],"wp:featuredmedia":[{"embeddable":true,"href":"https:\/\/staging.genekas24.ee\/fi\/wp-json\/wp\/v2\/media\/14345"}],"wp:attachment":[{"href":"https:\/\/staging.genekas24.ee\/fi\/wp-json\/wp\/v2\/media?parent=14342"}],"wp:term":[{"taxonomy":"product_brand","embeddable":true,"href":"https:\/\/staging.genekas24.ee\/fi\/wp-json\/wp\/v2\/product_brand?post=14342"},{"taxonomy":"product_cat","embeddable":true,"href":"https:\/\/staging.genekas24.ee\/fi\/wp-json\/wp\/v2\/product_cat?post=14342"},{"taxonomy":"product_tag","embeddable":true,"href":"https:\/\/staging.genekas24.ee\/fi\/wp-json\/wp\/v2\/product_tag?post=14342"}],"curies":[{"name":"wp","href":"https:\/\/api.w.org\/{rel}","templated":true}]}}