{"id":12187,"date":"2023-01-23T21:10:14","date_gmt":"2023-01-23T21:10:14","guid":{"rendered":"https:\/\/staging.genekas24.ee\/?post_type=product&#038;p=12187"},"modified":"2025-12-17T16:31:34","modified_gmt":"2025-12-17T16:31:34","slug":"kaasaskantav-joujaam-ks-200ps","status":"publish","type":"product","link":"https:\/\/staging.genekas24.ee\/fi\/tuote\/kannettava-voimakone-ks-200ps\/","title":{"rendered":"Kannettava voimakone KS 200PS"},"content":{"rendered":"<div class=\"product-description text-content\">\n<p>V\u00e4h\u00e4meluinen kannettava KS 200PS -voimakone sopii erinomaisesti leirik\u00e4ytt\u00f6\u00f6n, kalastukseen, ulkoiluun, lyhyiden s\u00e4hk\u00f6katkosten ja h\u00e4t\u00e4tilanteiden varalle. Se toimii hiljaisesti ja antaa virtaa s\u00e4hk\u00f6laitteille samalla kun nautit olostasi ilman h\u00e4iritsev\u00e4\u00e4 melua.<\/p>\n<p>\u200b<\/p>\n<table>\n<tbody>\n<tr class=\"even\">\n<td><img fetchpriority=\"high\" decoding=\"async\" class=\"alignnone size-medium wp-image-20443\" src=\"https:\/\/staging.genekas24.ee\/wp-content\/uploads\/2023\/01\/KS-200PS-macro-01-300x300.jpg\" alt=\"\" width=\"300\" height=\"300\" srcset=\"https:\/\/staging.genekas24.ee\/wp-content\/uploads\/2023\/01\/KS-200PS-macro-01-300x300.jpg 300w, https:\/\/staging.genekas24.ee\/wp-content\/uploads\/2023\/01\/KS-200PS-macro-01-150x150.jpg 150w, https:\/\/staging.genekas24.ee\/wp-content\/uploads\/2023\/01\/KS-200PS-macro-01-12x12.jpg 12w, https:\/\/staging.genekas24.ee\/wp-content\/uploads\/2023\/01\/KS-200PS-macro-01-100x100.jpg 100w, https:\/\/staging.genekas24.ee\/wp-content\/uploads\/2023\/01\/KS-200PS-macro-01.jpg 500w\" sizes=\"(max-width: 300px) 100vw, 300px\" \/><\/td>\n<td>\n<div class=\"product-feature row\">\n<div class=\"feature-content col-xs-12 col-sm-8 col-md-9\">\n<div class=\"feature-title\">\n<div class=\"feature-title\">\n<p><strong>LAADUKAS LITIUMAKKU<\/strong><\/p>\n<\/div>\n<\/div>\n<div class=\"feature-description\">\n<p>T\u00e4m\u00e4 kannettava voimakone on varustettu laadukkailla litiumakuilla, joissa on suuri kapasiteetti mutta jotka ovat samalla kompakteja ja kevyit\u00e4. Niill\u00e4 on pitk\u00e4 k\u00e4ytt\u00f6ik\u00e4 ja niiss\u00e4 on useita turvaominaisuuksia. T\u00e4m\u00e4 kannettava voimakone on varustettu sis\u00e4\u00e4nrakennetulla BMS-akunhallintaj\u00e4rjestelm\u00e4ll\u00e4 (Battery Management System), jota ohjataan \u00e4lykk\u00e4\u00e4ll\u00e4 tehons\u00e4\u00e4t\u00f6prosessorilla. Useat turvaominaisuudet takaavat kest\u00e4v\u00e4n ja turvallisen k\u00e4yt\u00f6n.<\/p>\n<\/div>\n<\/div>\n<\/div>\n<\/td>\n<\/tr>\n<tr class=\"odd\">\n<td><img decoding=\"async\" class=\"alignnone size-medium wp-image-20448\" src=\"https:\/\/staging.genekas24.ee\/wp-content\/uploads\/2023\/01\/KS-200PS-macro-02-300x300.jpg\" alt=\"\" width=\"300\" height=\"300\" srcset=\"https:\/\/staging.genekas24.ee\/wp-content\/uploads\/2023\/01\/KS-200PS-macro-02-300x300.jpg 300w, https:\/\/staging.genekas24.ee\/wp-content\/uploads\/2023\/01\/KS-200PS-macro-02-150x150.jpg 150w, https:\/\/staging.genekas24.ee\/wp-content\/uploads\/2023\/01\/KS-200PS-macro-02-12x12.jpg 12w, https:\/\/staging.genekas24.ee\/wp-content\/uploads\/2023\/01\/KS-200PS-macro-02-100x100.jpg 100w, https:\/\/staging.genekas24.ee\/wp-content\/uploads\/2023\/01\/KS-200PS-macro-02.jpg 500w\" sizes=\"(max-width: 300px) 100vw, 300px\" \/><\/td>\n<td>\n<div class=\"product-feature row\">\n<div class=\"feature-content col-xs-12 col-sm-8 col-md-9\">\n<div class=\"feature-title\">\n<p><strong>V\u00d5IMSUSE EDASTAMISE TEHNOLOOGIA<\/strong><\/p>\n<\/div>\n<div class=\"feature-description\">\n<p>Kaikki kannettavat K\u00f6nner &amp; S\u00f6hnen -voimakoneet on varustettu Power Delivery -tehontuottotekniikalla, joka takaa nykyaikaisten \u00e4lypuhelinten ja jopa kannettavien tietokoneiden akkujen nopean latauksen. Moniporttinen, yhteensopiva useiden laitteiden kanssa ja sis\u00e4lt\u00e4\u00e4 seuraavat ominaisuudet: 1 tasavirtaportti, 1 vaihtovirtaportti, 1 USB PD Quick Charge 3.0 -pikalatausportti, 2 USB 2.1 -porttia, 1 USB Type-C -portti, k\u00e4tev\u00e4 useiden elektronisten laitteiden virransy\u00f6tt\u00f6\u00f6n.<\/p>\n<\/div>\n<\/div>\n<\/div>\n<div class=\"product-feature row\"><\/div>\n<\/td>\n<\/tr>\n<tr class=\"even\">\n<td><img decoding=\"async\" class=\"alignnone size-medium wp-image-20444\" src=\"https:\/\/staging.genekas24.ee\/wp-content\/uploads\/2023\/01\/KS-200PS-macro-03-300x300.jpg\" alt=\"\" width=\"300\" height=\"300\" srcset=\"https:\/\/staging.genekas24.ee\/wp-content\/uploads\/2023\/01\/KS-200PS-macro-03-300x300.jpg 300w, https:\/\/staging.genekas24.ee\/wp-content\/uploads\/2023\/01\/KS-200PS-macro-03-150x150.jpg 150w, https:\/\/staging.genekas24.ee\/wp-content\/uploads\/2023\/01\/KS-200PS-macro-03-12x12.jpg 12w, https:\/\/staging.genekas24.ee\/wp-content\/uploads\/2023\/01\/KS-200PS-macro-03-100x100.jpg 100w, https:\/\/staging.genekas24.ee\/wp-content\/uploads\/2023\/01\/KS-200PS-macro-03.jpg 500w\" sizes=\"(max-width: 300px) 100vw, 300px\" \/><\/td>\n<td>\n<div class=\"feature-title\">\n<p><strong>VAHVISTETTU MUOVIKOTELO<\/strong><\/p>\n<\/div>\n<div class=\"feature-description\">\n<p>Korpus on valmistatud vastupidavast ABS plastikust- see on k\u00f5rgendatud l\u00f6\u00f6gikindluse ja vetruvusega materjal, mis garanteerib pikaajalise kasutamise. J\u00f5ujaam on varustatud sisseehitatud ventilaatoriga, mis t\u00f5hustab soojuse eemaldamist ja maksimaalset jahutamist. Toote kerel on kandesang transportimiseks.<\/p>\n<\/div>\n<\/td>\n<\/tr>\n<tr class=\"odd\">\n<td><img loading=\"lazy\" decoding=\"async\" class=\"alignnone size-medium wp-image-20445\" src=\"https:\/\/staging.genekas24.ee\/wp-content\/uploads\/2023\/01\/KS-200PS-macro-04-300x300.jpg\" alt=\"\" width=\"300\" height=\"300\" srcset=\"https:\/\/staging.genekas24.ee\/wp-content\/uploads\/2023\/01\/KS-200PS-macro-04-300x300.jpg 300w, https:\/\/staging.genekas24.ee\/wp-content\/uploads\/2023\/01\/KS-200PS-macro-04-150x150.jpg 150w, https:\/\/staging.genekas24.ee\/wp-content\/uploads\/2023\/01\/KS-200PS-macro-04-12x12.jpg 12w, https:\/\/staging.genekas24.ee\/wp-content\/uploads\/2023\/01\/KS-200PS-macro-04-100x100.jpg 100w, https:\/\/staging.genekas24.ee\/wp-content\/uploads\/2023\/01\/KS-200PS-macro-04.jpg 500w\" sizes=\"(max-width: 300px) 100vw, 300px\" \/><\/td>\n<td>\n<div class=\"product-feature row\">\n<div class=\"feature-content col-xs-12 col-sm-8 col-md-9\">\n<div class=\"feature-title\">\n<p><strong>LED-N\u00c4YTT\u00d6<\/strong><\/p>\n<\/div>\n<div class=\"feature-description\">\n<p>N\u00e4yt\u00f6ss\u00e4 on useita merkkivaloja: tieto akun kulloisestakin varaustilasta, latauksen tilanneilmaisin sek\u00e4 ilmaisimet USB-liittimien kytkenn\u00e4lle, 12 V:n tasavirta- ja 230 V:n vaihtovirtal\u00e4hd\u00f6t.<\/p>\n<\/div>\n<\/div>\n<\/div>\n<\/td>\n<\/tr>\n<tr class=\"even\">\n<td><img loading=\"lazy\" decoding=\"async\" class=\"alignnone size-medium wp-image-20446\" src=\"https:\/\/staging.genekas24.ee\/wp-content\/uploads\/2023\/01\/KS-200PS-macro-05-300x300.jpg\" alt=\"\" width=\"300\" height=\"300\" srcset=\"https:\/\/staging.genekas24.ee\/wp-content\/uploads\/2023\/01\/KS-200PS-macro-05-300x300.jpg 300w, https:\/\/staging.genekas24.ee\/wp-content\/uploads\/2023\/01\/KS-200PS-macro-05-150x150.jpg 150w, https:\/\/staging.genekas24.ee\/wp-content\/uploads\/2023\/01\/KS-200PS-macro-05-12x12.jpg 12w, https:\/\/staging.genekas24.ee\/wp-content\/uploads\/2023\/01\/KS-200PS-macro-05-100x100.jpg 100w, https:\/\/staging.genekas24.ee\/wp-content\/uploads\/2023\/01\/KS-200PS-macro-05.jpg 500w\" sizes=\"(max-width: 300px) 100vw, 300px\" \/><\/td>\n<td>\n<div class=\"feature-title\">\n<p><strong>LED-VALO<\/strong><\/p>\n<\/div>\n<div class=\"feature-description\">\n<p>Sis\u00e4\u00e4nrakennettu erikoiskirkas LED-valo, jossa kolme tilaa: LED-valaisutila, LED-h\u00e4t\u00e4tila, LED-vilkkutila.<\/p>\n<\/div>\n<\/td>\n<\/tr>\n<tr class=\"odd\">\n<td><img loading=\"lazy\" decoding=\"async\" class=\"alignnone size-medium wp-image-20447\" src=\"https:\/\/staging.genekas24.ee\/wp-content\/uploads\/2023\/01\/KS-200PS-macro-06-300x300.webp\" alt=\"\" width=\"300\" height=\"300\" srcset=\"https:\/\/staging.genekas24.ee\/wp-content\/uploads\/2023\/01\/KS-200PS-macro-06-300x300.webp 300w, https:\/\/staging.genekas24.ee\/wp-content\/uploads\/2023\/01\/KS-200PS-macro-06-150x150.webp 150w, https:\/\/staging.genekas24.ee\/wp-content\/uploads\/2023\/01\/KS-200PS-macro-06-12x12.webp 12w, https:\/\/staging.genekas24.ee\/wp-content\/uploads\/2023\/01\/KS-200PS-macro-06-100x100.webp 100w, https:\/\/staging.genekas24.ee\/wp-content\/uploads\/2023\/01\/KS-200PS-macro-06.webp 500w\" sizes=\"(max-width: 300px) 100vw, 300px\" \/><\/td>\n<td>\n<div class=\"feature-title\">\n<p><strong>USEITA LATAUSVAIHTOEHTOJA<\/strong><\/p>\n<\/div>\n<div class=\"feature-description\">\n<p>Voimakoneen voi ladata useilla tavoilla: aurinkopaneelista aurinkos\u00e4hk\u00f6\u00e4 k\u00e4ytt\u00e4en (valinnainen), vaihtovirtapistorasiasta sovittimella ja auton 12 V:n tupakansytytinliit\u00e4nn\u00e4st\u00e4.<\/p>\n<\/div>\n<\/td>\n<\/tr>\n<\/tbody>\n<\/table>\n<\/div>","protected":false},"excerpt":{"rendered":"<div class=\"attributes\">\n<div class=\"attribute row\">\n<div class=\"col-xs-6\">\n<div class=\"attribute row\">\n<div class=\"col-xs-6\">\n<table>\n<tbody>\n<tr class=\"even\">\n<td width=\"60%\">\n<div class=\"col-xs-6\">Nimellisteho, W<\/div>\n<\/td>\n<td>200<\/td>\n<\/tr>\n<tr class=\"odd\">\n<td>\n<div class=\"col-xs-6\">\n<div class=\"col-xs-6\">Huipputeho, W<\/div>\n<\/div>\n<\/td>\n<td>\n<div class=\"attribute row\">\n<div class=\"col-xs-6\">\n<div class=\"attribute row\">\n<div class=\"col-xs-6\">320 (3-5 sec.)<\/div>\n<\/div>\n<\/div>\n<\/div>\n<\/td>\n<\/tr>\n<tr class=\"even\">\n<td>\n<div class=\"col-xs-6\">\n<div class=\"col-xs-6\">Akun kapasiteetti<\/div>\n<\/div>\n<\/td>\n<td>\n<div class=\"attribute row\">\n<div class=\"col-xs-6\">222 W\u22c5h (20 \u0410\u22c5h, 11.1 V)<\/div>\n<\/div>\n<\/td>\n<\/tr>\n<tr class=\"odd\">\n<td>\n<div class=\"col-xs-6\">\n<div class=\"col-xs-6\">Akun tyyppi<\/div>\n<\/div>\n<\/td>\n<td>\n<div class=\"attribute row\">\n<div class=\"col-xs-6\">\n<div class=\"attribute row\">\n<div class=\"col-xs-6\">Ladattava litiumioniakku<\/div>\n<\/div>\n<\/div>\n<\/div>\n<\/td>\n<\/tr>\n<tr class=\"even\">\n<td>\n<div class=\"col-xs-6\">\n<div class=\"col-xs-6\">Varauksen sy\u00f6tt\u00f6liit\u00e4nt\u00e4<\/div>\n<\/div>\n<\/td>\n<td>\n<div class=\"attribute row\">\n<div class=\"col-xs-6\">15 V\/3 A<\/div>\n<\/div>\n<\/td>\n<\/tr>\n<tr class=\"odd\">\n<td>\n<div class=\"col-xs-6\">\n<div class=\"col-xs-6\">Vaihtovirtal\u00e4ht\u00f6<\/div>\n<\/div>\n<\/td>\n<td>\n<div class=\"attribute row\">\n<div class=\"col-xs-6\">\n<div class=\"attribute row\">\n<div class=\"col-xs-6\">1 x Schuko 230 V\/50 Hz (Modified Sine Wave)<\/div>\n<\/div>\n<\/div>\n<\/div>\n<\/td>\n<\/tr>\n<tr class=\"even\">\n<td>\n<div class=\"col-xs-6\">\n<div class=\"col-xs-6\">Tasavirtal\u00e4ht\u00f6<\/div>\n<\/div>\n<\/td>\n<td>\n<div class=\"attribute row\">\n<div class=\"col-xs-6\">\n<div class=\"attribute row\">\n<div class=\"col-xs-6\">2xDC 9~12.5 V\/10 A (15 \u0410 max.)<\/div>\n<\/div>\n<\/div>\n<\/div>\n<\/td>\n<\/tr>\n<tr class=\"odd\">\n<td>\n<div class=\"col-xs-6\">\n<div class=\"col-xs-6\">USB-l\u00e4ht\u00f6<\/div>\n<\/div>\n<\/td>\n<td>\n<div class=\"attribute row\">\n<div class=\"col-xs-6\">\n<div class=\"attribute row\">\n<div class=\"col-xs-6\">2&#215;5 V\/2.1 A max.<\/div>\n<\/div>\n<\/div>\n<\/div>\n<\/td>\n<\/tr>\n<tr class=\"even\">\n<td>\n<div class=\"col-xs-6\">\n<div class=\"col-xs-6\">USB (Quick Charge 3.0)<\/div>\n<\/div>\n<\/td>\n<td>\n<div class=\"attribute row\">\n<div class=\"col-xs-6\">\n<div class=\"attribute row\">\n<div class=\"col-xs-6\">5~9 V\/2 A<\/div>\n<\/div>\n<\/div>\n<\/div>\n<\/td>\n<\/tr>\n<tr class=\"odd\">\n<td>\n<div class=\"col-xs-6\">\n<div class=\"col-xs-6\">Type-C -l\u00e4ht\u00f6<\/div>\n<\/div>\n<\/td>\n<td>\n<div class=\"attribute row\">\n<div class=\"col-xs-6\">\n<div class=\"attribute row\">\n<div class=\"col-xs-6\">5~9 V\/2 A (PD 18 W)<\/div>\n<\/div>\n<\/div>\n<\/div>\n<\/td>\n<\/tr>\n<tr class=\"even\">\n<td>\n<div class=\"col-xs-6\">\n<div class=\"col-xs-6\">Aurinkolatausliit\u00e4nt\u00e4 (PV-tulo Anderson 1)<\/div>\n<\/div>\n<\/td>\n<td>\n<div class=\"attribute row\">\n<div class=\"col-xs-6\">&#8211;<\/div>\n<\/div>\n<\/td>\n<\/tr>\n<tr class=\"odd\">\n<td>\n<div class=\"col-xs-6\">\n<div class=\"col-xs-6\">LED-taskulamppu<\/div>\n<\/div>\n<\/td>\n<td>\n<div class=\"attribute row\">\n<div class=\"col-xs-6\">\n<div class=\"attribute row\">\n<div class=\"col-xs-6\">+<\/div>\n<\/div>\n<\/div>\n<\/div>\n<\/td>\n<\/tr>\n<tr class=\"even\">\n<td>\n<div class=\"col-xs-6\">\n<div class=\"col-xs-6\">K\u00e4ytt\u00f6l\u00e4mp\u00f6tila, \u00b0C<\/div>\n<\/div>\n<\/td>\n<td>\n<div class=\"attribute row\">\n<div class=\"col-xs-6\">-10 \u00b0C &#8230; 40 \u00b0C<\/div>\n<\/div>\n<\/td>\n<\/tr>\n<tr class=\"odd\">\n<td>\n<div class=\"col-xs-6\">\n<div class=\"col-xs-6\">Nettomitat (PxLxK), mm<\/div>\n<\/div>\n<\/td>\n<td>\n<div class=\"attribute row\">\n<div class=\"col-xs-6\">213 x 106 x 180<\/div>\n<\/div>\n<\/td>\n<\/tr>\n<tr class=\"even\">\n<td>\n<div class=\"col-xs-6\">\n<div class=\"col-xs-6\">Nettomitat (PxLxK), mm<\/div>\n<\/div>\n<\/td>\n<td>\n<div class=\"attribute row\">\n<div class=\"col-xs-6\">325 \u0445 170 \u0445 245<\/div>\n<\/div>\n<\/td>\n<\/tr>\n<tr class=\"odd\">\n<td>\n<div class=\"col-xs-6\">\n<div class=\"col-xs-6\">Nettopaino, kg<\/div>\n<\/div>\n<\/td>\n<td>\n<div class=\"attribute row\">\n<div class=\"col-xs-6\">2.4<\/div>\n<\/div>\n<\/td>\n<\/tr>\n<tr class=\"even\">\n<td>\n<div class=\"col-xs-6\">\n<div class=\"col-xs-6\">Bruttopaino, kg<\/div>\n<\/div>\n<\/td>\n<td>\n<div class=\"attributes\">\n<div class=\"attribute row\">\n<div class=\"col-xs-6\">3.1<\/div>\n<\/div>\n<\/div>\n<\/td>\n<\/tr>\n<\/tbody>\n<\/table>\n<p>Koottu PRC.<\/p>\n<\/div>\n<\/div>\n<\/div>\n<\/div>\n<\/div>","protected":false},"featured_media":12932,"template":"","meta":{"_acf_changed":false,"inline_featured_image":false},"product_brand":[],"product_cat":[179,181,41],"product_tag":[],"class_list":{"0":"post-12187","1":"product","2":"type-product","3":"status-publish","4":"has-post-thumbnail","6":"product_cat-allahinnatud","7":"product_cat-laos-olemas","8":"product_cat-kaasaskantavad-joujaamad","9":"product_shipping_class-vaikepakk","10":"brand-konner-sohnen","12":"first","13":"instock","14":"sale","15":"taxable","16":"shipping-taxable","17":"purchasable","18":"product-type-simple"},"acf":[],"yoast_head":"<!-- This site is optimized with the Yoast SEO plugin v26.2 - https:\/\/yoast.com\/wordpress\/plugins\/seo\/ -->\n<title>Kaasaskantav j\u00f5ujaam KS 200PS - Genekas24<\/title>\n<meta name=\"robots\" content=\"index, follow, max-snippet:-1, max-image-preview:large, max-video-preview:-1\" \/>\n<link rel=\"canonical\" href=\"https:\/\/staging.genekas24.ee\/fi\/tuote\/kannettava-voimakone-ks-200ps\/\" \/>\n<meta property=\"og:locale\" content=\"fi_FI\" \/>\n<meta property=\"og:type\" content=\"article\" \/>\n<meta property=\"og:title\" content=\"Kaasaskantav j\u00f5ujaam KS 200PS - Genekas24\" \/>\n<meta property=\"og:description\" content=\"Hinnatud v\u00f5imsus, W 200     Tippv\u00f5imsus, W      320 (3-5 sec.)        Aku maht    222 W\u22c5h (20 \u0410\u22c5h, 11.1 V)      Aku t\u00fc\u00fcp      Lithium-ion laetav aku        Laadimissisend    15 V\/3 A      AC v\u00e4ljund      1 x Schuko 230 V\/50 Hz (Modified Sine Wave)        DC v\u00e4ljund      2xDC 9~12.5 V\/10 A (15 \u0410 max.)        USB v\u00e4ljund      2x5 V\/2.1 A max.        USB (Quick Charge 3.0)      5~9 V\/2 A        Type-C v\u00e4ljund      5~9 V\/2 A (PD 18 W)        P\u00e4ikesepaneeli sisend (PV-Input Anderson 1)    -      LED lamp      +        T\u00f6\u00f6temperatuur, \u00b0C    -10 \u00b0C ... 40 \u00b0C      Netom\u00f5\u00f5tmed (LxWxH), mm    213 x 106 x 180      Brutom\u00f5\u00f5tmed (LxWxH), mm    325 \u0445 170 \u0445 245      Netokaal, kg    2.4      Brutokaal, kg     3.1      Kokku pandud HRV-s.\" \/>\n<meta property=\"og:url\" content=\"https:\/\/staging.genekas24.ee\/fi\/tuote\/kannettava-voimakone-ks-200ps\/\" \/>\n<meta property=\"og:site_name\" content=\"Genekas24\" \/>\n<meta property=\"article:modified_time\" content=\"2025-12-17T16:31:34+00:00\" \/>\n<meta property=\"og:image\" content=\"https:\/\/staging.genekas24.ee\/wp-content\/uploads\/2023\/01\/ks-200ps_01-1.jpg\" \/>\n\t<meta property=\"og:image:width\" content=\"1600\" \/>\n\t<meta property=\"og:image:height\" content=\"1200\" \/>\n\t<meta property=\"og:image:type\" content=\"image\/jpeg\" \/>\n<meta name=\"twitter:card\" content=\"summary_large_image\" \/>\n<meta name=\"twitter:label1\" content=\"Arvioitu lukuaika\" \/>\n\t<meta name=\"twitter:data1\" content=\"3 minuuttia\" \/>\n<script type=\"application\/ld+json\" class=\"yoast-schema-graph\">{\"@context\":\"https:\/\/schema.org\",\"@graph\":[{\"@type\":\"WebPage\",\"@id\":\"https:\/\/staging.genekas24.ee\/toode\/kaasaskantav-joujaam-ks-200ps\/\",\"url\":\"https:\/\/staging.genekas24.ee\/toode\/kaasaskantav-joujaam-ks-200ps\/\",\"name\":\"Kaasaskantav j\u00f5ujaam KS 200PS - Genekas24\",\"isPartOf\":{\"@id\":\"https:\/\/staging.genekas24.ee\/#website\"},\"primaryImageOfPage\":{\"@id\":\"https:\/\/staging.genekas24.ee\/toode\/kaasaskantav-joujaam-ks-200ps\/#primaryimage\"},\"image\":{\"@id\":\"https:\/\/staging.genekas24.ee\/toode\/kaasaskantav-joujaam-ks-200ps\/#primaryimage\"},\"thumbnailUrl\":\"https:\/\/staging.genekas24.ee\/wp-content\/uploads\/2023\/01\/ks-200ps_01-1.jpg\",\"datePublished\":\"2023-01-23T21:10:14+00:00\",\"dateModified\":\"2025-12-17T16:31:34+00:00\",\"breadcrumb\":{\"@id\":\"https:\/\/staging.genekas24.ee\/toode\/kaasaskantav-joujaam-ks-200ps\/#breadcrumb\"},\"inLanguage\":\"fi\",\"potentialAction\":[{\"@type\":\"ReadAction\",\"target\":[\"https:\/\/staging.genekas24.ee\/toode\/kaasaskantav-joujaam-ks-200ps\/\"]}]},{\"@type\":\"ImageObject\",\"inLanguage\":\"fi\",\"@id\":\"https:\/\/staging.genekas24.ee\/toode\/kaasaskantav-joujaam-ks-200ps\/#primaryimage\",\"url\":\"https:\/\/staging.genekas24.ee\/wp-content\/uploads\/2023\/01\/ks-200ps_01-1.jpg\",\"contentUrl\":\"https:\/\/staging.genekas24.ee\/wp-content\/uploads\/2023\/01\/ks-200ps_01-1.jpg\",\"width\":1600,\"height\":1200},{\"@type\":\"BreadcrumbList\",\"@id\":\"https:\/\/staging.genekas24.ee\/toode\/kaasaskantav-joujaam-ks-200ps\/#breadcrumb\",\"itemListElement\":[{\"@type\":\"ListItem\",\"position\":1,\"name\":\"Home\",\"item\":\"https:\/\/staging.genekas24.ee\/\"},{\"@type\":\"ListItem\",\"position\":2,\"name\":\"Pood\",\"item\":\"https:\/\/staging.genekas24.ee\/pood\/\"},{\"@type\":\"ListItem\",\"position\":3,\"name\":\"Kaasaskantav j\u00f5ujaam KS 200PS\"}]},{\"@type\":\"WebSite\",\"@id\":\"https:\/\/staging.genekas24.ee\/#website\",\"url\":\"https:\/\/staging.genekas24.ee\/\",\"name\":\"Genekas24\",\"description\":\"Generaatorid | K&ouml;nner S&ouml;hnen tooted | Genekas24\",\"publisher\":{\"@id\":\"https:\/\/staging.genekas24.ee\/#organization\"},\"potentialAction\":[{\"@type\":\"SearchAction\",\"target\":{\"@type\":\"EntryPoint\",\"urlTemplate\":\"https:\/\/staging.genekas24.ee\/?s={search_term_string}\"},\"query-input\":{\"@type\":\"PropertyValueSpecification\",\"valueRequired\":true,\"valueName\":\"search_term_string\"}}],\"inLanguage\":\"fi\"},{\"@type\":\"Organization\",\"@id\":\"https:\/\/staging.genekas24.ee\/#organization\",\"name\":\"Genekas24\",\"url\":\"https:\/\/staging.genekas24.ee\/\",\"logo\":{\"@type\":\"ImageObject\",\"inLanguage\":\"fi\",\"@id\":\"https:\/\/staging.genekas24.ee\/#\/schema\/logo\/image\/\",\"url\":\"https:\/\/staging.genekas24.ee\/wp-content\/uploads\/2026\/01\/genekas24-logo_black.svg\",\"contentUrl\":\"https:\/\/staging.genekas24.ee\/wp-content\/uploads\/2026\/01\/genekas24-logo_black.svg\",\"width\":840,\"height\":131,\"caption\":\"Genekas24\"},\"image\":{\"@id\":\"https:\/\/staging.genekas24.ee\/#\/schema\/logo\/image\/\"}}]}<\/script>\n<!-- \/ Yoast SEO plugin. -->","yoast_head_json":{"title":"Kaasaskantav j\u00f5ujaam KS 200PS - Genekas24","robots":{"index":"index","follow":"follow","max-snippet":"max-snippet:-1","max-image-preview":"max-image-preview:large","max-video-preview":"max-video-preview:-1"},"canonical":"https:\/\/staging.genekas24.ee\/fi\/tuote\/kannettava-voimakone-ks-200ps\/","og_locale":"fi_FI","og_type":"article","og_title":"Kaasaskantav j\u00f5ujaam KS 200PS - Genekas24","og_description":"Hinnatud v\u00f5imsus, W 200     Tippv\u00f5imsus, W      320 (3-5 sec.)        Aku maht    222 W\u22c5h (20 \u0410\u22c5h, 11.1 V)      Aku t\u00fc\u00fcp      Lithium-ion laetav aku        Laadimissisend    15 V\/3 A      AC v\u00e4ljund      1 x Schuko 230 V\/50 Hz (Modified Sine Wave)        DC v\u00e4ljund      2xDC 9~12.5 V\/10 A (15 \u0410 max.)        USB v\u00e4ljund      2x5 V\/2.1 A max.        USB (Quick Charge 3.0)      5~9 V\/2 A        Type-C v\u00e4ljund      5~9 V\/2 A (PD 18 W)        P\u00e4ikesepaneeli sisend (PV-Input Anderson 1)    -      LED lamp      +        T\u00f6\u00f6temperatuur, \u00b0C    -10 \u00b0C ... 40 \u00b0C      Netom\u00f5\u00f5tmed (LxWxH), mm    213 x 106 x 180      Brutom\u00f5\u00f5tmed (LxWxH), mm    325 \u0445 170 \u0445 245      Netokaal, kg    2.4      Brutokaal, kg     3.1      Kokku pandud HRV-s.","og_url":"https:\/\/staging.genekas24.ee\/fi\/tuote\/kannettava-voimakone-ks-200ps\/","og_site_name":"Genekas24","article_modified_time":"2025-12-17T16:31:34+00:00","og_image":[{"width":1600,"height":1200,"url":"https:\/\/staging.genekas24.ee\/wp-content\/uploads\/2023\/01\/ks-200ps_01-1.jpg","type":"image\/jpeg"}],"twitter_card":"summary_large_image","twitter_misc":{"Arvioitu lukuaika":"3 minuuttia"},"schema":{"@context":"https:\/\/schema.org","@graph":[{"@type":"WebPage","@id":"https:\/\/staging.genekas24.ee\/toode\/kaasaskantav-joujaam-ks-200ps\/","url":"https:\/\/staging.genekas24.ee\/toode\/kaasaskantav-joujaam-ks-200ps\/","name":"Kaasaskantav j\u00f5ujaam KS 200PS - Genekas24","isPartOf":{"@id":"https:\/\/staging.genekas24.ee\/#website"},"primaryImageOfPage":{"@id":"https:\/\/staging.genekas24.ee\/toode\/kaasaskantav-joujaam-ks-200ps\/#primaryimage"},"image":{"@id":"https:\/\/staging.genekas24.ee\/toode\/kaasaskantav-joujaam-ks-200ps\/#primaryimage"},"thumbnailUrl":"https:\/\/staging.genekas24.ee\/wp-content\/uploads\/2023\/01\/ks-200ps_01-1.jpg","datePublished":"2023-01-23T21:10:14+00:00","dateModified":"2025-12-17T16:31:34+00:00","breadcrumb":{"@id":"https:\/\/staging.genekas24.ee\/toode\/kaasaskantav-joujaam-ks-200ps\/#breadcrumb"},"inLanguage":"fi","potentialAction":[{"@type":"ReadAction","target":["https:\/\/staging.genekas24.ee\/toode\/kaasaskantav-joujaam-ks-200ps\/"]}]},{"@type":"ImageObject","inLanguage":"fi","@id":"https:\/\/staging.genekas24.ee\/toode\/kaasaskantav-joujaam-ks-200ps\/#primaryimage","url":"https:\/\/staging.genekas24.ee\/wp-content\/uploads\/2023\/01\/ks-200ps_01-1.jpg","contentUrl":"https:\/\/staging.genekas24.ee\/wp-content\/uploads\/2023\/01\/ks-200ps_01-1.jpg","width":1600,"height":1200},{"@type":"BreadcrumbList","@id":"https:\/\/staging.genekas24.ee\/toode\/kaasaskantav-joujaam-ks-200ps\/#breadcrumb","itemListElement":[{"@type":"ListItem","position":1,"name":"Home","item":"https:\/\/staging.genekas24.ee\/"},{"@type":"ListItem","position":2,"name":"Pood","item":"https:\/\/staging.genekas24.ee\/pood\/"},{"@type":"ListItem","position":3,"name":"Kaasaskantav j\u00f5ujaam KS 200PS"}]},{"@type":"WebSite","@id":"https:\/\/staging.genekas24.ee\/#website","url":"https:\/\/staging.genekas24.ee\/","name":"Genekas24","description":"Generaatorid | K&ouml;nner S&ouml;hnen tooted | Genekas24","publisher":{"@id":"https:\/\/staging.genekas24.ee\/#organization"},"potentialAction":[{"@type":"SearchAction","target":{"@type":"EntryPoint","urlTemplate":"https:\/\/staging.genekas24.ee\/?s={search_term_string}"},"query-input":{"@type":"PropertyValueSpecification","valueRequired":true,"valueName":"search_term_string"}}],"inLanguage":"fi"},{"@type":"Organization","@id":"https:\/\/staging.genekas24.ee\/#organization","name":"Genekas24","url":"https:\/\/staging.genekas24.ee\/","logo":{"@type":"ImageObject","inLanguage":"fi","@id":"https:\/\/staging.genekas24.ee\/#\/schema\/logo\/image\/","url":"https:\/\/staging.genekas24.ee\/wp-content\/uploads\/2026\/01\/genekas24-logo_black.svg","contentUrl":"https:\/\/staging.genekas24.ee\/wp-content\/uploads\/2026\/01\/genekas24-logo_black.svg","width":840,"height":131,"caption":"Genekas24"},"image":{"@id":"https:\/\/staging.genekas24.ee\/#\/schema\/logo\/image\/"}}]}},"_links":{"self":[{"href":"https:\/\/staging.genekas24.ee\/fi\/wp-json\/wp\/v2\/product\/12187","targetHints":{"allow":["GET"]}}],"collection":[{"href":"https:\/\/staging.genekas24.ee\/fi\/wp-json\/wp\/v2\/product"}],"about":[{"href":"https:\/\/staging.genekas24.ee\/fi\/wp-json\/wp\/v2\/types\/product"}],"version-history":[{"count":10,"href":"https:\/\/staging.genekas24.ee\/fi\/wp-json\/wp\/v2\/product\/12187\/revisions"}],"predecessor-version":[{"id":21246,"href":"https:\/\/staging.genekas24.ee\/fi\/wp-json\/wp\/v2\/product\/12187\/revisions\/21246"}],"wp:featuredmedia":[{"embeddable":true,"href":"https:\/\/staging.genekas24.ee\/fi\/wp-json\/wp\/v2\/media\/12932"}],"wp:attachment":[{"href":"https:\/\/staging.genekas24.ee\/fi\/wp-json\/wp\/v2\/media?parent=12187"}],"wp:term":[{"taxonomy":"product_brand","embeddable":true,"href":"https:\/\/staging.genekas24.ee\/fi\/wp-json\/wp\/v2\/product_brand?post=12187"},{"taxonomy":"product_cat","embeddable":true,"href":"https:\/\/staging.genekas24.ee\/fi\/wp-json\/wp\/v2\/product_cat?post=12187"},{"taxonomy":"product_tag","embeddable":true,"href":"https:\/\/staging.genekas24.ee\/fi\/wp-json\/wp\/v2\/product_tag?post=12187"}],"curies":[{"name":"wp","href":"https:\/\/api.w.org\/{rel}","templated":true}]}}