{"id":11777,"date":"2023-10-03T12:51:28","date_gmt":"2023-10-03T12:51:28","guid":{"rendered":"https:\/\/staging.genekas24.ee\/?post_type=product&#038;p=11777"},"modified":"2025-12-10T09:37:57","modified_gmt":"2025-12-10T09:37:57","slug":"laadimisjaam-elektrisoidukile-ks-x16-3","status":"publish","type":"product","link":"https:\/\/staging.genekas24.ee\/fi\/tuote\/laadimisjaam-elektrisoidukile-ks-x16-3\/","title":{"rendered":"Latausasema s\u00e4hk\u00f6ajoneuvolle KS X16\/3"},"content":{"rendered":"<p>KS X16\/3 latausasema on k\u00e4tev\u00e4 ja luotettava ratkaisu s\u00e4hk\u00f6autojen lataamiseen. Lis\u00e4ksi latausprosessi on nopeampi ja turvallisempi. Latausasemassa on sis\u00e4\u00e4nrakennettu vikavirtasuoja ja ylikuormitussuoja.<\/p>\n<table style=\"height: auto;\" width=\"100%\">\n<tbody>\n<tr class=\"even\">\n<td style=\"height: auto;\" width=\"20%\"><img fetchpriority=\"high\" decoding=\"async\" class=\"alignnone size-medium wp-image-14947\" src=\"https:\/\/staging.genekas24.ee\/wp-content\/uploads\/2023\/10\/ks-x32-1_macro-1-1-300x300.jpg\" alt=\"\" width=\"300\" height=\"300\" srcset=\"https:\/\/staging.genekas24.ee\/wp-content\/uploads\/2023\/10\/ks-x32-1_macro-1-1-300x300.jpg 300w, https:\/\/staging.genekas24.ee\/wp-content\/uploads\/2023\/10\/ks-x32-1_macro-1-1-150x150.jpg 150w, https:\/\/staging.genekas24.ee\/wp-content\/uploads\/2023\/10\/ks-x32-1_macro-1-1-768x768.jpg 768w, https:\/\/staging.genekas24.ee\/wp-content\/uploads\/2023\/10\/ks-x32-1_macro-1-1-12x12.jpg 12w, https:\/\/staging.genekas24.ee\/wp-content\/uploads\/2023\/10\/ks-x32-1_macro-1-1-600x600.jpg 600w, https:\/\/staging.genekas24.ee\/wp-content\/uploads\/2023\/10\/ks-x32-1_macro-1-1-100x100.jpg 100w, https:\/\/staging.genekas24.ee\/wp-content\/uploads\/2023\/10\/ks-x32-1_macro-1-1.jpg 1000w\" sizes=\"(max-width: 300px) 100vw, 300px\" \/><\/td>\n<td>\n<div>\n<p><strong>NOPEA JA TURVALLINEN<\/strong><\/p>\n<\/div>\n<div>\n<p>Latausasema on suunniteltu s\u00e4hk\u00f6autojen pikalataukseen ja siin\u00e4 on <strong>monitasoinen suojaus:<\/strong> ylikuumeneminen, ep\u00e4vakaa j\u00e4nnite, ylivirta, ylikuormitus, oikosulku, ep\u00e4suotuisat s\u00e4\u00e4olosuhteet ja p\u00f6ly. <strong>Ominaisuudet:<\/strong> MCB (Miniature Circuit Breaker), maadoituspistoke, eristysvikavirran valvonta, vianvalvonta, IP54 suojausluokka.<br \/>\nToisin kuin tavalliseen pistorasiaan kytkett\u00e4v\u00e4 latausohjain, latausasema mahdollistaa suuremman kapasiteetin s\u00e4hk\u00f6auton akkujen lataamisen.<\/p>\n<\/div>\n<\/td>\n<\/tr>\n<tr class=\"even\">\n<td style=\"height: auto;\" width=\"20%\"><img decoding=\"async\" class=\"alignnone size-medium wp-image-14948\" src=\"https:\/\/staging.genekas24.ee\/wp-content\/uploads\/2023\/10\/ks-x32-1_macro-2-1-300x300.jpg\" alt=\"\" width=\"300\" height=\"300\" srcset=\"https:\/\/staging.genekas24.ee\/wp-content\/uploads\/2023\/10\/ks-x32-1_macro-2-1-300x300.jpg 300w, https:\/\/staging.genekas24.ee\/wp-content\/uploads\/2023\/10\/ks-x32-1_macro-2-1-150x150.jpg 150w, https:\/\/staging.genekas24.ee\/wp-content\/uploads\/2023\/10\/ks-x32-1_macro-2-1-768x768.jpg 768w, https:\/\/staging.genekas24.ee\/wp-content\/uploads\/2023\/10\/ks-x32-1_macro-2-1-12x12.jpg 12w, https:\/\/staging.genekas24.ee\/wp-content\/uploads\/2023\/10\/ks-x32-1_macro-2-1-600x600.jpg 600w, https:\/\/staging.genekas24.ee\/wp-content\/uploads\/2023\/10\/ks-x32-1_macro-2-1-100x100.jpg 100w, https:\/\/staging.genekas24.ee\/wp-content\/uploads\/2023\/10\/ks-x32-1_macro-2-1.jpg 1000w\" sizes=\"(max-width: 300px) 100vw, 300px\" \/><\/td>\n<td>\n<div class=\"feature-title\">\n<p><strong>EV LATAUSTUTKIN TYYPPI 2<\/strong><\/p>\n<\/div>\n<div class=\"feature-description\">\n<p class=\"translation-block\">Latausasema on varustettu DIN EN 62196-2 <strong>Type 2<\/strong> -pistokkeella, joka sopii useimpiin s\u00e4hk\u00f6ajoneuvoihin. 5 m pitk\u00e4 latauskaapeli tarjoaa useita pys\u00e4k\u00f6intivaihtoehtoja.<\/p>\n<p>Audi E Tron, BMW i3, Hyundai, Jaguar, KIA, Range Rover, Renault, Mercedes Benz EQC, Mini Countryman, Nissan Leaf 2018, Porsche, Smart, Tesla, Toyota, Volkswagen, Volvo XC T8<\/p>\n<\/div>\n<\/td>\n<\/tr>\n<tr class=\"even\">\n<td style=\"height: auto;\" width=\"20%\"><img decoding=\"async\" class=\"alignnone size-medium wp-image-14959\" src=\"https:\/\/staging.genekas24.ee\/wp-content\/uploads\/2023\/10\/ks-x32-1_macro-3-1-300x300.jpg\" alt=\"\" width=\"300\" height=\"300\" srcset=\"https:\/\/staging.genekas24.ee\/wp-content\/uploads\/2023\/10\/ks-x32-1_macro-3-1-300x300.jpg 300w, https:\/\/staging.genekas24.ee\/wp-content\/uploads\/2023\/10\/ks-x32-1_macro-3-1-150x150.jpg 150w, https:\/\/staging.genekas24.ee\/wp-content\/uploads\/2023\/10\/ks-x32-1_macro-3-1-768x768.jpg 768w, https:\/\/staging.genekas24.ee\/wp-content\/uploads\/2023\/10\/ks-x32-1_macro-3-1-12x12.jpg 12w, https:\/\/staging.genekas24.ee\/wp-content\/uploads\/2023\/10\/ks-x32-1_macro-3-1-600x600.jpg 600w, https:\/\/staging.genekas24.ee\/wp-content\/uploads\/2023\/10\/ks-x32-1_macro-3-1-100x100.jpg 100w, https:\/\/staging.genekas24.ee\/wp-content\/uploads\/2023\/10\/ks-x32-1_macro-3-1.jpg 1000w\" sizes=\"(max-width: 300px) 100vw, 300px\" \/><\/td>\n<td>\n<div class=\"feature-title\">\n<p><strong>RFID-KORTIN LUKIJA S\u00c4HK\u00d6VARKAUKSESTA SUOJAUKSI<\/strong><\/p>\n<\/div>\n<div class=\"feature-description\">\n<p>Vain RFID-kortin omistaja voi aloittaa lataamisen. Mukana kaksi RFID-korttia. RFID-korttien ja kortinhallintatilan ansiosta latausasemasi on luotettavasti suojattu luvattomalta k\u00e4yt\u00f6lt\u00e4.<\/p>\n<\/div>\n<\/td>\n<\/tr>\n<tr class=\"odd\">\n<td style=\"height: auto;\" width=\"20%\"><img loading=\"lazy\" decoding=\"async\" class=\"alignnone size-medium wp-image-14950\" src=\"https:\/\/staging.genekas24.ee\/wp-content\/uploads\/2023\/10\/ks-x32-1_macro-4-1-300x300.jpg\" alt=\"\" width=\"300\" height=\"300\" srcset=\"https:\/\/staging.genekas24.ee\/wp-content\/uploads\/2023\/10\/ks-x32-1_macro-4-1-300x300.jpg 300w, https:\/\/staging.genekas24.ee\/wp-content\/uploads\/2023\/10\/ks-x32-1_macro-4-1-150x150.jpg 150w, https:\/\/staging.genekas24.ee\/wp-content\/uploads\/2023\/10\/ks-x32-1_macro-4-1-768x768.jpg 768w, https:\/\/staging.genekas24.ee\/wp-content\/uploads\/2023\/10\/ks-x32-1_macro-4-1-12x12.jpg 12w, https:\/\/staging.genekas24.ee\/wp-content\/uploads\/2023\/10\/ks-x32-1_macro-4-1-600x600.jpg 600w, https:\/\/staging.genekas24.ee\/wp-content\/uploads\/2023\/10\/ks-x32-1_macro-4-1-100x100.jpg 100w, https:\/\/staging.genekas24.ee\/wp-content\/uploads\/2023\/10\/ks-x32-1_macro-4-1.jpg 1000w\" sizes=\"(max-width: 300px) 100vw, 300px\" \/><\/td>\n<td>\n<div class=\"feature-title\">\n<p><strong>WE E-CHARGE APP<\/strong><\/p>\n<\/div>\n<div class=\"feature-description\">\n<p>Sovellus on saatavilla iOS- ja Android OS -k\u00e4ytt\u00e4jille ja sis\u00e4lt\u00e4\u00e4 ominaisuuksia, kuten et\u00e4latauksen ottaminen k\u00e4ytt\u00f6\u00f6n\/poistaminen k\u00e4yt\u00f6st\u00e4, lataustilan valvonta, energiantarpeen hallinta ja latausaseman s\u00e4hk\u00f6nkulutuksen raportointi. Tukee 10 kielt\u00e4.<\/p>\n<\/div>\n<\/td>\n<\/tr>\n<tr class=\"even\">\n<td style=\"height: auto;\" width=\"20%\"><img loading=\"lazy\" decoding=\"async\" class=\"alignnone size-medium wp-image-14960\" src=\"https:\/\/staging.genekas24.ee\/wp-content\/uploads\/2023\/10\/ks-x32-1_macro-5-1-300x300.jpg\" alt=\"\" width=\"300\" height=\"300\" srcset=\"https:\/\/staging.genekas24.ee\/wp-content\/uploads\/2023\/10\/ks-x32-1_macro-5-1-300x300.jpg 300w, https:\/\/staging.genekas24.ee\/wp-content\/uploads\/2023\/10\/ks-x32-1_macro-5-1-150x150.jpg 150w, https:\/\/staging.genekas24.ee\/wp-content\/uploads\/2023\/10\/ks-x32-1_macro-5-1-768x768.jpg 768w, https:\/\/staging.genekas24.ee\/wp-content\/uploads\/2023\/10\/ks-x32-1_macro-5-1-12x12.jpg 12w, https:\/\/staging.genekas24.ee\/wp-content\/uploads\/2023\/10\/ks-x32-1_macro-5-1-600x600.jpg 600w, https:\/\/staging.genekas24.ee\/wp-content\/uploads\/2023\/10\/ks-x32-1_macro-5-1-100x100.jpg 100w, https:\/\/staging.genekas24.ee\/wp-content\/uploads\/2023\/10\/ks-x32-1_macro-5-1.jpg 1000w\" sizes=\"(max-width: 300px) 100vw, 300px\" \/><\/td>\n<td>\n<div class=\"feature-title\">\n<div class=\"feature-title\"><strong>VAHVA KOTELO LCD-N\u00c4YT\u00d6LL\u00c4<\/strong><\/div>\n<div class=\"feature-description\">\n<div class=\"feature-description\">\n<p>K\u00f6nner &amp; S\u00f6hnen\u00ae KS X -sarjan s\u00e4hk\u00f6auton latauspisteiss\u00e4 on IP54-suojakotelo, joka on suunniteltu ulkok\u00e4ytt\u00f6\u00f6n sateessa ja lumessa. Kotelo suojaa laitetta vesiroiskeilta koteloa vasten mist\u00e4 tahansa kulmasta. 4,3 tuuman LCD-n\u00e4ytt\u00f6 n\u00e4ytt\u00e4\u00e4 tarvittavat tiedot ja LED-valot ilmaisevat lataustilan. Kest\u00e4v\u00e4 runko on valmistettu korkealaatuisista materiaaleista ja sen etupaneeli on valmistettu karkaistusta lasista.<\/p>\n<\/div>\n<\/div>\n<\/div>\n<\/td>\n<\/tr>\n<tr class=\"odd\">\n<td style=\"height: auto;\" width=\"20%\"><img loading=\"lazy\" decoding=\"async\" class=\"alignnone size-medium wp-image-14961\" src=\"https:\/\/staging.genekas24.ee\/wp-content\/uploads\/2023\/10\/ks-x32-1_macro-6-1-300x300.jpg\" alt=\"\" width=\"300\" height=\"300\" srcset=\"https:\/\/staging.genekas24.ee\/wp-content\/uploads\/2023\/10\/ks-x32-1_macro-6-1-300x300.jpg 300w, https:\/\/staging.genekas24.ee\/wp-content\/uploads\/2023\/10\/ks-x32-1_macro-6-1-150x150.jpg 150w, https:\/\/staging.genekas24.ee\/wp-content\/uploads\/2023\/10\/ks-x32-1_macro-6-1-768x768.jpg 768w, https:\/\/staging.genekas24.ee\/wp-content\/uploads\/2023\/10\/ks-x32-1_macro-6-1-12x12.jpg 12w, https:\/\/staging.genekas24.ee\/wp-content\/uploads\/2023\/10\/ks-x32-1_macro-6-1-600x600.jpg 600w, https:\/\/staging.genekas24.ee\/wp-content\/uploads\/2023\/10\/ks-x32-1_macro-6-1-100x100.jpg 100w, https:\/\/staging.genekas24.ee\/wp-content\/uploads\/2023\/10\/ks-x32-1_macro-6-1.jpg 1000w\" sizes=\"(max-width: 300px) 100vw, 300px\" \/><\/td>\n<td>\n<div class=\"feature-title\">\n<p><strong>H\u00c4T\u00c4SEIS-PAINIKE<\/strong><\/p>\n<\/div>\n<div class=\"feature-description\">\n<p>H\u00e4t\u00e4pys\u00e4ytyspainikkeen avulla voit lopettaa lataamisen v\u00e4litt\u00f6m\u00e4sti h\u00e4t\u00e4tilanteessa (esim. tulipalo, savu, tulva tai muut vaarat).<\/p>\n<\/div>\n<\/td>\n<\/tr>\n<tr class=\"even\">\n<td style=\"height: auto;\" width=\"20%\"><img loading=\"lazy\" decoding=\"async\" class=\"alignnone size-medium wp-image-14962\" src=\"https:\/\/staging.genekas24.ee\/wp-content\/uploads\/2023\/10\/ks-slc-macro-1-300x300.jpg\" alt=\"\" width=\"300\" height=\"300\" srcset=\"https:\/\/staging.genekas24.ee\/wp-content\/uploads\/2023\/10\/ks-slc-macro-1-300x300.jpg 300w, https:\/\/staging.genekas24.ee\/wp-content\/uploads\/2023\/10\/ks-slc-macro-1-150x150.jpg 150w, https:\/\/staging.genekas24.ee\/wp-content\/uploads\/2023\/10\/ks-slc-macro-1-768x768.jpg 768w, https:\/\/staging.genekas24.ee\/wp-content\/uploads\/2023\/10\/ks-slc-macro-1-12x12.jpg 12w, https:\/\/staging.genekas24.ee\/wp-content\/uploads\/2023\/10\/ks-slc-macro-1-600x600.jpg 600w, https:\/\/staging.genekas24.ee\/wp-content\/uploads\/2023\/10\/ks-slc-macro-1-100x100.jpg 100w, https:\/\/staging.genekas24.ee\/wp-content\/uploads\/2023\/10\/ks-slc-macro-1.jpg 1000w\" sizes=\"(max-width: 300px) 100vw, 300px\" \/><\/td>\n<td>\n<div class=\"feature-title\">\n<p><strong>SMART LOAD CONTROLLER<\/strong><\/p>\n<\/div>\n<div class=\"feature-description\">Suosittelemme k\u00e4ytt\u00e4m\u00e4\u00e4n K\u00f6nner &amp; S\u00f6hnen\u00ae \u00e4lyk\u00e4st\u00e4 kuormans\u00e4\u00e4dint\u00e4 KS SLC suojaamaan verkkoa ylikuormitukselta s\u00e4hk\u00f6n huippukulutuksen aikoina, kun verkkoon on kytketty useita s\u00e4hk\u00f6n kuluttajia samanaikaisesti latausaseman lis\u00e4ksi (valinnainen).<\/div>\n<\/td>\n<\/tr>\n<tr class=\"odd\">\n<td style=\"height: auto;\" width=\"20%\"><img loading=\"lazy\" decoding=\"async\" class=\"alignnone size-medium wp-image-14963\" src=\"https:\/\/staging.genekas24.ee\/wp-content\/uploads\/2023\/10\/ks-x32-1_macro-8-1-300x300.jpg\" alt=\"\" width=\"300\" height=\"300\" srcset=\"https:\/\/staging.genekas24.ee\/wp-content\/uploads\/2023\/10\/ks-x32-1_macro-8-1-300x300.jpg 300w, https:\/\/staging.genekas24.ee\/wp-content\/uploads\/2023\/10\/ks-x32-1_macro-8-1-150x150.jpg 150w, https:\/\/staging.genekas24.ee\/wp-content\/uploads\/2023\/10\/ks-x32-1_macro-8-1-768x767.jpg 768w, https:\/\/staging.genekas24.ee\/wp-content\/uploads\/2023\/10\/ks-x32-1_macro-8-1-12x12.jpg 12w, https:\/\/staging.genekas24.ee\/wp-content\/uploads\/2023\/10\/ks-x32-1_macro-8-1-600x599.jpg 600w, https:\/\/staging.genekas24.ee\/wp-content\/uploads\/2023\/10\/ks-x32-1_macro-8-1-100x100.jpg 100w, https:\/\/staging.genekas24.ee\/wp-content\/uploads\/2023\/10\/ks-x32-1_macro-8-1.jpg 821w\" sizes=\"(max-width: 300px) 100vw, 300px\" \/><\/td>\n<td>\n<div class=\"feature-title\">\n<p><strong>KAAPELIPIDIKE<\/strong><\/p>\n<\/div>\n<div class=\"feature-description\">\n<p>Mukana kaapelin pidike.<\/p>\n<\/div>\n<\/td>\n<\/tr>\n<\/tbody>\n<\/table>","protected":false},"excerpt":{"rendered":"<p>&nbsp;<\/p>\n<table>\n<tbody>\n<tr class=\"odd\">\n<td>\n<div class=\"col-xs-6\">Vaiheiden lukum\u00e4\u00e4r\u00e4<\/div>\n<\/td>\n<td>\n<div class=\"attribute row\">\n<div class=\"col-xs-6\">3<\/div>\n<\/div>\n<\/td>\n<\/tr>\n<tr class=\"even\">\n<td width=\"60%\">Nimellisj\u00e4nnite, V<\/td>\n<td>400<\/td>\n<\/tr>\n<tr class=\"odd\">\n<td>Nimellisvirta, A<\/td>\n<td>16<\/td>\n<\/tr>\n<tr class=\"even\">\n<td>\n<div class=\"col-xs-6\">Nimellisteho, kW<\/div>\n<\/td>\n<td>11<\/td>\n<\/tr>\n<tr class=\"odd\">\n<td>\n<div class=\"col-xs-6\">MCB sis\u00e4\u00e4nrakennettu<\/div>\n<\/td>\n<td>\n<div class=\"attribute row\">\n<div class=\"col-xs-6\">sein\u00e4laatikon sis\u00e4ll\u00e4<\/div>\n<\/div>\n<\/td>\n<\/tr>\n<tr class=\"even\">\n<td>\n<div class=\"col-xs-6\">Kaapelin pituus, m<\/div>\n<\/td>\n<td>5<\/td>\n<\/tr>\n<tr class=\"odd\">\n<td>\n<div class=\"col-xs-6\">Suositeltu virtajohto (kupari), mm2<\/div>\n<\/td>\n<td>\n<div class=\"attribute row\">\n<div class=\"col-xs-6\">5\u04454, 5\u04456<\/div>\n<\/div>\n<\/td>\n<\/tr>\n<tr class=\"even\">\n<td>\n<div class=\"col-xs-6\">Tuloliittimet<\/div>\n<\/td>\n<td>\n<div class=\"attribute row\">\n<div class=\"col-xs-6\">L1\/L2\/L3\/N\/PE<\/div>\n<\/div>\n<\/td>\n<\/tr>\n<tr class=\"odd\">\n<td>\n<div class=\"col-xs-6\">Latausliittimen tyyppi<\/div>\n<\/td>\n<td>\n<div class=\"attribute row\">\n<div class=\"col-xs-6\">Type 2<\/div>\n<\/div>\n<\/td>\n<\/tr>\n<tr class=\"even\">\n<td>\n<div class=\"col-xs-6\">Sis\u00e4mitat (PxLxK), mm<\/div>\n<\/td>\n<td>\n<div class=\"attribute row\">\n<div class=\"col-xs-6\">410 x 260 x 164<\/div>\n<\/div>\n<\/td>\n<\/tr>\n<tr class=\"odd\">\n<td>\n<div class=\"col-xs-6\">Bruttomitat (PxLxK), mm<\/div>\n<\/td>\n<td>\n<div class=\"attribute row\">\n<div class=\"col-xs-6\">497 \u0445 342 \u0445 268<\/div>\n<\/div>\n<\/td>\n<\/tr>\n<tr class=\"even\">\n<td>\n<div class=\"col-xs-6\">Nettopaino, kg<\/div>\n<\/td>\n<td>12<\/td>\n<\/tr>\n<tr class=\"odd\">\n<td>\n<div class=\"col-xs-6\">Suojausluokka<\/div>\n<\/td>\n<td>IP54<\/td>\n<\/tr>\n<tr class=\"even\">\n<td>\n<div class=\"col-xs-6\">EAN-koodi<\/div>\n<\/td>\n<td>4260405366385<\/td>\n<\/tr>\n<\/tbody>\n<\/table>\n<p>Kasattu Kiinassa.<\/p>","protected":false},"featured_media":14676,"template":"","meta":{"_acf_changed":false,"inline_featured_image":false},"product_brand":[],"product_cat":[181,92],"product_tag":[],"class_list":{"0":"post-11777","1":"product","2":"type-product","3":"status-publish","4":"has-post-thumbnail","6":"product_cat-laos-olemas","7":"product_cat-laadimisjaamad","8":"product_shipping_class-vaikepakk","9":"brand-konner-sohnen","11":"first","12":"instock","13":"taxable","14":"shipping-taxable","15":"purchasable","16":"product-type-simple"},"acf":[],"yoast_head":"<!-- This site is optimized with the Yoast SEO plugin v26.2 - https:\/\/yoast.com\/wordpress\/plugins\/seo\/ -->\n<title>Laadimisjaam elektris\u00f5idukile KS X16\/3 - Genekas24<\/title>\n<meta name=\"robots\" content=\"index, follow, max-snippet:-1, max-image-preview:large, max-video-preview:-1\" \/>\n<link rel=\"canonical\" href=\"https:\/\/staging.genekas24.ee\/fi\/tuote\/laadimisjaam-elektrisoidukile-ks-x16-3\/\" \/>\n<meta property=\"og:locale\" content=\"fi_FI\" \/>\n<meta property=\"og:type\" content=\"article\" \/>\n<meta property=\"og:title\" content=\"Laadimisjaam elektris\u00f5idukile KS X16\/3 - Genekas24\" \/>\n<meta property=\"og:description\" content=\"&nbsp;     Faaside arv   3    Nimipinge, V 400   Nimivool, A 16    Nimiv\u00f5imsus, kW 11    MCB sisseehitatud   seinakasti sees     Kaabli pikkus, m 5    Soovitatav toitekaabel (vask), mm2   5\u04454, 5\u04456     Sisendklemmid   L1\/L2\/L3\/N\/PE     Laadimispistiku t\u00fc\u00fcp   T\u00fc\u00fcp 2     Neto m\u00f5\u00f5dud (PxLxK), mm   410 x 260 x 164     Brutom\u00f5\u00f5tmed (PxLxK), mm   497 \u0445 342 \u0445 268     Netokaal, kg 12    Kaitseklass IP54    EAN kood 4260405366385    Assembled in PRC.\" \/>\n<meta property=\"og:url\" content=\"https:\/\/staging.genekas24.ee\/fi\/tuote\/laadimisjaam-elektrisoidukile-ks-x16-3\/\" \/>\n<meta property=\"og:site_name\" content=\"Genekas24\" \/>\n<meta property=\"article:modified_time\" content=\"2025-12-10T09:37:57+00:00\" \/>\n<meta property=\"og:image\" content=\"https:\/\/staging.genekas24.ee\/wp-content\/uploads\/2023\/10\/ks-x32-1_01.jpg\" \/>\n\t<meta property=\"og:image:width\" content=\"1600\" \/>\n\t<meta property=\"og:image:height\" content=\"1200\" \/>\n\t<meta property=\"og:image:type\" content=\"image\/jpeg\" \/>\n<meta name=\"twitter:card\" content=\"summary_large_image\" \/>\n<meta name=\"twitter:label1\" content=\"Arvioitu lukuaika\" \/>\n\t<meta name=\"twitter:data1\" content=\"4 minuuttia\" \/>\n<script type=\"application\/ld+json\" class=\"yoast-schema-graph\">{\"@context\":\"https:\/\/schema.org\",\"@graph\":[{\"@type\":\"WebPage\",\"@id\":\"https:\/\/staging.genekas24.ee\/toode\/laadimisjaam-elektrisoidukile-ks-x16-3\/\",\"url\":\"https:\/\/staging.genekas24.ee\/toode\/laadimisjaam-elektrisoidukile-ks-x16-3\/\",\"name\":\"Laadimisjaam elektris\u00f5idukile KS X16\/3 - Genekas24\",\"isPartOf\":{\"@id\":\"https:\/\/staging.genekas24.ee\/#website\"},\"primaryImageOfPage\":{\"@id\":\"https:\/\/staging.genekas24.ee\/toode\/laadimisjaam-elektrisoidukile-ks-x16-3\/#primaryimage\"},\"image\":{\"@id\":\"https:\/\/staging.genekas24.ee\/toode\/laadimisjaam-elektrisoidukile-ks-x16-3\/#primaryimage\"},\"thumbnailUrl\":\"https:\/\/staging.genekas24.ee\/wp-content\/uploads\/2023\/10\/ks-x32-1_01.jpg\",\"datePublished\":\"2023-10-03T12:51:28+00:00\",\"dateModified\":\"2025-12-10T09:37:57+00:00\",\"breadcrumb\":{\"@id\":\"https:\/\/staging.genekas24.ee\/toode\/laadimisjaam-elektrisoidukile-ks-x16-3\/#breadcrumb\"},\"inLanguage\":\"fi\",\"potentialAction\":[{\"@type\":\"ReadAction\",\"target\":[\"https:\/\/staging.genekas24.ee\/toode\/laadimisjaam-elektrisoidukile-ks-x16-3\/\"]}]},{\"@type\":\"ImageObject\",\"inLanguage\":\"fi\",\"@id\":\"https:\/\/staging.genekas24.ee\/toode\/laadimisjaam-elektrisoidukile-ks-x16-3\/#primaryimage\",\"url\":\"https:\/\/staging.genekas24.ee\/wp-content\/uploads\/2023\/10\/ks-x32-1_01.jpg\",\"contentUrl\":\"https:\/\/staging.genekas24.ee\/wp-content\/uploads\/2023\/10\/ks-x32-1_01.jpg\",\"width\":1600,\"height\":1200},{\"@type\":\"BreadcrumbList\",\"@id\":\"https:\/\/staging.genekas24.ee\/toode\/laadimisjaam-elektrisoidukile-ks-x16-3\/#breadcrumb\",\"itemListElement\":[{\"@type\":\"ListItem\",\"position\":1,\"name\":\"Home\",\"item\":\"https:\/\/staging.genekas24.ee\/\"},{\"@type\":\"ListItem\",\"position\":2,\"name\":\"Pood\",\"item\":\"https:\/\/staging.genekas24.ee\/pood\/\"},{\"@type\":\"ListItem\",\"position\":3,\"name\":\"Laadimisjaam elektris\u00f5idukile KS X16\/3\"}]},{\"@type\":\"WebSite\",\"@id\":\"https:\/\/staging.genekas24.ee\/#website\",\"url\":\"https:\/\/staging.genekas24.ee\/\",\"name\":\"Genekas24\",\"description\":\"Generaatorid | K&ouml;nner S&ouml;hnen tooted | Genekas24\",\"publisher\":{\"@id\":\"https:\/\/staging.genekas24.ee\/#organization\"},\"potentialAction\":[{\"@type\":\"SearchAction\",\"target\":{\"@type\":\"EntryPoint\",\"urlTemplate\":\"https:\/\/staging.genekas24.ee\/?s={search_term_string}\"},\"query-input\":{\"@type\":\"PropertyValueSpecification\",\"valueRequired\":true,\"valueName\":\"search_term_string\"}}],\"inLanguage\":\"fi\"},{\"@type\":\"Organization\",\"@id\":\"https:\/\/staging.genekas24.ee\/#organization\",\"name\":\"Genekas24\",\"url\":\"https:\/\/staging.genekas24.ee\/\",\"logo\":{\"@type\":\"ImageObject\",\"inLanguage\":\"fi\",\"@id\":\"https:\/\/staging.genekas24.ee\/#\/schema\/logo\/image\/\",\"url\":\"https:\/\/staging.genekas24.ee\/wp-content\/uploads\/2026\/01\/genekas24-logo_black.svg\",\"contentUrl\":\"https:\/\/staging.genekas24.ee\/wp-content\/uploads\/2026\/01\/genekas24-logo_black.svg\",\"width\":840,\"height\":131,\"caption\":\"Genekas24\"},\"image\":{\"@id\":\"https:\/\/staging.genekas24.ee\/#\/schema\/logo\/image\/\"}}]}<\/script>\n<!-- \/ Yoast SEO plugin. -->","yoast_head_json":{"title":"Laadimisjaam elektris\u00f5idukile KS X16\/3 - Genekas24","robots":{"index":"index","follow":"follow","max-snippet":"max-snippet:-1","max-image-preview":"max-image-preview:large","max-video-preview":"max-video-preview:-1"},"canonical":"https:\/\/staging.genekas24.ee\/fi\/tuote\/laadimisjaam-elektrisoidukile-ks-x16-3\/","og_locale":"fi_FI","og_type":"article","og_title":"Laadimisjaam elektris\u00f5idukile KS X16\/3 - Genekas24","og_description":"&nbsp;     Faaside arv   3    Nimipinge, V 400   Nimivool, A 16    Nimiv\u00f5imsus, kW 11    MCB sisseehitatud   seinakasti sees     Kaabli pikkus, m 5    Soovitatav toitekaabel (vask), mm2   5\u04454, 5\u04456     Sisendklemmid   L1\/L2\/L3\/N\/PE     Laadimispistiku t\u00fc\u00fcp   T\u00fc\u00fcp 2     Neto m\u00f5\u00f5dud (PxLxK), mm   410 x 260 x 164     Brutom\u00f5\u00f5tmed (PxLxK), mm   497 \u0445 342 \u0445 268     Netokaal, kg 12    Kaitseklass IP54    EAN kood 4260405366385    Assembled in PRC.","og_url":"https:\/\/staging.genekas24.ee\/fi\/tuote\/laadimisjaam-elektrisoidukile-ks-x16-3\/","og_site_name":"Genekas24","article_modified_time":"2025-12-10T09:37:57+00:00","og_image":[{"width":1600,"height":1200,"url":"https:\/\/staging.genekas24.ee\/wp-content\/uploads\/2023\/10\/ks-x32-1_01.jpg","type":"image\/jpeg"}],"twitter_card":"summary_large_image","twitter_misc":{"Arvioitu lukuaika":"4 minuuttia"},"schema":{"@context":"https:\/\/schema.org","@graph":[{"@type":"WebPage","@id":"https:\/\/staging.genekas24.ee\/toode\/laadimisjaam-elektrisoidukile-ks-x16-3\/","url":"https:\/\/staging.genekas24.ee\/toode\/laadimisjaam-elektrisoidukile-ks-x16-3\/","name":"Laadimisjaam elektris\u00f5idukile KS X16\/3 - Genekas24","isPartOf":{"@id":"https:\/\/staging.genekas24.ee\/#website"},"primaryImageOfPage":{"@id":"https:\/\/staging.genekas24.ee\/toode\/laadimisjaam-elektrisoidukile-ks-x16-3\/#primaryimage"},"image":{"@id":"https:\/\/staging.genekas24.ee\/toode\/laadimisjaam-elektrisoidukile-ks-x16-3\/#primaryimage"},"thumbnailUrl":"https:\/\/staging.genekas24.ee\/wp-content\/uploads\/2023\/10\/ks-x32-1_01.jpg","datePublished":"2023-10-03T12:51:28+00:00","dateModified":"2025-12-10T09:37:57+00:00","breadcrumb":{"@id":"https:\/\/staging.genekas24.ee\/toode\/laadimisjaam-elektrisoidukile-ks-x16-3\/#breadcrumb"},"inLanguage":"fi","potentialAction":[{"@type":"ReadAction","target":["https:\/\/staging.genekas24.ee\/toode\/laadimisjaam-elektrisoidukile-ks-x16-3\/"]}]},{"@type":"ImageObject","inLanguage":"fi","@id":"https:\/\/staging.genekas24.ee\/toode\/laadimisjaam-elektrisoidukile-ks-x16-3\/#primaryimage","url":"https:\/\/staging.genekas24.ee\/wp-content\/uploads\/2023\/10\/ks-x32-1_01.jpg","contentUrl":"https:\/\/staging.genekas24.ee\/wp-content\/uploads\/2023\/10\/ks-x32-1_01.jpg","width":1600,"height":1200},{"@type":"BreadcrumbList","@id":"https:\/\/staging.genekas24.ee\/toode\/laadimisjaam-elektrisoidukile-ks-x16-3\/#breadcrumb","itemListElement":[{"@type":"ListItem","position":1,"name":"Home","item":"https:\/\/staging.genekas24.ee\/"},{"@type":"ListItem","position":2,"name":"Pood","item":"https:\/\/staging.genekas24.ee\/pood\/"},{"@type":"ListItem","position":3,"name":"Laadimisjaam elektris\u00f5idukile KS X16\/3"}]},{"@type":"WebSite","@id":"https:\/\/staging.genekas24.ee\/#website","url":"https:\/\/staging.genekas24.ee\/","name":"Genekas24","description":"Generaatorid | K&ouml;nner S&ouml;hnen tooted | Genekas24","publisher":{"@id":"https:\/\/staging.genekas24.ee\/#organization"},"potentialAction":[{"@type":"SearchAction","target":{"@type":"EntryPoint","urlTemplate":"https:\/\/staging.genekas24.ee\/?s={search_term_string}"},"query-input":{"@type":"PropertyValueSpecification","valueRequired":true,"valueName":"search_term_string"}}],"inLanguage":"fi"},{"@type":"Organization","@id":"https:\/\/staging.genekas24.ee\/#organization","name":"Genekas24","url":"https:\/\/staging.genekas24.ee\/","logo":{"@type":"ImageObject","inLanguage":"fi","@id":"https:\/\/staging.genekas24.ee\/#\/schema\/logo\/image\/","url":"https:\/\/staging.genekas24.ee\/wp-content\/uploads\/2026\/01\/genekas24-logo_black.svg","contentUrl":"https:\/\/staging.genekas24.ee\/wp-content\/uploads\/2026\/01\/genekas24-logo_black.svg","width":840,"height":131,"caption":"Genekas24"},"image":{"@id":"https:\/\/staging.genekas24.ee\/#\/schema\/logo\/image\/"}}]}},"_links":{"self":[{"href":"https:\/\/staging.genekas24.ee\/fi\/wp-json\/wp\/v2\/product\/11777","targetHints":{"allow":["GET"]}}],"collection":[{"href":"https:\/\/staging.genekas24.ee\/fi\/wp-json\/wp\/v2\/product"}],"about":[{"href":"https:\/\/staging.genekas24.ee\/fi\/wp-json\/wp\/v2\/types\/product"}],"version-history":[{"count":5,"href":"https:\/\/staging.genekas24.ee\/fi\/wp-json\/wp\/v2\/product\/11777\/revisions"}],"predecessor-version":[{"id":21252,"href":"https:\/\/staging.genekas24.ee\/fi\/wp-json\/wp\/v2\/product\/11777\/revisions\/21252"}],"wp:featuredmedia":[{"embeddable":true,"href":"https:\/\/staging.genekas24.ee\/fi\/wp-json\/wp\/v2\/media\/14676"}],"wp:attachment":[{"href":"https:\/\/staging.genekas24.ee\/fi\/wp-json\/wp\/v2\/media?parent=11777"}],"wp:term":[{"taxonomy":"product_brand","embeddable":true,"href":"https:\/\/staging.genekas24.ee\/fi\/wp-json\/wp\/v2\/product_brand?post=11777"},{"taxonomy":"product_cat","embeddable":true,"href":"https:\/\/staging.genekas24.ee\/fi\/wp-json\/wp\/v2\/product_cat?post=11777"},{"taxonomy":"product_tag","embeddable":true,"href":"https:\/\/staging.genekas24.ee\/fi\/wp-json\/wp\/v2\/product_tag?post=11777"}],"curies":[{"name":"wp","href":"https:\/\/api.w.org\/{rel}","templated":true}]}}