{"id":11551,"date":"2023-01-25T21:17:51","date_gmt":"2023-01-25T21:17:51","guid":{"rendered":"https:\/\/staging.genekas24.ee\/?post_type=product&#038;p=11551"},"modified":"2025-12-02T10:02:59","modified_gmt":"2025-12-02T10:02:59","slug":"monokristalliline-silikoon-kaasaskantav-paikesepaneel-ks-sp28w-4","status":"publish","type":"product","link":"https:\/\/staging.genekas24.ee\/fi\/tuote\/yksikiteisesta-piista-valmistettu-kannettava-aurinkosahkopaneeli-ks-sp28w-4\/","title":{"rendered":"Yksikiteisest\u00e4 piist\u00e4 valmistettu kannettava aurinkos\u00e4hk\u00f6paneeli KS SP28W-4"},"content":{"rendered":"<p>Saksalaisen K\u00f6nner &amp; S\u00f6hnen -tuotemerkin kannettava KS SP28W-4 -aurinkos\u00e4hk\u00f6paneelilaturi on k\u00e4tev\u00e4 vaihtoehto ladattaessa laitteita ulkoiltaessa, pitkill\u00e4 patikkaretkill\u00e4 ja aina kun niit\u00e4 k\u00e4ytet\u00e4\u00e4n alueilla, joilla ne p\u00e4\u00e4sev\u00e4t olemaan auringonvalossa. T\u00e4m\u00e4 aurinkos\u00e4hk\u00f6paneelilaturi sopii matkapuhelinten, tablettien, GPS-latteiden, varavirtal\u00e4hteiden ja muiden laitteiden lataamiseen.. Aurinkos\u00e4hk\u00f6paneelin laadukkaat yksikiteiset elementit takaavat korkean muunnosnopeuden valoenergiaa s\u00e4hk\u00f6ksi muunnettaessa ja pitk\u00e4n k\u00e4ytt\u00f6i\u00e4n. Lataa laitteesi nopeasti rajattomalla, puhtaalla ja ilmaisella aurinkoenergialla.<\/p>\n<div class=\"container-fluid\">\n<div class=\"row main-content\">\n<section class=\"product-page container\">\n<div class=\"product-details\">\n<div class=\"tab-content\">\n<div id=\"description\" class=\"tab-pane active\" role=\"tabpanel\">\n<div class=\"product-description text-content\">\n<p>Laturi on helppo huoltaa ja turvallinen k\u00e4ytt\u00e4\u00e4, ymp\u00e4rist\u00f6yst\u00e4v\u00e4llinen ja energiatehokas. Kannettavan aurinkos\u00e4hk\u00f6paneelilaturin mukana toimitetaan USB-portillinen sovitin. Sovittimen LED-valo ilmaisee, ett\u00e4 laitteiden lataamiseen on riitt\u00e4v\u00e4sti aurinkoenergiaa.\n\nEritt\u00e4in kompaktin kokoontaitettavan rakenteen ansiosta laitetta on helppo kantaa yhdell\u00e4 k\u00e4dell\u00e4. Laitteen kulmissa on kaksi rengasniitillist\u00e4 reik\u00e4\u00e4, mink\u00e4 ansiosta laite on helppo kiinnitt\u00e4\u00e4 reppuun, puuhun tai telttaan jousihakoja k\u00e4ytt\u00e4m\u00e4ll\u00e4. Ladattavat laitteet mahtuvat vetoketjulliseen taskuun, jossa ne pysyv\u00e4t turvassa ja puhtaina. Koska laitetta voidaan k\u00e4ytt\u00e4\u00e4 osittain avattuna, aurinkos\u00e4hk\u00f6paneelilaturia voidaan k\u00e4ytt\u00e4\u00e4 ahtaissa tiloissa tai liikkeell\u00e4 oltaessa.\n\nTarjoamme asiakkaillemme ja kumppaneillemme kattavan j\u00e4lkimyyntituen ja kansainv\u00e4lisen takuun.\n\nAsetamme tuotteidemme korkean laadun, luotettavuuden ja k\u00e4ytt\u00f6turvallisuuden etusijalle. Kannettava K\u00f6nner &amp; S\u00f6hnen -aurinkos\u00e4hk\u00f6paneelilaturi on kannattava sijoitus kest\u00e4v\u00e4\u00e4n tulevaisuuteen ja h\u00e4t\u00e4tilanteessa tarvittava el\u00e4m\u00e4nlanka.<\/p>\n<p><strong>Mallissa on seuraavat ominaisuudet:<\/strong><\/p>\n<ul class=\"ticks\">\n<li>\u00e4\u00e4net\u00f6n kannettava aurinkos\u00e4hk\u00f6paneelilaturi saa k\u00e4ytt\u00f6energiansa puhtaasta ja ilmaisesta aurinkoenergiasta<\/li>\n<li>aurinkos\u00e4hk\u00f6paneelielementit on valmistettu korkealaatuisesta yksikiteisest\u00e4 piist\u00e4, mik\u00e4 takaa valoenergian tehokkaan muuntumisen s\u00e4hk\u00f6ksi ja pitk\u00e4n k\u00e4ytt\u00f6i\u00e4n<\/li>\n<li>useiden k\u00e4ytett\u00e4viss\u00e4 olevien liitinkokojen ansiosta yksikk\u00f6 on yhteensopiva useiden laitteiden kanssa<\/li>\n<li>eritt\u00e4in kompakti kokoontaitettava kevyt rakenne<\/li>\n<li>kulmien kahden rengasniitillisen rei\u00e4n ansiosta helppo kiinnitt\u00e4\u00e4 reppuun, puuhun tai telttaan.<\/li>\n<\/ul>\n<\/div>\n<div class=\"below_features\"><\/div>\n<\/div>\n<\/div>\n<\/div>\n<\/section>\n<\/div>\n<\/div>","protected":false},"excerpt":{"rendered":"<table>\n<tbody>\n<tr class=\"even\">\n<td width=\"60%\">Aurinkos\u00e4hk\u00f6paneeli<\/td>\n<td>4 x 28 W yksikiteinen pii<\/td>\n<\/tr>\n<tr class=\"odd\">\n<td>Muuntohy\u00f6tysuhde<\/td>\n<td>&gt; 20%<\/td>\n<\/tr>\n<tr class=\"even\">\n<td>Aurinkos\u00e4hk\u00f6paneelin tuotto<\/td>\n<td>max. 18 V\/1,55 A<\/td>\n<\/tr>\n<tr class=\"odd\">\n<td>USB-l\u00e4ht\u00f6 (sovitin)<\/td>\n<td>5 V\/2,4 A<\/td>\n<\/tr>\n<tr class=\"even\">\n<td>USB QC 3.0 -l\u00e4ht\u00f6 (sovitin)<\/td>\n<td>5 V\/3 A, 9 V\/2 A, 12 V\/1,5 A<\/td>\n<\/tr>\n<tr class=\"odd\">\n<td>Mitat taitettuna (P x L x K), mm<\/td>\n<td>290 x 200 x 29<\/td>\n<\/tr>\n<tr class=\"even\">\n<td>Mitat avattuna (P x L x K), mm<\/td>\n<td>1050 x 29 x 40<\/td>\n<\/tr>\n<tr class=\"odd\">\n<td>Paino, kg<\/td>\n<td>1,1<\/td>\n<\/tr>\n<tr class=\"even\">\n<td>K\u00e4ytt\u00f6l\u00e4mp\u00f6tila, \u00b0C<\/td>\n<td>-20 \u00b0C \u2013 85 \u00b0C<\/td>\n<\/tr>\n<\/tbody>\n<\/table>\n<p>Koottu PRC.<\/p>","protected":false},"featured_media":14292,"template":"","meta":{"_acf_changed":false,"inline_featured_image":false},"product_brand":[],"product_cat":[44],"product_tag":[],"class_list":{"0":"post-11551","1":"product","2":"type-product","3":"status-publish","4":"has-post-thumbnail","6":"product_cat-kaasaskantavad-paikesepaneelid","7":"product_shipping_class-vaikepakk","8":"brand-konner-sohnen","10":"first","11":"instock","12":"taxable","13":"shipping-taxable","14":"purchasable","15":"product-type-simple"},"acf":[],"yoast_head":"<!-- This site is optimized with the Yoast SEO plugin v26.2 - https:\/\/yoast.com\/wordpress\/plugins\/seo\/ -->\n<title>Monokristalliline silikoon kaasaskantav p\u00e4ikesepaneel KS SP28W-4 - Genekas24<\/title>\n<meta name=\"robots\" content=\"index, follow, max-snippet:-1, max-image-preview:large, max-video-preview:-1\" \/>\n<link rel=\"canonical\" href=\"https:\/\/staging.genekas24.ee\/fi\/tuote\/yksikiteisesta-piista-valmistettu-kannettava-aurinkosahkopaneeli-ks-sp28w-4\/\" \/>\n<meta property=\"og:locale\" content=\"fi_FI\" \/>\n<meta property=\"og:type\" content=\"article\" \/>\n<meta property=\"og:title\" content=\"Monokristalliline silikoon kaasaskantav p\u00e4ikesepaneel KS SP28W-4 - Genekas24\" \/>\n<meta property=\"og:description\" content=\"P\u00e4ikesepaneel 4x 28 W monokristalliline r\u00e4ni   Konversiooni efektiivsus &gt; 20%   P\u00e4ikesepaneeli v\u00e4ljund max. 18 V\/1,55 A   USB v\u00e4ljund (adapter) 5 V\/2,4 A   USB QC 3.0 v\u00e4ljund(adapter) 5 V\/3 A, 9 V\/2 A, 12 V\/1,5 A   Kokkupandud m\u00f5\u00f5dud (P x L x K), mm 290 x 200 x 29   M\u00f5\u00f5dud lahtivoldituna (P x L x K), mm 1050 x 29 x 40   Kaal, kg 1,1   T\u00f6\u00f6temperatuur, \u00b0C -20 \u00b0C \u2013 85 \u00b0C    Kokkupandud HRV-s.\" \/>\n<meta property=\"og:url\" content=\"https:\/\/staging.genekas24.ee\/fi\/tuote\/yksikiteisesta-piista-valmistettu-kannettava-aurinkosahkopaneeli-ks-sp28w-4\/\" \/>\n<meta property=\"og:site_name\" content=\"Genekas24\" \/>\n<meta property=\"article:modified_time\" content=\"2025-12-02T10:02:59+00:00\" \/>\n<meta property=\"og:image\" content=\"https:\/\/staging.genekas24.ee\/wp-content\/uploads\/2023\/01\/ks-sp28w4-01-1.jpg\" \/>\n\t<meta property=\"og:image:width\" content=\"1600\" \/>\n\t<meta property=\"og:image:height\" content=\"1200\" \/>\n\t<meta property=\"og:image:type\" content=\"image\/jpeg\" \/>\n<meta name=\"twitter:card\" content=\"summary_large_image\" \/>\n<meta name=\"twitter:label1\" content=\"Arvioitu lukuaika\" \/>\n\t<meta name=\"twitter:data1\" content=\"2 minuuttia\" \/>\n<script type=\"application\/ld+json\" class=\"yoast-schema-graph\">{\"@context\":\"https:\/\/schema.org\",\"@graph\":[{\"@type\":\"WebPage\",\"@id\":\"https:\/\/staging.genekas24.ee\/toode\/monokristalliline-silikoon-kaasaskantav-paikesepaneel-ks-sp28w-4\/\",\"url\":\"https:\/\/staging.genekas24.ee\/toode\/monokristalliline-silikoon-kaasaskantav-paikesepaneel-ks-sp28w-4\/\",\"name\":\"Monokristalliline silikoon kaasaskantav p\u00e4ikesepaneel KS SP28W-4 - Genekas24\",\"isPartOf\":{\"@id\":\"https:\/\/staging.genekas24.ee\/#website\"},\"primaryImageOfPage\":{\"@id\":\"https:\/\/staging.genekas24.ee\/toode\/monokristalliline-silikoon-kaasaskantav-paikesepaneel-ks-sp28w-4\/#primaryimage\"},\"image\":{\"@id\":\"https:\/\/staging.genekas24.ee\/toode\/monokristalliline-silikoon-kaasaskantav-paikesepaneel-ks-sp28w-4\/#primaryimage\"},\"thumbnailUrl\":\"https:\/\/staging.genekas24.ee\/wp-content\/uploads\/2023\/01\/ks-sp28w4-01-1.jpg\",\"datePublished\":\"2023-01-25T21:17:51+00:00\",\"dateModified\":\"2025-12-02T10:02:59+00:00\",\"breadcrumb\":{\"@id\":\"https:\/\/staging.genekas24.ee\/toode\/monokristalliline-silikoon-kaasaskantav-paikesepaneel-ks-sp28w-4\/#breadcrumb\"},\"inLanguage\":\"fi\",\"potentialAction\":[{\"@type\":\"ReadAction\",\"target\":[\"https:\/\/staging.genekas24.ee\/toode\/monokristalliline-silikoon-kaasaskantav-paikesepaneel-ks-sp28w-4\/\"]}]},{\"@type\":\"ImageObject\",\"inLanguage\":\"fi\",\"@id\":\"https:\/\/staging.genekas24.ee\/toode\/monokristalliline-silikoon-kaasaskantav-paikesepaneel-ks-sp28w-4\/#primaryimage\",\"url\":\"https:\/\/staging.genekas24.ee\/wp-content\/uploads\/2023\/01\/ks-sp28w4-01-1.jpg\",\"contentUrl\":\"https:\/\/staging.genekas24.ee\/wp-content\/uploads\/2023\/01\/ks-sp28w4-01-1.jpg\",\"width\":1600,\"height\":1200},{\"@type\":\"BreadcrumbList\",\"@id\":\"https:\/\/staging.genekas24.ee\/toode\/monokristalliline-silikoon-kaasaskantav-paikesepaneel-ks-sp28w-4\/#breadcrumb\",\"itemListElement\":[{\"@type\":\"ListItem\",\"position\":1,\"name\":\"Home\",\"item\":\"https:\/\/staging.genekas24.ee\/\"},{\"@type\":\"ListItem\",\"position\":2,\"name\":\"Pood\",\"item\":\"https:\/\/staging.genekas24.ee\/pood\/\"},{\"@type\":\"ListItem\",\"position\":3,\"name\":\"Monokristalliline silikoon kaasaskantav p\u00e4ikesepaneel KS SP28W-4\"}]},{\"@type\":\"WebSite\",\"@id\":\"https:\/\/staging.genekas24.ee\/#website\",\"url\":\"https:\/\/staging.genekas24.ee\/\",\"name\":\"Genekas24\",\"description\":\"Generaatorid | K&ouml;nner S&ouml;hnen tooted | Genekas24\",\"publisher\":{\"@id\":\"https:\/\/staging.genekas24.ee\/#organization\"},\"potentialAction\":[{\"@type\":\"SearchAction\",\"target\":{\"@type\":\"EntryPoint\",\"urlTemplate\":\"https:\/\/staging.genekas24.ee\/?s={search_term_string}\"},\"query-input\":{\"@type\":\"PropertyValueSpecification\",\"valueRequired\":true,\"valueName\":\"search_term_string\"}}],\"inLanguage\":\"fi\"},{\"@type\":\"Organization\",\"@id\":\"https:\/\/staging.genekas24.ee\/#organization\",\"name\":\"Genekas24\",\"url\":\"https:\/\/staging.genekas24.ee\/\",\"logo\":{\"@type\":\"ImageObject\",\"inLanguage\":\"fi\",\"@id\":\"https:\/\/staging.genekas24.ee\/#\/schema\/logo\/image\/\",\"url\":\"https:\/\/staging.genekas24.ee\/wp-content\/uploads\/2026\/01\/genekas24-logo_black.svg\",\"contentUrl\":\"https:\/\/staging.genekas24.ee\/wp-content\/uploads\/2026\/01\/genekas24-logo_black.svg\",\"width\":840,\"height\":131,\"caption\":\"Genekas24\"},\"image\":{\"@id\":\"https:\/\/staging.genekas24.ee\/#\/schema\/logo\/image\/\"}}]}<\/script>\n<!-- \/ Yoast SEO plugin. -->","yoast_head_json":{"title":"Yksikiteisest\u00e4 piist\u00e4 valmistettu kannettava aurinkos\u00e4hk\u00f6paneeli KS SP28W-4 \u2013 Genekas24","robots":{"index":"index","follow":"follow","max-snippet":"max-snippet:-1","max-image-preview":"max-image-preview:large","max-video-preview":"max-video-preview:-1"},"canonical":"https:\/\/staging.genekas24.ee\/fi\/tuote\/yksikiteisesta-piista-valmistettu-kannettava-aurinkosahkopaneeli-ks-sp28w-4\/","og_locale":"fi_FI","og_type":"article","og_title":"Monokristalliline silikoon kaasaskantav p\u00e4ikesepaneel KS SP28W-4 - Genekas24","og_description":"P\u00e4ikesepaneel 4x 28 W monokristalliline r\u00e4ni   Konversiooni efektiivsus &gt; 20%   P\u00e4ikesepaneeli v\u00e4ljund max. 18 V\/1,55 A   USB v\u00e4ljund (adapter) 5 V\/2,4 A   USB QC 3.0 v\u00e4ljund(adapter) 5 V\/3 A, 9 V\/2 A, 12 V\/1,5 A   Kokkupandud m\u00f5\u00f5dud (P x L x K), mm 290 x 200 x 29   M\u00f5\u00f5dud lahtivoldituna (P x L x K), mm 1050 x 29 x 40   Kaal, kg 1,1   T\u00f6\u00f6temperatuur, \u00b0C -20 \u00b0C \u2013 85 \u00b0C    Kokkupandud HRV-s.","og_url":"https:\/\/staging.genekas24.ee\/fi\/tuote\/yksikiteisesta-piista-valmistettu-kannettava-aurinkosahkopaneeli-ks-sp28w-4\/","og_site_name":"Genekas24","article_modified_time":"2025-12-02T10:02:59+00:00","og_image":[{"width":1600,"height":1200,"url":"https:\/\/staging.genekas24.ee\/wp-content\/uploads\/2023\/01\/ks-sp28w4-01-1.jpg","type":"image\/jpeg"}],"twitter_card":"summary_large_image","twitter_misc":{"Arvioitu lukuaika":"2 minuuttia"},"schema":{"@context":"https:\/\/schema.org","@graph":[{"@type":"WebPage","@id":"https:\/\/staging.genekas24.ee\/toode\/monokristalliline-silikoon-kaasaskantav-paikesepaneel-ks-sp28w-4\/","url":"https:\/\/staging.genekas24.ee\/toode\/monokristalliline-silikoon-kaasaskantav-paikesepaneel-ks-sp28w-4\/","name":"Yksikiteisest\u00e4 piist\u00e4 valmistettu kannettava aurinkos\u00e4hk\u00f6paneeli KS SP28W-4 \u2013 Genekas24","isPartOf":{"@id":"https:\/\/staging.genekas24.ee\/#website"},"primaryImageOfPage":{"@id":"https:\/\/staging.genekas24.ee\/toode\/monokristalliline-silikoon-kaasaskantav-paikesepaneel-ks-sp28w-4\/#primaryimage"},"image":{"@id":"https:\/\/staging.genekas24.ee\/toode\/monokristalliline-silikoon-kaasaskantav-paikesepaneel-ks-sp28w-4\/#primaryimage"},"thumbnailUrl":"https:\/\/staging.genekas24.ee\/wp-content\/uploads\/2023\/01\/ks-sp28w4-01-1.jpg","datePublished":"2023-01-25T21:17:51+00:00","dateModified":"2025-12-02T10:02:59+00:00","breadcrumb":{"@id":"https:\/\/staging.genekas24.ee\/toode\/monokristalliline-silikoon-kaasaskantav-paikesepaneel-ks-sp28w-4\/#breadcrumb"},"inLanguage":"fi","potentialAction":[{"@type":"ReadAction","target":["https:\/\/staging.genekas24.ee\/toode\/monokristalliline-silikoon-kaasaskantav-paikesepaneel-ks-sp28w-4\/"]}]},{"@type":"ImageObject","inLanguage":"fi","@id":"https:\/\/staging.genekas24.ee\/toode\/monokristalliline-silikoon-kaasaskantav-paikesepaneel-ks-sp28w-4\/#primaryimage","url":"https:\/\/staging.genekas24.ee\/wp-content\/uploads\/2023\/01\/ks-sp28w4-01-1.jpg","contentUrl":"https:\/\/staging.genekas24.ee\/wp-content\/uploads\/2023\/01\/ks-sp28w4-01-1.jpg","width":1600,"height":1200},{"@type":"BreadcrumbList","@id":"https:\/\/staging.genekas24.ee\/toode\/monokristalliline-silikoon-kaasaskantav-paikesepaneel-ks-sp28w-4\/#breadcrumb","itemListElement":[{"@type":"ListItem","position":1,"name":"Home","item":"https:\/\/staging.genekas24.ee\/"},{"@type":"ListItem","position":2,"name":"Pood","item":"https:\/\/staging.genekas24.ee\/pood\/"},{"@type":"ListItem","position":3,"name":"Monokristalliline silikoon kaasaskantav p\u00e4ikesepaneel KS SP28W-4"}]},{"@type":"WebSite","@id":"https:\/\/staging.genekas24.ee\/#website","url":"https:\/\/staging.genekas24.ee\/","name":"Genekas24","description":"Generaatorid | K&ouml;nner S&ouml;hnen tooted | Genekas24","publisher":{"@id":"https:\/\/staging.genekas24.ee\/#organization"},"potentialAction":[{"@type":"SearchAction","target":{"@type":"EntryPoint","urlTemplate":"https:\/\/staging.genekas24.ee\/?s={search_term_string}"},"query-input":{"@type":"PropertyValueSpecification","valueRequired":true,"valueName":"search_term_string"}}],"inLanguage":"fi"},{"@type":"Organization","@id":"https:\/\/staging.genekas24.ee\/#organization","name":"Genekas24","url":"https:\/\/staging.genekas24.ee\/","logo":{"@type":"ImageObject","inLanguage":"fi","@id":"https:\/\/staging.genekas24.ee\/#\/schema\/logo\/image\/","url":"https:\/\/staging.genekas24.ee\/wp-content\/uploads\/2026\/01\/genekas24-logo_black.svg","contentUrl":"https:\/\/staging.genekas24.ee\/wp-content\/uploads\/2026\/01\/genekas24-logo_black.svg","width":840,"height":131,"caption":"Genekas24"},"image":{"@id":"https:\/\/staging.genekas24.ee\/#\/schema\/logo\/image\/"}}]}},"_links":{"self":[{"href":"https:\/\/staging.genekas24.ee\/fi\/wp-json\/wp\/v2\/product\/11551","targetHints":{"allow":["GET"]}}],"collection":[{"href":"https:\/\/staging.genekas24.ee\/fi\/wp-json\/wp\/v2\/product"}],"about":[{"href":"https:\/\/staging.genekas24.ee\/fi\/wp-json\/wp\/v2\/types\/product"}],"version-history":[{"count":7,"href":"https:\/\/staging.genekas24.ee\/fi\/wp-json\/wp\/v2\/product\/11551\/revisions"}],"predecessor-version":[{"id":20717,"href":"https:\/\/staging.genekas24.ee\/fi\/wp-json\/wp\/v2\/product\/11551\/revisions\/20717"}],"wp:featuredmedia":[{"embeddable":true,"href":"https:\/\/staging.genekas24.ee\/fi\/wp-json\/wp\/v2\/media\/14292"}],"wp:attachment":[{"href":"https:\/\/staging.genekas24.ee\/fi\/wp-json\/wp\/v2\/media?parent=11551"}],"wp:term":[{"taxonomy":"product_brand","embeddable":true,"href":"https:\/\/staging.genekas24.ee\/fi\/wp-json\/wp\/v2\/product_brand?post=11551"},{"taxonomy":"product_cat","embeddable":true,"href":"https:\/\/staging.genekas24.ee\/fi\/wp-json\/wp\/v2\/product_cat?post=11551"},{"taxonomy":"product_tag","embeddable":true,"href":"https:\/\/staging.genekas24.ee\/fi\/wp-json\/wp\/v2\/product_tag?post=11551"}],"curies":[{"name":"wp","href":"https:\/\/api.w.org\/{rel}","templated":true}]}}