{"id":10533,"date":"2023-03-18T13:26:34","date_gmt":"2023-03-18T13:26:34","guid":{"rendered":"https:\/\/staging.genekas24.ee\/?post_type=product&#038;p=10533"},"modified":"2025-12-22T15:28:47","modified_gmt":"2025-12-22T15:28:47","slug":"invertergeneraator-ks-6000ie-s-ats","status":"publish","type":"product","link":"https:\/\/staging.genekas24.ee\/fi\/tuote\/invertterigeneraattori-ks-6000ie-s-ats\/","title":{"rendered":"Invertterigeneraattori KS 6000iE S ATS"},"content":{"rendered":"<p><strong>Vain yksitt\u00e4isille s\u00e4hk\u00f6nkuluttajille<\/strong><\/p>\n<p>Invertterigeneraattorissa KS 6000iES ATS on sis\u00e4\u00e4nrakennettu ATS-yksikk\u00f6 ja sit\u00e4 voidaan k\u00e4ytt\u00e4\u00e4 sek\u00e4 manuaalisesti ett\u00e4 automaattisesti.<\/p>\n<p>Generaattorin oikealla puolella oleva kiertokytkin OFF-RUN yhdist\u00e4\u00e4 polttoainehanan, sis\u00e4isen 12 V virtal\u00e4hteen kytkimen ja virtalukon. Kun generaattoria ei k\u00e4ytet\u00e4, sen tulee olla OFF-tilassa, jotta generaattoriin asennettu litiumakku ei purkaudu. Generaattorissa on irrotettu akku, joka on kytkett\u00e4v\u00e4 ensimm\u00e4isen k\u00e4yt\u00f6n yhteydess\u00e4 vasemman sivukannen alle. Akku latautuu sis\u00e4isell\u00e4 latausmoduulilla heti, kun generaattori on k\u00e4ynniss\u00e4 tai 230 V j\u00e4nnite tulee MAINS TULOON (riippumatta kiertokytkimen asennosta).<\/p>\n<p>MAINS INPUT 230V -liit\u00e4nt\u00e4\u00e4 valvotaan heti, kun asetat kiertokytkimen RUN-asentoon ja kytket ATS SWITCH -kytkimen ON-asentoon. Jos 230 V j\u00e4nnite MAINS INPUT -liit\u00e4nn\u00e4ss\u00e4 ep\u00e4onnistuu, ATS-ohjain k\u00e4ynnist\u00e4\u00e4 generaattorin ja kytkee sen 230 V:n l\u00e4ht\u00f6liit\u00e4nn\u00e4t invertterimoduuliin.<\/p>\n<p>KS 6000iES ATS:ssa on 2 x 230 V pistorasioita, jotka kytket\u00e4\u00e4n eri tavalla generaattorin versiosta riippuen.<\/p>\n<p><strong>Vain yksitt\u00e4isille s\u00e4hk\u00f6nkuluttajille<\/strong><\/p>\n<p><img fetchpriority=\"high\" decoding=\"async\" class=\"alignnone wp-image-10958 size-large\" src=\"https:\/\/staging.genekas24.ee\/wp-content\/uploads\/2023\/03\/inverter-generator-ks-6000ies-ats-version-1-1024x421.jpg\" alt=\"\" width=\"1024\" height=\"421\" \/><\/p>\n<p>CEE 230V 32A pistoke on aktiivinen k\u00e4ytett\u00e4ess\u00e4 MAINS TULOSTA ja k\u00e4ytett\u00e4ess\u00e4 generaattoria.<\/p>\n<p>Kun CEE 230V 32A -liit\u00e4nt\u00e4\u00e4 k\u00e4ytet\u00e4\u00e4n MAINS INPUT -liit\u00e4nn\u00e4st\u00e4, se sy\u00f6tt\u00e4\u00e4 saman j\u00e4rjestelm\u00e4n (IT, TN, TT) kuin MAINS INPUT. Generaattori on maadoitettava TT- ja TN-j\u00e4rjestelmiss\u00e4 kuparikaapelilla 6-10 mm\u00b2 (paikallisista m\u00e4\u00e4r\u00e4yksist\u00e4 riippuen) kytkem\u00e4ll\u00e4 sen maadoitusruuvi samaan maadoituskaariin, johon MAINS 230V -virtal\u00e4hde on maadoitettu. Pistorasian PE-kosketin on kytketty generaattorin maadoitusruuviin.<\/p>\n<p>CEE 230V 32A pistorasia generaattorin virran kytkemisen j\u00e4lkeen sy\u00f6tt\u00e4\u00e4 vain IT-j\u00e4rjestelm\u00e4\u00e4 ilman maadoitettua nollajohdinta. Tietoj\u00e4rjestelm\u00e4\u00e4 koskevia m\u00e4\u00e4r\u00e4yksi\u00e4 ja suojatoimenpiteit\u00e4 tulee noudattaa.<\/p>\n<p>T\u00e4ll\u00e4 generaattoriversiolla on mahdollista toimittaa s\u00e4hk\u00f6nkuluttajia, jotka voivat toimia sek\u00e4 TN-ss\u00e4 ett\u00e4 IT-j\u00e4rjestelm\u00e4ss\u00e4. Taloa ei ole mahdollista toimittaa kokonaan automaattitilassa!<\/p>\n<p><strong>Vastuuvapauslauseke:<\/strong><\/p>\n<p><strong>N\u00e4it\u00e4 ohjeita voidaan pit\u00e4\u00e4 vain suosituksina, ne ovat havainnollistavia ja ne on mukautettava tarkasti paikallisiin olosuhteisiin ja olosuhteisiin asennuksen aikana.<\/strong><\/p>\n<p><strong>Itse asennuksen tulee tehd\u00e4 valtuutetun s\u00e4hk\u00f6asentajan toimesta kaikkien paikallisten standardien ja m\u00e4\u00e4r\u00e4ysten mukaisesti. Emme ota vastuuta v\u00e4\u00e4rist\u00e4 asennuksista ja niiden seurauksista.<\/strong><\/p>\n<table>\n<tbody>\n<tr class=\"even\">\n<td><img decoding=\"async\" class=\"alignnone size-medium wp-image-2887\" src=\"https:\/\/staging.genekas24.ee\/wp-content\/uploads\/2021\/12\/Pure-sine-wave-300x237.jpg\" alt=\"\" width=\"300\" height=\"237\" srcset=\"https:\/\/staging.genekas24.ee\/wp-content\/uploads\/2021\/12\/Pure-sine-wave-300x237.jpg 300w, https:\/\/staging.genekas24.ee\/wp-content\/uploads\/2021\/12\/Pure-sine-wave-600x474.jpg 600w, https:\/\/staging.genekas24.ee\/wp-content\/uploads\/2021\/12\/Pure-sine-wave-768x607.jpg 768w, https:\/\/staging.genekas24.ee\/wp-content\/uploads\/2021\/12\/Pure-sine-wave-15x12.jpg 15w, https:\/\/staging.genekas24.ee\/wp-content\/uploads\/2021\/12\/Pure-sine-wave.jpg 1013w\" sizes=\"(max-width: 300px) 100vw, 300px\" \/><\/td>\n<td>\n<p class=\"h3\"><strong>POWER DELIVERY -TEHONTUOTTO<\/strong><\/p>\n<p class=\"h3\">Sis\u00e4\u00e4nrakennettu mikroprosessoriohjauksella varustettu elektroninen yksikk\u00f6 valvoo generaattorin toimintaa ja tarjoaa vakaan 230 V:n 50 Hz:n sinimuotoisen l\u00e4ht\u00f6j\u00e4nnitteen, joka soveltuu herk\u00e4n elektroniikan luotettavaan toimintaan.<\/p>\n<\/td>\n<\/tr>\n<tr class=\"even\">\n<td><img decoding=\"async\" class=\"alignnone wp-image-10181 size-medium\" src=\"https:\/\/staging.genekas24.ee\/wp-content\/uploads\/2023\/03\/dvigun-300x300.png\" alt=\"\" width=\"300\" height=\"300\" \/><\/td>\n<td><strong>KEST\u00c4V\u00c4 MOOTTORI<\/strong><\/p>\n<p>Luotettava K\u00f6nner &amp; S\u00f6hnen -moottori on tavanomaista kest\u00e4v\u00e4mpi, joten se takaa pitk\u00e4n ja vakaan k\u00e4yt\u00f6n, ja se t\u00e4ytt\u00e4\u00e4 kaikki eurooppalaiset laatustandardit, EURO V mukaan lukien.<\/td>\n<\/tr>\n<tr class=\"even\">\n<td><img loading=\"lazy\" decoding=\"async\" class=\"alignnone wp-image-10370 size-medium\" src=\"https:\/\/staging.genekas24.ee\/wp-content\/uploads\/2023\/03\/ks-6000ie-s_eco-mode-300x300.jpg\" alt=\"\" width=\"300\" height=\"300\" \/><\/td>\n<td><strong>ECONOMY-TILA<\/strong><\/p>\n<p>Ergonomisessa ohjauspaneelissa on polttoainetaloudellisen tilan kytkin. T\u00e4m\u00e4 tila v\u00e4hent\u00e4\u00e4 polttoaineenkulutusta jopa 50 % pienill\u00e4 kuormituksilla moottorin alhaisemman kierrosluvun ansiosta.<\/td>\n<\/tr>\n<tr class=\"odd\">\n<td><\/td>\n<td><\/td>\n<\/tr>\n<tr class=\"even\">\n<td><img loading=\"lazy\" decoding=\"async\" class=\"alignnone wp-image-10964 size-medium\" src=\"https:\/\/staging.genekas24.ee\/wp-content\/uploads\/2023\/03\/ks-6000ie-s-ats_built-in-ats-300x300.jpg\" alt=\"\" width=\"300\" height=\"300\" \/><\/td>\n<td>\n<div class=\"feature-title\">\n<p><strong>SIS\u00c4\u00c4NRAKENNETTU ATS-J\u00c4RJESTELM\u00c4<\/strong><\/p>\n<\/div>\n<div class=\"product-feature row\">\n<div class=\"feature-content col-xs-12 col-sm-8 col-md-9\">\n<div class=\"feature-description\">\n<p>Sis\u00e4\u00e4nrakennettu ATS-j\u00e4rjestelm\u00e4 (automaattinen siirtokytkin) \u2013 generaattori on varustettu automaattisella siirtokytkintoiminnolla. Sis\u00e4\u00e4nrakennettu ATS-yksikk\u00f6 sallii generaattorin valvoa tulevaa verkkovirtaa, k\u00e4ynnist\u00e4\u00e4 generaattorin automaattisesti, kun verkkoj\u00e4nnite katkaistaan, ja pys\u00e4ytt\u00e4\u00e4 sitten generaattorin automaattisesti, kun verkkovirta palautuu ilman k\u00e4ytt\u00e4j\u00e4n toimia.<\/p>\n<\/div>\n<\/div>\n<\/div>\n<\/td>\n<\/tr>\n<tr class=\"odd\">\n<td><img loading=\"lazy\" decoding=\"async\" class=\"alignnone wp-image-10382 size-medium\" src=\"https:\/\/staging.genekas24.ee\/wp-content\/uploads\/2023\/03\/ks-6000ie-s_panel-300x300.jpg\" alt=\"\" width=\"300\" height=\"300\" \/><\/td>\n<td>\n<p class=\"h3\"><strong>ERGONOMINEN OHJAUSPANEELI<\/strong><\/p>\n<p class=\"h3\">Kaikki toiminnot on sijoitettu k\u00e4tev\u00e4sti k\u00e4den ulottuville: LED-monitoimin\u00e4ytt\u00f6 (k\u00e4ytt\u00f6tuntimittari, taajuus, j\u00e4nnite), toimintatilan ilmaisin, ylikuormitus- ja oikosulkusuojaus, liian v\u00e4h\u00e4isen \u00f6ljyn m\u00e4\u00e4r\u00e4n anturi, resetointipainike ohjausj\u00e4rjestelm\u00e4n resetointiin ja j\u00e4nnitteensy\u00f6t\u00f6n palautukseen, liitin generaattoreiden rinnakkaisliit\u00e4nn\u00e4lle ja maadoitusliitin.<\/p>\n<\/td>\n<\/tr>\n<tr class=\"even\">\n<td><img loading=\"lazy\" decoding=\"async\" class=\"alignnone wp-image-10388 size-medium\" src=\"https:\/\/staging.genekas24.ee\/wp-content\/uploads\/2023\/03\/ks-6000ie-s_soundproof-300x300.jpg\" alt=\"\" width=\"300\" height=\"300\" \/><\/td>\n<td>\n<p class=\"h3\"><strong>ALHAINEN MELUTASO<\/strong><\/p>\n<p class=\"h3\">Thanks to the special protective case, which ensures a minimum noise level of 70 dB (Lpa 7 m), convenient to use and transport. The product is equipped with a transport system.<\/p>\n<\/td>\n<\/tr>\n<tr class=\"odd\">\n<td><img loading=\"lazy\" decoding=\"async\" class=\"alignnone wp-image-10193 size-medium\" src=\"https:\/\/staging.genekas24.ee\/wp-content\/uploads\/2023\/03\/alternator-inverter-300x300.png\" alt=\"\" width=\"300\" height=\"300\" \/><\/td>\n<td>\n<p class=\"h3\"><strong>LAADUKAS VAIHTOVIRTALATURI<\/strong><\/p>\n<p class=\"h3\">K\u00f6nner &amp; S\u00f6hnen -generaattorit on varustettu tehokkaalla synkronisella vaihtovirtalaturilla, jossa on t\u00e4yskuparinen k\u00e4\u00e4mitys. T\u00e4m\u00e4 on ainoa kuparik\u00e4\u00e4mitys, joka kest\u00e4\u00e4 maksimikuormat vaurioitta, mik\u00e4 takaa generaattorin pitk\u00e4aikaisen luotettavan toiminnan.<\/p>\n<\/td>\n<\/tr>\n<tr class=\"even\">\n<td><img loading=\"lazy\" decoding=\"async\" class=\"alignnone wp-image-10400 size-medium\" src=\"https:\/\/staging.genekas24.ee\/wp-content\/uploads\/2023\/03\/ks-6000ie-s_wheels-300x300.jpg\" alt=\"\" width=\"300\" height=\"300\" \/><\/td>\n<td>\n<p class=\"h3\"><strong>KULJETUSSARJA<\/strong><\/p>\n<p class=\"h3\">K\u00f6nner &amp; S\u00f6hnen -invertterigeneraattorit on varustettu kuljetusj\u00e4rjestelm\u00e4ll\u00e4 liikuttelun helpottamiseksi. Kaksi py\u00f6r\u00e4\u00e4 ja generaattorin siirt\u00e4misen ajaksi yl\u00f6s nouseva kahva takaavat helpon kuljetuksen ja liikutettavuuden.<\/p>\n<\/td>\n<\/tr>\n<tr class=\"odd\">\n<td><\/td>\n<td><\/td>\n<\/tr>\n<\/tbody>\n<\/table>","protected":false},"excerpt":{"rendered":"<table>\n<tbody>\n<tr class=\"odd\">\n<td>\n<div class=\"col-xs-6\">\n<div class=\"col-xs-6\">Mahdollinen k\u00e4ytt\u00f6<\/div>\n<\/div>\n<\/td>\n<td>\n<div class=\"attribute row\">\n<div class=\"col-xs-6\">Vain yksitt\u00e4isille s\u00e4hk\u00f6nkuluttajille<\/div>\n<\/div>\n<\/td>\n<\/tr>\n<tr class=\"even\">\n<td width=\"60%\">J\u00e4nnite<\/td>\n<td>230<\/td>\n<\/tr>\n<tr class=\"odd\">\n<td>\n<div class=\"col-xs-6\">Suurin teho, kW<\/div>\n<\/td>\n<td>5.5<\/td>\n<\/tr>\n<tr class=\"even\">\n<td>\n<div class=\"col-xs-6\">Nimellisteho, kW<\/div>\n<\/td>\n<td>\n<div class=\"attribute row\">\n<div class=\"col-xs-6\">5.0<\/div>\n<\/div>\n<\/td>\n<\/tr>\n<tr class=\"odd\">\n<td>\n<div class=\"col-xs-6\">Taajuus, Hz<\/div>\n<\/td>\n<td>50<\/td>\n<\/tr>\n<tr class=\"even\">\n<td>\n<div class=\"col-xs-6\">Virta (max.), A<\/div>\n<\/td>\n<td>23.9<\/td>\n<\/tr>\n<tr class=\"odd\">\n<td>L\u00e4hd\u00f6t<\/td>\n<td>\n<div class=\"attribute row\">\n<div class=\"col-xs-6\">\n<div class=\"attribute row\">\n<div class=\"col-xs-6\">\n<div class=\"attribute row\">\n<div class=\"col-xs-6\">1 x CEE 230 V 32 A<\/div>\n<\/div>\n<\/div>\n<\/div>\n<\/div>\n<\/div>\n<\/td>\n<\/tr>\n<tr class=\"even\">\n<td>\n<div class=\"col-xs-6\">Moottorin k\u00e4ynnistys<\/div>\n<\/td>\n<td>\n<div class=\"attribute row\">\n<div class=\"col-xs-6\">Manuaalne\/elektriline\/auto<\/div>\n<\/div>\n<\/td>\n<\/tr>\n<tr class=\"odd\">\n<td>\n<div class=\"col-xs-6\">Polttoaines\u00e4ili\u00f6n tilavuus, L<\/div>\n<\/td>\n<td>\n<div class=\"attribute row\">\n<div class=\"col-xs-6\">11<\/div>\n<\/div>\n<\/td>\n<\/tr>\n<tr class=\"even\">\n<td>LED-n\u00e4ytt\u00f6<\/td>\n<td>\n<div class=\"attribute row\">\n<div class=\"col-xs-6\">Kuormitus, polttoaineen taso, j\u00e4nnite, taajuus, k\u00e4ytt\u00f6tunnit, ylikuormituksen merkkivalo, j\u00e4nnitemittari, \u00f6ljyn m\u00e4\u00e4r\u00e4n merkkivalo.<\/div>\n<\/div>\n<\/td>\n<\/tr>\n<tr class=\"odd\">\n<td>Melutaso Lpa (7 m) \/ Lwa, dB<\/td>\n<td>\n<div class=\"attribute row\">\n<div class=\"col-xs-6\">70\/95<\/div>\n<\/div>\n<\/td>\n<\/tr>\n<tr class=\"even\">\n<td>Moottorin malli<\/td>\n<td>KS 240i<\/td>\n<\/tr>\n<tr class=\"odd\">\n<td>Moottorin sylinteritilavuus, cm3<\/td>\n<td>223<\/td>\n<\/tr>\n<tr class=\"even\">\n<td>Moottorityyppi<\/td>\n<td>\n<div class=\"attribute row\">\n<div class=\"col-xs-6\">Bensiinik\u00e4ytt\u00f6inen, yksisylinterinen, nelitahtinen, ilmaj\u00e4\u00e4hdytteinen<\/div>\n<\/div>\n<\/td>\n<\/tr>\n<tr class=\"odd\">\n<td>Engine power, hp<\/td>\n<td>7.5<\/td>\n<\/tr>\n<tr class=\"even\">\n<td>Rinnakkaisliit\u00e4nt\u00e4mahdollisuus<\/td>\n<td>&#8211;<\/td>\n<\/tr>\n<tr class=\"odd\">\n<td>L\u00e4ht\u00f6 ATS:lle<\/td>\n<td>\n<div class=\"attribute row\">\n<div class=\"col-xs-6\">ATS sisseehitatud<\/div>\n<\/div>\n<\/td>\n<\/tr>\n<tr class=\"even\">\n<td>Kampikammion tilavuus, L<\/td>\n<td>\n<div class=\"attribute row\">\n<div class=\"col-xs-6\">0.7<\/div>\n<\/div>\n<\/td>\n<\/tr>\n<tr class=\"even\">\n<td>\n<div class=\"col-xs-6\">Akku, Ah<\/div>\n<\/td>\n<td>\n<div class=\"attribute row\">\n<div class=\"col-xs-6\">\n<div class=\"attribute row\">\n<div class=\"col-xs-6\">1.6<\/div>\n<\/div>\n<\/div>\n<\/div>\n<\/td>\n<\/tr>\n<tr class=\"even\">\n<td>\n<div class=\"col-xs-6\">M\u00e4his<\/div>\n<\/td>\n<td>\n<div class=\"attribute row\">\n<div class=\"col-xs-6\">kupari<\/div>\n<\/div>\n<\/td>\n<\/tr>\n<tr>\n<td>\n<div class=\"col-xs-6\">Suojausluokka<\/div>\n<\/td>\n<td>\n<div class=\"attribute row\">\n<div class=\"col-xs-6\">IP23M<\/div>\n<\/div>\n<\/td>\n<\/tr>\n<tr class=\"odd\">\n<td>Bruttomitat (P x L x K), mm<\/td>\n<td>640\u0445425\u0445600<\/td>\n<\/tr>\n<tr class=\"even\">\n<td>Net weight, kg<\/td>\n<td>40<\/td>\n<\/tr>\n<tr class=\"odd\">\n<td>Gross weight, kg<\/td>\n<td>43.4<\/td>\n<\/tr>\n<tr class=\"even\">\n<td>EAN-koodi<\/td>\n<td>4260405365807<\/td>\n<\/tr>\n<\/tbody>\n<\/table>\n<p>Koottu PRC.<\/p>\n<p>***Polttoaineenkulutus riippuu monista tekij\u00f6ist\u00e4, kuten kuormituksesta, polttoaineen laadusta, vuodenajasta, korkeudesta, generaattorin teknisest\u00e4 kunnosta.<\/p>","protected":false},"featured_media":17671,"template":"","meta":{"_acf_changed":false,"inline_featured_image":false},"product_brand":[],"product_cat":[179,94,23],"product_tag":[],"class_list":{"0":"post-10533","1":"product","2":"type-product","3":"status-publish","4":"has-post-thumbnail","6":"product_cat-allahinnatud","7":"product_cat-generaatorid","8":"product_cat-invertergeneraatorid","9":"product_shipping_class-poolalus","10":"brand-konner-sohnen","12":"first","13":"instock","14":"sale","15":"taxable","16":"shipping-taxable","17":"purchasable","18":"product-type-simple"},"acf":[],"yoast_head":"<!-- This site is optimized with the Yoast SEO plugin v26.2 - https:\/\/yoast.com\/wordpress\/plugins\/seo\/ -->\n<title>Invertergeneraator KS 6000iE S ATS - Genekas24<\/title>\n<meta name=\"robots\" content=\"index, follow, max-snippet:-1, max-image-preview:large, max-video-preview:-1\" \/>\n<link rel=\"canonical\" href=\"https:\/\/staging.genekas24.ee\/fi\/tuote\/invertterigeneraattori-ks-6000ie-s-ats\/\" \/>\n<meta property=\"og:locale\" content=\"fi_FI\" \/>\n<meta property=\"og:type\" content=\"article\" \/>\n<meta property=\"og:title\" content=\"Invertergeneraator KS 6000iE S ATS - Genekas24\" \/>\n<meta property=\"og:description\" content=\"Kasutus    Ainult individuaal elektri tarbijatele    Pinge 230    Max v\u00f5imsus, kW 5.5    Nominaalne v\u00f5imsus, kW   5.0     Sagedus, Hz 50    Vool (max), \u0410 23.9   Pistikupesad       1 x CEE 230 V 32 A         Mootori k\u00e4ivitamine   Manuaalne\/elektriline\/auto     K\u00fctusepaagi maht, l   11    LED-ekraan   Koormus, k\u00fctusetase, pinge, sagedus, t\u00f6\u00f6aeg; \u00fclekoormuse indikaator, pingeindikaator, \u00f5litaseme indikaator    M\u00fcratase Lpa (7m)\/Lwa, dB   70\/95    Mootori mudel KS 240i   Mootori silindri maht, cm3 223   Mootori t\u00fc\u00fcp   Bensiinimootoriga \u00fchesilindriline, neljataktiline, \u00f5hkjahutusega    Mootori v\u00f5imus, hp 7.5   Paralleel\u00fchenduse v\u00f5imalus -   ATS- v\u00e4ljund   ATS sisseehitatud    Karteri maht, l   0.7     Aku, A\u00b7h     1.6       M\u00e4his   Vask     Kaitseklass   IP23M    Bruto m\u00f5\u00f5dud (PxLxK), mm 640\u0445425\u0445600   Neto kaal, kg 40   Bruto kaal, kg 43.4   EAN kood 4260405365807    Kokku pandud HRV-s.  ***K\u00fctusekulu s\u00f5ltub paljudest teguritest, nagu koormus, k\u00fctuse kvaliteet, aastaaeg, k\u00f5rgus merepinnast, generaatori tehniline seisukord.\" \/>\n<meta property=\"og:url\" content=\"https:\/\/staging.genekas24.ee\/fi\/tuote\/invertterigeneraattori-ks-6000ie-s-ats\/\" \/>\n<meta property=\"og:site_name\" content=\"Genekas24\" \/>\n<meta property=\"article:modified_time\" content=\"2025-12-22T15:28:47+00:00\" \/>\n<meta property=\"og:image\" content=\"https:\/\/staging.genekas24.ee\/wp-content\/uploads\/2023\/03\/KS-6000iE-S-ATS.png\" \/>\n\t<meta property=\"og:image:width\" content=\"600\" \/>\n\t<meta property=\"og:image:height\" content=\"450\" \/>\n\t<meta property=\"og:image:type\" content=\"image\/png\" \/>\n<meta name=\"twitter:card\" content=\"summary_large_image\" \/>\n<meta name=\"twitter:label1\" content=\"Arvioitu lukuaika\" \/>\n\t<meta name=\"twitter:data1\" content=\"5 minuuttia\" \/>\n<script type=\"application\/ld+json\" class=\"yoast-schema-graph\">{\"@context\":\"https:\/\/schema.org\",\"@graph\":[{\"@type\":\"WebPage\",\"@id\":\"https:\/\/staging.genekas24.ee\/toode\/invertergeneraator-ks-6000ie-s-ats\/\",\"url\":\"https:\/\/staging.genekas24.ee\/toode\/invertergeneraator-ks-6000ie-s-ats\/\",\"name\":\"Invertergeneraator KS 6000iE S ATS - Genekas24\",\"isPartOf\":{\"@id\":\"https:\/\/staging.genekas24.ee\/#website\"},\"primaryImageOfPage\":{\"@id\":\"https:\/\/staging.genekas24.ee\/toode\/invertergeneraator-ks-6000ie-s-ats\/#primaryimage\"},\"image\":{\"@id\":\"https:\/\/staging.genekas24.ee\/toode\/invertergeneraator-ks-6000ie-s-ats\/#primaryimage\"},\"thumbnailUrl\":\"https:\/\/staging.genekas24.ee\/wp-content\/uploads\/2023\/03\/KS-6000iE-S-ATS.png\",\"datePublished\":\"2023-03-18T13:26:34+00:00\",\"dateModified\":\"2025-12-22T15:28:47+00:00\",\"breadcrumb\":{\"@id\":\"https:\/\/staging.genekas24.ee\/toode\/invertergeneraator-ks-6000ie-s-ats\/#breadcrumb\"},\"inLanguage\":\"fi\",\"potentialAction\":[{\"@type\":\"ReadAction\",\"target\":[\"https:\/\/staging.genekas24.ee\/toode\/invertergeneraator-ks-6000ie-s-ats\/\"]}]},{\"@type\":\"ImageObject\",\"inLanguage\":\"fi\",\"@id\":\"https:\/\/staging.genekas24.ee\/toode\/invertergeneraator-ks-6000ie-s-ats\/#primaryimage\",\"url\":\"https:\/\/staging.genekas24.ee\/wp-content\/uploads\/2023\/03\/KS-6000iE-S-ATS.png\",\"contentUrl\":\"https:\/\/staging.genekas24.ee\/wp-content\/uploads\/2023\/03\/KS-6000iE-S-ATS.png\",\"width\":600,\"height\":450},{\"@type\":\"BreadcrumbList\",\"@id\":\"https:\/\/staging.genekas24.ee\/toode\/invertergeneraator-ks-6000ie-s-ats\/#breadcrumb\",\"itemListElement\":[{\"@type\":\"ListItem\",\"position\":1,\"name\":\"Home\",\"item\":\"https:\/\/staging.genekas24.ee\/\"},{\"@type\":\"ListItem\",\"position\":2,\"name\":\"Pood\",\"item\":\"https:\/\/staging.genekas24.ee\/pood\/\"},{\"@type\":\"ListItem\",\"position\":3,\"name\":\"Invertergeneraator KS 6000iE S ATS\"}]},{\"@type\":\"WebSite\",\"@id\":\"https:\/\/staging.genekas24.ee\/#website\",\"url\":\"https:\/\/staging.genekas24.ee\/\",\"name\":\"Genekas24\",\"description\":\"Generaatorid | K&ouml;nner S&ouml;hnen tooted | Genekas24\",\"publisher\":{\"@id\":\"https:\/\/staging.genekas24.ee\/#organization\"},\"potentialAction\":[{\"@type\":\"SearchAction\",\"target\":{\"@type\":\"EntryPoint\",\"urlTemplate\":\"https:\/\/staging.genekas24.ee\/?s={search_term_string}\"},\"query-input\":{\"@type\":\"PropertyValueSpecification\",\"valueRequired\":true,\"valueName\":\"search_term_string\"}}],\"inLanguage\":\"fi\"},{\"@type\":\"Organization\",\"@id\":\"https:\/\/staging.genekas24.ee\/#organization\",\"name\":\"Genekas24\",\"url\":\"https:\/\/staging.genekas24.ee\/\",\"logo\":{\"@type\":\"ImageObject\",\"inLanguage\":\"fi\",\"@id\":\"https:\/\/staging.genekas24.ee\/#\/schema\/logo\/image\/\",\"url\":\"https:\/\/staging.genekas24.ee\/wp-content\/uploads\/2026\/01\/genekas24-logo_black.svg\",\"contentUrl\":\"https:\/\/staging.genekas24.ee\/wp-content\/uploads\/2026\/01\/genekas24-logo_black.svg\",\"width\":840,\"height\":131,\"caption\":\"Genekas24\"},\"image\":{\"@id\":\"https:\/\/staging.genekas24.ee\/#\/schema\/logo\/image\/\"}}]}<\/script>\n<!-- \/ Yoast SEO plugin. -->","yoast_head_json":{"title":"Invertterigeneraattori KS 6000iE S ATS - Genekas24","robots":{"index":"index","follow":"follow","max-snippet":"max-snippet:-1","max-image-preview":"max-image-preview:large","max-video-preview":"max-video-preview:-1"},"canonical":"https:\/\/staging.genekas24.ee\/fi\/tuote\/invertterigeneraattori-ks-6000ie-s-ats\/","og_locale":"fi_FI","og_type":"article","og_title":"Invertergeneraator KS 6000iE S ATS - Genekas24","og_description":"Kasutus    Ainult individuaal elektri tarbijatele    Pinge 230    Max v\u00f5imsus, kW 5.5    Nominaalne v\u00f5imsus, kW   5.0     Sagedus, Hz 50    Vool (max), \u0410 23.9   Pistikupesad       1 x CEE 230 V 32 A         Mootori k\u00e4ivitamine   Manuaalne\/elektriline\/auto     K\u00fctusepaagi maht, l   11    LED-ekraan   Koormus, k\u00fctusetase, pinge, sagedus, t\u00f6\u00f6aeg; \u00fclekoormuse indikaator, pingeindikaator, \u00f5litaseme indikaator    M\u00fcratase Lpa (7m)\/Lwa, dB   70\/95    Mootori mudel KS 240i   Mootori silindri maht, cm3 223   Mootori t\u00fc\u00fcp   Bensiinimootoriga \u00fchesilindriline, neljataktiline, \u00f5hkjahutusega    Mootori v\u00f5imus, hp 7.5   Paralleel\u00fchenduse v\u00f5imalus -   ATS- v\u00e4ljund   ATS sisseehitatud    Karteri maht, l   0.7     Aku, A\u00b7h     1.6       M\u00e4his   Vask     Kaitseklass   IP23M    Bruto m\u00f5\u00f5dud (PxLxK), mm 640\u0445425\u0445600   Neto kaal, kg 40   Bruto kaal, kg 43.4   EAN kood 4260405365807    Kokku pandud HRV-s.  ***K\u00fctusekulu s\u00f5ltub paljudest teguritest, nagu koormus, k\u00fctuse kvaliteet, aastaaeg, k\u00f5rgus merepinnast, generaatori tehniline seisukord.","og_url":"https:\/\/staging.genekas24.ee\/fi\/tuote\/invertterigeneraattori-ks-6000ie-s-ats\/","og_site_name":"Genekas24","article_modified_time":"2025-12-22T15:28:47+00:00","og_image":[{"width":600,"height":450,"url":"https:\/\/staging.genekas24.ee\/wp-content\/uploads\/2023\/03\/KS-6000iE-S-ATS.png","type":"image\/png"}],"twitter_card":"summary_large_image","twitter_misc":{"Arvioitu lukuaika":"5 minuuttia"},"schema":{"@context":"https:\/\/schema.org","@graph":[{"@type":"WebPage","@id":"https:\/\/staging.genekas24.ee\/toode\/invertergeneraator-ks-6000ie-s-ats\/","url":"https:\/\/staging.genekas24.ee\/toode\/invertergeneraator-ks-6000ie-s-ats\/","name":"Invertterigeneraattori KS 6000iE S ATS - Genekas24","isPartOf":{"@id":"https:\/\/staging.genekas24.ee\/#website"},"primaryImageOfPage":{"@id":"https:\/\/staging.genekas24.ee\/toode\/invertergeneraator-ks-6000ie-s-ats\/#primaryimage"},"image":{"@id":"https:\/\/staging.genekas24.ee\/toode\/invertergeneraator-ks-6000ie-s-ats\/#primaryimage"},"thumbnailUrl":"https:\/\/staging.genekas24.ee\/wp-content\/uploads\/2023\/03\/KS-6000iE-S-ATS.png","datePublished":"2023-03-18T13:26:34+00:00","dateModified":"2025-12-22T15:28:47+00:00","breadcrumb":{"@id":"https:\/\/staging.genekas24.ee\/toode\/invertergeneraator-ks-6000ie-s-ats\/#breadcrumb"},"inLanguage":"fi","potentialAction":[{"@type":"ReadAction","target":["https:\/\/staging.genekas24.ee\/toode\/invertergeneraator-ks-6000ie-s-ats\/"]}]},{"@type":"ImageObject","inLanguage":"fi","@id":"https:\/\/staging.genekas24.ee\/toode\/invertergeneraator-ks-6000ie-s-ats\/#primaryimage","url":"https:\/\/staging.genekas24.ee\/wp-content\/uploads\/2023\/03\/KS-6000iE-S-ATS.png","contentUrl":"https:\/\/staging.genekas24.ee\/wp-content\/uploads\/2023\/03\/KS-6000iE-S-ATS.png","width":600,"height":450},{"@type":"BreadcrumbList","@id":"https:\/\/staging.genekas24.ee\/toode\/invertergeneraator-ks-6000ie-s-ats\/#breadcrumb","itemListElement":[{"@type":"ListItem","position":1,"name":"Home","item":"https:\/\/staging.genekas24.ee\/"},{"@type":"ListItem","position":2,"name":"Pood","item":"https:\/\/staging.genekas24.ee\/pood\/"},{"@type":"ListItem","position":3,"name":"Invertergeneraator KS 6000iE S ATS"}]},{"@type":"WebSite","@id":"https:\/\/staging.genekas24.ee\/#website","url":"https:\/\/staging.genekas24.ee\/","name":"Genekas24","description":"Generaatorid | K&ouml;nner S&ouml;hnen tooted | Genekas24","publisher":{"@id":"https:\/\/staging.genekas24.ee\/#organization"},"potentialAction":[{"@type":"SearchAction","target":{"@type":"EntryPoint","urlTemplate":"https:\/\/staging.genekas24.ee\/?s={search_term_string}"},"query-input":{"@type":"PropertyValueSpecification","valueRequired":true,"valueName":"search_term_string"}}],"inLanguage":"fi"},{"@type":"Organization","@id":"https:\/\/staging.genekas24.ee\/#organization","name":"Genekas24","url":"https:\/\/staging.genekas24.ee\/","logo":{"@type":"ImageObject","inLanguage":"fi","@id":"https:\/\/staging.genekas24.ee\/#\/schema\/logo\/image\/","url":"https:\/\/staging.genekas24.ee\/wp-content\/uploads\/2026\/01\/genekas24-logo_black.svg","contentUrl":"https:\/\/staging.genekas24.ee\/wp-content\/uploads\/2026\/01\/genekas24-logo_black.svg","width":840,"height":131,"caption":"Genekas24"},"image":{"@id":"https:\/\/staging.genekas24.ee\/#\/schema\/logo\/image\/"}}]}},"_links":{"self":[{"href":"https:\/\/staging.genekas24.ee\/fi\/wp-json\/wp\/v2\/product\/10533","targetHints":{"allow":["GET"]}}],"collection":[{"href":"https:\/\/staging.genekas24.ee\/fi\/wp-json\/wp\/v2\/product"}],"about":[{"href":"https:\/\/staging.genekas24.ee\/fi\/wp-json\/wp\/v2\/types\/product"}],"version-history":[{"count":23,"href":"https:\/\/staging.genekas24.ee\/fi\/wp-json\/wp\/v2\/product\/10533\/revisions"}],"predecessor-version":[{"id":21115,"href":"https:\/\/staging.genekas24.ee\/fi\/wp-json\/wp\/v2\/product\/10533\/revisions\/21115"}],"wp:featuredmedia":[{"embeddable":true,"href":"https:\/\/staging.genekas24.ee\/fi\/wp-json\/wp\/v2\/media\/17671"}],"wp:attachment":[{"href":"https:\/\/staging.genekas24.ee\/fi\/wp-json\/wp\/v2\/media?parent=10533"}],"wp:term":[{"taxonomy":"product_brand","embeddable":true,"href":"https:\/\/staging.genekas24.ee\/fi\/wp-json\/wp\/v2\/product_brand?post=10533"},{"taxonomy":"product_cat","embeddable":true,"href":"https:\/\/staging.genekas24.ee\/fi\/wp-json\/wp\/v2\/product_cat?post=10533"},{"taxonomy":"product_tag","embeddable":true,"href":"https:\/\/staging.genekas24.ee\/fi\/wp-json\/wp\/v2\/product_tag?post=10533"}],"curies":[{"name":"wp","href":"https:\/\/api.w.org\/{rel}","templated":true}]}}