{"id":15208,"date":"2023-10-24T15:33:14","date_gmt":"2023-10-24T15:33:14","guid":{"rendered":"https:\/\/staging.genekas24.ee\/?page_id=15208"},"modified":"2025-09-02T13:46:18","modified_gmt":"2025-09-02T13:46:18","slug":"tellimistingimused","status":"publish","type":"page","link":"https:\/\/staging.genekas24.ee\/fi\/tilausehdot\/","title":{"rendered":"TELLIMISTINGIMUSED"},"content":{"rendered":"<div data-elementor-type=\"wp-page\" data-elementor-id=\"15208\" class=\"elementor elementor-15208\" data-elementor-post-type=\"page\">\n\t\t\t\t<div class=\"elementor-element elementor-element-00375ac e-flex e-con-boxed e-con e-parent\" data-id=\"00375ac\" data-element_type=\"container\">\n\t\t\t\t\t<div class=\"e-con-inner\">\n\t\t\t\t<div class=\"elementor-element elementor-element-663a8ac elementor-widget elementor-widget-heading\" data-id=\"663a8ac\" data-element_type=\"widget\" data-widget_type=\"heading.default\">\n\t\t\t\t<div class=\"elementor-widget-container\">\n\t\t\t\t\t<h1 class=\"elementor-heading-title elementor-size-default\">Genekas24 e-poe tingimused<\/h1>\t\t\t\t<\/div>\n\t\t\t\t<\/div>\n\t\t\t\t<div class=\"elementor-element elementor-element-2107c03 elementor-widget elementor-widget-text-editor\" data-id=\"2107c03\" data-element_type=\"widget\" data-widget_type=\"text-editor.default\">\n\t\t\t\t<div class=\"elementor-widget-container\">\n\t\t\t\t\t\t\t\t\t<p>Voimassa 01.05.2022 alkaen<\/p>\t\t\t\t\t\t\t\t<\/div>\n\t\t\t\t<\/div>\n\t\t\t\t\t<\/div>\n\t\t\t\t<\/div>\n\t\t<div class=\"elementor-element elementor-element-4bd0f1e e-flex e-con-boxed e-con e-parent\" data-id=\"4bd0f1e\" data-element_type=\"container\">\n\t\t\t\t\t<div class=\"e-con-inner\">\n\t\t\t\t<div class=\"elementor-element elementor-element-e5d7375 elementor-widget elementor-widget-text-editor\" data-id=\"e5d7375\" data-element_type=\"widget\" data-widget_type=\"text-editor.default\">\n\t\t\t\t<div class=\"elementor-widget-container\">\n\t\t\t\t\t\t\t\t\t<h5>1. YLEISET S\u00c4\u00c4NN\u00d6KSET<\/h5><p>1.1. K\u00e4esolevad Profile Arendus O\u00dc, registrikood 11247353 (\u201eM\u00fc\u00fcja\u201c v\u00f5i \u201ePool\u201c) e-poe tingimused (\u201eTingimused\u201c) kehtivad (\u201eOstja v\u00f5i \u201eTarbija\u201c, \u00fchiselt \u201eOstja\u201c), kes kasutavad M\u00fc\u00fcja veebilehel <a href=\"https:\/\/staging.genekas24.ee\/fi\/\" target=\"_blank\" rel=\"noopener\">www.genekas24.ee<\/a> asuvat epoodi (\u201ee-pood\u201c), tellivad e-poest kaupa (\u201eKaup\u201c), sh s\u00f5lmivad e-poest Kauba ostmiseks m\u00fc\u00fcgilepingu (\u201eLeping\u201c).<\/p><p>1.2.\tOsapuolten v\u00e4linen sopimus katsotaan solmituksi, kun tilaus on vahvistettu.<\/p><p>1.3.\tSopimusasiakirjoja ovat ehdot ja tilaus. Jos niiden v\u00e4lill\u00e4 on ristiriita, tilaus on etusijalla.<\/p><p class=\"translation-block\">1.4.\tAsioissa, joita ei ole s\u00e4\u00e4nnelty n\u00e4iss\u00e4 ehdoissa, osapuolet noudattavat myyj\u00e4n yleisi\u00e4 ehtoja ja lains\u00e4\u00e4nn\u00f6ksi\u00e4. Myyj\u00e4n yleiset sopimusehdot on julkaistu sivustolla <a href=\"https:\/\/profilegrupp.ee\/\" target=\"_blank\" rel=\"noopener\">www.profilegrupp.ee<\/a><\/p><h5>\u00a0<\/h5><h5>2. TUOTTEIDEN OSTAMINEN VERKKOKAUPASTA<\/h5><p>2.1.\tOstaja voi ostaa verkkokaupasta tuotteita, jotka h\u00e4n voi lis\u00e4t\u00e4 ostoskoriin.<\/p><p>2.2.\tOstaja voi muuttaa ostoskorin sis\u00e4lt\u00f6\u00e4, kunnes tilaus on vahvistettu. Jos ostaja keskeytt\u00e4\u00e4 ostoksen vahvistuksen j\u00e4lkeen, ostoskori tyhjennet\u00e4\u00e4n tuotteista ja ostajan on valittava kaikki tuotteet uudelleen jatkaessaan.<\/p><p>2.3.\tLis\u00e4tty\u00e4\u00e4n tuotteet ostoskoriin ostaja siirtyy tilausvahvistussivulle. Tilausvahvistussivulla ostaja ilmoittaa etu- ja sukunimens\u00e4, maan, kadun, talon numeron, postinumeron, kaupungin\/kunnan, puhelinnumeron ja s\u00e4hk\u00f6postiosoitteen. Ostaja voi halutessaan sy\u00f6tt\u00e4\u00e4 my\u00f6s yrityksen tiedot.<\/p><p>2.4.\tKun tilaus on vahvistettu, ostaja valitsee haluamansa toimitus- ja maksutavan. Tuotteiden maksaminen verkkokaupassa tapahtuu verkkokaupassa mainittujen pankkien pankkilinkkien kautta. Tuotteiden maksamisen j\u00e4lkeen ostajan on poistuttava verkkopankkisivulta painamalla \u201dTakaisin kauppiaan sivulle\u201d -painiketta.<\/p><p>2.5.\tMyyj\u00e4ll\u00e4 on oikeus peruuttaa verkkokaupassa solmittu myyntisopimus ja olla toimittamatta tilattuja tuotteita, jos tuotteen hinta tai ominaisuudet on esitetty verkkokaupassa virheellisesti j\u00e4rjestelm\u00e4virheen vuoksi.<\/p><p>2.6.\tTuotevalikoima, hinta ja saatavuus voivat muuttua juoksevasti ja ilman ennakkoilmoitusta, mukaan lukien mahdollinen tuotem\u00e4\u00e4r\u00e4n rajoitus ostajaa kohti.<\/p><h5>\u00a0<\/h5><h5>3. TUOTTEIDEN LUOVUTTAMINEN<\/h5><p>3.1.\tMyyj\u00e4 luovuttaa tuotteet ostajalle verkkokaupassa ilmoitetulla toimitustavalla, jonka ostaja valitsee.<\/p><p>3.2.\tOstaja maksaa tuotteiden toimituksen. Jos toimitukseen k\u00e4ytet\u00e4\u00e4n pakettiautomaattia tai l\u00e4hettipalvelua, osapuolet katsovat, ett\u00e4 tuote on luovutettu ostajalle siit\u00e4 hetkest\u00e4 alkaen, kun se on luovutettu kuljettajalle (l\u00e4hettipalvelun tarjoaja), kuluttajan tapauksessa siit\u00e4 hetkest\u00e4 alkaen, kun kuluttaja on vastaanottanut sen.<\/p><p>3.3.\tJos ostaja viiv\u00e4stytt\u00e4\u00e4 tuotteiden vastaanottamista, myyj\u00e4ll\u00e4 on oikeus varastoida tuote ostajan kustannuksella. Jos ostaja on viivytt\u00e4nyt tuotteiden vastaanottamista yli 14 kalenterip\u00e4iv\u00e4\u00e4, myyj\u00e4ll\u00e4 on oikeus purkaa sopimus poikkeuksellisesti ja vaatia ostajalta korvausta kaikista kustannuksista (esim. varastointikustannukset), joita myyj\u00e4lle on aiheutunut sopimuksen t\u00e4ytt\u00e4misest\u00e4 ja purkamisesta, jos mahdollista, v\u00e4hent\u00e4m\u00e4ll\u00e4 ne ostajalle tuotteista palautettavasta summasta.<\/p><p><span style=\"color: inherit; font-family: inherit; font-size: 1.25rem; text-align: var(--text-align);\">\u00a0<\/span><\/p><h5><span style=\"color: inherit; font-family: inherit; font-size: 1.25rem; text-align: var(--text-align);\">4. TUOTTEIDEN HALLUSSAPITO JA OMISTUSOIKEUS<\/span><\/h5><p><span style=\"color: var( --e-global-color-text ); font-family: var( --e-global-typography-text-font-family ), Sans-serif; font-size: var( --e-global-typography-text-font-size ); font-weight: var( --e-global-typography-text-font-weight ); text-align: var(--text-align);\">4.1.\tTuotteiden hallussapito sek\u00e4 vahingoittumis- ja tuhoutumisriski siirtyv\u00e4t myyj\u00e4lt\u00e4 ostajalle sill\u00e4 hetkell\u00e4, kun tuote luovutetaan ostajalle, tai ostajan viivytt\u00e4ess\u00e4 vastaanottamista sill\u00e4 hetkell\u00e4, kun vastaanottamisen viiv\u00e4styminen alkaa.<\/span><\/p><p><span style=\"color: var( --e-global-color-text ); font-family: var( --e-global-typography-text-font-family ), Sans-serif; font-size: var( --e-global-typography-text-font-size ); font-weight: var( --e-global-typography-text-font-weight ); text-align: var(--text-align);\">4.2.\tTuotteen omistusoikeus siirtyy myyj\u00e4lt\u00e4 ostajalle sill\u00e4 hetkell\u00e4, kun ostaja on maksanut asianmukaisesti kaikki sopimukseen merkityt maksut.<\/span><\/p><p><span style=\"color: inherit; font-family: inherit; font-size: 1.25rem; text-align: var(--text-align);\">\u00a0<\/span><\/p><h5><span style=\"color: inherit; font-family: inherit; font-size: 1.25rem; text-align: var(--text-align);\">5. MAKSAMINEN JA MAKSUEHDOT<\/span><\/h5><p><span style=\"color: var( --e-global-color-text ); font-family: var( --e-global-typography-text-font-family ), Sans-serif; font-size: var( --e-global-typography-text-font-size ); font-weight: var( --e-global-typography-text-font-weight ); text-align: var(--text-align);\">5.1.\tOstaja sitoutuu maksamaan myyj\u00e4lle maksun (\u201dmaksu\u201d) tilauksen perusteella sopimuksen mukaisesti. Maksu sis\u00e4lt\u00e4\u00e4 tuotteen hinnan ja toimitusmaksun.<\/span><\/p><p><span style=\"color: var( --e-global-color-text ); font-family: var( --e-global-typography-text-font-family ), Sans-serif; font-size: var( --e-global-typography-text-font-size ); font-weight: var( --e-global-typography-text-font-weight ); text-align: var(--text-align);\">5.2.\tOstajan katsotaan suorittaneen maksun tilauksesta, kun maksu n\u00e4kyy myyj\u00e4n pankkitilill\u00e4.<\/span><\/p><p><span style=\"color: var( --e-global-color-text ); font-family: var( --e-global-typography-text-font-family ), Sans-serif; font-size: var( --e-global-typography-text-font-size ); font-weight: var( --e-global-typography-text-font-weight ); text-align: var(--text-align);\">5.3.\tJos maksu viiv\u00e4styy, ostaja sitoutuu maksamaan myyj\u00e4lle viiv\u00e4styskorkoa 0,07 % viiv\u00e4styneest\u00e4 summasta p\u00e4iv\u00e4ss\u00e4, kunnes velka on maksettu kokonaan.<\/span><\/p><p><span style=\"color: inherit; font-family: inherit; font-size: 1.25rem; text-align: var(--text-align);\">\u00a0<\/span><\/p><h5><span style=\"color: inherit; font-family: inherit; font-size: 1.25rem; text-align: var(--text-align);\">6. TUOTTEEN SOPIMUKSENMUKAISUUS, PUUTTEIDEN KORJAAMINEN<\/span><\/h5><p><span style=\"color: var( --e-global-color-text ); font-family: var( --e-global-typography-text-font-family ), Sans-serif; font-size: var( --e-global-typography-text-font-size ); font-weight: var( --e-global-typography-text-font-weight ); text-align: var(--text-align);\">6.1.\tOstajalla on velvollisuus tarkistaa tuote v\u00e4litt\u00f6m\u00e4sti sen vastaanottamisen yhteydess\u00e4 ja puutteiden ilmetess\u00e4 ilmoittaa siit\u00e4 myyj\u00e4lle kirjallisen uudelleen esitt\u00e4misen mahdollistavassa muodossa. Valitus on esitett\u00e4v\u00e4 v\u00e4litt\u00f6m\u00e4sti, mutta viimeist\u00e4\u00e4n kahden (2) kuukauden kuluessa tuotteen puutteen havaitsemisesta.<\/span><\/p><p><span style=\"color: var( --e-global-color-text ); font-family: var( --e-global-typography-text-font-family ), Sans-serif; font-size: var( --e-global-typography-text-font-size ); font-weight: var( --e-global-typography-text-font-weight ); text-align: var(--text-align);\">6.2.\tPuutteen havaittuaan kuluttajan on ryhdytt\u00e4v\u00e4 kohtuullisiin toimiin tuotteen s\u00e4ilytt\u00e4miseksi ja suojelemiseksi, muun muassa olemaan k\u00e4ytt\u00e4m\u00e4tt\u00e4 puutteellista tuotetta, jos se heikent\u00e4\u00e4 tuotteen kuntoa entisest\u00e4\u00e4n.<\/span><\/p><p>6.3.\tValituksen ratkaisemiseksi kuluttajalla on oltava ostoasiakirjat, jotka todistavat tuotteen ostamisen myyj\u00e4n verkkokaupasta.<\/p><p>6.4.\tJos tuotteessa on puute ja ostaja on ilmoittanut siit\u00e4 myyj\u00e4lle ajoissa, ostaja voi vaatia myyj\u00e4\u00e4 korjaamaan tai vaihtamaan tuotteen, jos se on mahdollista eik\u00e4 aiheuta myyj\u00e4lle muiden oikeussuojakeinojen k\u00e4ytt\u00f6\u00f6n verrattuna\tsuhteettomia kustannuksia, kun otetaan huomioon kaikki olosuhteet, mukaan lukien arvo, joka tuotteella olisi ollut, jos puutetta ei olisi, puutteen olennaisuus ja ostajan mahdollisuus k\u00e4ytt\u00e4\u00e4 toista oikeussuojakeinoa ilman merkitt\u00e4vi\u00e4 haittoja.<\/p><p>6.5.\tJos tuotteen puute on korjattava korjaamalla tai vaihtamalla tuote, ostajan on annettava tuote myyj\u00e4n k\u00e4ytt\u00f6\u00f6n.<\/p><p>6.6.\tMyyj\u00e4 vastaa tuotteen korjaamisesta tai vaihtamisesta aiheutuvista kustannuksista, mukaan lukien kuljetus- ja materiaalikustannukset.<\/p><h5>\u00a0<\/h5><h5>7. SOPIMUKSEN VOIMAANASTUMINEN, VOIMASSAOLO JA P\u00c4\u00c4TTYMINEN<\/h5><p>7.1.\tSopimus astuu voimaan solmimishetkell\u00e4 ja on voimassa, kunnes osapuolet t\u00e4ytt\u00e4v\u00e4t sopimuksesta aiheutuvat velvollisuutensa asianmukaisesti. Solmimalla sopimuksen osapuolet katsovat ennen sopimuksen solmimista tehdyt sopimukset mit\u00e4tt\u00f6miksi.<\/p><p>7.2.\tJos ostaja irtisanoo sopimuksen poikkeuksellisesti, kaikki sopimuksesta aiheutuvat ostajan rahalliset velvollisuudet myyj\u00e4lle er\u00e4\u00e4ntyv\u00e4t maksettavaksi sopimuksen p\u00e4\u00e4ttymisp\u00e4iv\u00e4n\u00e4.<\/p><p>7.3.\tKuluttajalla on oikeus peruuttaa sopimus 14 p\u00e4iv\u00e4n kuluessa siit\u00e4, kun tuote on luovutettu kuluttajalle.<\/p><p>7.4.\tKuluttajalla ei ole oikeutta peruuttaa viestint\u00e4v\u00e4lineiden v\u00e4lityksell\u00e4 solmittua sopimusta 14 p\u00e4iv\u00e4n kuluessa, jos tilaus on t\u00e4ytett\u00e4v\u00e4 ostajan henkil\u00f6kohtaiset tarpeet huomioon ottaen tai ostajan esitt\u00e4mien ehtojen mukaisesti.<\/p><p>7.5.\tJos kuluttaja peruuttaa sopimuksen, h\u00e4n vastaa tuotteiden palauttamisesta aiheutuvista v\u00e4litt\u00f6mist\u00e4 kustannuksista.<\/p><h5>\u00a0<\/h5><h5>8. HENKIL\u00d6TIETOJEN K\u00c4SITTELY<\/h5><p>8.1.\tMyyj\u00e4 k\u00e4sittelee ostajan verkkokaupassa ilmoittamia henkil\u00f6tietoja rekisterinpit\u00e4j\u00e4n\u00e4 myyj\u00e4n tietosuojas\u00e4\u00e4nt\u00f6jen mukaisesti. Henkil\u00f6tietojen k\u00e4sittelyn oikeudellisia perusteita ovat sopimuksen t\u00e4ytt\u00e4minen (esim. tuotteen tilauksen t\u00e4ytt\u00e4minen), lakis\u00e4\u00e4teisen velvollisuuden t\u00e4ytt\u00e4minen (esim. tuotteen maksamista koskevat tiedot), oikeutettu etu (esim. kulutustottumusten ja ostok\u00e4ytt\u00e4ytymisen analysointi, profilointi) ja suostumus (esim. tarjousten l\u00e4hett\u00e4minen).<\/p><p>8.2.\tJos myyj\u00e4 k\u00e4sittelee kuluttajan henkil\u00f6tietoja suostumuksen perusteella, kuluttajalla on oikeus peruuttaa suostumuksensa milloin tahansa.<\/p><p>8.3.\tOsapuolet noudattavat henkil\u00f6tietojen k\u00e4sittelyss\u00e4 voimassaolevan lains\u00e4\u00e4d\u00e4nn\u00f6n vaatimuksia.<\/p><h5>\u00a0<\/h5><h5>9. EHTOJEN MUUTTAMINEN<\/h5><p>9.1.\tMyyj\u00e4ll\u00e4 on oikeus muuttaa ehtoja yksipuolisesti. Muutokset ja t\u00e4ydennykset astuvat voimaan, kun ehtojen uusi versio on julkaistu myyj\u00e4n verkkosivustolla ja siit\u00e4 on kulunut 14 kalenterip\u00e4iv\u00e4\u00e4.<\/p><h5>\u00a0<\/h5><h5>10.\tILMOITUKSET<\/h5><p>10.1.\tSopimukseen liittyv\u00e4t ilmoitukset v\u00e4litet\u00e4\u00e4n puhelimitse, s\u00e4hk\u00f6postitse tai postitse sopimuksessa ilmoitettuihin yhteystietoihin. Sopimuksen rikkomiseen liittyv\u00e4 vaatimus on esitett\u00e4v\u00e4 kirjallisesti.<\/p><p>10.2.\tToisen osapuolen katsotaan vastaanottaneen postitse l\u00e4hetetyn kirjallisen ilmoituksen, kun postittamisesta on kulunut 3 (kolme) kalenterip\u00e4iv\u00e4\u00e4.<\/p><h5>\u00a0<\/h5><h5>11.\tSOVELLETTAVA LAKI JA RIITOJEN RATKAISEMINEN<\/h5><p>11.1.\tSopimukseen sovelletaan Viron tasavallassa voimassa olevaa lains\u00e4\u00e4d\u00e4nt\u00f6\u00e4.<\/p><p><span style=\"color: var( --e-global-color-text ); font-family: var( --e-global-typography-text-font-family ), Sans-serif; font-size: var( --e-global-typography-text-font-size ); font-weight: var( --e-global-typography-text-font-weight ); text-align: var(--text-align);\">11.2.\tOsapuolet pyrkiv\u00e4t ratkaisemaan sopimuksesta aiheutuvat erimielisyydet neuvottelemalla.<\/span><\/p><p><span style=\"color: var( --e-global-color-text ); font-family: var( --e-global-typography-text-font-family ), Sans-serif; font-size: var( --e-global-typography-text-font-size ); font-weight: var( --e-global-typography-text-font-weight ); text-align: var(--text-align);\">11.3.\tJos osapuolet eiv\u00e4t p\u00e4\u00e4se sopimukseen neuvottelemalla tai neuvottelut keskeytyv\u00e4t, osapuolilla on oikeus k\u00e4\u00e4nty\u00e4 Harjun k\u00e4r\u00e4j\u00e4oikeuden puoleen suojatakseen oikeuksiaan.<\/span><\/p>\t\t\t\t\t\t\t\t<\/div>\n\t\t\t\t<\/div>\n\t\t\t\t\t<\/div>\n\t\t\t\t<\/div>\n\t\t<div class=\"elementor-element elementor-element-7f7295e e-flex e-con-boxed e-con e-parent\" data-id=\"7f7295e\" data-element_type=\"container\">\n\t\t\t\t\t<div class=\"e-con-inner\">\n\t\t\t\t<div class=\"elementor-element elementor-element-c1f6deb elementor-widget elementor-widget-spacer\" data-id=\"c1f6deb\" data-element_type=\"widget\" data-widget_type=\"spacer.default\">\n\t\t\t\t<div class=\"elementor-widget-container\">\n\t\t\t\t\t\t\t<div class=\"elementor-spacer\">\n\t\t\t<div class=\"elementor-spacer-inner\"><\/div>\n\t\t<\/div>\n\t\t\t\t\t\t<\/div>\n\t\t\t\t<\/div>\n\t\t\t\t\t<\/div>\n\t\t\t\t<\/div>\n\t\t\t\t<\/div>","protected":false},"excerpt":{"rendered":"<p>Genekas24 e-poe tingimused Kehtivad alates 01.05.2022 1. \u00dcLDS\u00c4TTED 1.1. K\u00e4esolevad Profile Arendus O\u00dc, registrikood 11247353 (\u201eM\u00fc\u00fcja\u201c v\u00f5i \u201ePool\u201c) e-poe tingimused (\u201eTingimused\u201c) kehtivad (\u201eOstja v\u00f5i \u201eTarbija\u201c, \u00fchiselt \u201eOstja\u201c), kes kasutavad M\u00fc\u00fcja veebilehel www.genekas24.ee asuvat epoodi (\u201ee-pood\u201c), tellivad e-poest kaupa (\u201eKaup\u201c), sh s\u00f5lmivad e-poest Kauba ostmiseks m\u00fc\u00fcgilepingu (\u201eLeping\u201c). 1.2. Leping loetakse Poolte vahel s\u00f5lmituks tellimuse kinnitamisega. 1.3. [&hellip;]<\/p>","protected":false},"author":5,"featured_media":0,"parent":0,"menu_order":0,"comment_status":"closed","ping_status":"closed","template":"","meta":{"_acf_changed":false,"inline_featured_image":false,"footnotes":""},"class_list":["post-15208","page","type-page","status-publish","hentry"],"acf":[],"yoast_head":"<!-- This site is optimized with the Yoast SEO plugin v26.2 - https:\/\/yoast.com\/wordpress\/plugins\/seo\/ -->\n<title>TELLIMISTINGIMUSED - Genekas24<\/title>\n<meta name=\"robots\" content=\"index, follow, max-snippet:-1, max-image-preview:large, max-video-preview:-1\" \/>\n<link rel=\"canonical\" href=\"https:\/\/staging.genekas24.ee\/fi\/tilausehdot\/\" \/>\n<meta property=\"og:locale\" content=\"fi_FI\" \/>\n<meta property=\"og:type\" content=\"article\" \/>\n<meta property=\"og:title\" content=\"TELLIMISTINGIMUSED - Genekas24\" \/>\n<meta property=\"og:description\" content=\"Genekas24 e-poe tingimused Kehtivad alates 01.05.2022 1. \u00dcLDS\u00c4TTED 1.1. K\u00e4esolevad Profile Arendus O\u00dc, registrikood 11247353 (\u201eM\u00fc\u00fcja\u201c v\u00f5i \u201ePool\u201c) e-poe tingimused (\u201eTingimused\u201c) kehtivad (\u201eOstja v\u00f5i \u201eTarbija\u201c, \u00fchiselt \u201eOstja\u201c), kes kasutavad M\u00fc\u00fcja veebilehel www.genekas24.ee asuvat epoodi (\u201ee-pood\u201c), tellivad e-poest kaupa (\u201eKaup\u201c), sh s\u00f5lmivad e-poest Kauba ostmiseks m\u00fc\u00fcgilepingu (\u201eLeping\u201c). 1.2. Leping loetakse Poolte vahel s\u00f5lmituks tellimuse kinnitamisega. 1.3. [&hellip;]\" \/>\n<meta property=\"og:url\" content=\"https:\/\/staging.genekas24.ee\/fi\/tilausehdot\/\" \/>\n<meta property=\"og:site_name\" content=\"Genekas24\" \/>\n<meta property=\"article:modified_time\" content=\"2025-09-02T13:46:18+00:00\" \/>\n<meta name=\"twitter:card\" content=\"summary_large_image\" \/>\n<meta name=\"twitter:label1\" content=\"Arvioitu lukuaika\" \/>\n\t<meta name=\"twitter:data1\" content=\"5 minuuttia\" \/>\n<script type=\"application\/ld+json\" class=\"yoast-schema-graph\">{\"@context\":\"https:\/\/schema.org\",\"@graph\":[{\"@type\":\"WebPage\",\"@id\":\"https:\/\/staging.genekas24.ee\/tellimistingimused\/\",\"url\":\"https:\/\/staging.genekas24.ee\/tellimistingimused\/\",\"name\":\"TELLIMISTINGIMUSED - Genekas24\",\"isPartOf\":{\"@id\":\"https:\/\/staging.genekas24.ee\/#website\"},\"datePublished\":\"2023-10-24T15:33:14+00:00\",\"dateModified\":\"2025-09-02T13:46:18+00:00\",\"breadcrumb\":{\"@id\":\"https:\/\/staging.genekas24.ee\/tellimistingimused\/#breadcrumb\"},\"inLanguage\":\"fi\",\"potentialAction\":[{\"@type\":\"ReadAction\",\"target\":[\"https:\/\/staging.genekas24.ee\/tellimistingimused\/\"]}]},{\"@type\":\"BreadcrumbList\",\"@id\":\"https:\/\/staging.genekas24.ee\/tellimistingimused\/#breadcrumb\",\"itemListElement\":[{\"@type\":\"ListItem\",\"position\":1,\"name\":\"Home\",\"item\":\"https:\/\/staging.genekas24.ee\/\"},{\"@type\":\"ListItem\",\"position\":2,\"name\":\"TELLIMISTINGIMUSED\"}]},{\"@type\":\"WebSite\",\"@id\":\"https:\/\/staging.genekas24.ee\/#website\",\"url\":\"https:\/\/staging.genekas24.ee\/\",\"name\":\"Genekas24\",\"description\":\"Generaatorid | K&ouml;nner S&ouml;hnen tooted | Genekas24\",\"publisher\":{\"@id\":\"https:\/\/staging.genekas24.ee\/#organization\"},\"potentialAction\":[{\"@type\":\"SearchAction\",\"target\":{\"@type\":\"EntryPoint\",\"urlTemplate\":\"https:\/\/staging.genekas24.ee\/?s={search_term_string}\"},\"query-input\":{\"@type\":\"PropertyValueSpecification\",\"valueRequired\":true,\"valueName\":\"search_term_string\"}}],\"inLanguage\":\"fi\"},{\"@type\":\"Organization\",\"@id\":\"https:\/\/staging.genekas24.ee\/#organization\",\"name\":\"Genekas24\",\"url\":\"https:\/\/staging.genekas24.ee\/\",\"logo\":{\"@type\":\"ImageObject\",\"inLanguage\":\"fi\",\"@id\":\"https:\/\/staging.genekas24.ee\/#\/schema\/logo\/image\/\",\"url\":\"https:\/\/staging.genekas24.ee\/wp-content\/uploads\/2026\/01\/genekas24-logo_black.svg\",\"contentUrl\":\"https:\/\/staging.genekas24.ee\/wp-content\/uploads\/2026\/01\/genekas24-logo_black.svg\",\"width\":840,\"height\":131,\"caption\":\"Genekas24\"},\"image\":{\"@id\":\"https:\/\/staging.genekas24.ee\/#\/schema\/logo\/image\/\"}}]}<\/script>\n<!-- \/ Yoast SEO plugin. -->","yoast_head_json":{"title":"Tilausehdot - Genekas24","robots":{"index":"index","follow":"follow","max-snippet":"max-snippet:-1","max-image-preview":"max-image-preview:large","max-video-preview":"max-video-preview:-1"},"canonical":"https:\/\/staging.genekas24.ee\/fi\/tilausehdot\/","og_locale":"fi_FI","og_type":"article","og_title":"TELLIMISTINGIMUSED - Genekas24","og_description":"Genekas24 e-poe tingimused Kehtivad alates 01.05.2022 1. \u00dcLDS\u00c4TTED 1.1. K\u00e4esolevad Profile Arendus O\u00dc, registrikood 11247353 (\u201eM\u00fc\u00fcja\u201c v\u00f5i \u201ePool\u201c) e-poe tingimused (\u201eTingimused\u201c) kehtivad (\u201eOstja v\u00f5i \u201eTarbija\u201c, \u00fchiselt \u201eOstja\u201c), kes kasutavad M\u00fc\u00fcja veebilehel www.genekas24.ee asuvat epoodi (\u201ee-pood\u201c), tellivad e-poest kaupa (\u201eKaup\u201c), sh s\u00f5lmivad e-poest Kauba ostmiseks m\u00fc\u00fcgilepingu (\u201eLeping\u201c). 1.2. Leping loetakse Poolte vahel s\u00f5lmituks tellimuse kinnitamisega. 1.3. [&hellip;]","og_url":"https:\/\/staging.genekas24.ee\/fi\/tilausehdot\/","og_site_name":"Genekas24","article_modified_time":"2025-09-02T13:46:18+00:00","twitter_card":"summary_large_image","twitter_misc":{"Arvioitu lukuaika":"5 minuuttia"},"schema":{"@context":"https:\/\/schema.org","@graph":[{"@type":"WebPage","@id":"https:\/\/staging.genekas24.ee\/tellimistingimused\/","url":"https:\/\/staging.genekas24.ee\/tellimistingimused\/","name":"Tilausehdot - Genekas24","isPartOf":{"@id":"https:\/\/staging.genekas24.ee\/#website"},"datePublished":"2023-10-24T15:33:14+00:00","dateModified":"2025-09-02T13:46:18+00:00","breadcrumb":{"@id":"https:\/\/staging.genekas24.ee\/tellimistingimused\/#breadcrumb"},"inLanguage":"fi","potentialAction":[{"@type":"ReadAction","target":["https:\/\/staging.genekas24.ee\/tellimistingimused\/"]}]},{"@type":"BreadcrumbList","@id":"https:\/\/staging.genekas24.ee\/tellimistingimused\/#breadcrumb","itemListElement":[{"@type":"ListItem","position":1,"name":"Home","item":"https:\/\/staging.genekas24.ee\/"},{"@type":"ListItem","position":2,"name":"TELLIMISTINGIMUSED"}]},{"@type":"WebSite","@id":"https:\/\/staging.genekas24.ee\/#website","url":"https:\/\/staging.genekas24.ee\/","name":"Genekas24","description":"Generaatorid | K&ouml;nner S&ouml;hnen tooted | Genekas24","publisher":{"@id":"https:\/\/staging.genekas24.ee\/#organization"},"potentialAction":[{"@type":"SearchAction","target":{"@type":"EntryPoint","urlTemplate":"https:\/\/staging.genekas24.ee\/?s={search_term_string}"},"query-input":{"@type":"PropertyValueSpecification","valueRequired":true,"valueName":"search_term_string"}}],"inLanguage":"fi"},{"@type":"Organization","@id":"https:\/\/staging.genekas24.ee\/#organization","name":"Genekas24","url":"https:\/\/staging.genekas24.ee\/","logo":{"@type":"ImageObject","inLanguage":"fi","@id":"https:\/\/staging.genekas24.ee\/#\/schema\/logo\/image\/","url":"https:\/\/staging.genekas24.ee\/wp-content\/uploads\/2026\/01\/genekas24-logo_black.svg","contentUrl":"https:\/\/staging.genekas24.ee\/wp-content\/uploads\/2026\/01\/genekas24-logo_black.svg","width":840,"height":131,"caption":"Genekas24"},"image":{"@id":"https:\/\/staging.genekas24.ee\/#\/schema\/logo\/image\/"}}]}},"_links":{"self":[{"href":"https:\/\/staging.genekas24.ee\/fi\/wp-json\/wp\/v2\/pages\/15208","targetHints":{"allow":["GET"]}}],"collection":[{"href":"https:\/\/staging.genekas24.ee\/fi\/wp-json\/wp\/v2\/pages"}],"about":[{"href":"https:\/\/staging.genekas24.ee\/fi\/wp-json\/wp\/v2\/types\/page"}],"author":[{"embeddable":true,"href":"https:\/\/staging.genekas24.ee\/fi\/wp-json\/wp\/v2\/users\/5"}],"replies":[{"embeddable":true,"href":"https:\/\/staging.genekas24.ee\/fi\/wp-json\/wp\/v2\/comments?post=15208"}],"version-history":[{"count":22,"href":"https:\/\/staging.genekas24.ee\/fi\/wp-json\/wp\/v2\/pages\/15208\/revisions"}],"predecessor-version":[{"id":20410,"href":"https:\/\/staging.genekas24.ee\/fi\/wp-json\/wp\/v2\/pages\/15208\/revisions\/20410"}],"wp:attachment":[{"href":"https:\/\/staging.genekas24.ee\/fi\/wp-json\/wp\/v2\/media?parent=15208"}],"curies":[{"name":"wp","href":"https:\/\/api.w.org\/{rel}","templated":true}]}}