{"id":14473,"date":"2023-09-20T16:06:11","date_gmt":"2023-09-20T16:06:11","guid":{"rendered":"https:\/\/staging.genekas24.ee\/ostukorv\/"},"modified":"2025-04-22T12:22:23","modified_gmt":"2025-04-22T12:22:23","slug":"ostukorv","status":"publish","type":"page","link":"https:\/\/staging.genekas24.ee\/fi\/karry\/","title":{"rendered":"Ostukorv"},"content":{"rendered":"<div data-elementor-type=\"wp-page\" data-elementor-id=\"14473\" class=\"elementor elementor-14473\" data-elementor-post-type=\"page\">\n\t\t\t\t<div class=\"elementor-element elementor-element-4121423 e-flex e-con-boxed e-con e-parent\" data-id=\"4121423\" data-element_type=\"container\">\n\t\t\t\t\t<div class=\"e-con-inner\">\n\t\t\t\t<div class=\"elementor-element elementor-element-78c4156 elementor-widget elementor-widget-spacer\" data-id=\"78c4156\" data-element_type=\"widget\" data-widget_type=\"spacer.default\">\n\t\t\t\t<div class=\"elementor-widget-container\">\n\t\t\t\t\t\t\t<div class=\"elementor-spacer\">\n\t\t\t<div class=\"elementor-spacer-inner\"><\/div>\n\t\t<\/div>\n\t\t\t\t\t\t<\/div>\n\t\t\t\t<\/div>\n\t\t\t\t\t<\/div>\n\t\t\t\t<\/div>\n\t\t<div class=\"elementor-element elementor-element-244521f e-flex e-con-boxed e-con e-parent\" data-id=\"244521f\" data-element_type=\"container\" data-settings=\"{&quot;background_background&quot;:&quot;classic&quot;}\">\n\t\t\t\t\t<div class=\"e-con-inner\">\n\t\t<div class=\"elementor-element elementor-element-89ad001 e-con-full e-flex e-con e-child\" data-id=\"89ad001\" data-element_type=\"container\" data-settings=\"{&quot;background_background&quot;:&quot;classic&quot;}\">\n\t\t\t\t<div class=\"elementor-element elementor-element-2d2c610 e-cart-layout-two-column elementor-widget elementor-widget-woocommerce-cart\" data-id=\"2d2c610\" data-element_type=\"widget\" data-widget_type=\"woocommerce-cart.default\">\n\t\t\t\t<div class=\"elementor-widget-container\">\n\t\t\t\t\t<div class=\"woocommerce\"><div class=\"woocommerce-notices-wrapper\"><\/div><div class=\"wc-empty-cart-message\">\n\t<div class=\"cart-empty woocommerce-info\" role=\"status\">\n\t\tOstoskori on tyhj\u00e4.\t<\/div>\n<\/div>\t<p class=\"return-to-shop\">\n\t\t<a class=\"button wc-backward\" href=\"https:\/\/staging.genekas24.ee\/fi\/kauppa\/\">\n\t\t\tTakaisin kauppaan\t\t<\/a>\n\t<\/p>\n<\/div>\t\t\t\t<\/div>\n\t\t\t\t<\/div>\n\t\t\t\t<\/div>\n\t\t\t\t\t<\/div>\n\t\t\t\t<\/div>\n\t\t<div class=\"elementor-element elementor-element-5fdbc49 e-flex e-con-boxed e-con e-parent\" data-id=\"5fdbc49\" data-element_type=\"container\">\n\t\t\t\t\t<div class=\"e-con-inner\">\n\t\t\t\t<div class=\"elementor-element elementor-element-a3d8c4c elementor-widget elementor-widget-spacer\" data-id=\"a3d8c4c\" data-element_type=\"widget\" data-widget_type=\"spacer.default\">\n\t\t\t\t<div class=\"elementor-widget-container\">\n\t\t\t\t\t\t\t<div class=\"elementor-spacer\">\n\t\t\t<div class=\"elementor-spacer-inner\"><\/div>\n\t\t<\/div>\n\t\t\t\t\t\t<\/div>\n\t\t\t\t<\/div>\n\t\t\t\t\t<\/div>\n\t\t\t\t<\/div>\n\t\t\t\t<\/div>","protected":false},"excerpt":{"rendered":"<p>Eemalda Thumbnail image Toode Hind Kogus Vahesumma &times; Mootori\u00f5li K\u00f6nner &#038; S\u00f6hnen 10W-30 12.99&nbsp;&euro; Mootori\u00f5li K\u00f6nner &amp; S\u00f6hnen 10W-30 kogus 12.99&nbsp;&euro; Uuenda ostkorvi Kasuta kupongi Ostukorv kokku Vahesumma 12.99&nbsp;&euro; Saadetis 8.54&nbsp;&euro; Tarne sihtkohta Riia mnt 233a\/ 7, 80042 P\u00e4rnu. Muuda aadressi Country \/ region Vali riik \/ piirkond&hellip;EestiLeeduL\u00e4tiSoome City: Postcode \/ ZIP: Uuenda summasid Tarne [&hellip;]<\/p>","protected":false},"author":1,"featured_media":0,"parent":0,"menu_order":0,"comment_status":"closed","ping_status":"closed","template":"","meta":{"_acf_changed":false,"inline_featured_image":false,"footnotes":""},"class_list":["post-14473","page","type-page","status-publish","hentry"],"acf":[],"yoast_head":"<!-- This site is optimized with the Yoast SEO plugin v26.2 - https:\/\/yoast.com\/wordpress\/plugins\/seo\/ -->\n<title>Ostukorv - Genekas24<\/title>\n<meta name=\"robots\" content=\"index, follow, max-snippet:-1, max-image-preview:large, max-video-preview:-1\" \/>\n<link rel=\"canonical\" href=\"https:\/\/staging.genekas24.ee\/fi\/karry\/\" \/>\n<meta property=\"og:locale\" content=\"fi_FI\" \/>\n<meta property=\"og:type\" content=\"article\" \/>\n<meta property=\"og:title\" content=\"Ostukorv - Genekas24\" \/>\n<meta property=\"og:description\" content=\"Eemalda Thumbnail image Toode Hind Kogus Vahesumma &times; Mootori\u00f5li K\u00f6nner &#038; S\u00f6hnen 10W-30 12.99&nbsp;&euro; Mootori\u00f5li K\u00f6nner &amp; S\u00f6hnen 10W-30 kogus 12.99&nbsp;&euro; Uuenda ostkorvi Kasuta kupongi Ostukorv kokku Vahesumma 12.99&nbsp;&euro; Saadetis 8.54&nbsp;&euro; Tarne sihtkohta Riia mnt 233a\/ 7, 80042 P\u00e4rnu. Muuda aadressi Country \/ region Vali riik \/ piirkond&hellip;EestiLeeduL\u00e4tiSoome City: Postcode \/ ZIP: Uuenda summasid Tarne [&hellip;]\" \/>\n<meta property=\"og:url\" content=\"https:\/\/staging.genekas24.ee\/fi\/karry\/\" \/>\n<meta property=\"og:site_name\" content=\"Genekas24\" \/>\n<meta property=\"article:modified_time\" content=\"2025-04-22T12:22:23+00:00\" \/>\n<meta property=\"og:image\" content=\"https:\/\/staging.genekas24.ee\/wp-content\/uploads\/2022\/06\/Universal-motor-oil-1-300x225.png\" \/>\n<meta name=\"twitter:card\" content=\"summary_large_image\" \/>\n<meta name=\"twitter:label1\" content=\"Arvioitu lukuaika\" \/>\n\t<meta name=\"twitter:data1\" content=\"1 minuutti\" \/>\n<script type=\"application\/ld+json\" class=\"yoast-schema-graph\">{\"@context\":\"https:\/\/schema.org\",\"@graph\":[{\"@type\":\"WebPage\",\"@id\":\"https:\/\/staging.genekas24.ee\/ostukorv\/\",\"url\":\"https:\/\/staging.genekas24.ee\/ostukorv\/\",\"name\":\"Ostukorv - Genekas24\",\"isPartOf\":{\"@id\":\"https:\/\/staging.genekas24.ee\/#website\"},\"primaryImageOfPage\":{\"@id\":\"https:\/\/staging.genekas24.ee\/ostukorv\/#primaryimage\"},\"image\":{\"@id\":\"https:\/\/staging.genekas24.ee\/ostukorv\/#primaryimage\"},\"thumbnailUrl\":\"https:\/\/staging.genekas24.ee\/wp-content\/uploads\/2022\/06\/Universal-motor-oil-1-300x225.png\",\"datePublished\":\"2023-09-20T16:06:11+00:00\",\"dateModified\":\"2025-04-22T12:22:23+00:00\",\"breadcrumb\":{\"@id\":\"https:\/\/staging.genekas24.ee\/ostukorv\/#breadcrumb\"},\"inLanguage\":\"fi\",\"potentialAction\":[{\"@type\":\"ReadAction\",\"target\":[\"https:\/\/staging.genekas24.ee\/ostukorv\/\"]}]},{\"@type\":\"ImageObject\",\"inLanguage\":\"fi\",\"@id\":\"https:\/\/staging.genekas24.ee\/ostukorv\/#primaryimage\",\"url\":\"https:\/\/staging.genekas24.ee\/wp-content\/uploads\/2022\/06\/Universal-motor-oil-1-300x225.png\",\"contentUrl\":\"https:\/\/staging.genekas24.ee\/wp-content\/uploads\/2022\/06\/Universal-motor-oil-1-300x225.png\"},{\"@type\":\"BreadcrumbList\",\"@id\":\"https:\/\/staging.genekas24.ee\/ostukorv\/#breadcrumb\",\"itemListElement\":[{\"@type\":\"ListItem\",\"position\":1,\"name\":\"Home\",\"item\":\"https:\/\/staging.genekas24.ee\/\"},{\"@type\":\"ListItem\",\"position\":2,\"name\":\"Ostukorv\"}]},{\"@type\":\"WebSite\",\"@id\":\"https:\/\/staging.genekas24.ee\/#website\",\"url\":\"https:\/\/staging.genekas24.ee\/\",\"name\":\"Genekas24\",\"description\":\"Generaatorid | K&ouml;nner S&ouml;hnen tooted | Genekas24\",\"publisher\":{\"@id\":\"https:\/\/staging.genekas24.ee\/#organization\"},\"potentialAction\":[{\"@type\":\"SearchAction\",\"target\":{\"@type\":\"EntryPoint\",\"urlTemplate\":\"https:\/\/staging.genekas24.ee\/?s={search_term_string}\"},\"query-input\":{\"@type\":\"PropertyValueSpecification\",\"valueRequired\":true,\"valueName\":\"search_term_string\"}}],\"inLanguage\":\"fi\"},{\"@type\":\"Organization\",\"@id\":\"https:\/\/staging.genekas24.ee\/#organization\",\"name\":\"Genekas24\",\"url\":\"https:\/\/staging.genekas24.ee\/\",\"logo\":{\"@type\":\"ImageObject\",\"inLanguage\":\"fi\",\"@id\":\"https:\/\/staging.genekas24.ee\/#\/schema\/logo\/image\/\",\"url\":\"https:\/\/staging.genekas24.ee\/wp-content\/uploads\/2026\/01\/genekas24-logo_black.svg\",\"contentUrl\":\"https:\/\/staging.genekas24.ee\/wp-content\/uploads\/2026\/01\/genekas24-logo_black.svg\",\"width\":840,\"height\":131,\"caption\":\"Genekas24\"},\"image\":{\"@id\":\"https:\/\/staging.genekas24.ee\/#\/schema\/logo\/image\/\"}}]}<\/script>\n<!-- \/ Yoast SEO plugin. -->","yoast_head_json":{"title":"K\u00e4rry \u2013 Genekas24","robots":{"index":"index","follow":"follow","max-snippet":"max-snippet:-1","max-image-preview":"max-image-preview:large","max-video-preview":"max-video-preview:-1"},"canonical":"https:\/\/staging.genekas24.ee\/fi\/karry\/","og_locale":"fi_FI","og_type":"article","og_title":"Ostukorv - Genekas24","og_description":"Eemalda Thumbnail image Toode Hind Kogus Vahesumma &times; Mootori\u00f5li K\u00f6nner &#038; S\u00f6hnen 10W-30 12.99&nbsp;&euro; Mootori\u00f5li K\u00f6nner &amp; S\u00f6hnen 10W-30 kogus 12.99&nbsp;&euro; Uuenda ostkorvi Kasuta kupongi Ostukorv kokku Vahesumma 12.99&nbsp;&euro; Saadetis 8.54&nbsp;&euro; Tarne sihtkohta Riia mnt 233a\/ 7, 80042 P\u00e4rnu. Muuda aadressi Country \/ region Vali riik \/ piirkond&hellip;EestiLeeduL\u00e4tiSoome City: Postcode \/ ZIP: Uuenda summasid Tarne [&hellip;]","og_url":"https:\/\/staging.genekas24.ee\/fi\/karry\/","og_site_name":"Genekas24","article_modified_time":"2025-04-22T12:22:23+00:00","og_image":[{"url":"https:\/\/staging.genekas24.ee\/wp-content\/uploads\/2022\/06\/Universal-motor-oil-1-300x225.png","type":"","width":"","height":""}],"twitter_card":"summary_large_image","twitter_misc":{"Arvioitu lukuaika":"1 minuutti"},"schema":{"@context":"https:\/\/schema.org","@graph":[{"@type":"WebPage","@id":"https:\/\/staging.genekas24.ee\/ostukorv\/","url":"https:\/\/staging.genekas24.ee\/ostukorv\/","name":"K\u00e4rry \u2013 Genekas24","isPartOf":{"@id":"https:\/\/staging.genekas24.ee\/#website"},"primaryImageOfPage":{"@id":"https:\/\/staging.genekas24.ee\/ostukorv\/#primaryimage"},"image":{"@id":"https:\/\/staging.genekas24.ee\/ostukorv\/#primaryimage"},"thumbnailUrl":"https:\/\/staging.genekas24.ee\/wp-content\/uploads\/2022\/06\/Universal-motor-oil-1-300x225.png","datePublished":"2023-09-20T16:06:11+00:00","dateModified":"2025-04-22T12:22:23+00:00","breadcrumb":{"@id":"https:\/\/staging.genekas24.ee\/ostukorv\/#breadcrumb"},"inLanguage":"fi","potentialAction":[{"@type":"ReadAction","target":["https:\/\/staging.genekas24.ee\/ostukorv\/"]}]},{"@type":"ImageObject","inLanguage":"fi","@id":"https:\/\/staging.genekas24.ee\/ostukorv\/#primaryimage","url":"https:\/\/staging.genekas24.ee\/wp-content\/uploads\/2022\/06\/Universal-motor-oil-1-300x225.png","contentUrl":"https:\/\/staging.genekas24.ee\/wp-content\/uploads\/2022\/06\/Universal-motor-oil-1-300x225.png"},{"@type":"BreadcrumbList","@id":"https:\/\/staging.genekas24.ee\/ostukorv\/#breadcrumb","itemListElement":[{"@type":"ListItem","position":1,"name":"Home","item":"https:\/\/staging.genekas24.ee\/"},{"@type":"ListItem","position":2,"name":"Ostukorv"}]},{"@type":"WebSite","@id":"https:\/\/staging.genekas24.ee\/#website","url":"https:\/\/staging.genekas24.ee\/","name":"Genekas24","description":"Generaatorid | K&ouml;nner S&ouml;hnen tooted | Genekas24","publisher":{"@id":"https:\/\/staging.genekas24.ee\/#organization"},"potentialAction":[{"@type":"SearchAction","target":{"@type":"EntryPoint","urlTemplate":"https:\/\/staging.genekas24.ee\/?s={search_term_string}"},"query-input":{"@type":"PropertyValueSpecification","valueRequired":true,"valueName":"search_term_string"}}],"inLanguage":"fi"},{"@type":"Organization","@id":"https:\/\/staging.genekas24.ee\/#organization","name":"Genekas24","url":"https:\/\/staging.genekas24.ee\/","logo":{"@type":"ImageObject","inLanguage":"fi","@id":"https:\/\/staging.genekas24.ee\/#\/schema\/logo\/image\/","url":"https:\/\/staging.genekas24.ee\/wp-content\/uploads\/2026\/01\/genekas24-logo_black.svg","contentUrl":"https:\/\/staging.genekas24.ee\/wp-content\/uploads\/2026\/01\/genekas24-logo_black.svg","width":840,"height":131,"caption":"Genekas24"},"image":{"@id":"https:\/\/staging.genekas24.ee\/#\/schema\/logo\/image\/"}}]}},"_links":{"self":[{"href":"https:\/\/staging.genekas24.ee\/fi\/wp-json\/wp\/v2\/pages\/14473","targetHints":{"allow":["GET"]}}],"collection":[{"href":"https:\/\/staging.genekas24.ee\/fi\/wp-json\/wp\/v2\/pages"}],"about":[{"href":"https:\/\/staging.genekas24.ee\/fi\/wp-json\/wp\/v2\/types\/page"}],"author":[{"embeddable":true,"href":"https:\/\/staging.genekas24.ee\/fi\/wp-json\/wp\/v2\/users\/1"}],"replies":[{"embeddable":true,"href":"https:\/\/staging.genekas24.ee\/fi\/wp-json\/wp\/v2\/comments?post=14473"}],"version-history":[{"count":33,"href":"https:\/\/staging.genekas24.ee\/fi\/wp-json\/wp\/v2\/pages\/14473\/revisions"}],"predecessor-version":[{"id":18591,"href":"https:\/\/staging.genekas24.ee\/fi\/wp-json\/wp\/v2\/pages\/14473\/revisions\/18591"}],"wp:attachment":[{"href":"https:\/\/staging.genekas24.ee\/fi\/wp-json\/wp\/v2\/media?parent=14473"}],"curies":[{"name":"wp","href":"https:\/\/api.w.org\/{rel}","templated":true}]}}