{"id":7241,"date":"2022-10-27T11:24:17","date_gmt":"2022-10-27T11:24:17","guid":{"rendered":"https:\/\/staging.genekas24.ee\/?post_type=product&#038;p=7241"},"modified":"2025-12-02T10:06:22","modified_gmt":"2025-12-02T10:06:22","slug":"3-faasiline-generaator-ks-25-3lm","status":"publish","type":"product","link":"https:\/\/staging.genekas24.ee\/en\/product\/3-phase-generator-ks-25-3de\/","title":{"rendered":"3 phase generator KS 25-3LM"},"content":{"rendered":"<p>Saksa kaubam\u00e4rgi <strong>\u201cK\u00f6nner &amp; S\u00f6hnen\u201d<\/strong> HEAVY DUTY seeria kolmefaasiline diiselj\u00f5ujaam <strong>KS 25-3LM<\/strong>\u00a0on t\u00f6\u00f6kindel generaatorikomplekt maksimaalse v\u00f5imsusega 25,3 kVA.<\/p>\n<p>The KS 25-3DE diesel generator based on a liquid-cooled Laidong four-cylinder engine is a cost-effective solution from K\u00f6nner &amp; S\u00f6hnen. It conforms to all European quality standards, offers outstanding safety and is thus suitable for private and commercial use. In addition, the KS 25-3DE diesel generator is equipped with a four-pole brushless AC alternator with an automatic voltage regulator, a preheater for use in the cold season, a 57 l fuel tank offering a 14-hour autonomous operation without refueling (fuel consumption is 4.1 liters per hour at an average 50% load), connection for an automatic start\/stop system, and an all-weather anti-vandal soundproof housing.<\/p>\n<p>Diiselgeneraator <strong>KS 25-3LM<\/strong>\u00a0on suure j\u00f5udlusega seade, millel on kontroller k\u00f5igi p\u00f5hiliste t\u00f6\u00f6parameetrite jaoks ja mis suudab toita nii kolmefaasilisi kui ka \u00fchefaasilisi tarbijaid. Ettev\u00f5ttesisese arendustegevuse ja K\u00f6nner &amp; S\u00f6hneni n\u00f5uetele vastavuse t\u00f5ttu on k\u00f5igil elektrijaamadel deklareeritud spetsifikatsioonidele vastav v\u00f5imsusvaru.<\/p>\n<p>K\u00f6nner &amp; S\u00f6hnen diesel generators accommodate all your needs for both emergency and standby power supply to ensure sustainable power supply to residential buildings and small commercial facilities.<\/p>\n<table>\n<tbody>\n<tr class=\"even\">\n<td><a href=\"https:\/\/ks-power.de\/wp-content\/uploads\/2015\/02\/Dlya-tmKS1.png\" data-fancybox-group=\"gallery\"><span style=\"color: #333333;\"><span style=\"color: #333333;\"><span style=\"color: #333333;\"><img fetchpriority=\"high\" decoding=\"async\" src=\"https:\/\/staging.genekas24.ee\/wp-content\/uploads\/2022\/10\/macro-diesel-motor-KS_25-3DE-01-300x300.jpg\" alt=\"\" width=\"300\" height=\"300\" \/><\/span><\/span><\/span><\/a><\/td>\n<td>\n<p class=\"h3\"><strong>LOW-SPEED RELIABLE LAIDONG ENGINE<\/strong><\/p>\n<p>Depco\u2019s low-speed engine runs at 1,500 rpm, which reduces fuel consumption, lowers sound pressure, and promotes longer service life through lower rpm. A mechanical engine speed control unit adjusts the engine speed and controls the quality of the electrical power produced by the generator.<\/td>\n<\/tr>\n<tr class=\"odd\">\n<td><a href=\"https:\/\/ks-power.de\/wp-content\/uploads\/2015\/02\/ks-germany1.png\" data-fancybox-group=\"gallery\"><span style=\"color: #333333;\"><span style=\"color: #333333;\"><span style=\"color: #333333;\"><img decoding=\"async\" src=\"https:\/\/staging.genekas24.ee\/wp-content\/uploads\/2022\/10\/macro-diesel-water-02-300x300.jpg\" alt=\"\" width=\"300\" height=\"300\" \/><\/span><\/span><\/span><\/a><\/td>\n<td>\n<p class=\"h3\"><strong>WATER COOLING<\/strong><\/p>\n<p>The water-cooled engine system ensures reliable operation of the unit and prevents premature engine failure. The efficient cooling of the engine allows this generator set to be exposed to high ambient temperatures.<\/td>\n<\/tr>\n<tr class=\"even\">\n<td><a href=\"https:\/\/ks-power.de\/wp-content\/uploads\/2018\/04\/avr_built-in.png\" data-fancybox-group=\"gallery\"><span style=\"color: #333333;\"><span style=\"color: #333333;\"><span style=\"color: #333333;\"><img decoding=\"async\" src=\"https:\/\/staging.genekas24.ee\/wp-content\/uploads\/2022\/06\/preheater-300x297.png\" alt=\"\" width=\"300\" height=\"300\" \/><\/span><\/span><\/span><\/a><\/td>\n<td>\n<p class=\"h3\"><strong>PREHEATER<\/strong><\/p>\n<div class=\"product-feature row\">\n<div class=\"feature-content col-xs-12 col-sm-8 col-md-9\">\n<div class=\"feature-description\">\n<p>The engine preheater facilitates the start-up of the power station with no load on the engine, even in sub-zero temperatures during the cold season. The system automatically pre-heats the engine\u2019s water jacket to the required temperature and maintains the engine temperature to facilitate the engine start-up in any weather.<\/p>\n<\/div>\n<\/div>\n<\/div>\n<\/td>\n<\/tr>\n<tr class=\"odd\">\n<td><a href=\"https:\/\/ks-power.de\/wp-content\/uploads\/2018\/04\/led-ks7000e-ats.png\" data-fancybox-group=\"gallery\"><span style=\"color: #333333;\"><span style=\"color: #333333;\"><span style=\"color: #333333;\"><img loading=\"lazy\" decoding=\"async\" src=\"https:\/\/staging.genekas24.ee\/wp-content\/uploads\/2022\/10\/macro-diesel-controler-04-300x300.jpg\" alt=\"\" width=\"300\" height=\"300\" \/><\/span><\/span><\/span><\/a><\/td>\n<td>\n<p class=\"h3\"><strong>DIGITAL CONTROLLER<\/strong><\/p>\n<p>All operations are controlled via a modern multifunctional digital controller. The controller provides monitoring of all operating indicators of the power station, convenient start-up and operation settings, monitoring of the battery status, engine speed and fuel supply adjusted to the load, and protection against overheating and low oil level. It also signals possible faults and reports the need for service maintenance.<\/td>\n<\/tr>\n<tr class=\"even\">\n<td><a href=\"https:\/\/ks-power.de\/wp-content\/uploads\/2018\/04\/panel-230-400.png\" data-fancybox-group=\"gallery\"><span style=\"color: #333333;\"><span style=\"color: #333333;\"><span style=\"color: #333333;\"><img loading=\"lazy\" decoding=\"async\" src=\"https:\/\/staging.genekas24.ee\/wp-content\/uploads\/2022\/10\/macro-diesel-korpus-25-05-300x300.jpg\" alt=\"\" width=\"300\" height=\"300\" \/><\/span><\/span><\/span><\/a><\/td>\n<td>\n<p class=\"h3\"><strong>SOUNDPROOF ANTI-VANDAL ENCLOSURE<\/strong><\/p>\n<p>The high-quality soundproof housing provides significant noise reduction during unit operation, improves the thermal distribution and protects the power station against ingress of moisture and condensation, exposure to adverse weather conditions and tampering. The relatively compact size of the power station provides more space for its placement. Anti-corrosion powder coating contributes to a longer service life of the unit.<\/p>\n<p>In addition, the low-noise low-speed engines mounted on anti-vibration pads contribute to quieter operation and reduce the load on the base.<\/p>\n<p>The power station has an emergency stop button for quick engine shutdown in an emergency.<\/td>\n<\/tr>\n<tr class=\"odd\">\n<td><a href=\"https:\/\/ks-power.de\/wp-content\/uploads\/2018\/04\/alternator.jpg\" data-fancybox-group=\"gallery\"><span style=\"color: #333333;\"><span style=\"color: #333333;\"><span style=\"color: #333333;\"><img loading=\"lazy\" decoding=\"async\" src=\"https:\/\/staging.genekas24.ee\/wp-content\/uploads\/2022\/10\/macro-diesel-korpus-25-06-300x248.jpg\" alt=\"\" width=\"300\" height=\"300\" \/><\/span><\/span><\/span><\/a><\/td>\n<td>\n<p class=\"h3\"><strong>EASY MAINTENANCE<\/strong><\/p>\n<div class=\"product-feature row\">\n<div class=\"feature-content col-xs-12 col-sm-8 col-md-9\">\n<div class=\"feature-description\">\n<p>The housing has openings for transportation aids, facilitating shipment, transportation, and installation of the unit.  Wide hinged doors on both sides of the housing provide unobstructed access to the unit parts for easy servicing of the main components of the diesel generator.<\/p>\n<\/div>\n<\/div>\n<\/div>\n<\/td>\n<\/tr>\n<tr class=\"even\">\n<td><a href=\"https:\/\/ks-power.de\/wp-content\/uploads\/2018\/04\/commutation-contactors.png\" data-fancybox-group=\"gallery\"><span style=\"color: #333333;\"><span style=\"color: #333333;\"><span style=\"color: #333333;\"><img loading=\"lazy\" decoding=\"async\" src=\"https:\/\/staging.genekas24.ee\/wp-content\/uploads\/2022\/10\/macro-diesel-pusk-07-300x300.jpg\" alt=\"\" width=\"300\" height=\"300\" \/><\/span><\/span><\/span><\/a><\/td>\n<td>\n<p class=\"h3\"><strong>COMMISSIONING IN EUROPE<\/strong><\/p>\n<div class=\"product-feature row\">\n<div class=\"feature-content col-xs-12 col-sm-8 col-md-9\">\n<div class=\"feature-description\">\n<div class=\"product-feature row\">\n<div class=\"feature-content col-xs-12 col-sm-8 col-md-9\">\n<div class=\"feature-description\">\n<p>For failure-free operation in Europe, K\u00f6nner &amp; S\u00f6hnen diesel power stations undergo pre-run servicing and a test run with monitoring of all operating parameters at our in-house service center. A special loading bench is used to check the power output of the power station in different operating conditions and to fine-tune the electronics control unit.<\/p>\n<\/div>\n<\/div>\n<\/div>\n<\/div>\n<\/div>\n<\/div>\n<\/td>\n<\/tr>\n<tr class=\"odd\">\n<td><a href=\"https:\/\/ks-power.de\/wp-content\/uploads\/2018\/04\/manual-start.jpg\" data-fancybox-group=\"gallery\"><span style=\"color: #333333;\"><span style=\"color: #333333;\"><span style=\"color: #333333;\"><img loading=\"lazy\" decoding=\"async\" src=\"https:\/\/staging.genekas24.ee\/wp-content\/uploads\/2022\/10\/macro-diesel-KS-25-3DE-08-300x266.jpg\" alt=\"\" width=\"300\" height=\"300\" \/><\/span><\/span><\/span><\/a><\/td>\n<td>\n<p class=\"h3\"><strong>SUMMARY<\/strong><\/p>\n<p>K\u00f6nner\u00a0&amp;\u00a0S\u00f6hnen <strong>KS 25-3LM<\/strong>\u00a0diiselj\u00f5ujaam on vastupidav ja kulut\u00f5hus seade, mis sisaldab k\u00f5iki j\u00e4tkusuutlikuks ja usaldusv\u00e4\u00e4rseks t\u00f6\u00f6ks vajalikke funktsioone ning kontrollerit k\u00f5igi p\u00f5hiliste t\u00f6\u00f6parameetrite jaoks. Tugevdatud osad ja mehhanismid, tugevdatud kinnitused ja liigendid v\u00e4hendavad kulumist ja tagavad generaatorikomplekti pika ja usaldusv\u00e4\u00e4rse t\u00f6\u00f6.<\/p>\n<p>Meticulously monitoring every stage of K\u00f6nner &amp; S\u00f6hnen production, we have created a series of high-quality and reliable HEAVY DUTY Silent Diesel Generators that will serve our customers for many years to come.<\/p>\n<p>All K\u00f6nner &amp; S\u00f6hnen power stations undergo rigorous testing and guarantee high performance and maximum productivity.<\/td>\n<\/tr>\n<\/tbody>\n<\/table>\n<p><em><span style=\"font-size: 14px;\">***Fuel consumption depends on many factors: load, fuel quality, season, altitude and generator technical condition.<\/span><\/em><\/p>","protected":false},"excerpt":{"rendered":"<table>\n<tbody>\n<tr class=\"even\">\n<td width=\"60%\">Voltage<\/td>\n<td>\n<div class=\"attribute row\">\n<div class=\"col-xs-6\">230\/400<\/div>\n<\/div>\n<\/td>\n<\/tr>\n<tr class=\"odd\">\n<td>\n<div class=\"col-xs-6\">Max power (400V), kVA<\/div>\n<\/td>\n<td>25.3<\/td>\n<\/tr>\n<tr class=\"even\">\n<td>\n<div class=\"col-xs-6\">Nominal power (400V), kVA<\/div>\n<\/td>\n<td>23<\/td>\n<\/tr>\n<tr class=\"odd\">\n<td>\n<div class=\"col-xs-6\">Current (max), \u0410<\/div>\n<\/td>\n<td>\n<div class=\"attribute row\">\n<div class=\"col-xs-6\">36.45<\/div>\n<\/div>\n<\/td>\n<\/tr>\n<tr class=\"even\">\n<td>\n<div class=\"col-xs-6\">Avg. working time (power 50%), h***<\/div>\n<\/td>\n<td>14<\/td>\n<\/tr>\n<tr class=\"odd\">\n<td>\n<div class=\"col-xs-6\">Fuel consumption***, l\/h<\/div>\n<\/td>\n<td>\n<div class=\"attribute row\">\n<div class=\"col-xs-6\">4.1 (at 50% load)<\/div>\n<\/div>\n<\/td>\n<\/tr>\n<tr class=\"even\">\n<td>\n<div class=\"col-xs-6\">Housing type<\/div>\n<\/td>\n<td>\n<div class=\"attribute row\">\n<div class=\"col-xs-6\">soundproof, moisture-proof, all-weather, anti-vandal<\/div>\n<\/div>\n<\/td>\n<\/tr>\n<tr class=\"odd\">\n<td>\n<div class=\"col-xs-6\">Noise level Lpa (7m)\/Lwa, dB<\/div>\n<\/td>\n<td>\n<div class=\"attribute row\">\n<div class=\"col-xs-6\">72\/97<\/div>\n<\/div>\n<\/td>\n<\/tr>\n<tr class=\"even\">\n<td>\n<div class=\"col-xs-6\">Control unit<\/div>\n<\/td>\n<td>\n<div class=\"attribute row\">\n<div class=\"col-xs-6\">multifunctional digital controller<\/div>\n<\/div>\n<\/td>\n<\/tr>\n<tr class=\"odd\">\n<td>\n<div class=\"col-xs-6\">Controller model<\/div>\n<\/td>\n<td>\n<div class=\"attribute row\">\n<div class=\"col-xs-6\">Datakom D300 2g<\/div>\n<\/div>\n<\/td>\n<\/tr>\n<tr class=\"even\">\n<td>\n<div class=\"col-xs-6\">Alternator type<\/div>\n<\/td>\n<td>\n<div class=\"attribute row\">\n<div class=\"col-xs-6\">Stamford type, synchronous, excitation system, AC brushless, four-pole<\/div>\n<\/div>\n<\/td>\n<\/tr>\n<tr class=\"odd\">\n<td>\n<div class=\"col-xs-6\">Engine type<\/div>\n<\/td>\n<td>\n<div class=\"attribute row\">\n<div class=\"col-xs-6\">Water-cooled four-cylinder four-stroke diesel engine<\/div>\n<\/div>\n<\/td>\n<\/tr>\n<tr class=\"even\">\n<td>\n<div class=\"col-xs-6\">Engine brand<\/div>\n<\/td>\n<td>Laidong<\/td>\n<\/tr>\n<tr class=\"odd\">\n<td>\n<div class=\"col-xs-6\">Engine model<\/div>\n<\/td>\n<td>DPKM490BD<\/td>\n<\/tr>\n<tr class=\"even\">\n<td>\n<div class=\"col-xs-6\">Engine speed, U\/min<\/div>\n<\/td>\n<td>1500<\/td>\n<\/tr>\n<tr class=\"odd\">\n<td>\n<div class=\"col-xs-6\">Cooling type<\/div>\n<\/td>\n<td>liquid<\/td>\n<\/tr>\n<tr class=\"even\">\n<td>\n<div class=\"col-xs-6\">Engine speed control<\/div>\n<\/td>\n<td>mechanical<\/td>\n<\/tr>\n<tr class=\"odd\">\n<td>\n<div class=\"col-xs-6\">Preheater<\/div>\n<\/td>\n<td>+<\/td>\n<\/tr>\n<tr class=\"even\">\n<td>\n<div class=\"col-xs-6\">Fuel tank volume, l<\/div>\n<\/td>\n<td>57<\/td>\n<\/tr>\n<tr class=\"odd\">\n<td>\n<div class=\"col-xs-6\">Crank case volume, L<\/div>\n<\/td>\n<td>5.5<\/td>\n<\/tr>\n<tr class=\"even\">\n<td>\n<div class=\"col-xs-6\">Coolant volume, l<\/div>\n<\/td>\n<td>5<\/td>\n<\/tr>\n<tr class=\"odd\">\n<td>\n<div class=\"col-xs-6\">Engine cylinder volume, cm3<\/div>\n<\/td>\n<td>2545<\/td>\n<\/tr>\n<tr class=\"even\">\n<td>\n<div class=\"col-xs-6\">Power output controller<\/div>\n<\/td>\n<td>\n<div class=\"attribute row\">\n<div class=\"col-xs-6\">electronic voltage regulator, smart AVR<\/div>\n<\/div>\n<\/td>\n<\/tr>\n<tr class=\"odd\">\n<td>\n<div class=\"col-xs-6\">Engine start<\/div>\n<\/td>\n<td>\n<div class=\"attribute row\">\n<div class=\"col-xs-6\">Automatic and Manual\/External<\/div>\n<\/div>\n<\/td>\n<\/tr>\n<tr class=\"even\">\n<td>\n<div class=\"col-xs-6\">Accumulator, A\u00b7h<\/div>\n<\/td>\n<td>85<\/td>\n<\/tr>\n<tr class=\"odd\">\n<td>\n<div class=\"col-xs-6\">Battery charger<\/div>\n<\/td>\n<td>integrated<\/td>\n<\/tr>\n<tr>\n<td>Net dimensions (LxWxH), mm<\/td>\n<td>\n<div class=\"attribute row\">\n<div class=\"col-xs-6\">1700 \u0445 780 \u0445 1000<\/div>\n<\/div>\n<\/td>\n<\/tr>\n<tr>\n<td>Gross dimensions (LxWxH), mm<\/td>\n<td>\n<div class=\"attribute row\">\n<div class=\"col-xs-6\">1730 \u0445 810 \u0445 1020<\/div>\n<\/div>\n<\/td>\n<\/tr>\n<tr>\n<td>Net weight, kg<\/td>\n<td>680<\/td>\n<\/tr>\n<tr>\n<td>Gross weight, kg<\/td>\n<td>683<\/td>\n<\/tr>\n<tr class=\"even\">\n<td>\n<div class=\"col-xs-6\">Protection class<\/div>\n<\/td>\n<td>IP54<\/td>\n<\/tr>\n<tr class=\"odd\">\n<td>\n<div class=\"col-xs-6\">Nominal voltage tolerance<\/div>\n<\/td>\n<td>\n<div class=\"attribute row\">\n<div class=\"col-xs-6\">max. 5%<\/div>\n<\/div>\n<\/td>\n<\/tr>\n<tr class=\"even\">\n<td>Warranty<\/td>\n<td>\n<div class=\"attribute row\">\n<div class=\"col-xs-6\">2 years<\/div>\n<\/div>\n<\/td>\n<\/tr>\n<tr class=\"odd\">\n<td>EAN code<\/td>\n<td>4260405365722<\/td>\n<\/tr>\n<\/tbody>\n<\/table>\n<p>*** Fuel consumption depends on many factors, such as load, fuel quality, season, altitude, technical condition of the generator.<\/p>\n<p>Assembled in PRC.<\/p>","protected":false},"featured_media":17652,"template":"","meta":{"_acf_changed":false,"inline_featured_image":false},"product_brand":[],"product_cat":[37,22],"product_tag":[],"class_list":{"0":"post-7241","1":"product","2":"type-product","3":"status-publish","4":"has-post-thumbnail","6":"product_cat-diisel-joujaamad","7":"product_cat-diiselgeneraatorid","8":"product_shipping_class-diisel-joujaamad","9":"brand-konner-sohnen","11":"first","12":"instock","13":"taxable","14":"shipping-taxable","15":"purchasable","16":"product-type-simple"},"acf":[],"yoast_head":"<!-- This site is optimized with the Yoast SEO plugin v26.2 - https:\/\/yoast.com\/wordpress\/plugins\/seo\/ -->\n<title>3-faasiline generaator KS 25-3LM - Genekas24<\/title>\n<meta name=\"description\" content=\"Ideaalne t\u00f6\u00f6stuslikele ja \u00e4rirakendustele, tagades usaldusv\u00e4\u00e4rse ja t\u00f5husa energiavarustuse igal ajal. V\u00f5imsusvahemik 30 kVA kuni 1000 kVA. Vaata l\u00e4hemalt!\" \/>\n<meta name=\"robots\" content=\"index, follow, max-snippet:-1, max-image-preview:large, max-video-preview:-1\" \/>\n<link rel=\"canonical\" href=\"https:\/\/staging.genekas24.ee\/en\/product\/3-phase-generator-ks-25-3de\/\" \/>\n<meta property=\"og:locale\" content=\"en_GB\" \/>\n<meta property=\"og:type\" content=\"article\" \/>\n<meta property=\"og:title\" content=\"3-faasiline generaator KS 25-3LM - Genekas24\" \/>\n<meta property=\"og:description\" content=\"Ideaalne t\u00f6\u00f6stuslikele ja \u00e4rirakendustele, tagades usaldusv\u00e4\u00e4rse ja t\u00f5husa energiavarustuse igal ajal. V\u00f5imsusvahemik 30 kVA kuni 1000 kVA. Vaata l\u00e4hemalt!\" \/>\n<meta property=\"og:url\" content=\"https:\/\/staging.genekas24.ee\/en\/product\/3-phase-generator-ks-25-3de\/\" \/>\n<meta property=\"og:site_name\" content=\"Genekas24\" \/>\n<meta property=\"article:modified_time\" content=\"2025-12-02T10:06:22+00:00\" \/>\n<meta property=\"og:image\" content=\"https:\/\/staging.genekas24.ee\/wp-content\/uploads\/2022\/10\/KS-25-3LM-logoga.png\" \/>\n\t<meta property=\"og:image:width\" content=\"600\" \/>\n\t<meta property=\"og:image:height\" content=\"450\" \/>\n\t<meta property=\"og:image:type\" content=\"image\/png\" \/>\n<meta name=\"twitter:card\" content=\"summary_large_image\" \/>\n<meta name=\"twitter:label1\" content=\"Estimated reading time\" \/>\n\t<meta name=\"twitter:data1\" content=\"5 minutes\" \/>\n<script type=\"application\/ld+json\" class=\"yoast-schema-graph\">{\"@context\":\"https:\/\/schema.org\",\"@graph\":[{\"@type\":\"WebPage\",\"@id\":\"https:\/\/staging.genekas24.ee\/toode\/3-faasiline-generaator-ks-25-3lm\/\",\"url\":\"https:\/\/staging.genekas24.ee\/toode\/3-faasiline-generaator-ks-25-3lm\/\",\"name\":\"3-faasiline generaator KS 25-3LM - Genekas24\",\"isPartOf\":{\"@id\":\"https:\/\/staging.genekas24.ee\/#website\"},\"primaryImageOfPage\":{\"@id\":\"https:\/\/staging.genekas24.ee\/toode\/3-faasiline-generaator-ks-25-3lm\/#primaryimage\"},\"image\":{\"@id\":\"https:\/\/staging.genekas24.ee\/toode\/3-faasiline-generaator-ks-25-3lm\/#primaryimage\"},\"thumbnailUrl\":\"https:\/\/staging.genekas24.ee\/wp-content\/uploads\/2022\/10\/KS-25-3LM-logoga.png\",\"datePublished\":\"2022-10-27T11:24:17+00:00\",\"dateModified\":\"2025-12-02T10:06:22+00:00\",\"description\":\"Ideaalne t\u00f6\u00f6stuslikele ja \u00e4rirakendustele, tagades usaldusv\u00e4\u00e4rse ja t\u00f5husa energiavarustuse igal ajal. V\u00f5imsusvahemik 30 kVA kuni 1000 kVA. Vaata l\u00e4hemalt!\",\"breadcrumb\":{\"@id\":\"https:\/\/staging.genekas24.ee\/toode\/3-faasiline-generaator-ks-25-3lm\/#breadcrumb\"},\"inLanguage\":\"en-GB\",\"potentialAction\":[{\"@type\":\"ReadAction\",\"target\":[\"https:\/\/staging.genekas24.ee\/toode\/3-faasiline-generaator-ks-25-3lm\/\"]}]},{\"@type\":\"ImageObject\",\"inLanguage\":\"en-GB\",\"@id\":\"https:\/\/staging.genekas24.ee\/toode\/3-faasiline-generaator-ks-25-3lm\/#primaryimage\",\"url\":\"https:\/\/staging.genekas24.ee\/wp-content\/uploads\/2022\/10\/KS-25-3LM-logoga.png\",\"contentUrl\":\"https:\/\/staging.genekas24.ee\/wp-content\/uploads\/2022\/10\/KS-25-3LM-logoga.png\",\"width\":600,\"height\":450},{\"@type\":\"BreadcrumbList\",\"@id\":\"https:\/\/staging.genekas24.ee\/toode\/3-faasiline-generaator-ks-25-3lm\/#breadcrumb\",\"itemListElement\":[{\"@type\":\"ListItem\",\"position\":1,\"name\":\"Home\",\"item\":\"https:\/\/staging.genekas24.ee\/\"},{\"@type\":\"ListItem\",\"position\":2,\"name\":\"Pood\",\"item\":\"https:\/\/staging.genekas24.ee\/pood\/\"},{\"@type\":\"ListItem\",\"position\":3,\"name\":\"3-faasiline generaator KS 25-3LM\"}]},{\"@type\":\"WebSite\",\"@id\":\"https:\/\/staging.genekas24.ee\/#website\",\"url\":\"https:\/\/staging.genekas24.ee\/\",\"name\":\"Genekas24\",\"description\":\"Generaatorid | K&ouml;nner S&ouml;hnen tooted | Genekas24\",\"publisher\":{\"@id\":\"https:\/\/staging.genekas24.ee\/#organization\"},\"potentialAction\":[{\"@type\":\"SearchAction\",\"target\":{\"@type\":\"EntryPoint\",\"urlTemplate\":\"https:\/\/staging.genekas24.ee\/?s={search_term_string}\"},\"query-input\":{\"@type\":\"PropertyValueSpecification\",\"valueRequired\":true,\"valueName\":\"search_term_string\"}}],\"inLanguage\":\"en-GB\"},{\"@type\":\"Organization\",\"@id\":\"https:\/\/staging.genekas24.ee\/#organization\",\"name\":\"Genekas24\",\"url\":\"https:\/\/staging.genekas24.ee\/\",\"logo\":{\"@type\":\"ImageObject\",\"inLanguage\":\"en-GB\",\"@id\":\"https:\/\/staging.genekas24.ee\/#\/schema\/logo\/image\/\",\"url\":\"https:\/\/staging.genekas24.ee\/wp-content\/uploads\/2026\/01\/genekas24-logo_black.svg\",\"contentUrl\":\"https:\/\/staging.genekas24.ee\/wp-content\/uploads\/2026\/01\/genekas24-logo_black.svg\",\"width\":840,\"height\":131,\"caption\":\"Genekas24\"},\"image\":{\"@id\":\"https:\/\/staging.genekas24.ee\/#\/schema\/logo\/image\/\"}}]}<\/script>\n<!-- \/ Yoast SEO plugin. -->","yoast_head_json":{"title":"3-faasiline generaator KS 25-3LM - Genekas24","description":"Ideaalne t\u00f6\u00f6stuslikele ja \u00e4rirakendustele, tagades usaldusv\u00e4\u00e4rse ja t\u00f5husa energiavarustuse igal ajal. V\u00f5imsusvahemik 30 kVA kuni 1000 kVA. Vaata l\u00e4hemalt!","robots":{"index":"index","follow":"follow","max-snippet":"max-snippet:-1","max-image-preview":"max-image-preview:large","max-video-preview":"max-video-preview:-1"},"canonical":"https:\/\/staging.genekas24.ee\/en\/product\/3-phase-generator-ks-25-3de\/","og_locale":"en_GB","og_type":"article","og_title":"3-faasiline generaator KS 25-3LM - Genekas24","og_description":"Ideaalne t\u00f6\u00f6stuslikele ja \u00e4rirakendustele, tagades usaldusv\u00e4\u00e4rse ja t\u00f5husa energiavarustuse igal ajal. V\u00f5imsusvahemik 30 kVA kuni 1000 kVA. Vaata l\u00e4hemalt!","og_url":"https:\/\/staging.genekas24.ee\/en\/product\/3-phase-generator-ks-25-3de\/","og_site_name":"Genekas24","article_modified_time":"2025-12-02T10:06:22+00:00","og_image":[{"width":600,"height":450,"url":"https:\/\/staging.genekas24.ee\/wp-content\/uploads\/2022\/10\/KS-25-3LM-logoga.png","type":"image\/png"}],"twitter_card":"summary_large_image","twitter_misc":{"Estimated reading time":"5 minutes"},"schema":{"@context":"https:\/\/schema.org","@graph":[{"@type":"WebPage","@id":"https:\/\/staging.genekas24.ee\/toode\/3-faasiline-generaator-ks-25-3lm\/","url":"https:\/\/staging.genekas24.ee\/toode\/3-faasiline-generaator-ks-25-3lm\/","name":"3-faasiline generaator KS 25-3LM - Genekas24","isPartOf":{"@id":"https:\/\/staging.genekas24.ee\/#website"},"primaryImageOfPage":{"@id":"https:\/\/staging.genekas24.ee\/toode\/3-faasiline-generaator-ks-25-3lm\/#primaryimage"},"image":{"@id":"https:\/\/staging.genekas24.ee\/toode\/3-faasiline-generaator-ks-25-3lm\/#primaryimage"},"thumbnailUrl":"https:\/\/staging.genekas24.ee\/wp-content\/uploads\/2022\/10\/KS-25-3LM-logoga.png","datePublished":"2022-10-27T11:24:17+00:00","dateModified":"2025-12-02T10:06:22+00:00","description":"Ideaalne t\u00f6\u00f6stuslikele ja \u00e4rirakendustele, tagades usaldusv\u00e4\u00e4rse ja t\u00f5husa energiavarustuse igal ajal. V\u00f5imsusvahemik 30 kVA kuni 1000 kVA. Vaata l\u00e4hemalt!","breadcrumb":{"@id":"https:\/\/staging.genekas24.ee\/toode\/3-faasiline-generaator-ks-25-3lm\/#breadcrumb"},"inLanguage":"en-GB","potentialAction":[{"@type":"ReadAction","target":["https:\/\/staging.genekas24.ee\/toode\/3-faasiline-generaator-ks-25-3lm\/"]}]},{"@type":"ImageObject","inLanguage":"en-GB","@id":"https:\/\/staging.genekas24.ee\/toode\/3-faasiline-generaator-ks-25-3lm\/#primaryimage","url":"https:\/\/staging.genekas24.ee\/wp-content\/uploads\/2022\/10\/KS-25-3LM-logoga.png","contentUrl":"https:\/\/staging.genekas24.ee\/wp-content\/uploads\/2022\/10\/KS-25-3LM-logoga.png","width":600,"height":450},{"@type":"BreadcrumbList","@id":"https:\/\/staging.genekas24.ee\/toode\/3-faasiline-generaator-ks-25-3lm\/#breadcrumb","itemListElement":[{"@type":"ListItem","position":1,"name":"Home","item":"https:\/\/staging.genekas24.ee\/"},{"@type":"ListItem","position":2,"name":"Pood","item":"https:\/\/staging.genekas24.ee\/pood\/"},{"@type":"ListItem","position":3,"name":"3-faasiline generaator KS 25-3LM"}]},{"@type":"WebSite","@id":"https:\/\/staging.genekas24.ee\/#website","url":"https:\/\/staging.genekas24.ee\/","name":"Genekas24","description":"Generaatorid | K&ouml;nner S&ouml;hnen tooted | Genekas24","publisher":{"@id":"https:\/\/staging.genekas24.ee\/#organization"},"potentialAction":[{"@type":"SearchAction","target":{"@type":"EntryPoint","urlTemplate":"https:\/\/staging.genekas24.ee\/?s={search_term_string}"},"query-input":{"@type":"PropertyValueSpecification","valueRequired":true,"valueName":"search_term_string"}}],"inLanguage":"en-GB"},{"@type":"Organization","@id":"https:\/\/staging.genekas24.ee\/#organization","name":"Genekas24","url":"https:\/\/staging.genekas24.ee\/","logo":{"@type":"ImageObject","inLanguage":"en-GB","@id":"https:\/\/staging.genekas24.ee\/#\/schema\/logo\/image\/","url":"https:\/\/staging.genekas24.ee\/wp-content\/uploads\/2026\/01\/genekas24-logo_black.svg","contentUrl":"https:\/\/staging.genekas24.ee\/wp-content\/uploads\/2026\/01\/genekas24-logo_black.svg","width":840,"height":131,"caption":"Genekas24"},"image":{"@id":"https:\/\/staging.genekas24.ee\/#\/schema\/logo\/image\/"}}]}},"_links":{"self":[{"href":"https:\/\/staging.genekas24.ee\/en\/wp-json\/wp\/v2\/product\/7241","targetHints":{"allow":["GET"]}}],"collection":[{"href":"https:\/\/staging.genekas24.ee\/en\/wp-json\/wp\/v2\/product"}],"about":[{"href":"https:\/\/staging.genekas24.ee\/en\/wp-json\/wp\/v2\/types\/product"}],"version-history":[{"count":9,"href":"https:\/\/staging.genekas24.ee\/en\/wp-json\/wp\/v2\/product\/7241\/revisions"}],"predecessor-version":[{"id":21099,"href":"https:\/\/staging.genekas24.ee\/en\/wp-json\/wp\/v2\/product\/7241\/revisions\/21099"}],"wp:featuredmedia":[{"embeddable":true,"href":"https:\/\/staging.genekas24.ee\/en\/wp-json\/wp\/v2\/media\/17652"}],"wp:attachment":[{"href":"https:\/\/staging.genekas24.ee\/en\/wp-json\/wp\/v2\/media?parent=7241"}],"wp:term":[{"taxonomy":"product_brand","embeddable":true,"href":"https:\/\/staging.genekas24.ee\/en\/wp-json\/wp\/v2\/product_brand?post=7241"},{"taxonomy":"product_cat","embeddable":true,"href":"https:\/\/staging.genekas24.ee\/en\/wp-json\/wp\/v2\/product_cat?post=7241"},{"taxonomy":"product_tag","embeddable":true,"href":"https:\/\/staging.genekas24.ee\/en\/wp-json\/wp\/v2\/product_tag?post=7241"}],"curies":[{"name":"wp","href":"https:\/\/api.w.org\/{rel}","templated":true}]}}