{"id":6039,"date":"2022-09-29T21:51:41","date_gmt":"2022-09-29T21:51:41","guid":{"rendered":"https:\/\/staging.genekas24.ee\/?post_type=product&#038;p=6039"},"modified":"2025-12-02T10:06:24","modified_gmt":"2025-12-02T10:06:24","slug":"bensiini_stabilisaator_ks_g_stab_60","status":"publish","type":"product","link":"https:\/\/staging.genekas24.ee\/en\/product\/gasoline-stabilizer-ks-g-stab-60\/","title":{"rendered":"Gasoline stabilizer KS G-STAB 60"},"content":{"rendered":"<p>Gasoline stabilizer. The K\u00f6nner &amp; S\u00f6hnen\u00ae ULTRA Performance petrol stabilizer<\/p>\n<ul>\n<li>maintains the original fuel quality during storage,<\/li>\n<li>reliably protects the fuel system during forced interruptions in engine operation,<\/li>\n<li>protects the electric fuel pump from corrosion and wear,<\/li>\n<li>even if moisture enters the system,<\/li>\n<li>allows easier starting of the engine after storage.<\/li>\n<\/ul>\n<p><strong>Bottle:<\/strong> 0.25 litre<\/p>\n<p><strong>Dosage:<\/strong>250 ml additive for 40-60 liters of fuel.<br \/>\n<strong>Application:<\/strong> Suitable for 2 and 4-stroke petrol engines in construction, agricultural and motor vehicles, e.g. motorcycles, scooters, snowmobiles, jet skis, motor boats, chain saws, lawn mowers, generators etc.<\/p>\n<p>Recommended in the case of possible long interruptions in engine operation (from 2 to 18 months). Pour the additive into the fuel tank before refueling. Note: Suitable for catalytic converters, lambda sensors, spark plugs.<\/p>\n<p class=\"translation-block\"><strong>DANGER!<\/strong> May be fatal if swallowed and enters airways. Prevention phrases \u2013 P phrases. Keep out of the reach of children. IF SWALLOWED: Immediately call a POISON CENTER\/doctor\/. DO NOT induce vomiting. Keep locked up. Dispose of contents\/container in accordance with local\/regional\/national\/international regulations. Contains solvent naphtha (petroleum), medium aliphatic.\n<br>The shelf life is 5 years from the date of manufacture. The date of manufacture can be found at the top of the packaging.<\/p>","protected":false},"excerpt":{"rendered":"<p>Gasoline stabilizer. The K\u00f6nner &amp; S\u00f6hnen\u00ae ULTRA Performance petrol stabilizer<\/p>\n<p><strong>Bottle:<\/strong> 0.25 litre<\/p>\n<div class=\"col-xs-6\">EAN code: 4260405365388<\/div>\n<p><strong>Dosage:<\/strong> 250 ml additive for 40-60 liters of fuel.<br \/>\n<strong>Application:<\/strong> Suitable for 2 and 4-stroke petrol engines in construction, agricultural and motor vehicles, e.g. motorcycles, scooters, snowmobiles, jet skis, motor boats, chain saws, lawn mowers, generators etc.<\/p>","protected":false},"featured_media":13030,"template":"","meta":{"_acf_changed":false,"inline_featured_image":false},"product_brand":[],"product_cat":[156,26],"product_tag":[],"class_list":{"0":"post-6039","1":"product","2":"type-product","3":"status-publish","4":"has-post-thumbnail","6":"product_cat-generaatori-tarvikud","7":"product_cat-olid-kanistrid-kindad-prillid","8":"product_shipping_class-vaikepakk","9":"brand-konner-sohnen","11":"first","12":"instock","13":"taxable","14":"shipping-taxable","15":"purchasable","16":"product-type-simple"},"acf":[],"yoast_head":"<!-- This site is optimized with the Yoast SEO plugin v26.2 - https:\/\/yoast.com\/wordpress\/plugins\/seo\/ -->\n<title>Bensiini stabilisaator KS G-STAB 60 - Genekas24<\/title>\n<meta name=\"robots\" content=\"index, follow, max-snippet:-1, max-image-preview:large, max-video-preview:-1\" \/>\n<link rel=\"canonical\" href=\"https:\/\/staging.genekas24.ee\/en\/product\/gasoline-stabilizer-ks-g-stab-60\/\" \/>\n<meta property=\"og:locale\" content=\"en_GB\" \/>\n<meta property=\"og:type\" content=\"article\" \/>\n<meta property=\"og:title\" content=\"Bensiini stabilisaator KS G-STAB 60 - Genekas24\" \/>\n<meta property=\"og:description\" content=\"Bensiini stabilisaator. K\u00f6nner &amp; S\u00f6hnen\u00ae ULTRA Performance bensiini stabilisaator  Pudel: 0,25 liitrit EAN kood: 4260405365388 Annustamine: 250 ml lisandit 40-60 liitri k\u00fctuse jaoks. Kasutusala: Sobib 2- ja 4-taktilistele bensiinimootoritele ehituses, p\u00f5llumajandus- ja mootors\u00f5idukites, nt. mootorrattad, motorollerid, mootorsaanid, jetid, mootorpaadid, kettsaed, muruniidukid, generaatorid jne.\" \/>\n<meta property=\"og:url\" content=\"https:\/\/staging.genekas24.ee\/en\/product\/gasoline-stabilizer-ks-g-stab-60\/\" \/>\n<meta property=\"og:site_name\" content=\"Genekas24\" \/>\n<meta property=\"article:modified_time\" content=\"2025-12-02T10:06:24+00:00\" \/>\n<meta property=\"og:image\" content=\"https:\/\/staging.genekas24.ee\/wp-content\/uploads\/2022\/09\/stab__60-1.jpg\" \/>\n\t<meta property=\"og:image:width\" content=\"1000\" \/>\n\t<meta property=\"og:image:height\" content=\"792\" \/>\n\t<meta property=\"og:image:type\" content=\"image\/jpeg\" \/>\n<meta name=\"twitter:card\" content=\"summary_large_image\" \/>\n<meta name=\"twitter:label1\" content=\"Estimated reading time\" \/>\n\t<meta name=\"twitter:data1\" content=\"1 minute\" \/>\n<script type=\"application\/ld+json\" class=\"yoast-schema-graph\">{\"@context\":\"https:\/\/schema.org\",\"@graph\":[{\"@type\":\"WebPage\",\"@id\":\"https:\/\/staging.genekas24.ee\/toode\/bensiini_stabilisaator_ks_g_stab_60\/\",\"url\":\"https:\/\/staging.genekas24.ee\/toode\/bensiini_stabilisaator_ks_g_stab_60\/\",\"name\":\"Bensiini stabilisaator KS G-STAB 60 - Genekas24\",\"isPartOf\":{\"@id\":\"https:\/\/staging.genekas24.ee\/#website\"},\"primaryImageOfPage\":{\"@id\":\"https:\/\/staging.genekas24.ee\/toode\/bensiini_stabilisaator_ks_g_stab_60\/#primaryimage\"},\"image\":{\"@id\":\"https:\/\/staging.genekas24.ee\/toode\/bensiini_stabilisaator_ks_g_stab_60\/#primaryimage\"},\"thumbnailUrl\":\"https:\/\/staging.genekas24.ee\/wp-content\/uploads\/2022\/09\/stab__60-1.jpg\",\"datePublished\":\"2022-09-29T21:51:41+00:00\",\"dateModified\":\"2025-12-02T10:06:24+00:00\",\"breadcrumb\":{\"@id\":\"https:\/\/staging.genekas24.ee\/toode\/bensiini_stabilisaator_ks_g_stab_60\/#breadcrumb\"},\"inLanguage\":\"en-GB\",\"potentialAction\":[{\"@type\":\"ReadAction\",\"target\":[\"https:\/\/staging.genekas24.ee\/toode\/bensiini_stabilisaator_ks_g_stab_60\/\"]}]},{\"@type\":\"ImageObject\",\"inLanguage\":\"en-GB\",\"@id\":\"https:\/\/staging.genekas24.ee\/toode\/bensiini_stabilisaator_ks_g_stab_60\/#primaryimage\",\"url\":\"https:\/\/staging.genekas24.ee\/wp-content\/uploads\/2022\/09\/stab__60-1.jpg\",\"contentUrl\":\"https:\/\/staging.genekas24.ee\/wp-content\/uploads\/2022\/09\/stab__60-1.jpg\",\"width\":1000,\"height\":792},{\"@type\":\"BreadcrumbList\",\"@id\":\"https:\/\/staging.genekas24.ee\/toode\/bensiini_stabilisaator_ks_g_stab_60\/#breadcrumb\",\"itemListElement\":[{\"@type\":\"ListItem\",\"position\":1,\"name\":\"Home\",\"item\":\"https:\/\/staging.genekas24.ee\/\"},{\"@type\":\"ListItem\",\"position\":2,\"name\":\"Pood\",\"item\":\"https:\/\/staging.genekas24.ee\/pood\/\"},{\"@type\":\"ListItem\",\"position\":3,\"name\":\"Bensiini stabilisaator KS G-STAB 60\"}]},{\"@type\":\"WebSite\",\"@id\":\"https:\/\/staging.genekas24.ee\/#website\",\"url\":\"https:\/\/staging.genekas24.ee\/\",\"name\":\"Genekas24\",\"description\":\"Generaatorid | K&ouml;nner S&ouml;hnen tooted | Genekas24\",\"publisher\":{\"@id\":\"https:\/\/staging.genekas24.ee\/#organization\"},\"potentialAction\":[{\"@type\":\"SearchAction\",\"target\":{\"@type\":\"EntryPoint\",\"urlTemplate\":\"https:\/\/staging.genekas24.ee\/?s={search_term_string}\"},\"query-input\":{\"@type\":\"PropertyValueSpecification\",\"valueRequired\":true,\"valueName\":\"search_term_string\"}}],\"inLanguage\":\"en-GB\"},{\"@type\":\"Organization\",\"@id\":\"https:\/\/staging.genekas24.ee\/#organization\",\"name\":\"Genekas24\",\"url\":\"https:\/\/staging.genekas24.ee\/\",\"logo\":{\"@type\":\"ImageObject\",\"inLanguage\":\"en-GB\",\"@id\":\"https:\/\/staging.genekas24.ee\/#\/schema\/logo\/image\/\",\"url\":\"https:\/\/staging.genekas24.ee\/wp-content\/uploads\/2026\/01\/genekas24-logo_black.svg\",\"contentUrl\":\"https:\/\/staging.genekas24.ee\/wp-content\/uploads\/2026\/01\/genekas24-logo_black.svg\",\"width\":840,\"height\":131,\"caption\":\"Genekas24\"},\"image\":{\"@id\":\"https:\/\/staging.genekas24.ee\/#\/schema\/logo\/image\/\"}}]}<\/script>\n<!-- \/ Yoast SEO plugin. -->","yoast_head_json":{"title":"Bensiini stabilisaator KS G-STAB 60 - Genekas24","robots":{"index":"index","follow":"follow","max-snippet":"max-snippet:-1","max-image-preview":"max-image-preview:large","max-video-preview":"max-video-preview:-1"},"canonical":"https:\/\/staging.genekas24.ee\/en\/product\/gasoline-stabilizer-ks-g-stab-60\/","og_locale":"en_GB","og_type":"article","og_title":"Bensiini stabilisaator KS G-STAB 60 - Genekas24","og_description":"Bensiini stabilisaator. K\u00f6nner &amp; S\u00f6hnen\u00ae ULTRA Performance bensiini stabilisaator  Pudel: 0,25 liitrit EAN kood: 4260405365388 Annustamine: 250 ml lisandit 40-60 liitri k\u00fctuse jaoks. Kasutusala: Sobib 2- ja 4-taktilistele bensiinimootoritele ehituses, p\u00f5llumajandus- ja mootors\u00f5idukites, nt. mootorrattad, motorollerid, mootorsaanid, jetid, mootorpaadid, kettsaed, muruniidukid, generaatorid jne.","og_url":"https:\/\/staging.genekas24.ee\/en\/product\/gasoline-stabilizer-ks-g-stab-60\/","og_site_name":"Genekas24","article_modified_time":"2025-12-02T10:06:24+00:00","og_image":[{"width":1000,"height":792,"url":"https:\/\/staging.genekas24.ee\/wp-content\/uploads\/2022\/09\/stab__60-1.jpg","type":"image\/jpeg"}],"twitter_card":"summary_large_image","twitter_misc":{"Estimated reading time":"1 minute"},"schema":{"@context":"https:\/\/schema.org","@graph":[{"@type":"WebPage","@id":"https:\/\/staging.genekas24.ee\/toode\/bensiini_stabilisaator_ks_g_stab_60\/","url":"https:\/\/staging.genekas24.ee\/toode\/bensiini_stabilisaator_ks_g_stab_60\/","name":"Bensiini stabilisaator KS G-STAB 60 - Genekas24","isPartOf":{"@id":"https:\/\/staging.genekas24.ee\/#website"},"primaryImageOfPage":{"@id":"https:\/\/staging.genekas24.ee\/toode\/bensiini_stabilisaator_ks_g_stab_60\/#primaryimage"},"image":{"@id":"https:\/\/staging.genekas24.ee\/toode\/bensiini_stabilisaator_ks_g_stab_60\/#primaryimage"},"thumbnailUrl":"https:\/\/staging.genekas24.ee\/wp-content\/uploads\/2022\/09\/stab__60-1.jpg","datePublished":"2022-09-29T21:51:41+00:00","dateModified":"2025-12-02T10:06:24+00:00","breadcrumb":{"@id":"https:\/\/staging.genekas24.ee\/toode\/bensiini_stabilisaator_ks_g_stab_60\/#breadcrumb"},"inLanguage":"en-GB","potentialAction":[{"@type":"ReadAction","target":["https:\/\/staging.genekas24.ee\/toode\/bensiini_stabilisaator_ks_g_stab_60\/"]}]},{"@type":"ImageObject","inLanguage":"en-GB","@id":"https:\/\/staging.genekas24.ee\/toode\/bensiini_stabilisaator_ks_g_stab_60\/#primaryimage","url":"https:\/\/staging.genekas24.ee\/wp-content\/uploads\/2022\/09\/stab__60-1.jpg","contentUrl":"https:\/\/staging.genekas24.ee\/wp-content\/uploads\/2022\/09\/stab__60-1.jpg","width":1000,"height":792},{"@type":"BreadcrumbList","@id":"https:\/\/staging.genekas24.ee\/toode\/bensiini_stabilisaator_ks_g_stab_60\/#breadcrumb","itemListElement":[{"@type":"ListItem","position":1,"name":"Home","item":"https:\/\/staging.genekas24.ee\/"},{"@type":"ListItem","position":2,"name":"Pood","item":"https:\/\/staging.genekas24.ee\/pood\/"},{"@type":"ListItem","position":3,"name":"Bensiini stabilisaator KS G-STAB 60"}]},{"@type":"WebSite","@id":"https:\/\/staging.genekas24.ee\/#website","url":"https:\/\/staging.genekas24.ee\/","name":"Genekas24","description":"Generaatorid | K&ouml;nner S&ouml;hnen tooted | Genekas24","publisher":{"@id":"https:\/\/staging.genekas24.ee\/#organization"},"potentialAction":[{"@type":"SearchAction","target":{"@type":"EntryPoint","urlTemplate":"https:\/\/staging.genekas24.ee\/?s={search_term_string}"},"query-input":{"@type":"PropertyValueSpecification","valueRequired":true,"valueName":"search_term_string"}}],"inLanguage":"en-GB"},{"@type":"Organization","@id":"https:\/\/staging.genekas24.ee\/#organization","name":"Genekas24","url":"https:\/\/staging.genekas24.ee\/","logo":{"@type":"ImageObject","inLanguage":"en-GB","@id":"https:\/\/staging.genekas24.ee\/#\/schema\/logo\/image\/","url":"https:\/\/staging.genekas24.ee\/wp-content\/uploads\/2026\/01\/genekas24-logo_black.svg","contentUrl":"https:\/\/staging.genekas24.ee\/wp-content\/uploads\/2026\/01\/genekas24-logo_black.svg","width":840,"height":131,"caption":"Genekas24"},"image":{"@id":"https:\/\/staging.genekas24.ee\/#\/schema\/logo\/image\/"}}]}},"_links":{"self":[{"href":"https:\/\/staging.genekas24.ee\/en\/wp-json\/wp\/v2\/product\/6039","targetHints":{"allow":["GET"]}}],"collection":[{"href":"https:\/\/staging.genekas24.ee\/en\/wp-json\/wp\/v2\/product"}],"about":[{"href":"https:\/\/staging.genekas24.ee\/en\/wp-json\/wp\/v2\/types\/product"}],"version-history":[{"count":3,"href":"https:\/\/staging.genekas24.ee\/en\/wp-json\/wp\/v2\/product\/6039\/revisions"}],"predecessor-version":[{"id":14287,"href":"https:\/\/staging.genekas24.ee\/en\/wp-json\/wp\/v2\/product\/6039\/revisions\/14287"}],"wp:featuredmedia":[{"embeddable":true,"href":"https:\/\/staging.genekas24.ee\/en\/wp-json\/wp\/v2\/media\/13030"}],"wp:attachment":[{"href":"https:\/\/staging.genekas24.ee\/en\/wp-json\/wp\/v2\/media?parent=6039"}],"wp:term":[{"taxonomy":"product_brand","embeddable":true,"href":"https:\/\/staging.genekas24.ee\/en\/wp-json\/wp\/v2\/product_brand?post=6039"},{"taxonomy":"product_cat","embeddable":true,"href":"https:\/\/staging.genekas24.ee\/en\/wp-json\/wp\/v2\/product_cat?post=6039"},{"taxonomy":"product_tag","embeddable":true,"href":"https:\/\/staging.genekas24.ee\/en\/wp-json\/wp\/v2\/product_tag?post=6039"}],"curies":[{"name":"wp","href":"https:\/\/api.w.org\/{rel}","templated":true}]}}