{"id":4843,"date":"2022-06-24T18:18:13","date_gmt":"2022-06-24T18:18:13","guid":{"rendered":"https:\/\/staging.genekas24.ee\/?post_type=product&#038;p=4843"},"modified":"2026-01-08T12:48:02","modified_gmt":"2026-01-08T12:48:02","slug":"diiselgeneraator-ks-9300de-1-3-atsr-euro-v","status":"publish","type":"product","link":"https:\/\/staging.genekas24.ee\/en\/product\/diesel-generator-ks-9300de-1-3-atsr-euro-v\/","title":{"rendered":"Diesel generator KS 9300DE-1\/3 ATSR (EURO V)"},"content":{"rendered":"<p>Engines for diesel generators, as well as for gasoline, are manufactured under license DIMAX Int. GmbH and are marked with their own brand with the logo. In all models, the power reserve of the engine in relation to the alternator allows you to issue the declared voltage and maintain its stability in the full range of voltages. All engines are tested for long continuous operation, and then disassembled and examined for faults. Each engine and each generator has an individual serial number, which allows us to control the quality of production and service. The engines meet all European quality standards, including the modern EURO-V environmental standard.<\/p>\n<table>\n<tbody>\n<tr class=\"even\">\n<td><img fetchpriority=\"high\" decoding=\"async\" class=\"alignnone wp-image-4618 size-medium\" src=\"https:\/\/staging.genekas24.ee\/wp-content\/uploads\/2022\/12\/ks-9300de-atsr_macro_engine.jpg\" alt=\"\" width=\"300\" height=\"300\" \/><\/td>\n<td><strong>BRANDED ENGINES<\/strong><\/p>\n<p>Engines for diesel generators, as well as for gasoline, are manufactured under license DIMAX Int. GmbH and are marked with their own brand with the logo. In all models, the power reserve of the engine in relation to the alternator allows you to issue the declared voltage and maintain its stability in the full range of voltages. All engines are tested for long continuous operation, and then disassembled and examined for faults. Each engine and each generator has an individual serial number, which allows us to control the quality of production and service. The engines meet all European quality standards, including the modern EURO-V environmental standard.<\/td>\n<\/tr>\n<tr class=\"odd\">\n<td><img decoding=\"async\" class=\"alignnone wp-image-2724 size-medium\" src=\"https:\/\/staging.genekas24.ee\/wp-content\/uploads\/2022\/01\/VTS-SYSTEM-300x300.jpg\" alt=\"\" width=\"300\" height=\"300\" \/><\/td>\n<td><strong>VTS-SYSTEM<\/strong><\/p>\n<p>Unique VTS phase switching system allows using a single generator both in single-phase (230 V) and three-phase mode (400 V) with almost no power loss.<\/td>\n<\/tr>\n<tr class=\"odd\">\n<td><img decoding=\"async\" class=\"alignnone wp-image-2730 size-medium\" src=\"https:\/\/staging.genekas24.ee\/wp-content\/uploads\/2022\/01\/Automatic-transfer-switch-ATS-300x300.png\" alt=\"\" width=\"300\" height=\"300\" \/><\/td>\n<td><strong>AUTOMATIC TRANSFER SWITCH<\/strong><\/p>\n<p>6-pin connector for an external ATS unit ensures automatic generator start-up and shutdown and maintains the charge of the generator battery in standby mode.<\/td>\n<\/tr>\n<tr class=\"odd\">\n<td><img loading=\"lazy\" decoding=\"async\" class=\"alignnone wp-image-4624 size-medium\" src=\"https:\/\/staging.genekas24.ee\/wp-content\/uploads\/2022\/06\/Increased-engine-300x227.png\" alt=\"\" width=\"300\" height=\"227\" \/><\/td>\n<td><strong>INCREASED ENGINE LIFE<\/strong><\/p>\n<p>K\u00f6nner &amp; S\u00f6hnen\u00ae diesel generators of the \u201cHEAVY DUTY\u201d series have an increased motor resource \u2013 so they have a longer service life, can work for more hours without a break. The engine resource exceeds 3000 working hours, this is confirmed by multi-hour, multi-level tests and warranty.  To show high performance, machines should be maintained properly.<\/td>\n<\/tr>\n<tr class=\"even\">\n<td><img loading=\"lazy\" decoding=\"async\" class=\"alignnone size-medium wp-image-2800\" src=\"https:\/\/staging.genekas24.ee\/wp-content\/uploads\/2022\/12\/ks-9300de-1-3-atsr_macro_panel.jpg\" alt=\"\" width=\"300\" height=\"225\" \/><\/td>\n<td><strong>THE USER-FRIENDLY ERGONOMIC CONTROL PANEL<\/strong><\/p>\n<p>Generator\u2019s ergonomic control panel allows you to easily control its operation due to the convenient functions location: a modern LED display (counter hours, frequency, voltage), emergency (circuit breaker) switch, low oil level sensor, outlets, terminals and more.<\/td>\n<\/tr>\n<tr class=\"odd\">\n<td><img loading=\"lazy\" decoding=\"async\" class=\"alignnone size-medium wp-image-4636\" src=\"https:\/\/staging.genekas24.ee\/wp-content\/uploads\/2022\/06\/preheater-300x297.png\" alt=\"\" width=\"300\" height=\"297\" \/><\/td>\n<td><strong>PRE-START HEATING (PREHEATER)<\/strong><\/p>\n<p>Diesel generators series \u201cHEAVY DUTY\u201d are equipped with a pre-start heating function, which allows you to run the generator in the winter without much effort.<\/td>\n<\/tr>\n<tr class=\"odd\">\n<td><img loading=\"lazy\" decoding=\"async\" class=\"alignnone wp-image-4808 size-medium\" src=\"https:\/\/staging.genekas24.ee\/wp-content\/uploads\/2022\/12\/ks-9300de-atsr_macro_housing.jpg\" alt=\"\" width=\"300\" height=\"300\" \/><\/td>\n<td><strong>SOUNDPROOF ANTI-VANDAL ENCLOSURE<\/strong><\/p>\n<p>Anti-vandal enclosure provides a more efficient heat distribution inside the generator, which extends its service life.<\/td>\n<\/tr>\n<tr class=\"even\">\n<td><img loading=\"lazy\" decoding=\"async\" class=\"alignnone size-medium wp-image-2812\" src=\"https:\/\/staging.genekas24.ee\/wp-content\/uploads\/2022\/12\/ks-9300de-atsr_macro_transportation.jpg\" alt=\"\" width=\"300\" height=\"225\" \/><\/td>\n<td><strong>TRANSPORT KIT<\/strong><\/p>\n<p>The generator casing is equipped with a transport kit consisting of 4 wheels and 2 handles for easy handling.<\/td>\n<\/tr>\n<\/tbody>\n<\/table>\n<p><em><span style=\"font-size: 14px;\">***Fuel consumption depends on many factors: load, fuel quality, season, altitude and generator technical condition.<\/span><\/em><\/p>","protected":false},"excerpt":{"rendered":"<table>\n<tbody>\n<tr class=\"even\">\n<td width=\"60%\">Voltage<\/td>\n<td>\n<div class=\"attribute row\">\n<div class=\"col-xs-6\">230\/400<\/div>\n<\/div>\n<\/td>\n<\/tr>\n<tr class=\"odd\">\n<td>\n<div class=\"col-xs-6\">Max\/Nominal power (230V), kW<\/div>\n<\/td>\n<td>\n<div class=\"attribute row\">\n<div class=\"col-xs-6\">6.5\/6.0<\/div>\n<\/div>\n<\/td>\n<\/tr>\n<tr class=\"even\">\n<td>\n<div class=\"col-xs-6\">Max\/Nominaalne v\u00f5imsus (400V), kW<\/div>\n<\/td>\n<td>\n<div class=\"attribute row\">\n<div class=\"col-xs-6\">7.5\/7.0<\/div>\n<\/div>\n<\/td>\n<\/tr>\n<tr class=\"odd\">\n<td>\n<div class=\"col-xs-6\">Frequency, Hz<\/div>\n<\/td>\n<td>50<\/td>\n<\/tr>\n<tr class=\"even\">\n<td>\n<div class=\"col-xs-6\">Vool (max.) 230\/400 V, A<\/div>\n<\/td>\n<td>\n<div class=\"attribute row\">\n<div class=\"col-xs-6\">28.26\/13.54<\/div>\n<\/div>\n<\/td>\n<\/tr>\n<tr class=\"odd\">\n<td>\n<div class=\"col-xs-6\">Outlets<\/div>\n<\/td>\n<td>\n<div class=\"attribute row\">\n<div class=\"col-xs-6\">1 x CEE 230 V 32 A<br \/>\n1 x CEE 400 V 16 A<\/div>\n<\/div>\n<\/td>\n<\/tr>\n<tr class=\"even\">\n<td>\n<div class=\"col-xs-6\">Avg. working time (power 50%), h***<\/div>\n<\/td>\n<td>\n<div class=\"attribute row\">\n<div class=\"col-xs-6\">8.3<\/div>\n<\/div>\n<\/td>\n<\/tr>\n<tr class=\"odd\">\n<td>\n<div class=\"col-xs-6\">LED display<\/div>\n<\/td>\n<td>\n<div class=\"attribute row\">\n<div class=\"col-xs-6\">Voltage, frequency, working hours<\/div>\n<\/div>\n<\/td>\n<\/tr>\n<tr class=\"even\">\n<td>\n<div class=\"col-xs-6\">Noise level Lpa (7m)\/Lwa, dB<\/div>\n<\/td>\n<td>\n<div class=\"attribute row\">\n<div class=\"col-xs-6\">66\/91<\/div>\n<\/div>\n<\/td>\n<\/tr>\n<tr class=\"odd\">\n<td>\n<div class=\"col-xs-6\">Power output DC, V\/\u0410<\/div>\n<\/td>\n<td>\n<div class=\"attribute row\">\n<div class=\"col-xs-6\">12\/8.3<\/div>\n<\/div>\n<\/td>\n<\/tr>\n<tr class=\"even\">\n<td>\n<div class=\"col-xs-6\">Engine type<\/div>\n<\/td>\n<td>\n<div class=\"attribute row\">\n<div class=\"col-xs-6\">Diesel powered one-cylinder, four-stroke air-cooled<\/div>\n<\/div>\n<\/td>\n<\/tr>\n<tr class=\"odd\">\n<td>\n<div class=\"col-xs-6\">Engine model<\/div>\n<\/td>\n<td>\n<div class=\"attribute row\">\n<div class=\"col-xs-6\">KS 520HD-V<\/div>\n<\/div>\n<\/td>\n<\/tr>\n<tr class=\"even\">\n<td>\n<div class=\"col-xs-6\">Engine power, hp\/kW<\/div>\n<\/td>\n<td>\n<div class=\"attribute row\">\n<div class=\"col-xs-6\">18.0\/13.24<\/div>\n<\/div>\n<\/td>\n<\/tr>\n<tr class=\"odd\">\n<td>Preheater<\/td>\n<td>+<\/td>\n<\/tr>\n<tr class=\"even\">\n<td>\n<div class=\"col-xs-6\">Fuel tank volume, l<\/div>\n<\/td>\n<td>15<\/td>\n<\/tr>\n<tr class=\"odd\">\n<td>\n<div class=\"col-xs-6\">Crank case volume, L<\/div>\n<\/td>\n<td>\n<div class=\"attribute row\">\n<div class=\"col-xs-6\">1.65<\/div>\n<\/div>\n<\/td>\n<\/tr>\n<tr class=\"even\">\n<td>\n<div class=\"col-xs-6\">Engine cylinder volume, cm3<\/div>\n<\/td>\n<td>498<\/td>\n<\/tr>\n<tr class=\"odd\">\n<td>\n<div class=\"col-xs-6\">Power output controller<\/div>\n<\/td>\n<td>\n<div class=\"attribute row\">\n<div class=\"col-xs-6\">Intelligent voltage stabilization system AVR<\/div>\n<\/div>\n<\/td>\n<\/tr>\n<tr class=\"even\">\n<td>\n<div class=\"col-xs-6\">Engine start<\/div>\n<\/td>\n<td>Electric<\/td>\n<\/tr>\n<tr class=\"odd\">\n<td>\n<div class=\"col-xs-6\">\n<div class=\"col-xs-6\">Accumulator, A\u00b7h<\/div>\n<\/div>\n<\/td>\n<td>30<\/td>\n<\/tr>\n<tr class=\"even\">\n<td>\n<div class=\"col-xs-6\">Output for ATS<\/div>\n<\/td>\n<td>+<\/td>\n<\/tr>\n<tr>\n<td>Net dimensions (LxWxH), mm<\/td>\n<td>920 x 580 x 860<\/td>\n<\/tr>\n<tr>\n<td>Gross dimensions (LxWxH), mm<\/td>\n<td>940 \u0445 600 \u0445 880<\/td>\n<\/tr>\n<tr>\n<td>Net weight, kg<\/td>\n<td>168<\/td>\n<\/tr>\n<tr>\n<td>Gross weight, kg<\/td>\n<td>180<\/td>\n<\/tr>\n<tr class=\"odd\">\n<td>\n<div class=\"col-xs-6\">Protection class<\/div>\n<\/td>\n<td>IP23M<\/td>\n<\/tr>\n<tr class=\"even\">\n<td>EAN code<\/td>\n<td>4260405365210<\/td>\n<\/tr>\n<\/tbody>\n<\/table>\n<p>*** Fuel consumption depends on many factors, such as load, fuel quality, season, altitude, technical condition of the generator.<\/p>\n<p>Assembled in PRC.<\/p>","protected":false},"featured_media":17675,"template":"","meta":{"_acf_changed":false,"inline_featured_image":false},"product_brand":[],"product_cat":[179,181,94,22],"product_tag":[],"class_list":{"0":"post-4843","1":"product","2":"type-product","3":"status-publish","4":"has-post-thumbnail","6":"product_cat-allahinnatud","7":"product_cat-laos-olemas","8":"product_cat-generaatorid","9":"product_cat-diiselgeneraatorid","10":"product_shipping_class-euroalus","11":"brand-konner-sohnen","13":"first","14":"onbackorder","15":"sale","16":"taxable","17":"shipping-taxable","18":"purchasable","19":"product-type-simple"},"acf":[],"yoast_head":"<!-- This site is optimized with the Yoast SEO plugin v26.2 - https:\/\/yoast.com\/wordpress\/plugins\/seo\/ -->\n<title>Diiselgeneraator KS 9300DE-1\/3 ATSR (EURO V) - Genekas24<\/title>\n<meta name=\"robots\" content=\"index, follow, max-snippet:-1, max-image-preview:large, max-video-preview:-1\" \/>\n<link rel=\"canonical\" href=\"https:\/\/staging.genekas24.ee\/en\/product\/diesel-generator-ks-9300de-1-3-atsr-euro-v\/\" \/>\n<meta property=\"og:locale\" content=\"en_GB\" \/>\n<meta property=\"og:type\" content=\"article\" \/>\n<meta property=\"og:title\" content=\"Diiselgeneraator KS 9300DE-1\/3 ATSR (EURO V) - Genekas24\" \/>\n<meta property=\"og:description\" content=\"Pinge   230\/400     Max\/Nominaalne v\u00f5imsus (230V), kW   6.5\/6.0     Max\/Nominaalne v\u00f5imsus (400V), kW   7.5\/7.0     Sagedus, Hz 50    Vool (max.) 230\/400 V, A   28.26\/13.54     Pistikupesad   1 x CEE 230 V 32 A 1 x CEE 400 V 16 A     Keskmine t\u00f6\u00f6aeg (power 50%), h***   8.3     LED-ekraan   Pinge, sagedus, t\u00f6\u00f6aeg     M\u00fcratase Lpa (7m)\/Lwa, dB   66\/91     V\u00f5imsus DC, V\/\u0410   12\/8.3     Mootori t\u00fc\u00fcp   Diiselmootoriga \u00fchesilindriline, neljataktiline \u00f5hkjahutusega     Mootori mudel   KS 520HD-V     Mootori v\u00f5imsus, hp\/kW   18.0\/13.24    Eelsoojendi +    K\u00fctusepaagi maht, l 15    Karteri maht, l   1.65     Mootori silindri maht, cm3 498    Toitev\u00e4ljundi kontroller   Pinge stabiliseerimiss\u00fcsteem AVR     Mootori k\u00e4ivitamine Elektriline     Aku, A\u00b7h  30    ATS v\u00e4ljund +   Neto m\u00f5\u00f5dud (PxLxK), mm 920 x 580 x 860   Bruto m\u00f5\u00f5dud (PxLxK), mm 940 \u0445 600 \u0445 880   Netokaal, kg 168   Brutokaal, kg 180    Kaitseklass IP23M   EAN kood 4260405365210    ***K\u00fctusekulu s\u00f5ltub paljudest teguritest: nagu koormus, k\u00fctuse kvaliteet, aastaaeg, k\u00f5rgus merepinnast, generaatori tehniline seisukord.  Kokku pandud HRV-s.\" \/>\n<meta property=\"og:url\" content=\"https:\/\/staging.genekas24.ee\/en\/product\/diesel-generator-ks-9300de-1-3-atsr-euro-v\/\" \/>\n<meta property=\"og:site_name\" content=\"Genekas24\" \/>\n<meta property=\"article:modified_time\" content=\"2026-01-08T12:48:02+00:00\" \/>\n<meta property=\"og:image\" content=\"https:\/\/staging.genekas24.ee\/wp-content\/uploads\/2022\/06\/KS-9300DE-13-ATSR.png\" \/>\n\t<meta property=\"og:image:width\" content=\"600\" \/>\n\t<meta property=\"og:image:height\" content=\"475\" \/>\n\t<meta property=\"og:image:type\" content=\"image\/png\" \/>\n<meta name=\"twitter:card\" content=\"summary_large_image\" \/>\n<meta name=\"twitter:label1\" content=\"Estimated reading time\" \/>\n\t<meta name=\"twitter:data1\" content=\"4 minutes\" \/>\n<script type=\"application\/ld+json\" class=\"yoast-schema-graph\">{\"@context\":\"https:\/\/schema.org\",\"@graph\":[{\"@type\":\"WebPage\",\"@id\":\"https:\/\/staging.genekas24.ee\/toode\/diiselgeneraator-ks-9300de-1-3-atsr-euro-v\/\",\"url\":\"https:\/\/staging.genekas24.ee\/toode\/diiselgeneraator-ks-9300de-1-3-atsr-euro-v\/\",\"name\":\"Diiselgeneraator KS 9300DE-1\/3 ATSR (EURO V) - Genekas24\",\"isPartOf\":{\"@id\":\"https:\/\/staging.genekas24.ee\/#website\"},\"primaryImageOfPage\":{\"@id\":\"https:\/\/staging.genekas24.ee\/toode\/diiselgeneraator-ks-9300de-1-3-atsr-euro-v\/#primaryimage\"},\"image\":{\"@id\":\"https:\/\/staging.genekas24.ee\/toode\/diiselgeneraator-ks-9300de-1-3-atsr-euro-v\/#primaryimage\"},\"thumbnailUrl\":\"https:\/\/staging.genekas24.ee\/wp-content\/uploads\/2022\/06\/KS-9300DE-13-ATSR.png\",\"datePublished\":\"2022-06-24T18:18:13+00:00\",\"dateModified\":\"2026-01-08T12:48:02+00:00\",\"breadcrumb\":{\"@id\":\"https:\/\/staging.genekas24.ee\/toode\/diiselgeneraator-ks-9300de-1-3-atsr-euro-v\/#breadcrumb\"},\"inLanguage\":\"en-GB\",\"potentialAction\":[{\"@type\":\"ReadAction\",\"target\":[\"https:\/\/staging.genekas24.ee\/toode\/diiselgeneraator-ks-9300de-1-3-atsr-euro-v\/\"]}]},{\"@type\":\"ImageObject\",\"inLanguage\":\"en-GB\",\"@id\":\"https:\/\/staging.genekas24.ee\/toode\/diiselgeneraator-ks-9300de-1-3-atsr-euro-v\/#primaryimage\",\"url\":\"https:\/\/staging.genekas24.ee\/wp-content\/uploads\/2022\/06\/KS-9300DE-13-ATSR.png\",\"contentUrl\":\"https:\/\/staging.genekas24.ee\/wp-content\/uploads\/2022\/06\/KS-9300DE-13-ATSR.png\",\"width\":600,\"height\":475},{\"@type\":\"BreadcrumbList\",\"@id\":\"https:\/\/staging.genekas24.ee\/toode\/diiselgeneraator-ks-9300de-1-3-atsr-euro-v\/#breadcrumb\",\"itemListElement\":[{\"@type\":\"ListItem\",\"position\":1,\"name\":\"Home\",\"item\":\"https:\/\/staging.genekas24.ee\/\"},{\"@type\":\"ListItem\",\"position\":2,\"name\":\"Pood\",\"item\":\"https:\/\/staging.genekas24.ee\/pood\/\"},{\"@type\":\"ListItem\",\"position\":3,\"name\":\"Diiselgeneraator KS 9300DE-1\/3 ATSR (EURO V)\"}]},{\"@type\":\"WebSite\",\"@id\":\"https:\/\/staging.genekas24.ee\/#website\",\"url\":\"https:\/\/staging.genekas24.ee\/\",\"name\":\"Genekas24\",\"description\":\"Generaatorid | K&ouml;nner S&ouml;hnen tooted | Genekas24\",\"publisher\":{\"@id\":\"https:\/\/staging.genekas24.ee\/#organization\"},\"potentialAction\":[{\"@type\":\"SearchAction\",\"target\":{\"@type\":\"EntryPoint\",\"urlTemplate\":\"https:\/\/staging.genekas24.ee\/?s={search_term_string}\"},\"query-input\":{\"@type\":\"PropertyValueSpecification\",\"valueRequired\":true,\"valueName\":\"search_term_string\"}}],\"inLanguage\":\"en-GB\"},{\"@type\":\"Organization\",\"@id\":\"https:\/\/staging.genekas24.ee\/#organization\",\"name\":\"Genekas24\",\"url\":\"https:\/\/staging.genekas24.ee\/\",\"logo\":{\"@type\":\"ImageObject\",\"inLanguage\":\"en-GB\",\"@id\":\"https:\/\/staging.genekas24.ee\/#\/schema\/logo\/image\/\",\"url\":\"https:\/\/staging.genekas24.ee\/wp-content\/uploads\/2026\/01\/genekas24-logo_black.svg\",\"contentUrl\":\"https:\/\/staging.genekas24.ee\/wp-content\/uploads\/2026\/01\/genekas24-logo_black.svg\",\"width\":840,\"height\":131,\"caption\":\"Genekas24\"},\"image\":{\"@id\":\"https:\/\/staging.genekas24.ee\/#\/schema\/logo\/image\/\"}}]}<\/script>\n<!-- \/ Yoast SEO plugin. -->","yoast_head_json":{"title":"Diiselgeneraator KS 9300DE-1\/3 ATSR (EURO V) - Genekas24","robots":{"index":"index","follow":"follow","max-snippet":"max-snippet:-1","max-image-preview":"max-image-preview:large","max-video-preview":"max-video-preview:-1"},"canonical":"https:\/\/staging.genekas24.ee\/en\/product\/diesel-generator-ks-9300de-1-3-atsr-euro-v\/","og_locale":"en_GB","og_type":"article","og_title":"Diiselgeneraator KS 9300DE-1\/3 ATSR (EURO V) - Genekas24","og_description":"Pinge   230\/400     Max\/Nominaalne v\u00f5imsus (230V), kW   6.5\/6.0     Max\/Nominaalne v\u00f5imsus (400V), kW   7.5\/7.0     Sagedus, Hz 50    Vool (max.) 230\/400 V, A   28.26\/13.54     Pistikupesad   1 x CEE 230 V 32 A 1 x CEE 400 V 16 A     Keskmine t\u00f6\u00f6aeg (power 50%), h***   8.3     LED-ekraan   Pinge, sagedus, t\u00f6\u00f6aeg     M\u00fcratase Lpa (7m)\/Lwa, dB   66\/91     V\u00f5imsus DC, V\/\u0410   12\/8.3     Mootori t\u00fc\u00fcp   Diiselmootoriga \u00fchesilindriline, neljataktiline \u00f5hkjahutusega     Mootori mudel   KS 520HD-V     Mootori v\u00f5imsus, hp\/kW   18.0\/13.24    Eelsoojendi +    K\u00fctusepaagi maht, l 15    Karteri maht, l   1.65     Mootori silindri maht, cm3 498    Toitev\u00e4ljundi kontroller   Pinge stabiliseerimiss\u00fcsteem AVR     Mootori k\u00e4ivitamine Elektriline     Aku, A\u00b7h  30    ATS v\u00e4ljund +   Neto m\u00f5\u00f5dud (PxLxK), mm 920 x 580 x 860   Bruto m\u00f5\u00f5dud (PxLxK), mm 940 \u0445 600 \u0445 880   Netokaal, kg 168   Brutokaal, kg 180    Kaitseklass IP23M   EAN kood 4260405365210    ***K\u00fctusekulu s\u00f5ltub paljudest teguritest: nagu koormus, k\u00fctuse kvaliteet, aastaaeg, k\u00f5rgus merepinnast, generaatori tehniline seisukord.  Kokku pandud HRV-s.","og_url":"https:\/\/staging.genekas24.ee\/en\/product\/diesel-generator-ks-9300de-1-3-atsr-euro-v\/","og_site_name":"Genekas24","article_modified_time":"2026-01-08T12:48:02+00:00","og_image":[{"width":600,"height":475,"url":"https:\/\/staging.genekas24.ee\/wp-content\/uploads\/2022\/06\/KS-9300DE-13-ATSR.png","type":"image\/png"}],"twitter_card":"summary_large_image","twitter_misc":{"Estimated reading time":"4 minutes"},"schema":{"@context":"https:\/\/schema.org","@graph":[{"@type":"WebPage","@id":"https:\/\/staging.genekas24.ee\/toode\/diiselgeneraator-ks-9300de-1-3-atsr-euro-v\/","url":"https:\/\/staging.genekas24.ee\/toode\/diiselgeneraator-ks-9300de-1-3-atsr-euro-v\/","name":"Diiselgeneraator KS 9300DE-1\/3 ATSR (EURO V) - Genekas24","isPartOf":{"@id":"https:\/\/staging.genekas24.ee\/#website"},"primaryImageOfPage":{"@id":"https:\/\/staging.genekas24.ee\/toode\/diiselgeneraator-ks-9300de-1-3-atsr-euro-v\/#primaryimage"},"image":{"@id":"https:\/\/staging.genekas24.ee\/toode\/diiselgeneraator-ks-9300de-1-3-atsr-euro-v\/#primaryimage"},"thumbnailUrl":"https:\/\/staging.genekas24.ee\/wp-content\/uploads\/2022\/06\/KS-9300DE-13-ATSR.png","datePublished":"2022-06-24T18:18:13+00:00","dateModified":"2026-01-08T12:48:02+00:00","breadcrumb":{"@id":"https:\/\/staging.genekas24.ee\/toode\/diiselgeneraator-ks-9300de-1-3-atsr-euro-v\/#breadcrumb"},"inLanguage":"en-GB","potentialAction":[{"@type":"ReadAction","target":["https:\/\/staging.genekas24.ee\/toode\/diiselgeneraator-ks-9300de-1-3-atsr-euro-v\/"]}]},{"@type":"ImageObject","inLanguage":"en-GB","@id":"https:\/\/staging.genekas24.ee\/toode\/diiselgeneraator-ks-9300de-1-3-atsr-euro-v\/#primaryimage","url":"https:\/\/staging.genekas24.ee\/wp-content\/uploads\/2022\/06\/KS-9300DE-13-ATSR.png","contentUrl":"https:\/\/staging.genekas24.ee\/wp-content\/uploads\/2022\/06\/KS-9300DE-13-ATSR.png","width":600,"height":475},{"@type":"BreadcrumbList","@id":"https:\/\/staging.genekas24.ee\/toode\/diiselgeneraator-ks-9300de-1-3-atsr-euro-v\/#breadcrumb","itemListElement":[{"@type":"ListItem","position":1,"name":"Home","item":"https:\/\/staging.genekas24.ee\/"},{"@type":"ListItem","position":2,"name":"Pood","item":"https:\/\/staging.genekas24.ee\/pood\/"},{"@type":"ListItem","position":3,"name":"Diiselgeneraator KS 9300DE-1\/3 ATSR (EURO V)"}]},{"@type":"WebSite","@id":"https:\/\/staging.genekas24.ee\/#website","url":"https:\/\/staging.genekas24.ee\/","name":"Genekas24","description":"Generaatorid | K&ouml;nner S&ouml;hnen tooted | Genekas24","publisher":{"@id":"https:\/\/staging.genekas24.ee\/#organization"},"potentialAction":[{"@type":"SearchAction","target":{"@type":"EntryPoint","urlTemplate":"https:\/\/staging.genekas24.ee\/?s={search_term_string}"},"query-input":{"@type":"PropertyValueSpecification","valueRequired":true,"valueName":"search_term_string"}}],"inLanguage":"en-GB"},{"@type":"Organization","@id":"https:\/\/staging.genekas24.ee\/#organization","name":"Genekas24","url":"https:\/\/staging.genekas24.ee\/","logo":{"@type":"ImageObject","inLanguage":"en-GB","@id":"https:\/\/staging.genekas24.ee\/#\/schema\/logo\/image\/","url":"https:\/\/staging.genekas24.ee\/wp-content\/uploads\/2026\/01\/genekas24-logo_black.svg","contentUrl":"https:\/\/staging.genekas24.ee\/wp-content\/uploads\/2026\/01\/genekas24-logo_black.svg","width":840,"height":131,"caption":"Genekas24"},"image":{"@id":"https:\/\/staging.genekas24.ee\/#\/schema\/logo\/image\/"}}]}},"_links":{"self":[{"href":"https:\/\/staging.genekas24.ee\/en\/wp-json\/wp\/v2\/product\/4843","targetHints":{"allow":["GET"]}}],"collection":[{"href":"https:\/\/staging.genekas24.ee\/en\/wp-json\/wp\/v2\/product"}],"about":[{"href":"https:\/\/staging.genekas24.ee\/en\/wp-json\/wp\/v2\/types\/product"}],"version-history":[{"count":15,"href":"https:\/\/staging.genekas24.ee\/en\/wp-json\/wp\/v2\/product\/4843\/revisions"}],"predecessor-version":[{"id":21170,"href":"https:\/\/staging.genekas24.ee\/en\/wp-json\/wp\/v2\/product\/4843\/revisions\/21170"}],"wp:featuredmedia":[{"embeddable":true,"href":"https:\/\/staging.genekas24.ee\/en\/wp-json\/wp\/v2\/media\/17675"}],"wp:attachment":[{"href":"https:\/\/staging.genekas24.ee\/en\/wp-json\/wp\/v2\/media?parent=4843"}],"wp:term":[{"taxonomy":"product_brand","embeddable":true,"href":"https:\/\/staging.genekas24.ee\/en\/wp-json\/wp\/v2\/product_brand?post=4843"},{"taxonomy":"product_cat","embeddable":true,"href":"https:\/\/staging.genekas24.ee\/en\/wp-json\/wp\/v2\/product_cat?post=4843"},{"taxonomy":"product_tag","embeddable":true,"href":"https:\/\/staging.genekas24.ee\/en\/wp-json\/wp\/v2\/product_tag?post=4843"}],"curies":[{"name":"wp","href":"https:\/\/api.w.org\/{rel}","templated":true}]}}