{"id":4814,"date":"2022-06-24T08:03:47","date_gmt":"2022-06-24T08:03:47","guid":{"rendered":"https:\/\/staging.genekas24.ee\/?post_type=product&#038;p=4814"},"modified":"2025-12-22T15:29:48","modified_gmt":"2025-12-22T15:29:48","slug":"invertergeneraator-ks-8100ie-atsr","status":"publish","type":"product","link":"https:\/\/staging.genekas24.ee\/en\/product\/inverter-generator-ks-8100ie-atsr\/","title":{"rendered":"Inverter generator KS 8100iE ATSR"},"content":{"rendered":"<p>Inverter gasoline powered generators are a user-friendly portable source of energy. The range of inverter generators features models with a power range from 1.8 to 8.0 kW. Double conversion of electric energy provides the pure sine wave and frequency of 50 Hz, which ensures reliable operation of sensitive and high-precision electronics.<\/p>\n<p>All models are based on robust engines, which meet all European quality standards, including EURO V. Engines of K&amp;S inverter generators have an Economy mode, which allows using the generator at low speeds and reduces fuel consumption by up to 50%.<\/p>\n<p>&nbsp;<\/p>\n<table>\n<tbody>\n<tr class=\"even\">\n<td><img fetchpriority=\"high\" decoding=\"async\" class=\"alignnone size-medium wp-image-2888\" src=\"https:\/\/staging.genekas24.ee\/wp-content\/uploads\/2021\/12\/Pure-sine-wave-300x237.jpg\" alt=\"\" width=\"300\" height=\"237\" \/><\/td>\n<td><strong>PURE SINE WAVE<\/strong><\/p>\n<p>The built-in electronic unit with microprocessor control monitors the operation of the generator and provides a stable output voltage of 230V 50Hz sinusoidal form, which is suitable for the reliable operation of sensitive electronics.<\/td>\n<\/tr>\n<tr class=\"odd\">\n<td><img decoding=\"async\" class=\"alignnone size-medium wp-image-2894\" src=\"https:\/\/staging.genekas24.ee\/wp-content\/uploads\/2021\/12\/robust-engine-300x300.png\" alt=\"\" width=\"300\" height=\"300\" \/><\/td>\n<td><strong>ROBUST ENGINE<\/strong><\/p>\n<p>The K\u00f6nner &amp; S\u00f6hnen reliable engine is characterized by increased durability, long and stable operation, and meets all European quality standards, including EURO V.<\/td>\n<\/tr>\n<tr class=\"even\">\n<td><img decoding=\"async\" class=\"alignnone size-medium wp-image-3234\" src=\"https:\/\/staging.genekas24.ee\/wp-content\/uploads\/2022\/02\/3in1-easy-start-274x300.jpg\" alt=\"\" width=\"274\" height=\"300\" \/><\/td>\n<td><strong>3-IN-1 EASY ENGINE START<\/strong><\/p>\n<p>3-in-1 universal engine switch for the easiest and most convenient start of the generator combines the functions of a fuel valve, an air choke and an electric engine start.<\/td>\n<\/tr>\n<tr class=\"even\">\n<td><img loading=\"lazy\" decoding=\"async\" class=\"alignnone size-medium wp-image-3719\" src=\"https:\/\/staging.genekas24.ee\/wp-content\/uploads\/2022\/12\/eco_mode_8000.jpg\" alt=\"\" width=\"292\" height=\"300\" \/><\/td>\n<td><strong>ECONOMY MODE<\/strong><\/p>\n<p>The ergonomic control panel is equipped with a fuel economy mode switch. This mode reduces fuel consumption by up to 50% at small loads due to lower engine revolutions.<\/td>\n<\/tr>\n<tr class=\"even\">\n<td><img loading=\"lazy\" decoding=\"async\" class=\"alignnone size-medium wp-image-3725\" src=\"https:\/\/staging.genekas24.ee\/wp-content\/uploads\/2022\/02\/automatic-transfer-swithc-300x300.png\" alt=\"\" width=\"300\" height=\"300\" \/><\/td>\n<td><strong>AUTOMATIC TRANSFER SWITCH<\/strong><\/p>\n<p>The ATS (Automatic Transfer Switch) unit automatically starts the generator and transfers load to it when the main power supply is disconnected and automatically stops the generator when the central power supply is restored. The ATS outlet has an 8-pin connector for connecting the ATS device KS ATS 4\/25 gasoline.<\/td>\n<\/tr>\n<tr class=\"odd\">\n<td><img loading=\"lazy\" decoding=\"async\" class=\"alignnone size-medium wp-image-3731\" src=\"https:\/\/staging.genekas24.ee\/wp-content\/uploads\/2022\/02\/economy-mode-300x300.png\" alt=\"\" width=\"300\" height=\"300\" \/><\/td>\n<td><strong>ERGONOMIC CONTROL PANEL<\/strong><\/p>\n<p>Convenient location of all functions: multifunction LED display (hour meter, frequency, voltage), working mode indicator, overload and short circuit protection, low oil level sensor, Reset button to reset the control system and restore voltage supply, two USB outputs (5V\/1A, 5V\/2.1A), typical 12 V car socket for a wide range of car devices, gadgets and battery charging, 230 V sockets and grounding terminal.<\/td>\n<\/tr>\n<tr class=\"odd\">\n<td><img loading=\"lazy\" decoding=\"async\" class=\"alignnone size-medium wp-image-2919\" src=\"https:\/\/staging.genekas24.ee\/wp-content\/uploads\/2022\/12\/alternator-inverter.png\" alt=\"\" width=\"300\" height=\"260\" \/><\/td>\n<td><strong>HIGH QUALITY ALTERNATOR<\/strong><\/p>\n<p>TM K\u00f6nner &amp; S\u00f6hnen generators are equipped with a high-end synchronous alternator with 100% copper winding. It is only the copper winding that can withstand maximum loads without any damage to ensure long-term reliable operation of the generator set.<\/td>\n<\/tr>\n<tr class=\"odd\">\n<td><img loading=\"lazy\" decoding=\"async\" class=\"alignnone size-medium wp-image-3246\" src=\"https:\/\/staging.genekas24.ee\/wp-content\/uploads\/2022\/02\/Transportation-kit-300x300.png\" alt=\"\" width=\"300\" height=\"300\" \/><\/td>\n<td><strong>TRANSPORT KIT<\/strong><\/p>\n<p>K\u00f6nner &amp; S\u00f6hnen Inverter generators are equipped with a transport system for easy movement. Two wheels and a handle that lifts when the generator is moved ensure comfortable transportation and mobility.<\/td>\n<\/tr>\n<tr class=\"odd\">\n<td><img loading=\"lazy\" decoding=\"async\" class=\"alignnone size-medium wp-image-3245\" src=\"https:\/\/staging.genekas24.ee\/wp-content\/uploads\/2022\/12\/ks-8100ie-atsr_kit.jpg\" alt=\"\" width=\"300\" height=\"300\" \/><\/td>\n<td><strong>ADDITIONAL ACCESSORIES<\/strong><\/p>\n<p>Generator is equipped with additional accessories: screw-driver, candle key.<\/td>\n<\/tr>\n<\/tbody>\n<\/table>\n<p><em><span style=\"font-size: 14px;\">***Fuel consumption depends on many factors: load, fuel quality, season, altitude and generator technical condition.<\/span><\/em><\/p>","protected":false},"excerpt":{"rendered":"<table>\n<tbody>\n<tr class=\"even\">\n<td width=\"60%\">Voltage<\/td>\n<td>230<\/td>\n<\/tr>\n<tr class=\"odd\">\n<td>\n<div class=\"col-xs-6\">Max power, kW<\/div>\n<\/td>\n<td>8.0<\/td>\n<\/tr>\n<tr class=\"even\">\n<td>\n<div class=\"col-xs-6\">Nominal power, kW<\/div>\n<\/td>\n<td>7.2<\/td>\n<\/tr>\n<tr class=\"odd\">\n<td>\n<div class=\"col-xs-6\">Frequency, Hz<\/div>\n<\/td>\n<td>50<\/td>\n<\/tr>\n<tr class=\"even\">\n<td>\n<div class=\"col-xs-6\">Current (max), \u0410<\/div>\n<\/td>\n<td>34.8<\/td>\n<\/tr>\n<tr class=\"odd\">\n<td>Outlets<\/td>\n<td>\n<div class=\"attribute row\">\n<div class=\"col-xs-6\">1 x Schuko 230 V<br \/>\n1 x CEE 230 V 32 A<\/div>\n<\/div>\n<\/td>\n<\/tr>\n<tr class=\"even\">\n<td>\n<div class=\"col-xs-6\">Engine start<\/div>\n<\/td>\n<td>Electric<\/td>\n<\/tr>\n<tr class=\"odd\">\n<td>\n<div class=\"col-xs-6\">Fuel tank volume, l<\/div>\n<\/td>\n<td>20<\/td>\n<\/tr>\n<tr class=\"even\">\n<td>\n<div class=\"col-xs-6\">Avg. working time (power 50%), h***<\/div>\n<\/td>\n<td>7.1<\/td>\n<\/tr>\n<tr class=\"odd\">\n<td>\n<div class=\"col-xs-6\">LED display<\/div>\n<\/td>\n<td>\n<div class=\"attribute row\">\n<div class=\"col-xs-6\">Voltage, frequency, working hours<\/div>\n<\/div>\n<\/td>\n<\/tr>\n<tr class=\"even\">\n<td>\n<div class=\"col-xs-6\">Noise level Lpa (7m)\/Lwa, dB<\/div>\n<\/td>\n<td>\n<div class=\"attribute row\">\n<div class=\"col-xs-6\">70\/95<\/div>\n<\/div>\n<\/td>\n<\/tr>\n<tr class=\"odd\">\n<td>\n<div class=\"col-xs-6\">Power output DC, V\/\u0410<\/div>\n<\/td>\n<td>\n<div class=\"attribute row\">\n<div class=\"col-xs-6\">12V\/8.3A<\/div>\n<\/div>\n<\/td>\n<\/tr>\n<tr class=\"even\">\n<td>\n<div class=\"col-xs-6\">USB-Outputs<\/div>\n<\/td>\n<td>\n<div class=\"attribute row\">\n<div class=\"col-xs-6\">5V\/1A, 5V\/2.1A<\/div>\n<\/div>\n<\/td>\n<\/tr>\n<tr class=\"odd\">\n<td>\n<div class=\"col-xs-6\">Engine model<\/div>\n<\/td>\n<td>\n<div class=\"attribute row\">\n<div class=\"col-xs-6\">KS 480i<\/div>\n<\/div>\n<\/td>\n<\/tr>\n<tr class=\"even\">\n<td>\n<div class=\"col-xs-6\">Engine cylinder volume, cm3<\/div>\n<\/td>\n<td>458<\/td>\n<\/tr>\n<tr class=\"odd\">\n<td>\n<div class=\"col-xs-6\">Engine type<\/div>\n<\/td>\n<td>\n<div class=\"attribute row\">\n<div class=\"col-xs-6\">Gasoline powered one-cylinder, four-stroke air-cooled<\/div>\n<\/div>\n<\/td>\n<\/tr>\n<tr class=\"even\">\n<td>\n<div class=\"col-xs-6\">Engine power, hp<\/div>\n<\/td>\n<td>16<\/td>\n<\/tr>\n<tr class=\"odd\">\n<td>\n<div class=\"col-xs-6\">Possibility of parallel connection<\/div>\n<\/td>\n<td>&#8211;<\/td>\n<\/tr>\n<tr class=\"even\">\n<td>\n<div class=\"col-xs-6\">Output for ATS<\/div>\n<\/td>\n<td>+<\/td>\n<\/tr>\n<tr class=\"odd\">\n<td>\n<div class=\"col-xs-6\">Crank case volume, L<\/div>\n<\/td>\n<td>\n<div class=\"attribute row\">\n<div class=\"col-xs-6\">1.1<\/div>\n<\/div>\n<\/td>\n<\/tr>\n<tr class=\"even\">\n<td>\n<div class=\"col-xs-6\">Accumulator, A\u00b7h<\/div>\n<\/td>\n<td>\n<div class=\"attribute row\">\n<div class=\"col-xs-6\">1.6<\/div>\n<\/div>\n<\/td>\n<\/tr>\n<tr class=\"odd\">\n<td>\n<div class=\"col-xs-6\">Protection class<\/div>\n<\/td>\n<td>\n<div class=\"attribute row\">\n<div class=\"col-xs-6\">IP23M<\/div>\n<\/div>\n<\/td>\n<\/tr>\n<tr>\n<td>Net dimensions (LxWxH), mm<\/td>\n<td>600\u0445510\u0445560<\/td>\n<\/tr>\n<tr>\n<td>Gross dimensions (LxWxH), mm<\/td>\n<td>725\u0445505\u0445555<\/td>\n<\/tr>\n<tr>\n<td>Net weight, kg<\/td>\n<td>68<\/td>\n<\/tr>\n<tr>\n<td>Gross weight, kg<\/td>\n<td>71<\/td>\n<\/tr>\n<tr class=\"even\">\n<td>EAN code<\/td>\n<td>4260405364725<\/td>\n<\/tr>\n<\/tbody>\n<\/table>\n<p>*** Fuel consumption depends on many factors, such as load, fuel quality, season, altitude, technical condition of the generator.<\/p>\n<p>Assembled in PRC.<\/p>","protected":false},"featured_media":17676,"template":"","meta":{"_acf_changed":false,"inline_featured_image":false},"product_brand":[],"product_cat":[179,94,23],"product_tag":[],"class_list":{"0":"post-4814","1":"product","2":"type-product","3":"status-publish","4":"has-post-thumbnail","6":"product_cat-allahinnatud","7":"product_cat-generaatorid","8":"product_cat-invertergeneraatorid","9":"product_shipping_class-poolalus","10":"brand-konner-sohnen","12":"first","13":"onbackorder","14":"sale","15":"taxable","16":"shipping-taxable","17":"purchasable","18":"product-type-simple"},"acf":[],"yoast_head":"<!-- This site is optimized with the Yoast SEO plugin v26.2 - https:\/\/yoast.com\/wordpress\/plugins\/seo\/ -->\n<title>Invertergeneraator KS 8100iE ATSR - Genekas24<\/title>\n<meta name=\"robots\" content=\"index, follow, max-snippet:-1, max-image-preview:large, max-video-preview:-1\" \/>\n<link rel=\"canonical\" href=\"https:\/\/staging.genekas24.ee\/en\/product\/inverter-generator-ks-8100ie-atsr\/\" \/>\n<meta property=\"og:locale\" content=\"en_GB\" \/>\n<meta property=\"og:type\" content=\"article\" \/>\n<meta property=\"og:title\" content=\"Invertergeneraator KS 8100iE ATSR - Genekas24\" \/>\n<meta property=\"og:description\" content=\"Pinge 230    Max v\u00f5imsus, kW 8.0    Nominaalne v\u00f5imsus, kW 7.2    Sagedus, Hz 50    Vool (max), \u0410 34.8   Pistikupesad   1 x Schuko 230 V 1 x CEE 230 V 32 A     Mootori k\u00e4ivitamine Electric    K\u00fctusepaagi maht, l 20    Keskmine t\u00f6\u00f6aeg (power 50%), h*** 7.1    LED-ekraan   Pinge, sagedus, t\u00f6\u00f6aeg     M\u00fcratase Lpa (7m)\/Lwa, dB   70\/95     V\u00f5imsus DC, V\/\u0410   12V\/8.3A     USB-v\u00e4ljund   5V\/1A, 5V\/2.1A     Mootori mudel   KS 480i     Mootori silindri t\u00f6\u00f6maht, cm3 458    Mootori t\u00fc\u00fcp   Bensiinimootoriga \u00fchesilindriline, neljataktiline \u00f5hkjahutusega     Mootori v\u00f5imsus, hp 16    Paralleel\u00fchenduse v\u00f5imalus -    ATS v\u00e4ljund +    Karteri maht, l   1.1     Aku, A\u00b7h   1.6     Kaitseklass   IP23M    Neto m\u00f5\u00f5dud (PxLxK), mm 600\u0445510\u0445560   Bruto m\u00f5\u00f5dud (PxLxK), mm 725\u0445505\u0445555   Netokaal, kg 68   Brutokaal, kg 71   EAN kood 4260405364725    *** K\u00fctusekulu s\u00f5ltub paljudest teguritest: nagu koormus, k\u00fctuse kvaliteet, aastaaeg, k\u00f5rgus merepinnast, generaatori tehniline seisukord.  Kokku pandud HRV-s.\" \/>\n<meta property=\"og:url\" content=\"https:\/\/staging.genekas24.ee\/en\/product\/inverter-generator-ks-8100ie-atsr\/\" \/>\n<meta property=\"og:site_name\" content=\"Genekas24\" \/>\n<meta property=\"article:modified_time\" content=\"2025-12-22T15:29:48+00:00\" \/>\n<meta property=\"og:image\" content=\"https:\/\/staging.genekas24.ee\/wp-content\/uploads\/2022\/06\/KS-8100iE-ATSR.png\" \/>\n\t<meta property=\"og:image:width\" content=\"600\" \/>\n\t<meta property=\"og:image:height\" content=\"400\" \/>\n\t<meta property=\"og:image:type\" content=\"image\/png\" \/>\n<meta name=\"twitter:card\" content=\"summary_large_image\" \/>\n<meta name=\"twitter:label1\" content=\"Estimated reading time\" \/>\n\t<meta name=\"twitter:data1\" content=\"4 minutes\" \/>\n<script type=\"application\/ld+json\" class=\"yoast-schema-graph\">{\"@context\":\"https:\/\/schema.org\",\"@graph\":[{\"@type\":\"WebPage\",\"@id\":\"https:\/\/staging.genekas24.ee\/toode\/invertergeneraator-ks-8100ie-atsr\/\",\"url\":\"https:\/\/staging.genekas24.ee\/toode\/invertergeneraator-ks-8100ie-atsr\/\",\"name\":\"Invertergeneraator KS 8100iE ATSR - Genekas24\",\"isPartOf\":{\"@id\":\"https:\/\/staging.genekas24.ee\/#website\"},\"primaryImageOfPage\":{\"@id\":\"https:\/\/staging.genekas24.ee\/toode\/invertergeneraator-ks-8100ie-atsr\/#primaryimage\"},\"image\":{\"@id\":\"https:\/\/staging.genekas24.ee\/toode\/invertergeneraator-ks-8100ie-atsr\/#primaryimage\"},\"thumbnailUrl\":\"https:\/\/staging.genekas24.ee\/wp-content\/uploads\/2022\/06\/KS-8100iE-ATSR.png\",\"datePublished\":\"2022-06-24T08:03:47+00:00\",\"dateModified\":\"2025-12-22T15:29:48+00:00\",\"breadcrumb\":{\"@id\":\"https:\/\/staging.genekas24.ee\/toode\/invertergeneraator-ks-8100ie-atsr\/#breadcrumb\"},\"inLanguage\":\"en-GB\",\"potentialAction\":[{\"@type\":\"ReadAction\",\"target\":[\"https:\/\/staging.genekas24.ee\/toode\/invertergeneraator-ks-8100ie-atsr\/\"]}]},{\"@type\":\"ImageObject\",\"inLanguage\":\"en-GB\",\"@id\":\"https:\/\/staging.genekas24.ee\/toode\/invertergeneraator-ks-8100ie-atsr\/#primaryimage\",\"url\":\"https:\/\/staging.genekas24.ee\/wp-content\/uploads\/2022\/06\/KS-8100iE-ATSR.png\",\"contentUrl\":\"https:\/\/staging.genekas24.ee\/wp-content\/uploads\/2022\/06\/KS-8100iE-ATSR.png\",\"width\":600,\"height\":400},{\"@type\":\"BreadcrumbList\",\"@id\":\"https:\/\/staging.genekas24.ee\/toode\/invertergeneraator-ks-8100ie-atsr\/#breadcrumb\",\"itemListElement\":[{\"@type\":\"ListItem\",\"position\":1,\"name\":\"Home\",\"item\":\"https:\/\/staging.genekas24.ee\/\"},{\"@type\":\"ListItem\",\"position\":2,\"name\":\"Pood\",\"item\":\"https:\/\/staging.genekas24.ee\/pood\/\"},{\"@type\":\"ListItem\",\"position\":3,\"name\":\"Invertergeneraator KS 8100iE ATSR\"}]},{\"@type\":\"WebSite\",\"@id\":\"https:\/\/staging.genekas24.ee\/#website\",\"url\":\"https:\/\/staging.genekas24.ee\/\",\"name\":\"Genekas24\",\"description\":\"Generaatorid | K&ouml;nner S&ouml;hnen tooted | Genekas24\",\"publisher\":{\"@id\":\"https:\/\/staging.genekas24.ee\/#organization\"},\"potentialAction\":[{\"@type\":\"SearchAction\",\"target\":{\"@type\":\"EntryPoint\",\"urlTemplate\":\"https:\/\/staging.genekas24.ee\/?s={search_term_string}\"},\"query-input\":{\"@type\":\"PropertyValueSpecification\",\"valueRequired\":true,\"valueName\":\"search_term_string\"}}],\"inLanguage\":\"en-GB\"},{\"@type\":\"Organization\",\"@id\":\"https:\/\/staging.genekas24.ee\/#organization\",\"name\":\"Genekas24\",\"url\":\"https:\/\/staging.genekas24.ee\/\",\"logo\":{\"@type\":\"ImageObject\",\"inLanguage\":\"en-GB\",\"@id\":\"https:\/\/staging.genekas24.ee\/#\/schema\/logo\/image\/\",\"url\":\"https:\/\/staging.genekas24.ee\/wp-content\/uploads\/2026\/01\/genekas24-logo_black.svg\",\"contentUrl\":\"https:\/\/staging.genekas24.ee\/wp-content\/uploads\/2026\/01\/genekas24-logo_black.svg\",\"width\":840,\"height\":131,\"caption\":\"Genekas24\"},\"image\":{\"@id\":\"https:\/\/staging.genekas24.ee\/#\/schema\/logo\/image\/\"}}]}<\/script>\n<!-- \/ Yoast SEO plugin. -->","yoast_head_json":{"title":"Invertergeneraator KS 8100iE ATSR - Genekas24","robots":{"index":"index","follow":"follow","max-snippet":"max-snippet:-1","max-image-preview":"max-image-preview:large","max-video-preview":"max-video-preview:-1"},"canonical":"https:\/\/staging.genekas24.ee\/en\/product\/inverter-generator-ks-8100ie-atsr\/","og_locale":"en_GB","og_type":"article","og_title":"Invertergeneraator KS 8100iE ATSR - Genekas24","og_description":"Pinge 230    Max v\u00f5imsus, kW 8.0    Nominaalne v\u00f5imsus, kW 7.2    Sagedus, Hz 50    Vool (max), \u0410 34.8   Pistikupesad   1 x Schuko 230 V 1 x CEE 230 V 32 A     Mootori k\u00e4ivitamine Electric    K\u00fctusepaagi maht, l 20    Keskmine t\u00f6\u00f6aeg (power 50%), h*** 7.1    LED-ekraan   Pinge, sagedus, t\u00f6\u00f6aeg     M\u00fcratase Lpa (7m)\/Lwa, dB   70\/95     V\u00f5imsus DC, V\/\u0410   12V\/8.3A     USB-v\u00e4ljund   5V\/1A, 5V\/2.1A     Mootori mudel   KS 480i     Mootori silindri t\u00f6\u00f6maht, cm3 458    Mootori t\u00fc\u00fcp   Bensiinimootoriga \u00fchesilindriline, neljataktiline \u00f5hkjahutusega     Mootori v\u00f5imsus, hp 16    Paralleel\u00fchenduse v\u00f5imalus -    ATS v\u00e4ljund +    Karteri maht, l   1.1     Aku, A\u00b7h   1.6     Kaitseklass   IP23M    Neto m\u00f5\u00f5dud (PxLxK), mm 600\u0445510\u0445560   Bruto m\u00f5\u00f5dud (PxLxK), mm 725\u0445505\u0445555   Netokaal, kg 68   Brutokaal, kg 71   EAN kood 4260405364725    *** K\u00fctusekulu s\u00f5ltub paljudest teguritest: nagu koormus, k\u00fctuse kvaliteet, aastaaeg, k\u00f5rgus merepinnast, generaatori tehniline seisukord.  Kokku pandud HRV-s.","og_url":"https:\/\/staging.genekas24.ee\/en\/product\/inverter-generator-ks-8100ie-atsr\/","og_site_name":"Genekas24","article_modified_time":"2025-12-22T15:29:48+00:00","og_image":[{"width":600,"height":400,"url":"https:\/\/staging.genekas24.ee\/wp-content\/uploads\/2022\/06\/KS-8100iE-ATSR.png","type":"image\/png"}],"twitter_card":"summary_large_image","twitter_misc":{"Estimated reading time":"4 minutes"},"schema":{"@context":"https:\/\/schema.org","@graph":[{"@type":"WebPage","@id":"https:\/\/staging.genekas24.ee\/toode\/invertergeneraator-ks-8100ie-atsr\/","url":"https:\/\/staging.genekas24.ee\/toode\/invertergeneraator-ks-8100ie-atsr\/","name":"Invertergeneraator KS 8100iE ATSR - Genekas24","isPartOf":{"@id":"https:\/\/staging.genekas24.ee\/#website"},"primaryImageOfPage":{"@id":"https:\/\/staging.genekas24.ee\/toode\/invertergeneraator-ks-8100ie-atsr\/#primaryimage"},"image":{"@id":"https:\/\/staging.genekas24.ee\/toode\/invertergeneraator-ks-8100ie-atsr\/#primaryimage"},"thumbnailUrl":"https:\/\/staging.genekas24.ee\/wp-content\/uploads\/2022\/06\/KS-8100iE-ATSR.png","datePublished":"2022-06-24T08:03:47+00:00","dateModified":"2025-12-22T15:29:48+00:00","breadcrumb":{"@id":"https:\/\/staging.genekas24.ee\/toode\/invertergeneraator-ks-8100ie-atsr\/#breadcrumb"},"inLanguage":"en-GB","potentialAction":[{"@type":"ReadAction","target":["https:\/\/staging.genekas24.ee\/toode\/invertergeneraator-ks-8100ie-atsr\/"]}]},{"@type":"ImageObject","inLanguage":"en-GB","@id":"https:\/\/staging.genekas24.ee\/toode\/invertergeneraator-ks-8100ie-atsr\/#primaryimage","url":"https:\/\/staging.genekas24.ee\/wp-content\/uploads\/2022\/06\/KS-8100iE-ATSR.png","contentUrl":"https:\/\/staging.genekas24.ee\/wp-content\/uploads\/2022\/06\/KS-8100iE-ATSR.png","width":600,"height":400},{"@type":"BreadcrumbList","@id":"https:\/\/staging.genekas24.ee\/toode\/invertergeneraator-ks-8100ie-atsr\/#breadcrumb","itemListElement":[{"@type":"ListItem","position":1,"name":"Home","item":"https:\/\/staging.genekas24.ee\/"},{"@type":"ListItem","position":2,"name":"Pood","item":"https:\/\/staging.genekas24.ee\/pood\/"},{"@type":"ListItem","position":3,"name":"Invertergeneraator KS 8100iE ATSR"}]},{"@type":"WebSite","@id":"https:\/\/staging.genekas24.ee\/#website","url":"https:\/\/staging.genekas24.ee\/","name":"Genekas24","description":"Generaatorid | K&ouml;nner S&ouml;hnen tooted | Genekas24","publisher":{"@id":"https:\/\/staging.genekas24.ee\/#organization"},"potentialAction":[{"@type":"SearchAction","target":{"@type":"EntryPoint","urlTemplate":"https:\/\/staging.genekas24.ee\/?s={search_term_string}"},"query-input":{"@type":"PropertyValueSpecification","valueRequired":true,"valueName":"search_term_string"}}],"inLanguage":"en-GB"},{"@type":"Organization","@id":"https:\/\/staging.genekas24.ee\/#organization","name":"Genekas24","url":"https:\/\/staging.genekas24.ee\/","logo":{"@type":"ImageObject","inLanguage":"en-GB","@id":"https:\/\/staging.genekas24.ee\/#\/schema\/logo\/image\/","url":"https:\/\/staging.genekas24.ee\/wp-content\/uploads\/2026\/01\/genekas24-logo_black.svg","contentUrl":"https:\/\/staging.genekas24.ee\/wp-content\/uploads\/2026\/01\/genekas24-logo_black.svg","width":840,"height":131,"caption":"Genekas24"},"image":{"@id":"https:\/\/staging.genekas24.ee\/#\/schema\/logo\/image\/"}}]}},"_links":{"self":[{"href":"https:\/\/staging.genekas24.ee\/en\/wp-json\/wp\/v2\/product\/4814","targetHints":{"allow":["GET"]}}],"collection":[{"href":"https:\/\/staging.genekas24.ee\/en\/wp-json\/wp\/v2\/product"}],"about":[{"href":"https:\/\/staging.genekas24.ee\/en\/wp-json\/wp\/v2\/types\/product"}],"version-history":[{"count":15,"href":"https:\/\/staging.genekas24.ee\/en\/wp-json\/wp\/v2\/product\/4814\/revisions"}],"predecessor-version":[{"id":19223,"href":"https:\/\/staging.genekas24.ee\/en\/wp-json\/wp\/v2\/product\/4814\/revisions\/19223"}],"wp:featuredmedia":[{"embeddable":true,"href":"https:\/\/staging.genekas24.ee\/en\/wp-json\/wp\/v2\/media\/17676"}],"wp:attachment":[{"href":"https:\/\/staging.genekas24.ee\/en\/wp-json\/wp\/v2\/media?parent=4814"}],"wp:term":[{"taxonomy":"product_brand","embeddable":true,"href":"https:\/\/staging.genekas24.ee\/en\/wp-json\/wp\/v2\/product_brand?post=4814"},{"taxonomy":"product_cat","embeddable":true,"href":"https:\/\/staging.genekas24.ee\/en\/wp-json\/wp\/v2\/product_cat?post=4814"},{"taxonomy":"product_tag","embeddable":true,"href":"https:\/\/staging.genekas24.ee\/en\/wp-json\/wp\/v2\/product_tag?post=4814"}],"curies":[{"name":"wp","href":"https:\/\/api.w.org\/{rel}","templated":true}]}}