{"id":4705,"date":"2022-06-23T21:06:15","date_gmt":"2022-06-23T21:06:15","guid":{"rendered":"https:\/\/staging.genekas24.ee\/?post_type=product&#038;p=4705"},"modified":"2025-12-31T08:52:08","modified_gmt":"2025-12-31T08:52:08","slug":"diiselgeneraator-ks-9200hdes-1-3atsr-euro-v","status":"publish","type":"product","link":"https:\/\/staging.genekas24.ee\/en\/product\/diesel-generator-ks-9200hdes-1-3-atsr-euro-v\/","title":{"rendered":"Diesel generator KS 9200HDES-1\/3 ATSR (EURO V)"},"content":{"rendered":"<p>&nbsp;<\/p>\n<table>\n<tbody>\n<tr class=\"even\">\n<td><img fetchpriority=\"high\" decoding=\"async\" class=\"alignnone size-medium wp-image-2723\" src=\"https:\/\/staging.genekas24.ee\/wp-content\/uploads\/2022\/06\/Branded-engines-300x300.jpg\" alt=\"\" width=\"300\" height=\"300\" \/><\/td>\n<td><strong>K\u00d6NNER &amp; S\u00d6HNEN ENGINES<\/strong><\/p>\n<p>Engines for both diesel and gasoline generators are manufactured under the license of DIMAX Int. GmbH and are marked with K&amp;S logo. High power of engines in relation to the alternator allows to receive the declared power output and maintain stable work at any load. All engines are tested for continuous operation, and then disassembled and examined for trouble-shooting purposes. Each engine and each generator have an individual serial number, which allows us to control the quality of production and service. The engines meet all European quality standards, including the latest EURO V emission standards.<\/td>\n<\/tr>\n<tr class=\"odd\">\n<td><img decoding=\"async\" class=\"alignnone size-medium wp-image-4617\" src=\"https:\/\/staging.genekas24.ee\/wp-content\/uploads\/2022\/01\/VTS-SYSTEM-300x300.jpg\" alt=\"\" width=\"300\" height=\"300\" \/><\/td>\n<td><strong>VTS SYSTEM<\/strong><\/p>\n<p>Universal generators 2 in 1 with a unique phase switching system VTS (Voltage Transfer Switch), which allows you to use one generator as a single-phase (230V) and three-phase (400V) with almost no loss of power. Each mode has its own automatic protection. No need to buy two separate generators.<\/td>\n<\/tr>\n<tr class=\"odd\">\n<td><img decoding=\"async\" class=\"alignnone size-medium wp-image-2729\" src=\"https:\/\/staging.genekas24.ee\/wp-content\/uploads\/2022\/12\/diesel-ats-4-63-macro.jpg\" alt=\"\" width=\"300\" height=\"300\" \/><\/td>\n<td><strong>AUTOMATIC TRANSFER SWITCH<\/strong> (<a href=\"https:\/\/staging.genekas24.ee\/en\/product\/automatic-transfer-switch-ks-ats-4-63hd\/\" target=\"_blank\" rel=\"noopener\">ATS 4\/63HD<\/a>)<\/p>\n<p>The ATS (Automatic Transfer Switch) unit automatically starts the generator and transfers load to it when the main power supply is disconnected and automatically stops the generator when the central power supply is restored.<\/td>\n<\/tr>\n<tr class=\"odd\">\n<td><img loading=\"lazy\" decoding=\"async\" class=\"alignnone size-medium wp-image-4623\" src=\"https:\/\/staging.genekas24.ee\/wp-content\/uploads\/2022\/12\/8200HDES-1_3_ATSR_screen.jpg\" alt=\"\" width=\"300\" height=\"227\" \/><\/td>\n<td><strong>PREHEATER<\/strong><\/p>\n<p>Diesel generators series \u201cHEAVY DUTY\u201d are equipped with a pre-start heating function, which allows you to run the generator in the winter without much effort.<\/td>\n<\/tr>\n<tr class=\"odd\">\n<td><img loading=\"lazy\" decoding=\"async\" class=\"alignnone wp-image-4629 size-medium\" src=\"https:\/\/staging.genekas24.ee\/wp-content\/uploads\/2022\/12\/gehause.jpg\" alt=\"\" width=\"300\" height=\"237\" \/><\/td>\n<td><strong>HOUSING<\/strong><\/p>\n<p>All-season, noise-absorbing, vandal-proof casing provides effective protection of the generator and prolongs its service life. The casing is equipped with handles and transport wheels for easy movement.<\/td>\n<\/tr>\n<tr class=\"even\">\n<td><img loading=\"lazy\" decoding=\"async\" class=\"alignnone size-medium wp-image-2799\" src=\"https:\/\/staging.genekas24.ee\/wp-content\/uploads\/2022\/12\/diesel-transport-wheels.jpg\" alt=\"\" width=\"300\" height=\"225\" \/><\/td>\n<td><strong>TRANSPORT WHEELS<\/strong><\/p>\n<p>The generator housing is equipped with a 4-wheel transport set for easy movement of the unit.<\/td>\n<\/tr>\n<\/tbody>\n<\/table>\n<p><em><span style=\"font-size: 14px;\">***Fuel consumption depends on many factors: load, fuel quality, season, altitude and generator technical condition.<\/span><\/em><\/p>\n<p>Assembled in PRC.<\/p>","protected":false},"excerpt":{"rendered":"<table>\n<tbody>\n<tr class=\"even\">\n<td width=\"60%\">Voltage<\/td>\n<td>\n<div class=\"attribute row\">\n<div class=\"col-xs-6\">230\/400<\/div>\n<\/div>\n<\/td>\n<\/tr>\n<tr class=\"odd\">\n<td>\n<div class=\"col-xs-6\">Max\/Nominal power (230V), kW<\/div>\n<\/td>\n<td>\n<div class=\"attribute row\">\n<div class=\"col-xs-6\">6.5\/6.0<\/div>\n<\/div>\n<\/td>\n<\/tr>\n<tr class=\"even\">\n<td>\n<div class=\"col-xs-6\">Max\/Nominaalne v\u00f5imsus (400V), kW<\/div>\n<\/td>\n<td>\n<div class=\"attribute row\">\n<div class=\"col-xs-6\">7.5\/7.0<\/div>\n<\/div>\n<\/td>\n<\/tr>\n<tr class=\"odd\">\n<td>\n<div class=\"col-xs-6\">Frequency, Hz<\/div>\n<\/td>\n<td>50<\/td>\n<\/tr>\n<tr class=\"even\">\n<td>\n<div class=\"col-xs-6\">Current (max) 230\/400 V, A<\/div>\n<\/td>\n<td>\n<div class=\"attribute row\">\n<div class=\"col-xs-6\">28.26\/13.54<\/div>\n<\/div>\n<\/td>\n<\/tr>\n<tr class=\"odd\">\n<td>Outlets<\/td>\n<td>\n<div class=\"attribute row\">\n<div class=\"col-xs-6\">1 x CEE 230 V 32 A<br \/>\n1 x CEE 400 V 16 A<\/div>\n<\/div>\n<\/td>\n<\/tr>\n<tr class=\"even\">\n<td>\n<div class=\"col-xs-6\">Avg. working time (power 50%), h***<\/div>\n<\/td>\n<td>11.1<\/td>\n<\/tr>\n<tr class=\"odd\">\n<td>\n<div class=\"col-xs-6\">LED display<\/div>\n<\/td>\n<td>\n<div class=\"attribute row\">\n<div class=\"col-xs-6\">Voltage, frequency, working hours<\/div>\n<\/div>\n<\/td>\n<\/tr>\n<tr class=\"even\">\n<td>\n<div class=\"col-xs-6\">Noise level Lpa (7m)\/Lwa, dB<\/div>\n<\/td>\n<td>\n<div class=\"attribute row\">\n<div class=\"col-xs-6\">69\/94<\/div>\n<\/div>\n<\/td>\n<\/tr>\n<tr class=\"odd\">\n<td>\n<div class=\"col-xs-6\">Power output DC, V\/\u0410<\/div>\n<\/td>\n<td>\n<div class=\"attribute row\">\n<div class=\"col-xs-6\">12\/8.3<\/div>\n<\/div>\n<\/td>\n<\/tr>\n<tr class=\"even\">\n<td>\n<div class=\"col-xs-6\">Engine type<\/div>\n<\/td>\n<td>\n<div class=\"attribute row\">\n<div class=\"col-xs-6\">Diesel powered one-cylinder, four-stroke air-cooled<\/div>\n<\/div>\n<\/td>\n<\/tr>\n<tr class=\"odd\">\n<td>\n<div class=\"col-xs-6\">Engine model<\/div>\n<\/td>\n<td>\n<div class=\"attribute row\">\n<div class=\"col-xs-6\">KS 520HD-V<\/div>\n<\/div>\n<\/td>\n<\/tr>\n<tr class=\"even\">\n<td>\n<div class=\"col-xs-6\">Engine power, hp\/kW<\/div>\n<\/td>\n<td>\n<div class=\"attribute row\">\n<div class=\"col-xs-6\">18.0\/13.24<\/div>\n<\/div>\n<\/td>\n<\/tr>\n<tr class=\"odd\">\n<td>Preheater<\/td>\n<td>+<\/td>\n<\/tr>\n<tr class=\"even\">\n<td>\n<div class=\"col-xs-6\">Fuel tank volume, l<\/div>\n<\/td>\n<td>20<\/td>\n<\/tr>\n<tr class=\"odd\">\n<td>\n<div class=\"col-xs-6\">Crank case volume, L<\/div>\n<\/td>\n<td>\n<div class=\"attribute row\">\n<div class=\"col-xs-6\">1.65<\/div>\n<\/div>\n<\/td>\n<\/tr>\n<tr class=\"even\">\n<td>\n<div class=\"col-xs-6\">Engine cylinder volume, cm3<\/div>\n<\/td>\n<td>498<\/td>\n<\/tr>\n<tr class=\"odd\">\n<td>\n<div class=\"col-xs-6\">Power output controller<\/div>\n<\/td>\n<td>\n<div class=\"attribute row\">\n<div class=\"col-xs-6\">Intelligent voltage stabilization system AVR<\/div>\n<\/div>\n<\/td>\n<\/tr>\n<tr class=\"even\">\n<td>\n<div class=\"col-xs-6\">Engine start<\/div>\n<\/td>\n<td>\n<div class=\"attribute row\">\n<div class=\"col-xs-6\">Electric<\/div>\n<\/div>\n<\/td>\n<\/tr>\n<tr class=\"odd\">\n<td>\n<div class=\"col-xs-6\">Accumulator, A\u00b7h<\/div>\n<\/td>\n<td>30<\/td>\n<\/tr>\n<tr class=\"even\">\n<td>\n<div class=\"col-xs-6\">Output for ATS<\/div>\n<\/td>\n<td>+<\/td>\n<\/tr>\n<tr>\n<td>Net dimensions (LxWxH), mm<\/td>\n<td>900x545x905<\/td>\n<\/tr>\n<tr>\n<td>Gross dimensions (LxWxH), mm<\/td>\n<td>960x570x985<\/td>\n<\/tr>\n<tr>\n<td>Net weight, kg<\/td>\n<td>168<\/td>\n<\/tr>\n<tr>\n<td>Gross weight, kg<\/td>\n<td>178<\/td>\n<\/tr>\n<tr>\n<td>Protection class<\/td>\n<td>IP23M<\/td>\n<\/tr>\n<tr>\n<td>EAN code<\/td>\n<td>4260405362363<\/td>\n<\/tr>\n<\/tbody>\n<\/table>\n<p>*** Fuel consumption depends on many factors, such as load, fuel quality, season, altitude, technical condition of the generator.<\/p>\n<p>Assembled in PRC.<\/p>","protected":false},"featured_media":17723,"template":"","meta":{"_acf_changed":false,"inline_featured_image":false},"product_brand":[],"product_cat":[179,22,94],"product_tag":[],"class_list":{"0":"post-4705","1":"product","2":"type-product","3":"status-publish","4":"has-post-thumbnail","6":"product_cat-allahinnatud","7":"product_cat-diiselgeneraatorid","8":"product_cat-generaatorid","9":"product_shipping_class-euroalus","10":"brand-konner-sohnen","12":"first","13":"onbackorder","14":"sale","15":"taxable","16":"shipping-taxable","17":"purchasable","18":"product-type-simple"},"acf":[],"yoast_head":"<!-- This site is optimized with the Yoast SEO plugin v26.2 - https:\/\/yoast.com\/wordpress\/plugins\/seo\/ -->\n<title>Diiselgeneraator KS 9200HDES-1\/3 ATSR (EURO V) \u2013 Genekas24<\/title>\n<meta name=\"description\" content=\"Osta Genekas24.ee-st diiselgeneraator KS 9200HDES-1\/3 ATSR (EURO V). 6,5 kW \/ 7,0 kW v\u00f5imsus, EURO V heitkoguste tase, vaikne t\u00f6\u00f6, usaldusv\u00e4\u00e4rne ja vastupidav.\" \/>\n<meta name=\"robots\" content=\"index, follow, max-snippet:-1, max-image-preview:large, max-video-preview:-1\" \/>\n<link rel=\"canonical\" href=\"https:\/\/staging.genekas24.ee\/en\/product\/diesel-generator-ks-9200hdes-1-3-atsr-euro-v\/\" \/>\n<meta property=\"og:locale\" content=\"en_GB\" \/>\n<meta property=\"og:type\" content=\"article\" \/>\n<meta property=\"og:title\" content=\"Diiselgeneraator KS 9200HDES-1\/3 ATSR (EURO V) \u2013 Genekas24\" \/>\n<meta property=\"og:description\" content=\"Osta Genekas24.ee-st diiselgeneraator KS 9200HDES-1\/3 ATSR (EURO V). 6,5 kW \/ 7,0 kW v\u00f5imsus, EURO V heitkoguste tase, vaikne t\u00f6\u00f6, usaldusv\u00e4\u00e4rne ja vastupidav.\" \/>\n<meta property=\"og:url\" content=\"https:\/\/staging.genekas24.ee\/en\/product\/diesel-generator-ks-9200hdes-1-3-atsr-euro-v\/\" \/>\n<meta property=\"og:site_name\" content=\"Genekas24\" \/>\n<meta property=\"article:modified_time\" content=\"2025-12-31T08:52:08+00:00\" \/>\n<meta property=\"og:image\" content=\"https:\/\/staging.genekas24.ee\/wp-content\/uploads\/2022\/06\/KS-9200HDES-13-ATSR.png\" \/>\n\t<meta property=\"og:image:width\" content=\"600\" \/>\n\t<meta property=\"og:image:height\" content=\"450\" \/>\n\t<meta property=\"og:image:type\" content=\"image\/png\" \/>\n<meta name=\"twitter:card\" content=\"summary_large_image\" \/>\n<meta name=\"twitter:label1\" content=\"Estimated reading time\" \/>\n\t<meta name=\"twitter:data1\" content=\"3 minutes\" \/>\n<script type=\"application\/ld+json\" class=\"yoast-schema-graph\">{\"@context\":\"https:\/\/schema.org\",\"@graph\":[{\"@type\":\"WebPage\",\"@id\":\"https:\/\/staging.genekas24.ee\/toode\/diiselgeneraator-ks-9200hdes-1-3atsr-euro-v\/\",\"url\":\"https:\/\/staging.genekas24.ee\/toode\/diiselgeneraator-ks-9200hdes-1-3atsr-euro-v\/\",\"name\":\"Diiselgeneraator KS 9200HDES-1\/3 ATSR (EURO V) \u2013 Genekas24\",\"isPartOf\":{\"@id\":\"https:\/\/staging.genekas24.ee\/#website\"},\"primaryImageOfPage\":{\"@id\":\"https:\/\/staging.genekas24.ee\/toode\/diiselgeneraator-ks-9200hdes-1-3atsr-euro-v\/#primaryimage\"},\"image\":{\"@id\":\"https:\/\/staging.genekas24.ee\/toode\/diiselgeneraator-ks-9200hdes-1-3atsr-euro-v\/#primaryimage\"},\"thumbnailUrl\":\"https:\/\/staging.genekas24.ee\/wp-content\/uploads\/2022\/06\/KS-9200HDES-13-ATSR.png\",\"datePublished\":\"2022-06-23T21:06:15+00:00\",\"dateModified\":\"2025-12-31T08:52:08+00:00\",\"description\":\"Osta Genekas24.ee-st diiselgeneraator KS 9200HDES-1\/3 ATSR (EURO V). 6,5 kW \/ 7,0 kW v\u00f5imsus, EURO V heitkoguste tase, vaikne t\u00f6\u00f6, usaldusv\u00e4\u00e4rne ja vastupidav.\",\"breadcrumb\":{\"@id\":\"https:\/\/staging.genekas24.ee\/toode\/diiselgeneraator-ks-9200hdes-1-3atsr-euro-v\/#breadcrumb\"},\"inLanguage\":\"en-GB\",\"potentialAction\":[{\"@type\":\"ReadAction\",\"target\":[\"https:\/\/staging.genekas24.ee\/toode\/diiselgeneraator-ks-9200hdes-1-3atsr-euro-v\/\"]}]},{\"@type\":\"ImageObject\",\"inLanguage\":\"en-GB\",\"@id\":\"https:\/\/staging.genekas24.ee\/toode\/diiselgeneraator-ks-9200hdes-1-3atsr-euro-v\/#primaryimage\",\"url\":\"https:\/\/staging.genekas24.ee\/wp-content\/uploads\/2022\/06\/KS-9200HDES-13-ATSR.png\",\"contentUrl\":\"https:\/\/staging.genekas24.ee\/wp-content\/uploads\/2022\/06\/KS-9200HDES-13-ATSR.png\",\"width\":600,\"height\":450},{\"@type\":\"BreadcrumbList\",\"@id\":\"https:\/\/staging.genekas24.ee\/toode\/diiselgeneraator-ks-9200hdes-1-3atsr-euro-v\/#breadcrumb\",\"itemListElement\":[{\"@type\":\"ListItem\",\"position\":1,\"name\":\"Home\",\"item\":\"https:\/\/staging.genekas24.ee\/\"},{\"@type\":\"ListItem\",\"position\":2,\"name\":\"Pood\",\"item\":\"https:\/\/staging.genekas24.ee\/pood\/\"},{\"@type\":\"ListItem\",\"position\":3,\"name\":\"Diiselgeneraator KS 9200HDES-1\/3 ATSR (EURO V)\"}]},{\"@type\":\"WebSite\",\"@id\":\"https:\/\/staging.genekas24.ee\/#website\",\"url\":\"https:\/\/staging.genekas24.ee\/\",\"name\":\"Genekas24\",\"description\":\"Generaatorid | K&ouml;nner S&ouml;hnen tooted | Genekas24\",\"publisher\":{\"@id\":\"https:\/\/staging.genekas24.ee\/#organization\"},\"potentialAction\":[{\"@type\":\"SearchAction\",\"target\":{\"@type\":\"EntryPoint\",\"urlTemplate\":\"https:\/\/staging.genekas24.ee\/?s={search_term_string}\"},\"query-input\":{\"@type\":\"PropertyValueSpecification\",\"valueRequired\":true,\"valueName\":\"search_term_string\"}}],\"inLanguage\":\"en-GB\"},{\"@type\":\"Organization\",\"@id\":\"https:\/\/staging.genekas24.ee\/#organization\",\"name\":\"Genekas24\",\"url\":\"https:\/\/staging.genekas24.ee\/\",\"logo\":{\"@type\":\"ImageObject\",\"inLanguage\":\"en-GB\",\"@id\":\"https:\/\/staging.genekas24.ee\/#\/schema\/logo\/image\/\",\"url\":\"https:\/\/staging.genekas24.ee\/wp-content\/uploads\/2026\/01\/genekas24-logo_black.svg\",\"contentUrl\":\"https:\/\/staging.genekas24.ee\/wp-content\/uploads\/2026\/01\/genekas24-logo_black.svg\",\"width\":840,\"height\":131,\"caption\":\"Genekas24\"},\"image\":{\"@id\":\"https:\/\/staging.genekas24.ee\/#\/schema\/logo\/image\/\"}}]}<\/script>\n<!-- \/ Yoast SEO plugin. -->","yoast_head_json":{"title":"Diesel generator KS 9200HDES-1\/3 ATSR (EURO V) \u2013 Genekas24","description":"Osta Genekas24.ee-st diiselgeneraator KS 9200HDES-1\/3 ATSR (EURO V). 6,5 kW \/ 7,0 kW v\u00f5imsus, EURO V heitkoguste tase, vaikne t\u00f6\u00f6, usaldusv\u00e4\u00e4rne ja vastupidav.","robots":{"index":"index","follow":"follow","max-snippet":"max-snippet:-1","max-image-preview":"max-image-preview:large","max-video-preview":"max-video-preview:-1"},"canonical":"https:\/\/staging.genekas24.ee\/en\/product\/diesel-generator-ks-9200hdes-1-3-atsr-euro-v\/","og_locale":"en_GB","og_type":"article","og_title":"Diiselgeneraator KS 9200HDES-1\/3 ATSR (EURO V) \u2013 Genekas24","og_description":"Osta Genekas24.ee-st diiselgeneraator KS 9200HDES-1\/3 ATSR (EURO V). 6,5 kW \/ 7,0 kW v\u00f5imsus, EURO V heitkoguste tase, vaikne t\u00f6\u00f6, usaldusv\u00e4\u00e4rne ja vastupidav.","og_url":"https:\/\/staging.genekas24.ee\/en\/product\/diesel-generator-ks-9200hdes-1-3-atsr-euro-v\/","og_site_name":"Genekas24","article_modified_time":"2025-12-31T08:52:08+00:00","og_image":[{"width":600,"height":450,"url":"https:\/\/staging.genekas24.ee\/wp-content\/uploads\/2022\/06\/KS-9200HDES-13-ATSR.png","type":"image\/png"}],"twitter_card":"summary_large_image","twitter_misc":{"Estimated reading time":"3 minutes"},"schema":{"@context":"https:\/\/schema.org","@graph":[{"@type":"WebPage","@id":"https:\/\/staging.genekas24.ee\/toode\/diiselgeneraator-ks-9200hdes-1-3atsr-euro-v\/","url":"https:\/\/staging.genekas24.ee\/toode\/diiselgeneraator-ks-9200hdes-1-3atsr-euro-v\/","name":"Diesel generator KS 9200HDES-1\/3 ATSR (EURO V) \u2013 Genekas24","isPartOf":{"@id":"https:\/\/staging.genekas24.ee\/#website"},"primaryImageOfPage":{"@id":"https:\/\/staging.genekas24.ee\/toode\/diiselgeneraator-ks-9200hdes-1-3atsr-euro-v\/#primaryimage"},"image":{"@id":"https:\/\/staging.genekas24.ee\/toode\/diiselgeneraator-ks-9200hdes-1-3atsr-euro-v\/#primaryimage"},"thumbnailUrl":"https:\/\/staging.genekas24.ee\/wp-content\/uploads\/2022\/06\/KS-9200HDES-13-ATSR.png","datePublished":"2022-06-23T21:06:15+00:00","dateModified":"2025-12-31T08:52:08+00:00","description":"Osta Genekas24.ee-st diiselgeneraator KS 9200HDES-1\/3 ATSR (EURO V). 6,5 kW \/ 7,0 kW v\u00f5imsus, EURO V heitkoguste tase, vaikne t\u00f6\u00f6, usaldusv\u00e4\u00e4rne ja vastupidav.","breadcrumb":{"@id":"https:\/\/staging.genekas24.ee\/toode\/diiselgeneraator-ks-9200hdes-1-3atsr-euro-v\/#breadcrumb"},"inLanguage":"en-GB","potentialAction":[{"@type":"ReadAction","target":["https:\/\/staging.genekas24.ee\/toode\/diiselgeneraator-ks-9200hdes-1-3atsr-euro-v\/"]}]},{"@type":"ImageObject","inLanguage":"en-GB","@id":"https:\/\/staging.genekas24.ee\/toode\/diiselgeneraator-ks-9200hdes-1-3atsr-euro-v\/#primaryimage","url":"https:\/\/staging.genekas24.ee\/wp-content\/uploads\/2022\/06\/KS-9200HDES-13-ATSR.png","contentUrl":"https:\/\/staging.genekas24.ee\/wp-content\/uploads\/2022\/06\/KS-9200HDES-13-ATSR.png","width":600,"height":450},{"@type":"BreadcrumbList","@id":"https:\/\/staging.genekas24.ee\/toode\/diiselgeneraator-ks-9200hdes-1-3atsr-euro-v\/#breadcrumb","itemListElement":[{"@type":"ListItem","position":1,"name":"Home","item":"https:\/\/staging.genekas24.ee\/"},{"@type":"ListItem","position":2,"name":"Pood","item":"https:\/\/staging.genekas24.ee\/pood\/"},{"@type":"ListItem","position":3,"name":"Diiselgeneraator KS 9200HDES-1\/3 ATSR (EURO V)"}]},{"@type":"WebSite","@id":"https:\/\/staging.genekas24.ee\/#website","url":"https:\/\/staging.genekas24.ee\/","name":"Genekas24","description":"Generaatorid | K&ouml;nner S&ouml;hnen tooted | Genekas24","publisher":{"@id":"https:\/\/staging.genekas24.ee\/#organization"},"potentialAction":[{"@type":"SearchAction","target":{"@type":"EntryPoint","urlTemplate":"https:\/\/staging.genekas24.ee\/?s={search_term_string}"},"query-input":{"@type":"PropertyValueSpecification","valueRequired":true,"valueName":"search_term_string"}}],"inLanguage":"en-GB"},{"@type":"Organization","@id":"https:\/\/staging.genekas24.ee\/#organization","name":"Genekas24","url":"https:\/\/staging.genekas24.ee\/","logo":{"@type":"ImageObject","inLanguage":"en-GB","@id":"https:\/\/staging.genekas24.ee\/#\/schema\/logo\/image\/","url":"https:\/\/staging.genekas24.ee\/wp-content\/uploads\/2026\/01\/genekas24-logo_black.svg","contentUrl":"https:\/\/staging.genekas24.ee\/wp-content\/uploads\/2026\/01\/genekas24-logo_black.svg","width":840,"height":131,"caption":"Genekas24"},"image":{"@id":"https:\/\/staging.genekas24.ee\/#\/schema\/logo\/image\/"}}]}},"_links":{"self":[{"href":"https:\/\/staging.genekas24.ee\/en\/wp-json\/wp\/v2\/product\/4705","targetHints":{"allow":["GET"]}}],"collection":[{"href":"https:\/\/staging.genekas24.ee\/en\/wp-json\/wp\/v2\/product"}],"about":[{"href":"https:\/\/staging.genekas24.ee\/en\/wp-json\/wp\/v2\/types\/product"}],"version-history":[{"count":15,"href":"https:\/\/staging.genekas24.ee\/en\/wp-json\/wp\/v2\/product\/4705\/revisions"}],"predecessor-version":[{"id":21171,"href":"https:\/\/staging.genekas24.ee\/en\/wp-json\/wp\/v2\/product\/4705\/revisions\/21171"}],"wp:featuredmedia":[{"embeddable":true,"href":"https:\/\/staging.genekas24.ee\/en\/wp-json\/wp\/v2\/media\/17723"}],"wp:attachment":[{"href":"https:\/\/staging.genekas24.ee\/en\/wp-json\/wp\/v2\/media?parent=4705"}],"wp:term":[{"taxonomy":"product_brand","embeddable":true,"href":"https:\/\/staging.genekas24.ee\/en\/wp-json\/wp\/v2\/product_brand?post=4705"},{"taxonomy":"product_cat","embeddable":true,"href":"https:\/\/staging.genekas24.ee\/en\/wp-json\/wp\/v2\/product_cat?post=4705"},{"taxonomy":"product_tag","embeddable":true,"href":"https:\/\/staging.genekas24.ee\/en\/wp-json\/wp\/v2\/product_tag?post=4705"}],"curies":[{"name":"wp","href":"https:\/\/api.w.org\/{rel}","templated":true}]}}