{"id":4579,"date":"2022-06-23T18:48:43","date_gmt":"2022-06-23T18:48:43","guid":{"rendered":"https:\/\/staging.genekas24.ee\/?post_type=product&#038;p=4579"},"modified":"2025-12-02T10:06:59","modified_gmt":"2025-12-02T10:06:59","slug":"generaatori-kaitsekate-ks-cover-10","status":"publish","type":"product","link":"https:\/\/staging.genekas24.ee\/en\/product\/ks-cover-10\/","title":{"rendered":"KS Cover 10"},"content":{"rendered":"<p><strong>For all modifications of gasoline generators series KS 3000.<\/strong><\/p>\n<ul>\n<li>Protects from rain, snow, sun and wind<\/li>\n<li>Resistant to ultraviolet irradiation (UV)<\/li>\n<li>Resistant to acid rain and bird droppings<\/li>\n<li>Protects from dust and dirt<\/li>\n<\/ul>","protected":false},"excerpt":{"rendered":"<p><strong>For all modifications of gasoline generators series KS 3000.<\/strong><\/p>\n<ul>\n<li>Protects from rain, snow, sun and wind<\/li>\n<li>Resistant to ultraviolet irradiation (UV)<\/li>\n<li>Resistant to acid rain and bird droppings<\/li>\n<li>Protects from dust and dirt<\/li>\n<\/ul>","protected":false},"featured_media":13122,"template":"","meta":{"_acf_changed":false,"inline_featured_image":false},"product_brand":[],"product_cat":[156,26],"product_tag":[],"class_list":{"0":"post-4579","1":"product","2":"type-product","3":"status-publish","4":"has-post-thumbnail","6":"product_cat-generaatori-tarvikud","7":"product_cat-olid-kanistrid-kindad-prillid","8":"product_shipping_class-vaikepakk","9":"brand-konner-sohnen","11":"first","12":"instock","13":"taxable","14":"shipping-taxable","15":"purchasable","16":"product-type-simple"},"acf":[],"yoast_head":"<!-- This site is optimized with the Yoast SEO plugin v26.2 - https:\/\/yoast.com\/wordpress\/plugins\/seo\/ -->\n<title>Generaatori kaitsekate KS Cover 10 - Genekas24<\/title>\n<meta name=\"robots\" content=\"index, follow, max-snippet:-1, max-image-preview:large, max-video-preview:-1\" \/>\n<link rel=\"canonical\" href=\"https:\/\/staging.genekas24.ee\/en\/product\/ks-cover-10\/\" \/>\n<meta property=\"og:locale\" content=\"en_GB\" \/>\n<meta property=\"og:type\" content=\"article\" \/>\n<meta property=\"og:title\" content=\"Generaatori kaitsekate KS Cover 10 - Genekas24\" \/>\n<meta property=\"og:description\" content=\"Generaatori kaitsekate KS Cover 10 sobib k\u00f5igile KS 3000 seeria bensiinigeneraatorite modifikatsioonidele.   Kaitseb vihma, lume, p\u00e4ikese ja tuule eest  Vastupidav ultraviolettkiirgusele (UV)  Vastupidav happevihmadele ja lindude v\u00e4ljaheidetele  Kaitseb tolmu ja mustuse eest\" \/>\n<meta property=\"og:url\" content=\"https:\/\/staging.genekas24.ee\/en\/product\/ks-cover-10\/\" \/>\n<meta property=\"og:site_name\" content=\"Genekas24\" \/>\n<meta property=\"article:modified_time\" content=\"2025-12-02T10:06:59+00:00\" \/>\n<meta property=\"og:image\" content=\"https:\/\/staging.genekas24.ee\/wp-content\/uploads\/2022\/06\/KS-Cover-10.png\" \/>\n\t<meta property=\"og:image:width\" content=\"900\" \/>\n\t<meta property=\"og:image:height\" content=\"713\" \/>\n\t<meta property=\"og:image:type\" content=\"image\/png\" \/>\n<meta name=\"twitter:card\" content=\"summary_large_image\" \/>\n<meta name=\"twitter:label1\" content=\"Estimated reading time\" \/>\n\t<meta name=\"twitter:data1\" content=\"1 minute\" \/>\n<script type=\"application\/ld+json\" class=\"yoast-schema-graph\">{\"@context\":\"https:\/\/schema.org\",\"@graph\":[{\"@type\":\"WebPage\",\"@id\":\"https:\/\/staging.genekas24.ee\/toode\/generaatori-kaitsekate-ks-cover-10\/\",\"url\":\"https:\/\/staging.genekas24.ee\/toode\/generaatori-kaitsekate-ks-cover-10\/\",\"name\":\"Generaatori kaitsekate KS Cover 10 - Genekas24\",\"isPartOf\":{\"@id\":\"https:\/\/staging.genekas24.ee\/#website\"},\"primaryImageOfPage\":{\"@id\":\"https:\/\/staging.genekas24.ee\/toode\/generaatori-kaitsekate-ks-cover-10\/#primaryimage\"},\"image\":{\"@id\":\"https:\/\/staging.genekas24.ee\/toode\/generaatori-kaitsekate-ks-cover-10\/#primaryimage\"},\"thumbnailUrl\":\"https:\/\/staging.genekas24.ee\/wp-content\/uploads\/2022\/06\/KS-Cover-10.png\",\"datePublished\":\"2022-06-23T18:48:43+00:00\",\"dateModified\":\"2025-12-02T10:06:59+00:00\",\"breadcrumb\":{\"@id\":\"https:\/\/staging.genekas24.ee\/toode\/generaatori-kaitsekate-ks-cover-10\/#breadcrumb\"},\"inLanguage\":\"en-GB\",\"potentialAction\":[{\"@type\":\"ReadAction\",\"target\":[\"https:\/\/staging.genekas24.ee\/toode\/generaatori-kaitsekate-ks-cover-10\/\"]}]},{\"@type\":\"ImageObject\",\"inLanguage\":\"en-GB\",\"@id\":\"https:\/\/staging.genekas24.ee\/toode\/generaatori-kaitsekate-ks-cover-10\/#primaryimage\",\"url\":\"https:\/\/staging.genekas24.ee\/wp-content\/uploads\/2022\/06\/KS-Cover-10.png\",\"contentUrl\":\"https:\/\/staging.genekas24.ee\/wp-content\/uploads\/2022\/06\/KS-Cover-10.png\",\"width\":900,\"height\":713},{\"@type\":\"BreadcrumbList\",\"@id\":\"https:\/\/staging.genekas24.ee\/toode\/generaatori-kaitsekate-ks-cover-10\/#breadcrumb\",\"itemListElement\":[{\"@type\":\"ListItem\",\"position\":1,\"name\":\"Home\",\"item\":\"https:\/\/staging.genekas24.ee\/\"},{\"@type\":\"ListItem\",\"position\":2,\"name\":\"Pood\",\"item\":\"https:\/\/staging.genekas24.ee\/pood\/\"},{\"@type\":\"ListItem\",\"position\":3,\"name\":\"Generaatori kaitsekate KS Cover 10\"}]},{\"@type\":\"WebSite\",\"@id\":\"https:\/\/staging.genekas24.ee\/#website\",\"url\":\"https:\/\/staging.genekas24.ee\/\",\"name\":\"Genekas24\",\"description\":\"Generaatorid | K&ouml;nner S&ouml;hnen tooted | Genekas24\",\"publisher\":{\"@id\":\"https:\/\/staging.genekas24.ee\/#organization\"},\"potentialAction\":[{\"@type\":\"SearchAction\",\"target\":{\"@type\":\"EntryPoint\",\"urlTemplate\":\"https:\/\/staging.genekas24.ee\/?s={search_term_string}\"},\"query-input\":{\"@type\":\"PropertyValueSpecification\",\"valueRequired\":true,\"valueName\":\"search_term_string\"}}],\"inLanguage\":\"en-GB\"},{\"@type\":\"Organization\",\"@id\":\"https:\/\/staging.genekas24.ee\/#organization\",\"name\":\"Genekas24\",\"url\":\"https:\/\/staging.genekas24.ee\/\",\"logo\":{\"@type\":\"ImageObject\",\"inLanguage\":\"en-GB\",\"@id\":\"https:\/\/staging.genekas24.ee\/#\/schema\/logo\/image\/\",\"url\":\"https:\/\/staging.genekas24.ee\/wp-content\/uploads\/2026\/01\/genekas24-logo_black.svg\",\"contentUrl\":\"https:\/\/staging.genekas24.ee\/wp-content\/uploads\/2026\/01\/genekas24-logo_black.svg\",\"width\":840,\"height\":131,\"caption\":\"Genekas24\"},\"image\":{\"@id\":\"https:\/\/staging.genekas24.ee\/#\/schema\/logo\/image\/\"}}]}<\/script>\n<!-- \/ Yoast SEO plugin. -->","yoast_head_json":{"title":"Generaatori kaitsekate KS Cover 10 - Genekas24","robots":{"index":"index","follow":"follow","max-snippet":"max-snippet:-1","max-image-preview":"max-image-preview:large","max-video-preview":"max-video-preview:-1"},"canonical":"https:\/\/staging.genekas24.ee\/en\/product\/ks-cover-10\/","og_locale":"en_GB","og_type":"article","og_title":"Generaatori kaitsekate KS Cover 10 - Genekas24","og_description":"Generaatori kaitsekate KS Cover 10 sobib k\u00f5igile KS 3000 seeria bensiinigeneraatorite modifikatsioonidele.   Kaitseb vihma, lume, p\u00e4ikese ja tuule eest  Vastupidav ultraviolettkiirgusele (UV)  Vastupidav happevihmadele ja lindude v\u00e4ljaheidetele  Kaitseb tolmu ja mustuse eest","og_url":"https:\/\/staging.genekas24.ee\/en\/product\/ks-cover-10\/","og_site_name":"Genekas24","article_modified_time":"2025-12-02T10:06:59+00:00","og_image":[{"width":900,"height":713,"url":"https:\/\/staging.genekas24.ee\/wp-content\/uploads\/2022\/06\/KS-Cover-10.png","type":"image\/png"}],"twitter_card":"summary_large_image","twitter_misc":{"Estimated reading time":"1 minute"},"schema":{"@context":"https:\/\/schema.org","@graph":[{"@type":"WebPage","@id":"https:\/\/staging.genekas24.ee\/toode\/generaatori-kaitsekate-ks-cover-10\/","url":"https:\/\/staging.genekas24.ee\/toode\/generaatori-kaitsekate-ks-cover-10\/","name":"Generaatori kaitsekate KS Cover 10 - Genekas24","isPartOf":{"@id":"https:\/\/staging.genekas24.ee\/#website"},"primaryImageOfPage":{"@id":"https:\/\/staging.genekas24.ee\/toode\/generaatori-kaitsekate-ks-cover-10\/#primaryimage"},"image":{"@id":"https:\/\/staging.genekas24.ee\/toode\/generaatori-kaitsekate-ks-cover-10\/#primaryimage"},"thumbnailUrl":"https:\/\/staging.genekas24.ee\/wp-content\/uploads\/2022\/06\/KS-Cover-10.png","datePublished":"2022-06-23T18:48:43+00:00","dateModified":"2025-12-02T10:06:59+00:00","breadcrumb":{"@id":"https:\/\/staging.genekas24.ee\/toode\/generaatori-kaitsekate-ks-cover-10\/#breadcrumb"},"inLanguage":"en-GB","potentialAction":[{"@type":"ReadAction","target":["https:\/\/staging.genekas24.ee\/toode\/generaatori-kaitsekate-ks-cover-10\/"]}]},{"@type":"ImageObject","inLanguage":"en-GB","@id":"https:\/\/staging.genekas24.ee\/toode\/generaatori-kaitsekate-ks-cover-10\/#primaryimage","url":"https:\/\/staging.genekas24.ee\/wp-content\/uploads\/2022\/06\/KS-Cover-10.png","contentUrl":"https:\/\/staging.genekas24.ee\/wp-content\/uploads\/2022\/06\/KS-Cover-10.png","width":900,"height":713},{"@type":"BreadcrumbList","@id":"https:\/\/staging.genekas24.ee\/toode\/generaatori-kaitsekate-ks-cover-10\/#breadcrumb","itemListElement":[{"@type":"ListItem","position":1,"name":"Home","item":"https:\/\/staging.genekas24.ee\/"},{"@type":"ListItem","position":2,"name":"Pood","item":"https:\/\/staging.genekas24.ee\/pood\/"},{"@type":"ListItem","position":3,"name":"Generaatori kaitsekate KS Cover 10"}]},{"@type":"WebSite","@id":"https:\/\/staging.genekas24.ee\/#website","url":"https:\/\/staging.genekas24.ee\/","name":"Genekas24","description":"Generaatorid | K&ouml;nner S&ouml;hnen tooted | Genekas24","publisher":{"@id":"https:\/\/staging.genekas24.ee\/#organization"},"potentialAction":[{"@type":"SearchAction","target":{"@type":"EntryPoint","urlTemplate":"https:\/\/staging.genekas24.ee\/?s={search_term_string}"},"query-input":{"@type":"PropertyValueSpecification","valueRequired":true,"valueName":"search_term_string"}}],"inLanguage":"en-GB"},{"@type":"Organization","@id":"https:\/\/staging.genekas24.ee\/#organization","name":"Genekas24","url":"https:\/\/staging.genekas24.ee\/","logo":{"@type":"ImageObject","inLanguage":"en-GB","@id":"https:\/\/staging.genekas24.ee\/#\/schema\/logo\/image\/","url":"https:\/\/staging.genekas24.ee\/wp-content\/uploads\/2026\/01\/genekas24-logo_black.svg","contentUrl":"https:\/\/staging.genekas24.ee\/wp-content\/uploads\/2026\/01\/genekas24-logo_black.svg","width":840,"height":131,"caption":"Genekas24"},"image":{"@id":"https:\/\/staging.genekas24.ee\/#\/schema\/logo\/image\/"}}]}},"_links":{"self":[{"href":"https:\/\/staging.genekas24.ee\/en\/wp-json\/wp\/v2\/product\/4579","targetHints":{"allow":["GET"]}}],"collection":[{"href":"https:\/\/staging.genekas24.ee\/en\/wp-json\/wp\/v2\/product"}],"about":[{"href":"https:\/\/staging.genekas24.ee\/en\/wp-json\/wp\/v2\/types\/product"}],"version-history":[{"count":3,"href":"https:\/\/staging.genekas24.ee\/en\/wp-json\/wp\/v2\/product\/4579\/revisions"}],"predecessor-version":[{"id":14315,"href":"https:\/\/staging.genekas24.ee\/en\/wp-json\/wp\/v2\/product\/4579\/revisions\/14315"}],"wp:featuredmedia":[{"embeddable":true,"href":"https:\/\/staging.genekas24.ee\/en\/wp-json\/wp\/v2\/media\/13122"}],"wp:attachment":[{"href":"https:\/\/staging.genekas24.ee\/en\/wp-json\/wp\/v2\/media?parent=4579"}],"wp:term":[{"taxonomy":"product_brand","embeddable":true,"href":"https:\/\/staging.genekas24.ee\/en\/wp-json\/wp\/v2\/product_brand?post=4579"},{"taxonomy":"product_cat","embeddable":true,"href":"https:\/\/staging.genekas24.ee\/en\/wp-json\/wp\/v2\/product_cat?post=4579"},{"taxonomy":"product_tag","embeddable":true,"href":"https:\/\/staging.genekas24.ee\/en\/wp-json\/wp\/v2\/product_tag?post=4579"}],"curies":[{"name":"wp","href":"https:\/\/api.w.org\/{rel}","templated":true}]}}