{"id":4574,"date":"2022-06-22T07:54:27","date_gmt":"2022-06-22T07:54:27","guid":{"rendered":"https:\/\/staging.genekas24.ee\/?post_type=product&#038;p=4574"},"modified":"2025-12-02T10:07:00","modified_gmt":"2025-12-02T10:07:00","slug":"pistikupesa-adapter-ks-ex1m-1s","status":"publish","type":"product","link":"https:\/\/staging.genekas24.ee\/en\/product\/socket-adapter-ks-ex1m-1s\/","title":{"rendered":"Socket adapter KS EX1M-1S"},"content":{"rendered":"<p><span data-sheets-value=\"{&quot;1&quot;:2,&quot;2&quot;:&quot;\u00dche pistikupesa ja 1 m kaabli pikkusega pistikupesa adapterit KS EX1M-1S kasutatakse siis, kui on vaja \u00fchendada tavalise 16A pistikuga kodumasinad, n\u00e4iteks generaatorist 32A pistikupessa. Sellel on kaitseklass IP44, mis v\u00f5imaldab seda kasutada nii v\u00e4liselt kui ka k\u00f5rge \u00f5huniiskuse korral, t\u00e4nu kaitsele veepiiskade ja tahkete osakeste juhusliku sissep\u00e4\u00e4su eest.&quot;}\" data-sheets-userformat=\"{&quot;2&quot;:9089,&quot;3&quot;:{&quot;1&quot;:0},&quot;10&quot;:0,&quot;11&quot;:4,&quot;12&quot;:0,&quot;16&quot;:9}\">The KS EX1M-1S socket adapter with one socket and a cable length of 1 m is used when it is necessary to connect household appliances with a normal plug of 16A to a 32A socket, for example, in a generator. It has a protection class of IP44, which allows you to use it externally, as well as at high humidity, thanks to protection against accidental ingress of water droplets and solid particles.<\/span><\/p>\n<table>\n<tbody>\n<tr class=\"even\">\n<td><img fetchpriority=\"high\" decoding=\"async\" class=\"alignnone size-medium wp-image-3643\" src=\"https:\/\/staging.genekas24.ee\/wp-content\/uploads\/2022\/02\/adapter-32a-16a-300x300.png\" alt=\"\" width=\"300\" height=\"300\" \/><\/td>\n<td><strong>ADAPTER 32\u0410 -&gt; 16\u0410<\/strong><\/p>\n<p>On the one side the adapter has a 32A plug, on the other \u2014 a 16A socket with a load of up to 3.6 kW.<\/td>\n<\/tr>\n<tr class=\"even\">\n<td><img decoding=\"async\" class=\"alignnone size-medium wp-image-3649\" src=\"https:\/\/staging.genekas24.ee\/wp-content\/uploads\/2022\/02\/protection-against-moisture-and-tmperature-300x300.png\" alt=\"\" width=\"300\" height=\"300\" \/><\/td>\n<td><strong>PROTECTION AGAINST MOISTURE AND TEMPERATURE<\/strong><\/p>\n<p>The rubberized adapter cable is completely protected from moisture, industrial and agricultural chemicals, sunlight and solid particles. Retains its elasticity at any temperature, which allows you to use it at any time of the year indoors and outdoors. Sockets are equipped with protective covers.<\/td>\n<\/tr>\n<tr class=\"even\">\n<td><img decoding=\"async\" class=\"alignnone size-medium wp-image-3473\" src=\"https:\/\/staging.genekas24.ee\/wp-content\/uploads\/2022\/02\/100-copper-300x300.png\" alt=\"\" width=\"300\" height=\"300\" \/><\/td>\n<td><strong>100% COPPER<\/strong><\/p>\n<p>Reel is equipped with a 100% copper cable 3\u00d71.5 mm2. Only copper is able to withstand long-term maximum loads, which makes the cable durable and extends its service life.<\/td>\n<\/tr>\n<\/tbody>\n<\/table>\n<p>&nbsp;<\/p>","protected":false},"excerpt":{"rendered":"<p>Socket adapter<\/p>\n<table>\n<tbody>\n<tr class=\"even\">\n<td>Total power<\/td>\n<td>3600 W<\/td>\n<\/tr>\n<tr class=\"odd\">\n<td>Plug<\/td>\n<td>1*32\u0410\/230V<\/td>\n<\/tr>\n<tr class=\"even\">\n<td>Sockets with protective cap<\/td>\n<td>4*16\u0410\/230V<\/td>\n<\/tr>\n<tr class=\"odd\">\n<td>Rubber cable length<\/td>\n<td>1.0 m<\/td>\n<\/tr>\n<tr class=\"even\">\n<td>Cable (100% copper)<\/td>\n<td>3*1.5 mm<sup>2<\/sup><\/td>\n<\/tr>\n<tr class=\"even\">\n<td>Protection class<\/td>\n<td>IP44<\/td>\n<\/tr>\n<\/tbody>\n<\/table>","protected":false},"featured_media":13136,"template":"","meta":{"_acf_changed":false,"inline_featured_image":false},"product_brand":[],"product_cat":[156,28],"product_tag":[],"class_list":{"0":"post-4574","1":"product","2":"type-product","3":"status-publish","4":"has-post-thumbnail","6":"product_cat-generaatori-tarvikud","7":"product_cat-kaablid","8":"product_shipping_class-vaikepakk","9":"brand-konner-sohnen","11":"first","12":"instock","13":"taxable","14":"shipping-taxable","15":"purchasable","16":"product-type-simple"},"acf":[],"yoast_head":"<!-- This site is optimized with the Yoast SEO plugin v26.2 - https:\/\/yoast.com\/wordpress\/plugins\/seo\/ -->\n<title>Pistikupesa adapter KS EX1M-1S - Genekas24<\/title>\n<meta name=\"robots\" content=\"index, follow, max-snippet:-1, max-image-preview:large, max-video-preview:-1\" \/>\n<link rel=\"canonical\" href=\"https:\/\/staging.genekas24.ee\/en\/product\/socket-adapter-ks-ex1m-1s\/\" \/>\n<meta property=\"og:locale\" content=\"en_GB\" \/>\n<meta property=\"og:type\" content=\"article\" \/>\n<meta property=\"og:title\" content=\"Pistikupesa adapter KS EX1M-1S - Genekas24\" \/>\n<meta property=\"og:description\" content=\"Pistikupesa adapter    Koguv\u00f5imsus 3600 W   Pistik 1*32\u0410\/230V   Kaitsekorgiga pistikupesad 4*16\u0410\/230V   Kummist kaabli pikkus 1.0 m   Kaabel (100% vask) 3*1.5 mm2   Kaitseklass IP44\" \/>\n<meta property=\"og:url\" content=\"https:\/\/staging.genekas24.ee\/en\/product\/socket-adapter-ks-ex1m-1s\/\" \/>\n<meta property=\"og:site_name\" content=\"Genekas24\" \/>\n<meta property=\"article:modified_time\" content=\"2025-12-02T10:07:00+00:00\" \/>\n<meta property=\"og:image\" content=\"https:\/\/staging.genekas24.ee\/wp-content\/uploads\/2022\/06\/KS-EX1M-1S.png\" \/>\n\t<meta property=\"og:image:width\" content=\"1000\" \/>\n\t<meta property=\"og:image:height\" content=\"792\" \/>\n\t<meta property=\"og:image:type\" content=\"image\/png\" \/>\n<meta name=\"twitter:card\" content=\"summary_large_image\" \/>\n<meta name=\"twitter:label1\" content=\"Estimated reading time\" \/>\n\t<meta name=\"twitter:data1\" content=\"2 minutes\" \/>\n<script type=\"application\/ld+json\" class=\"yoast-schema-graph\">{\"@context\":\"https:\/\/schema.org\",\"@graph\":[{\"@type\":\"WebPage\",\"@id\":\"https:\/\/staging.genekas24.ee\/toode\/pistikupesa-adapter-ks-ex1m-1s\/\",\"url\":\"https:\/\/staging.genekas24.ee\/toode\/pistikupesa-adapter-ks-ex1m-1s\/\",\"name\":\"Pistikupesa adapter KS EX1M-1S - Genekas24\",\"isPartOf\":{\"@id\":\"https:\/\/staging.genekas24.ee\/#website\"},\"primaryImageOfPage\":{\"@id\":\"https:\/\/staging.genekas24.ee\/toode\/pistikupesa-adapter-ks-ex1m-1s\/#primaryimage\"},\"image\":{\"@id\":\"https:\/\/staging.genekas24.ee\/toode\/pistikupesa-adapter-ks-ex1m-1s\/#primaryimage\"},\"thumbnailUrl\":\"https:\/\/staging.genekas24.ee\/wp-content\/uploads\/2022\/06\/KS-EX1M-1S.png\",\"datePublished\":\"2022-06-22T07:54:27+00:00\",\"dateModified\":\"2025-12-02T10:07:00+00:00\",\"breadcrumb\":{\"@id\":\"https:\/\/staging.genekas24.ee\/toode\/pistikupesa-adapter-ks-ex1m-1s\/#breadcrumb\"},\"inLanguage\":\"en-GB\",\"potentialAction\":[{\"@type\":\"ReadAction\",\"target\":[\"https:\/\/staging.genekas24.ee\/toode\/pistikupesa-adapter-ks-ex1m-1s\/\"]}]},{\"@type\":\"ImageObject\",\"inLanguage\":\"en-GB\",\"@id\":\"https:\/\/staging.genekas24.ee\/toode\/pistikupesa-adapter-ks-ex1m-1s\/#primaryimage\",\"url\":\"https:\/\/staging.genekas24.ee\/wp-content\/uploads\/2022\/06\/KS-EX1M-1S.png\",\"contentUrl\":\"https:\/\/staging.genekas24.ee\/wp-content\/uploads\/2022\/06\/KS-EX1M-1S.png\",\"width\":1000,\"height\":792},{\"@type\":\"BreadcrumbList\",\"@id\":\"https:\/\/staging.genekas24.ee\/toode\/pistikupesa-adapter-ks-ex1m-1s\/#breadcrumb\",\"itemListElement\":[{\"@type\":\"ListItem\",\"position\":1,\"name\":\"Home\",\"item\":\"https:\/\/staging.genekas24.ee\/\"},{\"@type\":\"ListItem\",\"position\":2,\"name\":\"Pood\",\"item\":\"https:\/\/staging.genekas24.ee\/pood\/\"},{\"@type\":\"ListItem\",\"position\":3,\"name\":\"Pistikupesa adapter KS EX1M-1S\"}]},{\"@type\":\"WebSite\",\"@id\":\"https:\/\/staging.genekas24.ee\/#website\",\"url\":\"https:\/\/staging.genekas24.ee\/\",\"name\":\"Genekas24\",\"description\":\"Generaatorid | K&ouml;nner S&ouml;hnen tooted | Genekas24\",\"publisher\":{\"@id\":\"https:\/\/staging.genekas24.ee\/#organization\"},\"potentialAction\":[{\"@type\":\"SearchAction\",\"target\":{\"@type\":\"EntryPoint\",\"urlTemplate\":\"https:\/\/staging.genekas24.ee\/?s={search_term_string}\"},\"query-input\":{\"@type\":\"PropertyValueSpecification\",\"valueRequired\":true,\"valueName\":\"search_term_string\"}}],\"inLanguage\":\"en-GB\"},{\"@type\":\"Organization\",\"@id\":\"https:\/\/staging.genekas24.ee\/#organization\",\"name\":\"Genekas24\",\"url\":\"https:\/\/staging.genekas24.ee\/\",\"logo\":{\"@type\":\"ImageObject\",\"inLanguage\":\"en-GB\",\"@id\":\"https:\/\/staging.genekas24.ee\/#\/schema\/logo\/image\/\",\"url\":\"https:\/\/staging.genekas24.ee\/wp-content\/uploads\/2026\/01\/genekas24-logo_black.svg\",\"contentUrl\":\"https:\/\/staging.genekas24.ee\/wp-content\/uploads\/2026\/01\/genekas24-logo_black.svg\",\"width\":840,\"height\":131,\"caption\":\"Genekas24\"},\"image\":{\"@id\":\"https:\/\/staging.genekas24.ee\/#\/schema\/logo\/image\/\"}}]}<\/script>\n<!-- \/ Yoast SEO plugin. -->","yoast_head_json":{"title":"Pistikupesa adapter KS EX1M-1S - Genekas24","robots":{"index":"index","follow":"follow","max-snippet":"max-snippet:-1","max-image-preview":"max-image-preview:large","max-video-preview":"max-video-preview:-1"},"canonical":"https:\/\/staging.genekas24.ee\/en\/product\/socket-adapter-ks-ex1m-1s\/","og_locale":"en_GB","og_type":"article","og_title":"Pistikupesa adapter KS EX1M-1S - Genekas24","og_description":"Pistikupesa adapter    Koguv\u00f5imsus 3600 W   Pistik 1*32\u0410\/230V   Kaitsekorgiga pistikupesad 4*16\u0410\/230V   Kummist kaabli pikkus 1.0 m   Kaabel (100% vask) 3*1.5 mm2   Kaitseklass IP44","og_url":"https:\/\/staging.genekas24.ee\/en\/product\/socket-adapter-ks-ex1m-1s\/","og_site_name":"Genekas24","article_modified_time":"2025-12-02T10:07:00+00:00","og_image":[{"width":1000,"height":792,"url":"https:\/\/staging.genekas24.ee\/wp-content\/uploads\/2022\/06\/KS-EX1M-1S.png","type":"image\/png"}],"twitter_card":"summary_large_image","twitter_misc":{"Estimated reading time":"2 minutes"},"schema":{"@context":"https:\/\/schema.org","@graph":[{"@type":"WebPage","@id":"https:\/\/staging.genekas24.ee\/toode\/pistikupesa-adapter-ks-ex1m-1s\/","url":"https:\/\/staging.genekas24.ee\/toode\/pistikupesa-adapter-ks-ex1m-1s\/","name":"Pistikupesa adapter KS EX1M-1S - Genekas24","isPartOf":{"@id":"https:\/\/staging.genekas24.ee\/#website"},"primaryImageOfPage":{"@id":"https:\/\/staging.genekas24.ee\/toode\/pistikupesa-adapter-ks-ex1m-1s\/#primaryimage"},"image":{"@id":"https:\/\/staging.genekas24.ee\/toode\/pistikupesa-adapter-ks-ex1m-1s\/#primaryimage"},"thumbnailUrl":"https:\/\/staging.genekas24.ee\/wp-content\/uploads\/2022\/06\/KS-EX1M-1S.png","datePublished":"2022-06-22T07:54:27+00:00","dateModified":"2025-12-02T10:07:00+00:00","breadcrumb":{"@id":"https:\/\/staging.genekas24.ee\/toode\/pistikupesa-adapter-ks-ex1m-1s\/#breadcrumb"},"inLanguage":"en-GB","potentialAction":[{"@type":"ReadAction","target":["https:\/\/staging.genekas24.ee\/toode\/pistikupesa-adapter-ks-ex1m-1s\/"]}]},{"@type":"ImageObject","inLanguage":"en-GB","@id":"https:\/\/staging.genekas24.ee\/toode\/pistikupesa-adapter-ks-ex1m-1s\/#primaryimage","url":"https:\/\/staging.genekas24.ee\/wp-content\/uploads\/2022\/06\/KS-EX1M-1S.png","contentUrl":"https:\/\/staging.genekas24.ee\/wp-content\/uploads\/2022\/06\/KS-EX1M-1S.png","width":1000,"height":792},{"@type":"BreadcrumbList","@id":"https:\/\/staging.genekas24.ee\/toode\/pistikupesa-adapter-ks-ex1m-1s\/#breadcrumb","itemListElement":[{"@type":"ListItem","position":1,"name":"Home","item":"https:\/\/staging.genekas24.ee\/"},{"@type":"ListItem","position":2,"name":"Pood","item":"https:\/\/staging.genekas24.ee\/pood\/"},{"@type":"ListItem","position":3,"name":"Pistikupesa adapter KS EX1M-1S"}]},{"@type":"WebSite","@id":"https:\/\/staging.genekas24.ee\/#website","url":"https:\/\/staging.genekas24.ee\/","name":"Genekas24","description":"Generaatorid | K&ouml;nner S&ouml;hnen tooted | Genekas24","publisher":{"@id":"https:\/\/staging.genekas24.ee\/#organization"},"potentialAction":[{"@type":"SearchAction","target":{"@type":"EntryPoint","urlTemplate":"https:\/\/staging.genekas24.ee\/?s={search_term_string}"},"query-input":{"@type":"PropertyValueSpecification","valueRequired":true,"valueName":"search_term_string"}}],"inLanguage":"en-GB"},{"@type":"Organization","@id":"https:\/\/staging.genekas24.ee\/#organization","name":"Genekas24","url":"https:\/\/staging.genekas24.ee\/","logo":{"@type":"ImageObject","inLanguage":"en-GB","@id":"https:\/\/staging.genekas24.ee\/#\/schema\/logo\/image\/","url":"https:\/\/staging.genekas24.ee\/wp-content\/uploads\/2026\/01\/genekas24-logo_black.svg","contentUrl":"https:\/\/staging.genekas24.ee\/wp-content\/uploads\/2026\/01\/genekas24-logo_black.svg","width":840,"height":131,"caption":"Genekas24"},"image":{"@id":"https:\/\/staging.genekas24.ee\/#\/schema\/logo\/image\/"}}]}},"_links":{"self":[{"href":"https:\/\/staging.genekas24.ee\/en\/wp-json\/wp\/v2\/product\/4574","targetHints":{"allow":["GET"]}}],"collection":[{"href":"https:\/\/staging.genekas24.ee\/en\/wp-json\/wp\/v2\/product"}],"about":[{"href":"https:\/\/staging.genekas24.ee\/en\/wp-json\/wp\/v2\/types\/product"}],"version-history":[{"count":3,"href":"https:\/\/staging.genekas24.ee\/en\/wp-json\/wp\/v2\/product\/4574\/revisions"}],"predecessor-version":[{"id":14356,"href":"https:\/\/staging.genekas24.ee\/en\/wp-json\/wp\/v2\/product\/4574\/revisions\/14356"}],"wp:featuredmedia":[{"embeddable":true,"href":"https:\/\/staging.genekas24.ee\/en\/wp-json\/wp\/v2\/media\/13136"}],"wp:attachment":[{"href":"https:\/\/staging.genekas24.ee\/en\/wp-json\/wp\/v2\/media?parent=4574"}],"wp:term":[{"taxonomy":"product_brand","embeddable":true,"href":"https:\/\/staging.genekas24.ee\/en\/wp-json\/wp\/v2\/product_brand?post=4574"},{"taxonomy":"product_cat","embeddable":true,"href":"https:\/\/staging.genekas24.ee\/en\/wp-json\/wp\/v2\/product_cat?post=4574"},{"taxonomy":"product_tag","embeddable":true,"href":"https:\/\/staging.genekas24.ee\/en\/wp-json\/wp\/v2\/product_tag?post=4574"}],"curies":[{"name":"wp","href":"https:\/\/api.w.org\/{rel}","templated":true}]}}