{"id":2720,"date":"2022-01-24T13:40:46","date_gmt":"2022-01-24T13:40:46","guid":{"rendered":"https:\/\/staging.genekas24.ee\/?post_type=product&#038;p=2720"},"modified":"2025-12-31T08:52:11","modified_gmt":"2025-12-31T08:52:11","slug":"diiselgeneraator-ks-8100hde-euro-v","status":"publish","type":"product","link":"https:\/\/staging.genekas24.ee\/en\/product\/diesel-generator-ks-8100hde-euro-v\/","title":{"rendered":"Diesel generator KS 8100HDE (EURO V)"},"content":{"rendered":"<p>&nbsp;<\/p>\n<table>\n<tbody>\n<tr class=\"even\">\n<td><a href=\"https:\/\/ks-power.de\/wp-content\/uploads\/2015\/03\/dfsb1.png\" data-fancybox-group=\"gallery\"><span style=\"color: #333333;\"><img fetchpriority=\"high\" decoding=\"async\" class=\"\" src=\"https:\/\/staging.genekas24.ee\/wp-content\/uploads\/2022\/10\/motor-ks.jpg\" alt=\"\" width=\"400\" height=\"341\" \/><\/span><\/a><\/td>\n<td><strong>K\u00d6NNER &amp; S\u00d6HNEN ENGINES<\/strong><\/p>\n<p>Engines for both diesel and gasoline generators are manufactured under the license of DIMAX Int. GmbH and are marked with K&amp;S logo. High power of engines in relation to the alternator allows to receive the declared power output and maintain stable work at any load. All engines are tested for continuous operation, and then disassembled and examined for trouble-shooting purposes. Each engine and each generator have an individual serial number, which allows us to control the quality of production and service. The engines meet all European quality standards, including the latest EURO V emission standards.<\/td>\n<\/tr>\n<tr class=\"odd\">\n<td><img decoding=\"async\" src=\"https:\/\/staging.genekas24.ee\/wp-content\/uploads\/2022\/10\/heavy-duty-icon-EN-300x227.png\" alt=\"Increased engine resource\" width=\"300\" height=\"300\" \/><\/td>\n<td><strong>INCREASED ENGINE RESOURCE<\/strong><\/p>\n<p>K\u00f6nner &amp; S\u00f6hnen\u00ae diesel generators of the \u201cHEAVY DUTY\u201d series have an increased motor resource \u2013 so they have a longer service life, can work for more hours without a break. The engine resource exceeds 3000 working hours, this is confirmed by multi-hour, multi-level tests and warranty.  To show high performance, machines should be maintained properly.<\/td>\n<\/tr>\n<tr class=\"even\">\n<td><a href=\"https:\/\/staging.genekas24.ee\/wp-content\/uploads\/2022\/01\/ergonomic-control-panel.png\" data-fancybox-group=\"gallery\"><span style=\"color: #333333;\"><img decoding=\"async\" class=\"\" src=\"https:\/\/staging.genekas24.ee\/wp-content\/uploads\/2022\/10\/control-panel-1-300x222.jpg\" alt=\"\" width=\"300\" height=\"300\" \/><\/span><\/a><\/td>\n<td><strong>ERGONOMIC CONTROL PANEL<\/strong><\/p>\n<p>Generator\u2019s ergonomic control panel allows you to easily control its operation due to the convenient functions location: a modern LED display (counter hours, frequency, voltage), electric start, emergency (circuit breaker) switch, low oil level sensor, outlets, terminals and more.<\/p>\n<p>&nbsp;<\/td>\n<\/tr>\n<tr class=\"even\">\n<td><img loading=\"lazy\" decoding=\"async\" src=\"https:\/\/staging.genekas24.ee\/wp-content\/uploads\/2022\/06\/preheater-300x297.png\" alt=\"Preheater function\" width=\"300\" height=\"300\" \/><\/td>\n<td><strong>PREHEATER FUNCTION<\/strong><\/p>\n<p>All Heavy Duty series generators are equipped with a preheat function, which allows you to easily start a generator in winter.<\/td>\n<\/tr>\n<tr class=\"odd\">\n<td><img loading=\"lazy\" decoding=\"async\" src=\"https:\/\/staging.genekas24.ee\/wp-content\/uploads\/2022\/10\/diesel01-spec-003-300x272.png\" alt=\"AVR\" width=\"300\" height=\"300\" \/><\/td>\n<td><strong>AVR<\/strong><\/p>\n<p>\u201cK\u00f6nner &amp; S\u00f6hnen\u201d series diesel generators are equipped with intelligent voltage stabilization system AVR. It allows to keep the voltage at a constant value of 230 V and protects against unwanted short circuits.<\/td>\n<\/tr>\n<tr class=\"odd\">\n<td><img loading=\"lazy\" decoding=\"async\" src=\"https:\/\/staging.genekas24.ee\/wp-content\/uploads\/2022\/10\/enhanced-frame-new-300x238.png\" alt=\"Enforced frame\" width=\"300\" height=\"300\" \/><\/td>\n<td><strong>ENFORCED FRAME<\/strong><\/p>\n<p>Additional frame reinforcement with the upper protective strips allows HEAVY DUTY professional series generators to operate in a more rigid mode. The reinforced frame structure protects the tank against damage during operation and transportation.<\/td>\n<\/tr>\n<tr class=\"even\">\n<td><img loading=\"lazy\" decoding=\"async\" src=\"https:\/\/staging.genekas24.ee\/wp-content\/uploads\/2022\/10\/macro-dempfer-2-300x241.png\" alt=\"Dampers to lower vibration\" width=\"300\" height=\"300\" \/><\/td>\n<td><strong>DAMPERS TO LOWER VIBRATION<\/strong><\/p>\n<p>All models of the K\u00f6nner &amp; S\u00f6hnen generators are equipped with rubber feet to reduce vibrations. Thanks to the rubber damper, the working generator will not damage the floor covering, and the frame coating will not be scratched.<\/td>\n<\/tr>\n<tr class=\"odd\">\n<td><img loading=\"lazy\" decoding=\"async\" src=\"https:\/\/staging.genekas24.ee\/wp-content\/uploads\/2022\/12\/ks-9100hde-1-3-atsr_macro_accessories.jpg\" alt=\"Accessories set\" width=\"300\" height=\"300\" \/><\/td>\n<td><strong>ACCESSORIES SET<\/strong><\/p>\n<p>Generator is equipped with additional accessories: a portable 2P+PE 16A 230V power plug, a portable 2P+E 230V 32A power plug, a 8x10mm hook key, 12x14mm and 17x19mm keyholes and a two way 6.0mm PH2 screwdriver.<\/p>\n<p>&nbsp;<\/td>\n<\/tr>\n<\/tbody>\n<\/table>\n<p><em><span style=\"font-size: 14px;\">***Fuel consumption depends on many factors: load, fuel quality, season, altitude and generator technical condition.<\/span><\/em><\/p>","protected":false},"excerpt":{"rendered":"<table>\n<tbody>\n<tr class=\"even\">\n<td width=\"60%\">Voltage<\/td>\n<td>\n<div class=\"attribute row\">\n<div class=\"col-xs-6\">230<\/div>\n<\/div>\n<\/td>\n<\/tr>\n<tr class=\"odd\">\n<td>\n<div class=\"col-xs-6\">Max power, kW<\/div>\n<\/td>\n<td>6.5<\/td>\n<\/tr>\n<tr class=\"even\">\n<td>\n<div class=\"col-xs-6\">Nominal v\u00f5imsus, kW<\/div>\n<\/td>\n<td>6.0<\/td>\n<\/tr>\n<tr class=\"odd\">\n<td>\n<div class=\"col-xs-6\">Frequency, Hz<\/div>\n<\/td>\n<td>50<\/td>\n<\/tr>\n<tr class=\"even\">\n<td>\n<div class=\"col-xs-6\">Current (max), \u0410<\/div>\n<\/td>\n<td>\n<div class=\"attribute row\">\n<div class=\"col-xs-6\">28.26<\/div>\n<\/div>\n<\/td>\n<\/tr>\n<tr class=\"odd\">\n<td>Outlets<\/td>\n<td>\n<div class=\"attribute row\">\n<div class=\"col-xs-6\">1 x Schuko 230 V<br \/>\n1 x CEE 230 V 32 A<\/div>\n<\/div>\n<\/td>\n<\/tr>\n<tr class=\"even\">\n<td>\n<div class=\"col-xs-6\">Avg. working time (power 50%), h***<\/div>\n<\/td>\n<td>6.9<\/td>\n<\/tr>\n<tr class=\"odd\">\n<td>\n<div class=\"col-xs-6\">LED display<\/div>\n<\/td>\n<td>\n<div class=\"attribute row\">\n<div class=\"col-xs-6\">Voltage, frequency, working hours<\/div>\n<\/div>\n<\/td>\n<\/tr>\n<tr class=\"even\">\n<td>\n<div class=\"col-xs-6\">Noise level Lpa (7m)\/Lwa, dB<\/div>\n<\/td>\n<td>\n<div class=\"attribute row\">\n<div class=\"col-xs-6\">71\/96<\/div>\n<\/div>\n<\/td>\n<\/tr>\n<tr class=\"odd\">\n<td>\n<div class=\"col-xs-6\">Power output DC, V\/\u0410<\/div>\n<\/td>\n<td>\n<div class=\"attribute row\">\n<div class=\"col-xs-6\">12\/8.3<\/div>\n<\/div>\n<\/td>\n<\/tr>\n<tr class=\"even\">\n<td>\n<div class=\"col-xs-6\">Engine type<\/div>\n<\/td>\n<td>\n<div class=\"attribute row\">\n<div class=\"col-xs-6\">Diesel powered one-cylinder, four-stroke air-cooled<\/div>\n<\/div>\n<\/td>\n<\/tr>\n<tr class=\"odd\">\n<td>\n<div class=\"col-xs-6\">Engine model<\/div>\n<\/td>\n<td>\n<div class=\"attribute row\">\n<div class=\"col-xs-6\">KS 480HD-V<\/div>\n<\/div>\n<\/td>\n<\/tr>\n<tr class=\"even\">\n<td>\n<div class=\"col-xs-6\">Engine power, hp\/kW<\/div>\n<\/td>\n<td>\n<div class=\"attribute row\">\n<div class=\"col-xs-6\">14.0\/10.3<\/div>\n<\/div>\n<\/td>\n<\/tr>\n<tr class=\"odd\">\n<td>Preheater<\/td>\n<td>+<\/td>\n<\/tr>\n<tr class=\"even\">\n<td>\n<div class=\"col-xs-6\">Fuel tank volume, l<\/div>\n<\/td>\n<td>11<\/td>\n<\/tr>\n<tr class=\"odd\">\n<td>\n<div class=\"col-xs-6\">Crank case volume, L<\/div>\n<\/td>\n<td>\n<div class=\"attribute row\">\n<div class=\"col-xs-6\">1.65<\/div>\n<\/div>\n<\/td>\n<\/tr>\n<tr class=\"even\">\n<td>\n<div class=\"col-xs-6\">Engine cylinder volume, cm3<\/div>\n<\/td>\n<td>456<\/td>\n<\/tr>\n<tr class=\"odd\">\n<td>\n<div class=\"col-xs-6\">Power output controller<\/div>\n<\/td>\n<td>\n<div class=\"attribute row\">\n<div class=\"col-xs-6\">Intelligent voltage stabilization system AVR<\/div>\n<\/div>\n<\/td>\n<\/tr>\n<tr class=\"even\">\n<td>\n<div class=\"col-xs-6\">Engine start<\/div>\n<\/td>\n<td>\n<div class=\"attribute row\">\n<div class=\"col-xs-6\">Manual\/electric<\/div>\n<\/div>\n<\/td>\n<\/tr>\n<tr class=\"odd\">\n<td>\n<div class=\"col-xs-6\">Frame diameter<\/div>\n<\/td>\n<td>\n<div class=\"attribute row\">\n<div class=\"col-xs-6\">32 mm, round<\/div>\n<\/div>\n<\/td>\n<\/tr>\n<tr class=\"even\">\n<td>\n<div class=\"col-xs-6\">Accumulator, A\u00b7h<\/div>\n<\/td>\n<td>30<\/td>\n<\/tr>\n<tr class=\"odd\">\n<td>\n<div class=\"col-xs-6\">Output for ATS<\/div>\n<\/td>\n<td>&#8211;<\/td>\n<\/tr>\n<tr class=\"even\">\n<td>\n<div class=\"col-xs-6\">Protection class<\/div>\n<\/td>\n<td>IP23M<\/td>\n<\/tr>\n<tr>\n<td>Net dimensions (LxWxH), mm<\/td>\n<td>730\u00d7495\u00d7630<\/td>\n<\/tr>\n<tr>\n<td>Gross dimensions (LxWxH), mm<\/td>\n<td>760\u00d7550\u00d7660<\/td>\n<\/tr>\n<tr>\n<td>Net weight, kg<\/td>\n<td>117<\/td>\n<\/tr>\n<tr>\n<td>Gross weight, kg<\/td>\n<td>125<\/td>\n<\/tr>\n<tr>\n<td>EAN code<\/td>\n<td>4260405362110<\/td>\n<\/tr>\n<\/tbody>\n<\/table>\n<p>*** Fuel consumption depends on many factors, such as load, fuel quality, season, altitude, technical condition of the generator.<\/p>\n<p>Assembled in PRC.<\/p>","protected":false},"featured_media":17688,"template":"","meta":{"_acf_changed":false,"inline_featured_image":false},"product_brand":[],"product_cat":[94,22],"product_tag":[],"class_list":{"0":"post-2720","1":"product","2":"type-product","3":"status-publish","4":"has-post-thumbnail","6":"product_cat-generaatorid","7":"product_cat-diiselgeneraatorid","8":"product_shipping_class-euroalus","9":"brand-konner-sohnen","11":"first","12":"onbackorder","13":"sale","14":"featured","15":"taxable","16":"shipping-taxable","17":"purchasable","18":"product-type-simple"},"acf":[],"yoast_head":"<!-- This site is optimized with the Yoast SEO plugin v26.2 - https:\/\/yoast.com\/wordpress\/plugins\/seo\/ -->\n<title>Diiselgeneraator KS 8100HDE (EURO V) - Genekas24<\/title>\n<meta name=\"robots\" content=\"index, follow, max-snippet:-1, max-image-preview:large, max-video-preview:-1\" \/>\n<link rel=\"canonical\" href=\"https:\/\/staging.genekas24.ee\/en\/product\/diesel-generator-ks-8100hde-euro-v\/\" \/>\n<meta property=\"og:locale\" content=\"en_GB\" \/>\n<meta property=\"og:type\" content=\"article\" \/>\n<meta property=\"og:title\" content=\"Diiselgeneraator KS 8100HDE (EURO V) - Genekas24\" \/>\n<meta property=\"og:description\" content=\"Pinge   230     Max v\u00f5imsus, kW 6.5    Nominal v\u00f5imsus, kW 6.0    Sagedus, Hz 50    Vool (max), \u0410   28.26    Pistikupesad   1 x Schuko 230 V 1 x CEE 230 V 32 A     Keskmine t\u00f6\u00f6aeg (power 50%), h*** 6.9    LED-ekraan   Pinge, sagedus, t\u00f6\u00f6aeg     M\u00fcratase Lpa (7m)\/Lwa, dB   71\/96     V\u00f5imsus DC, V\/\u0410   12\/8.3     Mootori t\u00fc\u00fcp   Diiselmootoriga \u00fchesilindriline, neljataktiline \u00f5hkjahutusega     Mootori mudel   KS 480HD-V     Mootori v\u00f5imsus, hp\/kW   14.0\/10.3    Eelsoojendi +    K\u00fctusepaagi maht, l 11    Karteri maht, l   1.65     Mootori silindri t\u00f6\u00f6maht, cm3 456    Toitev\u00e4ljundi kontroller   Pinge stabiliseerimiss\u00fcsteem AVR     Mootori k\u00e4ivitamine   Manuaalne\/elektriline     Raami l\u00e4bim\u00f5\u00f5t   32 mm, round     Aku, A\u00b7h 30    ATS v\u00e4ljund -    Kaitseklass IP23M   Neto m\u00f5\u00f5dud (PxLxK), mm 730\u00d7495\u00d7630   Bruto m\u00f5\u00f5dud (PxLxK), mm 760\u00d7550\u00d7660   Netokaal, kg 117   Brutokaal, kg 125   EAN kood 4260405362110    ***K\u00fctusekulu s\u00f5ltub paljudest teguritest: nagu koormus, k\u00fctuse kvaliteet, aastaaeg, k\u00f5rgus merepinnast, generaatori tehniline seisukord.  Kokku pandud HRV-s.\" \/>\n<meta property=\"og:url\" content=\"https:\/\/staging.genekas24.ee\/en\/product\/diesel-generator-ks-8100hde-euro-v\/\" \/>\n<meta property=\"og:site_name\" content=\"Genekas24\" \/>\n<meta property=\"article:modified_time\" content=\"2025-12-31T08:52:11+00:00\" \/>\n<meta property=\"og:image\" content=\"https:\/\/staging.genekas24.ee\/wp-content\/uploads\/2022\/01\/KS-8100HDE.png\" \/>\n\t<meta property=\"og:image:width\" content=\"600\" \/>\n\t<meta property=\"og:image:height\" content=\"512\" \/>\n\t<meta property=\"og:image:type\" content=\"image\/png\" \/>\n<meta name=\"twitter:card\" content=\"summary_large_image\" \/>\n<meta name=\"twitter:label1\" content=\"Estimated reading time\" \/>\n\t<meta name=\"twitter:data1\" content=\"4 minutes\" \/>\n<script type=\"application\/ld+json\" class=\"yoast-schema-graph\">{\"@context\":\"https:\/\/schema.org\",\"@graph\":[{\"@type\":\"WebPage\",\"@id\":\"https:\/\/staging.genekas24.ee\/toode\/diiselgeneraator-ks-8100hde-euro-v\/\",\"url\":\"https:\/\/staging.genekas24.ee\/toode\/diiselgeneraator-ks-8100hde-euro-v\/\",\"name\":\"Diiselgeneraator KS 8100HDE (EURO V) - Genekas24\",\"isPartOf\":{\"@id\":\"https:\/\/staging.genekas24.ee\/#website\"},\"primaryImageOfPage\":{\"@id\":\"https:\/\/staging.genekas24.ee\/toode\/diiselgeneraator-ks-8100hde-euro-v\/#primaryimage\"},\"image\":{\"@id\":\"https:\/\/staging.genekas24.ee\/toode\/diiselgeneraator-ks-8100hde-euro-v\/#primaryimage\"},\"thumbnailUrl\":\"https:\/\/staging.genekas24.ee\/wp-content\/uploads\/2022\/01\/KS-8100HDE.png\",\"datePublished\":\"2022-01-24T13:40:46+00:00\",\"dateModified\":\"2025-12-31T08:52:11+00:00\",\"breadcrumb\":{\"@id\":\"https:\/\/staging.genekas24.ee\/toode\/diiselgeneraator-ks-8100hde-euro-v\/#breadcrumb\"},\"inLanguage\":\"en-GB\",\"potentialAction\":[{\"@type\":\"ReadAction\",\"target\":[\"https:\/\/staging.genekas24.ee\/toode\/diiselgeneraator-ks-8100hde-euro-v\/\"]}]},{\"@type\":\"ImageObject\",\"inLanguage\":\"en-GB\",\"@id\":\"https:\/\/staging.genekas24.ee\/toode\/diiselgeneraator-ks-8100hde-euro-v\/#primaryimage\",\"url\":\"https:\/\/staging.genekas24.ee\/wp-content\/uploads\/2022\/01\/KS-8100HDE.png\",\"contentUrl\":\"https:\/\/staging.genekas24.ee\/wp-content\/uploads\/2022\/01\/KS-8100HDE.png\",\"width\":600,\"height\":512},{\"@type\":\"BreadcrumbList\",\"@id\":\"https:\/\/staging.genekas24.ee\/toode\/diiselgeneraator-ks-8100hde-euro-v\/#breadcrumb\",\"itemListElement\":[{\"@type\":\"ListItem\",\"position\":1,\"name\":\"Home\",\"item\":\"https:\/\/staging.genekas24.ee\/\"},{\"@type\":\"ListItem\",\"position\":2,\"name\":\"Pood\",\"item\":\"https:\/\/staging.genekas24.ee\/pood\/\"},{\"@type\":\"ListItem\",\"position\":3,\"name\":\"Diiselgeneraator KS 8100HDE (EURO V)\"}]},{\"@type\":\"WebSite\",\"@id\":\"https:\/\/staging.genekas24.ee\/#website\",\"url\":\"https:\/\/staging.genekas24.ee\/\",\"name\":\"Genekas24\",\"description\":\"Generaatorid | K&ouml;nner S&ouml;hnen tooted | Genekas24\",\"publisher\":{\"@id\":\"https:\/\/staging.genekas24.ee\/#organization\"},\"potentialAction\":[{\"@type\":\"SearchAction\",\"target\":{\"@type\":\"EntryPoint\",\"urlTemplate\":\"https:\/\/staging.genekas24.ee\/?s={search_term_string}\"},\"query-input\":{\"@type\":\"PropertyValueSpecification\",\"valueRequired\":true,\"valueName\":\"search_term_string\"}}],\"inLanguage\":\"en-GB\"},{\"@type\":\"Organization\",\"@id\":\"https:\/\/staging.genekas24.ee\/#organization\",\"name\":\"Genekas24\",\"url\":\"https:\/\/staging.genekas24.ee\/\",\"logo\":{\"@type\":\"ImageObject\",\"inLanguage\":\"en-GB\",\"@id\":\"https:\/\/staging.genekas24.ee\/#\/schema\/logo\/image\/\",\"url\":\"https:\/\/staging.genekas24.ee\/wp-content\/uploads\/2026\/01\/genekas24-logo_black.svg\",\"contentUrl\":\"https:\/\/staging.genekas24.ee\/wp-content\/uploads\/2026\/01\/genekas24-logo_black.svg\",\"width\":840,\"height\":131,\"caption\":\"Genekas24\"},\"image\":{\"@id\":\"https:\/\/staging.genekas24.ee\/#\/schema\/logo\/image\/\"}}]}<\/script>\n<!-- \/ Yoast SEO plugin. -->","yoast_head_json":{"title":"Diiselgeneraator KS 8100HDE (EURO V) - Genekas24","robots":{"index":"index","follow":"follow","max-snippet":"max-snippet:-1","max-image-preview":"max-image-preview:large","max-video-preview":"max-video-preview:-1"},"canonical":"https:\/\/staging.genekas24.ee\/en\/product\/diesel-generator-ks-8100hde-euro-v\/","og_locale":"en_GB","og_type":"article","og_title":"Diiselgeneraator KS 8100HDE (EURO V) - Genekas24","og_description":"Pinge   230     Max v\u00f5imsus, kW 6.5    Nominal v\u00f5imsus, kW 6.0    Sagedus, Hz 50    Vool (max), \u0410   28.26    Pistikupesad   1 x Schuko 230 V 1 x CEE 230 V 32 A     Keskmine t\u00f6\u00f6aeg (power 50%), h*** 6.9    LED-ekraan   Pinge, sagedus, t\u00f6\u00f6aeg     M\u00fcratase Lpa (7m)\/Lwa, dB   71\/96     V\u00f5imsus DC, V\/\u0410   12\/8.3     Mootori t\u00fc\u00fcp   Diiselmootoriga \u00fchesilindriline, neljataktiline \u00f5hkjahutusega     Mootori mudel   KS 480HD-V     Mootori v\u00f5imsus, hp\/kW   14.0\/10.3    Eelsoojendi +    K\u00fctusepaagi maht, l 11    Karteri maht, l   1.65     Mootori silindri t\u00f6\u00f6maht, cm3 456    Toitev\u00e4ljundi kontroller   Pinge stabiliseerimiss\u00fcsteem AVR     Mootori k\u00e4ivitamine   Manuaalne\/elektriline     Raami l\u00e4bim\u00f5\u00f5t   32 mm, round     Aku, A\u00b7h 30    ATS v\u00e4ljund -    Kaitseklass IP23M   Neto m\u00f5\u00f5dud (PxLxK), mm 730\u00d7495\u00d7630   Bruto m\u00f5\u00f5dud (PxLxK), mm 760\u00d7550\u00d7660   Netokaal, kg 117   Brutokaal, kg 125   EAN kood 4260405362110    ***K\u00fctusekulu s\u00f5ltub paljudest teguritest: nagu koormus, k\u00fctuse kvaliteet, aastaaeg, k\u00f5rgus merepinnast, generaatori tehniline seisukord.  Kokku pandud HRV-s.","og_url":"https:\/\/staging.genekas24.ee\/en\/product\/diesel-generator-ks-8100hde-euro-v\/","og_site_name":"Genekas24","article_modified_time":"2025-12-31T08:52:11+00:00","og_image":[{"width":600,"height":512,"url":"https:\/\/staging.genekas24.ee\/wp-content\/uploads\/2022\/01\/KS-8100HDE.png","type":"image\/png"}],"twitter_card":"summary_large_image","twitter_misc":{"Estimated reading time":"4 minutes"},"schema":{"@context":"https:\/\/schema.org","@graph":[{"@type":"WebPage","@id":"https:\/\/staging.genekas24.ee\/toode\/diiselgeneraator-ks-8100hde-euro-v\/","url":"https:\/\/staging.genekas24.ee\/toode\/diiselgeneraator-ks-8100hde-euro-v\/","name":"Diiselgeneraator KS 8100HDE (EURO V) - Genekas24","isPartOf":{"@id":"https:\/\/staging.genekas24.ee\/#website"},"primaryImageOfPage":{"@id":"https:\/\/staging.genekas24.ee\/toode\/diiselgeneraator-ks-8100hde-euro-v\/#primaryimage"},"image":{"@id":"https:\/\/staging.genekas24.ee\/toode\/diiselgeneraator-ks-8100hde-euro-v\/#primaryimage"},"thumbnailUrl":"https:\/\/staging.genekas24.ee\/wp-content\/uploads\/2022\/01\/KS-8100HDE.png","datePublished":"2022-01-24T13:40:46+00:00","dateModified":"2025-12-31T08:52:11+00:00","breadcrumb":{"@id":"https:\/\/staging.genekas24.ee\/toode\/diiselgeneraator-ks-8100hde-euro-v\/#breadcrumb"},"inLanguage":"en-GB","potentialAction":[{"@type":"ReadAction","target":["https:\/\/staging.genekas24.ee\/toode\/diiselgeneraator-ks-8100hde-euro-v\/"]}]},{"@type":"ImageObject","inLanguage":"en-GB","@id":"https:\/\/staging.genekas24.ee\/toode\/diiselgeneraator-ks-8100hde-euro-v\/#primaryimage","url":"https:\/\/staging.genekas24.ee\/wp-content\/uploads\/2022\/01\/KS-8100HDE.png","contentUrl":"https:\/\/staging.genekas24.ee\/wp-content\/uploads\/2022\/01\/KS-8100HDE.png","width":600,"height":512},{"@type":"BreadcrumbList","@id":"https:\/\/staging.genekas24.ee\/toode\/diiselgeneraator-ks-8100hde-euro-v\/#breadcrumb","itemListElement":[{"@type":"ListItem","position":1,"name":"Home","item":"https:\/\/staging.genekas24.ee\/"},{"@type":"ListItem","position":2,"name":"Pood","item":"https:\/\/staging.genekas24.ee\/pood\/"},{"@type":"ListItem","position":3,"name":"Diiselgeneraator KS 8100HDE (EURO V)"}]},{"@type":"WebSite","@id":"https:\/\/staging.genekas24.ee\/#website","url":"https:\/\/staging.genekas24.ee\/","name":"Genekas24","description":"Generaatorid | K&ouml;nner S&ouml;hnen tooted | Genekas24","publisher":{"@id":"https:\/\/staging.genekas24.ee\/#organization"},"potentialAction":[{"@type":"SearchAction","target":{"@type":"EntryPoint","urlTemplate":"https:\/\/staging.genekas24.ee\/?s={search_term_string}"},"query-input":{"@type":"PropertyValueSpecification","valueRequired":true,"valueName":"search_term_string"}}],"inLanguage":"en-GB"},{"@type":"Organization","@id":"https:\/\/staging.genekas24.ee\/#organization","name":"Genekas24","url":"https:\/\/staging.genekas24.ee\/","logo":{"@type":"ImageObject","inLanguage":"en-GB","@id":"https:\/\/staging.genekas24.ee\/#\/schema\/logo\/image\/","url":"https:\/\/staging.genekas24.ee\/wp-content\/uploads\/2026\/01\/genekas24-logo_black.svg","contentUrl":"https:\/\/staging.genekas24.ee\/wp-content\/uploads\/2026\/01\/genekas24-logo_black.svg","width":840,"height":131,"caption":"Genekas24"},"image":{"@id":"https:\/\/staging.genekas24.ee\/#\/schema\/logo\/image\/"}}]}},"_links":{"self":[{"href":"https:\/\/staging.genekas24.ee\/en\/wp-json\/wp\/v2\/product\/2720","targetHints":{"allow":["GET"]}}],"collection":[{"href":"https:\/\/staging.genekas24.ee\/en\/wp-json\/wp\/v2\/product"}],"about":[{"href":"https:\/\/staging.genekas24.ee\/en\/wp-json\/wp\/v2\/types\/product"}],"version-history":[{"count":13,"href":"https:\/\/staging.genekas24.ee\/en\/wp-json\/wp\/v2\/product\/2720\/revisions"}],"predecessor-version":[{"id":19975,"href":"https:\/\/staging.genekas24.ee\/en\/wp-json\/wp\/v2\/product\/2720\/revisions\/19975"}],"wp:featuredmedia":[{"embeddable":true,"href":"https:\/\/staging.genekas24.ee\/en\/wp-json\/wp\/v2\/media\/17688"}],"wp:attachment":[{"href":"https:\/\/staging.genekas24.ee\/en\/wp-json\/wp\/v2\/media?parent=2720"}],"wp:term":[{"taxonomy":"product_brand","embeddable":true,"href":"https:\/\/staging.genekas24.ee\/en\/wp-json\/wp\/v2\/product_brand?post=2720"},{"taxonomy":"product_cat","embeddable":true,"href":"https:\/\/staging.genekas24.ee\/en\/wp-json\/wp\/v2\/product_cat?post=2720"},{"taxonomy":"product_tag","embeddable":true,"href":"https:\/\/staging.genekas24.ee\/en\/wp-json\/wp\/v2\/product_tag?post=2720"}],"curies":[{"name":"wp","href":"https:\/\/api.w.org\/{rel}","templated":true}]}}