{"id":2396,"date":"2021-12-06T20:45:55","date_gmt":"2021-12-06T20:45:55","guid":{"rendered":"https:\/\/staging.genekas24.ee\/?post_type=product&#038;p=2396"},"modified":"2026-01-05T16:14:30","modified_gmt":"2026-01-05T16:14:30","slug":"bensiinigeneraator-ks-10000e-3","status":"publish","type":"product","link":"https:\/\/staging.genekas24.ee\/en\/product\/gasoline-generator-ks-10000e-3\/","title":{"rendered":"Gasoline generator KS 10000E-3"},"content":{"rendered":"<p><strong>Only use the three-phase generator for three-phase consumers (400 V)!<\/strong><\/p>\n<table>\n<tbody>\n<tr class=\"even\">\n<td><a href=\"https:\/\/staging.genekas24.ee\/wp-content\/uploads\/2022\/10\/Dlya-tmKS1-300x300.png\" data-fancybox-group=\"gallery\"><span style=\"color: #333333;\"><img fetchpriority=\"high\" decoding=\"async\" src=\"https:\/\/staging.genekas24.ee\/wp-content\/uploads\/2022\/10\/Dlya-tmKS1-300x300.png\" alt=\"\" width=\"300\" height=\"300\" \/><\/span><\/a><\/td>\n<td>\n<p class=\"h3\"><strong>K\u00d6NNER &amp; S\u00d6HNEN ENGINES<\/strong><\/p>\n<p>Specially for the K\u00f6nner &amp; S\u00f6hnen trademark German engineers have created K&amp;S series engines, that have passed multi-hour and multi-level tests, that\u2019s why they are so reliable.<\/td>\n<\/tr>\n<tr class=\"odd\">\n<td><a href=\"https:\/\/staging.genekas24.ee\/wp-content\/uploads\/2022\/10\/ks-germany1-300x300.png\" data-fancybox-group=\"gallery\"><span style=\"color: #333333;\"><img decoding=\"async\" src=\"https:\/\/staging.genekas24.ee\/wp-content\/uploads\/2022\/10\/ks-germany1-300x300.png\" alt=\"\" width=\"300\" height=\"300\" \/><\/span><\/a><\/td>\n<td>\n<p class=\"h3\"><strong>INDIVIDUAL SERIAL NUMBERS ON ENGINES<\/strong><\/p>\n<p>K\u00f6nner &amp; S\u00f6hnen engines meet all world and European standards of quality, including the harmful emissions level and noise level. This is proved by European certificates of quality. Each engine and each generator have their own individual serial number, which allows us to control the quality of production and service.\nK\u00f6nner &amp; S\u00f6hnen motors have easy start and low vibration. The KS 3000 range of gasoline generators is equipped with a reliable 1-cylinder 7 hp engine.<\/td>\n<\/tr>\n<tr class=\"even\">\n<td><a href=\"https:\/\/staging.genekas24.ee\/wp-content\/uploads\/2022\/10\/led-ks7000e-3-300x300.png\" data-fancybox-group=\"gallery\"><span style=\"color: #333333;\"><img decoding=\"async\" src=\"https:\/\/staging.genekas24.ee\/wp-content\/uploads\/2022\/10\/led-ks7000e-3-300x300.png\" alt=\"\" width=\"300\" height=\"300\" \/><\/span><\/a><\/td>\n<td>\n<p class=\"h3\"><strong>CONVENIENT ERGONOMIC CONTROL PANEL WITH ELECTRIC START<\/strong><\/p>\n<p>Generator\u2019s ergonomic control panel allows you to easily control its operation due to the convenient functions location: a modern LED display (counter hours, frequency, voltage), electric start, emergency (circuit breaker) switch, low oil level sensor, outlets, terminals and more.<\/td>\n<\/tr>\n<tr class=\"odd\">\n<td><a href=\"https:\/\/staging.genekas24.ee\/wp-content\/uploads\/2022\/10\/panel-230-400-300x300.png\" data-fancybox-group=\"gallery\"><span style=\"color: #333333;\"><img loading=\"lazy\" decoding=\"async\" src=\"https:\/\/staging.genekas24.ee\/wp-content\/uploads\/2022\/10\/panel-230-400-300x300.png\" alt=\"\" width=\"300\" height=\"300\" \/><\/span><\/a><\/td>\n<td><strong>230V OR 400V<\/strong><\/p>\n<p>The presented series includes models for single- and three-phase consumers. The generator control panel with the ATS function has corresponding 230V and 400V mains terminals.<\/p>\n<p>&nbsp;<\/td>\n<\/tr>\n<tr class=\"even\">\n<td><a href=\"https:\/\/staging.genekas24.ee\/wp-content\/uploads\/2022\/10\/alternator.jpg\" data-fancybox-group=\"gallery\"><span style=\"color: #333333;\"><img loading=\"lazy\" decoding=\"async\" class=\"\" src=\"https:\/\/staging.genekas24.ee\/wp-content\/uploads\/2022\/10\/alternator.jpg\" alt=\"\" width=\"300\" height=\"300\" \/><\/span><\/a><\/td>\n<td><strong>ALTERNATOR WITH 100% COPPER WINDING<\/strong><\/p>\n<p>TM K\u00f6nner &amp; S\u00f6hnen generators are equipped with a high-end synchronous alternator with 100% copper winding. It is only the copper winding that can withstand maximum loads without any damage to ensure long-term reliable operation of the generator set.<\/td>\n<\/tr>\n<tr class=\"odd\">\n<td><a href=\"https:\/\/staging.genekas24.ee\/wp-content\/uploads\/2022\/10\/KS-10000E-ATS-6-300x255.jpg\" data-fancybox-group=\"gallery\"><span style=\"color: #333333;\"><img loading=\"lazy\" decoding=\"async\" src=\"https:\/\/staging.genekas24.ee\/wp-content\/uploads\/2022\/10\/KS-10000E-ATS-6-300x255.jpg\" alt=\"\" width=\"300\" height=\"300\" \/><\/span><\/a><\/td>\n<td><strong>EASY START SYSTEM<\/strong><\/p>\n<p>Easy start system system allows you to start the engine quickly and to do this without much effort. For ease of use, generators of this type have two types of startup \u2013 manual and electric. More powerful models are additionally equipped with an electric start system.<\/td>\n<\/tr>\n<tr class=\"even\">\n<td><a href=\"https:\/\/staging.genekas24.ee\/wp-content\/uploads\/2022\/10\/Bak1-300x300.png\" data-fancybox-group=\"gallery\"><span style=\"color: #333333;\"><img loading=\"lazy\" decoding=\"async\" src=\"https:\/\/staging.genekas24.ee\/wp-content\/uploads\/2022\/10\/Bak1-300x300.png\" alt=\"\" width=\"300\" height=\"300\" \/><\/span><\/a><\/td>\n<td><strong>STEEL TANK<\/strong><\/p>\n<p>\u201cK\u00f6nner &amp; S\u00f6hnen\u201d generators are equipped with an enlarged steel fuel tank, which extends the generator\u2019s operating time without refueling. The fuel level indicator is located on the tank for ease of use.<\/td>\n<\/tr>\n<tr class=\"odd\">\n<td><a href=\"https:\/\/staging.genekas24.ee\/wp-content\/uploads\/2022\/10\/reduced-vibration-300x276.jpg\" data-fancybox-group=\"gallery\"><span style=\"color: #333333;\"><img loading=\"lazy\" decoding=\"async\" src=\"https:\/\/staging.genekas24.ee\/wp-content\/uploads\/2022\/10\/reduced-vibration-300x276.jpg\" alt=\"\" width=\"300\" height=\"300\" \/><\/span><\/a><\/td>\n<td><strong>DAMPERS TO LOWER VIBRATION<\/strong><\/p>\n<p>All models of the K\u00f6nner &amp; S\u00f6hnen generators are equipped with rubber feet to reduce vibrations. Thanks to the rubber damper, the working generator will not damage the floor covering, and the frame coating will not be scratched.<\/td>\n<\/tr>\n<\/tbody>\n<\/table>\n<p><em><span style=\"font-size: 14px;\">***Fuel consumption depends on many factors: load, fuel quality, season, altitude and generator technical condition.<\/span><\/em><\/p>","protected":false},"excerpt":{"rendered":"<table>\n<tbody>\n<tr class=\"even\">\n<td width=\"60%\">Voltage<\/td>\n<td>400<\/td>\n<\/tr>\n<tr class=\"odd\">\n<td>\n<div class=\"col-xs-6\">Max power, kW<\/div>\n<\/td>\n<td>8.0<\/td>\n<\/tr>\n<tr class=\"even\">\n<td>\n<div class=\"col-xs-6\">Nominal power, kW<\/div>\n<\/td>\n<td>7.5<\/td>\n<\/tr>\n<tr class=\"odd\">\n<td>\n<div class=\"col-xs-6\">Frequency, Hz<\/div>\n<\/td>\n<td>50<\/td>\n<\/tr>\n<tr class=\"even\">\n<td>\n<div class=\"col-xs-6\">Current (max), \u0410<\/div>\n<\/td>\n<td>\n<div class=\"attribute row\">\n<div class=\"col-xs-6\">14.45<\/div>\n<\/div>\n<\/td>\n<\/tr>\n<tr class=\"odd\">\n<td>Outlets<\/td>\n<td>\n<div class=\"attribute row\">\n<div class=\"col-xs-6\">1 x Schuko 230 V<br \/>\n1 x CEE 400 V 16 A<\/div>\n<\/div>\n<\/td>\n<\/tr>\n<tr class=\"even\">\n<td>\n<div class=\"col-xs-6\">Fuel tank volume, l<\/div>\n<\/td>\n<td>25<\/td>\n<\/tr>\n<tr class=\"odd\">\n<td>\n<div class=\"col-xs-6\">Avg. working time (power 50%), h***<\/div>\n<\/td>\n<td>15<\/td>\n<\/tr>\n<tr class=\"even\">\n<td>\n<div class=\"col-xs-6\">LED display<\/div>\n<\/td>\n<td>\n<div class=\"attribute row\">\n<div class=\"col-xs-6\">Voltage, frequency, working hours<\/div>\n<\/div>\n<\/td>\n<\/tr>\n<tr class=\"odd\">\n<td>\n<div class=\"col-xs-6\">Noise level Lpa (7m)\/Lwa, dB<\/div>\n<\/td>\n<td>\n<div class=\"attribute row\">\n<div class=\"col-xs-6\">71\/96<\/div>\n<\/div>\n<\/td>\n<\/tr>\n<tr class=\"even\">\n<td>\n<div class=\"col-xs-6\">Power output DC, V\/\u0410<\/div>\n<\/td>\n<td>\n<div class=\"attribute row\">\n<div class=\"col-xs-6\">12\/8.3<\/div>\n<\/div>\n<\/td>\n<\/tr>\n<tr class=\"odd\">\n<td>\n<div class=\"col-xs-6\">Engine model<\/div>\n<\/td>\n<td>\n<div class=\"attribute row\">\n<div class=\"col-xs-6\">KS 440<\/div>\n<\/div>\n<\/td>\n<\/tr>\n<tr class=\"even\">\n<td>\n<div class=\"col-xs-6\">Engine type<\/div>\n<\/td>\n<td>\n<div class=\"attribute row\">\n<div class=\"col-xs-6\">Gasoline powered one-cylinder, four-stroke air-cooled<\/div>\n<\/div>\n<\/td>\n<\/tr>\n<tr class=\"odd\">\n<td>\n<div class=\"col-xs-6\">Engine power, hp\/kW<\/div>\n<\/td>\n<td>\n<div class=\"attribute row\">\n<div class=\"col-xs-6\">18.0\/13.24<\/div>\n<\/div>\n<\/td>\n<\/tr>\n<tr class=\"even\">\n<td>\n<div class=\"col-xs-6\">Crank case volume, L<\/div>\n<\/td>\n<td>\n<div class=\"attribute row\">\n<div class=\"col-xs-6\">1.2<\/div>\n<\/div>\n<\/td>\n<\/tr>\n<tr class=\"odd\">\n<td>\n<div class=\"col-xs-6\">Engine cylinder volume, cm3<\/div>\n<\/td>\n<td>440<\/td>\n<\/tr>\n<tr class=\"even\">\n<td>\n<div class=\"col-xs-6\">Power output controller<\/div>\n<\/td>\n<td>\n<div class=\"attribute row\">\n<div class=\"col-xs-6\">Intelligent voltage stabilization system AVR<\/div>\n<\/div>\n<\/td>\n<\/tr>\n<tr class=\"odd\">\n<td>\n<div class=\"col-xs-6\">Engine start<\/div>\n<\/td>\n<td>\n<div class=\"attribute row\">\n<div class=\"col-xs-6\">Manual\/electric<\/div>\n<\/div>\n<\/td>\n<\/tr>\n<tr class=\"even\">\n<td>\n<div class=\"col-xs-6\">Protection class<\/div>\n<\/td>\n<td>\n<div class=\"attribute row\">\n<div class=\"col-xs-6\">IP23M<\/div>\n<\/div>\n<\/td>\n<\/tr>\n<tr>\n<td>Net dimensions (LxWxH), mm<\/td>\n<td>680x545x550<\/td>\n<\/tr>\n<tr>\n<td>Gross dimensions (LxWxH), mm<\/td>\n<td>700x545x590<\/td>\n<\/tr>\n<tr>\n<td>Net weight, kg<\/td>\n<td>88.0<\/td>\n<\/tr>\n<tr>\n<td>Gross weight, kg<\/td>\n<td>90.4<\/td>\n<\/tr>\n<tr>\n<td>EAN code<\/td>\n<td>4260405361182<\/td>\n<\/tr>\n<\/tbody>\n<\/table>\n<p>Assembled in PRC.<\/p>\n<p>*** Fuel consumption depends on many factors, such as load, fuel quality, season, altitude, technical condition of the generator.<\/p>","protected":false},"featured_media":17702,"template":"","meta":{"_acf_changed":false,"inline_featured_image":false},"product_brand":[],"product_cat":[179,94,21],"product_tag":[],"class_list":{"0":"post-2396","1":"product","2":"type-product","3":"status-publish","4":"has-post-thumbnail","6":"product_cat-allahinnatud","7":"product_cat-generaatorid","8":"product_cat-bensiinigeneraatorid","9":"product_shipping_class-poolalus","10":"brand-konner-sohnen","12":"first","13":"onbackorder","14":"sale","15":"featured","16":"taxable","17":"shipping-taxable","18":"purchasable","19":"product-type-simple"},"acf":[],"yoast_head":"<!-- This site is optimized with the Yoast SEO plugin v26.2 - https:\/\/yoast.com\/wordpress\/plugins\/seo\/ -->\n<title>Bensiinigeneraator KS 10000E-3 - Genekas24<\/title>\n<meta name=\"robots\" content=\"index, follow, max-snippet:-1, max-image-preview:large, max-video-preview:-1\" \/>\n<link rel=\"canonical\" href=\"https:\/\/staging.genekas24.ee\/en\/product\/gasoline-generator-ks-10000e-3\/\" \/>\n<meta property=\"og:locale\" content=\"en_GB\" \/>\n<meta property=\"og:type\" content=\"article\" \/>\n<meta property=\"og:title\" content=\"Bensiinigeneraator KS 10000E-3 - Genekas24\" \/>\n<meta property=\"og:description\" content=\"Pinge 400    Max v\u00f5imsus, kW 8.0    Nominaalne v\u00f5imsus, kW 7.5    Sagedus, Hz 50    Vool (max), \u0410   14.45    Pistikupesad   1 x Schuko 230 V 1 x CEE 400 V 16 A     K\u00fctusepaagi maht, l 25    Keskmine t\u00f6\u00f6aeg (power 50%), h*** 15    LED-ekraan   Pinge, sagedus, t\u00f6\u00f6aeg     M\u00fcratase Lpa (7m)\/Lwa, dB   71\/96     V\u00f5imsus DC, V\/\u0410   12\/8.3     Mootori mudel   KS 440     Mootori t\u00fc\u00fcp   Bensiinimootoriga \u00fchesilindriline, neljataktiline \u00f5hkjahutusega     Mootori v\u00f5imsus, hp\/kW   18.0\/13.24     Karteri maht, l   1.2     Mootori silindri maht, cm3 440    Toitev\u00e4ljundi kontroller   Pinge stabiliseerimiss\u00fcsteem AVR     Mootori k\u00e4ivitamine   Manuaal\/elektriline     Kaitseklass   IP23M    Neto m\u00f5\u00f5dud (PxLxK), mm 680x545x550   Bruto m\u00f5\u00f5dud (PxLxK), mm 700x545x590   Netokaal, kg 88.0   Brutokaal, kg 90.4   EAN kood 4260405361182    Kokku pandud HRV-s.  *** K\u00fctusekulu s\u00f5ltub paljudest teguritest, nagu koormus, k\u00fctuse kvaliteet, aastaaeg, k\u00f5rgus merepinnast, generaatori tehniline seisukord.\" \/>\n<meta property=\"og:url\" content=\"https:\/\/staging.genekas24.ee\/en\/product\/gasoline-generator-ks-10000e-3\/\" \/>\n<meta property=\"og:site_name\" content=\"Genekas24\" \/>\n<meta property=\"article:modified_time\" content=\"2026-01-05T16:14:30+00:00\" \/>\n<meta property=\"og:image\" content=\"https:\/\/staging.genekas24.ee\/wp-content\/uploads\/2021\/12\/KS-10000E-3-6.png\" \/>\n\t<meta property=\"og:image:width\" content=\"600\" \/>\n\t<meta property=\"og:image:height\" content=\"475\" \/>\n\t<meta property=\"og:image:type\" content=\"image\/png\" \/>\n<meta name=\"twitter:card\" content=\"summary_large_image\" \/>\n<meta name=\"twitter:label1\" content=\"Estimated reading time\" \/>\n\t<meta name=\"twitter:data1\" content=\"4 minutes\" \/>\n<script type=\"application\/ld+json\" class=\"yoast-schema-graph\">{\"@context\":\"https:\/\/schema.org\",\"@graph\":[{\"@type\":\"WebPage\",\"@id\":\"https:\/\/staging.genekas24.ee\/toode\/bensiinigeneraator-ks-10000e-3\/\",\"url\":\"https:\/\/staging.genekas24.ee\/toode\/bensiinigeneraator-ks-10000e-3\/\",\"name\":\"Bensiinigeneraator KS 10000E-3 - Genekas24\",\"isPartOf\":{\"@id\":\"https:\/\/staging.genekas24.ee\/#website\"},\"primaryImageOfPage\":{\"@id\":\"https:\/\/staging.genekas24.ee\/toode\/bensiinigeneraator-ks-10000e-3\/#primaryimage\"},\"image\":{\"@id\":\"https:\/\/staging.genekas24.ee\/toode\/bensiinigeneraator-ks-10000e-3\/#primaryimage\"},\"thumbnailUrl\":\"https:\/\/staging.genekas24.ee\/wp-content\/uploads\/2021\/12\/KS-10000E-3-6.png\",\"datePublished\":\"2021-12-06T20:45:55+00:00\",\"dateModified\":\"2026-01-05T16:14:30+00:00\",\"breadcrumb\":{\"@id\":\"https:\/\/staging.genekas24.ee\/toode\/bensiinigeneraator-ks-10000e-3\/#breadcrumb\"},\"inLanguage\":\"en-GB\",\"potentialAction\":[{\"@type\":\"ReadAction\",\"target\":[\"https:\/\/staging.genekas24.ee\/toode\/bensiinigeneraator-ks-10000e-3\/\"]}]},{\"@type\":\"ImageObject\",\"inLanguage\":\"en-GB\",\"@id\":\"https:\/\/staging.genekas24.ee\/toode\/bensiinigeneraator-ks-10000e-3\/#primaryimage\",\"url\":\"https:\/\/staging.genekas24.ee\/wp-content\/uploads\/2021\/12\/KS-10000E-3-6.png\",\"contentUrl\":\"https:\/\/staging.genekas24.ee\/wp-content\/uploads\/2021\/12\/KS-10000E-3-6.png\",\"width\":600,\"height\":475},{\"@type\":\"BreadcrumbList\",\"@id\":\"https:\/\/staging.genekas24.ee\/toode\/bensiinigeneraator-ks-10000e-3\/#breadcrumb\",\"itemListElement\":[{\"@type\":\"ListItem\",\"position\":1,\"name\":\"Home\",\"item\":\"https:\/\/staging.genekas24.ee\/\"},{\"@type\":\"ListItem\",\"position\":2,\"name\":\"Pood\",\"item\":\"https:\/\/staging.genekas24.ee\/pood\/\"},{\"@type\":\"ListItem\",\"position\":3,\"name\":\"Bensiinigeneraator KS 10000E-3\"}]},{\"@type\":\"WebSite\",\"@id\":\"https:\/\/staging.genekas24.ee\/#website\",\"url\":\"https:\/\/staging.genekas24.ee\/\",\"name\":\"Genekas24\",\"description\":\"Generaatorid | K&ouml;nner S&ouml;hnen tooted | Genekas24\",\"publisher\":{\"@id\":\"https:\/\/staging.genekas24.ee\/#organization\"},\"potentialAction\":[{\"@type\":\"SearchAction\",\"target\":{\"@type\":\"EntryPoint\",\"urlTemplate\":\"https:\/\/staging.genekas24.ee\/?s={search_term_string}\"},\"query-input\":{\"@type\":\"PropertyValueSpecification\",\"valueRequired\":true,\"valueName\":\"search_term_string\"}}],\"inLanguage\":\"en-GB\"},{\"@type\":\"Organization\",\"@id\":\"https:\/\/staging.genekas24.ee\/#organization\",\"name\":\"Genekas24\",\"url\":\"https:\/\/staging.genekas24.ee\/\",\"logo\":{\"@type\":\"ImageObject\",\"inLanguage\":\"en-GB\",\"@id\":\"https:\/\/staging.genekas24.ee\/#\/schema\/logo\/image\/\",\"url\":\"https:\/\/staging.genekas24.ee\/wp-content\/uploads\/2026\/01\/genekas24-logo_black.svg\",\"contentUrl\":\"https:\/\/staging.genekas24.ee\/wp-content\/uploads\/2026\/01\/genekas24-logo_black.svg\",\"width\":840,\"height\":131,\"caption\":\"Genekas24\"},\"image\":{\"@id\":\"https:\/\/staging.genekas24.ee\/#\/schema\/logo\/image\/\"}}]}<\/script>\n<!-- \/ Yoast SEO plugin. -->","yoast_head_json":{"title":"Bensiinigeneraator KS 10000E-3 - Genekas24","robots":{"index":"index","follow":"follow","max-snippet":"max-snippet:-1","max-image-preview":"max-image-preview:large","max-video-preview":"max-video-preview:-1"},"canonical":"https:\/\/staging.genekas24.ee\/en\/product\/gasoline-generator-ks-10000e-3\/","og_locale":"en_GB","og_type":"article","og_title":"Bensiinigeneraator KS 10000E-3 - Genekas24","og_description":"Pinge 400    Max v\u00f5imsus, kW 8.0    Nominaalne v\u00f5imsus, kW 7.5    Sagedus, Hz 50    Vool (max), \u0410   14.45    Pistikupesad   1 x Schuko 230 V 1 x CEE 400 V 16 A     K\u00fctusepaagi maht, l 25    Keskmine t\u00f6\u00f6aeg (power 50%), h*** 15    LED-ekraan   Pinge, sagedus, t\u00f6\u00f6aeg     M\u00fcratase Lpa (7m)\/Lwa, dB   71\/96     V\u00f5imsus DC, V\/\u0410   12\/8.3     Mootori mudel   KS 440     Mootori t\u00fc\u00fcp   Bensiinimootoriga \u00fchesilindriline, neljataktiline \u00f5hkjahutusega     Mootori v\u00f5imsus, hp\/kW   18.0\/13.24     Karteri maht, l   1.2     Mootori silindri maht, cm3 440    Toitev\u00e4ljundi kontroller   Pinge stabiliseerimiss\u00fcsteem AVR     Mootori k\u00e4ivitamine   Manuaal\/elektriline     Kaitseklass   IP23M    Neto m\u00f5\u00f5dud (PxLxK), mm 680x545x550   Bruto m\u00f5\u00f5dud (PxLxK), mm 700x545x590   Netokaal, kg 88.0   Brutokaal, kg 90.4   EAN kood 4260405361182    Kokku pandud HRV-s.  *** K\u00fctusekulu s\u00f5ltub paljudest teguritest, nagu koormus, k\u00fctuse kvaliteet, aastaaeg, k\u00f5rgus merepinnast, generaatori tehniline seisukord.","og_url":"https:\/\/staging.genekas24.ee\/en\/product\/gasoline-generator-ks-10000e-3\/","og_site_name":"Genekas24","article_modified_time":"2026-01-05T16:14:30+00:00","og_image":[{"width":600,"height":475,"url":"https:\/\/staging.genekas24.ee\/wp-content\/uploads\/2021\/12\/KS-10000E-3-6.png","type":"image\/png"}],"twitter_card":"summary_large_image","twitter_misc":{"Estimated reading time":"4 minutes"},"schema":{"@context":"https:\/\/schema.org","@graph":[{"@type":"WebPage","@id":"https:\/\/staging.genekas24.ee\/toode\/bensiinigeneraator-ks-10000e-3\/","url":"https:\/\/staging.genekas24.ee\/toode\/bensiinigeneraator-ks-10000e-3\/","name":"Bensiinigeneraator KS 10000E-3 - Genekas24","isPartOf":{"@id":"https:\/\/staging.genekas24.ee\/#website"},"primaryImageOfPage":{"@id":"https:\/\/staging.genekas24.ee\/toode\/bensiinigeneraator-ks-10000e-3\/#primaryimage"},"image":{"@id":"https:\/\/staging.genekas24.ee\/toode\/bensiinigeneraator-ks-10000e-3\/#primaryimage"},"thumbnailUrl":"https:\/\/staging.genekas24.ee\/wp-content\/uploads\/2021\/12\/KS-10000E-3-6.png","datePublished":"2021-12-06T20:45:55+00:00","dateModified":"2026-01-05T16:14:30+00:00","breadcrumb":{"@id":"https:\/\/staging.genekas24.ee\/toode\/bensiinigeneraator-ks-10000e-3\/#breadcrumb"},"inLanguage":"en-GB","potentialAction":[{"@type":"ReadAction","target":["https:\/\/staging.genekas24.ee\/toode\/bensiinigeneraator-ks-10000e-3\/"]}]},{"@type":"ImageObject","inLanguage":"en-GB","@id":"https:\/\/staging.genekas24.ee\/toode\/bensiinigeneraator-ks-10000e-3\/#primaryimage","url":"https:\/\/staging.genekas24.ee\/wp-content\/uploads\/2021\/12\/KS-10000E-3-6.png","contentUrl":"https:\/\/staging.genekas24.ee\/wp-content\/uploads\/2021\/12\/KS-10000E-3-6.png","width":600,"height":475},{"@type":"BreadcrumbList","@id":"https:\/\/staging.genekas24.ee\/toode\/bensiinigeneraator-ks-10000e-3\/#breadcrumb","itemListElement":[{"@type":"ListItem","position":1,"name":"Home","item":"https:\/\/staging.genekas24.ee\/"},{"@type":"ListItem","position":2,"name":"Pood","item":"https:\/\/staging.genekas24.ee\/pood\/"},{"@type":"ListItem","position":3,"name":"Bensiinigeneraator KS 10000E-3"}]},{"@type":"WebSite","@id":"https:\/\/staging.genekas24.ee\/#website","url":"https:\/\/staging.genekas24.ee\/","name":"Genekas24","description":"Generaatorid | K&ouml;nner S&ouml;hnen tooted | Genekas24","publisher":{"@id":"https:\/\/staging.genekas24.ee\/#organization"},"potentialAction":[{"@type":"SearchAction","target":{"@type":"EntryPoint","urlTemplate":"https:\/\/staging.genekas24.ee\/?s={search_term_string}"},"query-input":{"@type":"PropertyValueSpecification","valueRequired":true,"valueName":"search_term_string"}}],"inLanguage":"en-GB"},{"@type":"Organization","@id":"https:\/\/staging.genekas24.ee\/#organization","name":"Genekas24","url":"https:\/\/staging.genekas24.ee\/","logo":{"@type":"ImageObject","inLanguage":"en-GB","@id":"https:\/\/staging.genekas24.ee\/#\/schema\/logo\/image\/","url":"https:\/\/staging.genekas24.ee\/wp-content\/uploads\/2026\/01\/genekas24-logo_black.svg","contentUrl":"https:\/\/staging.genekas24.ee\/wp-content\/uploads\/2026\/01\/genekas24-logo_black.svg","width":840,"height":131,"caption":"Genekas24"},"image":{"@id":"https:\/\/staging.genekas24.ee\/#\/schema\/logo\/image\/"}}]}},"_links":{"self":[{"href":"https:\/\/staging.genekas24.ee\/en\/wp-json\/wp\/v2\/product\/2396","targetHints":{"allow":["GET"]}}],"collection":[{"href":"https:\/\/staging.genekas24.ee\/en\/wp-json\/wp\/v2\/product"}],"about":[{"href":"https:\/\/staging.genekas24.ee\/en\/wp-json\/wp\/v2\/types\/product"}],"version-history":[{"count":11,"href":"https:\/\/staging.genekas24.ee\/en\/wp-json\/wp\/v2\/product\/2396\/revisions"}],"predecessor-version":[{"id":20782,"href":"https:\/\/staging.genekas24.ee\/en\/wp-json\/wp\/v2\/product\/2396\/revisions\/20782"}],"wp:featuredmedia":[{"embeddable":true,"href":"https:\/\/staging.genekas24.ee\/en\/wp-json\/wp\/v2\/media\/17702"}],"wp:attachment":[{"href":"https:\/\/staging.genekas24.ee\/en\/wp-json\/wp\/v2\/media?parent=2396"}],"wp:term":[{"taxonomy":"product_brand","embeddable":true,"href":"https:\/\/staging.genekas24.ee\/en\/wp-json\/wp\/v2\/product_brand?post=2396"},{"taxonomy":"product_cat","embeddable":true,"href":"https:\/\/staging.genekas24.ee\/en\/wp-json\/wp\/v2\/product_cat?post=2396"},{"taxonomy":"product_tag","embeddable":true,"href":"https:\/\/staging.genekas24.ee\/en\/wp-json\/wp\/v2\/product_tag?post=2396"}],"curies":[{"name":"wp","href":"https:\/\/api.w.org\/{rel}","templated":true}]}}