{"id":22076,"date":"2026-01-11T10:51:13","date_gmt":"2026-01-11T10:51:13","guid":{"rendered":"https:\/\/staging.genekas24.ee\/?post_type=product&#038;p=22076"},"modified":"2026-01-11T10:51:13","modified_gmt":"2026-01-11T10:51:13","slug":"kineetiline-halumasin-ks-15tkg-52-35","status":"publish","type":"product","link":"https:\/\/staging.genekas24.ee\/en\/product\/kineetiline-halumasin-ks-15tkg-52-35\/","title":{"rendered":"Kineetiline halumasin KS 15TKG 52\/35"},"content":{"rendered":"<table style=\"border-collapse: collapse; width: 100%;\">\n<tbody>\n<tr>\n<td style=\"width: 15.7495%;\"><img decoding=\"async\" src=\"https:\/\/konner-sohnen.ee\/cdn\/shop\/files\/ks-15tkg-52-35_kinetic.png?v=1723486280&amp;width=500\" alt=\"Kineetilised puul\u00f5hkujad\" \/><\/td>\n<td style=\"width: 84.2505%;\">\n<h3>Kineetilised halumasinad<\/h3>\n<div class=\"text-sm\">Kineetilised halumasinad on v\u00f5imelised l\u00f5hkuma puid kuni 2 sekundiga. Teil on vaja vaid kangi t\u00f5sta ja lasta halumasinal \u00fclej\u00e4\u00e4nud t\u00f6\u00f6 teie eest \u00e4ra teha.<\/div>\n<\/td>\n<\/tr>\n<tr>\n<td style=\"width: 15.7495%;\"><img decoding=\"async\" src=\"https:\/\/konner-sohnen.ee\/cdn\/shop\/files\/ks-15tkg-52-35_engine.png?v=1723486278&amp;width=500\" alt=\"Usaldusv\u00e4\u00e4rne suure j\u00f5udlusega patenteeritud mootor\" \/><\/td>\n<td style=\"width: 84.2505%;\">\n<h3>Usaldusv\u00e4\u00e4rne suure j\u00f5udlusega patenteeritud mootor<\/h3>\n<div class=\"text-sm\">K\u00f5rge j\u00f5udlusega ja usaldusv\u00e4\u00e4rsed K&amp;S bensiinimootorid vastavad k\u00f5igile Euroopa kvaliteedistandarditele, sealhulgas uusimale EURO V heitmestandardile. Igal mootoril on oma individuaalne seerianumber, mis v\u00f5imaldab kontrollida tootmise ja teeninduse kvaliteeti.<\/div>\n<\/td>\n<\/tr>\n<tr>\n<td style=\"width: 15.7495%;\"><img decoding=\"async\" src=\"https:\/\/konner-sohnen.ee\/cdn\/shop\/files\/ks-15tkg-52-35_ax.png?v=1723486277&amp;width=500\" alt=\"Karastatud terasest l\u00f5hkumiskiil\" \/><\/td>\n<td style=\"width: 84.2505%;\">\n<h3>Karastatud terasest l\u00f5hkumiskiil<\/h3>\n<div class=\"text-sm\">L\u00f5hestuskiil on valmistatud karastatud terasest, mis on keevitatud raami k\u00fclge, talub suuri koormusi ja on v\u00f5imeline l\u00f5hestama igasuguseid palke.<\/div>\n<\/td>\n<\/tr>\n<tr>\n<td style=\"width: 15.7495%;\"><img decoding=\"async\" src=\"https:\/\/konner-sohnen.ee\/cdn\/shop\/files\/ks-15tkg-52-35_safety.png?v=1723486276&amp;width=500\" alt=\"Maksimaalne ohutus ja kasutusmugavus on tagatud:\" \/><\/td>\n<td style=\"width: 84.2505%;\">\n<h3>Maksimaalne ohutus ja kasutusmugavus on tagatud:<\/h3>\n<div class=\"text-sm\">Kahe kangiga juhtimiss\u00fcsteem tagab suurema operaatori ohutuse. K\u00f6nner &amp; S\u00f6hnen KS 15T-PC kaitsev metallv\u00f5re kaitseb kasutajat prahi, n\u00e4iteks lendavate laastude ja v\u00e4ikeste puut\u00fckkide eest, mis tekivad l\u00f5hestamise ajal. KS 8-15Table on loodud operaatori mugavuse suurendamiseks. See seade hoiab l\u00f5hestatud palgid mugaval t\u00f6\u00f6 k\u00f5rgusel. Iga palgil\u00f5hestaja komplektis on pol\u00fckarbonaatprillid ja kaitsekindad.<\/div>\n<\/td>\n<\/tr>\n<tr>\n<td style=\"width: 15.7495%;\"><img decoding=\"async\" src=\"https:\/\/konner-sohnen.ee\/cdn\/shop\/files\/ks-15tkg-52-35_wheels.png?v=1723486281&amp;width=500\" alt=\"Lihtne transportimine\" \/><\/td>\n<td style=\"width: 84.2505%;\">\n<h3>Lihtne transportimine<\/h3>\n<div class=\"text-sm\">Halumasin on varustatud ratastega, et seda oleks lihtne liigutada isegi ebatasastel pindadel, n\u00e4iteks kruusal v\u00f5i mullal.<\/div>\n<\/td>\n<\/tr>\n<\/tbody>\n<\/table>","protected":false},"excerpt":{"rendered":"<div id=\"datasheet\" class=\"section product-datasheet\">\n<div class=\"section-wrapper\">\n<div class=\"datasheet-wrapper\">\n<div class=\"right\">\n<table>\n<tbody>\n<tr>\n<td>L\u00f5hkumisj\u00f5ud, tonn<\/td>\n<td>15<\/td>\n<\/tr>\n<tr>\n<td>Engine type<\/td>\n<td>Bensiin<\/td>\n<\/tr>\n<tr>\n<td>Engine model<\/td>\n<td>KS 230<\/td>\n<\/tr>\n<tr>\n<td>Maksimaalne l\u00f5hestuspikkus, mm<\/td>\n<td>520<\/td>\n<\/tr>\n<tr>\n<td>Maksimaalne l\u00f5hestusdiameeter, mm<\/td>\n<td>350<\/td>\n<\/tr>\n<tr>\n<td>Ts\u00fckliaeg, sek<\/td>\n<td>~ 2<\/td>\n<\/tr>\n<tr>\n<td>T\u00f6\u00f6asend<\/td>\n<td>Horisontaalne<\/td>\n<\/tr>\n<tr>\n<td>Lendratta kiirus, p\/min<\/td>\n<td>450<\/td>\n<\/tr>\n<tr>\n<td>Fuel tank volume, l<\/td>\n<td>3.6<\/td>\n<\/tr>\n<tr>\n<td>V\u00e4nda karteri maht, l<\/td>\n<td>0.6<\/td>\n<\/tr>\n<tr>\n<td>Transpordirattad<\/td>\n<td>12&#8243;<\/td>\n<\/tr>\n<tr>\n<td>\u00dcldm\u00f5\u00f5tmed (PxLxK), mm<\/td>\n<td>1400x380x610<\/td>\n<\/tr>\n<tr>\n<td>Net weight, kg<\/td>\n<td>115<\/td>\n<\/tr>\n<tr>\n<td>Protection class<\/td>\n<td>IP54M<\/td>\n<\/tr>\n<tr>\n<td>Kogukaal, kg<\/td>\n<td>130.0<\/td>\n<\/tr>\n<tr>\n<td>SKU<\/td>\n<td>KS 15TKG 52\/35<\/td>\n<\/tr>\n<tr>\n<td>EAN<\/td>\n<td>4260405364152<\/td>\n<\/tr>\n<\/tbody>\n<\/table>\n<\/div>\n<\/div>\n<\/div>\n<\/div>\n<div id=\"instructions\" class=\"section product-instructions\">\n<div class=\"section-wrapper\">\n<div class=\"titles\">\n<div class=\"title-wrapper\">\n<h2 class=\"title h2\"><\/h2>\n<\/div>\n<\/div>\n<\/div>\n<\/div>","protected":false},"featured_media":22077,"template":"","meta":{"_acf_changed":false,"inline_featured_image":false},"product_brand":[],"product_cat":[159,176],"product_tag":[],"class_list":{"0":"post-22076","1":"product","2":"type-product","3":"status-publish","4":"has-post-thumbnail","6":"product_cat-aiatooriistad","7":"product_cat-halumasinad","8":"product_shipping_class-euroalus","9":"brand-konner-sohnen","11":"first","12":"instock","13":"taxable","14":"shipping-taxable","15":"purchasable","16":"product-type-simple"},"acf":[],"yoast_head":"<!-- This site is optimized with the Yoast SEO plugin v26.2 - https:\/\/yoast.com\/wordpress\/plugins\/seo\/ -->\n<title>Kineetiline halumasin KS 15TKG 52\/35 - Genekas24<\/title>\n<meta name=\"robots\" content=\"index, follow, max-snippet:-1, max-image-preview:large, max-video-preview:-1\" \/>\n<link rel=\"canonical\" href=\"https:\/\/staging.genekas24.ee\/en\/product\/kineetiline-halumasin-ks-15tkg-52-35\/\" \/>\n<meta property=\"og:locale\" content=\"en_GB\" \/>\n<meta property=\"og:type\" content=\"article\" \/>\n<meta property=\"og:title\" content=\"Kineetiline halumasin KS 15TKG 52\/35 - Genekas24\" \/>\n<meta property=\"og:description\" content=\"L\u00f5hkumisj\u00f5ud, tonn 15   Mootori t\u00fc\u00fcp Bensiin   Mootori mudel KS 230   Maksimaalne l\u00f5hestuspikkus, mm 520   Maksimaalne l\u00f5hestusdiameeter, mm 350   Ts\u00fckliaeg, sek ~ 2   T\u00f6\u00f6asend Horisontaalne   Lendratta kiirus, p\/min 450   K\u00fctusepaagi maht, l 3.6   V\u00e4nda karteri maht, l 0.6   Transpordirattad 12&quot;   \u00dcldm\u00f5\u00f5tmed (PxLxK), mm 1400x380x610   Netokaal, kg 115   Kaitseklass IP54M   Kogukaal, kg 130.0   SKU KS 15TKG 52\/35   EAN 4260405364152\" \/>\n<meta property=\"og:url\" content=\"https:\/\/staging.genekas24.ee\/en\/product\/kineetiline-halumasin-ks-15tkg-52-35\/\" \/>\n<meta property=\"og:site_name\" content=\"Genekas24\" \/>\n<meta property=\"og:image\" content=\"https:\/\/staging.genekas24.ee\/wp-content\/uploads\/2026\/01\/KS_15TKG_02.3.webp\" \/>\n\t<meta property=\"og:image:width\" content=\"1600\" \/>\n\t<meta property=\"og:image:height\" content=\"1600\" \/>\n\t<meta property=\"og:image:type\" content=\"image\/webp\" \/>\n<meta name=\"twitter:card\" content=\"summary_large_image\" \/>\n<meta name=\"twitter:label1\" content=\"Estimated reading time\" \/>\n\t<meta name=\"twitter:data1\" content=\"3 minutes\" \/>\n<script type=\"application\/ld+json\" class=\"yoast-schema-graph\">{\"@context\":\"https:\/\/schema.org\",\"@graph\":[{\"@type\":\"WebPage\",\"@id\":\"https:\/\/staging.genekas24.ee\/toode\/kineetiline-halumasin-ks-15tkg-52-35\/\",\"url\":\"https:\/\/staging.genekas24.ee\/toode\/kineetiline-halumasin-ks-15tkg-52-35\/\",\"name\":\"Kineetiline halumasin KS 15TKG 52\/35 - Genekas24\",\"isPartOf\":{\"@id\":\"https:\/\/staging.genekas24.ee\/#website\"},\"primaryImageOfPage\":{\"@id\":\"https:\/\/staging.genekas24.ee\/toode\/kineetiline-halumasin-ks-15tkg-52-35\/#primaryimage\"},\"image\":{\"@id\":\"https:\/\/staging.genekas24.ee\/toode\/kineetiline-halumasin-ks-15tkg-52-35\/#primaryimage\"},\"thumbnailUrl\":\"https:\/\/staging.genekas24.ee\/wp-content\/uploads\/2026\/01\/KS_15TKG_02.3.webp\",\"datePublished\":\"2026-01-11T10:51:13+00:00\",\"breadcrumb\":{\"@id\":\"https:\/\/staging.genekas24.ee\/toode\/kineetiline-halumasin-ks-15tkg-52-35\/#breadcrumb\"},\"inLanguage\":\"en-GB\",\"potentialAction\":[{\"@type\":\"ReadAction\",\"target\":[\"https:\/\/staging.genekas24.ee\/toode\/kineetiline-halumasin-ks-15tkg-52-35\/\"]}]},{\"@type\":\"ImageObject\",\"inLanguage\":\"en-GB\",\"@id\":\"https:\/\/staging.genekas24.ee\/toode\/kineetiline-halumasin-ks-15tkg-52-35\/#primaryimage\",\"url\":\"https:\/\/staging.genekas24.ee\/wp-content\/uploads\/2026\/01\/KS_15TKG_02.3.webp\",\"contentUrl\":\"https:\/\/staging.genekas24.ee\/wp-content\/uploads\/2026\/01\/KS_15TKG_02.3.webp\",\"width\":1600,\"height\":1600},{\"@type\":\"BreadcrumbList\",\"@id\":\"https:\/\/staging.genekas24.ee\/toode\/kineetiline-halumasin-ks-15tkg-52-35\/#breadcrumb\",\"itemListElement\":[{\"@type\":\"ListItem\",\"position\":1,\"name\":\"Home\",\"item\":\"https:\/\/staging.genekas24.ee\/\"},{\"@type\":\"ListItem\",\"position\":2,\"name\":\"Pood\",\"item\":\"https:\/\/staging.genekas24.ee\/pood\/\"},{\"@type\":\"ListItem\",\"position\":3,\"name\":\"Kineetiline halumasin KS 15TKG 52\/35\"}]},{\"@type\":\"WebSite\",\"@id\":\"https:\/\/staging.genekas24.ee\/#website\",\"url\":\"https:\/\/staging.genekas24.ee\/\",\"name\":\"Genekas24\",\"description\":\"Generaatorid | K&ouml;nner S&ouml;hnen tooted | Genekas24\",\"publisher\":{\"@id\":\"https:\/\/staging.genekas24.ee\/#organization\"},\"potentialAction\":[{\"@type\":\"SearchAction\",\"target\":{\"@type\":\"EntryPoint\",\"urlTemplate\":\"https:\/\/staging.genekas24.ee\/?s={search_term_string}\"},\"query-input\":{\"@type\":\"PropertyValueSpecification\",\"valueRequired\":true,\"valueName\":\"search_term_string\"}}],\"inLanguage\":\"en-GB\"},{\"@type\":\"Organization\",\"@id\":\"https:\/\/staging.genekas24.ee\/#organization\",\"name\":\"Genekas24\",\"url\":\"https:\/\/staging.genekas24.ee\/\",\"logo\":{\"@type\":\"ImageObject\",\"inLanguage\":\"en-GB\",\"@id\":\"https:\/\/staging.genekas24.ee\/#\/schema\/logo\/image\/\",\"url\":\"https:\/\/staging.genekas24.ee\/wp-content\/uploads\/2026\/01\/genekas24-logo_black.svg\",\"contentUrl\":\"https:\/\/staging.genekas24.ee\/wp-content\/uploads\/2026\/01\/genekas24-logo_black.svg\",\"width\":840,\"height\":131,\"caption\":\"Genekas24\"},\"image\":{\"@id\":\"https:\/\/staging.genekas24.ee\/#\/schema\/logo\/image\/\"}}]}<\/script>\n<!-- \/ Yoast SEO plugin. -->","yoast_head_json":{"title":"Kineetiline halumasin KS 15TKG 52\/35 - Genekas24","robots":{"index":"index","follow":"follow","max-snippet":"max-snippet:-1","max-image-preview":"max-image-preview:large","max-video-preview":"max-video-preview:-1"},"canonical":"https:\/\/staging.genekas24.ee\/en\/product\/kineetiline-halumasin-ks-15tkg-52-35\/","og_locale":"en_GB","og_type":"article","og_title":"Kineetiline halumasin KS 15TKG 52\/35 - Genekas24","og_description":"L\u00f5hkumisj\u00f5ud, tonn 15   Mootori t\u00fc\u00fcp Bensiin   Mootori mudel KS 230   Maksimaalne l\u00f5hestuspikkus, mm 520   Maksimaalne l\u00f5hestusdiameeter, mm 350   Ts\u00fckliaeg, sek ~ 2   T\u00f6\u00f6asend Horisontaalne   Lendratta kiirus, p\/min 450   K\u00fctusepaagi maht, l 3.6   V\u00e4nda karteri maht, l 0.6   Transpordirattad 12\"   \u00dcldm\u00f5\u00f5tmed (PxLxK), mm 1400x380x610   Netokaal, kg 115   Kaitseklass IP54M   Kogukaal, kg 130.0   SKU KS 15TKG 52\/35   EAN 4260405364152","og_url":"https:\/\/staging.genekas24.ee\/en\/product\/kineetiline-halumasin-ks-15tkg-52-35\/","og_site_name":"Genekas24","og_image":[{"width":1600,"height":1600,"url":"https:\/\/staging.genekas24.ee\/wp-content\/uploads\/2026\/01\/KS_15TKG_02.3.webp","type":"image\/webp"}],"twitter_card":"summary_large_image","twitter_misc":{"Estimated reading time":"3 minutes"},"schema":{"@context":"https:\/\/schema.org","@graph":[{"@type":"WebPage","@id":"https:\/\/staging.genekas24.ee\/toode\/kineetiline-halumasin-ks-15tkg-52-35\/","url":"https:\/\/staging.genekas24.ee\/toode\/kineetiline-halumasin-ks-15tkg-52-35\/","name":"Kineetiline halumasin KS 15TKG 52\/35 - Genekas24","isPartOf":{"@id":"https:\/\/staging.genekas24.ee\/#website"},"primaryImageOfPage":{"@id":"https:\/\/staging.genekas24.ee\/toode\/kineetiline-halumasin-ks-15tkg-52-35\/#primaryimage"},"image":{"@id":"https:\/\/staging.genekas24.ee\/toode\/kineetiline-halumasin-ks-15tkg-52-35\/#primaryimage"},"thumbnailUrl":"https:\/\/staging.genekas24.ee\/wp-content\/uploads\/2026\/01\/KS_15TKG_02.3.webp","datePublished":"2026-01-11T10:51:13+00:00","breadcrumb":{"@id":"https:\/\/staging.genekas24.ee\/toode\/kineetiline-halumasin-ks-15tkg-52-35\/#breadcrumb"},"inLanguage":"en-GB","potentialAction":[{"@type":"ReadAction","target":["https:\/\/staging.genekas24.ee\/toode\/kineetiline-halumasin-ks-15tkg-52-35\/"]}]},{"@type":"ImageObject","inLanguage":"en-GB","@id":"https:\/\/staging.genekas24.ee\/toode\/kineetiline-halumasin-ks-15tkg-52-35\/#primaryimage","url":"https:\/\/staging.genekas24.ee\/wp-content\/uploads\/2026\/01\/KS_15TKG_02.3.webp","contentUrl":"https:\/\/staging.genekas24.ee\/wp-content\/uploads\/2026\/01\/KS_15TKG_02.3.webp","width":1600,"height":1600},{"@type":"BreadcrumbList","@id":"https:\/\/staging.genekas24.ee\/toode\/kineetiline-halumasin-ks-15tkg-52-35\/#breadcrumb","itemListElement":[{"@type":"ListItem","position":1,"name":"Home","item":"https:\/\/staging.genekas24.ee\/"},{"@type":"ListItem","position":2,"name":"Pood","item":"https:\/\/staging.genekas24.ee\/pood\/"},{"@type":"ListItem","position":3,"name":"Kineetiline halumasin KS 15TKG 52\/35"}]},{"@type":"WebSite","@id":"https:\/\/staging.genekas24.ee\/#website","url":"https:\/\/staging.genekas24.ee\/","name":"Genekas24","description":"Generaatorid | K&ouml;nner S&ouml;hnen tooted | Genekas24","publisher":{"@id":"https:\/\/staging.genekas24.ee\/#organization"},"potentialAction":[{"@type":"SearchAction","target":{"@type":"EntryPoint","urlTemplate":"https:\/\/staging.genekas24.ee\/?s={search_term_string}"},"query-input":{"@type":"PropertyValueSpecification","valueRequired":true,"valueName":"search_term_string"}}],"inLanguage":"en-GB"},{"@type":"Organization","@id":"https:\/\/staging.genekas24.ee\/#organization","name":"Genekas24","url":"https:\/\/staging.genekas24.ee\/","logo":{"@type":"ImageObject","inLanguage":"en-GB","@id":"https:\/\/staging.genekas24.ee\/#\/schema\/logo\/image\/","url":"https:\/\/staging.genekas24.ee\/wp-content\/uploads\/2026\/01\/genekas24-logo_black.svg","contentUrl":"https:\/\/staging.genekas24.ee\/wp-content\/uploads\/2026\/01\/genekas24-logo_black.svg","width":840,"height":131,"caption":"Genekas24"},"image":{"@id":"https:\/\/staging.genekas24.ee\/#\/schema\/logo\/image\/"}}]}},"_links":{"self":[{"href":"https:\/\/staging.genekas24.ee\/en\/wp-json\/wp\/v2\/product\/22076","targetHints":{"allow":["GET"]}}],"collection":[{"href":"https:\/\/staging.genekas24.ee\/en\/wp-json\/wp\/v2\/product"}],"about":[{"href":"https:\/\/staging.genekas24.ee\/en\/wp-json\/wp\/v2\/types\/product"}],"version-history":[{"count":1,"href":"https:\/\/staging.genekas24.ee\/en\/wp-json\/wp\/v2\/product\/22076\/revisions"}],"predecessor-version":[{"id":22081,"href":"https:\/\/staging.genekas24.ee\/en\/wp-json\/wp\/v2\/product\/22076\/revisions\/22081"}],"wp:featuredmedia":[{"embeddable":true,"href":"https:\/\/staging.genekas24.ee\/en\/wp-json\/wp\/v2\/media\/22077"}],"wp:attachment":[{"href":"https:\/\/staging.genekas24.ee\/en\/wp-json\/wp\/v2\/media?parent=22076"}],"wp:term":[{"taxonomy":"product_brand","embeddable":true,"href":"https:\/\/staging.genekas24.ee\/en\/wp-json\/wp\/v2\/product_brand?post=22076"},{"taxonomy":"product_cat","embeddable":true,"href":"https:\/\/staging.genekas24.ee\/en\/wp-json\/wp\/v2\/product_cat?post=22076"},{"taxonomy":"product_tag","embeddable":true,"href":"https:\/\/staging.genekas24.ee\/en\/wp-json\/wp\/v2\/product_tag?post=22076"}],"curies":[{"name":"wp","href":"https:\/\/api.w.org\/{rel}","templated":true}]}}