{"id":22067,"date":"2026-01-10T11:29:18","date_gmt":"2026-01-10T11:29:18","guid":{"rendered":"https:\/\/staging.genekas24.ee\/?post_type=product&#038;p=22067"},"modified":"2026-01-10T11:29:18","modified_gmt":"2026-01-10T11:29:18","slug":"elektriline-halumasin-ks-8tke-52-35","status":"publish","type":"product","link":"https:\/\/staging.genekas24.ee\/en\/product\/elektriline-halumasin-ks-8tke-52-35\/","title":{"rendered":"Elektriline halumasin KS 8TKE 52\/35"},"content":{"rendered":"<table style=\"border-collapse: collapse; width: 100%;\">\n<tbody>\n<tr>\n<td style=\"width: 12.853%;\"><img decoding=\"async\" src=\"https:\/\/konner-sohnen.ee\/cdn\/shop\/files\/ks-8tke-52-35_kinetic.png?v=1723486280&amp;width=500\" alt=\"Kineetilised puul\u00f5hkujad\" \/><\/td>\n<td style=\"width: 87.147%;\">\n<h3>Kineetilised puul\u00f5hkujad<\/h3>\n<div class=\"text-sm\">Kineetilised puul\u00f5hkujad on v\u00f5imelised l\u00f5hkuma puid kuni 2 sekundi jooksul. Teil on vaja vaid kangi t\u00f5sta ja lasta puul\u00f5hkujal \u00fclej\u00e4\u00e4nud t\u00f6\u00f6 teie eest \u00e4ra teha.<\/div>\n<\/td>\n<\/tr>\n<tr>\n<td style=\"width: 12.853%;\"><img decoding=\"async\" src=\"https:\/\/konner-sohnen.ee\/cdn\/shop\/files\/ks-8tke-52-35_engine.png?v=1723486282&amp;width=500\" alt=\"Keskkonnas\u00f5bralik mootor\" \/><\/td>\n<td style=\"width: 87.147%;\">\n<div class=\"left\">\n<h3>Keskkonnas\u00f5bralik mootor<\/h3>\n<div class=\"text-sm\">Halumasin TM \u201cK\u00f6nner &amp; S\u00f6hnen\u201d on varustatud v\u00f5imsa, usaldusv\u00e4\u00e4rse ja keskkonnas\u00f5braliku elektrimootoriga.<\/div>\n<\/div>\n<div class=\"right\"><\/div>\n<\/td>\n<\/tr>\n<tr>\n<td style=\"width: 12.853%;\"><img decoding=\"async\" src=\"https:\/\/konner-sohnen.ee\/cdn\/shop\/files\/ks-8tke-52-35_ax.png?v=1723486278&amp;width=500\" alt=\"Karastatud terasest l\u00f5hkumiskiil\" \/><\/td>\n<td style=\"width: 87.147%;\">\n<h3>Karastatud terasest l\u00f5hkumiskiil<\/h3>\n<div class=\"text-sm\">L\u00f5hkumiskiil on valmistatud karastatud terasest, mis on keevitatud raami k\u00fclge, talub suuri koormusi ja on v\u00f5imeline l\u00f5hkuma igasuguseid palke, nii kuivi kui ka m\u00e4rgi.<\/div>\n<\/td>\n<\/tr>\n<tr>\n<td style=\"width: 12.853%;\"><img decoding=\"async\" src=\"https:\/\/konner-sohnen.ee\/cdn\/shop\/files\/ks-8tke-52-35_safety.png?v=1723486281&amp;width=500\" alt=\"maksimaalne ohutus ja kasutusmugavus on tagatud:\" \/><\/td>\n<td style=\"width: 87.147%;\">\n<h3>maksimaalne ohutus ja kasutusmugavus on tagatud:<\/h3>\n<div class=\"text-sm\">Kahe hoovaga juhtimiss\u00fcsteem tagab suurema operaatori ohutuse. Mootor on varustatud h\u00e4daseiskamisnupuga, mis suurendab operaatori ohutust puul\u00f5hkuja kasutamisel ja v\u00f5imaldab seadme kohest v\u00e4ljal\u00fclitamist etten\u00e4gematutes olukordades. K\u00f6nner &amp; S\u00f6hnen KS 8T-PC kaitsev metallv\u00f5re kaitseb kasutajat prahi, nagu lendavad laastud ja v\u00e4ikesed puut\u00fckid, eest, mis tekivad l\u00f5hkumise ajal. KS 8-15Table on loodud operaatori mugavuse suurendamiseks. See seade hoiab l\u00f5hutud palgid mugaval t\u00f6\u00f6 k\u00f5rgusel. Iga puul\u00f5hkuja komplektis on pol\u00fckarbonaatprillid, kaitsekindad.<\/div>\n<\/td>\n<\/tr>\n<tr>\n<td style=\"width: 12.853%;\"><img decoding=\"async\" src=\"https:\/\/konner-sohnen.ee\/cdn\/shop\/files\/ks-8tke-52-35_wheels.png?v=1723486280&amp;width=500\" alt=\"Lihtne transportimine\" \/><\/td>\n<td style=\"width: 87.147%;\">\n<h3>Lihtne transportimine<\/h3>\n<div class=\"text-sm\">Halumasin on varustatud ratastega, et seda oleks lihtne liigutada isegi ebatasastel pindadel, n\u00e4iteks kruusal v\u00f5i mullal.<\/div>\n<\/td>\n<\/tr>\n<\/tbody>\n<\/table>","protected":false},"excerpt":{"rendered":"<table style=\"width: 30.4347%;\">\n<tbody>\n<tr>\n<td style=\"width: 65.7659%;\">Voltage, V<\/td>\n<td style=\"width: 32.0008%;\">230<\/td>\n<\/tr>\n<tr>\n<td style=\"width: 65.7659%;\">Frequency, Hz<\/td>\n<td style=\"width: 32.0008%;\">50<\/td>\n<\/tr>\n<tr>\n<td style=\"width: 65.7659%;\">Mootori v\u00f5imsus, W<\/td>\n<td style=\"width: 32.0008%;\">2000<\/td>\n<\/tr>\n<tr>\n<td style=\"width: 65.7659%;\">L\u00f5hkumisj\u00f5ud, tonn<\/td>\n<td style=\"width: 32.0008%;\">8<\/td>\n<\/tr>\n<tr>\n<td style=\"width: 65.7659%;\">Engine type<\/td>\n<td style=\"width: 32.0008%;\">Electric<\/td>\n<\/tr>\n<tr>\n<td style=\"width: 65.7659%;\">Engine model<\/td>\n<td style=\"width: 32.0008%;\">KS ECO 2100<\/td>\n<\/tr>\n<tr>\n<td style=\"width: 65.7659%;\">Maksimaalne l\u00f5hestuspikkus, mm<\/td>\n<td style=\"width: 32.0008%;\">520<\/td>\n<\/tr>\n<tr>\n<td style=\"width: 65.7659%;\">Maksimaalne l\u00f5hestusdiameeter, mm<\/td>\n<td style=\"width: 32.0008%;\">350<\/td>\n<\/tr>\n<tr>\n<td style=\"width: 65.7659%;\">Ts\u00fckliaeg, sek<\/td>\n<td style=\"width: 32.0008%;\">~ 2<\/td>\n<\/tr>\n<tr>\n<td style=\"width: 65.7659%;\">T\u00f6\u00f6asend<\/td>\n<td style=\"width: 32.0008%;\">Horisontaalne<\/td>\n<\/tr>\n<tr>\n<td style=\"width: 65.7659%;\">Lendratta kiirus, p\/min<\/td>\n<td style=\"width: 32.0008%;\">400<\/td>\n<\/tr>\n<tr>\n<td style=\"width: 65.7659%;\">Cable length, m<\/td>\n<td style=\"width: 32.0008%;\">1.7<\/td>\n<\/tr>\n<tr>\n<td style=\"width: 65.7659%;\">Transpordirattad<\/td>\n<td style=\"width: 32.0008%;\">8\u2033<\/td>\n<\/tr>\n<tr>\n<td style=\"width: 65.7659%;\">\u00dcldm\u00f5\u00f5tmed (PxLxK), mm<\/td>\n<td style=\"width: 32.0008%;\">1270x340x780<\/td>\n<\/tr>\n<tr>\n<td style=\"width: 65.7659%;\">Net weight, kg<\/td>\n<td style=\"width: 32.0008%;\">110<\/td>\n<\/tr>\n<tr>\n<td style=\"width: 65.7659%;\">Protection class<\/td>\n<td style=\"width: 32.0008%;\">IP54M<\/td>\n<\/tr>\n<tr>\n<td style=\"width: 65.7659%;\">Kogukaal, kg<\/td>\n<td style=\"width: 32.0008%;\">130.0<\/td>\n<\/tr>\n<tr>\n<td style=\"width: 65.7659%;\">SKU<\/td>\n<td style=\"width: 32.0008%;\">KS 8TKE 52\/35<\/td>\n<\/tr>\n<tr>\n<td style=\"width: 65.7659%;\">EAN<\/td>\n<td style=\"width: 32.0008%;\">4260405364145<\/td>\n<\/tr>\n<\/tbody>\n<\/table>","protected":false},"featured_media":22068,"template":"","meta":{"_acf_changed":false,"inline_featured_image":false},"product_brand":[],"product_cat":[159,176],"product_tag":[],"class_list":{"0":"post-22067","1":"product","2":"type-product","3":"status-publish","4":"has-post-thumbnail","6":"product_cat-aiatooriistad","7":"product_cat-halumasinad","8":"product_shipping_class-euroalus","9":"brand-konner-sohnen","11":"first","12":"instock","13":"taxable","14":"shipping-taxable","15":"purchasable","16":"product-type-simple"},"acf":[],"yoast_head":"<!-- This site is optimized with the Yoast SEO plugin v26.2 - https:\/\/yoast.com\/wordpress\/plugins\/seo\/ -->\n<title>Elektriline halumasin KS 8TKE 52\/35 - Genekas24<\/title>\n<meta name=\"robots\" content=\"index, follow, max-snippet:-1, max-image-preview:large, max-video-preview:-1\" \/>\n<link rel=\"canonical\" href=\"https:\/\/staging.genekas24.ee\/en\/product\/elektriline-halumasin-ks-8tke-52-35\/\" \/>\n<meta property=\"og:locale\" content=\"en_GB\" \/>\n<meta property=\"og:type\" content=\"article\" \/>\n<meta property=\"og:title\" content=\"Elektriline halumasin KS 8TKE 52\/35 - Genekas24\" \/>\n<meta property=\"og:description\" content=\"Pinge, V 230   Sagedus, Hz 50   Mootori v\u00f5imsus, W 2000   L\u00f5hkumisj\u00f5ud, tonn 8   Mootori t\u00fc\u00fcp Elektriline   Mootori mudel KS ECO 2100   Maksimaalne l\u00f5hestuspikkus, mm 520   Maksimaalne l\u00f5hestusdiameeter, mm 350   Ts\u00fckliaeg, sek ~ 2   T\u00f6\u00f6asend Horisontaalne   Lendratta kiirus, p\/min 400   Kaabli pikkus, m 1.7   Transpordirattad 8\u2033   \u00dcldm\u00f5\u00f5tmed (PxLxK), mm 1270x340x780   Netokaal, kg 110   Kaitseklass IP54M   Kogukaal, kg 130.0   SKU KS 8TKE 52\/35   EAN 4260405364145\" \/>\n<meta property=\"og:url\" content=\"https:\/\/staging.genekas24.ee\/en\/product\/elektriline-halumasin-ks-8tke-52-35\/\" \/>\n<meta property=\"og:site_name\" content=\"Genekas24\" \/>\n<meta property=\"og:image\" content=\"https:\/\/staging.genekas24.ee\/wp-content\/uploads\/2026\/01\/KS8TKE52_35_1_1ebea57b-9e38-4270-9514-da9fbd8db6b0.webp\" \/>\n\t<meta property=\"og:image:width\" content=\"1600\" \/>\n\t<meta property=\"og:image:height\" content=\"1600\" \/>\n\t<meta property=\"og:image:type\" content=\"image\/webp\" \/>\n<meta name=\"twitter:card\" content=\"summary_large_image\" \/>\n<meta name=\"twitter:label1\" content=\"Estimated reading time\" \/>\n\t<meta name=\"twitter:data1\" content=\"3 minutes\" \/>\n<script type=\"application\/ld+json\" class=\"yoast-schema-graph\">{\"@context\":\"https:\/\/schema.org\",\"@graph\":[{\"@type\":\"WebPage\",\"@id\":\"https:\/\/staging.genekas24.ee\/toode\/elektriline-halumasin-ks-8tke-52-35\/\",\"url\":\"https:\/\/staging.genekas24.ee\/toode\/elektriline-halumasin-ks-8tke-52-35\/\",\"name\":\"Elektriline halumasin KS 8TKE 52\/35 - Genekas24\",\"isPartOf\":{\"@id\":\"https:\/\/staging.genekas24.ee\/#website\"},\"primaryImageOfPage\":{\"@id\":\"https:\/\/staging.genekas24.ee\/toode\/elektriline-halumasin-ks-8tke-52-35\/#primaryimage\"},\"image\":{\"@id\":\"https:\/\/staging.genekas24.ee\/toode\/elektriline-halumasin-ks-8tke-52-35\/#primaryimage\"},\"thumbnailUrl\":\"https:\/\/staging.genekas24.ee\/wp-content\/uploads\/2026\/01\/KS8TKE52_35_1_1ebea57b-9e38-4270-9514-da9fbd8db6b0.webp\",\"datePublished\":\"2026-01-10T11:29:18+00:00\",\"breadcrumb\":{\"@id\":\"https:\/\/staging.genekas24.ee\/toode\/elektriline-halumasin-ks-8tke-52-35\/#breadcrumb\"},\"inLanguage\":\"en-GB\",\"potentialAction\":[{\"@type\":\"ReadAction\",\"target\":[\"https:\/\/staging.genekas24.ee\/toode\/elektriline-halumasin-ks-8tke-52-35\/\"]}]},{\"@type\":\"ImageObject\",\"inLanguage\":\"en-GB\",\"@id\":\"https:\/\/staging.genekas24.ee\/toode\/elektriline-halumasin-ks-8tke-52-35\/#primaryimage\",\"url\":\"https:\/\/staging.genekas24.ee\/wp-content\/uploads\/2026\/01\/KS8TKE52_35_1_1ebea57b-9e38-4270-9514-da9fbd8db6b0.webp\",\"contentUrl\":\"https:\/\/staging.genekas24.ee\/wp-content\/uploads\/2026\/01\/KS8TKE52_35_1_1ebea57b-9e38-4270-9514-da9fbd8db6b0.webp\",\"width\":1600,\"height\":1600},{\"@type\":\"BreadcrumbList\",\"@id\":\"https:\/\/staging.genekas24.ee\/toode\/elektriline-halumasin-ks-8tke-52-35\/#breadcrumb\",\"itemListElement\":[{\"@type\":\"ListItem\",\"position\":1,\"name\":\"Home\",\"item\":\"https:\/\/staging.genekas24.ee\/\"},{\"@type\":\"ListItem\",\"position\":2,\"name\":\"Pood\",\"item\":\"https:\/\/staging.genekas24.ee\/pood\/\"},{\"@type\":\"ListItem\",\"position\":3,\"name\":\"Elektriline halumasin KS 8TKE 52\/35\"}]},{\"@type\":\"WebSite\",\"@id\":\"https:\/\/staging.genekas24.ee\/#website\",\"url\":\"https:\/\/staging.genekas24.ee\/\",\"name\":\"Genekas24\",\"description\":\"Generaatorid | K&ouml;nner S&ouml;hnen tooted | Genekas24\",\"publisher\":{\"@id\":\"https:\/\/staging.genekas24.ee\/#organization\"},\"potentialAction\":[{\"@type\":\"SearchAction\",\"target\":{\"@type\":\"EntryPoint\",\"urlTemplate\":\"https:\/\/staging.genekas24.ee\/?s={search_term_string}\"},\"query-input\":{\"@type\":\"PropertyValueSpecification\",\"valueRequired\":true,\"valueName\":\"search_term_string\"}}],\"inLanguage\":\"en-GB\"},{\"@type\":\"Organization\",\"@id\":\"https:\/\/staging.genekas24.ee\/#organization\",\"name\":\"Genekas24\",\"url\":\"https:\/\/staging.genekas24.ee\/\",\"logo\":{\"@type\":\"ImageObject\",\"inLanguage\":\"en-GB\",\"@id\":\"https:\/\/staging.genekas24.ee\/#\/schema\/logo\/image\/\",\"url\":\"https:\/\/staging.genekas24.ee\/wp-content\/uploads\/2026\/01\/genekas24-logo_black.svg\",\"contentUrl\":\"https:\/\/staging.genekas24.ee\/wp-content\/uploads\/2026\/01\/genekas24-logo_black.svg\",\"width\":840,\"height\":131,\"caption\":\"Genekas24\"},\"image\":{\"@id\":\"https:\/\/staging.genekas24.ee\/#\/schema\/logo\/image\/\"}}]}<\/script>\n<!-- \/ Yoast SEO plugin. -->","yoast_head_json":{"title":"Elektriline halumasin KS 8TKE 52\/35 - Genekas24","robots":{"index":"index","follow":"follow","max-snippet":"max-snippet:-1","max-image-preview":"max-image-preview:large","max-video-preview":"max-video-preview:-1"},"canonical":"https:\/\/staging.genekas24.ee\/en\/product\/elektriline-halumasin-ks-8tke-52-35\/","og_locale":"en_GB","og_type":"article","og_title":"Elektriline halumasin KS 8TKE 52\/35 - Genekas24","og_description":"Pinge, V 230   Sagedus, Hz 50   Mootori v\u00f5imsus, W 2000   L\u00f5hkumisj\u00f5ud, tonn 8   Mootori t\u00fc\u00fcp Elektriline   Mootori mudel KS ECO 2100   Maksimaalne l\u00f5hestuspikkus, mm 520   Maksimaalne l\u00f5hestusdiameeter, mm 350   Ts\u00fckliaeg, sek ~ 2   T\u00f6\u00f6asend Horisontaalne   Lendratta kiirus, p\/min 400   Kaabli pikkus, m 1.7   Transpordirattad 8\u2033   \u00dcldm\u00f5\u00f5tmed (PxLxK), mm 1270x340x780   Netokaal, kg 110   Kaitseklass IP54M   Kogukaal, kg 130.0   SKU KS 8TKE 52\/35   EAN 4260405364145","og_url":"https:\/\/staging.genekas24.ee\/en\/product\/elektriline-halumasin-ks-8tke-52-35\/","og_site_name":"Genekas24","og_image":[{"width":1600,"height":1600,"url":"https:\/\/staging.genekas24.ee\/wp-content\/uploads\/2026\/01\/KS8TKE52_35_1_1ebea57b-9e38-4270-9514-da9fbd8db6b0.webp","type":"image\/webp"}],"twitter_card":"summary_large_image","twitter_misc":{"Estimated reading time":"3 minutes"},"schema":{"@context":"https:\/\/schema.org","@graph":[{"@type":"WebPage","@id":"https:\/\/staging.genekas24.ee\/toode\/elektriline-halumasin-ks-8tke-52-35\/","url":"https:\/\/staging.genekas24.ee\/toode\/elektriline-halumasin-ks-8tke-52-35\/","name":"Elektriline halumasin KS 8TKE 52\/35 - Genekas24","isPartOf":{"@id":"https:\/\/staging.genekas24.ee\/#website"},"primaryImageOfPage":{"@id":"https:\/\/staging.genekas24.ee\/toode\/elektriline-halumasin-ks-8tke-52-35\/#primaryimage"},"image":{"@id":"https:\/\/staging.genekas24.ee\/toode\/elektriline-halumasin-ks-8tke-52-35\/#primaryimage"},"thumbnailUrl":"https:\/\/staging.genekas24.ee\/wp-content\/uploads\/2026\/01\/KS8TKE52_35_1_1ebea57b-9e38-4270-9514-da9fbd8db6b0.webp","datePublished":"2026-01-10T11:29:18+00:00","breadcrumb":{"@id":"https:\/\/staging.genekas24.ee\/toode\/elektriline-halumasin-ks-8tke-52-35\/#breadcrumb"},"inLanguage":"en-GB","potentialAction":[{"@type":"ReadAction","target":["https:\/\/staging.genekas24.ee\/toode\/elektriline-halumasin-ks-8tke-52-35\/"]}]},{"@type":"ImageObject","inLanguage":"en-GB","@id":"https:\/\/staging.genekas24.ee\/toode\/elektriline-halumasin-ks-8tke-52-35\/#primaryimage","url":"https:\/\/staging.genekas24.ee\/wp-content\/uploads\/2026\/01\/KS8TKE52_35_1_1ebea57b-9e38-4270-9514-da9fbd8db6b0.webp","contentUrl":"https:\/\/staging.genekas24.ee\/wp-content\/uploads\/2026\/01\/KS8TKE52_35_1_1ebea57b-9e38-4270-9514-da9fbd8db6b0.webp","width":1600,"height":1600},{"@type":"BreadcrumbList","@id":"https:\/\/staging.genekas24.ee\/toode\/elektriline-halumasin-ks-8tke-52-35\/#breadcrumb","itemListElement":[{"@type":"ListItem","position":1,"name":"Home","item":"https:\/\/staging.genekas24.ee\/"},{"@type":"ListItem","position":2,"name":"Pood","item":"https:\/\/staging.genekas24.ee\/pood\/"},{"@type":"ListItem","position":3,"name":"Elektriline halumasin KS 8TKE 52\/35"}]},{"@type":"WebSite","@id":"https:\/\/staging.genekas24.ee\/#website","url":"https:\/\/staging.genekas24.ee\/","name":"Genekas24","description":"Generaatorid | K&ouml;nner S&ouml;hnen tooted | Genekas24","publisher":{"@id":"https:\/\/staging.genekas24.ee\/#organization"},"potentialAction":[{"@type":"SearchAction","target":{"@type":"EntryPoint","urlTemplate":"https:\/\/staging.genekas24.ee\/?s={search_term_string}"},"query-input":{"@type":"PropertyValueSpecification","valueRequired":true,"valueName":"search_term_string"}}],"inLanguage":"en-GB"},{"@type":"Organization","@id":"https:\/\/staging.genekas24.ee\/#organization","name":"Genekas24","url":"https:\/\/staging.genekas24.ee\/","logo":{"@type":"ImageObject","inLanguage":"en-GB","@id":"https:\/\/staging.genekas24.ee\/#\/schema\/logo\/image\/","url":"https:\/\/staging.genekas24.ee\/wp-content\/uploads\/2026\/01\/genekas24-logo_black.svg","contentUrl":"https:\/\/staging.genekas24.ee\/wp-content\/uploads\/2026\/01\/genekas24-logo_black.svg","width":840,"height":131,"caption":"Genekas24"},"image":{"@id":"https:\/\/staging.genekas24.ee\/#\/schema\/logo\/image\/"}}]}},"_links":{"self":[{"href":"https:\/\/staging.genekas24.ee\/en\/wp-json\/wp\/v2\/product\/22067","targetHints":{"allow":["GET"]}}],"collection":[{"href":"https:\/\/staging.genekas24.ee\/en\/wp-json\/wp\/v2\/product"}],"about":[{"href":"https:\/\/staging.genekas24.ee\/en\/wp-json\/wp\/v2\/types\/product"}],"version-history":[{"count":1,"href":"https:\/\/staging.genekas24.ee\/en\/wp-json\/wp\/v2\/product\/22067\/revisions"}],"predecessor-version":[{"id":22073,"href":"https:\/\/staging.genekas24.ee\/en\/wp-json\/wp\/v2\/product\/22067\/revisions\/22073"}],"wp:featuredmedia":[{"embeddable":true,"href":"https:\/\/staging.genekas24.ee\/en\/wp-json\/wp\/v2\/media\/22068"}],"wp:attachment":[{"href":"https:\/\/staging.genekas24.ee\/en\/wp-json\/wp\/v2\/media?parent=22067"}],"wp:term":[{"taxonomy":"product_brand","embeddable":true,"href":"https:\/\/staging.genekas24.ee\/en\/wp-json\/wp\/v2\/product_brand?post=22067"},{"taxonomy":"product_cat","embeddable":true,"href":"https:\/\/staging.genekas24.ee\/en\/wp-json\/wp\/v2\/product_cat?post=22067"},{"taxonomy":"product_tag","embeddable":true,"href":"https:\/\/staging.genekas24.ee\/en\/wp-json\/wp\/v2\/product_tag?post=22067"}],"curies":[{"name":"wp","href":"https:\/\/api.w.org\/{rel}","templated":true}]}}