{"id":22028,"date":"2026-01-10T10:49:11","date_gmt":"2026-01-10T10:49:11","guid":{"rendered":"https:\/\/staging.genekas24.ee\/?post_type=product&#038;p=22028"},"modified":"2026-01-10T10:49:11","modified_gmt":"2026-01-10T10:49:11","slug":"bensiiniga-mullafrees-ks-7hp-950s","status":"publish","type":"product","link":"https:\/\/staging.genekas24.ee\/en\/product\/bensiiniga-mullafrees-ks-7hp-950s\/","title":{"rendered":"Bensiiniga mullafrees KS 7HP-950S"},"content":{"rendered":"<table style=\"border-collapse: collapse; width: 100%;\">\n<tbody>\n<tr>\n<td style=\"width: 14.1564%;\"><img decoding=\"async\" src=\"https:\/\/konner-sohnen.ee\/cdn\/shop\/files\/cultivator-engine.png?v=1723486270&amp;width=500\" alt=\"K\u00f5rge j\u00f5udlusega mootorid\" \/><\/td>\n<td style=\"width: 85.8436%;\">\n<div class=\"left\">\n<h3>K\u00f5rge j\u00f5udlusega mootorid<\/h3>\n<div class=\"text-sm\">V\u00f5imsad ja usaldusv\u00e4\u00e4rsed K&amp;S mootorid on valmistatud vastavalt k\u00f5igile Euroopa kvaliteedistandarditele, sealhulgas kaasaegsele \u00f6koloogilisele standardile EURO-V. Igal mootoril on individuaalne seerianumber, mis v\u00f5imaldab kontrollida tootmise ja teeninduse kvaliteeti.<\/div>\n<\/div>\n<div class=\"right\"><\/div>\n<\/td>\n<\/tr>\n<tr>\n<td style=\"width: 14.1564%;\"><img decoding=\"async\" src=\"https:\/\/konner-sohnen.ee\/cdn\/shop\/files\/cultivator-engine-start.png?v=1723486272&amp;width=500\" alt=\"K\u00e4sik\u00e4ivitus\" \/><\/td>\n<td style=\"width: 85.8436%;\">\n<h3>K\u00e4sik\u00e4ivitus<\/h3>\n<div class=\"text-sm\">Lihtne k\u00e4ivituss\u00fcsteem v\u00f5imaldab mootori kiiret k\u00e4ivitamist v\u00e4hese vaevaga.<\/div>\n<\/td>\n<\/tr>\n<tr>\n<td style=\"width: 14.1564%;\"><img decoding=\"async\" src=\"https:\/\/konner-sohnen.ee\/cdn\/shop\/files\/ks-7hp-950s_panel.png?v=1723486273&amp;width=500\" alt=\"Ergonoomiline juhtpaneel\" \/><\/td>\n<td style=\"width: 85.8436%;\">\n<h3>Ergonoomiline juhtpaneel<\/h3>\n<div class=\"text-sm\">Ergonoomiline juhtpaneel v\u00f5imaldab teil kiiresti juhtida ja h\u00f5lpsalt kultivaatorit juhtida. K\u00e4epidemete vertikaalse reguleerimise v\u00f5imalus 180\u00b0 ja horisontaalse 360\u00b0 v\u00f5imaldab kohandada kultivaatorit igale kasutajale, tagab lihtsa juhtimise ja mugava kultivaatori hoiustamise. Paneel on varustatud t\u00f6\u00f6riistakastiga.<\/div>\n<\/td>\n<\/tr>\n<tr>\n<td style=\"width: 14.1564%;\"><img decoding=\"async\" src=\"https:\/\/konner-sohnen.ee\/cdn\/shop\/files\/ks-7hp-950s_blades.png?v=1723486273&amp;width=500\" alt=\"Sepistatud l\u00f5ikurid\" \/><\/td>\n<td style=\"width: 85.8436%;\">\n<h3>Sepistatud l\u00f5ikurid<\/h3>\n<div class=\"text-sm\">Sepistatud m\u00f5\u00f5gakujuliste l\u00f5ikuritega kultivaator sobib igat t\u00fc\u00fcpi pinnasele, nii neitsilikule kui ka h\u00e4sti hooldatud pinnasele. Taimede kaitsed on ette n\u00e4htud taimede kaitsmiseks kobestamise ajal. L\u00f5ikurid koosnevad 4 terast. Komplektis on metallkettad.<\/div>\n<\/td>\n<\/tr>\n<tr>\n<td style=\"width: 14.1564%;\"><img decoding=\"async\" src=\"https:\/\/konner-sohnen.ee\/cdn\/shop\/files\/ks-7hp-950s_quality-in-details.png?v=1723486273&amp;width=500\" alt=\"Kvaliteet detailides\" \/><\/td>\n<td style=\"width: 85.8436%;\">\n<div class=\"left\">\n<h3>Kvaliteet detailides<\/h3>\n<div class=\"text-sm\">K\u00f5ik \u00fchendused ja kinnitusdetailid on t\u00e4iuslikult l\u00e4bi m\u00f5eldud, projekteeritud ohutusvaruga pikaajaliseks ja mugavaks kultivaatori kasutamiseks. Need mudelid on varustatud t\u00e4iendava kaitsekraaniga, et v\u00e4ltida p\u00f5letusi.<\/div>\n<\/div>\n<div class=\"right\"><\/div>\n<\/td>\n<\/tr>\n<tr>\n<td style=\"width: 14.1564%;\"><img decoding=\"async\" src=\"https:\/\/konner-sohnen.ee\/cdn\/shop\/files\/ks-7hp-950s_wheel.png?v=1723486271&amp;width=500\" alt=\"Tubeless rattad\" \/><\/td>\n<td style=\"width: 85.8436%;\">\n<h3>Tubeless rattad<\/h3>\n<div class=\"text-sm\">Mudel KS 7HP-950S on varustatud madala profiiliga tubeless-rehvidega.<\/div>\n<\/td>\n<\/tr>\n<tr>\n<td style=\"width: 14.1564%;\"><img decoding=\"async\" src=\"https:\/\/konner-sohnen.ee\/cdn\/shop\/files\/toolbox.png?v=1723486273&amp;width=500\" alt=\"T\u00f6\u00f6riistakast\" \/><\/td>\n<td style=\"width: 85.8436%;\">\n<div class=\"left\">\n<h3>T\u00f6\u00f6riistakast<\/h3>\n<div class=\"text-sm\">Mugavuse huvides on kultivaator varustatud t\u00f6\u00f6riistakastiga. N\u00fc\u00fcd on teil alati k\u00f5ige vajalikud t\u00f6\u00f6riistad k\u00e4ep\u00e4rast.<\/div>\n<\/div>\n<div class=\"right\"><\/div>\n<\/td>\n<\/tr>\n<\/tbody>\n<\/table>","protected":false},"excerpt":{"rendered":"<div id=\"datasheet\" class=\"section product-datasheet\">\n<div class=\"section-wrapper\">\n<div class=\"datasheet-wrapper\">\n<div class=\"right\">\n<table>\n<tbody>\n<tr>\n<td>Engine model<\/td>\n<td>KS 240<\/td>\n<\/tr>\n<tr>\n<td>Mootori v\u00f5imsus, hj<\/td>\n<td>7<\/td>\n<\/tr>\n<tr>\n<td>Mootori maht, cm\u00b3<\/td>\n<td>212<\/td>\n<\/tr>\n<tr>\n<td>Engine type<\/td>\n<td>Bensiin<\/td>\n<\/tr>\n<tr>\n<td>Kobestamise laius, cm<\/td>\n<td>\u2264 108<\/td>\n<\/tr>\n<tr>\n<td>Kobestamise s\u00fcgavus, maks., cm<\/td>\n<td>\u2264 31<\/td>\n<\/tr>\n<tr>\n<td>Fuel tank volume, l<\/td>\n<td>3.6<\/td>\n<\/tr>\n<tr>\n<td>V\u00e4nda karteri maht, l<\/td>\n<td>0.6<\/td>\n<\/tr>\n<tr>\n<td>K\u00e4ikude arv<\/td>\n<td>+2 +1 0 -1<\/td>\n<\/tr>\n<tr>\n<td>Reguleeritavad k\u00e4epidemed<\/td>\n<td>Vertikaalne\/horisontaalne<\/td>\n<\/tr>\n<tr>\n<td>M\u00fcra tase Lpa (7m)\/Lwa, dB<\/td>\n<td>73\/98<\/td>\n<\/tr>\n<tr>\n<td>\u00dcldm\u00f5\u00f5tmed (PxLxK), mm<\/td>\n<td>780\u00d7460\u00d7780<\/td>\n<\/tr>\n<tr>\n<td>Net weight, kg<\/td>\n<td>80<\/td>\n<\/tr>\n<tr>\n<td>Kogukaal, kg<\/td>\n<td>89.0<\/td>\n<\/tr>\n<tr>\n<td>SKU<\/td>\n<td>KS 7HP-950S<\/td>\n<\/tr>\n<tr>\n<td>EAN<\/td>\n<td>4260405363520<\/td>\n<\/tr>\n<\/tbody>\n<\/table>\n<\/div>\n<\/div>\n<\/div>\n<\/div>\n<div id=\"instructions\" class=\"section product-instructions\">\n<div class=\"section-wrapper\">\n<div class=\"titles\">\n<div class=\"title-wrapper\">\n<h2 class=\"title h2\"><\/h2>\n<\/div>\n<div class=\"nav-buttons\">\n<div class=\"prev swiper-button-disabled\" tabindex=\"-1\" role=\"button\" aria-label=\"Previous slide\" aria-controls=\"swiper-wrapper-28c4696f9c80c26d\" aria-disabled=\"true\"><\/div>\n<div class=\"next\" tabindex=\"0\" role=\"button\" aria-label=\"Next slide\" aria-controls=\"swiper-wrapper-28c4696f9c80c26d\" aria-disabled=\"false\"><\/div>\n<\/div>\n<\/div>\n<div class=\"swiper swiper-initialized swiper-horizontal swiper-backface-hidden\">\n<div id=\"swiper-wrapper-28c4696f9c80c26d\" class=\"swiper-wrapper\" aria-live=\"polite\">\n<div class=\"instruction\"><\/div>\n<\/div>\n<\/div>\n<\/div>\n<\/div>","protected":false},"featured_media":22029,"template":"","meta":{"_acf_changed":false,"inline_featured_image":false},"product_brand":[],"product_cat":[159,202],"product_tag":[],"class_list":{"0":"post-22028","1":"product","2":"type-product","3":"status-publish","4":"has-post-thumbnail","6":"product_cat-aiatooriistad","7":"product_cat-bensiiniga-mullafreesid","8":"product_shipping_class-euroalus","9":"brand-konner-sohnen","11":"first","12":"instock","13":"taxable","14":"shipping-taxable","15":"purchasable","16":"product-type-simple"},"acf":[],"yoast_head":"<!-- This site is optimized with the Yoast SEO plugin v26.2 - https:\/\/yoast.com\/wordpress\/plugins\/seo\/ -->\n<title>Bensiiniga mullafrees KS 7HP-950S - Genekas24<\/title>\n<meta name=\"robots\" content=\"index, follow, max-snippet:-1, max-image-preview:large, max-video-preview:-1\" \/>\n<link rel=\"canonical\" href=\"https:\/\/staging.genekas24.ee\/en\/product\/bensiiniga-mullafrees-ks-7hp-950s\/\" \/>\n<meta property=\"og:locale\" content=\"en_GB\" \/>\n<meta property=\"og:type\" content=\"article\" \/>\n<meta property=\"og:title\" content=\"Bensiiniga mullafrees KS 7HP-950S - Genekas24\" \/>\n<meta property=\"og:description\" content=\"Mootori mudel KS 240   Mootori v\u00f5imsus, hj 7   Mootori maht, cm\u00b3 212   Mootori t\u00fc\u00fcp Bensiin   Kobestamise laius, cm \u2264 108   Kobestamise s\u00fcgavus, maks., cm \u2264 31   K\u00fctusepaagi maht, l 3.6   V\u00e4nda karteri maht, l 0.6   K\u00e4ikude arv +2 +1 0 -1   Reguleeritavad k\u00e4epidemed Vertikaalne\/horisontaalne   M\u00fcra tase Lpa (7m)\/Lwa, dB 73\/98   \u00dcldm\u00f5\u00f5tmed (PxLxK), mm 780\u00d7460\u00d7780   Netokaal, kg 80   Kogukaal, kg 89.0   SKU KS 7HP-950S   EAN 4260405363520\" \/>\n<meta property=\"og:url\" content=\"https:\/\/staging.genekas24.ee\/en\/product\/bensiiniga-mullafrees-ks-7hp-950s\/\" \/>\n<meta property=\"og:site_name\" content=\"Genekas24\" \/>\n<meta property=\"og:image\" content=\"https:\/\/staging.genekas24.ee\/wp-content\/uploads\/2026\/01\/ks-7hp-950s_01_ed99bd43-9ad0-471d-89ee-3b8712d15e24.webp\" \/>\n\t<meta property=\"og:image:width\" content=\"1000\" \/>\n\t<meta property=\"og:image:height\" content=\"792\" \/>\n\t<meta property=\"og:image:type\" content=\"image\/webp\" \/>\n<meta name=\"twitter:card\" content=\"summary_large_image\" \/>\n<meta name=\"twitter:label1\" content=\"Estimated reading time\" \/>\n\t<meta name=\"twitter:data1\" content=\"3 minutes\" \/>\n<script type=\"application\/ld+json\" class=\"yoast-schema-graph\">{\"@context\":\"https:\/\/schema.org\",\"@graph\":[{\"@type\":\"WebPage\",\"@id\":\"https:\/\/staging.genekas24.ee\/toode\/bensiiniga-mullafrees-ks-7hp-950s\/\",\"url\":\"https:\/\/staging.genekas24.ee\/toode\/bensiiniga-mullafrees-ks-7hp-950s\/\",\"name\":\"Bensiiniga mullafrees KS 7HP-950S - Genekas24\",\"isPartOf\":{\"@id\":\"https:\/\/staging.genekas24.ee\/#website\"},\"primaryImageOfPage\":{\"@id\":\"https:\/\/staging.genekas24.ee\/toode\/bensiiniga-mullafrees-ks-7hp-950s\/#primaryimage\"},\"image\":{\"@id\":\"https:\/\/staging.genekas24.ee\/toode\/bensiiniga-mullafrees-ks-7hp-950s\/#primaryimage\"},\"thumbnailUrl\":\"https:\/\/staging.genekas24.ee\/wp-content\/uploads\/2026\/01\/ks-7hp-950s_01_ed99bd43-9ad0-471d-89ee-3b8712d15e24.webp\",\"datePublished\":\"2026-01-10T10:49:11+00:00\",\"breadcrumb\":{\"@id\":\"https:\/\/staging.genekas24.ee\/toode\/bensiiniga-mullafrees-ks-7hp-950s\/#breadcrumb\"},\"inLanguage\":\"en-GB\",\"potentialAction\":[{\"@type\":\"ReadAction\",\"target\":[\"https:\/\/staging.genekas24.ee\/toode\/bensiiniga-mullafrees-ks-7hp-950s\/\"]}]},{\"@type\":\"ImageObject\",\"inLanguage\":\"en-GB\",\"@id\":\"https:\/\/staging.genekas24.ee\/toode\/bensiiniga-mullafrees-ks-7hp-950s\/#primaryimage\",\"url\":\"https:\/\/staging.genekas24.ee\/wp-content\/uploads\/2026\/01\/ks-7hp-950s_01_ed99bd43-9ad0-471d-89ee-3b8712d15e24.webp\",\"contentUrl\":\"https:\/\/staging.genekas24.ee\/wp-content\/uploads\/2026\/01\/ks-7hp-950s_01_ed99bd43-9ad0-471d-89ee-3b8712d15e24.webp\",\"width\":1000,\"height\":792},{\"@type\":\"BreadcrumbList\",\"@id\":\"https:\/\/staging.genekas24.ee\/toode\/bensiiniga-mullafrees-ks-7hp-950s\/#breadcrumb\",\"itemListElement\":[{\"@type\":\"ListItem\",\"position\":1,\"name\":\"Home\",\"item\":\"https:\/\/staging.genekas24.ee\/\"},{\"@type\":\"ListItem\",\"position\":2,\"name\":\"Pood\",\"item\":\"https:\/\/staging.genekas24.ee\/pood\/\"},{\"@type\":\"ListItem\",\"position\":3,\"name\":\"Bensiiniga mullafrees KS 7HP-950S\"}]},{\"@type\":\"WebSite\",\"@id\":\"https:\/\/staging.genekas24.ee\/#website\",\"url\":\"https:\/\/staging.genekas24.ee\/\",\"name\":\"Genekas24\",\"description\":\"Generaatorid | K&ouml;nner S&ouml;hnen tooted | Genekas24\",\"publisher\":{\"@id\":\"https:\/\/staging.genekas24.ee\/#organization\"},\"potentialAction\":[{\"@type\":\"SearchAction\",\"target\":{\"@type\":\"EntryPoint\",\"urlTemplate\":\"https:\/\/staging.genekas24.ee\/?s={search_term_string}\"},\"query-input\":{\"@type\":\"PropertyValueSpecification\",\"valueRequired\":true,\"valueName\":\"search_term_string\"}}],\"inLanguage\":\"en-GB\"},{\"@type\":\"Organization\",\"@id\":\"https:\/\/staging.genekas24.ee\/#organization\",\"name\":\"Genekas24\",\"url\":\"https:\/\/staging.genekas24.ee\/\",\"logo\":{\"@type\":\"ImageObject\",\"inLanguage\":\"en-GB\",\"@id\":\"https:\/\/staging.genekas24.ee\/#\/schema\/logo\/image\/\",\"url\":\"https:\/\/staging.genekas24.ee\/wp-content\/uploads\/2026\/01\/genekas24-logo_black.svg\",\"contentUrl\":\"https:\/\/staging.genekas24.ee\/wp-content\/uploads\/2026\/01\/genekas24-logo_black.svg\",\"width\":840,\"height\":131,\"caption\":\"Genekas24\"},\"image\":{\"@id\":\"https:\/\/staging.genekas24.ee\/#\/schema\/logo\/image\/\"}}]}<\/script>\n<!-- \/ Yoast SEO plugin. -->","yoast_head_json":{"title":"Bensiiniga mullafrees KS 7HP-950S - Genekas24","robots":{"index":"index","follow":"follow","max-snippet":"max-snippet:-1","max-image-preview":"max-image-preview:large","max-video-preview":"max-video-preview:-1"},"canonical":"https:\/\/staging.genekas24.ee\/en\/product\/bensiiniga-mullafrees-ks-7hp-950s\/","og_locale":"en_GB","og_type":"article","og_title":"Bensiiniga mullafrees KS 7HP-950S - Genekas24","og_description":"Mootori mudel KS 240   Mootori v\u00f5imsus, hj 7   Mootori maht, cm\u00b3 212   Mootori t\u00fc\u00fcp Bensiin   Kobestamise laius, cm \u2264 108   Kobestamise s\u00fcgavus, maks., cm \u2264 31   K\u00fctusepaagi maht, l 3.6   V\u00e4nda karteri maht, l 0.6   K\u00e4ikude arv +2 +1 0 -1   Reguleeritavad k\u00e4epidemed Vertikaalne\/horisontaalne   M\u00fcra tase Lpa (7m)\/Lwa, dB 73\/98   \u00dcldm\u00f5\u00f5tmed (PxLxK), mm 780\u00d7460\u00d7780   Netokaal, kg 80   Kogukaal, kg 89.0   SKU KS 7HP-950S   EAN 4260405363520","og_url":"https:\/\/staging.genekas24.ee\/en\/product\/bensiiniga-mullafrees-ks-7hp-950s\/","og_site_name":"Genekas24","og_image":[{"width":1000,"height":792,"url":"https:\/\/staging.genekas24.ee\/wp-content\/uploads\/2026\/01\/ks-7hp-950s_01_ed99bd43-9ad0-471d-89ee-3b8712d15e24.webp","type":"image\/webp"}],"twitter_card":"summary_large_image","twitter_misc":{"Estimated reading time":"3 minutes"},"schema":{"@context":"https:\/\/schema.org","@graph":[{"@type":"WebPage","@id":"https:\/\/staging.genekas24.ee\/toode\/bensiiniga-mullafrees-ks-7hp-950s\/","url":"https:\/\/staging.genekas24.ee\/toode\/bensiiniga-mullafrees-ks-7hp-950s\/","name":"Bensiiniga mullafrees KS 7HP-950S - Genekas24","isPartOf":{"@id":"https:\/\/staging.genekas24.ee\/#website"},"primaryImageOfPage":{"@id":"https:\/\/staging.genekas24.ee\/toode\/bensiiniga-mullafrees-ks-7hp-950s\/#primaryimage"},"image":{"@id":"https:\/\/staging.genekas24.ee\/toode\/bensiiniga-mullafrees-ks-7hp-950s\/#primaryimage"},"thumbnailUrl":"https:\/\/staging.genekas24.ee\/wp-content\/uploads\/2026\/01\/ks-7hp-950s_01_ed99bd43-9ad0-471d-89ee-3b8712d15e24.webp","datePublished":"2026-01-10T10:49:11+00:00","breadcrumb":{"@id":"https:\/\/staging.genekas24.ee\/toode\/bensiiniga-mullafrees-ks-7hp-950s\/#breadcrumb"},"inLanguage":"en-GB","potentialAction":[{"@type":"ReadAction","target":["https:\/\/staging.genekas24.ee\/toode\/bensiiniga-mullafrees-ks-7hp-950s\/"]}]},{"@type":"ImageObject","inLanguage":"en-GB","@id":"https:\/\/staging.genekas24.ee\/toode\/bensiiniga-mullafrees-ks-7hp-950s\/#primaryimage","url":"https:\/\/staging.genekas24.ee\/wp-content\/uploads\/2026\/01\/ks-7hp-950s_01_ed99bd43-9ad0-471d-89ee-3b8712d15e24.webp","contentUrl":"https:\/\/staging.genekas24.ee\/wp-content\/uploads\/2026\/01\/ks-7hp-950s_01_ed99bd43-9ad0-471d-89ee-3b8712d15e24.webp","width":1000,"height":792},{"@type":"BreadcrumbList","@id":"https:\/\/staging.genekas24.ee\/toode\/bensiiniga-mullafrees-ks-7hp-950s\/#breadcrumb","itemListElement":[{"@type":"ListItem","position":1,"name":"Home","item":"https:\/\/staging.genekas24.ee\/"},{"@type":"ListItem","position":2,"name":"Pood","item":"https:\/\/staging.genekas24.ee\/pood\/"},{"@type":"ListItem","position":3,"name":"Bensiiniga mullafrees KS 7HP-950S"}]},{"@type":"WebSite","@id":"https:\/\/staging.genekas24.ee\/#website","url":"https:\/\/staging.genekas24.ee\/","name":"Genekas24","description":"Generaatorid | K&ouml;nner S&ouml;hnen tooted | Genekas24","publisher":{"@id":"https:\/\/staging.genekas24.ee\/#organization"},"potentialAction":[{"@type":"SearchAction","target":{"@type":"EntryPoint","urlTemplate":"https:\/\/staging.genekas24.ee\/?s={search_term_string}"},"query-input":{"@type":"PropertyValueSpecification","valueRequired":true,"valueName":"search_term_string"}}],"inLanguage":"en-GB"},{"@type":"Organization","@id":"https:\/\/staging.genekas24.ee\/#organization","name":"Genekas24","url":"https:\/\/staging.genekas24.ee\/","logo":{"@type":"ImageObject","inLanguage":"en-GB","@id":"https:\/\/staging.genekas24.ee\/#\/schema\/logo\/image\/","url":"https:\/\/staging.genekas24.ee\/wp-content\/uploads\/2026\/01\/genekas24-logo_black.svg","contentUrl":"https:\/\/staging.genekas24.ee\/wp-content\/uploads\/2026\/01\/genekas24-logo_black.svg","width":840,"height":131,"caption":"Genekas24"},"image":{"@id":"https:\/\/staging.genekas24.ee\/#\/schema\/logo\/image\/"}}]}},"_links":{"self":[{"href":"https:\/\/staging.genekas24.ee\/en\/wp-json\/wp\/v2\/product\/22028","targetHints":{"allow":["GET"]}}],"collection":[{"href":"https:\/\/staging.genekas24.ee\/en\/wp-json\/wp\/v2\/product"}],"about":[{"href":"https:\/\/staging.genekas24.ee\/en\/wp-json\/wp\/v2\/types\/product"}],"version-history":[{"count":1,"href":"https:\/\/staging.genekas24.ee\/en\/wp-json\/wp\/v2\/product\/22028\/revisions"}],"predecessor-version":[{"id":22035,"href":"https:\/\/staging.genekas24.ee\/en\/wp-json\/wp\/v2\/product\/22028\/revisions\/22035"}],"wp:featuredmedia":[{"embeddable":true,"href":"https:\/\/staging.genekas24.ee\/en\/wp-json\/wp\/v2\/media\/22029"}],"wp:attachment":[{"href":"https:\/\/staging.genekas24.ee\/en\/wp-json\/wp\/v2\/media?parent=22028"}],"wp:term":[{"taxonomy":"product_brand","embeddable":true,"href":"https:\/\/staging.genekas24.ee\/en\/wp-json\/wp\/v2\/product_brand?post=22028"},{"taxonomy":"product_cat","embeddable":true,"href":"https:\/\/staging.genekas24.ee\/en\/wp-json\/wp\/v2\/product_cat?post=22028"},{"taxonomy":"product_tag","embeddable":true,"href":"https:\/\/staging.genekas24.ee\/en\/wp-json\/wp\/v2\/product_tag?post=22028"}],"curies":[{"name":"wp","href":"https:\/\/api.w.org\/{rel}","templated":true}]}}