{"id":21995,"date":"2026-01-08T11:41:54","date_gmt":"2026-01-08T11:41:54","guid":{"rendered":"https:\/\/staging.genekas24.ee\/?post_type=product&#038;p=21995"},"modified":"2026-01-08T11:41:54","modified_gmt":"2026-01-08T11:41:54","slug":"korgsurvepesur-ks-pw145v","status":"publish","type":"product","link":"https:\/\/staging.genekas24.ee\/en\/product\/korgsurvepesur-ks-pw145v\/","title":{"rendered":"K\u00f5rgsurvepesur KS PW145V"},"content":{"rendered":"<div class=\"top-row\">\n<h2 class=\"h4\">Eelised<\/h2>\n<\/div>\n<div class=\"content benefits\">\n<div class=\"metafield-rich_text_field\">\n<ul>\n<li>Teleskoopk\u00e4epide \u2013 lihtsaks transportimiseks ja ruumis\u00e4\u00e4stlikuks hoiustamiseks.<\/li>\n<li>Automaatne k\u00e4ivitus-\/seiskamiss\u00fcsteem \u2013 energias\u00e4\u00e4stlik s\u00fcsteem, mis pikendab seadme eluiga.<\/li>\n<li>Vahtgeneraator ja p\u00f6\u00f6rlev otsik kaasas \u2013 t\u00f5hus puhastamine paksu vahuga.<\/li>\n<li>Alumiiniumkorpus roostevabast terasest kolbidega \u2013 k\u00f5rge vastupidavus ja pikk kasutusiga.<\/li>\n<li>Madalal asetsev voolikurull \u2013 suurendab stabiilsust t\u00f6\u00f6 ajal ja lihtsustab transporti.<\/li>\n<\/ul>\n<p>&nbsp;<\/p>\n<\/div>\n<\/div>\n<table style=\"border-collapse: collapse; width: 100%;\">\n<tbody>\n<tr>\n<td style=\"width: 14.3736%;\"><img decoding=\"async\" src=\"https:\/\/konner-sohnen.ee\/cdn\/shop\/files\/1._Auto_start_stop.jpg?v=1751292610&amp;width=500\" alt=\"Automaatne k\u00e4ivitus\/seiskamine\" \/><\/td>\n<td style=\"width: 85.6264%;\">\n<h3>Automaatne k\u00e4ivitus\/seiskamine<\/h3>\n<div class=\"text-sm\">S\u00fcsteem, mis aktiveerib k\u00f5rgsurvepesuri, kui p\u00e4\u00e4stikule vajutatakse, ja l\u00fclitab selle automaatselt v\u00e4lja, kui p\u00e4\u00e4stik vabastatakse. See mitte ainult ei lihtsusta pesuprotsessi, vaid s\u00e4\u00e4stab ka energiat, v\u00e4hendab pumba kulumist ja pikendab seadme eluiga.<\/div>\n<\/td>\n<\/tr>\n<tr>\n<td style=\"width: 14.3736%;\"><img decoding=\"async\" src=\"https:\/\/konner-sohnen.ee\/cdn\/shop\/files\/2._Quick-connect_coupling.jpg?v=1751292604&amp;width=500\" alt=\"Kiir\u00fchenduse liitmik\" \/><\/td>\n<td style=\"width: 85.6264%;\">\n<h3>Kiir\u00fchendamine<\/h3>\n<div class=\"text-sm\">S\u00fcsteem, mis v\u00f5imaldab k\u00f5rgsurvevooliku ja d\u00fc\u00fcside lihtsat ja kiiret \u00fchendamist ning lahti\u00fchendamist. See hoiab \u00e4ra vooliku keerdumise ning kasutaja saab tarvikuid vahetada koheselt ja ilma lisapingutuseta.<\/div>\n<\/td>\n<\/tr>\n<tr>\n<td style=\"width: 14.3736%;\"><img decoding=\"async\" src=\"https:\/\/konner-sohnen.ee\/cdn\/shop\/files\/3._Hose_reel.jpg?v=1751292608&amp;width=500\" alt=\"Voolikurull\" \/><\/td>\n<td style=\"width: 85.6264%;\">\n<h3>Voolikurull<\/h3>\n<div class=\"text-sm\">Mugav mehhanism k\u00f5rgsurvevooliku kerimiseks ja hoiustamiseks, mis pikendab oluliselt selle eluiga, v\u00e4ltides keerdumist ja kahjustusi. Samuti tagab see k\u00f5rgsurvepesuri korras ja kompaktse hoiustamise.<\/div>\n<\/td>\n<\/tr>\n<tr>\n<td style=\"width: 14.3736%;\"><img decoding=\"async\" src=\"https:\/\/konner-sohnen.ee\/cdn\/shop\/files\/4._Telescopic_handle.jpg?v=1751292606&amp;width=500\" alt=\"Teleskoopk\u00e4epide\" \/><\/td>\n<td style=\"width: 85.6264%;\">\n<h3>Teleskoopk\u00e4epide<\/h3>\n<div class=\"text-sm\">Laiendatav disain, mis muudab pesuri transportimise lihtsamaks ja mugavamaks hoiustamiseks. See v\u00f5imaldab kasutajal k\u00f5rgust reguleerida, tagades seadme liigutamisel maksimaalse mugavuse.<\/div>\n<\/td>\n<\/tr>\n<\/tbody>\n<\/table>","protected":false},"excerpt":{"rendered":"<table>\n<tbody>\n<tr>\n<td>Rated voltage, V<\/td>\n<td>230<\/td>\n<\/tr>\n<tr>\n<td>Frequency, Hz<\/td>\n<td>50<\/td>\n<\/tr>\n<tr>\n<td>Mootori v\u00f5imsus, W<\/td>\n<td>1800<\/td>\n<\/tr>\n<tr>\n<td>Maksimaalne r\u00f5hk, Bar<\/td>\n<td>145<\/td>\n<\/tr>\n<tr>\n<td>Nimipaine, Bar<\/td>\n<td>100<\/td>\n<\/tr>\n<tr>\n<td>Vooliku pikkus, m<\/td>\n<td>7<\/td>\n<\/tr>\n<tr>\n<td>Cable length, m<\/td>\n<td>5<\/td>\n<\/tr>\n<tr>\n<td>\u00dcldm\u00f5\u00f5tmed (PxLxK), mm<\/td>\n<td>365\u00d7305\u00d7555<\/td>\n<\/tr>\n<tr>\n<td>Net weight, kg<\/td>\n<td>9.2<\/td>\n<\/tr>\n<tr>\n<td>Kogukaal, kg<\/td>\n<td>11.0<\/td>\n<\/tr>\n<tr>\n<td>SKU<\/td>\n<td>KS PW145V<\/td>\n<\/tr>\n<tr>\n<td>EAN<\/td>\n<td>4260405368655<\/td>\n<\/tr>\n<\/tbody>\n<\/table>","protected":false},"featured_media":21996,"template":"","meta":{"_acf_changed":false,"inline_featured_image":false},"product_brand":[],"product_cat":[159,205],"product_tag":[],"class_list":{"0":"post-21995","1":"product","2":"type-product","3":"status-publish","4":"has-post-thumbnail","6":"product_cat-aiatooriistad","7":"product_cat-korgsurvepesurid","8":"product_shipping_class-vaikepakk","9":"brand-konner-sohnen","11":"first","12":"instock","13":"taxable","14":"shipping-taxable","15":"purchasable","16":"product-type-simple"},"acf":[],"yoast_head":"<!-- This site is optimized with the Yoast SEO plugin v26.2 - https:\/\/yoast.com\/wordpress\/plugins\/seo\/ -->\n<title>K\u00f5rgsurvepesur KS PW145V - Genekas24<\/title>\n<meta name=\"robots\" content=\"index, follow, max-snippet:-1, max-image-preview:large, max-video-preview:-1\" \/>\n<link rel=\"canonical\" href=\"https:\/\/staging.genekas24.ee\/en\/product\/korgsurvepesur-ks-pw145v\/\" \/>\n<meta property=\"og:locale\" content=\"en_GB\" \/>\n<meta property=\"og:type\" content=\"article\" \/>\n<meta property=\"og:title\" content=\"K\u00f5rgsurvepesur KS PW145V - Genekas24\" \/>\n<meta property=\"og:description\" content=\"Nimipinge, V 230   Sagedus, Hz 50   Mootori v\u00f5imsus, W 1800   Maksimaalne r\u00f5hk, Bar 145   Nimipaine, Bar 100   Vooliku pikkus, m 7   Kaabli pikkus, m 5   \u00dcldm\u00f5\u00f5tmed (PxLxK), mm 365\u00d7305\u00d7555   Netokaal, kg 9.2   Kogukaal, kg 11.0   SKU KS PW145V   EAN 4260405368655\" \/>\n<meta property=\"og:url\" content=\"https:\/\/staging.genekas24.ee\/en\/product\/korgsurvepesur-ks-pw145v\/\" \/>\n<meta property=\"og:site_name\" content=\"Genekas24\" \/>\n<meta property=\"og:image\" content=\"https:\/\/staging.genekas24.ee\/wp-content\/uploads\/2026\/01\/KS-PW145V_2.webp\" \/>\n\t<meta property=\"og:image:width\" content=\"1600\" \/>\n\t<meta property=\"og:image:height\" content=\"1600\" \/>\n\t<meta property=\"og:image:type\" content=\"image\/webp\" \/>\n<meta name=\"twitter:card\" content=\"summary_large_image\" \/>\n<meta name=\"twitter:label1\" content=\"Estimated reading time\" \/>\n\t<meta name=\"twitter:data1\" content=\"2 minutes\" \/>\n<script type=\"application\/ld+json\" class=\"yoast-schema-graph\">{\"@context\":\"https:\/\/schema.org\",\"@graph\":[{\"@type\":\"WebPage\",\"@id\":\"https:\/\/staging.genekas24.ee\/toode\/korgsurvepesur-ks-pw145v\/\",\"url\":\"https:\/\/staging.genekas24.ee\/toode\/korgsurvepesur-ks-pw145v\/\",\"name\":\"K\u00f5rgsurvepesur KS PW145V - Genekas24\",\"isPartOf\":{\"@id\":\"https:\/\/staging.genekas24.ee\/#website\"},\"primaryImageOfPage\":{\"@id\":\"https:\/\/staging.genekas24.ee\/toode\/korgsurvepesur-ks-pw145v\/#primaryimage\"},\"image\":{\"@id\":\"https:\/\/staging.genekas24.ee\/toode\/korgsurvepesur-ks-pw145v\/#primaryimage\"},\"thumbnailUrl\":\"https:\/\/staging.genekas24.ee\/wp-content\/uploads\/2026\/01\/KS-PW145V_2.webp\",\"datePublished\":\"2026-01-08T11:41:54+00:00\",\"breadcrumb\":{\"@id\":\"https:\/\/staging.genekas24.ee\/toode\/korgsurvepesur-ks-pw145v\/#breadcrumb\"},\"inLanguage\":\"en-GB\",\"potentialAction\":[{\"@type\":\"ReadAction\",\"target\":[\"https:\/\/staging.genekas24.ee\/toode\/korgsurvepesur-ks-pw145v\/\"]}]},{\"@type\":\"ImageObject\",\"inLanguage\":\"en-GB\",\"@id\":\"https:\/\/staging.genekas24.ee\/toode\/korgsurvepesur-ks-pw145v\/#primaryimage\",\"url\":\"https:\/\/staging.genekas24.ee\/wp-content\/uploads\/2026\/01\/KS-PW145V_2.webp\",\"contentUrl\":\"https:\/\/staging.genekas24.ee\/wp-content\/uploads\/2026\/01\/KS-PW145V_2.webp\",\"width\":1600,\"height\":1600},{\"@type\":\"BreadcrumbList\",\"@id\":\"https:\/\/staging.genekas24.ee\/toode\/korgsurvepesur-ks-pw145v\/#breadcrumb\",\"itemListElement\":[{\"@type\":\"ListItem\",\"position\":1,\"name\":\"Home\",\"item\":\"https:\/\/staging.genekas24.ee\/\"},{\"@type\":\"ListItem\",\"position\":2,\"name\":\"Pood\",\"item\":\"https:\/\/staging.genekas24.ee\/pood\/\"},{\"@type\":\"ListItem\",\"position\":3,\"name\":\"K\u00f5rgsurvepesur KS PW145V\"}]},{\"@type\":\"WebSite\",\"@id\":\"https:\/\/staging.genekas24.ee\/#website\",\"url\":\"https:\/\/staging.genekas24.ee\/\",\"name\":\"Genekas24\",\"description\":\"Generaatorid | K&ouml;nner S&ouml;hnen tooted | Genekas24\",\"publisher\":{\"@id\":\"https:\/\/staging.genekas24.ee\/#organization\"},\"potentialAction\":[{\"@type\":\"SearchAction\",\"target\":{\"@type\":\"EntryPoint\",\"urlTemplate\":\"https:\/\/staging.genekas24.ee\/?s={search_term_string}\"},\"query-input\":{\"@type\":\"PropertyValueSpecification\",\"valueRequired\":true,\"valueName\":\"search_term_string\"}}],\"inLanguage\":\"en-GB\"},{\"@type\":\"Organization\",\"@id\":\"https:\/\/staging.genekas24.ee\/#organization\",\"name\":\"Genekas24\",\"url\":\"https:\/\/staging.genekas24.ee\/\",\"logo\":{\"@type\":\"ImageObject\",\"inLanguage\":\"en-GB\",\"@id\":\"https:\/\/staging.genekas24.ee\/#\/schema\/logo\/image\/\",\"url\":\"https:\/\/staging.genekas24.ee\/wp-content\/uploads\/2026\/01\/genekas24-logo_black.svg\",\"contentUrl\":\"https:\/\/staging.genekas24.ee\/wp-content\/uploads\/2026\/01\/genekas24-logo_black.svg\",\"width\":840,\"height\":131,\"caption\":\"Genekas24\"},\"image\":{\"@id\":\"https:\/\/staging.genekas24.ee\/#\/schema\/logo\/image\/\"}}]}<\/script>\n<!-- \/ Yoast SEO plugin. -->","yoast_head_json":{"title":"K\u00f5rgsurvepesur KS PW145V - Genekas24","robots":{"index":"index","follow":"follow","max-snippet":"max-snippet:-1","max-image-preview":"max-image-preview:large","max-video-preview":"max-video-preview:-1"},"canonical":"https:\/\/staging.genekas24.ee\/en\/product\/korgsurvepesur-ks-pw145v\/","og_locale":"en_GB","og_type":"article","og_title":"K\u00f5rgsurvepesur KS PW145V - Genekas24","og_description":"Nimipinge, V 230   Sagedus, Hz 50   Mootori v\u00f5imsus, W 1800   Maksimaalne r\u00f5hk, Bar 145   Nimipaine, Bar 100   Vooliku pikkus, m 7   Kaabli pikkus, m 5   \u00dcldm\u00f5\u00f5tmed (PxLxK), mm 365\u00d7305\u00d7555   Netokaal, kg 9.2   Kogukaal, kg 11.0   SKU KS PW145V   EAN 4260405368655","og_url":"https:\/\/staging.genekas24.ee\/en\/product\/korgsurvepesur-ks-pw145v\/","og_site_name":"Genekas24","og_image":[{"width":1600,"height":1600,"url":"https:\/\/staging.genekas24.ee\/wp-content\/uploads\/2026\/01\/KS-PW145V_2.webp","type":"image\/webp"}],"twitter_card":"summary_large_image","twitter_misc":{"Estimated reading time":"2 minutes"},"schema":{"@context":"https:\/\/schema.org","@graph":[{"@type":"WebPage","@id":"https:\/\/staging.genekas24.ee\/toode\/korgsurvepesur-ks-pw145v\/","url":"https:\/\/staging.genekas24.ee\/toode\/korgsurvepesur-ks-pw145v\/","name":"K\u00f5rgsurvepesur KS PW145V - Genekas24","isPartOf":{"@id":"https:\/\/staging.genekas24.ee\/#website"},"primaryImageOfPage":{"@id":"https:\/\/staging.genekas24.ee\/toode\/korgsurvepesur-ks-pw145v\/#primaryimage"},"image":{"@id":"https:\/\/staging.genekas24.ee\/toode\/korgsurvepesur-ks-pw145v\/#primaryimage"},"thumbnailUrl":"https:\/\/staging.genekas24.ee\/wp-content\/uploads\/2026\/01\/KS-PW145V_2.webp","datePublished":"2026-01-08T11:41:54+00:00","breadcrumb":{"@id":"https:\/\/staging.genekas24.ee\/toode\/korgsurvepesur-ks-pw145v\/#breadcrumb"},"inLanguage":"en-GB","potentialAction":[{"@type":"ReadAction","target":["https:\/\/staging.genekas24.ee\/toode\/korgsurvepesur-ks-pw145v\/"]}]},{"@type":"ImageObject","inLanguage":"en-GB","@id":"https:\/\/staging.genekas24.ee\/toode\/korgsurvepesur-ks-pw145v\/#primaryimage","url":"https:\/\/staging.genekas24.ee\/wp-content\/uploads\/2026\/01\/KS-PW145V_2.webp","contentUrl":"https:\/\/staging.genekas24.ee\/wp-content\/uploads\/2026\/01\/KS-PW145V_2.webp","width":1600,"height":1600},{"@type":"BreadcrumbList","@id":"https:\/\/staging.genekas24.ee\/toode\/korgsurvepesur-ks-pw145v\/#breadcrumb","itemListElement":[{"@type":"ListItem","position":1,"name":"Home","item":"https:\/\/staging.genekas24.ee\/"},{"@type":"ListItem","position":2,"name":"Pood","item":"https:\/\/staging.genekas24.ee\/pood\/"},{"@type":"ListItem","position":3,"name":"K\u00f5rgsurvepesur KS PW145V"}]},{"@type":"WebSite","@id":"https:\/\/staging.genekas24.ee\/#website","url":"https:\/\/staging.genekas24.ee\/","name":"Genekas24","description":"Generaatorid | K&ouml;nner S&ouml;hnen tooted | Genekas24","publisher":{"@id":"https:\/\/staging.genekas24.ee\/#organization"},"potentialAction":[{"@type":"SearchAction","target":{"@type":"EntryPoint","urlTemplate":"https:\/\/staging.genekas24.ee\/?s={search_term_string}"},"query-input":{"@type":"PropertyValueSpecification","valueRequired":true,"valueName":"search_term_string"}}],"inLanguage":"en-GB"},{"@type":"Organization","@id":"https:\/\/staging.genekas24.ee\/#organization","name":"Genekas24","url":"https:\/\/staging.genekas24.ee\/","logo":{"@type":"ImageObject","inLanguage":"en-GB","@id":"https:\/\/staging.genekas24.ee\/#\/schema\/logo\/image\/","url":"https:\/\/staging.genekas24.ee\/wp-content\/uploads\/2026\/01\/genekas24-logo_black.svg","contentUrl":"https:\/\/staging.genekas24.ee\/wp-content\/uploads\/2026\/01\/genekas24-logo_black.svg","width":840,"height":131,"caption":"Genekas24"},"image":{"@id":"https:\/\/staging.genekas24.ee\/#\/schema\/logo\/image\/"}}]}},"_links":{"self":[{"href":"https:\/\/staging.genekas24.ee\/en\/wp-json\/wp\/v2\/product\/21995","targetHints":{"allow":["GET"]}}],"collection":[{"href":"https:\/\/staging.genekas24.ee\/en\/wp-json\/wp\/v2\/product"}],"about":[{"href":"https:\/\/staging.genekas24.ee\/en\/wp-json\/wp\/v2\/types\/product"}],"version-history":[{"count":2,"href":"https:\/\/staging.genekas24.ee\/en\/wp-json\/wp\/v2\/product\/21995\/revisions"}],"predecessor-version":[{"id":22002,"href":"https:\/\/staging.genekas24.ee\/en\/wp-json\/wp\/v2\/product\/21995\/revisions\/22002"}],"wp:featuredmedia":[{"embeddable":true,"href":"https:\/\/staging.genekas24.ee\/en\/wp-json\/wp\/v2\/media\/21996"}],"wp:attachment":[{"href":"https:\/\/staging.genekas24.ee\/en\/wp-json\/wp\/v2\/media?parent=21995"}],"wp:term":[{"taxonomy":"product_brand","embeddable":true,"href":"https:\/\/staging.genekas24.ee\/en\/wp-json\/wp\/v2\/product_brand?post=21995"},{"taxonomy":"product_cat","embeddable":true,"href":"https:\/\/staging.genekas24.ee\/en\/wp-json\/wp\/v2\/product_cat?post=21995"},{"taxonomy":"product_tag","embeddable":true,"href":"https:\/\/staging.genekas24.ee\/en\/wp-json\/wp\/v2\/product_tag?post=21995"}],"curies":[{"name":"wp","href":"https:\/\/api.w.org\/{rel}","templated":true}]}}