{"id":21978,"date":"2026-01-08T11:07:17","date_gmt":"2026-01-08T11:07:17","guid":{"rendered":"https:\/\/staging.genekas24.ee\/?post_type=product&#038;p=21978"},"modified":"2026-01-08T11:07:17","modified_gmt":"2026-01-08T11:07:17","slug":"multifunktsionaalne-masin-ks-7hp-mfm-80e","status":"publish","type":"product","link":"https:\/\/staging.genekas24.ee\/en\/product\/multifunktsionaalne-masin-ks-7hp-mfm-80e\/","title":{"rendered":"Multifunktsionaalne masin KS 7HP-MFM 80E"},"content":{"rendered":"<table style=\"border-collapse: collapse; width: 100%;\">\n<tbody>\n<tr>\n<td style=\"width: 15.0978%;\"><img decoding=\"async\" src=\"https:\/\/konner-sohnen.ee\/cdn\/shop\/files\/KS-7HP-MFM_sweeper.png?v=1723486280&amp;width=500\" alt=\"P\u00fchkija\" \/><\/td>\n<td style=\"width: 84.9022%;\">\n<h3>P\u00fchkija<\/h3>\n<div class=\"text-sm\">P\u00fchkija lisaseade K\u00f6nner &amp; S\u00f6hnen multifunktsionaalsele masinale on universaalne ese aastaringseks kasutamiseks. See saab kiiresti ja t\u00f5husalt hakkama tolmu, mustuse, langenud lehtede ja lumehangede eemaldamisega. See on asendamatu abiline t\u00e4iusliku puhtuse s\u00e4ilitamisel hoovis, maja ja garaa\u017ei sisses\u00f5iduteedel, samuti parkide, v\u00e4ljakute ja muude \u00fcmbritsevate alade k\u00f5nniteedel.<\/div>\n<\/td>\n<\/tr>\n<tr>\n<td style=\"width: 15.0978%;\"><img decoding=\"async\" src=\"https:\/\/konner-sohnen.ee\/cdn\/shop\/files\/KS-7HP-MFM_cost-saver.png?v=1723486279&amp;width=500\" alt=\"Kulude kokkuhoidja, pingutuste kokkuhoidja ja aja kokkuhoidja\" \/><\/td>\n<td style=\"width: 84.9022%;\">\n<h3>Kulude ja aja kokkuhoidja<\/h3>\n<div class=\"text-sm\">Kulude kokkuhoidja &#8211; pole vaja osta eraldi seadmeid;\u00a0 aja kokkuhoidja &#8211; lisaseadmeid saab vahetada sekunditega ilma lisat\u00f6\u00f6riistade ja erioskusteta;<\/div>\n<\/td>\n<\/tr>\n<tr>\n<td style=\"width: 15.0978%;\"><img decoding=\"async\" src=\"https:\/\/konner-sohnen.ee\/cdn\/shop\/files\/KS-7HP-MFM_Indispensable-assistant.png?v=1723486279&amp;width=500\" alt=\"Asendamatu abiline\" \/><\/td>\n<td style=\"width: 84.9022%;\">\n<h3>Asendamatu abiline<\/h3>\n<div class=\"text-sm\">Asendamatu abiline igal aastaajal &#8211; selle mudeli man\u00f6\u00f6verdusv\u00f5ime, mitmek\u00fclgsus ja kompaktne disain tagavad kasutajas\u00f5braliku t\u00f6\u00f6 kogu lisaseadmete valikuga isegi kitsastes kohtades, samuti s\u00e4\u00e4stavad hoiuruumi, kuna masin v\u00f5tab enda alla vaid \u00fche eseme ruumi, mida kasutatakse kogu aasta v\u00e4ltel ja mis ei seisa suurema osa aastast j\u00f5ude.<\/div>\n<\/td>\n<\/tr>\n<tr>\n<td style=\"width: 15.0978%;\"><img decoding=\"async\" src=\"https:\/\/konner-sohnen.ee\/cdn\/shop\/files\/KS-7HP-850A-engine.jpg?v=1723486278&amp;width=500\" alt=\"RELIABLE ENGINE\" \/><\/td>\n<td style=\"width: 84.9022%;\">\n<h3>RELIABLE ENGINE<\/h3>\n<div class=\"text-sm\">Usaldusv\u00e4\u00e4rne, vastupidav ja raskeveokite 5,5 hj mootor vastab k\u00f5igile Euroopa kvaliteedistandarditele, sealhulgas uusimale EURO 5 heitmestandardile<\/div>\n<\/td>\n<\/tr>\n<tr>\n<td style=\"width: 15.0978%;\"><img decoding=\"async\" src=\"https:\/\/konner-sohnen.ee\/cdn\/shop\/files\/KS-7HP-MFM_maximum-productivity.png?v=1723486281&amp;width=500\" alt=\"Maksimaalne tootlikkus\" \/><\/td>\n<td style=\"width: 84.9022%;\">\n<h3>Maksimaalne tootlikkus<\/h3>\n<div class=\"text-sm\">Otsene ajam suurendab v\u00f5imsust ja tagab parema j\u00f5udluse iga lisaseadmega. Suurenenud k\u00e4ikude arv (5 edasik\u00e4iku ja 2 tagasik\u00e4iku) v\u00f5imaldab valida iga t\u00f6\u00f6 jaoks optimaalse kiiruse.<\/div>\n<\/td>\n<\/tr>\n<tr>\n<td style=\"width: 15.0978%;\"><img decoding=\"async\" src=\"https:\/\/konner-sohnen.ee\/cdn\/shop\/files\/KS-7HP-MFM_wide-wheels.png?v=1723486278&amp;width=500\" alt=\"Laiad rattad\" \/><\/td>\n<td style=\"width: 84.9022%;\">\n<h3>Laiad rattad<\/h3>\n<div class=\"text-sm\">Laiad rattad 13*4.1-6 koos k\u00f5rge mustriga rehvidega tagavad parema haarduvuse ja suurep\u00e4rase maastiku- ning lumel\u00e4bivuse.<\/div>\n<\/td>\n<\/tr>\n<\/tbody>\n<\/table>","protected":false},"excerpt":{"rendered":"<table style=\"width: 77.9523%;\">\n<tbody>\n<tr>\n<td style=\"width: 43.0281%;\">K\u00e4ivitust\u00fc\u00fcp<\/td>\n<td style=\"width: 235.273%;\">K\u00e4sitsi\/elektriline<\/td>\n<\/tr>\n<tr>\n<td style=\"width: 43.0281%;\">Kobestamise laius, cm<\/td>\n<td style=\"width: 235.273%;\">80<\/td>\n<\/tr>\n<tr>\n<td style=\"width: 43.0281%;\">Engine model<\/td>\n<td style=\"width: 235.273%;\">H200<\/td>\n<\/tr>\n<tr>\n<td style=\"width: 43.0281%;\">Engine type<\/td>\n<td style=\"width: 235.273%;\">Bensiin<\/td>\n<\/tr>\n<tr>\n<td style=\"width: 43.0281%;\">Mootori v\u00f5imsus, hj<\/td>\n<td style=\"width: 235.273%;\">5.5<\/td>\n<\/tr>\n<tr>\n<td style=\"width: 43.0281%;\">Mootori maht, sm3<\/td>\n<td style=\"width: 235.273%;\">196<\/td>\n<\/tr>\n<tr>\n<td style=\"width: 43.0281%;\">K\u00e4ikude arv<\/td>\n<td style=\"width: 235.273%;\">+5 +4 +3 +2 +1 0 -1 -2<\/td>\n<\/tr>\n<tr>\n<td style=\"width: 43.0281%;\">Fuel tank volume, l<\/td>\n<td style=\"width: 235.273%;\">2.5<\/td>\n<\/tr>\n<tr>\n<td style=\"width: 43.0281%;\">V\u00e4nda karteri maht, l<\/td>\n<td style=\"width: 235.273%;\">0.6<\/td>\n<\/tr>\n<tr>\n<td style=\"width: 43.0281%;\">Fuel consumption***, l\/h<\/td>\n<td style=\"width: 235.273%;\">1.2-1.8<\/td>\n<\/tr>\n<tr>\n<td style=\"width: 43.0281%;\">M\u00fcra tase Lpa (7m)\/Lwa, dB<\/td>\n<td style=\"width: 235.273%;\">104<\/td>\n<\/tr>\n<tr>\n<td style=\"width: 43.0281%;\">P\u00f6\u00f6rlemiskiirus, p\/min<\/td>\n<td style=\"width: 235.273%;\">255<\/td>\n<\/tr>\n<tr>\n<td style=\"width: 43.0281%;\">Reguleeritav p\u00f6\u00f6rdenurk<\/td>\n<td style=\"width: 235.273%;\">\u00b1 15\u00b0<\/td>\n<\/tr>\n<tr>\n<td style=\"width: 43.0281%;\">Netom\u00f5\u00f5tmed (PxLxK), mm<\/td>\n<td style=\"width: 235.273%;\">1400x800x1100<\/td>\n<\/tr>\n<tr>\n<td style=\"width: 43.0281%;\">\u00dcldm\u00f5\u00f5tmed (PxLxK), mm<\/td>\n<td style=\"width: 235.273%;\">980x850x630<\/td>\n<\/tr>\n<tr>\n<td style=\"width: 43.0281%;\">Net weight, kg<\/td>\n<td style=\"width: 235.273%;\">77<\/td>\n<\/tr>\n<tr>\n<td style=\"width: 43.0281%;\">Kogukaal, kg<\/td>\n<td style=\"width: 235.273%;\">88.0<\/td>\n<\/tr>\n<tr>\n<td style=\"width: 43.0281%;\">SKU<\/td>\n<td style=\"width: 235.273%;\">KS 7HP-MFM 80E<\/td>\n<\/tr>\n<tr>\n<td style=\"width: 43.0281%;\">EAN<\/td>\n<td style=\"width: 235.273%;\">4260405363940<\/td>\n<\/tr>\n<\/tbody>\n<\/table>","protected":false},"featured_media":21979,"template":"","meta":{"_acf_changed":false,"inline_featured_image":false},"product_brand":[],"product_cat":[159,204],"product_tag":[],"class_list":{"0":"post-21978","1":"product","2":"type-product","3":"status-publish","4":"has-post-thumbnail","6":"product_cat-aiatooriistad","7":"product_cat-multifunktsionaalsed-masinad","8":"product_shipping_class-euroalus","9":"brand-konner-sohnen","11":"first","12":"instock","13":"taxable","14":"shipping-taxable","15":"purchasable","16":"product-type-simple"},"acf":[],"yoast_head":"<!-- This site is optimized with the Yoast SEO plugin v26.2 - https:\/\/yoast.com\/wordpress\/plugins\/seo\/ -->\n<title>Multifunktsionaalne masin KS 7HP-MFM 80E - Genekas24<\/title>\n<meta name=\"robots\" content=\"index, follow, max-snippet:-1, max-image-preview:large, max-video-preview:-1\" \/>\n<link rel=\"canonical\" href=\"https:\/\/staging.genekas24.ee\/en\/product\/multifunktsionaalne-masin-ks-7hp-mfm-80e\/\" \/>\n<meta property=\"og:locale\" content=\"en_GB\" \/>\n<meta property=\"og:type\" content=\"article\" \/>\n<meta property=\"og:title\" content=\"Multifunktsionaalne masin KS 7HP-MFM 80E - Genekas24\" \/>\n<meta property=\"og:description\" content=\"K\u00e4ivitust\u00fc\u00fcp K\u00e4sitsi\/elektriline   Kobestamise laius, cm 80   Mootori mudel H200   Mootori t\u00fc\u00fcp Bensiin   Mootori v\u00f5imsus, hj 5.5   Mootori maht, sm3 196   K\u00e4ikude arv +5 +4 +3 +2 +1 0 -1 -2   K\u00fctusepaagi maht, l 2.5   V\u00e4nda karteri maht, l 0.6   K\u00fctusekulu***, l\/h 1.2-1.8   M\u00fcra tase Lpa (7m)\/Lwa, dB 104   P\u00f6\u00f6rlemiskiirus, p\/min 255   Reguleeritav p\u00f6\u00f6rdenurk \u00b1 15\u00b0   Netom\u00f5\u00f5tmed (PxLxK), mm 1400x800x1100   \u00dcldm\u00f5\u00f5tmed (PxLxK), mm 980x850x630   Netokaal, kg 77   Kogukaal, kg 88.0   SKU KS 7HP-MFM 80E   EAN 4260405363940\" \/>\n<meta property=\"og:url\" content=\"https:\/\/staging.genekas24.ee\/en\/product\/multifunktsionaalne-masin-ks-7hp-mfm-80e\/\" \/>\n<meta property=\"og:site_name\" content=\"Genekas24\" \/>\n<meta property=\"og:image\" content=\"https:\/\/staging.genekas24.ee\/wp-content\/uploads\/2026\/01\/KS-7HP-MFM-80E_01_e819b01c-c9c2-4c9a-ad7d-463bff9abb00-1.webp\" \/>\n\t<meta property=\"og:image:width\" content=\"900\" \/>\n\t<meta property=\"og:image:height\" content=\"713\" \/>\n\t<meta property=\"og:image:type\" content=\"image\/webp\" \/>\n<meta name=\"twitter:card\" content=\"summary_large_image\" \/>\n<meta name=\"twitter:label1\" content=\"Estimated reading time\" \/>\n\t<meta name=\"twitter:data1\" content=\"3 minutes\" \/>\n<script type=\"application\/ld+json\" class=\"yoast-schema-graph\">{\"@context\":\"https:\/\/schema.org\",\"@graph\":[{\"@type\":\"WebPage\",\"@id\":\"https:\/\/staging.genekas24.ee\/toode\/multifunktsionaalne-masin-ks-7hp-mfm-80e\/\",\"url\":\"https:\/\/staging.genekas24.ee\/toode\/multifunktsionaalne-masin-ks-7hp-mfm-80e\/\",\"name\":\"Multifunktsionaalne masin KS 7HP-MFM 80E - Genekas24\",\"isPartOf\":{\"@id\":\"https:\/\/staging.genekas24.ee\/#website\"},\"primaryImageOfPage\":{\"@id\":\"https:\/\/staging.genekas24.ee\/toode\/multifunktsionaalne-masin-ks-7hp-mfm-80e\/#primaryimage\"},\"image\":{\"@id\":\"https:\/\/staging.genekas24.ee\/toode\/multifunktsionaalne-masin-ks-7hp-mfm-80e\/#primaryimage\"},\"thumbnailUrl\":\"https:\/\/staging.genekas24.ee\/wp-content\/uploads\/2026\/01\/KS-7HP-MFM-80E_01_e819b01c-c9c2-4c9a-ad7d-463bff9abb00-1.webp\",\"datePublished\":\"2026-01-08T11:07:17+00:00\",\"breadcrumb\":{\"@id\":\"https:\/\/staging.genekas24.ee\/toode\/multifunktsionaalne-masin-ks-7hp-mfm-80e\/#breadcrumb\"},\"inLanguage\":\"en-GB\",\"potentialAction\":[{\"@type\":\"ReadAction\",\"target\":[\"https:\/\/staging.genekas24.ee\/toode\/multifunktsionaalne-masin-ks-7hp-mfm-80e\/\"]}]},{\"@type\":\"ImageObject\",\"inLanguage\":\"en-GB\",\"@id\":\"https:\/\/staging.genekas24.ee\/toode\/multifunktsionaalne-masin-ks-7hp-mfm-80e\/#primaryimage\",\"url\":\"https:\/\/staging.genekas24.ee\/wp-content\/uploads\/2026\/01\/KS-7HP-MFM-80E_01_e819b01c-c9c2-4c9a-ad7d-463bff9abb00-1.webp\",\"contentUrl\":\"https:\/\/staging.genekas24.ee\/wp-content\/uploads\/2026\/01\/KS-7HP-MFM-80E_01_e819b01c-c9c2-4c9a-ad7d-463bff9abb00-1.webp\",\"width\":900,\"height\":713},{\"@type\":\"BreadcrumbList\",\"@id\":\"https:\/\/staging.genekas24.ee\/toode\/multifunktsionaalne-masin-ks-7hp-mfm-80e\/#breadcrumb\",\"itemListElement\":[{\"@type\":\"ListItem\",\"position\":1,\"name\":\"Home\",\"item\":\"https:\/\/staging.genekas24.ee\/\"},{\"@type\":\"ListItem\",\"position\":2,\"name\":\"Pood\",\"item\":\"https:\/\/staging.genekas24.ee\/pood\/\"},{\"@type\":\"ListItem\",\"position\":3,\"name\":\"Multifunktsionaalne masin KS 7HP-MFM 80E\"}]},{\"@type\":\"WebSite\",\"@id\":\"https:\/\/staging.genekas24.ee\/#website\",\"url\":\"https:\/\/staging.genekas24.ee\/\",\"name\":\"Genekas24\",\"description\":\"Generaatorid | K&ouml;nner S&ouml;hnen tooted | Genekas24\",\"publisher\":{\"@id\":\"https:\/\/staging.genekas24.ee\/#organization\"},\"potentialAction\":[{\"@type\":\"SearchAction\",\"target\":{\"@type\":\"EntryPoint\",\"urlTemplate\":\"https:\/\/staging.genekas24.ee\/?s={search_term_string}\"},\"query-input\":{\"@type\":\"PropertyValueSpecification\",\"valueRequired\":true,\"valueName\":\"search_term_string\"}}],\"inLanguage\":\"en-GB\"},{\"@type\":\"Organization\",\"@id\":\"https:\/\/staging.genekas24.ee\/#organization\",\"name\":\"Genekas24\",\"url\":\"https:\/\/staging.genekas24.ee\/\",\"logo\":{\"@type\":\"ImageObject\",\"inLanguage\":\"en-GB\",\"@id\":\"https:\/\/staging.genekas24.ee\/#\/schema\/logo\/image\/\",\"url\":\"https:\/\/staging.genekas24.ee\/wp-content\/uploads\/2026\/01\/genekas24-logo_black.svg\",\"contentUrl\":\"https:\/\/staging.genekas24.ee\/wp-content\/uploads\/2026\/01\/genekas24-logo_black.svg\",\"width\":840,\"height\":131,\"caption\":\"Genekas24\"},\"image\":{\"@id\":\"https:\/\/staging.genekas24.ee\/#\/schema\/logo\/image\/\"}}]}<\/script>\n<!-- \/ Yoast SEO plugin. -->","yoast_head_json":{"title":"Multifunktsionaalne masin KS 7HP-MFM 80E - Genekas24","robots":{"index":"index","follow":"follow","max-snippet":"max-snippet:-1","max-image-preview":"max-image-preview:large","max-video-preview":"max-video-preview:-1"},"canonical":"https:\/\/staging.genekas24.ee\/en\/product\/multifunktsionaalne-masin-ks-7hp-mfm-80e\/","og_locale":"en_GB","og_type":"article","og_title":"Multifunktsionaalne masin KS 7HP-MFM 80E - Genekas24","og_description":"K\u00e4ivitust\u00fc\u00fcp K\u00e4sitsi\/elektriline   Kobestamise laius, cm 80   Mootori mudel H200   Mootori t\u00fc\u00fcp Bensiin   Mootori v\u00f5imsus, hj 5.5   Mootori maht, sm3 196   K\u00e4ikude arv +5 +4 +3 +2 +1 0 -1 -2   K\u00fctusepaagi maht, l 2.5   V\u00e4nda karteri maht, l 0.6   K\u00fctusekulu***, l\/h 1.2-1.8   M\u00fcra tase Lpa (7m)\/Lwa, dB 104   P\u00f6\u00f6rlemiskiirus, p\/min 255   Reguleeritav p\u00f6\u00f6rdenurk \u00b1 15\u00b0   Netom\u00f5\u00f5tmed (PxLxK), mm 1400x800x1100   \u00dcldm\u00f5\u00f5tmed (PxLxK), mm 980x850x630   Netokaal, kg 77   Kogukaal, kg 88.0   SKU KS 7HP-MFM 80E   EAN 4260405363940","og_url":"https:\/\/staging.genekas24.ee\/en\/product\/multifunktsionaalne-masin-ks-7hp-mfm-80e\/","og_site_name":"Genekas24","og_image":[{"width":900,"height":713,"url":"https:\/\/staging.genekas24.ee\/wp-content\/uploads\/2026\/01\/KS-7HP-MFM-80E_01_e819b01c-c9c2-4c9a-ad7d-463bff9abb00-1.webp","type":"image\/webp"}],"twitter_card":"summary_large_image","twitter_misc":{"Estimated reading time":"3 minutes"},"schema":{"@context":"https:\/\/schema.org","@graph":[{"@type":"WebPage","@id":"https:\/\/staging.genekas24.ee\/toode\/multifunktsionaalne-masin-ks-7hp-mfm-80e\/","url":"https:\/\/staging.genekas24.ee\/toode\/multifunktsionaalne-masin-ks-7hp-mfm-80e\/","name":"Multifunktsionaalne masin KS 7HP-MFM 80E - Genekas24","isPartOf":{"@id":"https:\/\/staging.genekas24.ee\/#website"},"primaryImageOfPage":{"@id":"https:\/\/staging.genekas24.ee\/toode\/multifunktsionaalne-masin-ks-7hp-mfm-80e\/#primaryimage"},"image":{"@id":"https:\/\/staging.genekas24.ee\/toode\/multifunktsionaalne-masin-ks-7hp-mfm-80e\/#primaryimage"},"thumbnailUrl":"https:\/\/staging.genekas24.ee\/wp-content\/uploads\/2026\/01\/KS-7HP-MFM-80E_01_e819b01c-c9c2-4c9a-ad7d-463bff9abb00-1.webp","datePublished":"2026-01-08T11:07:17+00:00","breadcrumb":{"@id":"https:\/\/staging.genekas24.ee\/toode\/multifunktsionaalne-masin-ks-7hp-mfm-80e\/#breadcrumb"},"inLanguage":"en-GB","potentialAction":[{"@type":"ReadAction","target":["https:\/\/staging.genekas24.ee\/toode\/multifunktsionaalne-masin-ks-7hp-mfm-80e\/"]}]},{"@type":"ImageObject","inLanguage":"en-GB","@id":"https:\/\/staging.genekas24.ee\/toode\/multifunktsionaalne-masin-ks-7hp-mfm-80e\/#primaryimage","url":"https:\/\/staging.genekas24.ee\/wp-content\/uploads\/2026\/01\/KS-7HP-MFM-80E_01_e819b01c-c9c2-4c9a-ad7d-463bff9abb00-1.webp","contentUrl":"https:\/\/staging.genekas24.ee\/wp-content\/uploads\/2026\/01\/KS-7HP-MFM-80E_01_e819b01c-c9c2-4c9a-ad7d-463bff9abb00-1.webp","width":900,"height":713},{"@type":"BreadcrumbList","@id":"https:\/\/staging.genekas24.ee\/toode\/multifunktsionaalne-masin-ks-7hp-mfm-80e\/#breadcrumb","itemListElement":[{"@type":"ListItem","position":1,"name":"Home","item":"https:\/\/staging.genekas24.ee\/"},{"@type":"ListItem","position":2,"name":"Pood","item":"https:\/\/staging.genekas24.ee\/pood\/"},{"@type":"ListItem","position":3,"name":"Multifunktsionaalne masin KS 7HP-MFM 80E"}]},{"@type":"WebSite","@id":"https:\/\/staging.genekas24.ee\/#website","url":"https:\/\/staging.genekas24.ee\/","name":"Genekas24","description":"Generaatorid | K&ouml;nner S&ouml;hnen tooted | Genekas24","publisher":{"@id":"https:\/\/staging.genekas24.ee\/#organization"},"potentialAction":[{"@type":"SearchAction","target":{"@type":"EntryPoint","urlTemplate":"https:\/\/staging.genekas24.ee\/?s={search_term_string}"},"query-input":{"@type":"PropertyValueSpecification","valueRequired":true,"valueName":"search_term_string"}}],"inLanguage":"en-GB"},{"@type":"Organization","@id":"https:\/\/staging.genekas24.ee\/#organization","name":"Genekas24","url":"https:\/\/staging.genekas24.ee\/","logo":{"@type":"ImageObject","inLanguage":"en-GB","@id":"https:\/\/staging.genekas24.ee\/#\/schema\/logo\/image\/","url":"https:\/\/staging.genekas24.ee\/wp-content\/uploads\/2026\/01\/genekas24-logo_black.svg","contentUrl":"https:\/\/staging.genekas24.ee\/wp-content\/uploads\/2026\/01\/genekas24-logo_black.svg","width":840,"height":131,"caption":"Genekas24"},"image":{"@id":"https:\/\/staging.genekas24.ee\/#\/schema\/logo\/image\/"}}]}},"_links":{"self":[{"href":"https:\/\/staging.genekas24.ee\/en\/wp-json\/wp\/v2\/product\/21978","targetHints":{"allow":["GET"]}}],"collection":[{"href":"https:\/\/staging.genekas24.ee\/en\/wp-json\/wp\/v2\/product"}],"about":[{"href":"https:\/\/staging.genekas24.ee\/en\/wp-json\/wp\/v2\/types\/product"}],"version-history":[{"count":3,"href":"https:\/\/staging.genekas24.ee\/en\/wp-json\/wp\/v2\/product\/21978\/revisions"}],"predecessor-version":[{"id":21983,"href":"https:\/\/staging.genekas24.ee\/en\/wp-json\/wp\/v2\/product\/21978\/revisions\/21983"}],"wp:featuredmedia":[{"embeddable":true,"href":"https:\/\/staging.genekas24.ee\/en\/wp-json\/wp\/v2\/media\/21979"}],"wp:attachment":[{"href":"https:\/\/staging.genekas24.ee\/en\/wp-json\/wp\/v2\/media?parent=21978"}],"wp:term":[{"taxonomy":"product_brand","embeddable":true,"href":"https:\/\/staging.genekas24.ee\/en\/wp-json\/wp\/v2\/product_brand?post=21978"},{"taxonomy":"product_cat","embeddable":true,"href":"https:\/\/staging.genekas24.ee\/en\/wp-json\/wp\/v2\/product_cat?post=21978"},{"taxonomy":"product_tag","embeddable":true,"href":"https:\/\/staging.genekas24.ee\/en\/wp-json\/wp\/v2\/product_tag?post=21978"}],"curies":[{"name":"wp","href":"https:\/\/api.w.org\/{rel}","templated":true}]}}