{"id":21932,"date":"2026-01-07T13:03:03","date_gmt":"2026-01-07T13:03:03","guid":{"rendered":"https:\/\/staging.genekas24.ee\/?post_type=product&#038;p=21932"},"modified":"2026-01-07T13:03:04","modified_gmt":"2026-01-07T13:03:04","slug":"bensiiniga-mullafrees-ks-7hp-850a","status":"publish","type":"product","link":"https:\/\/staging.genekas24.ee\/en\/product\/bensiiniga-mullafrees-ks-7hp-850a\/","title":{"rendered":"Bensiiniga mullafrees  KS 7HP-850A"},"content":{"rendered":"<table style=\"border-collapse: collapse; width: 100%;\">\n<tbody>\n<tr>\n<td style=\"width: 13.215%;\"><img decoding=\"async\" src=\"https:\/\/konner-sohnen.ee\/cdn\/shop\/files\/cultivator-engine.png?v=1723486270&amp;width=500\" alt=\"K\u00f5rge j\u00f5udlusega mootorid\" \/><\/td>\n<td style=\"width: 86.785%;\">\n<h3>K\u00f5rge j\u00f5udlusega mootorid<\/h3>\n<div class=\"text-sm\">K\u00f5rge j\u00f5udlusega ja vastupidavad K&amp;S mootorid vastavad k\u00f5igile Euroopa kvaliteedistandarditele, sealhulgas uusimatele EURO V heitmestandarditele. Igal mootoril on oma individuaalne seerianumber, mis v\u00f5imaldab meil kontrollida tootmise ja teeninduse kvaliteeti.<\/div>\n<\/td>\n<\/tr>\n<tr>\n<td style=\"width: 13.215%;\"><img decoding=\"async\" src=\"https:\/\/konner-sohnen.ee\/cdn\/shop\/files\/cultivator-engine-start.png?v=1723486272&amp;width=500\" alt=\"K\u00e4sik\u00e4ivitus\" \/><\/td>\n<td style=\"width: 86.785%;\">\n<h3>K\u00e4sik\u00e4ivitus<\/h3>\n<div class=\"text-sm\">Lihtne k\u00e4ivituss\u00fcsteem v\u00f5imaldab mootori kiiret k\u00e4ivitamist v\u00e4hese vaevaga.<\/div>\n<\/td>\n<\/tr>\n<tr>\n<td style=\"width: 13.215%;\"><img decoding=\"async\" src=\"https:\/\/konner-sohnen.ee\/cdn\/shop\/files\/KS-7HP-850A-1-1.png?v=1723486277&amp;width=500\" alt=\"Ergonoomiline juhtpaneel\" \/><\/td>\n<td style=\"width: 86.785%;\">\n<h3>Ergonoomiline juhtpaneel<\/h3>\n<div class=\"text-sm\">Ergonoomiline juhtpaneel v\u00f5imaldab teil mullafreesi kiiresti juhtida ja h\u00f5lpsasti man\u00f6\u00f6verdada.<\/div>\n<\/td>\n<\/tr>\n<tr>\n<td style=\"width: 13.215%;\"><img decoding=\"async\" src=\"https:\/\/konner-sohnen.ee\/cdn\/shop\/files\/ks-7hp-850a_blades.png?v=1723486278&amp;width=500\" alt=\"Sepistatud l\u00f5ikurid\" \/><\/td>\n<td style=\"width: 86.785%;\">\n<h3>Sepistatud l\u00f5ikurid<\/h3>\n<div class=\"text-sm\">Sepistatud m\u00f5\u00f5gakujuliste l\u00f5ikuritega mullafrees sobib igat t\u00fc\u00fcpi pinnasele, nii neitsilikule kui ka h\u00e4sti hooldatud pinnasele. Need on varustatud kaitsekilpidega.<\/div>\n<\/td>\n<\/tr>\n<tr>\n<td style=\"width: 13.215%;\"><img decoding=\"async\" src=\"https:\/\/konner-sohnen.ee\/cdn\/shop\/files\/quality-in-details-7hp.png?v=1723486273&amp;width=500\" alt=\"Kvaliteet detailides\" \/><\/td>\n<td style=\"width: 86.785%;\">\n<h3>Kvaliteet detailides<\/h3>\n<div class=\"text-sm\">K\u00f5ik \u00fchendused ja kinnitusdetailid on t\u00e4iuslikult l\u00e4bi m\u00f5eldud, projekteeritud ohutusvaruga pikaajaliseks ja mugavaks kultivaatori kasutamiseks. Need mudelid on varustatud t\u00e4iendava kaitsekraaniga, et v\u00e4ltida p\u00f5letusi.<\/div>\n<\/td>\n<\/tr>\n<tr>\n<td style=\"width: 13.215%;\"><img decoding=\"async\" src=\"https:\/\/konner-sohnen.ee\/cdn\/shop\/files\/ks-7hp-850a-macro-wheel.jpg?v=1723486271&amp;width=500\" alt=\"transpordiratas\" \/><\/td>\n<td style=\"width: 86.785%;\">\n<div class=\"left\">\n<h3>transpordiratas<\/h3>\n<div class=\"text-sm\">Mudel on varustatud transpordirattaga k\u00f5ige mugavamaks transportimiseks. Ratas saab t\u00f6\u00f6tamise ajal lihtsalt \u00fcles t\u00f5sta.<\/div>\n<\/div>\n<div class=\"right\"><\/div>\n<\/td>\n<\/tr>\n<\/tbody>\n<\/table>","protected":false},"excerpt":{"rendered":"<table>\n<tbody>\n<tr>\n<td>Engine model<\/td>\n<td>KS 240<\/td>\n<\/tr>\n<tr>\n<td>Mootori v\u00f5imsus, hj<\/td>\n<td>7<\/td>\n<\/tr>\n<tr>\n<td>Mootori maht, cm\u00b3<\/td>\n<td>212<\/td>\n<\/tr>\n<tr>\n<td>Engine type<\/td>\n<td>Bensiin<\/td>\n<\/tr>\n<tr>\n<td>Kobestamise laius, cm<\/td>\n<td>\u2264 80<\/td>\n<\/tr>\n<tr>\n<td>Kobestamise s\u00fcgavus, maks., cm<\/td>\n<td>\u2264 31<\/td>\n<\/tr>\n<tr>\n<td>Fuel tank volume, l<\/td>\n<td>3.6<\/td>\n<\/tr>\n<tr>\n<td>V\u00e4nda karteri maht, l<\/td>\n<td>0.6<\/td>\n<\/tr>\n<tr>\n<td>K\u00e4ikude arv<\/td>\n<td>+1 0 -1<\/td>\n<\/tr>\n<tr>\n<td>Reguleeritavad k\u00e4epidemed<\/td>\n<td>Vertikaalne<\/td>\n<\/tr>\n<tr>\n<td>Transpordirattad<\/td>\n<td>+<\/td>\n<\/tr>\n<tr>\n<td>M\u00fcra tase Lpa (7m)\/Lwa, dB<\/td>\n<td>73\/98<\/td>\n<\/tr>\n<tr>\n<td>\u00dcldm\u00f5\u00f5tmed (PxLxK), mm<\/td>\n<td>690\u00d7380\u00d7770<\/td>\n<\/tr>\n<tr>\n<td>Net weight, kg<\/td>\n<td>52<\/td>\n<\/tr>\n<tr>\n<td>Kogukaal, kg<\/td>\n<td>56.0<\/td>\n<\/tr>\n<tr>\n<td>SKU<\/td>\n<td>KS 7HP-850A<\/td>\n<\/tr>\n<tr>\n<td>EAN<\/td>\n<td>4260405363506<\/td>\n<\/tr>\n<\/tbody>\n<\/table>","protected":false},"featured_media":21933,"template":"","meta":{"_acf_changed":false,"inline_featured_image":false},"product_brand":[],"product_cat":[159,202,188],"product_tag":[],"class_list":{"0":"post-21932","1":"product","2":"type-product","3":"status-publish","4":"has-post-thumbnail","6":"product_cat-aiatooriistad","7":"product_cat-bensiiniga-mullafreesid","8":"product_cat-kultivaatorid","9":"product_shipping_class-euroalus","10":"brand-konner-sohnen","12":"first","13":"instock","14":"taxable","15":"shipping-taxable","16":"purchasable","17":"product-type-simple"},"acf":[],"yoast_head":"<!-- This site is optimized with the Yoast SEO plugin v26.2 - https:\/\/yoast.com\/wordpress\/plugins\/seo\/ -->\n<title>Bensiiniga mullafrees KS 7HP-850A - Genekas24<\/title>\n<meta name=\"robots\" content=\"index, follow, max-snippet:-1, max-image-preview:large, max-video-preview:-1\" \/>\n<link rel=\"canonical\" href=\"https:\/\/staging.genekas24.ee\/en\/product\/bensiiniga-mullafrees-ks-7hp-850a\/\" \/>\n<meta property=\"og:locale\" content=\"en_GB\" \/>\n<meta property=\"og:type\" content=\"article\" \/>\n<meta property=\"og:title\" content=\"Bensiiniga mullafrees KS 7HP-850A - Genekas24\" \/>\n<meta property=\"og:description\" content=\"Mootori mudel KS 240   Mootori v\u00f5imsus, hj 7   Mootori maht, cm\u00b3 212   Mootori t\u00fc\u00fcp Bensiin   Kobestamise laius, cm \u2264 80   Kobestamise s\u00fcgavus, maks., cm \u2264 31   K\u00fctusepaagi maht, l 3.6   V\u00e4nda karteri maht, l 0.6   K\u00e4ikude arv +1 0 -1   Reguleeritavad k\u00e4epidemed Vertikaalne   Transpordirattad +   M\u00fcra tase Lpa (7m)\/Lwa, dB 73\/98   \u00dcldm\u00f5\u00f5tmed (PxLxK), mm 690\u00d7380\u00d7770   Netokaal, kg 52   Kogukaal, kg 56.0   SKU KS 7HP-850A   EAN 4260405363506\" \/>\n<meta property=\"og:url\" content=\"https:\/\/staging.genekas24.ee\/en\/product\/bensiiniga-mullafrees-ks-7hp-850a\/\" \/>\n<meta property=\"og:site_name\" content=\"Genekas24\" \/>\n<meta property=\"article:modified_time\" content=\"2026-01-07T13:03:04+00:00\" \/>\n<meta property=\"og:image\" content=\"https:\/\/staging.genekas24.ee\/wp-content\/uploads\/2026\/01\/KS_7HP-850A_new_2.webp\" \/>\n\t<meta property=\"og:image:width\" content=\"1600\" \/>\n\t<meta property=\"og:image:height\" content=\"1831\" \/>\n\t<meta property=\"og:image:type\" content=\"image\/webp\" \/>\n<meta name=\"twitter:card\" content=\"summary_large_image\" \/>\n<meta name=\"twitter:label1\" content=\"Estimated reading time\" \/>\n\t<meta name=\"twitter:data1\" content=\"3 minutes\" \/>\n<script type=\"application\/ld+json\" class=\"yoast-schema-graph\">{\"@context\":\"https:\/\/schema.org\",\"@graph\":[{\"@type\":\"WebPage\",\"@id\":\"https:\/\/staging.genekas24.ee\/toode\/bensiiniga-mullafrees-ks-7hp-850a\/\",\"url\":\"https:\/\/staging.genekas24.ee\/toode\/bensiiniga-mullafrees-ks-7hp-850a\/\",\"name\":\"Bensiiniga mullafrees KS 7HP-850A - Genekas24\",\"isPartOf\":{\"@id\":\"https:\/\/staging.genekas24.ee\/#website\"},\"primaryImageOfPage\":{\"@id\":\"https:\/\/staging.genekas24.ee\/toode\/bensiiniga-mullafrees-ks-7hp-850a\/#primaryimage\"},\"image\":{\"@id\":\"https:\/\/staging.genekas24.ee\/toode\/bensiiniga-mullafrees-ks-7hp-850a\/#primaryimage\"},\"thumbnailUrl\":\"https:\/\/staging.genekas24.ee\/wp-content\/uploads\/2026\/01\/KS_7HP-850A_new_2.webp\",\"datePublished\":\"2026-01-07T13:03:03+00:00\",\"dateModified\":\"2026-01-07T13:03:04+00:00\",\"breadcrumb\":{\"@id\":\"https:\/\/staging.genekas24.ee\/toode\/bensiiniga-mullafrees-ks-7hp-850a\/#breadcrumb\"},\"inLanguage\":\"en-GB\",\"potentialAction\":[{\"@type\":\"ReadAction\",\"target\":[\"https:\/\/staging.genekas24.ee\/toode\/bensiiniga-mullafrees-ks-7hp-850a\/\"]}]},{\"@type\":\"ImageObject\",\"inLanguage\":\"en-GB\",\"@id\":\"https:\/\/staging.genekas24.ee\/toode\/bensiiniga-mullafrees-ks-7hp-850a\/#primaryimage\",\"url\":\"https:\/\/staging.genekas24.ee\/wp-content\/uploads\/2026\/01\/KS_7HP-850A_new_2.webp\",\"contentUrl\":\"https:\/\/staging.genekas24.ee\/wp-content\/uploads\/2026\/01\/KS_7HP-850A_new_2.webp\",\"width\":1600,\"height\":1831},{\"@type\":\"BreadcrumbList\",\"@id\":\"https:\/\/staging.genekas24.ee\/toode\/bensiiniga-mullafrees-ks-7hp-850a\/#breadcrumb\",\"itemListElement\":[{\"@type\":\"ListItem\",\"position\":1,\"name\":\"Home\",\"item\":\"https:\/\/staging.genekas24.ee\/\"},{\"@type\":\"ListItem\",\"position\":2,\"name\":\"Pood\",\"item\":\"https:\/\/staging.genekas24.ee\/pood\/\"},{\"@type\":\"ListItem\",\"position\":3,\"name\":\"Bensiiniga mullafrees KS 7HP-850A\"}]},{\"@type\":\"WebSite\",\"@id\":\"https:\/\/staging.genekas24.ee\/#website\",\"url\":\"https:\/\/staging.genekas24.ee\/\",\"name\":\"Genekas24\",\"description\":\"Generaatorid | K&ouml;nner S&ouml;hnen tooted | Genekas24\",\"publisher\":{\"@id\":\"https:\/\/staging.genekas24.ee\/#organization\"},\"potentialAction\":[{\"@type\":\"SearchAction\",\"target\":{\"@type\":\"EntryPoint\",\"urlTemplate\":\"https:\/\/staging.genekas24.ee\/?s={search_term_string}\"},\"query-input\":{\"@type\":\"PropertyValueSpecification\",\"valueRequired\":true,\"valueName\":\"search_term_string\"}}],\"inLanguage\":\"en-GB\"},{\"@type\":\"Organization\",\"@id\":\"https:\/\/staging.genekas24.ee\/#organization\",\"name\":\"Genekas24\",\"url\":\"https:\/\/staging.genekas24.ee\/\",\"logo\":{\"@type\":\"ImageObject\",\"inLanguage\":\"en-GB\",\"@id\":\"https:\/\/staging.genekas24.ee\/#\/schema\/logo\/image\/\",\"url\":\"https:\/\/staging.genekas24.ee\/wp-content\/uploads\/2026\/01\/genekas24-logo_black.svg\",\"contentUrl\":\"https:\/\/staging.genekas24.ee\/wp-content\/uploads\/2026\/01\/genekas24-logo_black.svg\",\"width\":840,\"height\":131,\"caption\":\"Genekas24\"},\"image\":{\"@id\":\"https:\/\/staging.genekas24.ee\/#\/schema\/logo\/image\/\"}}]}<\/script>\n<!-- \/ Yoast SEO plugin. -->","yoast_head_json":{"title":"Bensiiniga mullafrees KS 7HP-850A - Genekas24","robots":{"index":"index","follow":"follow","max-snippet":"max-snippet:-1","max-image-preview":"max-image-preview:large","max-video-preview":"max-video-preview:-1"},"canonical":"https:\/\/staging.genekas24.ee\/en\/product\/bensiiniga-mullafrees-ks-7hp-850a\/","og_locale":"en_GB","og_type":"article","og_title":"Bensiiniga mullafrees KS 7HP-850A - Genekas24","og_description":"Mootori mudel KS 240   Mootori v\u00f5imsus, hj 7   Mootori maht, cm\u00b3 212   Mootori t\u00fc\u00fcp Bensiin   Kobestamise laius, cm \u2264 80   Kobestamise s\u00fcgavus, maks., cm \u2264 31   K\u00fctusepaagi maht, l 3.6   V\u00e4nda karteri maht, l 0.6   K\u00e4ikude arv +1 0 -1   Reguleeritavad k\u00e4epidemed Vertikaalne   Transpordirattad +   M\u00fcra tase Lpa (7m)\/Lwa, dB 73\/98   \u00dcldm\u00f5\u00f5tmed (PxLxK), mm 690\u00d7380\u00d7770   Netokaal, kg 52   Kogukaal, kg 56.0   SKU KS 7HP-850A   EAN 4260405363506","og_url":"https:\/\/staging.genekas24.ee\/en\/product\/bensiiniga-mullafrees-ks-7hp-850a\/","og_site_name":"Genekas24","article_modified_time":"2026-01-07T13:03:04+00:00","og_image":[{"width":1600,"height":1831,"url":"https:\/\/staging.genekas24.ee\/wp-content\/uploads\/2026\/01\/KS_7HP-850A_new_2.webp","type":"image\/webp"}],"twitter_card":"summary_large_image","twitter_misc":{"Estimated reading time":"3 minutes"},"schema":{"@context":"https:\/\/schema.org","@graph":[{"@type":"WebPage","@id":"https:\/\/staging.genekas24.ee\/toode\/bensiiniga-mullafrees-ks-7hp-850a\/","url":"https:\/\/staging.genekas24.ee\/toode\/bensiiniga-mullafrees-ks-7hp-850a\/","name":"Bensiiniga mullafrees KS 7HP-850A - Genekas24","isPartOf":{"@id":"https:\/\/staging.genekas24.ee\/#website"},"primaryImageOfPage":{"@id":"https:\/\/staging.genekas24.ee\/toode\/bensiiniga-mullafrees-ks-7hp-850a\/#primaryimage"},"image":{"@id":"https:\/\/staging.genekas24.ee\/toode\/bensiiniga-mullafrees-ks-7hp-850a\/#primaryimage"},"thumbnailUrl":"https:\/\/staging.genekas24.ee\/wp-content\/uploads\/2026\/01\/KS_7HP-850A_new_2.webp","datePublished":"2026-01-07T13:03:03+00:00","dateModified":"2026-01-07T13:03:04+00:00","breadcrumb":{"@id":"https:\/\/staging.genekas24.ee\/toode\/bensiiniga-mullafrees-ks-7hp-850a\/#breadcrumb"},"inLanguage":"en-GB","potentialAction":[{"@type":"ReadAction","target":["https:\/\/staging.genekas24.ee\/toode\/bensiiniga-mullafrees-ks-7hp-850a\/"]}]},{"@type":"ImageObject","inLanguage":"en-GB","@id":"https:\/\/staging.genekas24.ee\/toode\/bensiiniga-mullafrees-ks-7hp-850a\/#primaryimage","url":"https:\/\/staging.genekas24.ee\/wp-content\/uploads\/2026\/01\/KS_7HP-850A_new_2.webp","contentUrl":"https:\/\/staging.genekas24.ee\/wp-content\/uploads\/2026\/01\/KS_7HP-850A_new_2.webp","width":1600,"height":1831},{"@type":"BreadcrumbList","@id":"https:\/\/staging.genekas24.ee\/toode\/bensiiniga-mullafrees-ks-7hp-850a\/#breadcrumb","itemListElement":[{"@type":"ListItem","position":1,"name":"Home","item":"https:\/\/staging.genekas24.ee\/"},{"@type":"ListItem","position":2,"name":"Pood","item":"https:\/\/staging.genekas24.ee\/pood\/"},{"@type":"ListItem","position":3,"name":"Bensiiniga mullafrees KS 7HP-850A"}]},{"@type":"WebSite","@id":"https:\/\/staging.genekas24.ee\/#website","url":"https:\/\/staging.genekas24.ee\/","name":"Genekas24","description":"Generaatorid | K&ouml;nner S&ouml;hnen tooted | Genekas24","publisher":{"@id":"https:\/\/staging.genekas24.ee\/#organization"},"potentialAction":[{"@type":"SearchAction","target":{"@type":"EntryPoint","urlTemplate":"https:\/\/staging.genekas24.ee\/?s={search_term_string}"},"query-input":{"@type":"PropertyValueSpecification","valueRequired":true,"valueName":"search_term_string"}}],"inLanguage":"en-GB"},{"@type":"Organization","@id":"https:\/\/staging.genekas24.ee\/#organization","name":"Genekas24","url":"https:\/\/staging.genekas24.ee\/","logo":{"@type":"ImageObject","inLanguage":"en-GB","@id":"https:\/\/staging.genekas24.ee\/#\/schema\/logo\/image\/","url":"https:\/\/staging.genekas24.ee\/wp-content\/uploads\/2026\/01\/genekas24-logo_black.svg","contentUrl":"https:\/\/staging.genekas24.ee\/wp-content\/uploads\/2026\/01\/genekas24-logo_black.svg","width":840,"height":131,"caption":"Genekas24"},"image":{"@id":"https:\/\/staging.genekas24.ee\/#\/schema\/logo\/image\/"}}]}},"_links":{"self":[{"href":"https:\/\/staging.genekas24.ee\/en\/wp-json\/wp\/v2\/product\/21932","targetHints":{"allow":["GET"]}}],"collection":[{"href":"https:\/\/staging.genekas24.ee\/en\/wp-json\/wp\/v2\/product"}],"about":[{"href":"https:\/\/staging.genekas24.ee\/en\/wp-json\/wp\/v2\/types\/product"}],"version-history":[{"count":1,"href":"https:\/\/staging.genekas24.ee\/en\/wp-json\/wp\/v2\/product\/21932\/revisions"}],"predecessor-version":[{"id":21941,"href":"https:\/\/staging.genekas24.ee\/en\/wp-json\/wp\/v2\/product\/21932\/revisions\/21941"}],"wp:featuredmedia":[{"embeddable":true,"href":"https:\/\/staging.genekas24.ee\/en\/wp-json\/wp\/v2\/media\/21933"}],"wp:attachment":[{"href":"https:\/\/staging.genekas24.ee\/en\/wp-json\/wp\/v2\/media?parent=21932"}],"wp:term":[{"taxonomy":"product_brand","embeddable":true,"href":"https:\/\/staging.genekas24.ee\/en\/wp-json\/wp\/v2\/product_brand?post=21932"},{"taxonomy":"product_cat","embeddable":true,"href":"https:\/\/staging.genekas24.ee\/en\/wp-json\/wp\/v2\/product_cat?post=21932"},{"taxonomy":"product_tag","embeddable":true,"href":"https:\/\/staging.genekas24.ee\/en\/wp-json\/wp\/v2\/product_tag?post=21932"}],"curies":[{"name":"wp","href":"https:\/\/api.w.org\/{rel}","templated":true}]}}