{"id":21893,"date":"2026-01-07T10:33:34","date_gmt":"2026-01-07T10:33:34","guid":{"rendered":"https:\/\/staging.genekas24.ee\/?post_type=product&#038;p=21893"},"modified":"2026-01-07T10:34:52","modified_gmt":"2026-01-07T10:34:52","slug":"akuga-muru-ja-hekikaarid-ks-sht-20v","status":"publish","type":"product","link":"https:\/\/staging.genekas24.ee\/en\/product\/akuga-muru-ja-hekikaarid-ks-sht-20v\/","title":{"rendered":"Akuga muru- ja hekik\u00e4\u00e4rid KS SHT-20V"},"content":{"rendered":"<p>Akuga k\u00e4\u00e4rid muru ja hekkide jaoks Saksamaa br\u00e4ndilt K\u00f6nner &amp; S\u00f6hnen\u00ae \u2013 mugav ja t\u00f5hus t\u00f6\u00f6riist hekkide, p\u00f5\u00f5saste ja muru hooldamiseks. Kvaliteetsed topeltterad tagavad puhtad l\u00f5iked, samas kui ergonoomiline disain v\u00e4hendab v\u00e4simust ka pikaajalisel kasutamisel. Topelt turvas\u00fcsteem sisaldab turvalukku ja mehhanismi juhusliku aktiveerimise v\u00e4ltimiseks. Kiire teravahetuss\u00fcsteem lisab mitmek\u00fclgsust. Kerge disain tagab mugava kasutamise ja v\u00e4hendab k\u00e4te koormust. T\u00e4nu nendele eelistele sobivad k\u00e4\u00e4rid nii kogenud aednikele kui ka algajatele. Suurep\u00e4rane lahendus aia hooldamiseks ja kauni maastiku loomiseks.<\/p>\n<table style=\"border-collapse: collapse; width: 100%;\">\n<tbody>\n<tr>\n<td style=\"width: 14.084%;\"><img decoding=\"async\" src=\"https:\/\/konner-sohnen.ee\/cdn\/shop\/files\/ks-sht-20v-safety-lock-1.jpg?v=1753441835&amp;width=500\" alt=\"Turvalukk\" \/><\/td>\n<td style=\"width: 85.916%;\">\n<h3>Turvalukk<\/h3>\n<div class=\"text-sm\">Tagab ohutuse hoiustamise ja transpordi ajal, lukustades terad, et v\u00e4ltida juhuslikku aktiveerimist<\/div>\n<\/td>\n<\/tr>\n<tr>\n<td style=\"width: 14.084%;\"><img decoding=\"async\" src=\"https:\/\/konner-sohnen.ee\/cdn\/shop\/files\/ks-sht-20v-power-button-2.jpg?v=1753441834&amp;width=500\" alt=\"Toitenupp\" \/><\/td>\n<td style=\"width: 85.916%;\">\n<h3>Toitenupp<\/h3>\n<div class=\"text-sm\">Mugav juhtimine nupuvajutusega v\u00f5imaldab kiiret k\u00e4ivitamist ja l\u00f5ikamisprotsessi juhtimist<\/div>\n<\/td>\n<\/tr>\n<tr>\n<td style=\"width: 14.084%;\"><img decoding=\"async\" src=\"https:\/\/konner-sohnen.ee\/cdn\/shop\/files\/ks-sht-20v-quick-blade-change-3.jpg?v=1753441838&amp;width=500\" alt=\"Kiire tera vahetus\" \/><\/td>\n<td style=\"width: 85.916%;\">\n<h3>Kiire tera vahetus<\/h3>\n<div class=\"text-sm\">Kiirvahetuss\u00fcsteem v\u00f5imaldab tera vahetamist ilma lisat\u00f6\u00f6riistadeta, muutes k\u00e4\u00e4rid mitmek\u00fclgseks<\/div>\n<\/td>\n<\/tr>\n<tr>\n<td style=\"width: 14.084%;\"><img decoding=\"async\" src=\"https:\/\/konner-sohnen.ee\/cdn\/shop\/files\/ks-sht-20v-double-sided-blades-4.jpg?v=1753441832&amp;width=500\" alt=\"Kahepoolse teraga noad\" \/><\/td>\n<td style=\"width: 85.916%;\">\n<h3>Kahepoolse teraga noad<\/h3>\n<div class=\"text-sm\">Teravad l\u00f5ikeservad tagavad sujuva ja puhta l\u00f5ike, parandades taimede v\u00e4limust ja soodustades tervislikku kasvu<\/div>\n<\/td>\n<\/tr>\n<tr>\n<td style=\"width: 14.084%;\"><img decoding=\"async\" src=\"https:\/\/konner-sohnen.ee\/cdn\/shop\/files\/ks-sht-20v-safety-system-5.jpg?v=1753441837&amp;width=500\" alt=\"Ohutuss\u00fcsteem\" \/><\/td>\n<td style=\"width: 85.916%;\">\n<h3>Ohutuss\u00fcsteem<\/h3>\n<div class=\"text-sm\">Hoiab \u00e4ra juhusliku aktiveerimise; lisatud turvamehhanism k\u00f5rvaldab soovimatud k\u00e4ivitused, v\u00e4hendades vigastuste riski<\/div>\n<\/td>\n<\/tr>\n<tr>\n<td style=\"width: 14.084%;\"><img decoding=\"async\" src=\"https:\/\/konner-sohnen.ee\/cdn\/shop\/files\/ks-sht-20v-ergonomic-shape-6.jpg?v=1753441831&amp;width=500\" alt=\"Ergonoomiline kuju ja kerge disain\" \/><\/td>\n<td style=\"width: 85.916%;\">\n<h3>Ergonoomiline kuju ja kerge disain<\/h3>\n<div class=\"text-sm\">v\u00e4hendab k\u00e4te koormust, tagades mugavuse isegi pikaajalisel kasutamisel<\/div>\n<\/td>\n<\/tr>\n<\/tbody>\n<\/table>","protected":false},"excerpt":{"rendered":"<table>\n<tbody>\n<tr>\n<td>Rated voltage, V<\/td>\n<td>20<\/td>\n<\/tr>\n<tr>\n<td>Soovitatav aku mahtuvus<\/td>\n<td>2 Ah, 4 Ah, 6 Ah, 8 Ah<\/td>\n<\/tr>\n<tr>\n<td>Battery Type<\/td>\n<td>Laetav liitiumioonaku<\/td>\n<\/tr>\n<tr>\n<td>Aku ja laadija<\/td>\n<td>ei kuulu komplekti<\/td>\n<\/tr>\n<tr>\n<td>L\u00f5ikelaius (muru), mm<\/td>\n<td>92<\/td>\n<\/tr>\n<tr>\n<td>Tera pikkus, mm<\/td>\n<td>199<\/td>\n<\/tr>\n<tr>\n<td>Maksimaalne l\u00f5ikediameeter, mm<\/td>\n<td>7.5<\/td>\n<\/tr>\n<tr>\n<td>Vibratsioonitase<\/td>\n<td>1,98 m\/s\u00b2, K = 1,5 m\/s\u00b2<\/td>\n<\/tr>\n<tr>\n<td>T\u00fchik\u00e4igu kiirus, p\/min<\/td>\n<td>1200<\/td>\n<\/tr>\n<tr>\n<td>M\u00fcra tase Lpa (7m)\/Lwa, dB<\/td>\n<td>75\/96<\/td>\n<\/tr>\n<tr>\n<td>Netom\u00f5\u00f5tmed (PxLxK), mm<\/td>\n<td>300\u00d792\u00d7130<\/td>\n<\/tr>\n<tr>\n<td>\u00dcldm\u00f5\u00f5tmed (PxLxK), mm<\/td>\n<td>400\u00d7130\u00d7153<\/td>\n<\/tr>\n<tr>\n<td>Net weight, kg<\/td>\n<td>1.6<\/td>\n<\/tr>\n<tr>\n<td>Kogukaal, kg<\/td>\n<td>1.82<\/td>\n<\/tr>\n<tr>\n<td>SKU<\/td>\n<td>KS SHT-20V<\/td>\n<\/tr>\n<tr>\n<td>EAN<\/td>\n<td>4260405368457<\/td>\n<\/tr>\n<\/tbody>\n<\/table>\n<p><span style=\"font-size: 10pt;\"><em>*Aku ja laadija ei kuulu komplekti \u2014 palun arvestage sellega ostmisel<\/em><\/span><\/p>","protected":false},"featured_media":21894,"template":"","meta":{"_acf_changed":false,"inline_featured_image":false},"product_brand":[],"product_cat":[159,200,114],"product_tag":[],"class_list":{"0":"post-21893","1":"product","2":"type-product","3":"status-publish","4":"has-post-thumbnail","6":"product_cat-aiatooriistad","7":"product_cat-muru-ja-hekikaarid","8":"product_cat-uncategorized-2","9":"product_shipping_class-vaikepakk","10":"brand-konner-sohnen","12":"first","13":"instock","14":"taxable","15":"shipping-taxable","16":"purchasable","17":"product-type-simple"},"acf":[],"yoast_head":"<!-- This site is optimized with the Yoast SEO plugin v26.2 - https:\/\/yoast.com\/wordpress\/plugins\/seo\/ -->\n<title>Akuga muru- ja hekik\u00e4\u00e4rid KS SHT-20V - Genekas24<\/title>\n<meta name=\"robots\" content=\"index, follow, max-snippet:-1, max-image-preview:large, max-video-preview:-1\" \/>\n<link rel=\"canonical\" href=\"https:\/\/staging.genekas24.ee\/en\/product\/akuga-muru-ja-hekikaarid-ks-sht-20v\/\" \/>\n<meta property=\"og:locale\" content=\"en_GB\" \/>\n<meta property=\"og:type\" content=\"article\" \/>\n<meta property=\"og:title\" content=\"Akuga muru- ja hekik\u00e4\u00e4rid KS SHT-20V - Genekas24\" \/>\n<meta property=\"og:description\" content=\"Nimipinge, V 20   Soovitatav aku mahtuvus 2 Ah, 4 Ah, 6 Ah, 8 Ah   Aku t\u00fc\u00fcp Laetav liitiumioonaku   Aku ja laadija ei kuulu komplekti   L\u00f5ikelaius (muru), mm 92   Tera pikkus, mm 199   Maksimaalne l\u00f5ikediameeter, mm 7.5   Vibratsioonitase 1,98 m\/s\u00b2, K = 1,5 m\/s\u00b2   T\u00fchik\u00e4igu kiirus, p\/min 1200   M\u00fcra tase Lpa (7m)\/Lwa, dB 75\/96   Netom\u00f5\u00f5tmed (PxLxK), mm 300\u00d792\u00d7130   \u00dcldm\u00f5\u00f5tmed (PxLxK), mm 400\u00d7130\u00d7153   Netokaal, kg 1.6   Kogukaal, kg 1.82   SKU KS SHT-20V   EAN 4260405368457    *Aku ja laadija ei kuulu komplekti \u2014 palun arvestage sellega ostmisel\" \/>\n<meta property=\"og:url\" content=\"https:\/\/staging.genekas24.ee\/en\/product\/akuga-muru-ja-hekikaarid-ks-sht-20v\/\" \/>\n<meta property=\"og:site_name\" content=\"Genekas24\" \/>\n<meta property=\"article:modified_time\" content=\"2026-01-07T10:34:52+00:00\" \/>\n<meta property=\"og:image\" content=\"https:\/\/staging.genekas24.ee\/wp-content\/uploads\/2026\/01\/KS-SHT-20V_2500_25001.webp\" \/>\n\t<meta property=\"og:image:width\" content=\"1600\" \/>\n\t<meta property=\"og:image:height\" content=\"1600\" \/>\n\t<meta property=\"og:image:type\" content=\"image\/webp\" \/>\n<meta name=\"twitter:card\" content=\"summary_large_image\" \/>\n<meta name=\"twitter:label1\" content=\"Estimated reading time\" \/>\n\t<meta name=\"twitter:data1\" content=\"3 minutes\" \/>\n<script type=\"application\/ld+json\" class=\"yoast-schema-graph\">{\"@context\":\"https:\/\/schema.org\",\"@graph\":[{\"@type\":\"WebPage\",\"@id\":\"https:\/\/staging.genekas24.ee\/toode\/akuga-muru-ja-hekikaarid-ks-sht-20v\/\",\"url\":\"https:\/\/staging.genekas24.ee\/toode\/akuga-muru-ja-hekikaarid-ks-sht-20v\/\",\"name\":\"Akuga muru- ja hekik\u00e4\u00e4rid KS SHT-20V - Genekas24\",\"isPartOf\":{\"@id\":\"https:\/\/staging.genekas24.ee\/#website\"},\"primaryImageOfPage\":{\"@id\":\"https:\/\/staging.genekas24.ee\/toode\/akuga-muru-ja-hekikaarid-ks-sht-20v\/#primaryimage\"},\"image\":{\"@id\":\"https:\/\/staging.genekas24.ee\/toode\/akuga-muru-ja-hekikaarid-ks-sht-20v\/#primaryimage\"},\"thumbnailUrl\":\"https:\/\/staging.genekas24.ee\/wp-content\/uploads\/2026\/01\/KS-SHT-20V_2500_25001.webp\",\"datePublished\":\"2026-01-07T10:33:34+00:00\",\"dateModified\":\"2026-01-07T10:34:52+00:00\",\"breadcrumb\":{\"@id\":\"https:\/\/staging.genekas24.ee\/toode\/akuga-muru-ja-hekikaarid-ks-sht-20v\/#breadcrumb\"},\"inLanguage\":\"en-GB\",\"potentialAction\":[{\"@type\":\"ReadAction\",\"target\":[\"https:\/\/staging.genekas24.ee\/toode\/akuga-muru-ja-hekikaarid-ks-sht-20v\/\"]}]},{\"@type\":\"ImageObject\",\"inLanguage\":\"en-GB\",\"@id\":\"https:\/\/staging.genekas24.ee\/toode\/akuga-muru-ja-hekikaarid-ks-sht-20v\/#primaryimage\",\"url\":\"https:\/\/staging.genekas24.ee\/wp-content\/uploads\/2026\/01\/KS-SHT-20V_2500_25001.webp\",\"contentUrl\":\"https:\/\/staging.genekas24.ee\/wp-content\/uploads\/2026\/01\/KS-SHT-20V_2500_25001.webp\",\"width\":1600,\"height\":1600},{\"@type\":\"BreadcrumbList\",\"@id\":\"https:\/\/staging.genekas24.ee\/toode\/akuga-muru-ja-hekikaarid-ks-sht-20v\/#breadcrumb\",\"itemListElement\":[{\"@type\":\"ListItem\",\"position\":1,\"name\":\"Home\",\"item\":\"https:\/\/staging.genekas24.ee\/\"},{\"@type\":\"ListItem\",\"position\":2,\"name\":\"Pood\",\"item\":\"https:\/\/staging.genekas24.ee\/pood\/\"},{\"@type\":\"ListItem\",\"position\":3,\"name\":\"Akuga muru- ja hekik\u00e4\u00e4rid KS SHT-20V\"}]},{\"@type\":\"WebSite\",\"@id\":\"https:\/\/staging.genekas24.ee\/#website\",\"url\":\"https:\/\/staging.genekas24.ee\/\",\"name\":\"Genekas24\",\"description\":\"Generaatorid | K&ouml;nner S&ouml;hnen tooted | Genekas24\",\"publisher\":{\"@id\":\"https:\/\/staging.genekas24.ee\/#organization\"},\"potentialAction\":[{\"@type\":\"SearchAction\",\"target\":{\"@type\":\"EntryPoint\",\"urlTemplate\":\"https:\/\/staging.genekas24.ee\/?s={search_term_string}\"},\"query-input\":{\"@type\":\"PropertyValueSpecification\",\"valueRequired\":true,\"valueName\":\"search_term_string\"}}],\"inLanguage\":\"en-GB\"},{\"@type\":\"Organization\",\"@id\":\"https:\/\/staging.genekas24.ee\/#organization\",\"name\":\"Genekas24\",\"url\":\"https:\/\/staging.genekas24.ee\/\",\"logo\":{\"@type\":\"ImageObject\",\"inLanguage\":\"en-GB\",\"@id\":\"https:\/\/staging.genekas24.ee\/#\/schema\/logo\/image\/\",\"url\":\"https:\/\/staging.genekas24.ee\/wp-content\/uploads\/2026\/01\/genekas24-logo_black.svg\",\"contentUrl\":\"https:\/\/staging.genekas24.ee\/wp-content\/uploads\/2026\/01\/genekas24-logo_black.svg\",\"width\":840,\"height\":131,\"caption\":\"Genekas24\"},\"image\":{\"@id\":\"https:\/\/staging.genekas24.ee\/#\/schema\/logo\/image\/\"}}]}<\/script>\n<!-- \/ Yoast SEO plugin. -->","yoast_head_json":{"title":"Akuga muru- ja hekik\u00e4\u00e4rid KS SHT-20V - Genekas24","robots":{"index":"index","follow":"follow","max-snippet":"max-snippet:-1","max-image-preview":"max-image-preview:large","max-video-preview":"max-video-preview:-1"},"canonical":"https:\/\/staging.genekas24.ee\/en\/product\/akuga-muru-ja-hekikaarid-ks-sht-20v\/","og_locale":"en_GB","og_type":"article","og_title":"Akuga muru- ja hekik\u00e4\u00e4rid KS SHT-20V - Genekas24","og_description":"Nimipinge, V 20   Soovitatav aku mahtuvus 2 Ah, 4 Ah, 6 Ah, 8 Ah   Aku t\u00fc\u00fcp Laetav liitiumioonaku   Aku ja laadija ei kuulu komplekti   L\u00f5ikelaius (muru), mm 92   Tera pikkus, mm 199   Maksimaalne l\u00f5ikediameeter, mm 7.5   Vibratsioonitase 1,98 m\/s\u00b2, K = 1,5 m\/s\u00b2   T\u00fchik\u00e4igu kiirus, p\/min 1200   M\u00fcra tase Lpa (7m)\/Lwa, dB 75\/96   Netom\u00f5\u00f5tmed (PxLxK), mm 300\u00d792\u00d7130   \u00dcldm\u00f5\u00f5tmed (PxLxK), mm 400\u00d7130\u00d7153   Netokaal, kg 1.6   Kogukaal, kg 1.82   SKU KS SHT-20V   EAN 4260405368457    *Aku ja laadija ei kuulu komplekti \u2014 palun arvestage sellega ostmisel","og_url":"https:\/\/staging.genekas24.ee\/en\/product\/akuga-muru-ja-hekikaarid-ks-sht-20v\/","og_site_name":"Genekas24","article_modified_time":"2026-01-07T10:34:52+00:00","og_image":[{"width":1600,"height":1600,"url":"https:\/\/staging.genekas24.ee\/wp-content\/uploads\/2026\/01\/KS-SHT-20V_2500_25001.webp","type":"image\/webp"}],"twitter_card":"summary_large_image","twitter_misc":{"Estimated reading time":"3 minutes"},"schema":{"@context":"https:\/\/schema.org","@graph":[{"@type":"WebPage","@id":"https:\/\/staging.genekas24.ee\/toode\/akuga-muru-ja-hekikaarid-ks-sht-20v\/","url":"https:\/\/staging.genekas24.ee\/toode\/akuga-muru-ja-hekikaarid-ks-sht-20v\/","name":"Akuga muru- ja hekik\u00e4\u00e4rid KS SHT-20V - Genekas24","isPartOf":{"@id":"https:\/\/staging.genekas24.ee\/#website"},"primaryImageOfPage":{"@id":"https:\/\/staging.genekas24.ee\/toode\/akuga-muru-ja-hekikaarid-ks-sht-20v\/#primaryimage"},"image":{"@id":"https:\/\/staging.genekas24.ee\/toode\/akuga-muru-ja-hekikaarid-ks-sht-20v\/#primaryimage"},"thumbnailUrl":"https:\/\/staging.genekas24.ee\/wp-content\/uploads\/2026\/01\/KS-SHT-20V_2500_25001.webp","datePublished":"2026-01-07T10:33:34+00:00","dateModified":"2026-01-07T10:34:52+00:00","breadcrumb":{"@id":"https:\/\/staging.genekas24.ee\/toode\/akuga-muru-ja-hekikaarid-ks-sht-20v\/#breadcrumb"},"inLanguage":"en-GB","potentialAction":[{"@type":"ReadAction","target":["https:\/\/staging.genekas24.ee\/toode\/akuga-muru-ja-hekikaarid-ks-sht-20v\/"]}]},{"@type":"ImageObject","inLanguage":"en-GB","@id":"https:\/\/staging.genekas24.ee\/toode\/akuga-muru-ja-hekikaarid-ks-sht-20v\/#primaryimage","url":"https:\/\/staging.genekas24.ee\/wp-content\/uploads\/2026\/01\/KS-SHT-20V_2500_25001.webp","contentUrl":"https:\/\/staging.genekas24.ee\/wp-content\/uploads\/2026\/01\/KS-SHT-20V_2500_25001.webp","width":1600,"height":1600},{"@type":"BreadcrumbList","@id":"https:\/\/staging.genekas24.ee\/toode\/akuga-muru-ja-hekikaarid-ks-sht-20v\/#breadcrumb","itemListElement":[{"@type":"ListItem","position":1,"name":"Home","item":"https:\/\/staging.genekas24.ee\/"},{"@type":"ListItem","position":2,"name":"Pood","item":"https:\/\/staging.genekas24.ee\/pood\/"},{"@type":"ListItem","position":3,"name":"Akuga muru- ja hekik\u00e4\u00e4rid KS SHT-20V"}]},{"@type":"WebSite","@id":"https:\/\/staging.genekas24.ee\/#website","url":"https:\/\/staging.genekas24.ee\/","name":"Genekas24","description":"Generaatorid | K&ouml;nner S&ouml;hnen tooted | Genekas24","publisher":{"@id":"https:\/\/staging.genekas24.ee\/#organization"},"potentialAction":[{"@type":"SearchAction","target":{"@type":"EntryPoint","urlTemplate":"https:\/\/staging.genekas24.ee\/?s={search_term_string}"},"query-input":{"@type":"PropertyValueSpecification","valueRequired":true,"valueName":"search_term_string"}}],"inLanguage":"en-GB"},{"@type":"Organization","@id":"https:\/\/staging.genekas24.ee\/#organization","name":"Genekas24","url":"https:\/\/staging.genekas24.ee\/","logo":{"@type":"ImageObject","inLanguage":"en-GB","@id":"https:\/\/staging.genekas24.ee\/#\/schema\/logo\/image\/","url":"https:\/\/staging.genekas24.ee\/wp-content\/uploads\/2026\/01\/genekas24-logo_black.svg","contentUrl":"https:\/\/staging.genekas24.ee\/wp-content\/uploads\/2026\/01\/genekas24-logo_black.svg","width":840,"height":131,"caption":"Genekas24"},"image":{"@id":"https:\/\/staging.genekas24.ee\/#\/schema\/logo\/image\/"}}]}},"_links":{"self":[{"href":"https:\/\/staging.genekas24.ee\/en\/wp-json\/wp\/v2\/product\/21893","targetHints":{"allow":["GET"]}}],"collection":[{"href":"https:\/\/staging.genekas24.ee\/en\/wp-json\/wp\/v2\/product"}],"about":[{"href":"https:\/\/staging.genekas24.ee\/en\/wp-json\/wp\/v2\/types\/product"}],"version-history":[{"count":2,"href":"https:\/\/staging.genekas24.ee\/en\/wp-json\/wp\/v2\/product\/21893\/revisions"}],"predecessor-version":[{"id":21899,"href":"https:\/\/staging.genekas24.ee\/en\/wp-json\/wp\/v2\/product\/21893\/revisions\/21899"}],"wp:featuredmedia":[{"embeddable":true,"href":"https:\/\/staging.genekas24.ee\/en\/wp-json\/wp\/v2\/media\/21894"}],"wp:attachment":[{"href":"https:\/\/staging.genekas24.ee\/en\/wp-json\/wp\/v2\/media?parent=21893"}],"wp:term":[{"taxonomy":"product_brand","embeddable":true,"href":"https:\/\/staging.genekas24.ee\/en\/wp-json\/wp\/v2\/product_brand?post=21893"},{"taxonomy":"product_cat","embeddable":true,"href":"https:\/\/staging.genekas24.ee\/en\/wp-json\/wp\/v2\/product_cat?post=21893"},{"taxonomy":"product_tag","embeddable":true,"href":"https:\/\/staging.genekas24.ee\/en\/wp-json\/wp\/v2\/product_tag?post=21893"}],"curies":[{"name":"wp","href":"https:\/\/api.w.org\/{rel}","templated":true}]}}