{"id":21834,"date":"2026-01-06T15:35:29","date_gmt":"2026-01-06T15:35:29","guid":{"rendered":"https:\/\/staging.genekas24.ee\/?post_type=product&#038;p=21834"},"modified":"2026-01-06T15:35:29","modified_gmt":"2026-01-06T15:35:29","slug":"akuga-lehepuhur-imur-ks-lbv-40v","status":"publish","type":"product","link":"https:\/\/staging.genekas24.ee\/en\/product\/akuga-lehepuhur-imur-ks-lbv-40v\/","title":{"rendered":"Akuga lehepuhur-imur KS LBV-40V"},"content":{"rendered":"<p>Akuga lehepuhur on osa K\u00f6nner &amp; S\u00f6hnen\u00ae \u00fchtsest juhtmeta aiat\u00f6\u00f6riistade s\u00fcsteemist. See multifunktsionaalne t\u00f6\u00f6riist on ideaalne v\u00e4lisala ja aia puhastamiseks.<\/p>\n<p><strong>Akuga lehepuhur-imur<\/strong> lehtede purustamise (mult\u0161imise) funktsiooniga K\u00f6nner &amp; S\u00f6hnen\u00ae-ilt on mugav multifunktsionaalne t\u00f6\u00f6riist, mis s\u00e4\u00e4stab oluliselt aega ja vaeva territooriumi puhastamisel. See on kerge, kompaktne ja ei s\u00f5ltu elektriv\u00f5rgust. Sellel on 4 t\u00f6\u00f6kiirust ning Turbo re\u017eiim, mis v\u00f5imaldab valida vajaliku re\u017eiimi erinevate vajaduste jaoks.<\/p>\n<p>Lisaks on seda \u00e4\u00e4rmiselt lihtne kasutada, lihtne kokku panna ja see ei vaja peaaegu mingit tehnilist hooldust.<\/p>\n<p><img fetchpriority=\"high\" decoding=\"async\" class=\"aligncenter\" src=\"https:\/\/konner-sohnen.ee\/cdn\/shop\/files\/one-battery-en.png?v=1723486305&amp;width=1920\" width=\"781\" height=\"74\" \/><\/p>\n<div class=\"accu-custom-list\">\n<div class=\"accu-custom-list-left\">\n<div class=\"accu-custom-list-title\">\n<ul>\n<li><strong>FINANTS KASU<\/strong><\/li>\n<\/ul>\n<\/div>\n<p>M\u00e4rkimisv\u00e4\u00e4rne osa akutoitel t\u00f6\u00f6riistade maksumusest on seotud akudega. V\u00f5imalus kasutada sama akut mitme t\u00f6\u00f6riista jaoks tagab m\u00e4rkimisv\u00e4\u00e4rse kulude kokkuhoiu. Universaalsed akud* K\u00f6nner &amp; S\u00f6hnen\u00ae-ilt on \u00fchilduvad k\u00f5igi meie br\u00e4ndi akutoitel aiat\u00f6\u00f6riistadega. Seega peavad kasutajad ostma soovitud mahutavusega aku ja laadimisseadme vaid korra ning seej\u00e4rel saavad neid kasutada mis tahes meie seeria akutoitel t\u00f6\u00f6riistaga.<\/p>\n<p>*Aku ja laadija ei kuulu komplekti<\/p><\/div>\n<div class=\"accu-custom-list-right\">\n<div class=\"accu-custom-list-title\">\n<ul>\n<li><strong>MUGAVUS T\u00d6\u00d6 K\u00c4IGUS<\/strong><\/li>\n<\/ul>\n<\/div>\n<p>\u00dche aku kasutamine mitme t\u00f6\u00f6riista jaoks lihtsustab oluliselt t\u00f6\u00f6protsessi, s\u00e4\u00e4stab aega ja v\u00e4hendab t\u00f6\u00f6katkestusi. Ei ole vaja liigutada, hoiustada ega j\u00e4lgida erinevate akude laetuse olekut. Kui teil on mitu \u00fclesannet, v\u00f5tke lihtsalt \u00fcks aku kaasa ja kasutage seda erinevate t\u00f6\u00f6riistadega. Ilma akudeta seadmed on palju kergemad, mis suurendab t\u00f6\u00f6 mugavust.<\/p>\n<\/div>\n<\/div>\n<div class=\"accu-custom-bottom-text custom-description-rich-text\">\n<div class=\"metafield-rich_text_field\">\n<ul>\n<li><strong>EASY TO USE<\/strong><\/li>\n<\/ul>\n<p>See K\u00f6nner &amp; S\u00f6hnen\u00ae aiaseade v\u00f5imaldab t\u00f6\u00f6riistavaba, kiiret otsikute vahetust vaid \u00fche nupuvajutusega. T\u00e4nu sellele funktsioonile saab tolmuimeja lihtsalt muuta v\u00f5imsaks puhuriks ilma lisapingutuseta. Samuti paistab see silma oma kompaktse suuruse ja kerge disaini poolest, kaaludes vaid 3,5 kg, et tagada maksimaalne kasutusmugavus. Pehme polstriga \u00f5larihm v\u00f5imaldab tasakaalustada t\u00f6\u00f6kaalu, hoida seadet turvaliselt ja leevendada operaatori k\u00e4si.<\/p>\n<ul>\n<li><strong>MOBIILSUS<\/strong><\/li>\n<\/ul>\n<p>Selle multifunktsionaalse tolmuimeja \u00fcks peamisi eeliseid on selle mobiilsus ja s\u00f5ltumatus elektriv\u00f5rgust. Seda toidavad kaasaegsed, kvaliteetsed 20V liitiumioonakud, mille mahutavus on vahemikus 2 kuni 8 Ah, mida iseloomustab pikk kasutusiga, kompaktne suurus ja kerge kaal, mis ei koorma masinat. Need tagavad mitte ainult k\u00f5rge j\u00f5udluse, vaid v\u00f5imaldavad ka t\u00f6\u00f6riista kasutada raskesti ligip\u00e4\u00e4setavates kohtades, eemal kesksele elektriv\u00f5rgule. Lisaks saab neid akusid kasutada ka teiste K\u00f6nner &amp; S\u00f6hnen\u00ae aiat\u00f6\u00f6riistadega.<\/p>\n<ul>\n<li><strong>TARK JUHTIMINE<\/strong><\/li>\n<\/ul>\n<p>Elektrooniline moodul kontrollib mootori kiirust erinevates t\u00f6\u00f6re\u017eiimides. Juhtpaneel v\u00f5imaldab kasutajatel kiirust \u00fche nupuga reguleerida vastavalt kasutaja vajadustele.<\/p>\n<ul>\n<li><strong>Mult\u0161imisfunktsioon<\/strong><\/li>\n<li><strong>T\u00f6\u00f6riistavaba ja ainult \u00fcks nupp \u00f5hutorude kiireks kokkupanekuks<\/strong><\/li>\n<li><strong>\u00dcksik kiire vabastusega kanderihm<\/strong><\/li>\n<\/ul>\n<p>See 3-\u00fches aiat\u00f6\u00f6riist K\u00f6nner &amp; S\u00f6hnen\u00ae-lt t\u00e4idab t\u00f5husalt olulisi funktsioone ala puhastamisel: imemisre\u017eiimis aitab see koguda aiaprahti, lehti, oksi v\u00f5i muud v\u00e4ikest prahti, tolmu ja saepuru. Mahukas 45-liitrine pr\u00fcgikott v\u00f5imaldab koguda suure hulga j\u00e4\u00e4tmeid. T\u00e4nu integreeritud purustajale saab see mult\u0161ida lehti ja rohtu, v\u00e4hendades nende mahtu 1:10 algsest suurusest. Saadud mult\u0161i saab kasutada v\u00e4etisena p\u00f5llul. Puhurire\u017eiimis tagab see \u00f5hukiiruse 270 km\/h &#8211; nii puhub see kergesti mustuse, lehed v\u00f5i prahi teedelt ja puhastab pinnad.<\/p>\n<\/div>\n<\/div>","protected":false},"excerpt":{"rendered":"<table>\n<tbody>\n<tr>\n<td>Rated voltage, V<\/td>\n<td>40 (20+20)<\/td>\n<\/tr>\n<tr>\n<td>Soovitatav aku mahtuvus<\/td>\n<td>2 x 2 Ah, 2 x 4 Ah, 2 x 6 Ah, 2 x 8 Ah<\/td>\n<\/tr>\n<tr>\n<td>Battery Type<\/td>\n<td>Laetav liitiumioonaku<\/td>\n<\/tr>\n<tr>\n<td>Aku ja laadija<\/td>\n<td>ei kuulu komplekti<\/td>\n<\/tr>\n<tr>\n<td>Engine type<\/td>\n<td>harjadeta mootor<\/td>\n<\/tr>\n<tr>\n<td>T\u00fchik\u00e4igu kiirus, p\/min<\/td>\n<td>16300<\/td>\n<\/tr>\n<tr>\n<td>Tolmukoti maht, l<\/td>\n<td>45<\/td>\n<\/tr>\n<tr>\n<td>Mult\u0161imisfunktsioon<\/td>\n<td>+<\/td>\n<\/tr>\n<tr>\n<td>Komplektis<\/td>\n<td>Lehepuhur, kogumiskott, \u00f5larihm, imitoru, puhuritoru<\/td>\n<\/tr>\n<tr>\n<td>\u00dcldm\u00f5\u00f5tmed (PxLxK), mm<\/td>\n<td>470\u00d7280\u00d7360<\/td>\n<\/tr>\n<tr>\n<td>Net weight, kg<\/td>\n<td>3.5<\/td>\n<\/tr>\n<tr>\n<td>Kogukaal, kg<\/td>\n<td>4.6<\/td>\n<\/tr>\n<tr>\n<td>SKU<\/td>\n<td>KS LBV-40V<\/td>\n<\/tr>\n<tr>\n<td>EAN<\/td>\n<td>4260405367115<\/td>\n<\/tr>\n<\/tbody>\n<\/table>","protected":false},"featured_media":21835,"template":"","meta":{"_acf_changed":false,"inline_featured_image":false},"product_brand":[],"product_cat":[159,197],"product_tag":[],"class_list":{"0":"post-21834","1":"product","2":"type-product","3":"status-publish","4":"has-post-thumbnail","6":"product_cat-aiatooriistad","7":"product_cat-lehepuhurid","8":"product_shipping_class-vaikepakk","9":"brand-konner-sohnen","11":"first","12":"instock","13":"taxable","14":"shipping-taxable","15":"purchasable","16":"product-type-simple"},"acf":[],"yoast_head":"<!-- This site is optimized with the Yoast SEO plugin v26.2 - https:\/\/yoast.com\/wordpress\/plugins\/seo\/ -->\n<title>Akuga lehepuhur-imur KS LBV-40V - Genekas24<\/title>\n<meta name=\"robots\" content=\"index, follow, max-snippet:-1, max-image-preview:large, max-video-preview:-1\" \/>\n<link rel=\"canonical\" href=\"https:\/\/staging.genekas24.ee\/en\/product\/akuga-lehepuhur-imur-ks-lbv-40v\/\" \/>\n<meta property=\"og:locale\" content=\"en_GB\" \/>\n<meta property=\"og:type\" content=\"article\" \/>\n<meta property=\"og:title\" content=\"Akuga lehepuhur-imur KS LBV-40V - Genekas24\" \/>\n<meta property=\"og:description\" content=\"Nimipinge, V 40 (20+20)   Soovitatav aku mahtuvus 2 x 2 Ah, 2 x 4 Ah, 2 x 6 Ah, 2 x 8 Ah   Aku t\u00fc\u00fcp Laetav liitiumioonaku   Aku ja laadija ei kuulu komplekti   Mootori t\u00fc\u00fcp harjadeta mootor   T\u00fchik\u00e4igu kiirus, p\/min 16300   Tolmukoti maht, l 45   Mult\u0161imisfunktsioon +   Komplektis Lehepuhur, kogumiskott, \u00f5larihm, imitoru, puhuritoru   \u00dcldm\u00f5\u00f5tmed (PxLxK), mm 470\u00d7280\u00d7360   Netokaal, kg 3.5   Kogukaal, kg 4.6   SKU KS LBV-40V   EAN 4260405367115\" \/>\n<meta property=\"og:url\" content=\"https:\/\/staging.genekas24.ee\/en\/product\/akuga-lehepuhur-imur-ks-lbv-40v\/\" \/>\n<meta property=\"og:site_name\" content=\"Genekas24\" \/>\n<meta property=\"og:image\" content=\"https:\/\/staging.genekas24.ee\/wp-content\/uploads\/2026\/01\/ks-lbv-40v_01_40162769-6789-45be-a938-eb0648d90acc-1.webp\" \/>\n\t<meta property=\"og:image:width\" content=\"1600\" \/>\n\t<meta property=\"og:image:height\" content=\"1200\" \/>\n\t<meta property=\"og:image:type\" content=\"image\/webp\" \/>\n<meta name=\"twitter:card\" content=\"summary_large_image\" \/>\n<meta name=\"twitter:label1\" content=\"Estimated reading time\" \/>\n\t<meta name=\"twitter:data1\" content=\"3 minutes\" \/>\n<script type=\"application\/ld+json\" class=\"yoast-schema-graph\">{\"@context\":\"https:\/\/schema.org\",\"@graph\":[{\"@type\":\"WebPage\",\"@id\":\"https:\/\/staging.genekas24.ee\/toode\/akuga-lehepuhur-imur-ks-lbv-40v\/\",\"url\":\"https:\/\/staging.genekas24.ee\/toode\/akuga-lehepuhur-imur-ks-lbv-40v\/\",\"name\":\"Akuga lehepuhur-imur KS LBV-40V - Genekas24\",\"isPartOf\":{\"@id\":\"https:\/\/staging.genekas24.ee\/#website\"},\"primaryImageOfPage\":{\"@id\":\"https:\/\/staging.genekas24.ee\/toode\/akuga-lehepuhur-imur-ks-lbv-40v\/#primaryimage\"},\"image\":{\"@id\":\"https:\/\/staging.genekas24.ee\/toode\/akuga-lehepuhur-imur-ks-lbv-40v\/#primaryimage\"},\"thumbnailUrl\":\"https:\/\/staging.genekas24.ee\/wp-content\/uploads\/2026\/01\/ks-lbv-40v_01_40162769-6789-45be-a938-eb0648d90acc-1.webp\",\"datePublished\":\"2026-01-06T15:35:29+00:00\",\"breadcrumb\":{\"@id\":\"https:\/\/staging.genekas24.ee\/toode\/akuga-lehepuhur-imur-ks-lbv-40v\/#breadcrumb\"},\"inLanguage\":\"en-GB\",\"potentialAction\":[{\"@type\":\"ReadAction\",\"target\":[\"https:\/\/staging.genekas24.ee\/toode\/akuga-lehepuhur-imur-ks-lbv-40v\/\"]}]},{\"@type\":\"ImageObject\",\"inLanguage\":\"en-GB\",\"@id\":\"https:\/\/staging.genekas24.ee\/toode\/akuga-lehepuhur-imur-ks-lbv-40v\/#primaryimage\",\"url\":\"https:\/\/staging.genekas24.ee\/wp-content\/uploads\/2026\/01\/ks-lbv-40v_01_40162769-6789-45be-a938-eb0648d90acc-1.webp\",\"contentUrl\":\"https:\/\/staging.genekas24.ee\/wp-content\/uploads\/2026\/01\/ks-lbv-40v_01_40162769-6789-45be-a938-eb0648d90acc-1.webp\",\"width\":1600,\"height\":1200},{\"@type\":\"BreadcrumbList\",\"@id\":\"https:\/\/staging.genekas24.ee\/toode\/akuga-lehepuhur-imur-ks-lbv-40v\/#breadcrumb\",\"itemListElement\":[{\"@type\":\"ListItem\",\"position\":1,\"name\":\"Home\",\"item\":\"https:\/\/staging.genekas24.ee\/\"},{\"@type\":\"ListItem\",\"position\":2,\"name\":\"Pood\",\"item\":\"https:\/\/staging.genekas24.ee\/pood\/\"},{\"@type\":\"ListItem\",\"position\":3,\"name\":\"Akuga lehepuhur-imur KS LBV-40V\"}]},{\"@type\":\"WebSite\",\"@id\":\"https:\/\/staging.genekas24.ee\/#website\",\"url\":\"https:\/\/staging.genekas24.ee\/\",\"name\":\"Genekas24\",\"description\":\"Generaatorid | K&ouml;nner S&ouml;hnen tooted | Genekas24\",\"publisher\":{\"@id\":\"https:\/\/staging.genekas24.ee\/#organization\"},\"potentialAction\":[{\"@type\":\"SearchAction\",\"target\":{\"@type\":\"EntryPoint\",\"urlTemplate\":\"https:\/\/staging.genekas24.ee\/?s={search_term_string}\"},\"query-input\":{\"@type\":\"PropertyValueSpecification\",\"valueRequired\":true,\"valueName\":\"search_term_string\"}}],\"inLanguage\":\"en-GB\"},{\"@type\":\"Organization\",\"@id\":\"https:\/\/staging.genekas24.ee\/#organization\",\"name\":\"Genekas24\",\"url\":\"https:\/\/staging.genekas24.ee\/\",\"logo\":{\"@type\":\"ImageObject\",\"inLanguage\":\"en-GB\",\"@id\":\"https:\/\/staging.genekas24.ee\/#\/schema\/logo\/image\/\",\"url\":\"https:\/\/staging.genekas24.ee\/wp-content\/uploads\/2026\/01\/genekas24-logo_black.svg\",\"contentUrl\":\"https:\/\/staging.genekas24.ee\/wp-content\/uploads\/2026\/01\/genekas24-logo_black.svg\",\"width\":840,\"height\":131,\"caption\":\"Genekas24\"},\"image\":{\"@id\":\"https:\/\/staging.genekas24.ee\/#\/schema\/logo\/image\/\"}}]}<\/script>\n<!-- \/ Yoast SEO plugin. -->","yoast_head_json":{"title":"Akuga lehepuhur-imur KS LBV-40V - Genekas24","robots":{"index":"index","follow":"follow","max-snippet":"max-snippet:-1","max-image-preview":"max-image-preview:large","max-video-preview":"max-video-preview:-1"},"canonical":"https:\/\/staging.genekas24.ee\/en\/product\/akuga-lehepuhur-imur-ks-lbv-40v\/","og_locale":"en_GB","og_type":"article","og_title":"Akuga lehepuhur-imur KS LBV-40V - Genekas24","og_description":"Nimipinge, V 40 (20+20)   Soovitatav aku mahtuvus 2 x 2 Ah, 2 x 4 Ah, 2 x 6 Ah, 2 x 8 Ah   Aku t\u00fc\u00fcp Laetav liitiumioonaku   Aku ja laadija ei kuulu komplekti   Mootori t\u00fc\u00fcp harjadeta mootor   T\u00fchik\u00e4igu kiirus, p\/min 16300   Tolmukoti maht, l 45   Mult\u0161imisfunktsioon +   Komplektis Lehepuhur, kogumiskott, \u00f5larihm, imitoru, puhuritoru   \u00dcldm\u00f5\u00f5tmed (PxLxK), mm 470\u00d7280\u00d7360   Netokaal, kg 3.5   Kogukaal, kg 4.6   SKU KS LBV-40V   EAN 4260405367115","og_url":"https:\/\/staging.genekas24.ee\/en\/product\/akuga-lehepuhur-imur-ks-lbv-40v\/","og_site_name":"Genekas24","og_image":[{"width":1600,"height":1200,"url":"https:\/\/staging.genekas24.ee\/wp-content\/uploads\/2026\/01\/ks-lbv-40v_01_40162769-6789-45be-a938-eb0648d90acc-1.webp","type":"image\/webp"}],"twitter_card":"summary_large_image","twitter_misc":{"Estimated reading time":"3 minutes"},"schema":{"@context":"https:\/\/schema.org","@graph":[{"@type":"WebPage","@id":"https:\/\/staging.genekas24.ee\/toode\/akuga-lehepuhur-imur-ks-lbv-40v\/","url":"https:\/\/staging.genekas24.ee\/toode\/akuga-lehepuhur-imur-ks-lbv-40v\/","name":"Akuga lehepuhur-imur KS LBV-40V - Genekas24","isPartOf":{"@id":"https:\/\/staging.genekas24.ee\/#website"},"primaryImageOfPage":{"@id":"https:\/\/staging.genekas24.ee\/toode\/akuga-lehepuhur-imur-ks-lbv-40v\/#primaryimage"},"image":{"@id":"https:\/\/staging.genekas24.ee\/toode\/akuga-lehepuhur-imur-ks-lbv-40v\/#primaryimage"},"thumbnailUrl":"https:\/\/staging.genekas24.ee\/wp-content\/uploads\/2026\/01\/ks-lbv-40v_01_40162769-6789-45be-a938-eb0648d90acc-1.webp","datePublished":"2026-01-06T15:35:29+00:00","breadcrumb":{"@id":"https:\/\/staging.genekas24.ee\/toode\/akuga-lehepuhur-imur-ks-lbv-40v\/#breadcrumb"},"inLanguage":"en-GB","potentialAction":[{"@type":"ReadAction","target":["https:\/\/staging.genekas24.ee\/toode\/akuga-lehepuhur-imur-ks-lbv-40v\/"]}]},{"@type":"ImageObject","inLanguage":"en-GB","@id":"https:\/\/staging.genekas24.ee\/toode\/akuga-lehepuhur-imur-ks-lbv-40v\/#primaryimage","url":"https:\/\/staging.genekas24.ee\/wp-content\/uploads\/2026\/01\/ks-lbv-40v_01_40162769-6789-45be-a938-eb0648d90acc-1.webp","contentUrl":"https:\/\/staging.genekas24.ee\/wp-content\/uploads\/2026\/01\/ks-lbv-40v_01_40162769-6789-45be-a938-eb0648d90acc-1.webp","width":1600,"height":1200},{"@type":"BreadcrumbList","@id":"https:\/\/staging.genekas24.ee\/toode\/akuga-lehepuhur-imur-ks-lbv-40v\/#breadcrumb","itemListElement":[{"@type":"ListItem","position":1,"name":"Home","item":"https:\/\/staging.genekas24.ee\/"},{"@type":"ListItem","position":2,"name":"Pood","item":"https:\/\/staging.genekas24.ee\/pood\/"},{"@type":"ListItem","position":3,"name":"Akuga lehepuhur-imur KS LBV-40V"}]},{"@type":"WebSite","@id":"https:\/\/staging.genekas24.ee\/#website","url":"https:\/\/staging.genekas24.ee\/","name":"Genekas24","description":"Generaatorid | K&ouml;nner S&ouml;hnen tooted | Genekas24","publisher":{"@id":"https:\/\/staging.genekas24.ee\/#organization"},"potentialAction":[{"@type":"SearchAction","target":{"@type":"EntryPoint","urlTemplate":"https:\/\/staging.genekas24.ee\/?s={search_term_string}"},"query-input":{"@type":"PropertyValueSpecification","valueRequired":true,"valueName":"search_term_string"}}],"inLanguage":"en-GB"},{"@type":"Organization","@id":"https:\/\/staging.genekas24.ee\/#organization","name":"Genekas24","url":"https:\/\/staging.genekas24.ee\/","logo":{"@type":"ImageObject","inLanguage":"en-GB","@id":"https:\/\/staging.genekas24.ee\/#\/schema\/logo\/image\/","url":"https:\/\/staging.genekas24.ee\/wp-content\/uploads\/2026\/01\/genekas24-logo_black.svg","contentUrl":"https:\/\/staging.genekas24.ee\/wp-content\/uploads\/2026\/01\/genekas24-logo_black.svg","width":840,"height":131,"caption":"Genekas24"},"image":{"@id":"https:\/\/staging.genekas24.ee\/#\/schema\/logo\/image\/"}}]}},"_links":{"self":[{"href":"https:\/\/staging.genekas24.ee\/en\/wp-json\/wp\/v2\/product\/21834","targetHints":{"allow":["GET"]}}],"collection":[{"href":"https:\/\/staging.genekas24.ee\/en\/wp-json\/wp\/v2\/product"}],"about":[{"href":"https:\/\/staging.genekas24.ee\/en\/wp-json\/wp\/v2\/types\/product"}],"version-history":[{"count":2,"href":"https:\/\/staging.genekas24.ee\/en\/wp-json\/wp\/v2\/product\/21834\/revisions"}],"predecessor-version":[{"id":21841,"href":"https:\/\/staging.genekas24.ee\/en\/wp-json\/wp\/v2\/product\/21834\/revisions\/21841"}],"wp:featuredmedia":[{"embeddable":true,"href":"https:\/\/staging.genekas24.ee\/en\/wp-json\/wp\/v2\/media\/21835"}],"wp:attachment":[{"href":"https:\/\/staging.genekas24.ee\/en\/wp-json\/wp\/v2\/media?parent=21834"}],"wp:term":[{"taxonomy":"product_brand","embeddable":true,"href":"https:\/\/staging.genekas24.ee\/en\/wp-json\/wp\/v2\/product_brand?post=21834"},{"taxonomy":"product_cat","embeddable":true,"href":"https:\/\/staging.genekas24.ee\/en\/wp-json\/wp\/v2\/product_cat?post=21834"},{"taxonomy":"product_tag","embeddable":true,"href":"https:\/\/staging.genekas24.ee\/en\/wp-json\/wp\/v2\/product_tag?post=21834"}],"curies":[{"name":"wp","href":"https:\/\/api.w.org\/{rel}","templated":true}]}}