{"id":21825,"date":"2026-01-06T15:04:40","date_gmt":"2026-01-06T15:04:40","guid":{"rendered":"https:\/\/staging.genekas24.ee\/?post_type=product&#038;p=21825"},"modified":"2026-01-12T09:33:23","modified_gmt":"2026-01-12T09:33:23","slug":"akuga-hekiloikur-ks-ht-20v","status":"publish","type":"product","link":"https:\/\/staging.genekas24.ee\/en\/product\/akuga-hekiloikur-ks-ht-20v\/","title":{"rendered":"Akuga hekitrimmer KS HT-20V"},"content":{"rendered":"<p><strong>Akuga hekil\u00f5ikur K\u00f6nner &amp; S\u00f6hnen\u00ae-ilt<\/strong>\u00a0on parim lahendus aia hooldamiseks. Seda toidab liitiumioonaku, mist\u00f5ttu paistab see silma autonoomse t\u00f6\u00f6 ja mugava ligip\u00e4\u00e4suga territooriumi kaugematesse piirkondadesse (kaabli puudumise t\u00f5ttu). Lisaks ei vaja see keerulist hooldust.<\/p>\n<p>V\u00e4ga mobiilne ja v\u00f5rgust s\u00f5ltumatu hekil\u00f5ikur K\u00f6nner &amp; S\u00f6hnen\u00ae-ilt\u00a0on suure v\u00f5imsusega ja eristub madala vibratsiooniga. T\u00e4nu oma v\u00e4ikesele kaalule, mis on 2,5 kg, ja kompaktsetele m\u00f5\u00f5tmetele,\u00a0<strong>samuti 180\u00b0 p\u00f6\u00f6ratavale k\u00e4epidemele<\/strong>\u00a0maksimaalse mugavuse tagamiseks v\u00f5imaldab see h\u00f5lpsat l\u00f5ikenurga reguleerimist. See teeb sellest asendamatu abilise aia hooldamisel p\u00f5\u00f5saste ja okste l\u00f5ikamiseks kuni 16 mm l\u00e4bim\u00f5\u00f5duga, samuti hekkide l\u00f5ikamiseks ja taimede vormimiseks.<\/p>\n<p><img fetchpriority=\"high\" decoding=\"async\" class=\"aligncenter\" src=\"https:\/\/konner-sohnen.ee\/cdn\/shop\/files\/one-battery-en.png?v=1723486305&amp;width=1920\" width=\"812\" height=\"77\" \/><\/p>\n<div class=\"accu-custom-list\">\n<div class=\"accu-custom-list-left\">\n<div class=\"accu-custom-list-title\">\n<ul>\n<li><strong>FINANTSILINE KASU<\/strong><\/li>\n<\/ul>\n<\/div>\n<p>M\u00e4rkimisv\u00e4\u00e4rne osa akutoitel t\u00f6\u00f6riistade maksumusest on seotud akudega. V\u00f5imalus kasutada sama akut mitme t\u00f6\u00f6riista jaoks tagab m\u00e4rkimisv\u00e4\u00e4rse kulude kokkuhoiu. K\u00f6nner &amp; S\u00f6hnen\u00ae universaalsed akud on \u00fchilduvad k\u00f5igi meie kaubam\u00e4rgi akutoitel aiat\u00f6\u00f6riistadega. Seega peavad kasutajad ostma ainult soovitud mahutavusega aku ja laadimisseadme ning seej\u00e4rel kasutama neid meie seeria mis tahes akutoitel t\u00f6\u00f6riistaga.<\/p>\n<p>*Aku ja laadija ei kuulu komplekti<\/p>\n<\/div>\n<div class=\"accu-custom-list-right\">\n<div class=\"accu-custom-list-title\">\n<ul>\n<li><strong>MUGAVUS T\u00d6\u00d6 K\u00c4IGUS<\/strong><\/li>\n<\/ul>\n<\/div>\n<p>\u00dche aku kasutamine mitme t\u00f6\u00f6riista jaoks lihtsustab oluliselt t\u00f6\u00f6protsessi, s\u00e4\u00e4stab aega ja v\u00e4hendab t\u00f6\u00f6katkestusi. Ei ole vaja liigutada, hoiustada ega j\u00e4lgida erinevate akude laetuse olekut. Kui teil on mitu \u00fclesannet, v\u00f5tke lihtsalt \u00fcks aku kaasa ja kasutage seda erinevate t\u00f6\u00f6riistadega. Akudeta seadmed on palju kergemad, mis suurendab t\u00f6\u00f6 mugavust.<\/p>\n<\/div>\n<\/div>\n<div class=\"accu-custom-bottom-text custom-description-rich-text\">\n<div class=\"metafield-rich_text_field\">\n<ul>\n<li><strong>55 CM LASERTERITUD TERA<\/strong><\/li>\n<\/ul>\n<p>55 cm pikkune l\u00f5iketeraga, millel on kahekordse toimega terad, on valmistatud vastupidavast terasest ja laserteritusega, et tagada t\u00e4iuslikult terav l\u00f5ikeserv. See on t\u00f5hus nii v\u00e4rskete v\u00f5rsete kui ka erinevate taimeliikide okste l\u00f5ikamiseks.<\/p>\n<ul>\n<li><strong>L\u00c4BIM\u00d5ELDUD DISAIN<\/strong><\/li>\n<\/ul>\n<p>Kummist k\u00e4epide on kohandatud t\u00f6\u00f6riista v\u00f5imalikult tihedaks haardeks, v\u00e4ltides kasutaja k\u00e4e libisemist. Sellel on 5 p\u00f6\u00f6ramisasendit 180\u00b0 juures, et tagada t\u00f5hus ja mugav t\u00f6\u00f6 igas nurgas.<\/p>\n<ul>\n<li><strong>LI-ION AKU PINGEGA 20V (ei kuulu komplekti)<\/strong><\/li>\n<\/ul>\n<p>Trimmerit toidab 20V Li-Ion aku, mille maht on 2 kuni 8 Ah. See on t\u00f6\u00f6riist K\u00f6nner &amp; S\u00f6hnen\u00ae aiat\u00f6\u00f6riistade sarjast, mis p\u00f5hineb \u00fchel akus\u00fcsteemil. Sellel on kiire laadimiskiirus ja v\u00e4hendatud seisakuaeg.<\/p>\n<ul>\n<li><strong>P\u00d6\u00d6RLEV K\u00c4EPIDE<\/strong><\/li>\n<\/ul>\n<p>K\u00e4epidemed on horisontaalselt reguleeritavad 180\u00b0 (sellel on 5 p\u00f6\u00f6ramisasendit)<\/p>\n<ul>\n<li><strong>PEHME K\u00c4IVITUS<\/strong><\/li>\n<\/ul>\n<p>Pehme k\u00e4ivituse funktsioon aitab v\u00e4ltida j\u00e4rsku k\u00e4ivitumist ja liiga suuri koormusi mootorile. See tagab mugava k\u00e4ivituse ilma t\u00f5mblusteta, v\u00e4listades ootamatute tegevuste riski.<\/p>\n<ul>\n<li><strong>Parim valik \u00fclekasvanud hekkide ja p\u00f5\u00f5saste jaoks<\/strong><\/li>\n<li><strong>K\u00f5rge v\u00f5imsus ja madal vibratsioon<\/strong><\/li>\n<li><strong>Kerge ergonoomiline disain<\/strong><\/li>\n<\/ul>\n<p>Akuga trimmer <strong>KS HT-20V<\/strong>\u00a0pakub k\u00f5rgetasemelist ohutust, olles varustatud kahe k\u00e4epideme juhtimiss\u00fcsteemiga, millel on kaitse juhusliku k\u00e4ivitamise eest k\u00e4epidemel, mis v\u00e4listab t\u00f6\u00f6riista planeerimata k\u00e4ivitamise v\u00f5imaluse. Lisaks on see varustatud kaitsekaitsega k\u00e4epideme ees, mis ei piira t\u00f6\u00f6ala vaadet kasutamise ajal, kaitstes samal ajal t\u00f5husalt k\u00e4tt lendavate prahi eest.<\/p>\n<\/div>\n<\/div>\n<p>&nbsp;<\/p>","protected":false},"excerpt":{"rendered":"<table style=\"width: 77.9066%;\">\n<tbody>\n<tr>\n<td style=\"width: 40.2659%;\">Rated voltage, V<\/td>\n<td style=\"width: 221.521%;\">20<\/td>\n<\/tr>\n<tr>\n<td style=\"width: 40.2659%;\">Soovitatav aku mahtuvus<\/td>\n<td style=\"width: 221.521%;\">2 Ah, 4 Ah, 6 Ah, 8 Ah<\/td>\n<\/tr>\n<tr>\n<td style=\"width: 40.2659%;\">Battery Type<\/td>\n<td style=\"width: 221.521%;\">Laetav liitiumioonaku<\/td>\n<\/tr>\n<tr>\n<td style=\"width: 40.2659%;\">Aku ja laadija<\/td>\n<td style=\"width: 221.521%;\">ei kuulu komplekti<\/td>\n<\/tr>\n<tr>\n<td style=\"width: 40.2659%;\">Engine type<\/td>\n<td style=\"width: 221.521%;\">Harjamootor<\/td>\n<\/tr>\n<tr>\n<td style=\"width: 40.2659%;\">L\u00f5ikamise pikkus<\/td>\n<td style=\"width: 221.521%;\">22\u201d (55 cm)<\/td>\n<\/tr>\n<tr>\n<td style=\"width: 40.2659%;\">T\u00fchik\u00e4igu kiirus, p\/min<\/td>\n<td style=\"width: 221.521%;\">1550<\/td>\n<\/tr>\n<tr>\n<td style=\"width: 40.2659%;\">Maksimaalne l\u00f5ikediameeter, mm<\/td>\n<td style=\"width: 221.521%;\">16<\/td>\n<\/tr>\n<tr>\n<td style=\"width: 40.2659%;\">\u00dcldm\u00f5\u00f5tmed (PxLxK), mm<\/td>\n<td style=\"width: 221.521%;\">950x180x160<\/td>\n<\/tr>\n<tr>\n<td style=\"width: 40.2659%;\">Net weight, kg<\/td>\n<td style=\"width: 221.521%;\">2.5<\/td>\n<\/tr>\n<tr>\n<td style=\"width: 40.2659%;\">Kogukaal, kg<\/td>\n<td style=\"width: 221.521%;\">3.5<\/td>\n<\/tr>\n<tr>\n<td style=\"width: 40.2659%;\">SKU<\/td>\n<td style=\"width: 221.521%;\">KS HT-20V<\/td>\n<\/tr>\n<tr>\n<td style=\"width: 40.2659%;\">EAN<\/td>\n<td style=\"width: 221.521%;\">4260405367153<\/td>\n<\/tr>\n<\/tbody>\n<\/table>","protected":false},"featured_media":21824,"template":"","meta":{"_acf_changed":false,"inline_featured_image":false},"product_brand":[],"product_cat":[159,196],"product_tag":[],"class_list":{"0":"post-21825","1":"product","2":"type-product","3":"status-publish","4":"has-post-thumbnail","6":"product_cat-aiatooriistad","7":"product_cat-hekiloikurid","8":"product_shipping_class-vaikepakk","9":"brand-konner-sohnen","11":"first","12":"instock","13":"taxable","14":"shipping-taxable","15":"purchasable","16":"product-type-simple"},"acf":[],"yoast_head":"<!-- This site is optimized with the Yoast SEO plugin v26.2 - https:\/\/yoast.com\/wordpress\/plugins\/seo\/ -->\n<title>Akuga hekitrimmer KS HT-20V - Genekas24<\/title>\n<meta name=\"robots\" content=\"index, follow, max-snippet:-1, max-image-preview:large, max-video-preview:-1\" \/>\n<link rel=\"canonical\" href=\"https:\/\/staging.genekas24.ee\/en\/product\/akuga-hekiloikur-ks-ht-20v\/\" \/>\n<meta property=\"og:locale\" content=\"en_GB\" \/>\n<meta property=\"og:type\" content=\"article\" \/>\n<meta property=\"og:title\" content=\"Akuga hekitrimmer KS HT-20V - Genekas24\" \/>\n<meta property=\"og:description\" content=\"Nimipinge, V 20   Soovitatav aku mahtuvus 2 Ah, 4 Ah, 6 Ah, 8 Ah   Aku t\u00fc\u00fcp Laetav liitiumioonaku   Aku ja laadija ei kuulu komplekti   Mootori t\u00fc\u00fcp Harjamootor   L\u00f5ikamise pikkus 22\u201d (55 cm)   T\u00fchik\u00e4igu kiirus, p\/min 1550   Maksimaalne l\u00f5ikediameeter, mm 16   \u00dcldm\u00f5\u00f5tmed (PxLxK), mm 950x180x160   Netokaal, kg 2.5   Kogukaal, kg 3.5   SKU KS HT-20V   EAN 4260405367153\" \/>\n<meta property=\"og:url\" content=\"https:\/\/staging.genekas24.ee\/en\/product\/akuga-hekiloikur-ks-ht-20v\/\" \/>\n<meta property=\"og:site_name\" content=\"Genekas24\" \/>\n<meta property=\"article:modified_time\" content=\"2026-01-12T09:33:23+00:00\" \/>\n<meta property=\"og:image\" content=\"https:\/\/staging.genekas24.ee\/wp-content\/uploads\/2026\/01\/ks-ht-20v_01_ad1c18b2-7082-4547-acba-2b3a426b4502.webp\" \/>\n\t<meta property=\"og:image:width\" content=\"1600\" \/>\n\t<meta property=\"og:image:height\" content=\"1200\" \/>\n\t<meta property=\"og:image:type\" content=\"image\/webp\" \/>\n<meta name=\"twitter:card\" content=\"summary_large_image\" \/>\n<meta name=\"twitter:label1\" content=\"Estimated reading time\" \/>\n\t<meta name=\"twitter:data1\" content=\"3 minutes\" \/>\n<script type=\"application\/ld+json\" class=\"yoast-schema-graph\">{\"@context\":\"https:\/\/schema.org\",\"@graph\":[{\"@type\":\"WebPage\",\"@id\":\"https:\/\/staging.genekas24.ee\/toode\/akuga-hekiloikur-ks-ht-20v\/\",\"url\":\"https:\/\/staging.genekas24.ee\/toode\/akuga-hekiloikur-ks-ht-20v\/\",\"name\":\"Akuga hekitrimmer KS HT-20V - Genekas24\",\"isPartOf\":{\"@id\":\"https:\/\/staging.genekas24.ee\/#website\"},\"primaryImageOfPage\":{\"@id\":\"https:\/\/staging.genekas24.ee\/toode\/akuga-hekiloikur-ks-ht-20v\/#primaryimage\"},\"image\":{\"@id\":\"https:\/\/staging.genekas24.ee\/toode\/akuga-hekiloikur-ks-ht-20v\/#primaryimage\"},\"thumbnailUrl\":\"https:\/\/staging.genekas24.ee\/wp-content\/uploads\/2026\/01\/ks-ht-20v_01_ad1c18b2-7082-4547-acba-2b3a426b4502.webp\",\"datePublished\":\"2026-01-06T15:04:40+00:00\",\"dateModified\":\"2026-01-12T09:33:23+00:00\",\"breadcrumb\":{\"@id\":\"https:\/\/staging.genekas24.ee\/toode\/akuga-hekiloikur-ks-ht-20v\/#breadcrumb\"},\"inLanguage\":\"en-GB\",\"potentialAction\":[{\"@type\":\"ReadAction\",\"target\":[\"https:\/\/staging.genekas24.ee\/toode\/akuga-hekiloikur-ks-ht-20v\/\"]}]},{\"@type\":\"ImageObject\",\"inLanguage\":\"en-GB\",\"@id\":\"https:\/\/staging.genekas24.ee\/toode\/akuga-hekiloikur-ks-ht-20v\/#primaryimage\",\"url\":\"https:\/\/staging.genekas24.ee\/wp-content\/uploads\/2026\/01\/ks-ht-20v_01_ad1c18b2-7082-4547-acba-2b3a426b4502.webp\",\"contentUrl\":\"https:\/\/staging.genekas24.ee\/wp-content\/uploads\/2026\/01\/ks-ht-20v_01_ad1c18b2-7082-4547-acba-2b3a426b4502.webp\",\"width\":1600,\"height\":1200},{\"@type\":\"BreadcrumbList\",\"@id\":\"https:\/\/staging.genekas24.ee\/toode\/akuga-hekiloikur-ks-ht-20v\/#breadcrumb\",\"itemListElement\":[{\"@type\":\"ListItem\",\"position\":1,\"name\":\"Home\",\"item\":\"https:\/\/staging.genekas24.ee\/\"},{\"@type\":\"ListItem\",\"position\":2,\"name\":\"Pood\",\"item\":\"https:\/\/staging.genekas24.ee\/pood\/\"},{\"@type\":\"ListItem\",\"position\":3,\"name\":\"Akuga hekitrimmer KS HT-20V\"}]},{\"@type\":\"WebSite\",\"@id\":\"https:\/\/staging.genekas24.ee\/#website\",\"url\":\"https:\/\/staging.genekas24.ee\/\",\"name\":\"Genekas24\",\"description\":\"Generaatorid | K&ouml;nner S&ouml;hnen tooted | Genekas24\",\"publisher\":{\"@id\":\"https:\/\/staging.genekas24.ee\/#organization\"},\"potentialAction\":[{\"@type\":\"SearchAction\",\"target\":{\"@type\":\"EntryPoint\",\"urlTemplate\":\"https:\/\/staging.genekas24.ee\/?s={search_term_string}\"},\"query-input\":{\"@type\":\"PropertyValueSpecification\",\"valueRequired\":true,\"valueName\":\"search_term_string\"}}],\"inLanguage\":\"en-GB\"},{\"@type\":\"Organization\",\"@id\":\"https:\/\/staging.genekas24.ee\/#organization\",\"name\":\"Genekas24\",\"url\":\"https:\/\/staging.genekas24.ee\/\",\"logo\":{\"@type\":\"ImageObject\",\"inLanguage\":\"en-GB\",\"@id\":\"https:\/\/staging.genekas24.ee\/#\/schema\/logo\/image\/\",\"url\":\"https:\/\/staging.genekas24.ee\/wp-content\/uploads\/2026\/01\/genekas24-logo_black.svg\",\"contentUrl\":\"https:\/\/staging.genekas24.ee\/wp-content\/uploads\/2026\/01\/genekas24-logo_black.svg\",\"width\":840,\"height\":131,\"caption\":\"Genekas24\"},\"image\":{\"@id\":\"https:\/\/staging.genekas24.ee\/#\/schema\/logo\/image\/\"}}]}<\/script>\n<!-- \/ Yoast SEO plugin. -->","yoast_head_json":{"title":"Akuga hekitrimmer KS HT-20V - Genekas24","robots":{"index":"index","follow":"follow","max-snippet":"max-snippet:-1","max-image-preview":"max-image-preview:large","max-video-preview":"max-video-preview:-1"},"canonical":"https:\/\/staging.genekas24.ee\/en\/product\/akuga-hekiloikur-ks-ht-20v\/","og_locale":"en_GB","og_type":"article","og_title":"Akuga hekitrimmer KS HT-20V - Genekas24","og_description":"Nimipinge, V 20   Soovitatav aku mahtuvus 2 Ah, 4 Ah, 6 Ah, 8 Ah   Aku t\u00fc\u00fcp Laetav liitiumioonaku   Aku ja laadija ei kuulu komplekti   Mootori t\u00fc\u00fcp Harjamootor   L\u00f5ikamise pikkus 22\u201d (55 cm)   T\u00fchik\u00e4igu kiirus, p\/min 1550   Maksimaalne l\u00f5ikediameeter, mm 16   \u00dcldm\u00f5\u00f5tmed (PxLxK), mm 950x180x160   Netokaal, kg 2.5   Kogukaal, kg 3.5   SKU KS HT-20V   EAN 4260405367153","og_url":"https:\/\/staging.genekas24.ee\/en\/product\/akuga-hekiloikur-ks-ht-20v\/","og_site_name":"Genekas24","article_modified_time":"2026-01-12T09:33:23+00:00","og_image":[{"width":1600,"height":1200,"url":"https:\/\/staging.genekas24.ee\/wp-content\/uploads\/2026\/01\/ks-ht-20v_01_ad1c18b2-7082-4547-acba-2b3a426b4502.webp","type":"image\/webp"}],"twitter_card":"summary_large_image","twitter_misc":{"Estimated reading time":"3 minutes"},"schema":{"@context":"https:\/\/schema.org","@graph":[{"@type":"WebPage","@id":"https:\/\/staging.genekas24.ee\/toode\/akuga-hekiloikur-ks-ht-20v\/","url":"https:\/\/staging.genekas24.ee\/toode\/akuga-hekiloikur-ks-ht-20v\/","name":"Akuga hekitrimmer KS HT-20V - Genekas24","isPartOf":{"@id":"https:\/\/staging.genekas24.ee\/#website"},"primaryImageOfPage":{"@id":"https:\/\/staging.genekas24.ee\/toode\/akuga-hekiloikur-ks-ht-20v\/#primaryimage"},"image":{"@id":"https:\/\/staging.genekas24.ee\/toode\/akuga-hekiloikur-ks-ht-20v\/#primaryimage"},"thumbnailUrl":"https:\/\/staging.genekas24.ee\/wp-content\/uploads\/2026\/01\/ks-ht-20v_01_ad1c18b2-7082-4547-acba-2b3a426b4502.webp","datePublished":"2026-01-06T15:04:40+00:00","dateModified":"2026-01-12T09:33:23+00:00","breadcrumb":{"@id":"https:\/\/staging.genekas24.ee\/toode\/akuga-hekiloikur-ks-ht-20v\/#breadcrumb"},"inLanguage":"en-GB","potentialAction":[{"@type":"ReadAction","target":["https:\/\/staging.genekas24.ee\/toode\/akuga-hekiloikur-ks-ht-20v\/"]}]},{"@type":"ImageObject","inLanguage":"en-GB","@id":"https:\/\/staging.genekas24.ee\/toode\/akuga-hekiloikur-ks-ht-20v\/#primaryimage","url":"https:\/\/staging.genekas24.ee\/wp-content\/uploads\/2026\/01\/ks-ht-20v_01_ad1c18b2-7082-4547-acba-2b3a426b4502.webp","contentUrl":"https:\/\/staging.genekas24.ee\/wp-content\/uploads\/2026\/01\/ks-ht-20v_01_ad1c18b2-7082-4547-acba-2b3a426b4502.webp","width":1600,"height":1200},{"@type":"BreadcrumbList","@id":"https:\/\/staging.genekas24.ee\/toode\/akuga-hekiloikur-ks-ht-20v\/#breadcrumb","itemListElement":[{"@type":"ListItem","position":1,"name":"Home","item":"https:\/\/staging.genekas24.ee\/"},{"@type":"ListItem","position":2,"name":"Pood","item":"https:\/\/staging.genekas24.ee\/pood\/"},{"@type":"ListItem","position":3,"name":"Akuga hekitrimmer KS HT-20V"}]},{"@type":"WebSite","@id":"https:\/\/staging.genekas24.ee\/#website","url":"https:\/\/staging.genekas24.ee\/","name":"Genekas24","description":"Generaatorid | K&ouml;nner S&ouml;hnen tooted | Genekas24","publisher":{"@id":"https:\/\/staging.genekas24.ee\/#organization"},"potentialAction":[{"@type":"SearchAction","target":{"@type":"EntryPoint","urlTemplate":"https:\/\/staging.genekas24.ee\/?s={search_term_string}"},"query-input":{"@type":"PropertyValueSpecification","valueRequired":true,"valueName":"search_term_string"}}],"inLanguage":"en-GB"},{"@type":"Organization","@id":"https:\/\/staging.genekas24.ee\/#organization","name":"Genekas24","url":"https:\/\/staging.genekas24.ee\/","logo":{"@type":"ImageObject","inLanguage":"en-GB","@id":"https:\/\/staging.genekas24.ee\/#\/schema\/logo\/image\/","url":"https:\/\/staging.genekas24.ee\/wp-content\/uploads\/2026\/01\/genekas24-logo_black.svg","contentUrl":"https:\/\/staging.genekas24.ee\/wp-content\/uploads\/2026\/01\/genekas24-logo_black.svg","width":840,"height":131,"caption":"Genekas24"},"image":{"@id":"https:\/\/staging.genekas24.ee\/#\/schema\/logo\/image\/"}}]}},"_links":{"self":[{"href":"https:\/\/staging.genekas24.ee\/en\/wp-json\/wp\/v2\/product\/21825","targetHints":{"allow":["GET"]}}],"collection":[{"href":"https:\/\/staging.genekas24.ee\/en\/wp-json\/wp\/v2\/product"}],"about":[{"href":"https:\/\/staging.genekas24.ee\/en\/wp-json\/wp\/v2\/types\/product"}],"version-history":[{"count":3,"href":"https:\/\/staging.genekas24.ee\/en\/wp-json\/wp\/v2\/product\/21825\/revisions"}],"predecessor-version":[{"id":22183,"href":"https:\/\/staging.genekas24.ee\/en\/wp-json\/wp\/v2\/product\/21825\/revisions\/22183"}],"wp:featuredmedia":[{"embeddable":true,"href":"https:\/\/staging.genekas24.ee\/en\/wp-json\/wp\/v2\/media\/21824"}],"wp:attachment":[{"href":"https:\/\/staging.genekas24.ee\/en\/wp-json\/wp\/v2\/media?parent=21825"}],"wp:term":[{"taxonomy":"product_brand","embeddable":true,"href":"https:\/\/staging.genekas24.ee\/en\/wp-json\/wp\/v2\/product_brand?post=21825"},{"taxonomy":"product_cat","embeddable":true,"href":"https:\/\/staging.genekas24.ee\/en\/wp-json\/wp\/v2\/product_cat?post=21825"},{"taxonomy":"product_tag","embeddable":true,"href":"https:\/\/staging.genekas24.ee\/en\/wp-json\/wp\/v2\/product_tag?post=21825"}],"curies":[{"name":"wp","href":"https:\/\/api.w.org\/{rel}","templated":true}]}}