{"id":21799,"date":"2026-01-06T10:09:21","date_gmt":"2026-01-06T10:09:21","guid":{"rendered":"https:\/\/staging.genekas24.ee\/?post_type=product&#038;p=21799"},"modified":"2026-01-06T10:09:21","modified_gmt":"2026-01-06T10:09:21","slug":"bensiinimootoriga-trimmer-ks-bc17g-2t","status":"publish","type":"product","link":"https:\/\/staging.genekas24.ee\/en\/product\/bensiinimootoriga-trimmer-ks-bc17g-2t\/","title":{"rendered":"Bensiinimootoriga trimmer KS BC17G-2T"},"content":{"rendered":"<p>See Saksa br\u00e4ndi K\u00f6nner &amp; S\u00f6hnen\u00ae bensiinimootoriga trimmer paistab silma ainulaadse disainiga, mis \u00fchendab siduri korpuse ja silindri kaitse, et parandada mootori jahutust ja kaitset mustuse eest. E-Start s\u00fcsteem tagab lihtsa k\u00e4ivitamise, samas kui CDI s\u00fc\u00fcde tagab stabiilse j\u00f5udluse. P\u00f6\u00f6ratav jalgrattak\u00e4epideme hoidik v\u00f5imaldab kiiret, t\u00f6\u00f6riistavaba reguleerimist keskkruviga ning 90\u00b0 p\u00f6\u00f6ramine lihtsustab transporti ja hoiustamist. Ergonoomiline jalgrattak\u00e4epide pakub mugavat juhtimist ja v\u00e4hendab v\u00e4simust. Kinnituskinnitused hoiavad kaabli kindlalt paigal, v\u00e4ltides kahjustusi kasutamise ja transpordi ajal. P\u00fcsikiiruse hoidja s\u00e4ilitab mootori stabiilse kiiruse pikema aja jooksul, muutes t\u00f6\u00f6 veelgi mugavamaks.<\/p>\n<table style=\"border-collapse: collapse; width: 100%;\">\n<tbody>\n<tr>\n<td style=\"width: 13.3599%;\"><img decoding=\"async\" src=\"https:\/\/konner-sohnen.ee\/cdn\/shop\/files\/ks_bc17g-2t_Auto-switch_with_automatic_return_01.png?v=1756970022&amp;width=500\" alt=\"Automaatne l\u00fcliti automaatse tagastusega\" \/><\/td>\n<td style=\"width: 86.6401%;\">\n<h3>Automaatne l\u00fcliti automaatse tagastusega<\/h3>\n<div class=\"text-sm\">P\u00e4rast mootori seiskamist naaseb l\u00fcliti automaatselt oma algsesse asendisse, muutes j\u00e4rgmise k\u00e4ivitamise lihtsamaks ja v\u00e4ltides juhuslikke vigu k\u00e4ivitamise ajal.<\/div>\n<\/td>\n<\/tr>\n<tr>\n<td style=\"width: 13.3599%;\"><img decoding=\"async\" src=\"https:\/\/konner-sohnen.ee\/cdn\/shop\/files\/ks_bc17g-2t_Adjustable_bike_handle_02.png?v=1756970022&amp;width=500\" alt=\"Reguleeritav jalgratta lenks\" \/><\/td>\n<td style=\"width: 86.6401%;\">\n<h3>Reguleeritav \u00a0k\u00e4epide<\/h3>\n<div class=\"text-sm\">Disain v\u00f5imaldab k\u00e4epideme reguleerimist vastavalt k\u00f5rgusele ja eelistustele, pakkudes maksimaalset mugavust t\u00f6\u00f6 ajal ja lihtsat transporti.<\/div>\n<\/td>\n<\/tr>\n<tr>\n<td style=\"width: 13.3599%;\"><img decoding=\"async\" src=\"https:\/\/konner-sohnen.ee\/cdn\/shop\/files\/ks_bc17g-2t_Ergonomic_bike_handle_03.png?v=1756970021&amp;width=500\" alt=\"Ergonoomiline jalgratta lenks\" \/><\/td>\n<td style=\"width: 86.6401%;\">\n<h3>Ergonoomiline k\u00e4epide<\/h3>\n<div class=\"text-sm\">Ergonoomiline k\u00e4epide tagab mugava haarde ja \u00fchtlase kaalujaotuse, v\u00e4hendades kasutamise ajal v\u00e4simust.<\/div>\n<\/td>\n<\/tr>\n<tr>\n<td style=\"width: 13.3599%;\"><img decoding=\"async\" src=\"https:\/\/konner-sohnen.ee\/cdn\/shop\/files\/ks_bc17g-2t_Improved_quality_shoulder_strap_04.png?v=1756970023&amp;width=500\" alt=\"Parendatud kvaliteediga \u00f5larihm\" \/><\/td>\n<td style=\"width: 86.6401%;\">\n<h3>T\u00e4iustatud kvaliteediga \u00f5larihm<\/h3>\n<div class=\"text-sm\">Mugav ja vastupidav rihm jaotab trimmeri kaalu \u00fchtlaselt, lihtsustades selle kasutamist ja v\u00e4hendades koormust seljale ja \u00f5lgadele.<\/div>\n<\/td>\n<\/tr>\n<tr>\n<td style=\"width: 13.3599%;\"><img decoding=\"async\" src=\"https:\/\/konner-sohnen.ee\/cdn\/shop\/files\/ks_bc17g-2t_Brush_cutter_blade_05.png?v=1756970021&amp;width=500\" alt=\"V\u00f5sal\u00f5ikuri tera\" \/><\/td>\n<td style=\"width: 86.6401%;\">\n<h3>V\u00f5sal\u00f5ikuri tera<\/h3>\n<div class=\"text-sm\">Spetsiaalne, vastupidav tera v\u00f5imaldab t\u00f5husalt l\u00f5igata tihedat rohtu, sitkeid umbrohtusid ja noori p\u00f5\u00f5said.<\/div>\n<\/td>\n<\/tr>\n<tr>\n<td style=\"width: 13.3599%;\"><img decoding=\"async\" src=\"https:\/\/konner-sohnen.ee\/cdn\/shop\/files\/ks_bc17g-2t_Tap_Go_trimmer_head_06.png?v=1756970022&amp;width=500\" alt=\"Tap&amp;Go trimmeripea\" \/><\/td>\n<td style=\"width: 86.6401%;\">\n<h3>Tap&amp;Go trimmeripea<\/h3>\n<div class=\"text-sm\">Trimmeripea kiire tamiili etteande s\u00fcsteem v\u00f5imaldab takistuste ja struktuuride \u00fcmber trimmimist ning t\u00f6\u00f6tab h\u00e4sti ka avatud aladel.<\/div>\n<\/td>\n<\/tr>\n<\/tbody>\n<\/table>","protected":false},"excerpt":{"rendered":"<table style=\"width: 74.8377%; height: 408px;\">\n<tbody>\n<tr style=\"height: 24px;\">\n<td style=\"height: 24px; width: 50.02%;\">Engine type<\/td>\n<td style=\"height: 24px; width: 171.043%;\">bensiin 2-taktiline<\/td>\n<\/tr>\n<tr style=\"height: 24px;\">\n<td style=\"height: 24px; width: 50.02%;\">Mootori maht, cm\u00b3<\/td>\n<td style=\"height: 24px; width: 171.043%;\">42.7<\/td>\n<\/tr>\n<tr style=\"height: 24px;\">\n<td style=\"height: 24px; width: 50.02%;\">Engine power, hp\/kW<\/td>\n<td style=\"height: 24px; width: 171.043%;\">1.7\/1.25<\/td>\n<\/tr>\n<tr style=\"height: 24px;\">\n<td style=\"height: 24px; width: 50.02%;\">Engine model<\/td>\n<td style=\"height: 24px; width: 171.043%;\">KS 45<\/td>\n<\/tr>\n<tr style=\"height: 24px;\">\n<td style=\"height: 24px; width: 50.02%;\">Maksimaalne kiirus, p\/min<\/td>\n<td style=\"height: 24px; width: 171.043%;\">6500<\/td>\n<\/tr>\n<tr style=\"height: 24px;\">\n<td style=\"height: 24px; width: 50.02%;\">Bensiini ja \u00f5li segamissuhe<\/td>\n<td style=\"height: 24px; width: 171.043%;\">40:1<\/td>\n<\/tr>\n<tr style=\"height: 24px;\">\n<td style=\"height: 24px; width: 50.02%;\">Fuel tank volume, l<\/td>\n<td style=\"height: 24px; width: 171.043%;\">1.1<\/td>\n<\/tr>\n<tr style=\"height: 24px;\">\n<td style=\"height: 24px; width: 50.02%;\">L\u00f5ikelaius (pool)<\/td>\n<td style=\"height: 24px; width: 171.043%;\">420 mm<\/td>\n<\/tr>\n<tr style=\"height: 24px;\">\n<td style=\"height: 24px; width: 50.02%;\">L\u00f5ikelaius (l\u00f5ikeketas)<\/td>\n<td style=\"height: 24px; width: 171.043%;\">255 mm<\/td>\n<\/tr>\n<tr style=\"height: 24px;\">\n<td style=\"height: 24px; width: 50.02%;\">L\u00f5ikek\u00f5rgus (murutrimmer), mm<\/td>\n<td style=\"height: 24px; width: 171.043%;\">3.3<\/td>\n<\/tr>\n<tr style=\"height: 24px;\">\n<td style=\"height: 24px; width: 50.02%;\">Toru l\u00e4bim\u00f5\u00f5t, mm<\/td>\n<td style=\"height: 24px; width: 171.043%;\">28<\/td>\n<\/tr>\n<tr style=\"height: 24px;\">\n<td style=\"height: 24px; width: 50.02%;\">Komplektis<\/td>\n<td style=\"height: 24px; width: 171.043%;\">Trimmeri pea, tera, \u00f5larihm, n\u00e4okaitse, k\u00f5rvakaitse, t\u00f6\u00f6riistakott<\/td>\n<\/tr>\n<tr style=\"height: 24px;\">\n<td style=\"height: 24px; width: 50.02%;\">Paigaldust\u00fc\u00fcp<\/td>\n<td style=\"height: 24px; width: 171.043%;\">k\u00fclg<\/td>\n<\/tr>\n<tr style=\"height: 24px;\">\n<td style=\"height: 24px; width: 50.02%;\">Net weight, kg<\/td>\n<td style=\"height: 24px; width: 171.043%;\">7.5<\/td>\n<\/tr>\n<tr style=\"height: 24px;\">\n<td style=\"height: 24px; width: 50.02%;\">Kogukaal, kg<\/td>\n<td style=\"height: 24px; width: 171.043%;\">9.0<\/td>\n<\/tr>\n<tr style=\"height: 24px;\">\n<td style=\"height: 24px; width: 50.02%;\">SKU<\/td>\n<td style=\"height: 24px; width: 171.043%;\">KS BC17G-2T<\/td>\n<\/tr>\n<tr style=\"height: 24px;\">\n<td style=\"height: 24px; width: 50.02%;\">EAN<\/td>\n<td style=\"height: 24px; width: 171.043%;\">4260405368488<\/td>\n<\/tr>\n<\/tbody>\n<\/table>","protected":false},"featured_media":21800,"template":"","meta":{"_acf_changed":false,"inline_featured_image":false},"product_brand":[],"product_cat":[159,195,192],"product_tag":[],"class_list":{"0":"post-21799","1":"product","2":"type-product","3":"status-publish","4":"has-post-thumbnail","6":"product_cat-aiatooriistad","7":"product_cat-bensiinitrimmer","8":"product_cat-trimmerid","9":"product_shipping_class-vaikepakk","10":"brand-konner-sohnen","12":"first","13":"instock","14":"taxable","15":"shipping-taxable","16":"purchasable","17":"product-type-simple"},"acf":[],"yoast_head":"<!-- This site is optimized with the Yoast SEO plugin v26.2 - https:\/\/yoast.com\/wordpress\/plugins\/seo\/ -->\n<title>Bensiinimootoriga trimmer KS BC17G-2T - Genekas24<\/title>\n<meta name=\"robots\" content=\"index, follow, max-snippet:-1, max-image-preview:large, max-video-preview:-1\" \/>\n<link rel=\"canonical\" href=\"https:\/\/staging.genekas24.ee\/en\/product\/bensiinimootoriga-trimmer-ks-bc17g-2t\/\" \/>\n<meta property=\"og:locale\" content=\"en_GB\" \/>\n<meta property=\"og:type\" content=\"article\" \/>\n<meta property=\"og:title\" content=\"Bensiinimootoriga trimmer KS BC17G-2T - Genekas24\" \/>\n<meta property=\"og:description\" content=\"Mootori t\u00fc\u00fcp bensiin 2-taktiline   Mootori maht, cm\u00b3 42.7   Mootori v\u00f5imsus, hj\/kW 1.7\/1.25   Mootori mudel KS 45   Maksimaalne kiirus, p\/min 6500   Bensiini ja \u00f5li segamissuhe 40:1   K\u00fctusepaagi maht, l 1.1   L\u00f5ikelaius (pool) 420 mm   L\u00f5ikelaius (l\u00f5ikeketas) 255 mm   L\u00f5ikek\u00f5rgus (murutrimmer), mm 3.3   Toru l\u00e4bim\u00f5\u00f5t, mm 28   Komplektis Trimmeri pea, tera, \u00f5larihm, n\u00e4okaitse, k\u00f5rvakaitse, t\u00f6\u00f6riistakott   Paigaldust\u00fc\u00fcp k\u00fclg   Netokaal, kg 7.5   Kogukaal, kg 9.0   SKU KS BC17G-2T   EAN 4260405368488\" \/>\n<meta property=\"og:url\" content=\"https:\/\/staging.genekas24.ee\/en\/product\/bensiinimootoriga-trimmer-ks-bc17g-2t\/\" \/>\n<meta property=\"og:site_name\" content=\"Genekas24\" \/>\n<meta property=\"og:image\" content=\"https:\/\/staging.genekas24.ee\/wp-content\/uploads\/2026\/01\/ks_bc17g-2t_2500x2500_01.webp\" \/>\n\t<meta property=\"og:image:width\" content=\"1600\" \/>\n\t<meta property=\"og:image:height\" content=\"1600\" \/>\n\t<meta property=\"og:image:type\" content=\"image\/webp\" \/>\n<meta name=\"twitter:card\" content=\"summary_large_image\" \/>\n<meta name=\"twitter:label1\" content=\"Estimated reading time\" \/>\n\t<meta name=\"twitter:data1\" content=\"3 minutes\" \/>\n<script type=\"application\/ld+json\" class=\"yoast-schema-graph\">{\"@context\":\"https:\/\/schema.org\",\"@graph\":[{\"@type\":\"WebPage\",\"@id\":\"https:\/\/staging.genekas24.ee\/toode\/bensiinimootoriga-trimmer-ks-bc17g-2t\/\",\"url\":\"https:\/\/staging.genekas24.ee\/toode\/bensiinimootoriga-trimmer-ks-bc17g-2t\/\",\"name\":\"Bensiinimootoriga trimmer KS BC17G-2T - Genekas24\",\"isPartOf\":{\"@id\":\"https:\/\/staging.genekas24.ee\/#website\"},\"primaryImageOfPage\":{\"@id\":\"https:\/\/staging.genekas24.ee\/toode\/bensiinimootoriga-trimmer-ks-bc17g-2t\/#primaryimage\"},\"image\":{\"@id\":\"https:\/\/staging.genekas24.ee\/toode\/bensiinimootoriga-trimmer-ks-bc17g-2t\/#primaryimage\"},\"thumbnailUrl\":\"https:\/\/staging.genekas24.ee\/wp-content\/uploads\/2026\/01\/ks_bc17g-2t_2500x2500_01.webp\",\"datePublished\":\"2026-01-06T10:09:21+00:00\",\"breadcrumb\":{\"@id\":\"https:\/\/staging.genekas24.ee\/toode\/bensiinimootoriga-trimmer-ks-bc17g-2t\/#breadcrumb\"},\"inLanguage\":\"en-GB\",\"potentialAction\":[{\"@type\":\"ReadAction\",\"target\":[\"https:\/\/staging.genekas24.ee\/toode\/bensiinimootoriga-trimmer-ks-bc17g-2t\/\"]}]},{\"@type\":\"ImageObject\",\"inLanguage\":\"en-GB\",\"@id\":\"https:\/\/staging.genekas24.ee\/toode\/bensiinimootoriga-trimmer-ks-bc17g-2t\/#primaryimage\",\"url\":\"https:\/\/staging.genekas24.ee\/wp-content\/uploads\/2026\/01\/ks_bc17g-2t_2500x2500_01.webp\",\"contentUrl\":\"https:\/\/staging.genekas24.ee\/wp-content\/uploads\/2026\/01\/ks_bc17g-2t_2500x2500_01.webp\",\"width\":1600,\"height\":1600},{\"@type\":\"BreadcrumbList\",\"@id\":\"https:\/\/staging.genekas24.ee\/toode\/bensiinimootoriga-trimmer-ks-bc17g-2t\/#breadcrumb\",\"itemListElement\":[{\"@type\":\"ListItem\",\"position\":1,\"name\":\"Home\",\"item\":\"https:\/\/staging.genekas24.ee\/\"},{\"@type\":\"ListItem\",\"position\":2,\"name\":\"Pood\",\"item\":\"https:\/\/staging.genekas24.ee\/pood\/\"},{\"@type\":\"ListItem\",\"position\":3,\"name\":\"Bensiinimootoriga trimmer KS BC17G-2T\"}]},{\"@type\":\"WebSite\",\"@id\":\"https:\/\/staging.genekas24.ee\/#website\",\"url\":\"https:\/\/staging.genekas24.ee\/\",\"name\":\"Genekas24\",\"description\":\"Generaatorid | K&ouml;nner S&ouml;hnen tooted | Genekas24\",\"publisher\":{\"@id\":\"https:\/\/staging.genekas24.ee\/#organization\"},\"potentialAction\":[{\"@type\":\"SearchAction\",\"target\":{\"@type\":\"EntryPoint\",\"urlTemplate\":\"https:\/\/staging.genekas24.ee\/?s={search_term_string}\"},\"query-input\":{\"@type\":\"PropertyValueSpecification\",\"valueRequired\":true,\"valueName\":\"search_term_string\"}}],\"inLanguage\":\"en-GB\"},{\"@type\":\"Organization\",\"@id\":\"https:\/\/staging.genekas24.ee\/#organization\",\"name\":\"Genekas24\",\"url\":\"https:\/\/staging.genekas24.ee\/\",\"logo\":{\"@type\":\"ImageObject\",\"inLanguage\":\"en-GB\",\"@id\":\"https:\/\/staging.genekas24.ee\/#\/schema\/logo\/image\/\",\"url\":\"https:\/\/staging.genekas24.ee\/wp-content\/uploads\/2026\/01\/genekas24-logo_black.svg\",\"contentUrl\":\"https:\/\/staging.genekas24.ee\/wp-content\/uploads\/2026\/01\/genekas24-logo_black.svg\",\"width\":840,\"height\":131,\"caption\":\"Genekas24\"},\"image\":{\"@id\":\"https:\/\/staging.genekas24.ee\/#\/schema\/logo\/image\/\"}}]}<\/script>\n<!-- \/ Yoast SEO plugin. -->","yoast_head_json":{"title":"Bensiinimootoriga trimmer KS BC17G-2T - Genekas24","robots":{"index":"index","follow":"follow","max-snippet":"max-snippet:-1","max-image-preview":"max-image-preview:large","max-video-preview":"max-video-preview:-1"},"canonical":"https:\/\/staging.genekas24.ee\/en\/product\/bensiinimootoriga-trimmer-ks-bc17g-2t\/","og_locale":"en_GB","og_type":"article","og_title":"Bensiinimootoriga trimmer KS BC17G-2T - Genekas24","og_description":"Mootori t\u00fc\u00fcp bensiin 2-taktiline   Mootori maht, cm\u00b3 42.7   Mootori v\u00f5imsus, hj\/kW 1.7\/1.25   Mootori mudel KS 45   Maksimaalne kiirus, p\/min 6500   Bensiini ja \u00f5li segamissuhe 40:1   K\u00fctusepaagi maht, l 1.1   L\u00f5ikelaius (pool) 420 mm   L\u00f5ikelaius (l\u00f5ikeketas) 255 mm   L\u00f5ikek\u00f5rgus (murutrimmer), mm 3.3   Toru l\u00e4bim\u00f5\u00f5t, mm 28   Komplektis Trimmeri pea, tera, \u00f5larihm, n\u00e4okaitse, k\u00f5rvakaitse, t\u00f6\u00f6riistakott   Paigaldust\u00fc\u00fcp k\u00fclg   Netokaal, kg 7.5   Kogukaal, kg 9.0   SKU KS BC17G-2T   EAN 4260405368488","og_url":"https:\/\/staging.genekas24.ee\/en\/product\/bensiinimootoriga-trimmer-ks-bc17g-2t\/","og_site_name":"Genekas24","og_image":[{"width":1600,"height":1600,"url":"https:\/\/staging.genekas24.ee\/wp-content\/uploads\/2026\/01\/ks_bc17g-2t_2500x2500_01.webp","type":"image\/webp"}],"twitter_card":"summary_large_image","twitter_misc":{"Estimated reading time":"3 minutes"},"schema":{"@context":"https:\/\/schema.org","@graph":[{"@type":"WebPage","@id":"https:\/\/staging.genekas24.ee\/toode\/bensiinimootoriga-trimmer-ks-bc17g-2t\/","url":"https:\/\/staging.genekas24.ee\/toode\/bensiinimootoriga-trimmer-ks-bc17g-2t\/","name":"Bensiinimootoriga trimmer KS BC17G-2T - Genekas24","isPartOf":{"@id":"https:\/\/staging.genekas24.ee\/#website"},"primaryImageOfPage":{"@id":"https:\/\/staging.genekas24.ee\/toode\/bensiinimootoriga-trimmer-ks-bc17g-2t\/#primaryimage"},"image":{"@id":"https:\/\/staging.genekas24.ee\/toode\/bensiinimootoriga-trimmer-ks-bc17g-2t\/#primaryimage"},"thumbnailUrl":"https:\/\/staging.genekas24.ee\/wp-content\/uploads\/2026\/01\/ks_bc17g-2t_2500x2500_01.webp","datePublished":"2026-01-06T10:09:21+00:00","breadcrumb":{"@id":"https:\/\/staging.genekas24.ee\/toode\/bensiinimootoriga-trimmer-ks-bc17g-2t\/#breadcrumb"},"inLanguage":"en-GB","potentialAction":[{"@type":"ReadAction","target":["https:\/\/staging.genekas24.ee\/toode\/bensiinimootoriga-trimmer-ks-bc17g-2t\/"]}]},{"@type":"ImageObject","inLanguage":"en-GB","@id":"https:\/\/staging.genekas24.ee\/toode\/bensiinimootoriga-trimmer-ks-bc17g-2t\/#primaryimage","url":"https:\/\/staging.genekas24.ee\/wp-content\/uploads\/2026\/01\/ks_bc17g-2t_2500x2500_01.webp","contentUrl":"https:\/\/staging.genekas24.ee\/wp-content\/uploads\/2026\/01\/ks_bc17g-2t_2500x2500_01.webp","width":1600,"height":1600},{"@type":"BreadcrumbList","@id":"https:\/\/staging.genekas24.ee\/toode\/bensiinimootoriga-trimmer-ks-bc17g-2t\/#breadcrumb","itemListElement":[{"@type":"ListItem","position":1,"name":"Home","item":"https:\/\/staging.genekas24.ee\/"},{"@type":"ListItem","position":2,"name":"Pood","item":"https:\/\/staging.genekas24.ee\/pood\/"},{"@type":"ListItem","position":3,"name":"Bensiinimootoriga trimmer KS BC17G-2T"}]},{"@type":"WebSite","@id":"https:\/\/staging.genekas24.ee\/#website","url":"https:\/\/staging.genekas24.ee\/","name":"Genekas24","description":"Generaatorid | K&ouml;nner S&ouml;hnen tooted | Genekas24","publisher":{"@id":"https:\/\/staging.genekas24.ee\/#organization"},"potentialAction":[{"@type":"SearchAction","target":{"@type":"EntryPoint","urlTemplate":"https:\/\/staging.genekas24.ee\/?s={search_term_string}"},"query-input":{"@type":"PropertyValueSpecification","valueRequired":true,"valueName":"search_term_string"}}],"inLanguage":"en-GB"},{"@type":"Organization","@id":"https:\/\/staging.genekas24.ee\/#organization","name":"Genekas24","url":"https:\/\/staging.genekas24.ee\/","logo":{"@type":"ImageObject","inLanguage":"en-GB","@id":"https:\/\/staging.genekas24.ee\/#\/schema\/logo\/image\/","url":"https:\/\/staging.genekas24.ee\/wp-content\/uploads\/2026\/01\/genekas24-logo_black.svg","contentUrl":"https:\/\/staging.genekas24.ee\/wp-content\/uploads\/2026\/01\/genekas24-logo_black.svg","width":840,"height":131,"caption":"Genekas24"},"image":{"@id":"https:\/\/staging.genekas24.ee\/#\/schema\/logo\/image\/"}}]}},"_links":{"self":[{"href":"https:\/\/staging.genekas24.ee\/en\/wp-json\/wp\/v2\/product\/21799","targetHints":{"allow":["GET"]}}],"collection":[{"href":"https:\/\/staging.genekas24.ee\/en\/wp-json\/wp\/v2\/product"}],"about":[{"href":"https:\/\/staging.genekas24.ee\/en\/wp-json\/wp\/v2\/types\/product"}],"version-history":[{"count":5,"href":"https:\/\/staging.genekas24.ee\/en\/wp-json\/wp\/v2\/product\/21799\/revisions"}],"predecessor-version":[{"id":21811,"href":"https:\/\/staging.genekas24.ee\/en\/wp-json\/wp\/v2\/product\/21799\/revisions\/21811"}],"wp:featuredmedia":[{"embeddable":true,"href":"https:\/\/staging.genekas24.ee\/en\/wp-json\/wp\/v2\/media\/21800"}],"wp:attachment":[{"href":"https:\/\/staging.genekas24.ee\/en\/wp-json\/wp\/v2\/media?parent=21799"}],"wp:term":[{"taxonomy":"product_brand","embeddable":true,"href":"https:\/\/staging.genekas24.ee\/en\/wp-json\/wp\/v2\/product_brand?post=21799"},{"taxonomy":"product_cat","embeddable":true,"href":"https:\/\/staging.genekas24.ee\/en\/wp-json\/wp\/v2\/product_cat?post=21799"},{"taxonomy":"product_tag","embeddable":true,"href":"https:\/\/staging.genekas24.ee\/en\/wp-json\/wp\/v2\/product_tag?post=21799"}],"curies":[{"name":"wp","href":"https:\/\/api.w.org\/{rel}","templated":true}]}}