{"id":21741,"date":"2026-01-06T09:33:10","date_gmt":"2026-01-06T09:33:10","guid":{"rendered":"https:\/\/staging.genekas24.ee\/?post_type=product&#038;p=21741"},"modified":"2026-01-06T09:33:13","modified_gmt":"2026-01-06T09:33:13","slug":"akuga-multifunktsionaalne-trimmer-ks-mft-20v","status":"publish","type":"product","link":"https:\/\/staging.genekas24.ee\/en\/product\/akuga-multifunktsionaalne-trimmer-ks-mft-20v\/","title":{"rendered":"Akuga multifunktsionaalne trimmer KS MFT-20V"},"content":{"rendered":"<p>Juhtmeta multifunktsionaalne trimmer Saksa kaubam\u00e4rgilt K\u00f6nner &amp; S\u00f6hnen\u00ae on mugav, v\u00f5imas ja mitmek\u00fclgne t\u00f6\u00f6riist muru, lillepeenarde ja \u00f5ue hooldamiseks. Kummiga kaetud k\u00e4epide tagab kindla haarde, samas kui reguleeritav p\u00f6\u00f6rdk\u00e4epide ja teleskoopvars v\u00f5imaldavad isikup\u00e4rast kasutamist. Integreeritud terakarp v\u00f5imaldab kiiret vahetust. Reguleeritav mootorikorpus kohandab nurka ja re\u017eiimi\u2014niitmine, servade l\u00f5ikamine, p\u00fchkimine v\u00f5i vuukide puhastamine. Tugiratas parandab kontrolli ja kerge disain tagab mugava ja t\u00f5husa kasutamise v\u00e4iksema pingutusega.<\/p>\n<table style=\"border-collapse: collapse; width: 100%;\">\n<tbody>\n<tr>\n<td style=\"width: 14.2288%;\"><img decoding=\"async\" src=\"https:\/\/konner-sohnen.ee\/cdn\/shop\/files\/1-ks-mft-20v-Integrated-storage.jpg?v=1752067834&amp;width=500\" alt=\"Integreeritud hoiustamine\" \/><\/td>\n<td style=\"width: 85.7712%;\">\n<h3>Integreeritud hoiustamine<\/h3>\n<div class=\"text-sm\">k\u00e4epideme sektsioon v\u00f5imaldab kiiret ja lihtsat tera vahetust ilma eraldi konteinerit kaasas kandmata.<\/div>\n<\/td>\n<\/tr>\n<tr>\n<td style=\"width: 14.2288%;\"><img decoding=\"async\" src=\"https:\/\/konner-sohnen.ee\/cdn\/shop\/files\/2-ks-mft-20v-Adjustable-rotary-handle.jpg?v=1752067835&amp;width=500\" alt=\"Reguleeritav p\u00f6\u00f6rdk\u00e4epide\" \/><\/td>\n<td style=\"width: 85.7712%;\">\n<h3>Reguleeritav p\u00f6\u00f6rdk\u00e4epide<\/h3>\n<div class=\"text-sm\">muudab kaldenurka paremaks haardeks ja kontrolliks, kohandudes h\u00f5lpsasti kasutaja eelistustega.<\/div>\n<\/td>\n<\/tr>\n<tr>\n<td style=\"width: 14.2288%;\"><img decoding=\"async\" src=\"https:\/\/konner-sohnen.ee\/cdn\/shop\/files\/3-ks-mft-20v-Rubber-coated-handle.jpg?v=1752067832&amp;width=500\" alt=\"Kummiga kaetud k\u00e4epide\" \/><\/td>\n<td style=\"width: 85.7712%;\">\n<h3>Kummiga kaetud k\u00e4epide<\/h3>\n<div class=\"text-sm\">pakub mugavat, libisemiskindlat haaret ja v\u00e4hendab k\u00e4te v\u00e4simust pikaajalise kasutamise ajal, ideaalne suurte alade jaoks.<\/div>\n<\/td>\n<\/tr>\n<tr>\n<td style=\"width: 14.2288%;\"><img decoding=\"async\" src=\"https:\/\/konner-sohnen.ee\/cdn\/shop\/files\/4-ks-mft-20v-Adjustable-motor-housing.jpg?v=1752067836&amp;width=500\" alt=\"Reguleeritav mootorikorpus\" \/><\/td>\n<td style=\"width: 85.7712%;\">\n<h3>Reguleeritav mootorikorpus<\/h3>\n<div class=\"text-sm\">mootorit saab \u00fcmber paigutada ja kallutada, et ulatuda pinkide, p\u00f5\u00f5saste alla v\u00f5i \u00e4\u00e4rekivide \u00e4\u00e4rde.<\/div>\n<\/td>\n<\/tr>\n<tr>\n<td style=\"width: 14.2288%;\"><img decoding=\"async\" src=\"https:\/\/konner-sohnen.ee\/cdn\/shop\/files\/5-ks-mft-20v-support-wheel.jpg?v=1752067830&amp;width=500\" alt=\"Tugiratas servade trimmimiseks\" \/><\/td>\n<td style=\"width: 85.7712%;\">\n<h3>Tugiratas servade trimmimiseks<\/h3>\n<div class=\"text-sm\">tagab t\u00e4psemad ja \u00fchtlasemad muruservad, v\u00e4hendades pinget ja v\u00f5imaldades sujuvamat liikumist.<\/div>\n<\/td>\n<\/tr>\n<\/tbody>\n<\/table>","protected":false},"excerpt":{"rendered":"<table>\n<tbody>\n<tr>\n<td>Rated voltage, V<\/td>\n<td>20<\/td>\n<\/tr>\n<tr>\n<td>Soovitatav aku mahtuvus<\/td>\n<td>2 Ah, 4 Ah<\/td>\n<\/tr>\n<tr>\n<td>Battery Type<\/td>\n<td>Laetav liitiumioonaku<\/td>\n<\/tr>\n<tr>\n<td>Aku ja laadija<\/td>\n<td>ei kuulu komplekti<\/td>\n<\/tr>\n<tr>\n<td>Engine type<\/td>\n<td>harjamootor<\/td>\n<\/tr>\n<tr>\n<td>L\u00f5ikelaius (pool)<\/td>\n<td>250 mm<\/td>\n<\/tr>\n<tr>\n<td>L\u00f5ikelaius (terad)<\/td>\n<td>220 mm<\/td>\n<\/tr>\n<tr>\n<td>L\u00e4bim\u00f5\u00f5t (nailon- ja metallharjad)<\/td>\n<td>110\/110 mm<\/td>\n<\/tr>\n<tr>\n<td>L\u00e4bim\u00f5\u00f5t (p\u00fchkimisotsik)<\/td>\n<td>200 mm<\/td>\n<\/tr>\n<tr>\n<td>L\u00f5ikek\u00f5rgus (murutrimmer), mm<\/td>\n<td>1.6<\/td>\n<\/tr>\n<tr>\n<td>Joone pikkus, m<\/td>\n<td>2&#215;2<\/td>\n<\/tr>\n<tr>\n<td>T\u00fchik\u00e4igu kiirus, p\/min<\/td>\n<td>2400<\/td>\n<\/tr>\n<tr>\n<td>M\u00fcra tase Lpa (7m)\/Lwa, dB<\/td>\n<td>71\/96<\/td>\n<\/tr>\n<tr>\n<td>Teleskooptoru<\/td>\n<td>alumiinium<\/td>\n<\/tr>\n<tr>\n<td>\u00dcldm\u00f5\u00f5tmed (PxLxK), mm<\/td>\n<td>976x280x222<\/td>\n<\/tr>\n<tr>\n<td>Net weight, kg<\/td>\n<td>3.8<\/td>\n<\/tr>\n<tr>\n<td>Kogukaal, kg<\/td>\n<td>4.65<\/td>\n<\/tr>\n<tr>\n<td>SKU<\/td>\n<td>KS MFT-20V<\/td>\n<\/tr>\n<tr>\n<td>EAN<\/td>\n<td>4260405368402<\/td>\n<\/tr>\n<\/tbody>\n<\/table>","protected":false},"featured_media":21742,"template":"","meta":{"_acf_changed":false,"inline_featured_image":false},"product_brand":[],"product_cat":[159,193,192,114],"product_tag":[],"class_list":{"0":"post-21741","1":"product","2":"type-product","3":"status-publish","4":"has-post-thumbnail","6":"product_cat-aiatooriistad","7":"product_cat-akuga-trimmerid","8":"product_cat-trimmerid","9":"product_cat-uncategorized-2","10":"product_shipping_class-vaikepakk","11":"brand-konner-sohnen","13":"first","14":"instock","15":"taxable","16":"shipping-taxable","17":"purchasable","18":"product-type-simple"},"acf":[],"yoast_head":"<!-- This site is optimized with the Yoast SEO plugin v26.2 - https:\/\/yoast.com\/wordpress\/plugins\/seo\/ -->\n<title>Akuga multifunktsionaalne trimmer KS MFT-20V - Genekas24<\/title>\n<meta name=\"robots\" content=\"index, follow, max-snippet:-1, max-image-preview:large, max-video-preview:-1\" \/>\n<link rel=\"canonical\" href=\"https:\/\/staging.genekas24.ee\/en\/product\/akuga-multifunktsionaalne-trimmer-ks-mft-20v\/\" \/>\n<meta property=\"og:locale\" content=\"en_GB\" \/>\n<meta property=\"og:type\" content=\"article\" \/>\n<meta property=\"og:title\" content=\"Akuga multifunktsionaalne trimmer KS MFT-20V - Genekas24\" \/>\n<meta property=\"og:description\" content=\"Nimipinge, V 20   Soovitatav aku mahtuvus 2 Ah, 4 Ah   Aku t\u00fc\u00fcp Laetav liitiumioonaku   Aku ja laadija ei kuulu komplekti   Mootori t\u00fc\u00fcp harjamootor   L\u00f5ikelaius (pool) 250 mm   L\u00f5ikelaius (terad) 220 mm   L\u00e4bim\u00f5\u00f5t (nailon- ja metallharjad) 110\/110 mm   L\u00e4bim\u00f5\u00f5t (p\u00fchkimisotsik) 200 mm   L\u00f5ikek\u00f5rgus (murutrimmer), mm 1.6   Joone pikkus, m 2x2   T\u00fchik\u00e4igu kiirus, p\/min 2400   M\u00fcra tase Lpa (7m)\/Lwa, dB 71\/96   Teleskooptoru alumiinium   \u00dcldm\u00f5\u00f5tmed (PxLxK), mm 976x280x222   Netokaal, kg 3.8   Kogukaal, kg 4.65   SKU KS MFT-20V   EAN 4260405368402\" \/>\n<meta property=\"og:url\" content=\"https:\/\/staging.genekas24.ee\/en\/product\/akuga-multifunktsionaalne-trimmer-ks-mft-20v\/\" \/>\n<meta property=\"og:site_name\" content=\"Genekas24\" \/>\n<meta property=\"article:modified_time\" content=\"2026-01-06T09:33:13+00:00\" \/>\n<meta property=\"og:image\" content=\"https:\/\/staging.genekas24.ee\/wp-content\/uploads\/2025\/12\/2500_2500_KSMFT-20V_1.webp\" \/>\n\t<meta property=\"og:image:width\" content=\"1600\" \/>\n\t<meta property=\"og:image:height\" content=\"1600\" \/>\n\t<meta property=\"og:image:type\" content=\"image\/webp\" \/>\n<meta name=\"twitter:card\" content=\"summary_large_image\" \/>\n<meta name=\"twitter:label1\" content=\"Estimated reading time\" \/>\n\t<meta name=\"twitter:data1\" content=\"2 minutes\" \/>\n<script type=\"application\/ld+json\" class=\"yoast-schema-graph\">{\"@context\":\"https:\/\/schema.org\",\"@graph\":[{\"@type\":\"WebPage\",\"@id\":\"https:\/\/staging.genekas24.ee\/toode\/akuga-multifunktsionaalne-trimmer-ks-mft-20v\/\",\"url\":\"https:\/\/staging.genekas24.ee\/toode\/akuga-multifunktsionaalne-trimmer-ks-mft-20v\/\",\"name\":\"Akuga multifunktsionaalne trimmer KS MFT-20V - Genekas24\",\"isPartOf\":{\"@id\":\"https:\/\/staging.genekas24.ee\/#website\"},\"primaryImageOfPage\":{\"@id\":\"https:\/\/staging.genekas24.ee\/toode\/akuga-multifunktsionaalne-trimmer-ks-mft-20v\/#primaryimage\"},\"image\":{\"@id\":\"https:\/\/staging.genekas24.ee\/toode\/akuga-multifunktsionaalne-trimmer-ks-mft-20v\/#primaryimage\"},\"thumbnailUrl\":\"https:\/\/staging.genekas24.ee\/wp-content\/uploads\/2025\/12\/2500_2500_KSMFT-20V_1.webp\",\"datePublished\":\"2026-01-06T09:33:10+00:00\",\"dateModified\":\"2026-01-06T09:33:13+00:00\",\"breadcrumb\":{\"@id\":\"https:\/\/staging.genekas24.ee\/toode\/akuga-multifunktsionaalne-trimmer-ks-mft-20v\/#breadcrumb\"},\"inLanguage\":\"en-GB\",\"potentialAction\":[{\"@type\":\"ReadAction\",\"target\":[\"https:\/\/staging.genekas24.ee\/toode\/akuga-multifunktsionaalne-trimmer-ks-mft-20v\/\"]}]},{\"@type\":\"ImageObject\",\"inLanguage\":\"en-GB\",\"@id\":\"https:\/\/staging.genekas24.ee\/toode\/akuga-multifunktsionaalne-trimmer-ks-mft-20v\/#primaryimage\",\"url\":\"https:\/\/staging.genekas24.ee\/wp-content\/uploads\/2025\/12\/2500_2500_KSMFT-20V_1.webp\",\"contentUrl\":\"https:\/\/staging.genekas24.ee\/wp-content\/uploads\/2025\/12\/2500_2500_KSMFT-20V_1.webp\",\"width\":1600,\"height\":1600},{\"@type\":\"BreadcrumbList\",\"@id\":\"https:\/\/staging.genekas24.ee\/toode\/akuga-multifunktsionaalne-trimmer-ks-mft-20v\/#breadcrumb\",\"itemListElement\":[{\"@type\":\"ListItem\",\"position\":1,\"name\":\"Home\",\"item\":\"https:\/\/staging.genekas24.ee\/\"},{\"@type\":\"ListItem\",\"position\":2,\"name\":\"Pood\",\"item\":\"https:\/\/staging.genekas24.ee\/pood\/\"},{\"@type\":\"ListItem\",\"position\":3,\"name\":\"Akuga multifunktsionaalne trimmer KS MFT-20V\"}]},{\"@type\":\"WebSite\",\"@id\":\"https:\/\/staging.genekas24.ee\/#website\",\"url\":\"https:\/\/staging.genekas24.ee\/\",\"name\":\"Genekas24\",\"description\":\"Generaatorid | K&ouml;nner S&ouml;hnen tooted | Genekas24\",\"publisher\":{\"@id\":\"https:\/\/staging.genekas24.ee\/#organization\"},\"potentialAction\":[{\"@type\":\"SearchAction\",\"target\":{\"@type\":\"EntryPoint\",\"urlTemplate\":\"https:\/\/staging.genekas24.ee\/?s={search_term_string}\"},\"query-input\":{\"@type\":\"PropertyValueSpecification\",\"valueRequired\":true,\"valueName\":\"search_term_string\"}}],\"inLanguage\":\"en-GB\"},{\"@type\":\"Organization\",\"@id\":\"https:\/\/staging.genekas24.ee\/#organization\",\"name\":\"Genekas24\",\"url\":\"https:\/\/staging.genekas24.ee\/\",\"logo\":{\"@type\":\"ImageObject\",\"inLanguage\":\"en-GB\",\"@id\":\"https:\/\/staging.genekas24.ee\/#\/schema\/logo\/image\/\",\"url\":\"https:\/\/staging.genekas24.ee\/wp-content\/uploads\/2026\/01\/genekas24-logo_black.svg\",\"contentUrl\":\"https:\/\/staging.genekas24.ee\/wp-content\/uploads\/2026\/01\/genekas24-logo_black.svg\",\"width\":840,\"height\":131,\"caption\":\"Genekas24\"},\"image\":{\"@id\":\"https:\/\/staging.genekas24.ee\/#\/schema\/logo\/image\/\"}}]}<\/script>\n<!-- \/ Yoast SEO plugin. -->","yoast_head_json":{"title":"Akuga multifunktsionaalne trimmer KS MFT-20V - Genekas24","robots":{"index":"index","follow":"follow","max-snippet":"max-snippet:-1","max-image-preview":"max-image-preview:large","max-video-preview":"max-video-preview:-1"},"canonical":"https:\/\/staging.genekas24.ee\/en\/product\/akuga-multifunktsionaalne-trimmer-ks-mft-20v\/","og_locale":"en_GB","og_type":"article","og_title":"Akuga multifunktsionaalne trimmer KS MFT-20V - Genekas24","og_description":"Nimipinge, V 20   Soovitatav aku mahtuvus 2 Ah, 4 Ah   Aku t\u00fc\u00fcp Laetav liitiumioonaku   Aku ja laadija ei kuulu komplekti   Mootori t\u00fc\u00fcp harjamootor   L\u00f5ikelaius (pool) 250 mm   L\u00f5ikelaius (terad) 220 mm   L\u00e4bim\u00f5\u00f5t (nailon- ja metallharjad) 110\/110 mm   L\u00e4bim\u00f5\u00f5t (p\u00fchkimisotsik) 200 mm   L\u00f5ikek\u00f5rgus (murutrimmer), mm 1.6   Joone pikkus, m 2x2   T\u00fchik\u00e4igu kiirus, p\/min 2400   M\u00fcra tase Lpa (7m)\/Lwa, dB 71\/96   Teleskooptoru alumiinium   \u00dcldm\u00f5\u00f5tmed (PxLxK), mm 976x280x222   Netokaal, kg 3.8   Kogukaal, kg 4.65   SKU KS MFT-20V   EAN 4260405368402","og_url":"https:\/\/staging.genekas24.ee\/en\/product\/akuga-multifunktsionaalne-trimmer-ks-mft-20v\/","og_site_name":"Genekas24","article_modified_time":"2026-01-06T09:33:13+00:00","og_image":[{"width":1600,"height":1600,"url":"https:\/\/staging.genekas24.ee\/wp-content\/uploads\/2025\/12\/2500_2500_KSMFT-20V_1.webp","type":"image\/webp"}],"twitter_card":"summary_large_image","twitter_misc":{"Estimated reading time":"2 minutes"},"schema":{"@context":"https:\/\/schema.org","@graph":[{"@type":"WebPage","@id":"https:\/\/staging.genekas24.ee\/toode\/akuga-multifunktsionaalne-trimmer-ks-mft-20v\/","url":"https:\/\/staging.genekas24.ee\/toode\/akuga-multifunktsionaalne-trimmer-ks-mft-20v\/","name":"Akuga multifunktsionaalne trimmer KS MFT-20V - Genekas24","isPartOf":{"@id":"https:\/\/staging.genekas24.ee\/#website"},"primaryImageOfPage":{"@id":"https:\/\/staging.genekas24.ee\/toode\/akuga-multifunktsionaalne-trimmer-ks-mft-20v\/#primaryimage"},"image":{"@id":"https:\/\/staging.genekas24.ee\/toode\/akuga-multifunktsionaalne-trimmer-ks-mft-20v\/#primaryimage"},"thumbnailUrl":"https:\/\/staging.genekas24.ee\/wp-content\/uploads\/2025\/12\/2500_2500_KSMFT-20V_1.webp","datePublished":"2026-01-06T09:33:10+00:00","dateModified":"2026-01-06T09:33:13+00:00","breadcrumb":{"@id":"https:\/\/staging.genekas24.ee\/toode\/akuga-multifunktsionaalne-trimmer-ks-mft-20v\/#breadcrumb"},"inLanguage":"en-GB","potentialAction":[{"@type":"ReadAction","target":["https:\/\/staging.genekas24.ee\/toode\/akuga-multifunktsionaalne-trimmer-ks-mft-20v\/"]}]},{"@type":"ImageObject","inLanguage":"en-GB","@id":"https:\/\/staging.genekas24.ee\/toode\/akuga-multifunktsionaalne-trimmer-ks-mft-20v\/#primaryimage","url":"https:\/\/staging.genekas24.ee\/wp-content\/uploads\/2025\/12\/2500_2500_KSMFT-20V_1.webp","contentUrl":"https:\/\/staging.genekas24.ee\/wp-content\/uploads\/2025\/12\/2500_2500_KSMFT-20V_1.webp","width":1600,"height":1600},{"@type":"BreadcrumbList","@id":"https:\/\/staging.genekas24.ee\/toode\/akuga-multifunktsionaalne-trimmer-ks-mft-20v\/#breadcrumb","itemListElement":[{"@type":"ListItem","position":1,"name":"Home","item":"https:\/\/staging.genekas24.ee\/"},{"@type":"ListItem","position":2,"name":"Pood","item":"https:\/\/staging.genekas24.ee\/pood\/"},{"@type":"ListItem","position":3,"name":"Akuga multifunktsionaalne trimmer KS MFT-20V"}]},{"@type":"WebSite","@id":"https:\/\/staging.genekas24.ee\/#website","url":"https:\/\/staging.genekas24.ee\/","name":"Genekas24","description":"Generaatorid | K&ouml;nner S&ouml;hnen tooted | Genekas24","publisher":{"@id":"https:\/\/staging.genekas24.ee\/#organization"},"potentialAction":[{"@type":"SearchAction","target":{"@type":"EntryPoint","urlTemplate":"https:\/\/staging.genekas24.ee\/?s={search_term_string}"},"query-input":{"@type":"PropertyValueSpecification","valueRequired":true,"valueName":"search_term_string"}}],"inLanguage":"en-GB"},{"@type":"Organization","@id":"https:\/\/staging.genekas24.ee\/#organization","name":"Genekas24","url":"https:\/\/staging.genekas24.ee\/","logo":{"@type":"ImageObject","inLanguage":"en-GB","@id":"https:\/\/staging.genekas24.ee\/#\/schema\/logo\/image\/","url":"https:\/\/staging.genekas24.ee\/wp-content\/uploads\/2026\/01\/genekas24-logo_black.svg","contentUrl":"https:\/\/staging.genekas24.ee\/wp-content\/uploads\/2026\/01\/genekas24-logo_black.svg","width":840,"height":131,"caption":"Genekas24"},"image":{"@id":"https:\/\/staging.genekas24.ee\/#\/schema\/logo\/image\/"}}]}},"_links":{"self":[{"href":"https:\/\/staging.genekas24.ee\/en\/wp-json\/wp\/v2\/product\/21741","targetHints":{"allow":["GET"]}}],"collection":[{"href":"https:\/\/staging.genekas24.ee\/en\/wp-json\/wp\/v2\/product"}],"about":[{"href":"https:\/\/staging.genekas24.ee\/en\/wp-json\/wp\/v2\/types\/product"}],"version-history":[{"count":2,"href":"https:\/\/staging.genekas24.ee\/en\/wp-json\/wp\/v2\/product\/21741\/revisions"}],"predecessor-version":[{"id":21749,"href":"https:\/\/staging.genekas24.ee\/en\/wp-json\/wp\/v2\/product\/21741\/revisions\/21749"}],"wp:featuredmedia":[{"embeddable":true,"href":"https:\/\/staging.genekas24.ee\/en\/wp-json\/wp\/v2\/media\/21742"}],"wp:attachment":[{"href":"https:\/\/staging.genekas24.ee\/en\/wp-json\/wp\/v2\/media?parent=21741"}],"wp:term":[{"taxonomy":"product_brand","embeddable":true,"href":"https:\/\/staging.genekas24.ee\/en\/wp-json\/wp\/v2\/product_brand?post=21741"},{"taxonomy":"product_cat","embeddable":true,"href":"https:\/\/staging.genekas24.ee\/en\/wp-json\/wp\/v2\/product_cat?post=21741"},{"taxonomy":"product_tag","embeddable":true,"href":"https:\/\/staging.genekas24.ee\/en\/wp-json\/wp\/v2\/product_tag?post=21741"}],"curies":[{"name":"wp","href":"https:\/\/api.w.org\/{rel}","templated":true}]}}