{"id":21713,"date":"2026-01-06T09:33:20","date_gmt":"2026-01-06T09:33:20","guid":{"rendered":"https:\/\/staging.genekas24.ee\/?post_type=product&#038;p=21713"},"modified":"2026-01-06T09:33:22","modified_gmt":"2026-01-06T09:33:22","slug":"akuga-trimmer-ks-cst-20v","status":"publish","type":"product","link":"https:\/\/staging.genekas24.ee\/en\/product\/akuga-trimmer-ks-cst-20v\/","title":{"rendered":"Akuga trimmer KS CST-20V"},"content":{"rendered":"<p>Universaalne KS CST-20V trimmer K\u00f6nner &amp; S\u00f6hnen\u00ae-ilt on usaldusv\u00e4\u00e4rne t\u00f6\u00f6riist muru trimmimiseks ja \u00e4\u00e4ristamiseks. Sellel on teleskoopvars klambrilukuga, mis v\u00f5imaldab lihtsat pikkuse reguleerimist, p\u00f6\u00f6rlev k\u00e4epide lukustusmehhanismi ja kummist haardega mugavuse tagamiseks. Reguleeritav mootoripea v\u00f5imaldab t\u00f6\u00f6tada nurga all ja lihtsat re\u017eiimivahetust.\u00a0 Topeltrattad suurendavad stabiilsust ja t\u00e4psust \u00e4\u00e4ristamisel. Kompaktne, kerge ja man\u00f6\u00f6verdatav \u2014 ideaalne igas suuruses muruplatsidele.<\/p>\n<table style=\"border-collapse: collapse; width: 100%;\">\n<tbody>\n<tr>\n<td style=\"width: 14.5185%;\"><img decoding=\"async\" src=\"https:\/\/konner-sohnen.ee\/cdn\/shop\/files\/01_adjustable_rotating_handle.png?v=1750164598&amp;width=500\" alt=\"Reguleeritav p\u00f6\u00f6rdk\u00e4epide\" \/><\/td>\n<td style=\"width: 85.4815%;\">\n<h3>Reguleeritav p\u00f6\u00f6rdk\u00e4epide<\/h3>\n<div class=\"text-sm\">V\u00f5imaldab muuta kaldenurka mugavaks haardeks ja paremaks kontrolliks t\u00f6\u00f6 ajal. See teeb t\u00f6\u00f6riista lihtsasti kohandatavaks erinevate \u00fclesannete ja kasutaja eelistuste jaoks.<\/div>\n<\/td>\n<\/tr>\n<tr>\n<td style=\"width: 14.5185%;\"><img decoding=\"async\" src=\"https:\/\/konner-sohnen.ee\/cdn\/shop\/files\/02_the_rubber-coated_handle.png?v=1750164599&amp;width=500\" alt=\"Kummiga kaetud k\u00e4epide\" \/><\/td>\n<td style=\"width: 85.4815%;\">\n<h3>Kummiga kaetud k\u00e4epide<\/h3>\n<div class=\"text-sm\">Pakub mugavat haaret, hoiab \u00e4ra libisemise ja v\u00e4hendab k\u00e4te v\u00e4simust pikaajalise kasutamise ajal. See on eriti kasulik suurte alade t\u00f6\u00f6tlemisel.<\/div>\n<\/td>\n<\/tr>\n<tr>\n<td style=\"width: 14.5185%;\"><img decoding=\"async\" src=\"https:\/\/konner-sohnen.ee\/cdn\/shop\/files\/03_the_adjustable_motor_casing.png?v=1750164598&amp;width=500\" alt=\"Reguleeritav mootorikorpus\" \/><\/td>\n<td style=\"width: 85.4815%;\">\n<h3>Reguleeritav mootorikorpus<\/h3>\n<div class=\"text-sm\">V\u00f5imaldab muuta kaldenurka, v\u00f5imaldades t\u00f6\u00f6tada raskesti ligip\u00e4\u00e4setavates kohtades, nagu n\u00e4iteks pinkide all, p\u00f5\u00f5saste vahel v\u00f5i \u00e4\u00e4rekivide \u00e4\u00e4res.<\/div>\n<\/td>\n<\/tr>\n<tr>\n<td style=\"width: 14.5185%;\"><img decoding=\"async\" src=\"https:\/\/konner-sohnen.ee\/cdn\/shop\/files\/04_the_support_wheel.png?v=1750164598&amp;width=500\" alt=\"Tugiratas\" \/><\/td>\n<td style=\"width: 85.4815%;\">\n<h3>Tugiratas<\/h3>\n<div class=\"text-sm\">Servare\u017eiim v\u00f5imaldab t\u00e4psemat ja \u00fchtlasemat muru servade l\u00f5ikamist, v\u00e4hendades k\u00e4te koormust ja tagades sujuva liikumise t\u00f6\u00f6 ajal.<\/div>\n<\/td>\n<\/tr>\n<tr>\n<td style=\"width: 14.5185%;\"><img decoding=\"async\" src=\"https:\/\/konner-sohnen.ee\/cdn\/shop\/files\/05_the_retractable_boundary_frame.png?v=1750164599&amp;width=500\" alt=\"T\u00f5mmatav piiritlusraam\" \/><\/td>\n<td style=\"width: 85.4815%;\">\n<h3>T\u00f5mmatav piiritlusraam<\/h3>\n<div class=\"text-sm\">Kaitseb kultiveeritud taimi, puid v\u00f5i lillepeenraid kogemata kahjustuste eest muru niitmise ajal. Ideaalne \u00f5rnadele aladele.<\/div>\n<\/td>\n<\/tr>\n<\/tbody>\n<\/table>\n<p>&nbsp;<\/p>","protected":false},"excerpt":{"rendered":"<table>\n<tbody>\n<tr>\n<td>Rated voltage, V<\/td>\n<td>20<\/td>\n<\/tr>\n<tr>\n<td>Soovitatav aku mahtuvus<\/td>\n<td>2 Ah, 4 Ah<\/td>\n<\/tr>\n<tr>\n<td>Battery Type<\/td>\n<td>Laetav liitium-ioonaku<\/td>\n<\/tr>\n<tr>\n<td>Aku ja laadija<\/td>\n<td>ei kuulu komplekti<\/td>\n<\/tr>\n<tr>\n<td>Engine type<\/td>\n<td>harjamootor<\/td>\n<\/tr>\n<tr>\n<td>L\u00f5ikelaius (pool)<\/td>\n<td>300 mm<\/td>\n<\/tr>\n<tr>\n<td>L\u00f5ikeniidi paksus, mm<\/td>\n<td>1.8<\/td>\n<\/tr>\n<tr>\n<td>Niidi pikkus, m<\/td>\n<td>2.5<\/td>\n<\/tr>\n<tr>\n<td>T\u00fchik\u00e4igu kiirus, p\/min<\/td>\n<td>8000<\/td>\n<\/tr>\n<tr>\n<td>M\u00fcra tase Lpa (7m)\/Lwa, dB<\/td>\n<td>88<\/td>\n<\/tr>\n<tr>\n<td>Teleskooptoru<\/td>\n<td>93-123 mm<\/td>\n<\/tr>\n<tr>\n<td>Komplekt<\/td>\n<td>Trimmer, kasutusjuhend, kaitsekate, pool 2,5 m niidiga<\/td>\n<\/tr>\n<tr>\n<td>\u00dcldm\u00f5\u00f5tmed (PxLxK), mm<\/td>\n<td>930\u00d7220\u00d7150<\/td>\n<\/tr>\n<tr>\n<td>Net weight, kg<\/td>\n<td>2.8<\/td>\n<\/tr>\n<tr>\n<td>Kogukaal, kg<\/td>\n<td>3.3<\/td>\n<\/tr>\n<tr>\n<td>SKU<\/td>\n<td>KS CST-20V<\/td>\n<\/tr>\n<tr>\n<td>EAN<\/td>\n<td>4260405368372<\/td>\n<\/tr>\n<\/tbody>\n<\/table>","protected":false},"featured_media":21714,"template":"","meta":{"_acf_changed":false,"inline_featured_image":false},"product_brand":[],"product_cat":[159,193,192,114],"product_tag":[],"class_list":{"0":"post-21713","1":"product","2":"type-product","3":"status-publish","4":"has-post-thumbnail","6":"product_cat-aiatooriistad","7":"product_cat-akuga-trimmerid","8":"product_cat-trimmerid","9":"product_cat-uncategorized-2","10":"product_shipping_class-vaikepakk","12":"first","13":"instock","14":"taxable","15":"shipping-taxable","16":"purchasable","17":"product-type-simple"},"acf":[],"yoast_head":"<!-- This site is optimized with the Yoast SEO plugin v26.2 - https:\/\/yoast.com\/wordpress\/plugins\/seo\/ -->\n<title>Akuga trimmer KS CST-20V - Genekas24<\/title>\n<meta name=\"robots\" content=\"index, follow, max-snippet:-1, max-image-preview:large, max-video-preview:-1\" \/>\n<link rel=\"canonical\" href=\"https:\/\/staging.genekas24.ee\/en\/product\/akuga-trimmer-ks-cst-20v\/\" \/>\n<meta property=\"og:locale\" content=\"en_GB\" \/>\n<meta property=\"og:type\" content=\"article\" \/>\n<meta property=\"og:title\" content=\"Akuga trimmer KS CST-20V - Genekas24\" \/>\n<meta property=\"og:description\" content=\"Nimipinge, V 20   Soovitatav aku mahtuvus 2 Ah, 4 Ah   Aku t\u00fc\u00fcp Laetav liitium-ioonaku   Aku ja laadija ei kuulu komplekti   Mootori t\u00fc\u00fcp harjamootor   L\u00f5ikelaius (pool) 300 mm   L\u00f5ikeniidi paksus, mm 1.8   Niidi pikkus, m 2.5   T\u00fchik\u00e4igu kiirus, p\/min 8000   M\u00fcra tase Lpa (7m)\/Lwa, dB 88   Teleskooptoru 93-123 mm   Komplekt Trimmer, kasutusjuhend, kaitsekate, pool 2,5 m niidiga   \u00dcldm\u00f5\u00f5tmed (PxLxK), mm 930\u00d7220\u00d7150   Netokaal, kg 2.8   Kogukaal, kg 3.3   SKU KS CST-20V   EAN 4260405368372\" \/>\n<meta property=\"og:url\" content=\"https:\/\/staging.genekas24.ee\/en\/product\/akuga-trimmer-ks-cst-20v\/\" \/>\n<meta property=\"og:site_name\" content=\"Genekas24\" \/>\n<meta property=\"article:modified_time\" content=\"2026-01-06T09:33:22+00:00\" \/>\n<meta property=\"og:image\" content=\"https:\/\/staging.genekas24.ee\/wp-content\/uploads\/2025\/12\/2500x2500_KS-CST-20V_1.webp\" \/>\n\t<meta property=\"og:image:width\" content=\"1600\" \/>\n\t<meta property=\"og:image:height\" content=\"1600\" \/>\n\t<meta property=\"og:image:type\" content=\"image\/webp\" \/>\n<meta name=\"twitter:card\" content=\"summary_large_image\" \/>\n<meta name=\"twitter:label1\" content=\"Estimated reading time\" \/>\n\t<meta name=\"twitter:data1\" content=\"3 minutes\" \/>\n<script type=\"application\/ld+json\" class=\"yoast-schema-graph\">{\"@context\":\"https:\/\/schema.org\",\"@graph\":[{\"@type\":\"WebPage\",\"@id\":\"https:\/\/staging.genekas24.ee\/toode\/akuga-trimmer-ks-cst-20v\/\",\"url\":\"https:\/\/staging.genekas24.ee\/toode\/akuga-trimmer-ks-cst-20v\/\",\"name\":\"Akuga trimmer KS CST-20V - Genekas24\",\"isPartOf\":{\"@id\":\"https:\/\/staging.genekas24.ee\/#website\"},\"primaryImageOfPage\":{\"@id\":\"https:\/\/staging.genekas24.ee\/toode\/akuga-trimmer-ks-cst-20v\/#primaryimage\"},\"image\":{\"@id\":\"https:\/\/staging.genekas24.ee\/toode\/akuga-trimmer-ks-cst-20v\/#primaryimage\"},\"thumbnailUrl\":\"https:\/\/staging.genekas24.ee\/wp-content\/uploads\/2025\/12\/2500x2500_KS-CST-20V_1.webp\",\"datePublished\":\"2026-01-06T09:33:20+00:00\",\"dateModified\":\"2026-01-06T09:33:22+00:00\",\"breadcrumb\":{\"@id\":\"https:\/\/staging.genekas24.ee\/toode\/akuga-trimmer-ks-cst-20v\/#breadcrumb\"},\"inLanguage\":\"en-GB\",\"potentialAction\":[{\"@type\":\"ReadAction\",\"target\":[\"https:\/\/staging.genekas24.ee\/toode\/akuga-trimmer-ks-cst-20v\/\"]}]},{\"@type\":\"ImageObject\",\"inLanguage\":\"en-GB\",\"@id\":\"https:\/\/staging.genekas24.ee\/toode\/akuga-trimmer-ks-cst-20v\/#primaryimage\",\"url\":\"https:\/\/staging.genekas24.ee\/wp-content\/uploads\/2025\/12\/2500x2500_KS-CST-20V_1.webp\",\"contentUrl\":\"https:\/\/staging.genekas24.ee\/wp-content\/uploads\/2025\/12\/2500x2500_KS-CST-20V_1.webp\",\"width\":1600,\"height\":1600},{\"@type\":\"BreadcrumbList\",\"@id\":\"https:\/\/staging.genekas24.ee\/toode\/akuga-trimmer-ks-cst-20v\/#breadcrumb\",\"itemListElement\":[{\"@type\":\"ListItem\",\"position\":1,\"name\":\"Home\",\"item\":\"https:\/\/staging.genekas24.ee\/\"},{\"@type\":\"ListItem\",\"position\":2,\"name\":\"Pood\",\"item\":\"https:\/\/staging.genekas24.ee\/pood\/\"},{\"@type\":\"ListItem\",\"position\":3,\"name\":\"Akuga trimmer KS CST-20V\"}]},{\"@type\":\"WebSite\",\"@id\":\"https:\/\/staging.genekas24.ee\/#website\",\"url\":\"https:\/\/staging.genekas24.ee\/\",\"name\":\"Genekas24\",\"description\":\"Generaatorid | K&ouml;nner S&ouml;hnen tooted | Genekas24\",\"publisher\":{\"@id\":\"https:\/\/staging.genekas24.ee\/#organization\"},\"potentialAction\":[{\"@type\":\"SearchAction\",\"target\":{\"@type\":\"EntryPoint\",\"urlTemplate\":\"https:\/\/staging.genekas24.ee\/?s={search_term_string}\"},\"query-input\":{\"@type\":\"PropertyValueSpecification\",\"valueRequired\":true,\"valueName\":\"search_term_string\"}}],\"inLanguage\":\"en-GB\"},{\"@type\":\"Organization\",\"@id\":\"https:\/\/staging.genekas24.ee\/#organization\",\"name\":\"Genekas24\",\"url\":\"https:\/\/staging.genekas24.ee\/\",\"logo\":{\"@type\":\"ImageObject\",\"inLanguage\":\"en-GB\",\"@id\":\"https:\/\/staging.genekas24.ee\/#\/schema\/logo\/image\/\",\"url\":\"https:\/\/staging.genekas24.ee\/wp-content\/uploads\/2026\/01\/genekas24-logo_black.svg\",\"contentUrl\":\"https:\/\/staging.genekas24.ee\/wp-content\/uploads\/2026\/01\/genekas24-logo_black.svg\",\"width\":840,\"height\":131,\"caption\":\"Genekas24\"},\"image\":{\"@id\":\"https:\/\/staging.genekas24.ee\/#\/schema\/logo\/image\/\"}}]}<\/script>\n<!-- \/ Yoast SEO plugin. -->","yoast_head_json":{"title":"Akuga trimmer KS CST-20V - Genekas24","robots":{"index":"index","follow":"follow","max-snippet":"max-snippet:-1","max-image-preview":"max-image-preview:large","max-video-preview":"max-video-preview:-1"},"canonical":"https:\/\/staging.genekas24.ee\/en\/product\/akuga-trimmer-ks-cst-20v\/","og_locale":"en_GB","og_type":"article","og_title":"Akuga trimmer KS CST-20V - Genekas24","og_description":"Nimipinge, V 20   Soovitatav aku mahtuvus 2 Ah, 4 Ah   Aku t\u00fc\u00fcp Laetav liitium-ioonaku   Aku ja laadija ei kuulu komplekti   Mootori t\u00fc\u00fcp harjamootor   L\u00f5ikelaius (pool) 300 mm   L\u00f5ikeniidi paksus, mm 1.8   Niidi pikkus, m 2.5   T\u00fchik\u00e4igu kiirus, p\/min 8000   M\u00fcra tase Lpa (7m)\/Lwa, dB 88   Teleskooptoru 93-123 mm   Komplekt Trimmer, kasutusjuhend, kaitsekate, pool 2,5 m niidiga   \u00dcldm\u00f5\u00f5tmed (PxLxK), mm 930\u00d7220\u00d7150   Netokaal, kg 2.8   Kogukaal, kg 3.3   SKU KS CST-20V   EAN 4260405368372","og_url":"https:\/\/staging.genekas24.ee\/en\/product\/akuga-trimmer-ks-cst-20v\/","og_site_name":"Genekas24","article_modified_time":"2026-01-06T09:33:22+00:00","og_image":[{"width":1600,"height":1600,"url":"https:\/\/staging.genekas24.ee\/wp-content\/uploads\/2025\/12\/2500x2500_KS-CST-20V_1.webp","type":"image\/webp"}],"twitter_card":"summary_large_image","twitter_misc":{"Estimated reading time":"3 minutes"},"schema":{"@context":"https:\/\/schema.org","@graph":[{"@type":"WebPage","@id":"https:\/\/staging.genekas24.ee\/toode\/akuga-trimmer-ks-cst-20v\/","url":"https:\/\/staging.genekas24.ee\/toode\/akuga-trimmer-ks-cst-20v\/","name":"Akuga trimmer KS CST-20V - Genekas24","isPartOf":{"@id":"https:\/\/staging.genekas24.ee\/#website"},"primaryImageOfPage":{"@id":"https:\/\/staging.genekas24.ee\/toode\/akuga-trimmer-ks-cst-20v\/#primaryimage"},"image":{"@id":"https:\/\/staging.genekas24.ee\/toode\/akuga-trimmer-ks-cst-20v\/#primaryimage"},"thumbnailUrl":"https:\/\/staging.genekas24.ee\/wp-content\/uploads\/2025\/12\/2500x2500_KS-CST-20V_1.webp","datePublished":"2026-01-06T09:33:20+00:00","dateModified":"2026-01-06T09:33:22+00:00","breadcrumb":{"@id":"https:\/\/staging.genekas24.ee\/toode\/akuga-trimmer-ks-cst-20v\/#breadcrumb"},"inLanguage":"en-GB","potentialAction":[{"@type":"ReadAction","target":["https:\/\/staging.genekas24.ee\/toode\/akuga-trimmer-ks-cst-20v\/"]}]},{"@type":"ImageObject","inLanguage":"en-GB","@id":"https:\/\/staging.genekas24.ee\/toode\/akuga-trimmer-ks-cst-20v\/#primaryimage","url":"https:\/\/staging.genekas24.ee\/wp-content\/uploads\/2025\/12\/2500x2500_KS-CST-20V_1.webp","contentUrl":"https:\/\/staging.genekas24.ee\/wp-content\/uploads\/2025\/12\/2500x2500_KS-CST-20V_1.webp","width":1600,"height":1600},{"@type":"BreadcrumbList","@id":"https:\/\/staging.genekas24.ee\/toode\/akuga-trimmer-ks-cst-20v\/#breadcrumb","itemListElement":[{"@type":"ListItem","position":1,"name":"Home","item":"https:\/\/staging.genekas24.ee\/"},{"@type":"ListItem","position":2,"name":"Pood","item":"https:\/\/staging.genekas24.ee\/pood\/"},{"@type":"ListItem","position":3,"name":"Akuga trimmer KS CST-20V"}]},{"@type":"WebSite","@id":"https:\/\/staging.genekas24.ee\/#website","url":"https:\/\/staging.genekas24.ee\/","name":"Genekas24","description":"Generaatorid | K&ouml;nner S&ouml;hnen tooted | Genekas24","publisher":{"@id":"https:\/\/staging.genekas24.ee\/#organization"},"potentialAction":[{"@type":"SearchAction","target":{"@type":"EntryPoint","urlTemplate":"https:\/\/staging.genekas24.ee\/?s={search_term_string}"},"query-input":{"@type":"PropertyValueSpecification","valueRequired":true,"valueName":"search_term_string"}}],"inLanguage":"en-GB"},{"@type":"Organization","@id":"https:\/\/staging.genekas24.ee\/#organization","name":"Genekas24","url":"https:\/\/staging.genekas24.ee\/","logo":{"@type":"ImageObject","inLanguage":"en-GB","@id":"https:\/\/staging.genekas24.ee\/#\/schema\/logo\/image\/","url":"https:\/\/staging.genekas24.ee\/wp-content\/uploads\/2026\/01\/genekas24-logo_black.svg","contentUrl":"https:\/\/staging.genekas24.ee\/wp-content\/uploads\/2026\/01\/genekas24-logo_black.svg","width":840,"height":131,"caption":"Genekas24"},"image":{"@id":"https:\/\/staging.genekas24.ee\/#\/schema\/logo\/image\/"}}]}},"_links":{"self":[{"href":"https:\/\/staging.genekas24.ee\/en\/wp-json\/wp\/v2\/product\/21713","targetHints":{"allow":["GET"]}}],"collection":[{"href":"https:\/\/staging.genekas24.ee\/en\/wp-json\/wp\/v2\/product"}],"about":[{"href":"https:\/\/staging.genekas24.ee\/en\/wp-json\/wp\/v2\/types\/product"}],"version-history":[{"count":2,"href":"https:\/\/staging.genekas24.ee\/en\/wp-json\/wp\/v2\/product\/21713\/revisions"}],"predecessor-version":[{"id":21718,"href":"https:\/\/staging.genekas24.ee\/en\/wp-json\/wp\/v2\/product\/21713\/revisions\/21718"}],"wp:featuredmedia":[{"embeddable":true,"href":"https:\/\/staging.genekas24.ee\/en\/wp-json\/wp\/v2\/media\/21714"}],"wp:attachment":[{"href":"https:\/\/staging.genekas24.ee\/en\/wp-json\/wp\/v2\/media?parent=21713"}],"wp:term":[{"taxonomy":"product_brand","embeddable":true,"href":"https:\/\/staging.genekas24.ee\/en\/wp-json\/wp\/v2\/product_brand?post=21713"},{"taxonomy":"product_cat","embeddable":true,"href":"https:\/\/staging.genekas24.ee\/en\/wp-json\/wp\/v2\/product_cat?post=21713"},{"taxonomy":"product_tag","embeddable":true,"href":"https:\/\/staging.genekas24.ee\/en\/wp-json\/wp\/v2\/product_tag?post=21713"}],"curies":[{"name":"wp","href":"https:\/\/api.w.org\/{rel}","templated":true}]}}