{"id":21694,"date":"2026-01-06T09:36:44","date_gmt":"2026-01-06T09:36:44","guid":{"rendered":"https:\/\/staging.genekas24.ee\/?post_type=product&#038;p=21694"},"modified":"2026-01-06T09:36:45","modified_gmt":"2026-01-06T09:36:45","slug":"elektriline-muruniiduk-ks-38lm-bl","status":"publish","type":"product","link":"https:\/\/staging.genekas24.ee\/en\/product\/elektriline-muruniiduk-ks-38lm-bl\/","title":{"rendered":"Elektriline muruniiduk KS 38LM-BL"},"content":{"rendered":"<p>K\u00f6nner &amp; S\u00f6hnen\u00ae KS 38LM-BL elektriline muruniiduk on keskkonnas\u00f5bralik t\u00f6\u00f6riist, mis on loodud muru niitmiseks ja rohu kogumiseks ilma laadimise v\u00f5i tankimiseta. See niidab t\u00f5husalt erinevat t\u00fc\u00fcpi taimi, alates murust kuni metsikute umbrohtudeni. 38 cm l\u00f5ikelaius v\u00f5imaldab lihtsat muru hooldust, puude, lillepeenarde ja maastikuelementide \u00fcmber trimmimist.<\/p>\n<p>Keskkonnas\u00f5bralik, v\u00f5imas 1400W elektrimootor tagab mugava t\u00f6\u00f6 ilma kahjulike heitmete v\u00f5i keerulise hoolduseta. KS 38LM-BL niiduki peamine omadus on induktsioonmootor, mis pakub k\u00f5rget t\u00f6\u00f6efektiivsust ja pikemat t\u00f6\u00f6iga.<\/p>\n<table style=\"border-collapse: collapse; width: 100%;\">\n<tbody>\n<tr>\n<td style=\"width: 15.2426%;\"><img decoding=\"async\" src=\"https:\/\/konner-sohnen.ee\/cdn\/shop\/files\/induction-engine-lm.png?v=1767002752&amp;width=500\" alt=\"Induktsioonmootor\" \/><\/td>\n<td style=\"width: 84.7574%;\">\n<h3>Induktsioonmootor<\/h3>\n<div class=\"text-sm\">Muruniiduk KS 38LM-BL p\u00f5hineb induktsioonmootoril, mis tagab suurema t\u00f5hususe, pikema eluea ja madalama m\u00fcrataseme. Lisaks on mootoril v\u00e4hem liikuvaid osi, mis vajavad hooldust.<\/div>\n<\/td>\n<\/tr>\n<tr>\n<td style=\"width: 15.2426%;\"><img decoding=\"async\" src=\"https:\/\/konner-sohnen.ee\/cdn\/shop\/files\/ks-38lm-bl-macro-4.jpg?v=1723486300&amp;width=500\" alt=\"Kombineeritud murukonteiner\" \/><\/td>\n<td style=\"width: 84.7574%;\">\n<h3>Kombineeritud murukonteiner<\/h3>\n<div class=\"text-sm\">Muruniidukite rohukogujad on valmistatud materjalide kombinatsioonist &#8211; neil on plastikkate ja vastupidavast kangast raamkott. See modifikatsioon hoiab muruniiduki kerge ja tagab, et konteinerid s\u00e4ilitavad oma kuju, pakuvad head ventilatsiooni ja neid saab vajadusel kergesti t\u00fchjendada. Nende mudelite konteineri maht on 50 liitrit, mis v\u00f5imaldab koguda piisava hulga murul\u00f5ikeid. Need on varustatud ka konteineri t\u00e4ituvuse indikaatoriga.<\/div>\n<\/td>\n<\/tr>\n<tr>\n<td style=\"width: 15.2426%;\"><img decoding=\"async\" src=\"https:\/\/konner-sohnen.ee\/cdn\/shop\/files\/ks-38lm-bl-macro-1.jpg?v=1723486299&amp;width=500\" alt=\"L\u00f5ikek\u00f5rguse reguleerimine\" \/><\/td>\n<td style=\"width: 84.7574%;\">\n<h3>L\u00f5ikek\u00f5rguse reguleerimine<\/h3>\n<div class=\"text-sm\">Mugaval l\u00f5ikek\u00f5rguse reguleerimise hooval on 5 positsiooni, l\u00f5ikek\u00f5rguse vahemikuga 25 mm kuni 65 mm. See v\u00f5imaldab kohandada muruniidukit vastavalt kasutaja individuaalsetele vajadustele ja saavutada optimaalne muru k\u00f5rgus.<\/div>\n<\/td>\n<\/tr>\n<tr>\n<td style=\"width: 15.2426%;\"><img decoding=\"async\" src=\"https:\/\/konner-sohnen.ee\/cdn\/shop\/files\/ks-38lm-bl-macro-2.jpg?v=1723486298&amp;width=500\" alt=\"Lihtne kasutada ja hoiustada\" \/><\/td>\n<td style=\"width: 84.7574%;\">\n<h3>Lihtne kasutada ja hoiustada<\/h3>\n<div class=\"text-sm\">Muruniidukid on ergonoomiliselt kujundatud, pakkudes \u00fclimat kvaliteeti igas komponendis, \u00fche k\u00e4ega t\u00f6\u00f6tamist ja kaablihoidjat lihtsaks kaabli kinnitamiseks. Kokkupandav k\u00e4epide tagab kompaktse hoiustamise.<\/div>\n<\/td>\n<\/tr>\n<tr>\n<td style=\"width: 15.2426%;\"><img decoding=\"async\" src=\"https:\/\/konner-sohnen.ee\/cdn\/shop\/files\/ks-38lm-bl-macro-3.jpg?v=1723486299&amp;width=500\" alt=\"T\u00f6\u00f6riistavaba kokkupanek\" \/><\/td>\n<td style=\"width: 84.7574%;\">\n<h3>T\u00f6\u00f6riistavaba kokkupanek<\/h3>\n<div class=\"text-sm\">K\u00f6nner &amp; S\u00f6hnen\u00ae elektrilised muruniidukid on lihtsa disainiga, muutes t\u00f6\u00f6ks ettevalmistamise, hoolduse v\u00f5i hoiustamise kiireks, lihtsaks ja t\u00f6\u00f6riistavabaks.<\/div>\n<\/td>\n<\/tr>\n<\/tbody>\n<\/table>","protected":false},"excerpt":{"rendered":"<table>\n<tbody>\n<tr>\n<td>Mootori v\u00f5imsus, W<\/td>\n<td>1400<\/td>\n<\/tr>\n<tr>\n<td>Voltage, V<\/td>\n<td>230 ~ 240<\/td>\n<\/tr>\n<tr>\n<td>Engine type<\/td>\n<td>induktsioonmootor<\/td>\n<\/tr>\n<tr>\n<td>Reguleeritavad k\u00e4epidemed<\/td>\n<td>\u2014<\/td>\n<\/tr>\n<tr>\n<td>Frequency, Hz<\/td>\n<td>50<\/td>\n<\/tr>\n<tr>\n<td>T\u00fchik\u00e4igu kiirus, p\/min<\/td>\n<td>3000<\/td>\n<\/tr>\n<tr>\n<td>Reguleeritava k\u00f5rgusega asend<\/td>\n<td>25\u201365 mm, 5 positsiooni<\/td>\n<\/tr>\n<tr>\n<td>Kogumiskott, l<\/td>\n<td>50<\/td>\n<\/tr>\n<tr>\n<td>L\u00f5ikamisv\u00f5imekus, mm<\/td>\n<td>380<\/td>\n<\/tr>\n<tr>\n<td>M\u00fcra tase Lpa (7m)\/Lwa, dB<\/td>\n<td>71\/96<\/td>\n<\/tr>\n<tr>\n<td>Netom\u00f5\u00f5tmed (PxLxK), mm<\/td>\n<td>1220\u00d7450\u00d7990<\/td>\n<\/tr>\n<tr>\n<td>\u00dcldm\u00f5\u00f5tmed (PxLxK), mm<\/td>\n<td>660\u00d7440\u00d7335<\/td>\n<\/tr>\n<tr>\n<td>Net weight, kg<\/td>\n<td>16.5<\/td>\n<\/tr>\n<tr>\n<td>Kogukaal, kg<\/td>\n<td>17.8<\/td>\n<\/tr>\n<tr>\n<td>SKU<\/td>\n<td>KS 38LM-BL<\/td>\n<\/tr>\n<tr>\n<td>EAN<\/td>\n<td>4260405367016<\/td>\n<\/tr>\n<\/tbody>\n<\/table>","protected":false},"featured_media":21695,"template":"","meta":{"_acf_changed":false,"inline_featured_image":false},"product_brand":[],"product_cat":[159,191,189],"product_tag":[],"class_list":{"0":"post-21694","1":"product","2":"type-product","3":"status-publish","4":"has-post-thumbnail","6":"product_cat-aiatooriistad","7":"product_cat-elektrilised-muruniidukid","8":"product_cat-muruniidukid","9":"product_shipping_class-vaikepakk","10":"brand-konner-sohnen","12":"first","13":"instock","14":"taxable","15":"shipping-taxable","16":"purchasable","17":"product-type-simple"},"acf":[],"yoast_head":"<!-- This site is optimized with the Yoast SEO plugin v26.2 - https:\/\/yoast.com\/wordpress\/plugins\/seo\/ -->\n<title>Elektriline muruniiduk KS 38LM-BL - Genekas24<\/title>\n<meta name=\"robots\" content=\"index, follow, max-snippet:-1, max-image-preview:large, max-video-preview:-1\" \/>\n<link rel=\"canonical\" href=\"https:\/\/staging.genekas24.ee\/en\/product\/elektriline-muruniiduk-ks-38lm-bl\/\" \/>\n<meta property=\"og:locale\" content=\"en_GB\" \/>\n<meta property=\"og:type\" content=\"article\" \/>\n<meta property=\"og:title\" content=\"Elektriline muruniiduk KS 38LM-BL - Genekas24\" \/>\n<meta property=\"og:description\" content=\"Mootori v\u00f5imsus, W 1400   Pinge, V 230 ~ 240   Mootori t\u00fc\u00fcp induktsioonmootor   Reguleeritavad k\u00e4epidemed \u2014   Sagedus, Hz 50   T\u00fchik\u00e4igu kiirus, p\/min 3000   Reguleeritava k\u00f5rgusega asend 25\u201365 mm, 5 positsiooni   Kogumiskott, l 50   L\u00f5ikamisv\u00f5imekus, mm 380   M\u00fcra tase Lpa (7m)\/Lwa, dB 71\/96   Netom\u00f5\u00f5tmed (PxLxK), mm 1220\u00d7450\u00d7990   \u00dcldm\u00f5\u00f5tmed (PxLxK), mm 660\u00d7440\u00d7335   Netokaal, kg 16.5   Kogukaal, kg 17.8   SKU KS 38LM-BL   EAN 4260405367016\" \/>\n<meta property=\"og:url\" content=\"https:\/\/staging.genekas24.ee\/en\/product\/elektriline-muruniiduk-ks-38lm-bl\/\" \/>\n<meta property=\"og:site_name\" content=\"Genekas24\" \/>\n<meta property=\"article:modified_time\" content=\"2026-01-06T09:36:45+00:00\" \/>\n<meta property=\"og:image\" content=\"https:\/\/staging.genekas24.ee\/wp-content\/uploads\/2025\/12\/38lm-bl_5_4077eac2-3d89-4584-910e-241bedeb7f9b.webp\" \/>\n\t<meta property=\"og:image:width\" content=\"1600\" \/>\n\t<meta property=\"og:image:height\" content=\"1200\" \/>\n\t<meta property=\"og:image:type\" content=\"image\/webp\" \/>\n<meta name=\"twitter:card\" content=\"summary_large_image\" \/>\n<meta name=\"twitter:label1\" content=\"Estimated reading time\" \/>\n\t<meta name=\"twitter:data1\" content=\"3 minutes\" \/>\n<script type=\"application\/ld+json\" class=\"yoast-schema-graph\">{\"@context\":\"https:\/\/schema.org\",\"@graph\":[{\"@type\":\"WebPage\",\"@id\":\"https:\/\/staging.genekas24.ee\/toode\/elektriline-muruniiduk-ks-38lm-bl\/\",\"url\":\"https:\/\/staging.genekas24.ee\/toode\/elektriline-muruniiduk-ks-38lm-bl\/\",\"name\":\"Elektriline muruniiduk KS 38LM-BL - Genekas24\",\"isPartOf\":{\"@id\":\"https:\/\/staging.genekas24.ee\/#website\"},\"primaryImageOfPage\":{\"@id\":\"https:\/\/staging.genekas24.ee\/toode\/elektriline-muruniiduk-ks-38lm-bl\/#primaryimage\"},\"image\":{\"@id\":\"https:\/\/staging.genekas24.ee\/toode\/elektriline-muruniiduk-ks-38lm-bl\/#primaryimage\"},\"thumbnailUrl\":\"https:\/\/staging.genekas24.ee\/wp-content\/uploads\/2025\/12\/38lm-bl_5_4077eac2-3d89-4584-910e-241bedeb7f9b.webp\",\"datePublished\":\"2026-01-06T09:36:44+00:00\",\"dateModified\":\"2026-01-06T09:36:45+00:00\",\"breadcrumb\":{\"@id\":\"https:\/\/staging.genekas24.ee\/toode\/elektriline-muruniiduk-ks-38lm-bl\/#breadcrumb\"},\"inLanguage\":\"en-GB\",\"potentialAction\":[{\"@type\":\"ReadAction\",\"target\":[\"https:\/\/staging.genekas24.ee\/toode\/elektriline-muruniiduk-ks-38lm-bl\/\"]}]},{\"@type\":\"ImageObject\",\"inLanguage\":\"en-GB\",\"@id\":\"https:\/\/staging.genekas24.ee\/toode\/elektriline-muruniiduk-ks-38lm-bl\/#primaryimage\",\"url\":\"https:\/\/staging.genekas24.ee\/wp-content\/uploads\/2025\/12\/38lm-bl_5_4077eac2-3d89-4584-910e-241bedeb7f9b.webp\",\"contentUrl\":\"https:\/\/staging.genekas24.ee\/wp-content\/uploads\/2025\/12\/38lm-bl_5_4077eac2-3d89-4584-910e-241bedeb7f9b.webp\",\"width\":1600,\"height\":1200},{\"@type\":\"BreadcrumbList\",\"@id\":\"https:\/\/staging.genekas24.ee\/toode\/elektriline-muruniiduk-ks-38lm-bl\/#breadcrumb\",\"itemListElement\":[{\"@type\":\"ListItem\",\"position\":1,\"name\":\"Home\",\"item\":\"https:\/\/staging.genekas24.ee\/\"},{\"@type\":\"ListItem\",\"position\":2,\"name\":\"Pood\",\"item\":\"https:\/\/staging.genekas24.ee\/pood\/\"},{\"@type\":\"ListItem\",\"position\":3,\"name\":\"Elektriline muruniiduk KS 38LM-BL\"}]},{\"@type\":\"WebSite\",\"@id\":\"https:\/\/staging.genekas24.ee\/#website\",\"url\":\"https:\/\/staging.genekas24.ee\/\",\"name\":\"Genekas24\",\"description\":\"Generaatorid | K&ouml;nner S&ouml;hnen tooted | Genekas24\",\"publisher\":{\"@id\":\"https:\/\/staging.genekas24.ee\/#organization\"},\"potentialAction\":[{\"@type\":\"SearchAction\",\"target\":{\"@type\":\"EntryPoint\",\"urlTemplate\":\"https:\/\/staging.genekas24.ee\/?s={search_term_string}\"},\"query-input\":{\"@type\":\"PropertyValueSpecification\",\"valueRequired\":true,\"valueName\":\"search_term_string\"}}],\"inLanguage\":\"en-GB\"},{\"@type\":\"Organization\",\"@id\":\"https:\/\/staging.genekas24.ee\/#organization\",\"name\":\"Genekas24\",\"url\":\"https:\/\/staging.genekas24.ee\/\",\"logo\":{\"@type\":\"ImageObject\",\"inLanguage\":\"en-GB\",\"@id\":\"https:\/\/staging.genekas24.ee\/#\/schema\/logo\/image\/\",\"url\":\"https:\/\/staging.genekas24.ee\/wp-content\/uploads\/2026\/01\/genekas24-logo_black.svg\",\"contentUrl\":\"https:\/\/staging.genekas24.ee\/wp-content\/uploads\/2026\/01\/genekas24-logo_black.svg\",\"width\":840,\"height\":131,\"caption\":\"Genekas24\"},\"image\":{\"@id\":\"https:\/\/staging.genekas24.ee\/#\/schema\/logo\/image\/\"}}]}<\/script>\n<!-- \/ Yoast SEO plugin. -->","yoast_head_json":{"title":"Elektriline muruniiduk KS 38LM-BL - Genekas24","robots":{"index":"index","follow":"follow","max-snippet":"max-snippet:-1","max-image-preview":"max-image-preview:large","max-video-preview":"max-video-preview:-1"},"canonical":"https:\/\/staging.genekas24.ee\/en\/product\/elektriline-muruniiduk-ks-38lm-bl\/","og_locale":"en_GB","og_type":"article","og_title":"Elektriline muruniiduk KS 38LM-BL - Genekas24","og_description":"Mootori v\u00f5imsus, W 1400   Pinge, V 230 ~ 240   Mootori t\u00fc\u00fcp induktsioonmootor   Reguleeritavad k\u00e4epidemed \u2014   Sagedus, Hz 50   T\u00fchik\u00e4igu kiirus, p\/min 3000   Reguleeritava k\u00f5rgusega asend 25\u201365 mm, 5 positsiooni   Kogumiskott, l 50   L\u00f5ikamisv\u00f5imekus, mm 380   M\u00fcra tase Lpa (7m)\/Lwa, dB 71\/96   Netom\u00f5\u00f5tmed (PxLxK), mm 1220\u00d7450\u00d7990   \u00dcldm\u00f5\u00f5tmed (PxLxK), mm 660\u00d7440\u00d7335   Netokaal, kg 16.5   Kogukaal, kg 17.8   SKU KS 38LM-BL   EAN 4260405367016","og_url":"https:\/\/staging.genekas24.ee\/en\/product\/elektriline-muruniiduk-ks-38lm-bl\/","og_site_name":"Genekas24","article_modified_time":"2026-01-06T09:36:45+00:00","og_image":[{"width":1600,"height":1200,"url":"https:\/\/staging.genekas24.ee\/wp-content\/uploads\/2025\/12\/38lm-bl_5_4077eac2-3d89-4584-910e-241bedeb7f9b.webp","type":"image\/webp"}],"twitter_card":"summary_large_image","twitter_misc":{"Estimated reading time":"3 minutes"},"schema":{"@context":"https:\/\/schema.org","@graph":[{"@type":"WebPage","@id":"https:\/\/staging.genekas24.ee\/toode\/elektriline-muruniiduk-ks-38lm-bl\/","url":"https:\/\/staging.genekas24.ee\/toode\/elektriline-muruniiduk-ks-38lm-bl\/","name":"Elektriline muruniiduk KS 38LM-BL - Genekas24","isPartOf":{"@id":"https:\/\/staging.genekas24.ee\/#website"},"primaryImageOfPage":{"@id":"https:\/\/staging.genekas24.ee\/toode\/elektriline-muruniiduk-ks-38lm-bl\/#primaryimage"},"image":{"@id":"https:\/\/staging.genekas24.ee\/toode\/elektriline-muruniiduk-ks-38lm-bl\/#primaryimage"},"thumbnailUrl":"https:\/\/staging.genekas24.ee\/wp-content\/uploads\/2025\/12\/38lm-bl_5_4077eac2-3d89-4584-910e-241bedeb7f9b.webp","datePublished":"2026-01-06T09:36:44+00:00","dateModified":"2026-01-06T09:36:45+00:00","breadcrumb":{"@id":"https:\/\/staging.genekas24.ee\/toode\/elektriline-muruniiduk-ks-38lm-bl\/#breadcrumb"},"inLanguage":"en-GB","potentialAction":[{"@type":"ReadAction","target":["https:\/\/staging.genekas24.ee\/toode\/elektriline-muruniiduk-ks-38lm-bl\/"]}]},{"@type":"ImageObject","inLanguage":"en-GB","@id":"https:\/\/staging.genekas24.ee\/toode\/elektriline-muruniiduk-ks-38lm-bl\/#primaryimage","url":"https:\/\/staging.genekas24.ee\/wp-content\/uploads\/2025\/12\/38lm-bl_5_4077eac2-3d89-4584-910e-241bedeb7f9b.webp","contentUrl":"https:\/\/staging.genekas24.ee\/wp-content\/uploads\/2025\/12\/38lm-bl_5_4077eac2-3d89-4584-910e-241bedeb7f9b.webp","width":1600,"height":1200},{"@type":"BreadcrumbList","@id":"https:\/\/staging.genekas24.ee\/toode\/elektriline-muruniiduk-ks-38lm-bl\/#breadcrumb","itemListElement":[{"@type":"ListItem","position":1,"name":"Home","item":"https:\/\/staging.genekas24.ee\/"},{"@type":"ListItem","position":2,"name":"Pood","item":"https:\/\/staging.genekas24.ee\/pood\/"},{"@type":"ListItem","position":3,"name":"Elektriline muruniiduk KS 38LM-BL"}]},{"@type":"WebSite","@id":"https:\/\/staging.genekas24.ee\/#website","url":"https:\/\/staging.genekas24.ee\/","name":"Genekas24","description":"Generaatorid | K&ouml;nner S&ouml;hnen tooted | Genekas24","publisher":{"@id":"https:\/\/staging.genekas24.ee\/#organization"},"potentialAction":[{"@type":"SearchAction","target":{"@type":"EntryPoint","urlTemplate":"https:\/\/staging.genekas24.ee\/?s={search_term_string}"},"query-input":{"@type":"PropertyValueSpecification","valueRequired":true,"valueName":"search_term_string"}}],"inLanguage":"en-GB"},{"@type":"Organization","@id":"https:\/\/staging.genekas24.ee\/#organization","name":"Genekas24","url":"https:\/\/staging.genekas24.ee\/","logo":{"@type":"ImageObject","inLanguage":"en-GB","@id":"https:\/\/staging.genekas24.ee\/#\/schema\/logo\/image\/","url":"https:\/\/staging.genekas24.ee\/wp-content\/uploads\/2026\/01\/genekas24-logo_black.svg","contentUrl":"https:\/\/staging.genekas24.ee\/wp-content\/uploads\/2026\/01\/genekas24-logo_black.svg","width":840,"height":131,"caption":"Genekas24"},"image":{"@id":"https:\/\/staging.genekas24.ee\/#\/schema\/logo\/image\/"}}]}},"_links":{"self":[{"href":"https:\/\/staging.genekas24.ee\/en\/wp-json\/wp\/v2\/product\/21694","targetHints":{"allow":["GET"]}}],"collection":[{"href":"https:\/\/staging.genekas24.ee\/en\/wp-json\/wp\/v2\/product"}],"about":[{"href":"https:\/\/staging.genekas24.ee\/en\/wp-json\/wp\/v2\/types\/product"}],"version-history":[{"count":2,"href":"https:\/\/staging.genekas24.ee\/en\/wp-json\/wp\/v2\/product\/21694\/revisions"}],"predecessor-version":[{"id":21701,"href":"https:\/\/staging.genekas24.ee\/en\/wp-json\/wp\/v2\/product\/21694\/revisions\/21701"}],"wp:featuredmedia":[{"embeddable":true,"href":"https:\/\/staging.genekas24.ee\/en\/wp-json\/wp\/v2\/media\/21695"}],"wp:attachment":[{"href":"https:\/\/staging.genekas24.ee\/en\/wp-json\/wp\/v2\/media?parent=21694"}],"wp:term":[{"taxonomy":"product_brand","embeddable":true,"href":"https:\/\/staging.genekas24.ee\/en\/wp-json\/wp\/v2\/product_brand?post=21694"},{"taxonomy":"product_cat","embeddable":true,"href":"https:\/\/staging.genekas24.ee\/en\/wp-json\/wp\/v2\/product_cat?post=21694"},{"taxonomy":"product_tag","embeddable":true,"href":"https:\/\/staging.genekas24.ee\/en\/wp-json\/wp\/v2\/product_tag?post=21694"}],"curies":[{"name":"wp","href":"https:\/\/api.w.org\/{rel}","templated":true}]}}