{"id":21588,"date":"2025-12-22T09:54:43","date_gmt":"2025-12-22T09:54:43","guid":{"rendered":"https:\/\/staging.genekas24.ee\/?post_type=product&#038;p=21588"},"modified":"2025-12-31T08:43:51","modified_gmt":"2025-12-31T08:43:51","slug":"invertergeneraator-itcpower-gg65ei","status":"publish","type":"product","link":"https:\/\/staging.genekas24.ee\/en\/product\/invertergeneraator-itcpower-gg65ei\/","title":{"rendered":"ITCPOWER GG65Ei invertergeneraator 6000W 230V"},"content":{"rendered":"<p><strong>ITCPOWER GG65Ei<\/strong> invertergeneraator on ITCPOWER kaubam\u00e4rgi \u00f6konoomne generaator. Lisaks pakub GG65Ei maksimaalset v\u00f5imsust 6500W ja pidevat v\u00f5imsust 6000W. ITCPOWER GG65Ei-l on ka 389cc \u00f5hkjahutusega neljataktiline mootor.<\/p>\n<p><strong>Invertertehnoloogia<\/strong><\/p>\n<p>ITCPOWERi invertertehnoloogia ei paku mitte ainult v\u00f5imsust, vaid on ka lihtne, stabiilne ja usaldusv\u00e4\u00e4rne energiaallikas. Enam pole vaja muretseda pingek\u00f5ikumiste p\u00e4rast, mis kahjustavad teie tundlikku elektroonikat: meie generaator pakub teile vajalikku t\u00e4psust.<\/p>\n<p><strong>Kompaktne<\/strong><\/p>\n<p>Olenemata sellest, kas te telkite looduses, naudite looduspuhkust, t\u00f6\u00f6tate kaugel ehitusplatsil v\u00f5i soovite lihtsalt olla valmis h\u00e4daolukordadeks, on meie bensiinimootoriga invertergeneraator teie ustav kaaslane. K\u00f5ik meie inverterid on kaasaskantava\/mobiilse disainiga, sealhulgas rataste ja\/v\u00f5i k\u00e4epidemetega, ning kergete materjalide kasutamine, mis muudab nende liigutamise k\u00f5ikjale lihtsaks. L\u00fchidalt, mugav ja kompaktne masin!<\/p>\n<p><strong>M\u00fcra<\/strong><\/p>\n<p>K\u00f5igi meie invertergeneraatorite peamine omadus on m\u00fcraemissioon. Masinad on ehitatud detsibellide minimeerimiseks, kasutades sobivat isolatsiooni, katet ja summuteid. See tagab, et m\u00fcra ei tundu h\u00e4irivana.<\/p>\n<p><strong>K\u00fctus ja \u00f5li<\/strong><\/p>\n<p>Meie usaldusv\u00e4\u00e4rsed ITCPOWER inverterid t\u00f6\u00f6tavad standardvarustuses bensiini\/k\u00fctusega. Olenemata sellest, kas tegemist on Euro 95\/98\/Aspeni v\u00f5i Oecokrafti k\u00fctusega, pole vahet, peaasi, et see on puhas. M\u00f5ned mudelid on varustatud LPG-\u00fchendusega, kui see on m\u00e4rgitud (DF\/DUAL FUEL). Igal juhul ei pea te muretsema keeruliste k\u00fctusesegude ega raskesti leitavate k\u00fctuste p\u00e4rast. Lisaks on k\u00f5ik meie bensiiniinverterid v\u00e4ga k\u00fctuses\u00e4\u00e4stlikud ja saate t\u00e4ispaagiga pikka aega v\u00f5imsust nautida &#8230; \u00d5li osas soovitame kasutada 4T 15W40 \u00f5li. See on parim \u00f5li teie masina pikaajaliseks j\u00f5udluseks, kui te seda hoolikalt hooldate. See on \u00fcksikasjalikult kirjeldatud ka masina kasutusjuhendis.<\/p>","protected":false},"excerpt":{"rendered":"<table style=\"width: 100%; height: 552px;\">\n<tbody>\n<tr class=\"even\" style=\"height: 24px;\">\n<td style=\"height: 24px;\" width=\"60%\">Pidev v\u00f5imsus<\/td>\n<td style=\"height: 24px;\">6000 W\/6 kW (max. 28 A pidev)<\/td>\n<\/tr>\n<tr class=\"odd\" style=\"height: 24px;\">\n<td style=\"height: 24px;\">\n<div class=\"col-xs-6\">Maks. V\u00f5imsus:<\/div>\n<\/td>\n<td style=\"height: 24px;\">6500W\/6,5 kW<\/td>\n<\/tr>\n<tr class=\"even\" style=\"height: 24px;\">\n<td style=\"height: 24px;\">\n<div class=\"col-xs-6\">Frequency<\/div>\n<\/td>\n<td style=\"height: 24px;\">50Hz<\/td>\n<\/tr>\n<tr class=\"odd\" style=\"height: 24px;\">\n<td style=\"height: 24px;\">\n<div class=\"col-xs-6\">Voltage<\/div>\n<\/td>\n<td style=\"height: 24px;\">230V<\/td>\n<\/tr>\n<tr class=\"even\" style=\"height: 24px;\">\n<td style=\"height: 24px;\">\n<div class=\"col-xs-6\">Pistikupesade \u00fchendused<\/div>\n<\/td>\n<td style=\"height: 24px;\">2x 16A + 1x 32A<\/td>\n<\/tr>\n<tr class=\"odd\" style=\"height: 48px;\">\n<td style=\"height: 48px;\">Display<\/td>\n<td style=\"height: 48px;\">\n<div class=\"attribute row\">\n<div class=\"col-xs-6\">Digitaalne<\/div>\n<div class=\"col-xs-6\"><\/div>\n<\/div>\n<\/td>\n<\/tr>\n<tr class=\"odd\" style=\"height: 24px;\">\n<td style=\"height: 24px;\">\n<div class=\"col-xs-6\">K\u00e4ivitus<\/div>\n<\/td>\n<td style=\"height: 24px;\">V\u00f5tmega k\u00e4ivitatav, k\u00e4ivitatav ka puldiga v\u00f5i ATS-iga (automaatne)<\/td>\n<\/tr>\n<tr class=\"even\" style=\"height: 24px;\">\n<td style=\"height: 24px;\">\n<div class=\"col-xs-6\">Voltage<\/div>\n<\/td>\n<td style=\"height: 24px;\">12V DC: 8,3A<\/td>\n<\/tr>\n<tr class=\"odd\" style=\"height: 48px;\">\n<td style=\"height: 48px;\">K\u00fctusepaak<\/td>\n<td style=\"height: 48px;\">\n<div class=\"attribute row\">\n<div class=\"col-xs-6\">18,50L<\/div>\n<\/div>\n<\/td>\n<\/tr>\n<tr class=\"even\" style=\"height: 24px;\">\n<td style=\"height: 24px;\">\n<div class=\"col-xs-6\">K\u00fctusekulu<\/div>\n<\/td>\n<td style=\"height: 24px;\">\n<div class=\"attribute row\">\n<div class=\"col-xs-6\">2,3 liitrit tunnis (75% koormusel)<\/div>\n<\/div>\n<\/td>\n<\/tr>\n<tr class=\"even\" style=\"height: 72px;\">\n<td style=\"height: 72px;\">\n<div class=\"col-xs-6\">K\u00e4ivitus<\/div>\n<\/td>\n<td style=\"height: 72px;\">\n<div class=\"attribute row\">\n<div class=\"col-xs-6\">Elektriline \/ ATS<\/div>\n<\/div>\n<\/td>\n<\/tr>\n<tr class=\"odd\" style=\"height: 24px;\">\n<td style=\"height: 24px;\">\n<div class=\"col-xs-6\">M\u00fcratase (7 meetrit)<\/div>\n<\/td>\n<td style=\"height: 24px;\">\n<div class=\"attribute row\">\n<div class=\"col-xs-6\">65 dBA<\/div>\n<\/div>\n<\/td>\n<\/tr>\n<tr class=\"even\" style=\"height: 24px;\">\n<td style=\"height: 24px;\">\n<div class=\"col-xs-6\">V\u00f5imsus (A)<\/div>\n<\/td>\n<td style=\"height: 24px;\">28A<\/td>\n<\/tr>\n<tr class=\"even\" style=\"height: 24px;\">\n<td style=\"height: 24px;\">\n<div class=\"col-xs-6\">Mootor<\/div>\n<\/td>\n<td style=\"height: 24px;\">389cc \u2013 13hj, \u00f5hkjahutusega, 4-taktiline, OHV<\/td>\n<\/tr>\n<tr class=\"odd\" style=\"height: 24px;\">\n<td style=\"height: 24px;\">\n<div class=\"col-xs-6\">\u00d5lipaagi maht<\/div>\n<\/td>\n<td style=\"height: 24px;\">\n<div class=\"attribute row\">\n<div class=\"col-xs-6\">0,92 L \/ t\u00e4itke 15W40 \u00f5liga<\/div>\n<\/div>\n<\/td>\n<\/tr>\n<tr class=\"odd\" style=\"height: 24px;\">\n<td style=\"height: 24px;\">\n<div class=\"col-xs-6\">\u00d5lialarm<\/div>\n<\/td>\n<td style=\"height: 24px;\">\n<div class=\"attribute row\">\n<div class=\"col-xs-6\">Jah<\/div>\n<\/div>\n<\/td>\n<\/tr>\n<tr style=\"height: 24px;\">\n<td style=\"height: 24px;\">\u00dclekoormuse indikaator<\/td>\n<td style=\"height: 24px;\">Jah<\/td>\n<\/tr>\n<tr style=\"height: 24px;\">\n<td style=\"height: 24px;\">Kaal<\/td>\n<td style=\"height: 24px;\">89 kg<\/td>\n<\/tr>\n<tr style=\"height: 24px;\">\n<td style=\"height: 24px;\">M\u00f5\u00f5tmed<\/td>\n<td style=\"height: 24px;\">750 x 537 x 630 mm<\/td>\n<\/tr>\n<tr>\n<td>K\u00fctus<\/td>\n<td>Bensiin<\/td>\n<\/tr>\n<\/tbody>\n<\/table>\n<p>*** Fuel consumption depends on many factors, such as load, fuel quality, season, altitude, technical condition of the generator.<\/p>","protected":false},"featured_media":21595,"template":"","meta":{"_acf_changed":false,"inline_featured_image":false},"product_brand":[],"product_cat":[179,181,94,23],"product_tag":[],"class_list":{"0":"post-21588","1":"product","2":"type-product","3":"status-publish","4":"has-post-thumbnail","6":"product_cat-allahinnatud","7":"product_cat-laos-olemas","8":"product_cat-generaatorid","9":"product_cat-invertergeneraatorid","11":"first","12":"instock","13":"sale","14":"taxable","15":"shipping-taxable","16":"purchasable","17":"product-type-simple"},"acf":[],"yoast_head":"<!-- This site is optimized with the Yoast SEO plugin v26.2 - https:\/\/yoast.com\/wordpress\/plugins\/seo\/ -->\n<title>ITCPOWER GG65Ei invertergeneraator 6000W 230V - Genekas24<\/title>\n<meta name=\"robots\" content=\"index, follow, max-snippet:-1, max-image-preview:large, max-video-preview:-1\" \/>\n<link rel=\"canonical\" href=\"https:\/\/staging.genekas24.ee\/en\/product\/invertergeneraator-itcpower-gg65ei\/\" \/>\n<meta property=\"og:locale\" content=\"en_GB\" \/>\n<meta property=\"og:type\" content=\"article\" \/>\n<meta property=\"og:title\" content=\"ITCPOWER GG65Ei invertergeneraator 6000W 230V - Genekas24\" \/>\n<meta property=\"og:description\" content=\"Pidev v\u00f5imsus 6000 W\/6 kW (max. 28 A pidev)    Maks. V\u00f5imsus: 6500W\/6,5 kW    Sagedus 50Hz    Pinge 230V    Pistikupesade \u00fchendused 2x 16A + 1x 32A   Ekraan   Digitaalne      K\u00e4ivitus V\u00f5tmega k\u00e4ivitatav, k\u00e4ivitatav ka puldiga v\u00f5i ATS-iga (automaatne)    V\u00f5imsus 12V DC: 8,3A   K\u00fctusepaak   18,50L     K\u00fctusekulu   2,3 liitrit tunnis (75% koormusel)     K\u00e4ivitus   Elektriline \/ ATS     M\u00fcratase (7 meetrit)   65 dBA     V\u00f5imsus (A) 28A    Mootor 389cc \u2013 13hj, \u00f5hkjahutusega, 4-taktiline, OHV    \u00d5lipaagi maht   0,92 L \/ t\u00e4itke 15W40 \u00f5liga     \u00d5lialarm   Jah    \u00dclekoormuse indikaator Jah   Kaal 89 kg   M\u00f5\u00f5tmed 750 x 537 x 630 mm   K\u00fctus Bensiin    *** K\u00fctusekulu s\u00f5ltub paljudest teguritest: nagu koormus, k\u00fctuse kvaliteet, aastaaeg, k\u00f5rgus merepinnast, generaatori tehniline seisukord.\" \/>\n<meta property=\"og:url\" content=\"https:\/\/staging.genekas24.ee\/en\/product\/invertergeneraator-itcpower-gg65ei\/\" \/>\n<meta property=\"og:site_name\" content=\"Genekas24\" \/>\n<meta property=\"article:modified_time\" content=\"2025-12-31T08:43:51+00:00\" \/>\n<meta property=\"og:image\" content=\"https:\/\/staging.genekas24.ee\/wp-content\/uploads\/2025\/12\/71aJ84qzRSL._AC_SL1500_.jpg\" \/>\n\t<meta property=\"og:image:width\" content=\"1186\" \/>\n\t<meta property=\"og:image:height\" content=\"1093\" \/>\n\t<meta property=\"og:image:type\" content=\"image\/jpeg\" \/>\n<meta name=\"twitter:card\" content=\"summary_large_image\" \/>\n<meta name=\"twitter:label1\" content=\"Estimated reading time\" \/>\n\t<meta name=\"twitter:data1\" content=\"2 minutes\" \/>\n<script type=\"application\/ld+json\" class=\"yoast-schema-graph\">{\"@context\":\"https:\/\/schema.org\",\"@graph\":[{\"@type\":\"WebPage\",\"@id\":\"https:\/\/staging.genekas24.ee\/toode\/invertergeneraator-itcpower-gg65ei\/\",\"url\":\"https:\/\/staging.genekas24.ee\/toode\/invertergeneraator-itcpower-gg65ei\/\",\"name\":\"ITCPOWER GG65Ei invertergeneraator 6000W 230V - Genekas24\",\"isPartOf\":{\"@id\":\"https:\/\/staging.genekas24.ee\/#website\"},\"primaryImageOfPage\":{\"@id\":\"https:\/\/staging.genekas24.ee\/toode\/invertergeneraator-itcpower-gg65ei\/#primaryimage\"},\"image\":{\"@id\":\"https:\/\/staging.genekas24.ee\/toode\/invertergeneraator-itcpower-gg65ei\/#primaryimage\"},\"thumbnailUrl\":\"https:\/\/staging.genekas24.ee\/wp-content\/uploads\/2025\/12\/71aJ84qzRSL._AC_SL1500_.jpg\",\"datePublished\":\"2025-12-22T09:54:43+00:00\",\"dateModified\":\"2025-12-31T08:43:51+00:00\",\"breadcrumb\":{\"@id\":\"https:\/\/staging.genekas24.ee\/toode\/invertergeneraator-itcpower-gg65ei\/#breadcrumb\"},\"inLanguage\":\"en-GB\",\"potentialAction\":[{\"@type\":\"ReadAction\",\"target\":[\"https:\/\/staging.genekas24.ee\/toode\/invertergeneraator-itcpower-gg65ei\/\"]}]},{\"@type\":\"ImageObject\",\"inLanguage\":\"en-GB\",\"@id\":\"https:\/\/staging.genekas24.ee\/toode\/invertergeneraator-itcpower-gg65ei\/#primaryimage\",\"url\":\"https:\/\/staging.genekas24.ee\/wp-content\/uploads\/2025\/12\/71aJ84qzRSL._AC_SL1500_.jpg\",\"contentUrl\":\"https:\/\/staging.genekas24.ee\/wp-content\/uploads\/2025\/12\/71aJ84qzRSL._AC_SL1500_.jpg\",\"width\":1186,\"height\":1093},{\"@type\":\"BreadcrumbList\",\"@id\":\"https:\/\/staging.genekas24.ee\/toode\/invertergeneraator-itcpower-gg65ei\/#breadcrumb\",\"itemListElement\":[{\"@type\":\"ListItem\",\"position\":1,\"name\":\"Home\",\"item\":\"https:\/\/staging.genekas24.ee\/\"},{\"@type\":\"ListItem\",\"position\":2,\"name\":\"Pood\",\"item\":\"https:\/\/staging.genekas24.ee\/pood\/\"},{\"@type\":\"ListItem\",\"position\":3,\"name\":\"ITCPOWER GG65Ei invertergeneraator 6000W 230V\"}]},{\"@type\":\"WebSite\",\"@id\":\"https:\/\/staging.genekas24.ee\/#website\",\"url\":\"https:\/\/staging.genekas24.ee\/\",\"name\":\"Genekas24\",\"description\":\"Generaatorid | K&ouml;nner S&ouml;hnen tooted | Genekas24\",\"publisher\":{\"@id\":\"https:\/\/staging.genekas24.ee\/#organization\"},\"potentialAction\":[{\"@type\":\"SearchAction\",\"target\":{\"@type\":\"EntryPoint\",\"urlTemplate\":\"https:\/\/staging.genekas24.ee\/?s={search_term_string}\"},\"query-input\":{\"@type\":\"PropertyValueSpecification\",\"valueRequired\":true,\"valueName\":\"search_term_string\"}}],\"inLanguage\":\"en-GB\"},{\"@type\":\"Organization\",\"@id\":\"https:\/\/staging.genekas24.ee\/#organization\",\"name\":\"Genekas24\",\"url\":\"https:\/\/staging.genekas24.ee\/\",\"logo\":{\"@type\":\"ImageObject\",\"inLanguage\":\"en-GB\",\"@id\":\"https:\/\/staging.genekas24.ee\/#\/schema\/logo\/image\/\",\"url\":\"https:\/\/staging.genekas24.ee\/wp-content\/uploads\/2026\/01\/genekas24-logo_black.svg\",\"contentUrl\":\"https:\/\/staging.genekas24.ee\/wp-content\/uploads\/2026\/01\/genekas24-logo_black.svg\",\"width\":840,\"height\":131,\"caption\":\"Genekas24\"},\"image\":{\"@id\":\"https:\/\/staging.genekas24.ee\/#\/schema\/logo\/image\/\"}}]}<\/script>\n<!-- \/ Yoast SEO plugin. -->","yoast_head_json":{"title":"ITCPOWER GG65Ei invertergeneraator 6000W 230V - Genekas24","robots":{"index":"index","follow":"follow","max-snippet":"max-snippet:-1","max-image-preview":"max-image-preview:large","max-video-preview":"max-video-preview:-1"},"canonical":"https:\/\/staging.genekas24.ee\/en\/product\/invertergeneraator-itcpower-gg65ei\/","og_locale":"en_GB","og_type":"article","og_title":"ITCPOWER GG65Ei invertergeneraator 6000W 230V - Genekas24","og_description":"Pidev v\u00f5imsus 6000 W\/6 kW (max. 28 A pidev)    Maks. V\u00f5imsus: 6500W\/6,5 kW    Sagedus 50Hz    Pinge 230V    Pistikupesade \u00fchendused 2x 16A + 1x 32A   Ekraan   Digitaalne      K\u00e4ivitus V\u00f5tmega k\u00e4ivitatav, k\u00e4ivitatav ka puldiga v\u00f5i ATS-iga (automaatne)    V\u00f5imsus 12V DC: 8,3A   K\u00fctusepaak   18,50L     K\u00fctusekulu   2,3 liitrit tunnis (75% koormusel)     K\u00e4ivitus   Elektriline \/ ATS     M\u00fcratase (7 meetrit)   65 dBA     V\u00f5imsus (A) 28A    Mootor 389cc \u2013 13hj, \u00f5hkjahutusega, 4-taktiline, OHV    \u00d5lipaagi maht   0,92 L \/ t\u00e4itke 15W40 \u00f5liga     \u00d5lialarm   Jah    \u00dclekoormuse indikaator Jah   Kaal 89 kg   M\u00f5\u00f5tmed 750 x 537 x 630 mm   K\u00fctus Bensiin    *** K\u00fctusekulu s\u00f5ltub paljudest teguritest: nagu koormus, k\u00fctuse kvaliteet, aastaaeg, k\u00f5rgus merepinnast, generaatori tehniline seisukord.","og_url":"https:\/\/staging.genekas24.ee\/en\/product\/invertergeneraator-itcpower-gg65ei\/","og_site_name":"Genekas24","article_modified_time":"2025-12-31T08:43:51+00:00","og_image":[{"width":1186,"height":1093,"url":"https:\/\/staging.genekas24.ee\/wp-content\/uploads\/2025\/12\/71aJ84qzRSL._AC_SL1500_.jpg","type":"image\/jpeg"}],"twitter_card":"summary_large_image","twitter_misc":{"Estimated reading time":"2 minutes"},"schema":{"@context":"https:\/\/schema.org","@graph":[{"@type":"WebPage","@id":"https:\/\/staging.genekas24.ee\/toode\/invertergeneraator-itcpower-gg65ei\/","url":"https:\/\/staging.genekas24.ee\/toode\/invertergeneraator-itcpower-gg65ei\/","name":"ITCPOWER GG65Ei invertergeneraator 6000W 230V - Genekas24","isPartOf":{"@id":"https:\/\/staging.genekas24.ee\/#website"},"primaryImageOfPage":{"@id":"https:\/\/staging.genekas24.ee\/toode\/invertergeneraator-itcpower-gg65ei\/#primaryimage"},"image":{"@id":"https:\/\/staging.genekas24.ee\/toode\/invertergeneraator-itcpower-gg65ei\/#primaryimage"},"thumbnailUrl":"https:\/\/staging.genekas24.ee\/wp-content\/uploads\/2025\/12\/71aJ84qzRSL._AC_SL1500_.jpg","datePublished":"2025-12-22T09:54:43+00:00","dateModified":"2025-12-31T08:43:51+00:00","breadcrumb":{"@id":"https:\/\/staging.genekas24.ee\/toode\/invertergeneraator-itcpower-gg65ei\/#breadcrumb"},"inLanguage":"en-GB","potentialAction":[{"@type":"ReadAction","target":["https:\/\/staging.genekas24.ee\/toode\/invertergeneraator-itcpower-gg65ei\/"]}]},{"@type":"ImageObject","inLanguage":"en-GB","@id":"https:\/\/staging.genekas24.ee\/toode\/invertergeneraator-itcpower-gg65ei\/#primaryimage","url":"https:\/\/staging.genekas24.ee\/wp-content\/uploads\/2025\/12\/71aJ84qzRSL._AC_SL1500_.jpg","contentUrl":"https:\/\/staging.genekas24.ee\/wp-content\/uploads\/2025\/12\/71aJ84qzRSL._AC_SL1500_.jpg","width":1186,"height":1093},{"@type":"BreadcrumbList","@id":"https:\/\/staging.genekas24.ee\/toode\/invertergeneraator-itcpower-gg65ei\/#breadcrumb","itemListElement":[{"@type":"ListItem","position":1,"name":"Home","item":"https:\/\/staging.genekas24.ee\/"},{"@type":"ListItem","position":2,"name":"Pood","item":"https:\/\/staging.genekas24.ee\/pood\/"},{"@type":"ListItem","position":3,"name":"ITCPOWER GG65Ei invertergeneraator 6000W 230V"}]},{"@type":"WebSite","@id":"https:\/\/staging.genekas24.ee\/#website","url":"https:\/\/staging.genekas24.ee\/","name":"Genekas24","description":"Generaatorid | K&ouml;nner S&ouml;hnen tooted | Genekas24","publisher":{"@id":"https:\/\/staging.genekas24.ee\/#organization"},"potentialAction":[{"@type":"SearchAction","target":{"@type":"EntryPoint","urlTemplate":"https:\/\/staging.genekas24.ee\/?s={search_term_string}"},"query-input":{"@type":"PropertyValueSpecification","valueRequired":true,"valueName":"search_term_string"}}],"inLanguage":"en-GB"},{"@type":"Organization","@id":"https:\/\/staging.genekas24.ee\/#organization","name":"Genekas24","url":"https:\/\/staging.genekas24.ee\/","logo":{"@type":"ImageObject","inLanguage":"en-GB","@id":"https:\/\/staging.genekas24.ee\/#\/schema\/logo\/image\/","url":"https:\/\/staging.genekas24.ee\/wp-content\/uploads\/2026\/01\/genekas24-logo_black.svg","contentUrl":"https:\/\/staging.genekas24.ee\/wp-content\/uploads\/2026\/01\/genekas24-logo_black.svg","width":840,"height":131,"caption":"Genekas24"},"image":{"@id":"https:\/\/staging.genekas24.ee\/#\/schema\/logo\/image\/"}}]}},"_links":{"self":[{"href":"https:\/\/staging.genekas24.ee\/en\/wp-json\/wp\/v2\/product\/21588","targetHints":{"allow":["GET"]}}],"collection":[{"href":"https:\/\/staging.genekas24.ee\/en\/wp-json\/wp\/v2\/product"}],"about":[{"href":"https:\/\/staging.genekas24.ee\/en\/wp-json\/wp\/v2\/types\/product"}],"version-history":[{"count":2,"href":"https:\/\/staging.genekas24.ee\/en\/wp-json\/wp\/v2\/product\/21588\/revisions"}],"predecessor-version":[{"id":21766,"href":"https:\/\/staging.genekas24.ee\/en\/wp-json\/wp\/v2\/product\/21588\/revisions\/21766"}],"wp:featuredmedia":[{"embeddable":true,"href":"https:\/\/staging.genekas24.ee\/en\/wp-json\/wp\/v2\/media\/21595"}],"wp:attachment":[{"href":"https:\/\/staging.genekas24.ee\/en\/wp-json\/wp\/v2\/media?parent=21588"}],"wp:term":[{"taxonomy":"product_brand","embeddable":true,"href":"https:\/\/staging.genekas24.ee\/en\/wp-json\/wp\/v2\/product_brand?post=21588"},{"taxonomy":"product_cat","embeddable":true,"href":"https:\/\/staging.genekas24.ee\/en\/wp-json\/wp\/v2\/product_cat?post=21588"},{"taxonomy":"product_tag","embeddable":true,"href":"https:\/\/staging.genekas24.ee\/en\/wp-json\/wp\/v2\/product_tag?post=21588"}],"curies":[{"name":"wp","href":"https:\/\/api.w.org\/{rel}","templated":true}]}}