{"id":21544,"date":"2025-12-18T08:38:14","date_gmt":"2025-12-18T08:38:14","guid":{"rendered":"https:\/\/staging.genekas24.ee\/?post_type=product&#038;p=21544"},"modified":"2025-12-18T09:11:11","modified_gmt":"2025-12-18T09:11:11","slug":"kettsae-juhtplaat-ks-188thk095","status":"publish","type":"product","link":"https:\/\/staging.genekas24.ee\/en\/product\/kettsae-juhtplaat-ks-188thk095\/","title":{"rendered":"Kettsae juhtplaat KS 188THK095"},"content":{"rendered":"<p>K\u00f6nner &amp; S\u00f6hnen\u00ae kettsae juhtplaat on ideaalne koduseks kasutamiseks, n\u00e4iteks k\u00fcttepuude ettevalmistamiseks, aiat\u00f6\u00f6deks, puude ja p\u00f5\u00f5saste p\u00fcgamiseks, ehitus- ja remondit\u00f6\u00f6deks.<\/p>\n<p>Kettsae juhtplaadi korpus koosneb kolmest keevitatud metallplaadist. Suur l\u00f5ige keskmises plaadis tagab k\u00f5rge stabiilsuse. Juhtplaadil on lihtne disain, mis muudab selle kiireks ja lihtsaks paigaldamiseks sobivale saele. Valmistatud parimatest materjalidest, tagab juhtplaat teile palju aastaid probleemivaba kasutust.<\/p>","protected":false},"excerpt":{"rendered":"<table>\n<tbody>\n<tr>\n<td>Pikkus, cm<\/td>\n<td>45 (18&#8243;)<\/td>\n<\/tr>\n<tr>\n<td>Keti veohambad<\/td>\n<td><\/td>\n<\/tr>\n<tr>\n<td>Keti samm<\/td>\n<td>0.325&#8243;<\/td>\n<\/tr>\n<tr>\n<td>Soone laius, mm<\/td>\n<td>1.5 (.058&#8243;)<\/td>\n<\/tr>\n<tr>\n<td>Sobib<\/td>\n<td>KS CS31G-18<\/td>\n<\/tr>\n<tr>\n<td>SKU<\/td>\n<td>KS 188THK095<\/td>\n<\/tr>\n<tr>\n<td>V\u00f6\u00f6tkood<\/td>\n<td>4260405367832<\/td>\n<\/tr>\n<\/tbody>\n<\/table>\n<div class=\"below-spec-info\">\n<div class=\"metafield-rich_text_field\">\n<p><span style=\"font-size: 10pt;\"><em>Enne tellimist veenduge, et teie t\u00f6\u00f6riista mudeliga on t\u00e4ielik \u00fchilduvus, v\u00f5rrelge spetsifikatsioone nagu ketisamm, ketipikkus ja muud parameetrid.<\/em><\/span><\/p>\n<\/div>\n<\/div>","protected":false},"featured_media":21545,"template":"","meta":{"_acf_changed":false,"inline_featured_image":false},"product_brand":[],"product_cat":[159,182,186],"product_tag":[],"class_list":{"0":"post-21544","1":"product","2":"type-product","3":"status-publish","4":"has-post-thumbnail","6":"product_cat-aiatooriistad","7":"product_cat-saed","8":"product_cat-saetarvikud","9":"product_shipping_class-vaikepakk","10":"brand-konner-sohnen","12":"first","13":"instock","14":"taxable","15":"shipping-taxable","16":"purchasable","17":"product-type-simple"},"acf":[],"yoast_head":"<!-- This site is optimized with the Yoast SEO plugin v26.2 - https:\/\/yoast.com\/wordpress\/plugins\/seo\/ -->\n<title>Kettsae juhtplaat KS 188THK095 - Genekas24<\/title>\n<meta name=\"robots\" content=\"index, follow, max-snippet:-1, max-image-preview:large, max-video-preview:-1\" \/>\n<link rel=\"canonical\" href=\"https:\/\/staging.genekas24.ee\/en\/product\/kettsae-juhtplaat-ks-188thk095\/\" \/>\n<meta property=\"og:locale\" content=\"en_GB\" \/>\n<meta property=\"og:type\" content=\"article\" \/>\n<meta property=\"og:title\" content=\"Kettsae juhtplaat KS 188THK095 - Genekas24\" \/>\n<meta property=\"og:description\" content=\"Pikkus, cm 45 (18&quot;)   Keti veohambad    Keti samm 0.325&quot;   Soone laius, mm 1.5 (.058&quot;)   Sobib KS CS31G-18   SKU KS 188THK095   V\u00f6\u00f6tkood 4260405367832       Enne tellimist veenduge, et teie t\u00f6\u00f6riista mudeliga on t\u00e4ielik \u00fchilduvus, v\u00f5rrelge spetsifikatsioone nagu ketisamm, ketipikkus ja muud parameetrid.\" \/>\n<meta property=\"og:url\" content=\"https:\/\/staging.genekas24.ee\/en\/product\/kettsae-juhtplaat-ks-188thk095\/\" \/>\n<meta property=\"og:site_name\" content=\"Genekas24\" \/>\n<meta property=\"article:modified_time\" content=\"2025-12-18T09:11:11+00:00\" \/>\n<meta property=\"og:image\" content=\"https:\/\/staging.genekas24.ee\/wp-content\/uploads\/2025\/12\/bar-18-ks-188thk095-1.webp\" \/>\n\t<meta property=\"og:image:width\" content=\"1600\" \/>\n\t<meta property=\"og:image:height\" content=\"1600\" \/>\n\t<meta property=\"og:image:type\" content=\"image\/webp\" \/>\n<meta name=\"twitter:card\" content=\"summary_large_image\" \/>\n<meta name=\"twitter:label1\" content=\"Estimated reading time\" \/>\n\t<meta name=\"twitter:data1\" content=\"1 minute\" \/>\n<script type=\"application\/ld+json\" class=\"yoast-schema-graph\">{\"@context\":\"https:\/\/schema.org\",\"@graph\":[{\"@type\":\"WebPage\",\"@id\":\"https:\/\/staging.genekas24.ee\/toode\/kettsae-juhtplaat-ks-188thk095\/\",\"url\":\"https:\/\/staging.genekas24.ee\/toode\/kettsae-juhtplaat-ks-188thk095\/\",\"name\":\"Kettsae juhtplaat KS 188THK095 - Genekas24\",\"isPartOf\":{\"@id\":\"https:\/\/staging.genekas24.ee\/#website\"},\"primaryImageOfPage\":{\"@id\":\"https:\/\/staging.genekas24.ee\/toode\/kettsae-juhtplaat-ks-188thk095\/#primaryimage\"},\"image\":{\"@id\":\"https:\/\/staging.genekas24.ee\/toode\/kettsae-juhtplaat-ks-188thk095\/#primaryimage\"},\"thumbnailUrl\":\"https:\/\/staging.genekas24.ee\/wp-content\/uploads\/2025\/12\/bar-18-ks-188thk095-1.webp\",\"datePublished\":\"2025-12-18T08:38:14+00:00\",\"dateModified\":\"2025-12-18T09:11:11+00:00\",\"breadcrumb\":{\"@id\":\"https:\/\/staging.genekas24.ee\/toode\/kettsae-juhtplaat-ks-188thk095\/#breadcrumb\"},\"inLanguage\":\"en-GB\",\"potentialAction\":[{\"@type\":\"ReadAction\",\"target\":[\"https:\/\/staging.genekas24.ee\/toode\/kettsae-juhtplaat-ks-188thk095\/\"]}]},{\"@type\":\"ImageObject\",\"inLanguage\":\"en-GB\",\"@id\":\"https:\/\/staging.genekas24.ee\/toode\/kettsae-juhtplaat-ks-188thk095\/#primaryimage\",\"url\":\"https:\/\/staging.genekas24.ee\/wp-content\/uploads\/2025\/12\/bar-18-ks-188thk095-1.webp\",\"contentUrl\":\"https:\/\/staging.genekas24.ee\/wp-content\/uploads\/2025\/12\/bar-18-ks-188thk095-1.webp\",\"width\":1600,\"height\":1600},{\"@type\":\"BreadcrumbList\",\"@id\":\"https:\/\/staging.genekas24.ee\/toode\/kettsae-juhtplaat-ks-188thk095\/#breadcrumb\",\"itemListElement\":[{\"@type\":\"ListItem\",\"position\":1,\"name\":\"Home\",\"item\":\"https:\/\/staging.genekas24.ee\/\"},{\"@type\":\"ListItem\",\"position\":2,\"name\":\"Pood\",\"item\":\"https:\/\/staging.genekas24.ee\/pood\/\"},{\"@type\":\"ListItem\",\"position\":3,\"name\":\"Kettsae juhtplaat KS 188THK095\"}]},{\"@type\":\"WebSite\",\"@id\":\"https:\/\/staging.genekas24.ee\/#website\",\"url\":\"https:\/\/staging.genekas24.ee\/\",\"name\":\"Genekas24\",\"description\":\"Generaatorid | K&ouml;nner S&ouml;hnen tooted | Genekas24\",\"publisher\":{\"@id\":\"https:\/\/staging.genekas24.ee\/#organization\"},\"potentialAction\":[{\"@type\":\"SearchAction\",\"target\":{\"@type\":\"EntryPoint\",\"urlTemplate\":\"https:\/\/staging.genekas24.ee\/?s={search_term_string}\"},\"query-input\":{\"@type\":\"PropertyValueSpecification\",\"valueRequired\":true,\"valueName\":\"search_term_string\"}}],\"inLanguage\":\"en-GB\"},{\"@type\":\"Organization\",\"@id\":\"https:\/\/staging.genekas24.ee\/#organization\",\"name\":\"Genekas24\",\"url\":\"https:\/\/staging.genekas24.ee\/\",\"logo\":{\"@type\":\"ImageObject\",\"inLanguage\":\"en-GB\",\"@id\":\"https:\/\/staging.genekas24.ee\/#\/schema\/logo\/image\/\",\"url\":\"https:\/\/staging.genekas24.ee\/wp-content\/uploads\/2026\/01\/genekas24-logo_black.svg\",\"contentUrl\":\"https:\/\/staging.genekas24.ee\/wp-content\/uploads\/2026\/01\/genekas24-logo_black.svg\",\"width\":840,\"height\":131,\"caption\":\"Genekas24\"},\"image\":{\"@id\":\"https:\/\/staging.genekas24.ee\/#\/schema\/logo\/image\/\"}}]}<\/script>\n<!-- \/ Yoast SEO plugin. -->","yoast_head_json":{"title":"Kettsae juhtplaat KS 188THK095 - Genekas24","robots":{"index":"index","follow":"follow","max-snippet":"max-snippet:-1","max-image-preview":"max-image-preview:large","max-video-preview":"max-video-preview:-1"},"canonical":"https:\/\/staging.genekas24.ee\/en\/product\/kettsae-juhtplaat-ks-188thk095\/","og_locale":"en_GB","og_type":"article","og_title":"Kettsae juhtplaat KS 188THK095 - Genekas24","og_description":"Pikkus, cm 45 (18\")   Keti veohambad    Keti samm 0.325\"   Soone laius, mm 1.5 (.058\")   Sobib KS CS31G-18   SKU KS 188THK095   V\u00f6\u00f6tkood 4260405367832       Enne tellimist veenduge, et teie t\u00f6\u00f6riista mudeliga on t\u00e4ielik \u00fchilduvus, v\u00f5rrelge spetsifikatsioone nagu ketisamm, ketipikkus ja muud parameetrid.","og_url":"https:\/\/staging.genekas24.ee\/en\/product\/kettsae-juhtplaat-ks-188thk095\/","og_site_name":"Genekas24","article_modified_time":"2025-12-18T09:11:11+00:00","og_image":[{"width":1600,"height":1600,"url":"https:\/\/staging.genekas24.ee\/wp-content\/uploads\/2025\/12\/bar-18-ks-188thk095-1.webp","type":"image\/webp"}],"twitter_card":"summary_large_image","twitter_misc":{"Estimated reading time":"1 minute"},"schema":{"@context":"https:\/\/schema.org","@graph":[{"@type":"WebPage","@id":"https:\/\/staging.genekas24.ee\/toode\/kettsae-juhtplaat-ks-188thk095\/","url":"https:\/\/staging.genekas24.ee\/toode\/kettsae-juhtplaat-ks-188thk095\/","name":"Kettsae juhtplaat KS 188THK095 - Genekas24","isPartOf":{"@id":"https:\/\/staging.genekas24.ee\/#website"},"primaryImageOfPage":{"@id":"https:\/\/staging.genekas24.ee\/toode\/kettsae-juhtplaat-ks-188thk095\/#primaryimage"},"image":{"@id":"https:\/\/staging.genekas24.ee\/toode\/kettsae-juhtplaat-ks-188thk095\/#primaryimage"},"thumbnailUrl":"https:\/\/staging.genekas24.ee\/wp-content\/uploads\/2025\/12\/bar-18-ks-188thk095-1.webp","datePublished":"2025-12-18T08:38:14+00:00","dateModified":"2025-12-18T09:11:11+00:00","breadcrumb":{"@id":"https:\/\/staging.genekas24.ee\/toode\/kettsae-juhtplaat-ks-188thk095\/#breadcrumb"},"inLanguage":"en-GB","potentialAction":[{"@type":"ReadAction","target":["https:\/\/staging.genekas24.ee\/toode\/kettsae-juhtplaat-ks-188thk095\/"]}]},{"@type":"ImageObject","inLanguage":"en-GB","@id":"https:\/\/staging.genekas24.ee\/toode\/kettsae-juhtplaat-ks-188thk095\/#primaryimage","url":"https:\/\/staging.genekas24.ee\/wp-content\/uploads\/2025\/12\/bar-18-ks-188thk095-1.webp","contentUrl":"https:\/\/staging.genekas24.ee\/wp-content\/uploads\/2025\/12\/bar-18-ks-188thk095-1.webp","width":1600,"height":1600},{"@type":"BreadcrumbList","@id":"https:\/\/staging.genekas24.ee\/toode\/kettsae-juhtplaat-ks-188thk095\/#breadcrumb","itemListElement":[{"@type":"ListItem","position":1,"name":"Home","item":"https:\/\/staging.genekas24.ee\/"},{"@type":"ListItem","position":2,"name":"Pood","item":"https:\/\/staging.genekas24.ee\/pood\/"},{"@type":"ListItem","position":3,"name":"Kettsae juhtplaat KS 188THK095"}]},{"@type":"WebSite","@id":"https:\/\/staging.genekas24.ee\/#website","url":"https:\/\/staging.genekas24.ee\/","name":"Genekas24","description":"Generaatorid | K&ouml;nner S&ouml;hnen tooted | Genekas24","publisher":{"@id":"https:\/\/staging.genekas24.ee\/#organization"},"potentialAction":[{"@type":"SearchAction","target":{"@type":"EntryPoint","urlTemplate":"https:\/\/staging.genekas24.ee\/?s={search_term_string}"},"query-input":{"@type":"PropertyValueSpecification","valueRequired":true,"valueName":"search_term_string"}}],"inLanguage":"en-GB"},{"@type":"Organization","@id":"https:\/\/staging.genekas24.ee\/#organization","name":"Genekas24","url":"https:\/\/staging.genekas24.ee\/","logo":{"@type":"ImageObject","inLanguage":"en-GB","@id":"https:\/\/staging.genekas24.ee\/#\/schema\/logo\/image\/","url":"https:\/\/staging.genekas24.ee\/wp-content\/uploads\/2026\/01\/genekas24-logo_black.svg","contentUrl":"https:\/\/staging.genekas24.ee\/wp-content\/uploads\/2026\/01\/genekas24-logo_black.svg","width":840,"height":131,"caption":"Genekas24"},"image":{"@id":"https:\/\/staging.genekas24.ee\/#\/schema\/logo\/image\/"}}]}},"_links":{"self":[{"href":"https:\/\/staging.genekas24.ee\/en\/wp-json\/wp\/v2\/product\/21544","targetHints":{"allow":["GET"]}}],"collection":[{"href":"https:\/\/staging.genekas24.ee\/en\/wp-json\/wp\/v2\/product"}],"about":[{"href":"https:\/\/staging.genekas24.ee\/en\/wp-json\/wp\/v2\/types\/product"}],"version-history":[{"count":3,"href":"https:\/\/staging.genekas24.ee\/en\/wp-json\/wp\/v2\/product\/21544\/revisions"}],"predecessor-version":[{"id":21576,"href":"https:\/\/staging.genekas24.ee\/en\/wp-json\/wp\/v2\/product\/21544\/revisions\/21576"}],"wp:featuredmedia":[{"embeddable":true,"href":"https:\/\/staging.genekas24.ee\/en\/wp-json\/wp\/v2\/media\/21545"}],"wp:attachment":[{"href":"https:\/\/staging.genekas24.ee\/en\/wp-json\/wp\/v2\/media?parent=21544"}],"wp:term":[{"taxonomy":"product_brand","embeddable":true,"href":"https:\/\/staging.genekas24.ee\/en\/wp-json\/wp\/v2\/product_brand?post=21544"},{"taxonomy":"product_cat","embeddable":true,"href":"https:\/\/staging.genekas24.ee\/en\/wp-json\/wp\/v2\/product_cat?post=21544"},{"taxonomy":"product_tag","embeddable":true,"href":"https:\/\/staging.genekas24.ee\/en\/wp-json\/wp\/v2\/product_tag?post=21544"}],"curies":[{"name":"wp","href":"https:\/\/api.w.org\/{rel}","templated":true}]}}