{"id":21500,"date":"2025-12-17T12:16:51","date_gmt":"2025-12-17T12:16:51","guid":{"rendered":"https:\/\/staging.genekas24.ee\/?post_type=product&#038;p=21500"},"modified":"2026-01-07T09:20:58","modified_gmt":"2026-01-07T09:20:58","slug":"laadija-20v-liitiumakule-ks-c24a","status":"publish","type":"product","link":"https:\/\/staging.genekas24.ee\/en\/product\/laadija-20v-liitiumakule-ks-c24a\/","title":{"rendered":"Laadija 20V liitiumakule KS C24A"},"content":{"rendered":"<div class=\"accu-top-text\">\n<div class=\"metafield-rich_text_field\">\n<p>K\u00f6nner &amp; S\u00f6hnen\u00ae akulaadijad tagavad t\u00f6\u00f6 ajal stabiilse voolu ja kaitsevad akut kahjustuste eest. Need laadijad on varustatud LED-indikaatoritega, mis n\u00e4itavad aku laetuse olekut.<\/p>\n<\/div>\n<\/div>\n<div class=\"accu-image\"><img fetchpriority=\"high\" decoding=\"async\" class=\"aligncenter\" src=\"https:\/\/konner-sohnen.ee\/cdn\/shop\/files\/one-battery-en.png?v=1723486305&amp;width=1920\" srcset=\"\/\/konner-sohnen.ee\/cdn\/shop\/files\/one-battery-en.png?v=1723486305&amp;width=352 352w, \/\/konner-sohnen.ee\/cdn\/shop\/files\/one-battery-en.png?v=1723486305&amp;width=832 832w, \/\/konner-sohnen.ee\/cdn\/shop\/files\/one-battery-en.png?v=1723486305&amp;width=1200 1200w, \/\/konner-sohnen.ee\/cdn\/shop\/files\/one-battery-en.png?v=1723486305&amp;width=1920 1920w\" alt=\"\" width=\"970\" height=\"92\" \/><\/div>\n<div class=\"accu-custom-list\">\n<div class=\"accu-custom-list-left\">\n<div class=\"accu-custom-list-title\">\n<p>FINANTSILINE KASU<\/p>\n<\/div>\n<p>M\u00e4rkimisv\u00e4\u00e4rne osa akutoitel t\u00f6\u00f6riistade maksumusest on seotud akudega. V\u00f5imalus kasutada sama akut mitme t\u00f6\u00f6riista jaoks tagab m\u00e4rkimisv\u00e4\u00e4rse kulude kokkuhoiu. K\u00f6nner &amp; S\u00f6hnen\u00ae universaalsed akud on \u00fchilduvad k\u00f5igi meie kaubam\u00e4rgi akutoitel aiat\u00f6\u00f6riistadega. Seet\u00f5ttu peavad kasutajad ostma ainult \u00fche soovitud mahutavusega aku ja laadimisseadme ning seej\u00e4rel saavad neid kasutada mis tahes meie seeria akutoitel t\u00f6\u00f6riistaga.<\/p>\n<\/div>\n<div class=\"accu-custom-list-right\">\n<div class=\"accu-custom-list-title\">\n<p>MUGAVUS T\u00d6\u00d6 K\u00c4IGUS<\/p>\n<\/div>\n<p>\u00dche aku kasutamine mitme t\u00f6\u00f6riista jaoks lihtsustab oluliselt t\u00f6\u00f6protsessi, s\u00e4\u00e4stab aega ja v\u00e4hendab t\u00f6\u00f6katkestusi. Pole vaja liigutada, hoiustada ega j\u00e4lgida erinevate akude laetuse olekut. Kui teil on mitu \u00fclesannet, v\u00f5tke lihtsalt \u00fcks aku kaasa ja kasutage seda erinevate t\u00f6\u00f6riistadega. Akudeta seadmed on palju kergemad, suurendades t\u00f6\u00f6 mugavust.<\/p>\n<\/div>\n<\/div>\n<div class=\"accu-custom-bottom-text custom-description-rich-text\">\n<div class=\"metafield-rich_text_field\">\n<p><strong>MULTI-LEVEL PROTECTION AGAINST:<\/strong><\/p>\n<ul>\n<li>\u00dclelaadimise kaitse<\/li>\n<li>\u00dcle- ja alalaadimise kaitse<\/li>\n<li>L\u00fchise kaitse<\/li>\n<li>\u00dclekoormuse kaitse<\/li>\n<li>\u00dcle-\/alakaitse pinge eest<\/li>\n<li>\u00dcletemperatuuri kaitse<\/li>\n<\/ul>\n<\/div>\n<\/div>","protected":false},"excerpt":{"rendered":"<table>\n<tbody>\n<tr>\n<td>Rated voltage, V<\/td>\n<td>230<\/td>\n<\/tr>\n<tr>\n<td>Frequency, Hz<\/td>\n<td>50<\/td>\n<\/tr>\n<tr>\n<td>Nominaalne v\u00e4ljundpinge, V<\/td>\n<td>21.5<\/td>\n<\/tr>\n<tr>\n<td>Nominal output current, A<\/td>\n<td>2.4<\/td>\n<\/tr>\n<tr>\n<td>Protection class<\/td>\n<td>II<\/td>\n<\/tr>\n<tr>\n<td>\u00dcldm\u00f5\u00f5tmed (PxLxK), mm<\/td>\n<td>170\u00d785\u00d7115<\/td>\n<\/tr>\n<tr>\n<td>Net weight, kg<\/td>\n<td>0.42<\/td>\n<\/tr>\n<tr>\n<td>Kogukaal, kg<\/td>\n<td>0.44<\/td>\n<\/tr>\n<tr>\n<td>SKU<\/td>\n<td>KS C24A<\/td>\n<\/tr>\n<tr>\n<td>V\u00f6\u00f6tkood<\/td>\n<td>4260405367252<\/td>\n<\/tr>\n<\/tbody>\n<\/table>","protected":false},"featured_media":21501,"template":"","meta":{"_acf_changed":false,"inline_featured_image":false},"product_brand":[],"product_cat":[159,199,182,186,114],"product_tag":[],"class_list":{"0":"post-21500","1":"product","2":"type-product","3":"status-publish","4":"has-post-thumbnail","6":"product_cat-aiatooriistad","7":"product_cat-akud-ja-akulaadijad","8":"product_cat-saed","9":"product_cat-saetarvikud","10":"product_cat-uncategorized-2","11":"product_shipping_class-vaikepakk","13":"first","14":"instock","15":"taxable","16":"shipping-taxable","17":"purchasable","18":"product-type-simple"},"acf":[],"yoast_head":"<!-- This site is optimized with the Yoast SEO plugin v26.2 - https:\/\/yoast.com\/wordpress\/plugins\/seo\/ -->\n<title>Laadija 20V liitiumakule KS C24A - Genekas24<\/title>\n<meta name=\"robots\" content=\"index, follow, max-snippet:-1, max-image-preview:large, max-video-preview:-1\" \/>\n<link rel=\"canonical\" href=\"https:\/\/staging.genekas24.ee\/en\/product\/laadija-20v-liitiumakule-ks-c24a\/\" \/>\n<meta property=\"og:locale\" content=\"en_GB\" \/>\n<meta property=\"og:type\" content=\"article\" \/>\n<meta property=\"og:title\" content=\"Laadija 20V liitiumakule KS C24A - Genekas24\" \/>\n<meta property=\"og:description\" content=\"Nimipinge, V 230   Sagedus, Hz 50   Nominaalne v\u00e4ljundpinge, V 21.5   Nominaalne v\u00e4ljundvool, A 2.4   Kaitseklass II   \u00dcldm\u00f5\u00f5tmed (PxLxK), mm 170\u00d785\u00d7115   Netokaal, kg 0.42   Kogukaal, kg 0.44   SKU KS C24A   V\u00f6\u00f6tkood 4260405367252\" \/>\n<meta property=\"og:url\" content=\"https:\/\/staging.genekas24.ee\/en\/product\/laadija-20v-liitiumakule-ks-c24a\/\" \/>\n<meta property=\"og:site_name\" content=\"Genekas24\" \/>\n<meta property=\"article:modified_time\" content=\"2026-01-07T09:20:58+00:00\" \/>\n<meta property=\"og:image\" content=\"https:\/\/staging.genekas24.ee\/wp-content\/uploads\/2025\/12\/KS_C24A_1-1.webp\" \/>\n\t<meta property=\"og:image:width\" content=\"1600\" \/>\n\t<meta property=\"og:image:height\" content=\"921\" \/>\n\t<meta property=\"og:image:type\" content=\"image\/webp\" \/>\n<meta name=\"twitter:card\" content=\"summary_large_image\" \/>\n<meta name=\"twitter:label1\" content=\"Estimated reading time\" \/>\n\t<meta name=\"twitter:data1\" content=\"2 minutes\" \/>\n<script type=\"application\/ld+json\" class=\"yoast-schema-graph\">{\"@context\":\"https:\/\/schema.org\",\"@graph\":[{\"@type\":\"WebPage\",\"@id\":\"https:\/\/staging.genekas24.ee\/toode\/laadija-20v-liitiumakule-ks-c24a\/\",\"url\":\"https:\/\/staging.genekas24.ee\/toode\/laadija-20v-liitiumakule-ks-c24a\/\",\"name\":\"Laadija 20V liitiumakule KS C24A - Genekas24\",\"isPartOf\":{\"@id\":\"https:\/\/staging.genekas24.ee\/#website\"},\"primaryImageOfPage\":{\"@id\":\"https:\/\/staging.genekas24.ee\/toode\/laadija-20v-liitiumakule-ks-c24a\/#primaryimage\"},\"image\":{\"@id\":\"https:\/\/staging.genekas24.ee\/toode\/laadija-20v-liitiumakule-ks-c24a\/#primaryimage\"},\"thumbnailUrl\":\"https:\/\/staging.genekas24.ee\/wp-content\/uploads\/2025\/12\/KS_C24A_1-1.webp\",\"datePublished\":\"2025-12-17T12:16:51+00:00\",\"dateModified\":\"2026-01-07T09:20:58+00:00\",\"breadcrumb\":{\"@id\":\"https:\/\/staging.genekas24.ee\/toode\/laadija-20v-liitiumakule-ks-c24a\/#breadcrumb\"},\"inLanguage\":\"en-GB\",\"potentialAction\":[{\"@type\":\"ReadAction\",\"target\":[\"https:\/\/staging.genekas24.ee\/toode\/laadija-20v-liitiumakule-ks-c24a\/\"]}]},{\"@type\":\"ImageObject\",\"inLanguage\":\"en-GB\",\"@id\":\"https:\/\/staging.genekas24.ee\/toode\/laadija-20v-liitiumakule-ks-c24a\/#primaryimage\",\"url\":\"https:\/\/staging.genekas24.ee\/wp-content\/uploads\/2025\/12\/KS_C24A_1-1.webp\",\"contentUrl\":\"https:\/\/staging.genekas24.ee\/wp-content\/uploads\/2025\/12\/KS_C24A_1-1.webp\",\"width\":1600,\"height\":921},{\"@type\":\"BreadcrumbList\",\"@id\":\"https:\/\/staging.genekas24.ee\/toode\/laadija-20v-liitiumakule-ks-c24a\/#breadcrumb\",\"itemListElement\":[{\"@type\":\"ListItem\",\"position\":1,\"name\":\"Home\",\"item\":\"https:\/\/staging.genekas24.ee\/\"},{\"@type\":\"ListItem\",\"position\":2,\"name\":\"Pood\",\"item\":\"https:\/\/staging.genekas24.ee\/pood\/\"},{\"@type\":\"ListItem\",\"position\":3,\"name\":\"Laadija 20V liitiumakule KS C24A\"}]},{\"@type\":\"WebSite\",\"@id\":\"https:\/\/staging.genekas24.ee\/#website\",\"url\":\"https:\/\/staging.genekas24.ee\/\",\"name\":\"Genekas24\",\"description\":\"Generaatorid | K&ouml;nner S&ouml;hnen tooted | Genekas24\",\"publisher\":{\"@id\":\"https:\/\/staging.genekas24.ee\/#organization\"},\"potentialAction\":[{\"@type\":\"SearchAction\",\"target\":{\"@type\":\"EntryPoint\",\"urlTemplate\":\"https:\/\/staging.genekas24.ee\/?s={search_term_string}\"},\"query-input\":{\"@type\":\"PropertyValueSpecification\",\"valueRequired\":true,\"valueName\":\"search_term_string\"}}],\"inLanguage\":\"en-GB\"},{\"@type\":\"Organization\",\"@id\":\"https:\/\/staging.genekas24.ee\/#organization\",\"name\":\"Genekas24\",\"url\":\"https:\/\/staging.genekas24.ee\/\",\"logo\":{\"@type\":\"ImageObject\",\"inLanguage\":\"en-GB\",\"@id\":\"https:\/\/staging.genekas24.ee\/#\/schema\/logo\/image\/\",\"url\":\"https:\/\/staging.genekas24.ee\/wp-content\/uploads\/2026\/01\/genekas24-logo_black.svg\",\"contentUrl\":\"https:\/\/staging.genekas24.ee\/wp-content\/uploads\/2026\/01\/genekas24-logo_black.svg\",\"width\":840,\"height\":131,\"caption\":\"Genekas24\"},\"image\":{\"@id\":\"https:\/\/staging.genekas24.ee\/#\/schema\/logo\/image\/\"}}]}<\/script>\n<!-- \/ Yoast SEO plugin. -->","yoast_head_json":{"title":"Laadija 20V liitiumakule KS C24A - Genekas24","robots":{"index":"index","follow":"follow","max-snippet":"max-snippet:-1","max-image-preview":"max-image-preview:large","max-video-preview":"max-video-preview:-1"},"canonical":"https:\/\/staging.genekas24.ee\/en\/product\/laadija-20v-liitiumakule-ks-c24a\/","og_locale":"en_GB","og_type":"article","og_title":"Laadija 20V liitiumakule KS C24A - Genekas24","og_description":"Nimipinge, V 230   Sagedus, Hz 50   Nominaalne v\u00e4ljundpinge, V 21.5   Nominaalne v\u00e4ljundvool, A 2.4   Kaitseklass II   \u00dcldm\u00f5\u00f5tmed (PxLxK), mm 170\u00d785\u00d7115   Netokaal, kg 0.42   Kogukaal, kg 0.44   SKU KS C24A   V\u00f6\u00f6tkood 4260405367252","og_url":"https:\/\/staging.genekas24.ee\/en\/product\/laadija-20v-liitiumakule-ks-c24a\/","og_site_name":"Genekas24","article_modified_time":"2026-01-07T09:20:58+00:00","og_image":[{"width":1600,"height":921,"url":"https:\/\/staging.genekas24.ee\/wp-content\/uploads\/2025\/12\/KS_C24A_1-1.webp","type":"image\/webp"}],"twitter_card":"summary_large_image","twitter_misc":{"Estimated reading time":"2 minutes"},"schema":{"@context":"https:\/\/schema.org","@graph":[{"@type":"WebPage","@id":"https:\/\/staging.genekas24.ee\/toode\/laadija-20v-liitiumakule-ks-c24a\/","url":"https:\/\/staging.genekas24.ee\/toode\/laadija-20v-liitiumakule-ks-c24a\/","name":"Laadija 20V liitiumakule KS C24A - Genekas24","isPartOf":{"@id":"https:\/\/staging.genekas24.ee\/#website"},"primaryImageOfPage":{"@id":"https:\/\/staging.genekas24.ee\/toode\/laadija-20v-liitiumakule-ks-c24a\/#primaryimage"},"image":{"@id":"https:\/\/staging.genekas24.ee\/toode\/laadija-20v-liitiumakule-ks-c24a\/#primaryimage"},"thumbnailUrl":"https:\/\/staging.genekas24.ee\/wp-content\/uploads\/2025\/12\/KS_C24A_1-1.webp","datePublished":"2025-12-17T12:16:51+00:00","dateModified":"2026-01-07T09:20:58+00:00","breadcrumb":{"@id":"https:\/\/staging.genekas24.ee\/toode\/laadija-20v-liitiumakule-ks-c24a\/#breadcrumb"},"inLanguage":"en-GB","potentialAction":[{"@type":"ReadAction","target":["https:\/\/staging.genekas24.ee\/toode\/laadija-20v-liitiumakule-ks-c24a\/"]}]},{"@type":"ImageObject","inLanguage":"en-GB","@id":"https:\/\/staging.genekas24.ee\/toode\/laadija-20v-liitiumakule-ks-c24a\/#primaryimage","url":"https:\/\/staging.genekas24.ee\/wp-content\/uploads\/2025\/12\/KS_C24A_1-1.webp","contentUrl":"https:\/\/staging.genekas24.ee\/wp-content\/uploads\/2025\/12\/KS_C24A_1-1.webp","width":1600,"height":921},{"@type":"BreadcrumbList","@id":"https:\/\/staging.genekas24.ee\/toode\/laadija-20v-liitiumakule-ks-c24a\/#breadcrumb","itemListElement":[{"@type":"ListItem","position":1,"name":"Home","item":"https:\/\/staging.genekas24.ee\/"},{"@type":"ListItem","position":2,"name":"Pood","item":"https:\/\/staging.genekas24.ee\/pood\/"},{"@type":"ListItem","position":3,"name":"Laadija 20V liitiumakule KS C24A"}]},{"@type":"WebSite","@id":"https:\/\/staging.genekas24.ee\/#website","url":"https:\/\/staging.genekas24.ee\/","name":"Genekas24","description":"Generaatorid | K&ouml;nner S&ouml;hnen tooted | Genekas24","publisher":{"@id":"https:\/\/staging.genekas24.ee\/#organization"},"potentialAction":[{"@type":"SearchAction","target":{"@type":"EntryPoint","urlTemplate":"https:\/\/staging.genekas24.ee\/?s={search_term_string}"},"query-input":{"@type":"PropertyValueSpecification","valueRequired":true,"valueName":"search_term_string"}}],"inLanguage":"en-GB"},{"@type":"Organization","@id":"https:\/\/staging.genekas24.ee\/#organization","name":"Genekas24","url":"https:\/\/staging.genekas24.ee\/","logo":{"@type":"ImageObject","inLanguage":"en-GB","@id":"https:\/\/staging.genekas24.ee\/#\/schema\/logo\/image\/","url":"https:\/\/staging.genekas24.ee\/wp-content\/uploads\/2026\/01\/genekas24-logo_black.svg","contentUrl":"https:\/\/staging.genekas24.ee\/wp-content\/uploads\/2026\/01\/genekas24-logo_black.svg","width":840,"height":131,"caption":"Genekas24"},"image":{"@id":"https:\/\/staging.genekas24.ee\/#\/schema\/logo\/image\/"}}]}},"_links":{"self":[{"href":"https:\/\/staging.genekas24.ee\/en\/wp-json\/wp\/v2\/product\/21500","targetHints":{"allow":["GET"]}}],"collection":[{"href":"https:\/\/staging.genekas24.ee\/en\/wp-json\/wp\/v2\/product"}],"about":[{"href":"https:\/\/staging.genekas24.ee\/en\/wp-json\/wp\/v2\/types\/product"}],"version-history":[{"count":2,"href":"https:\/\/staging.genekas24.ee\/en\/wp-json\/wp\/v2\/product\/21500\/revisions"}],"predecessor-version":[{"id":21513,"href":"https:\/\/staging.genekas24.ee\/en\/wp-json\/wp\/v2\/product\/21500\/revisions\/21513"}],"wp:featuredmedia":[{"embeddable":true,"href":"https:\/\/staging.genekas24.ee\/en\/wp-json\/wp\/v2\/media\/21501"}],"wp:attachment":[{"href":"https:\/\/staging.genekas24.ee\/en\/wp-json\/wp\/v2\/media?parent=21500"}],"wp:term":[{"taxonomy":"product_brand","embeddable":true,"href":"https:\/\/staging.genekas24.ee\/en\/wp-json\/wp\/v2\/product_brand?post=21500"},{"taxonomy":"product_cat","embeddable":true,"href":"https:\/\/staging.genekas24.ee\/en\/wp-json\/wp\/v2\/product_cat?post=21500"},{"taxonomy":"product_tag","embeddable":true,"href":"https:\/\/staging.genekas24.ee\/en\/wp-json\/wp\/v2\/product_tag?post=21500"}],"curies":[{"name":"wp","href":"https:\/\/api.w.org\/{rel}","templated":true}]}}