{"id":21370,"date":"2025-12-17T12:24:03","date_gmt":"2025-12-17T12:24:03","guid":{"rendered":"https:\/\/staging.genekas24.ee\/?post_type=product&#038;p=21370"},"modified":"2025-12-17T12:24:04","modified_gmt":"2025-12-17T12:24:04","slug":"bensiinimootorsaag-ks-cs18g-14c","status":"publish","type":"product","link":"https:\/\/staging.genekas24.ee\/en\/product\/bensiinimootorsaag-ks-cs18g-14c\/","title":{"rendered":"Bensiinimootorsaag KS CS18G-14C"},"content":{"rendered":"<p>Saksa br\u00e4ndi K\u00f6nner &amp; S\u00f6hnen\u00ae bensiinimootorsaag KS CS18G-14C (35 cm latt, 1,35 kW, 13000 p\/min) \u2014 usaldusv\u00e4\u00e4rne t\u00f6\u00f6riist koduseks kasutamiseks. Usaldusv\u00e4\u00e4rne mootor tagab t\u00f5husa k\u00fctuse p\u00f5lemise. Kiire ligip\u00e4\u00e4suga filtri klamber lihtsustab hooldust. \u201eSuvi\/Talv\u201d re\u017eiimid kaitsevad karburaatorit j\u00e4\u00e4tumise eest, samas kui inertsipidur peatab keti koheselt. Mugavusfunktsioone t\u00e4iustavad automaatne STOP\/START nupp, t\u00f6\u00f6riistavaba keti pingutamine, \u201eEasy Start\u201d s\u00fcsteem, ergonoomiline k\u00e4epide kindlaks haardeks igas asendis.<\/p>\n<table style=\"border-collapse: collapse; width: 100%;\">\n<tbody>\n<tr>\n<td style=\"width: 16.1115%;\"><img decoding=\"async\" src=\"https:\/\/konner-sohnen.ee\/cdn\/shop\/files\/01-1-kw-power-35-cm-bar-13000-rpm-ks-cs18g-14c.jpg?v=1763555564&amp;width=500\" alt=\"1.35 kW v\u00f5imsus, 35 cm latt, 13000 p\/min\" \/><\/td>\n<td style=\"width: 83.8885%;\">\n<h3>1.35 kW v\u00f5imsus, 35 cm latt, 13000 p\/min<\/h3>\n<div class=\"text-sm\">optimaalne tasakaal tugevuse ja mugavuse vahel. Saag saab h\u00f5lpsasti hakkama puude p\u00fcgamise, k\u00fcttepuude ettevalmistamise ja muude majapidamist\u00f6\u00f6dega.<\/div>\n<\/td>\n<\/tr>\n<tr>\n<td style=\"width: 16.1115%;\"><img decoding=\"async\" src=\"https:\/\/konner-sohnen.ee\/cdn\/shop\/files\/02-tool-free-chain-tensioning-mechanism-ks-cs18g-14c.jpg?v=1763555564&amp;width=500\" alt=\"T\u00f6\u00f6riistavaba ketipingutusmehhanism\" \/><\/td>\n<td style=\"width: 83.8885%;\">\n<h3>T\u00f6\u00f6riistavaba ketipingutusmehhanism<\/h3>\n<div class=\"text-sm\">v\u00f5imaldab kiiret ja t\u00e4pset keti reguleerimist ilma lisat\u00f6\u00f6riistadeta, s\u00e4\u00e4stes aega ja vaeva.<\/div>\n<\/td>\n<\/tr>\n<tr>\n<td style=\"width: 16.1115%;\"><img decoding=\"async\" src=\"https:\/\/konner-sohnen.ee\/cdn\/shop\/files\/03-summer-winter-modes-ks-cs18g-14c.jpg?v=1763555565&amp;width=500\" alt=\"&quot;Suve\/talve&quot; re\u017eiimid\" \/><\/td>\n<td style=\"width: 83.8885%;\">\n<h3>&#8220;Suve\/talve&#8221; re\u017eiimid<\/h3>\n<div class=\"text-sm\">karburaator on usaldusv\u00e4\u00e4rselt kaitstud j\u00e4\u00e4tumise eest t\u00e4nu silindrist tulevale sooja\u00f5hkjahutusele, tagades stabiilse k\u00e4ivitumise ja katkematu t\u00f6\u00f6 igal aastaajal.<\/div>\n<\/td>\n<\/tr>\n<tr>\n<td style=\"width: 16.1115%;\"><img decoding=\"async\" src=\"https:\/\/konner-sohnen.ee\/cdn\/shop\/files\/04-inertia-chain-brake-ks-cs18g-14c.jpg?v=1763555564&amp;width=500\" alt=\"Inertsia ketipidur\" \/><\/td>\n<td style=\"width: 83.8885%;\">\n<h3>Inertsia ketipidur<\/h3>\n<div class=\"text-sm\">kaasaegne turvas\u00fcsteem aktiveerub koheselt tagasil\u00f6\u00f6gi korral, peatades keti ja minimeerides vigastuste riske, v\u00f5imaldades enesekindlat t\u00f6\u00f6d isegi suurte koormuste all.<\/div>\n<\/td>\n<\/tr>\n<tr>\n<td style=\"width: 16.1115%;\"><img decoding=\"async\" src=\"https:\/\/konner-sohnen.ee\/cdn\/shop\/files\/05-automatic-stop-button-ks-cs18g-14c.jpg?v=1763555564&amp;width=500\" alt=\"Automaatne STOPP nupp\" \/><\/td>\n<td style=\"width: 83.8885%;\">\n<h3>Automaatne STOPP nupp<\/h3>\n<div class=\"text-sm\">naaseb p\u00e4rast mootori seiskamist START-asendisse, hoides kettsaagi valmis kasutamiseks ilma lisapingutuseta.<\/div>\n<\/td>\n<\/tr>\n<tr>\n<td style=\"width: 16.1115%;\"><img decoding=\"async\" src=\"https:\/\/konner-sohnen.ee\/cdn\/shop\/files\/06-convenient-air-filter-clip-ks-cs18g-14c.jpg?v=1763555565&amp;width=500\" alt=\"Mugav \u00f5hufiltri klamber\" \/><\/td>\n<td style=\"width: 83.8885%;\">\n<h3>Mugav \u00f5hufiltri klamber<\/h3>\n<div class=\"text-sm\">v\u00f5imaldab kiiret juurdep\u00e4\u00e4su puhastamiseks v\u00f5i asendamiseks, lihtsustades hooldust.<\/div>\n<\/td>\n<\/tr>\n<tr>\n<td style=\"width: 16.1115%;\"><img decoding=\"async\" src=\"https:\/\/konner-sohnen.ee\/cdn\/shop\/files\/07-manual-fuel-pump-primer-ks-cs18g-14c.jpg?v=1763555564&amp;width=500\" alt=\"K\u00e4sipump (primer)\" \/><\/td>\n<td style=\"width: 83.8885%;\">\n<h3>K\u00e4sipump (primer)<\/h3>\n<div class=\"text-sm\">tarnib kiiresti k\u00fctust, v\u00e4hendades starteri t\u00f5mbeid ja pikendades selle kasutusiga.<\/div>\n<\/td>\n<\/tr>\n<tr>\n<td style=\"width: 16.1115%;\"><img decoding=\"async\" src=\"https:\/\/konner-sohnen.ee\/cdn\/shop\/files\/08-easy-start-ks-cs18g-14c.jpg?v=1763555565&amp;width=500\" alt=\"Lihtne k\u00e4ivitamine\" \/><\/td>\n<td style=\"width: 83.8885%;\">\n<h3>Lihtne k\u00e4ivitamine<\/h3>\n<div class=\"text-sm\">lisavedruga starter tagab kiire ja vaevatu mootori k\u00e4ivitamise.<\/div>\n<\/td>\n<\/tr>\n<tr>\n<td style=\"width: 16.1115%;\"><img decoding=\"async\" src=\"https:\/\/konner-sohnen.ee\/cdn\/shop\/files\/09-two-component-starter-handle-ks-cs18g-14c.jpg?v=1763555564&amp;width=500\" alt=\"Kahekomponentne starteri k\u00e4epide\" \/><\/td>\n<td style=\"width: 83.8885%;\">\n<h3>Kahekomponentne starteri k\u00e4epide<\/h3>\n<div class=\"text-sm\">tagab kindla ja mugava haarde k\u00e4ivitamise ajal, v\u00e4hendades libisemise ja vigastuste ohtu.<\/div>\n<\/td>\n<\/tr>\n<\/tbody>\n<\/table>","protected":false},"excerpt":{"rendered":"<table>\n<tbody>\n<tr>\n<td>Engine power, hp\/kW<\/td>\n<td>1.8\/1.35<\/td>\n<\/tr>\n<tr>\n<td>Maksimaalne kiirus, p\/min<\/td>\n<td>13000<\/td>\n<\/tr>\n<tr>\n<td>Fuel tank volume, l<\/td>\n<td>310<\/td>\n<\/tr>\n<tr>\n<td>T\u00f6\u00f6sagedus, p\/min<\/td>\n<td>9000<\/td>\n<\/tr>\n<tr>\n<td>Keti pikkus<\/td>\n<td>14\u201d (35 cm)<\/td>\n<\/tr>\n<tr>\n<td>Keti samm<\/td>\n<td>3\/8&#8243; LP<\/td>\n<\/tr>\n<tr>\n<td>Keti m\u00f5\u00f5dik<\/td>\n<td>0.050&#8243; (1.3 mm)<\/td>\n<\/tr>\n<tr>\n<td>\u00d5lipaagi maht, ml<\/td>\n<td>210<\/td>\n<\/tr>\n<tr>\n<td>Keti m\u00e4\u00e4rdes\u00fcsteem<\/td>\n<td>Automaatne pump koos regulaatoriga<\/td>\n<\/tr>\n<tr>\n<td>T\u00fchik\u00e4igu kiirus, p\/min<\/td>\n<td>3000<\/td>\n<\/tr>\n<tr>\n<td>M\u00fcra tase Lpa (7m)\/Lwa, dB<\/td>\n<td>110<\/td>\n<\/tr>\n<tr>\n<td>\u00dcldm\u00f5\u00f5tmed (PxLxK), mm<\/td>\n<td>425\u00d7260\u00d7300<\/td>\n<\/tr>\n<tr>\n<td>Net weight, kg<\/td>\n<td>5.6<\/td>\n<\/tr>\n<tr>\n<td>SKU<\/td>\n<td>KS CS18G-14C<\/td>\n<\/tr>\n<tr>\n<td>V\u00f6\u00f6tkood<\/td>\n<td>4260405364183<\/td>\n<\/tr>\n<\/tbody>\n<\/table>","protected":false},"featured_media":21372,"template":"","meta":{"_acf_changed":false,"inline_featured_image":false},"product_brand":[],"product_cat":[159,183,182],"product_tag":[],"class_list":{"0":"post-21370","1":"product","2":"type-product","3":"status-publish","4":"has-post-thumbnail","6":"product_cat-aiatooriistad","7":"product_cat-bensiinisaed","8":"product_cat-saed","9":"product_shipping_class-vaikepakk","10":"brand-konner-sohnen","12":"first","13":"instock","14":"taxable","15":"shipping-taxable","16":"purchasable","17":"product-type-simple"},"acf":[],"yoast_head":"<!-- This site is optimized with the Yoast SEO plugin v26.2 - https:\/\/yoast.com\/wordpress\/plugins\/seo\/ -->\n<title>Bensiinimootorsaag KS CS18G-14C - Genekas24<\/title>\n<meta name=\"robots\" content=\"index, follow, max-snippet:-1, max-image-preview:large, max-video-preview:-1\" \/>\n<link rel=\"canonical\" href=\"https:\/\/staging.genekas24.ee\/en\/product\/bensiinimootorsaag-ks-cs18g-14c\/\" \/>\n<meta property=\"og:locale\" content=\"en_GB\" \/>\n<meta property=\"og:type\" content=\"article\" \/>\n<meta property=\"og:title\" content=\"Bensiinimootorsaag KS CS18G-14C - Genekas24\" \/>\n<meta property=\"og:description\" content=\"Mootori v\u00f5imsus, hj\/kW 1.8\/1.35   Maksimaalne kiirus, p\/min 13000   K\u00fctusepaagi maht, l 310   T\u00f6\u00f6sagedus, p\/min 9000   Keti pikkus 14\u201d (35 cm)   Keti samm 3\/8&quot; LP   Keti m\u00f5\u00f5dik 0.050&quot; (1.3 mm)   \u00d5lipaagi maht, ml 210   Keti m\u00e4\u00e4rdes\u00fcsteem Automaatne pump koos regulaatoriga   T\u00fchik\u00e4igu kiirus, p\/min 3000   M\u00fcra tase Lpa (7m)\/Lwa, dB 110   \u00dcldm\u00f5\u00f5tmed (PxLxK), mm 425\u00d7260\u00d7300   Netokaal, kg 5.6   SKU KS CS18G-14C   V\u00f6\u00f6tkood 4260405364183\" \/>\n<meta property=\"og:url\" content=\"https:\/\/staging.genekas24.ee\/en\/product\/bensiinimootorsaag-ks-cs18g-14c\/\" \/>\n<meta property=\"og:site_name\" content=\"Genekas24\" \/>\n<meta property=\"article:modified_time\" content=\"2025-12-17T12:24:04+00:00\" \/>\n<meta property=\"og:image\" content=\"https:\/\/staging.genekas24.ee\/wp-content\/uploads\/2025\/12\/2500x2500_KSCS18G-14_1.webp\" \/>\n\t<meta property=\"og:image:width\" content=\"1600\" \/>\n\t<meta property=\"og:image:height\" content=\"1600\" \/>\n\t<meta property=\"og:image:type\" content=\"image\/webp\" \/>\n<meta name=\"twitter:card\" content=\"summary_large_image\" \/>\n<meta name=\"twitter:label1\" content=\"Estimated reading time\" \/>\n\t<meta name=\"twitter:data1\" content=\"4 minutes\" \/>\n<script type=\"application\/ld+json\" class=\"yoast-schema-graph\">{\"@context\":\"https:\/\/schema.org\",\"@graph\":[{\"@type\":\"WebPage\",\"@id\":\"https:\/\/staging.genekas24.ee\/toode\/bensiinimootorsaag-ks-cs18g-14c\/\",\"url\":\"https:\/\/staging.genekas24.ee\/toode\/bensiinimootorsaag-ks-cs18g-14c\/\",\"name\":\"Bensiinimootorsaag KS CS18G-14C - Genekas24\",\"isPartOf\":{\"@id\":\"https:\/\/staging.genekas24.ee\/#website\"},\"primaryImageOfPage\":{\"@id\":\"https:\/\/staging.genekas24.ee\/toode\/bensiinimootorsaag-ks-cs18g-14c\/#primaryimage\"},\"image\":{\"@id\":\"https:\/\/staging.genekas24.ee\/toode\/bensiinimootorsaag-ks-cs18g-14c\/#primaryimage\"},\"thumbnailUrl\":\"https:\/\/staging.genekas24.ee\/wp-content\/uploads\/2025\/12\/2500x2500_KSCS18G-14_1.webp\",\"datePublished\":\"2025-12-17T12:24:03+00:00\",\"dateModified\":\"2025-12-17T12:24:04+00:00\",\"breadcrumb\":{\"@id\":\"https:\/\/staging.genekas24.ee\/toode\/bensiinimootorsaag-ks-cs18g-14c\/#breadcrumb\"},\"inLanguage\":\"en-GB\",\"potentialAction\":[{\"@type\":\"ReadAction\",\"target\":[\"https:\/\/staging.genekas24.ee\/toode\/bensiinimootorsaag-ks-cs18g-14c\/\"]}]},{\"@type\":\"ImageObject\",\"inLanguage\":\"en-GB\",\"@id\":\"https:\/\/staging.genekas24.ee\/toode\/bensiinimootorsaag-ks-cs18g-14c\/#primaryimage\",\"url\":\"https:\/\/staging.genekas24.ee\/wp-content\/uploads\/2025\/12\/2500x2500_KSCS18G-14_1.webp\",\"contentUrl\":\"https:\/\/staging.genekas24.ee\/wp-content\/uploads\/2025\/12\/2500x2500_KSCS18G-14_1.webp\",\"width\":1600,\"height\":1600},{\"@type\":\"BreadcrumbList\",\"@id\":\"https:\/\/staging.genekas24.ee\/toode\/bensiinimootorsaag-ks-cs18g-14c\/#breadcrumb\",\"itemListElement\":[{\"@type\":\"ListItem\",\"position\":1,\"name\":\"Home\",\"item\":\"https:\/\/staging.genekas24.ee\/\"},{\"@type\":\"ListItem\",\"position\":2,\"name\":\"Pood\",\"item\":\"https:\/\/staging.genekas24.ee\/pood\/\"},{\"@type\":\"ListItem\",\"position\":3,\"name\":\"Bensiinimootorsaag KS CS18G-14C\"}]},{\"@type\":\"WebSite\",\"@id\":\"https:\/\/staging.genekas24.ee\/#website\",\"url\":\"https:\/\/staging.genekas24.ee\/\",\"name\":\"Genekas24\",\"description\":\"Generaatorid | K&ouml;nner S&ouml;hnen tooted | Genekas24\",\"publisher\":{\"@id\":\"https:\/\/staging.genekas24.ee\/#organization\"},\"potentialAction\":[{\"@type\":\"SearchAction\",\"target\":{\"@type\":\"EntryPoint\",\"urlTemplate\":\"https:\/\/staging.genekas24.ee\/?s={search_term_string}\"},\"query-input\":{\"@type\":\"PropertyValueSpecification\",\"valueRequired\":true,\"valueName\":\"search_term_string\"}}],\"inLanguage\":\"en-GB\"},{\"@type\":\"Organization\",\"@id\":\"https:\/\/staging.genekas24.ee\/#organization\",\"name\":\"Genekas24\",\"url\":\"https:\/\/staging.genekas24.ee\/\",\"logo\":{\"@type\":\"ImageObject\",\"inLanguage\":\"en-GB\",\"@id\":\"https:\/\/staging.genekas24.ee\/#\/schema\/logo\/image\/\",\"url\":\"https:\/\/staging.genekas24.ee\/wp-content\/uploads\/2026\/01\/genekas24-logo_black.svg\",\"contentUrl\":\"https:\/\/staging.genekas24.ee\/wp-content\/uploads\/2026\/01\/genekas24-logo_black.svg\",\"width\":840,\"height\":131,\"caption\":\"Genekas24\"},\"image\":{\"@id\":\"https:\/\/staging.genekas24.ee\/#\/schema\/logo\/image\/\"}}]}<\/script>\n<!-- \/ Yoast SEO plugin. -->","yoast_head_json":{"title":"Bensiinimootorsaag KS CS18G-14C - Genekas24","robots":{"index":"index","follow":"follow","max-snippet":"max-snippet:-1","max-image-preview":"max-image-preview:large","max-video-preview":"max-video-preview:-1"},"canonical":"https:\/\/staging.genekas24.ee\/en\/product\/bensiinimootorsaag-ks-cs18g-14c\/","og_locale":"en_GB","og_type":"article","og_title":"Bensiinimootorsaag KS CS18G-14C - Genekas24","og_description":"Mootori v\u00f5imsus, hj\/kW 1.8\/1.35   Maksimaalne kiirus, p\/min 13000   K\u00fctusepaagi maht, l 310   T\u00f6\u00f6sagedus, p\/min 9000   Keti pikkus 14\u201d (35 cm)   Keti samm 3\/8\" LP   Keti m\u00f5\u00f5dik 0.050\" (1.3 mm)   \u00d5lipaagi maht, ml 210   Keti m\u00e4\u00e4rdes\u00fcsteem Automaatne pump koos regulaatoriga   T\u00fchik\u00e4igu kiirus, p\/min 3000   M\u00fcra tase Lpa (7m)\/Lwa, dB 110   \u00dcldm\u00f5\u00f5tmed (PxLxK), mm 425\u00d7260\u00d7300   Netokaal, kg 5.6   SKU KS CS18G-14C   V\u00f6\u00f6tkood 4260405364183","og_url":"https:\/\/staging.genekas24.ee\/en\/product\/bensiinimootorsaag-ks-cs18g-14c\/","og_site_name":"Genekas24","article_modified_time":"2025-12-17T12:24:04+00:00","og_image":[{"width":1600,"height":1600,"url":"https:\/\/staging.genekas24.ee\/wp-content\/uploads\/2025\/12\/2500x2500_KSCS18G-14_1.webp","type":"image\/webp"}],"twitter_card":"summary_large_image","twitter_misc":{"Estimated reading time":"4 minutes"},"schema":{"@context":"https:\/\/schema.org","@graph":[{"@type":"WebPage","@id":"https:\/\/staging.genekas24.ee\/toode\/bensiinimootorsaag-ks-cs18g-14c\/","url":"https:\/\/staging.genekas24.ee\/toode\/bensiinimootorsaag-ks-cs18g-14c\/","name":"Bensiinimootorsaag KS CS18G-14C - Genekas24","isPartOf":{"@id":"https:\/\/staging.genekas24.ee\/#website"},"primaryImageOfPage":{"@id":"https:\/\/staging.genekas24.ee\/toode\/bensiinimootorsaag-ks-cs18g-14c\/#primaryimage"},"image":{"@id":"https:\/\/staging.genekas24.ee\/toode\/bensiinimootorsaag-ks-cs18g-14c\/#primaryimage"},"thumbnailUrl":"https:\/\/staging.genekas24.ee\/wp-content\/uploads\/2025\/12\/2500x2500_KSCS18G-14_1.webp","datePublished":"2025-12-17T12:24:03+00:00","dateModified":"2025-12-17T12:24:04+00:00","breadcrumb":{"@id":"https:\/\/staging.genekas24.ee\/toode\/bensiinimootorsaag-ks-cs18g-14c\/#breadcrumb"},"inLanguage":"en-GB","potentialAction":[{"@type":"ReadAction","target":["https:\/\/staging.genekas24.ee\/toode\/bensiinimootorsaag-ks-cs18g-14c\/"]}]},{"@type":"ImageObject","inLanguage":"en-GB","@id":"https:\/\/staging.genekas24.ee\/toode\/bensiinimootorsaag-ks-cs18g-14c\/#primaryimage","url":"https:\/\/staging.genekas24.ee\/wp-content\/uploads\/2025\/12\/2500x2500_KSCS18G-14_1.webp","contentUrl":"https:\/\/staging.genekas24.ee\/wp-content\/uploads\/2025\/12\/2500x2500_KSCS18G-14_1.webp","width":1600,"height":1600},{"@type":"BreadcrumbList","@id":"https:\/\/staging.genekas24.ee\/toode\/bensiinimootorsaag-ks-cs18g-14c\/#breadcrumb","itemListElement":[{"@type":"ListItem","position":1,"name":"Home","item":"https:\/\/staging.genekas24.ee\/"},{"@type":"ListItem","position":2,"name":"Pood","item":"https:\/\/staging.genekas24.ee\/pood\/"},{"@type":"ListItem","position":3,"name":"Bensiinimootorsaag KS CS18G-14C"}]},{"@type":"WebSite","@id":"https:\/\/staging.genekas24.ee\/#website","url":"https:\/\/staging.genekas24.ee\/","name":"Genekas24","description":"Generaatorid | K&ouml;nner S&ouml;hnen tooted | Genekas24","publisher":{"@id":"https:\/\/staging.genekas24.ee\/#organization"},"potentialAction":[{"@type":"SearchAction","target":{"@type":"EntryPoint","urlTemplate":"https:\/\/staging.genekas24.ee\/?s={search_term_string}"},"query-input":{"@type":"PropertyValueSpecification","valueRequired":true,"valueName":"search_term_string"}}],"inLanguage":"en-GB"},{"@type":"Organization","@id":"https:\/\/staging.genekas24.ee\/#organization","name":"Genekas24","url":"https:\/\/staging.genekas24.ee\/","logo":{"@type":"ImageObject","inLanguage":"en-GB","@id":"https:\/\/staging.genekas24.ee\/#\/schema\/logo\/image\/","url":"https:\/\/staging.genekas24.ee\/wp-content\/uploads\/2026\/01\/genekas24-logo_black.svg","contentUrl":"https:\/\/staging.genekas24.ee\/wp-content\/uploads\/2026\/01\/genekas24-logo_black.svg","width":840,"height":131,"caption":"Genekas24"},"image":{"@id":"https:\/\/staging.genekas24.ee\/#\/schema\/logo\/image\/"}}]}},"_links":{"self":[{"href":"https:\/\/staging.genekas24.ee\/en\/wp-json\/wp\/v2\/product\/21370","targetHints":{"allow":["GET"]}}],"collection":[{"href":"https:\/\/staging.genekas24.ee\/en\/wp-json\/wp\/v2\/product"}],"about":[{"href":"https:\/\/staging.genekas24.ee\/en\/wp-json\/wp\/v2\/types\/product"}],"version-history":[{"count":2,"href":"https:\/\/staging.genekas24.ee\/en\/wp-json\/wp\/v2\/product\/21370\/revisions"}],"predecessor-version":[{"id":21377,"href":"https:\/\/staging.genekas24.ee\/en\/wp-json\/wp\/v2\/product\/21370\/revisions\/21377"}],"wp:featuredmedia":[{"embeddable":true,"href":"https:\/\/staging.genekas24.ee\/en\/wp-json\/wp\/v2\/media\/21372"}],"wp:attachment":[{"href":"https:\/\/staging.genekas24.ee\/en\/wp-json\/wp\/v2\/media?parent=21370"}],"wp:term":[{"taxonomy":"product_brand","embeddable":true,"href":"https:\/\/staging.genekas24.ee\/en\/wp-json\/wp\/v2\/product_brand?post=21370"},{"taxonomy":"product_cat","embeddable":true,"href":"https:\/\/staging.genekas24.ee\/en\/wp-json\/wp\/v2\/product_cat?post=21370"},{"taxonomy":"product_tag","embeddable":true,"href":"https:\/\/staging.genekas24.ee\/en\/wp-json\/wp\/v2\/product_tag?post=21370"}],"curies":[{"name":"wp","href":"https:\/\/api.w.org\/{rel}","templated":true}]}}