{"id":21332,"date":"2025-12-17T12:14:01","date_gmt":"2025-12-17T12:14:01","guid":{"rendered":"https:\/\/staging.genekas24.ee\/?post_type=product&#038;p=21332"},"modified":"2025-12-17T13:01:03","modified_gmt":"2025-12-17T13:01:03","slug":"akuga-mini-kettsaag-ks-mcs20v-8","status":"publish","type":"product","link":"https:\/\/staging.genekas24.ee\/en\/product\/akuga-mini-kettsaag-ks-mcs20v-8\/","title":{"rendered":"Akuga Mini Kettsaag KS MCS20V-8"},"content":{"rendered":"<p>K\u00f6nner &amp; S\u00f6hnen KS MCS20V-8 juhtmeta mini kettsaag (ilma aku ja laadijata) on varustatud 8-tollise (20 cm) lati ja 8 m\/s ketikiirusega, muutes selle usaldusv\u00e4\u00e4rseks t\u00f6\u00f6riistaks aiat\u00f6\u00f6del. Selle v\u00f5imas harjadeta mootor, millele kehtib 5-aastane garantii, t\u00f6\u00f6tab vaikselt, sujuvalt ja usaldusv\u00e4\u00e4rselt. Kompaktne korpus ja ergonoomiline kummist k\u00e4epide tagavad mugavuse ja kontrolli, isegi \u00fche k\u00e4ega kasutamisel. Ohutuse tagamiseks on sellel turvalukk, kaitsepiirded ja kilp. Mugavusfunktsioonide hulka kuuluvad t\u00f6\u00f6riistavaba keti pingutamine, automaatne keti\u00f5litamine ja \u00f5litaseme aken.<\/p>\n<table style=\"border-collapse: collapse; width: 100%;\">\n<tbody>\n<tr>\n<td style=\"width: 16.8357%;\"><img decoding=\"async\" src=\"https:\/\/konner-sohnen.ee\/cdn\/shop\/files\/01-8-inch-bar-and-8-m-s-chain-speed-ks-mcs20v-8.jpg?v=1763400222&amp;width=500\" alt=\"8-tolline latt ja 8 m\/s ketikiirus\" \/><\/td>\n<td style=\"width: 83.1643%;\">\n<h3>8-tolline latt ja 8 m\/s ketikiirus<\/h3>\n<div class=\"text-sm\">v\u00f5imaldab h\u00f5lpsasti l\u00f5igata kuni 100 mm l\u00e4bim\u00f5\u00f5duga oksi, muutes selle ideaalseks puude p\u00fcgamiseks ja puut\u00f6\u00f6ks.<\/div>\n<\/td>\n<\/tr>\n<tr>\n<td style=\"width: 16.8357%;\"><img decoding=\"async\" src=\"https:\/\/konner-sohnen.ee\/cdn\/shop\/files\/02-tool-free-chain-tensioning-mechanism-ks-mcs20v-8.jpg?v=1763400222&amp;width=500\" alt=\"T\u00f6\u00f6riistavaba ketipingutusmehhanism\" \/><\/td>\n<td style=\"width: 83.1643%;\">\n<h3>T\u00f6\u00f6riistavaba ketipingutusmehhanism<\/h3>\n<div class=\"text-sm\">v\u00f5imaldab teil ketti kiiresti pingutada v\u00f5i asendada otse kohapeal, ilma kruvikeerajate v\u00f5i mutriv\u00f5tmeteta.<\/div>\n<\/td>\n<\/tr>\n<tr>\n<td style=\"width: 16.8357%;\"><img decoding=\"async\" src=\"https:\/\/konner-sohnen.ee\/cdn\/shop\/files\/03-automatic-chain-lubrication-ks-mcs20v-8.jpg?v=1763400223&amp;width=500\" alt=\"Automaatne ketim\u00e4\u00e4rimine\" \/><\/td>\n<td style=\"width: 83.1643%;\">\n<h3>Automaatne ketim\u00e4\u00e4rimine<\/h3>\n<div class=\"text-sm\">tagab pideva m\u00e4\u00e4rimise t\u00f6\u00f6 ajal, v\u00e4hendades kulumist ja pikendades l\u00f5ikeseadme (kett ja juhtplaat) kasutusiga.<\/div>\n<\/td>\n<\/tr>\n<tr>\n<td style=\"width: 16.8357%;\"><img decoding=\"async\" src=\"https:\/\/konner-sohnen.ee\/cdn\/shop\/files\/04-safety-lock-prevent-accidental-start-ks-mcs20v-8.jpg?v=1763400223&amp;width=500\" alt=\"Turvalukk juhusliku k\u00e4ivitamise v\u00e4ltimiseks\" \/><\/td>\n<td style=\"width: 83.1643%;\">\n<h3>Turvalukk juhusliku k\u00e4ivitamise v\u00e4ltimiseks<\/h3>\n<div class=\"text-sm\">v\u00e4ldib sae tahtmatut k\u00e4ivitamist, suurendades ohutust transpordi, hoolduse ja hoiustamise ajal.<\/div>\n<\/td>\n<\/tr>\n<tr>\n<td style=\"width: 16.8357%;\"><img decoding=\"async\" src=\"https:\/\/konner-sohnen.ee\/cdn\/shop\/files\/05-brushless-motor-ks-mcs20v-8.jpg?v=1763400222&amp;width=500\" alt=\"Harjadeta mootor\" \/><\/td>\n<td style=\"width: 83.1643%;\">\n<h3>Harjadeta mootor<\/h3>\n<div class=\"text-sm\">pakub suuremat t\u00f5husust, tarbib v\u00e4hem energiat, t\u00f6\u00f6tab vaiksemalt, omab pikemat kasutusiga ja ei vaja harjade vahetamist.<\/div>\n<\/td>\n<\/tr>\n<tr>\n<td style=\"width: 16.8357%;\"><img decoding=\"async\" src=\"https:\/\/konner-sohnen.ee\/cdn\/shop\/files\/06-rubber-coated-handle-ks-mcs20v-8.jpg?v=1763400222&amp;width=500\" alt=\"Kummiga kaetud k\u00e4epide\" \/><\/td>\n<td style=\"width: 83.1643%;\">\n<h3>Kummiga kaetud k\u00e4epide<\/h3>\n<div class=\"text-sm\">tagab t\u00f6\u00f6riista kindla ja mugava haarde, hoiab \u00e4ra libisemise isegi m\u00e4rgade v\u00f5i tolmuste k\u00e4tega, v\u00e4hendab vibratsiooni ja parandab mugavust pikaajalisel kasutamisel.<\/div>\n<\/td>\n<\/tr>\n<tr>\n<td style=\"width: 16.8357%;\"><img decoding=\"async\" src=\"https:\/\/konner-sohnen.ee\/cdn\/shop\/files\/07-semi-transparent-window-oil-level-control-ks-mcs20v-8.jpg?v=1763400223&amp;width=500\" alt=\"Pooll\u00e4bipaistev aken \u00f5litaseme kontrollimiseks\" \/><\/td>\n<td style=\"width: 83.1643%;\">\n<h3>Pooll\u00e4bipaistev aken \u00f5litaseme kontrollimiseks<\/h3>\n<div class=\"text-sm\">v\u00f5imaldab kiiret ja mugavat \u00f5litaseme kontrollimist ilma t\u00f6\u00f6riista lahti v\u00f5tmata.<\/div>\n<\/td>\n<\/tr>\n<tr>\n<td style=\"width: 16.8357%;\"><img decoding=\"async\" src=\"https:\/\/konner-sohnen.ee\/cdn\/shop\/files\/08-loop-safety-strap-ks-mcs20v-8.jpg?v=1763400222&amp;width=500\" alt=\"Turvarihma aas\" \/><\/td>\n<td style=\"width: 83.1643%;\">\n<h3>Turvarihma aas<\/h3>\n<div class=\"text-sm\">v\u00f5imaldab t\u00f6\u00f6riista k\u00f5rgustes t\u00f6\u00f6tades kindlustada, v\u00e4ltides juhuslikke kukkumisi. See suurendab kasutaja ja pealtvaatajate ohutust ning kaitseb ka saagi kahjustuste eest.<\/div>\n<\/td>\n<\/tr>\n<\/tbody>\n<\/table>","protected":false},"excerpt":{"rendered":"<table>\n<tbody>\n<tr>\n<td>Rated voltage, V<\/td>\n<td>20<\/td>\n<\/tr>\n<tr>\n<td>Soovitatav aku mahtuvus<\/td>\n<td>2 Ah, 4 Ah, 6 Ah, 8 Ah<\/td>\n<\/tr>\n<tr>\n<td>Battery Type<\/td>\n<td>Laetav liitiumioonaku<\/td>\n<\/tr>\n<tr>\n<td>Aku ja laadija<\/td>\n<td>ei kuulu komplekti<\/td>\n<\/tr>\n<tr>\n<td>Engine type<\/td>\n<td>harjadeta<\/td>\n<\/tr>\n<tr>\n<td>Keti kiirus, m\/s<\/td>\n<td>8<\/td>\n<\/tr>\n<tr>\n<td>L\u00f5ikamise pikkus<\/td>\n<td>90 mm<\/td>\n<\/tr>\n<tr>\n<td>Keti pingutamine ilma t\u00f6\u00f6riistata<\/td>\n<td>+<\/td>\n<\/tr>\n<tr>\n<td>Keti m\u00e4\u00e4rdes\u00fcsteem<\/td>\n<td>+<\/td>\n<\/tr>\n<tr>\n<td>\u00dcldm\u00f5\u00f5tmed (PxLxK), mm<\/td>\n<td>465\u00d7125\u00d7170<\/td>\n<\/tr>\n<tr>\n<td>Net weight, kg<\/td>\n<td>1.45<\/td>\n<\/tr>\n<tr>\n<td>Kogukaal, kg<\/td>\n<td>1.9<\/td>\n<\/tr>\n<tr>\n<td>SKU<\/td>\n<td>KS MCS20V-8<\/td>\n<\/tr>\n<tr>\n<td>V\u00f6\u00f6tkood<\/td>\n<td>4260405365197<\/td>\n<\/tr>\n<\/tbody>\n<\/table>\n<p>&nbsp;<\/p>\n<p>*Aku ja laadija ei kuulu komplekti<\/p>","protected":false},"featured_media":21334,"template":"","meta":{"_acf_changed":false,"inline_featured_image":false},"product_brand":[],"product_cat":[159,184,182],"product_tag":[],"class_list":{"0":"post-21332","1":"product","2":"type-product","3":"status-publish","4":"has-post-thumbnail","6":"product_cat-aiatooriistad","7":"product_cat-juhtmeta-kettsaed","8":"product_cat-saed","9":"product_shipping_class-vaikepakk","10":"brand-konner-sohnen","12":"first","13":"instock","14":"taxable","15":"shipping-taxable","16":"purchasable","17":"product-type-simple"},"acf":[],"yoast_head":"<!-- This site is optimized with the Yoast SEO plugin v26.2 - https:\/\/yoast.com\/wordpress\/plugins\/seo\/ -->\n<title>Akuga Mini Kettsaag KS MCS20V-8 - Genekas24<\/title>\n<meta name=\"robots\" content=\"index, follow, max-snippet:-1, max-image-preview:large, max-video-preview:-1\" \/>\n<link rel=\"canonical\" href=\"https:\/\/staging.genekas24.ee\/en\/product\/akuga-mini-kettsaag-ks-mcs20v-8\/\" \/>\n<meta property=\"og:locale\" content=\"en_GB\" \/>\n<meta property=\"og:type\" content=\"article\" \/>\n<meta property=\"og:title\" content=\"Akuga Mini Kettsaag KS MCS20V-8 - Genekas24\" \/>\n<meta property=\"og:description\" content=\"Nimipinge, V 20   Soovitatav aku mahtuvus 2 Ah, 4 Ah, 6 Ah, 8 Ah   Aku t\u00fc\u00fcp Laetav liitiumioonaku   Aku ja laadija ei kuulu komplekti   Mootori t\u00fc\u00fcp harjadeta   Keti kiirus, m\/s 8   L\u00f5ikamise pikkus 90 mm   Keti pingutamine ilma t\u00f6\u00f6riistata +   Keti m\u00e4\u00e4rdes\u00fcsteem +   \u00dcldm\u00f5\u00f5tmed (PxLxK), mm 465\u00d7125\u00d7170   Netokaal, kg 1.45   Kogukaal, kg 1.9   SKU KS MCS20V-8   V\u00f6\u00f6tkood 4260405365197    &nbsp;  *Aku ja laadija ei kuulu komplekti\" \/>\n<meta property=\"og:url\" content=\"https:\/\/staging.genekas24.ee\/en\/product\/akuga-mini-kettsaag-ks-mcs20v-8\/\" \/>\n<meta property=\"og:site_name\" content=\"Genekas24\" \/>\n<meta property=\"article:modified_time\" content=\"2025-12-17T13:01:03+00:00\" \/>\n<meta property=\"og:image\" content=\"https:\/\/staging.genekas24.ee\/wp-content\/uploads\/2025\/12\/KS-MCS20V-8_1.webp\" \/>\n\t<meta property=\"og:image:width\" content=\"1600\" \/>\n\t<meta property=\"og:image:height\" content=\"1600\" \/>\n\t<meta property=\"og:image:type\" content=\"image\/webp\" \/>\n<meta name=\"twitter:card\" content=\"summary_large_image\" \/>\n<meta name=\"twitter:label1\" content=\"Estimated reading time\" \/>\n\t<meta name=\"twitter:data1\" content=\"3 minutes\" \/>\n<script type=\"application\/ld+json\" class=\"yoast-schema-graph\">{\"@context\":\"https:\/\/schema.org\",\"@graph\":[{\"@type\":\"WebPage\",\"@id\":\"https:\/\/staging.genekas24.ee\/toode\/akuga-mini-kettsaag-ks-mcs20v-8\/\",\"url\":\"https:\/\/staging.genekas24.ee\/toode\/akuga-mini-kettsaag-ks-mcs20v-8\/\",\"name\":\"Akuga Mini Kettsaag KS MCS20V-8 - Genekas24\",\"isPartOf\":{\"@id\":\"https:\/\/staging.genekas24.ee\/#website\"},\"primaryImageOfPage\":{\"@id\":\"https:\/\/staging.genekas24.ee\/toode\/akuga-mini-kettsaag-ks-mcs20v-8\/#primaryimage\"},\"image\":{\"@id\":\"https:\/\/staging.genekas24.ee\/toode\/akuga-mini-kettsaag-ks-mcs20v-8\/#primaryimage\"},\"thumbnailUrl\":\"https:\/\/staging.genekas24.ee\/wp-content\/uploads\/2025\/12\/KS-MCS20V-8_1.webp\",\"datePublished\":\"2025-12-17T12:14:01+00:00\",\"dateModified\":\"2025-12-17T13:01:03+00:00\",\"breadcrumb\":{\"@id\":\"https:\/\/staging.genekas24.ee\/toode\/akuga-mini-kettsaag-ks-mcs20v-8\/#breadcrumb\"},\"inLanguage\":\"en-GB\",\"potentialAction\":[{\"@type\":\"ReadAction\",\"target\":[\"https:\/\/staging.genekas24.ee\/toode\/akuga-mini-kettsaag-ks-mcs20v-8\/\"]}]},{\"@type\":\"ImageObject\",\"inLanguage\":\"en-GB\",\"@id\":\"https:\/\/staging.genekas24.ee\/toode\/akuga-mini-kettsaag-ks-mcs20v-8\/#primaryimage\",\"url\":\"https:\/\/staging.genekas24.ee\/wp-content\/uploads\/2025\/12\/KS-MCS20V-8_1.webp\",\"contentUrl\":\"https:\/\/staging.genekas24.ee\/wp-content\/uploads\/2025\/12\/KS-MCS20V-8_1.webp\",\"width\":1600,\"height\":1600},{\"@type\":\"BreadcrumbList\",\"@id\":\"https:\/\/staging.genekas24.ee\/toode\/akuga-mini-kettsaag-ks-mcs20v-8\/#breadcrumb\",\"itemListElement\":[{\"@type\":\"ListItem\",\"position\":1,\"name\":\"Home\",\"item\":\"https:\/\/staging.genekas24.ee\/\"},{\"@type\":\"ListItem\",\"position\":2,\"name\":\"Pood\",\"item\":\"https:\/\/staging.genekas24.ee\/pood\/\"},{\"@type\":\"ListItem\",\"position\":3,\"name\":\"Akuga Mini Kettsaag KS MCS20V-8\"}]},{\"@type\":\"WebSite\",\"@id\":\"https:\/\/staging.genekas24.ee\/#website\",\"url\":\"https:\/\/staging.genekas24.ee\/\",\"name\":\"Genekas24\",\"description\":\"Generaatorid | K&ouml;nner S&ouml;hnen tooted | Genekas24\",\"publisher\":{\"@id\":\"https:\/\/staging.genekas24.ee\/#organization\"},\"potentialAction\":[{\"@type\":\"SearchAction\",\"target\":{\"@type\":\"EntryPoint\",\"urlTemplate\":\"https:\/\/staging.genekas24.ee\/?s={search_term_string}\"},\"query-input\":{\"@type\":\"PropertyValueSpecification\",\"valueRequired\":true,\"valueName\":\"search_term_string\"}}],\"inLanguage\":\"en-GB\"},{\"@type\":\"Organization\",\"@id\":\"https:\/\/staging.genekas24.ee\/#organization\",\"name\":\"Genekas24\",\"url\":\"https:\/\/staging.genekas24.ee\/\",\"logo\":{\"@type\":\"ImageObject\",\"inLanguage\":\"en-GB\",\"@id\":\"https:\/\/staging.genekas24.ee\/#\/schema\/logo\/image\/\",\"url\":\"https:\/\/staging.genekas24.ee\/wp-content\/uploads\/2026\/01\/genekas24-logo_black.svg\",\"contentUrl\":\"https:\/\/staging.genekas24.ee\/wp-content\/uploads\/2026\/01\/genekas24-logo_black.svg\",\"width\":840,\"height\":131,\"caption\":\"Genekas24\"},\"image\":{\"@id\":\"https:\/\/staging.genekas24.ee\/#\/schema\/logo\/image\/\"}}]}<\/script>\n<!-- \/ Yoast SEO plugin. -->","yoast_head_json":{"title":"Akuga Mini Kettsaag KS MCS20V-8 - Genekas24","robots":{"index":"index","follow":"follow","max-snippet":"max-snippet:-1","max-image-preview":"max-image-preview:large","max-video-preview":"max-video-preview:-1"},"canonical":"https:\/\/staging.genekas24.ee\/en\/product\/akuga-mini-kettsaag-ks-mcs20v-8\/","og_locale":"en_GB","og_type":"article","og_title":"Akuga Mini Kettsaag KS MCS20V-8 - Genekas24","og_description":"Nimipinge, V 20   Soovitatav aku mahtuvus 2 Ah, 4 Ah, 6 Ah, 8 Ah   Aku t\u00fc\u00fcp Laetav liitiumioonaku   Aku ja laadija ei kuulu komplekti   Mootori t\u00fc\u00fcp harjadeta   Keti kiirus, m\/s 8   L\u00f5ikamise pikkus 90 mm   Keti pingutamine ilma t\u00f6\u00f6riistata +   Keti m\u00e4\u00e4rdes\u00fcsteem +   \u00dcldm\u00f5\u00f5tmed (PxLxK), mm 465\u00d7125\u00d7170   Netokaal, kg 1.45   Kogukaal, kg 1.9   SKU KS MCS20V-8   V\u00f6\u00f6tkood 4260405365197    &nbsp;  *Aku ja laadija ei kuulu komplekti","og_url":"https:\/\/staging.genekas24.ee\/en\/product\/akuga-mini-kettsaag-ks-mcs20v-8\/","og_site_name":"Genekas24","article_modified_time":"2025-12-17T13:01:03+00:00","og_image":[{"width":1600,"height":1600,"url":"https:\/\/staging.genekas24.ee\/wp-content\/uploads\/2025\/12\/KS-MCS20V-8_1.webp","type":"image\/webp"}],"twitter_card":"summary_large_image","twitter_misc":{"Estimated reading time":"3 minutes"},"schema":{"@context":"https:\/\/schema.org","@graph":[{"@type":"WebPage","@id":"https:\/\/staging.genekas24.ee\/toode\/akuga-mini-kettsaag-ks-mcs20v-8\/","url":"https:\/\/staging.genekas24.ee\/toode\/akuga-mini-kettsaag-ks-mcs20v-8\/","name":"Akuga Mini Kettsaag KS MCS20V-8 - Genekas24","isPartOf":{"@id":"https:\/\/staging.genekas24.ee\/#website"},"primaryImageOfPage":{"@id":"https:\/\/staging.genekas24.ee\/toode\/akuga-mini-kettsaag-ks-mcs20v-8\/#primaryimage"},"image":{"@id":"https:\/\/staging.genekas24.ee\/toode\/akuga-mini-kettsaag-ks-mcs20v-8\/#primaryimage"},"thumbnailUrl":"https:\/\/staging.genekas24.ee\/wp-content\/uploads\/2025\/12\/KS-MCS20V-8_1.webp","datePublished":"2025-12-17T12:14:01+00:00","dateModified":"2025-12-17T13:01:03+00:00","breadcrumb":{"@id":"https:\/\/staging.genekas24.ee\/toode\/akuga-mini-kettsaag-ks-mcs20v-8\/#breadcrumb"},"inLanguage":"en-GB","potentialAction":[{"@type":"ReadAction","target":["https:\/\/staging.genekas24.ee\/toode\/akuga-mini-kettsaag-ks-mcs20v-8\/"]}]},{"@type":"ImageObject","inLanguage":"en-GB","@id":"https:\/\/staging.genekas24.ee\/toode\/akuga-mini-kettsaag-ks-mcs20v-8\/#primaryimage","url":"https:\/\/staging.genekas24.ee\/wp-content\/uploads\/2025\/12\/KS-MCS20V-8_1.webp","contentUrl":"https:\/\/staging.genekas24.ee\/wp-content\/uploads\/2025\/12\/KS-MCS20V-8_1.webp","width":1600,"height":1600},{"@type":"BreadcrumbList","@id":"https:\/\/staging.genekas24.ee\/toode\/akuga-mini-kettsaag-ks-mcs20v-8\/#breadcrumb","itemListElement":[{"@type":"ListItem","position":1,"name":"Home","item":"https:\/\/staging.genekas24.ee\/"},{"@type":"ListItem","position":2,"name":"Pood","item":"https:\/\/staging.genekas24.ee\/pood\/"},{"@type":"ListItem","position":3,"name":"Akuga Mini Kettsaag KS MCS20V-8"}]},{"@type":"WebSite","@id":"https:\/\/staging.genekas24.ee\/#website","url":"https:\/\/staging.genekas24.ee\/","name":"Genekas24","description":"Generaatorid | K&ouml;nner S&ouml;hnen tooted | Genekas24","publisher":{"@id":"https:\/\/staging.genekas24.ee\/#organization"},"potentialAction":[{"@type":"SearchAction","target":{"@type":"EntryPoint","urlTemplate":"https:\/\/staging.genekas24.ee\/?s={search_term_string}"},"query-input":{"@type":"PropertyValueSpecification","valueRequired":true,"valueName":"search_term_string"}}],"inLanguage":"en-GB"},{"@type":"Organization","@id":"https:\/\/staging.genekas24.ee\/#organization","name":"Genekas24","url":"https:\/\/staging.genekas24.ee\/","logo":{"@type":"ImageObject","inLanguage":"en-GB","@id":"https:\/\/staging.genekas24.ee\/#\/schema\/logo\/image\/","url":"https:\/\/staging.genekas24.ee\/wp-content\/uploads\/2026\/01\/genekas24-logo_black.svg","contentUrl":"https:\/\/staging.genekas24.ee\/wp-content\/uploads\/2026\/01\/genekas24-logo_black.svg","width":840,"height":131,"caption":"Genekas24"},"image":{"@id":"https:\/\/staging.genekas24.ee\/#\/schema\/logo\/image\/"}}]}},"_links":{"self":[{"href":"https:\/\/staging.genekas24.ee\/en\/wp-json\/wp\/v2\/product\/21332","targetHints":{"allow":["GET"]}}],"collection":[{"href":"https:\/\/staging.genekas24.ee\/en\/wp-json\/wp\/v2\/product"}],"about":[{"href":"https:\/\/staging.genekas24.ee\/en\/wp-json\/wp\/v2\/types\/product"}],"version-history":[{"count":4,"href":"https:\/\/staging.genekas24.ee\/en\/wp-json\/wp\/v2\/product\/21332\/revisions"}],"predecessor-version":[{"id":21506,"href":"https:\/\/staging.genekas24.ee\/en\/wp-json\/wp\/v2\/product\/21332\/revisions\/21506"}],"wp:featuredmedia":[{"embeddable":true,"href":"https:\/\/staging.genekas24.ee\/en\/wp-json\/wp\/v2\/media\/21334"}],"wp:attachment":[{"href":"https:\/\/staging.genekas24.ee\/en\/wp-json\/wp\/v2\/media?parent=21332"}],"wp:term":[{"taxonomy":"product_brand","embeddable":true,"href":"https:\/\/staging.genekas24.ee\/en\/wp-json\/wp\/v2\/product_brand?post=21332"},{"taxonomy":"product_cat","embeddable":true,"href":"https:\/\/staging.genekas24.ee\/en\/wp-json\/wp\/v2\/product_cat?post=21332"},{"taxonomy":"product_tag","embeddable":true,"href":"https:\/\/staging.genekas24.ee\/en\/wp-json\/wp\/v2\/product_tag?post=21332"}],"curies":[{"name":"wp","href":"https:\/\/api.w.org\/{rel}","templated":true}]}}